{"id":22917,"date":"2022-08-11T16:28:19","date_gmt":"2022-08-11T14:28:19","guid":{"rendered":"https:\/\/relaxsrl.com\/produkte\/badezimmerambiente\/style-wellnessbereich\/"},"modified":"2024-11-18T17:32:18","modified_gmt":"2024-11-18T16:32:18","slug":"style-wellnessbereich","status":"publish","type":"page","link":"https:\/\/relaxsrl.com\/de\/produkte\/badezimmerambiente\/style-wellnessbereich\/","title":{"rendered":"Style Wellnessbereich"},"content":{"rendered":"<p>[vc_row full_width=&#8220;stretch_row&#8220; content_placement=&#8220;middle&#8220; el_class=&#8220;intro-row&#8220;][vc_column width=&#8220;5\/12&#8243;][vc_column_text]<\/p>\n<h1>Style Wellnessbereich<\/h1>\n<p>[\/vc_column_text][\/vc_column][vc_column width=&#8220;7\/12&#8243;][vc_column_text el_class=&#8220;abstract&#8220;]Das Konzept des Badezimmers hat sich in den letzten Jahren weiterentwickelt. Wenn auch Sie sich einen Ort w\u00fcnschen, an dem Sie Ihren K\u00f6rper wie in einem Spa pflegen k\u00f6nnen, finden Sie mit Relax verschiedene M\u00f6glichkeiten, die auch in echten Wellness-Centern oft getroffen werden.[\/vc_column_text][\/vc_column][\/vc_row][vc_row el_class=&#8220;row-path&#8220;][vc_column][vc_column_text][\/vc_column_text][\/vc_column][\/vc_row][vc_row equal_height=&#8220;yes&#8220; content_placement=&#8220;middle&#8220; el_class=&#8220;row-prodotto-ambiente&#8220;][vc_column width=&#8220;5\/12&#8243;][vc_single_image image=&#8220;10673&#8243; img_size=&#8220;full&#8220; onclick=&#8220;custom_link&#8220; link=&#8220;https:\/\/relaxsrl.com\/de\/produkt\/steam-pb-steam-f\/&#8220;][vc_column_text el_class=&#8220;prodotto-ambiente-didascalia&#8220;]<a href=\"https:\/\/relaxsrl.com\/de\/produkt\/steam-pb-steam-f\/\">Gehe zu STEAM PB+F<\/a>[\/vc_column_text][\/vc_column][vc_column width=&#8220;1\/12&#8243;][\/vc_column][vc_column width=&#8220;5\/12&#8243;][vc_column_text el_class=&#8220;prodotto-ambiente-text prodotto-ambiente-text-ml30&#8243;]<\/p>\n<h2>Zuhause wie im Spa mit dem Dampfbad.<\/h2>\n<p>Ein exklusives Ambiente mit viel Komfort, wie zum Beispiel ein SPA oder Wellnesszentrum, eingebettet in die Wohnung&#8230; ist das wirklich m\u00f6glich? Einige unserer L\u00f6sungen sind daf\u00fcr gedacht, diesen Trend in privaten und \u00f6ffentlichen R\u00e4umen, zum Beispiel mit dem Dampfbad Relax, zu erf\u00fcllen.[\/vc_column_text][\/vc_column][\/vc_row][vc_row equal_height=&#8220;yes&#8220; content_placement=&#8220;middle&#8220; el_class=&#8220;row-prodotto-ambiente&#8220;][vc_column width=&#8220;4\/12&#8243;][vc_column_text el_class=&#8220;prodotto-ambiente-text&#8220;]<\/p>\n<h2>Ein Wohlf\u00fchlbad zum Erleben mit wem du willst.<\/h2>\n<p>Die Badeumgebung, die seit jeher f\u00fcr praktische und funktionale Funktionen, niemals f\u00fcr Gemeinsamkeiten oder Geselligkeit, bestimmt ist, hat sich ver\u00e4ndert. Das Konzept der Bequemlichkeit erstreckt sich auf die Wohlstandsdimension und erfordert eine angemessene Aufwertung der R\u00e4ume. Entspannung gibt es mit gezielten, auch ma\u00dfgefertigten L\u00f6sungen.[\/vc_column_text][\/vc_column][vc_column width=&#8220;1\/12&#8243;][\/vc_column][vc_column width=&#8220;7\/12&#8243;][vc_single_image image=&#8220;4654&#8243; img_size=&#8220;full&#8220; onclick=&#8220;custom_link&#8220; link=&#8220;https:\/\/relaxsrl.com\/de\/produkt\/steam-pb\/&#8220;][vc_column_text el_class=&#8220;prodotto-ambiente-didascalia&#8220;]<a href=\"https:\/\/relaxsrl.com\/de\/produkt\/steam-pb\/\">Gehe zu STEAM PB<\/a>[\/vc_column_text][\/vc_column][\/vc_row][vc_row equal_height=&#8220;yes&#8220; content_placement=&#8220;middle&#8220; el_class=&#8220;row-prodotto-ambiente&#8220;][vc_column width=&#8220;5\/12&#8243;][vc_single_image image=&#8220;3472&#8243; img_size=&#8220;full&#8220; onclick=&#8220;custom_link&#8220; link=&#8220;https:\/\/relaxsrl.com\/de\/produkt\/steam-pl\/&#8220;][vc_column_text el_class=&#8220;prodotto-ambiente-didascalia&#8220;]<a href=\"https:\/\/relaxsrl.com\/de\/produkt\/steam-pl\/\">Gehe zu STEAM PL<\/a>[\/vc_column_text][\/vc_column][vc_column width=&#8220;1\/12&#8243;][\/vc_column][vc_column width=&#8220;5\/12&#8243;][vc_column_text el_class=&#8220;prodotto-ambiente-text prodotto-ambiente-text-ml30&#8243;]<\/p>\n<h2>Die L\u00f6sung, die eine Dusche in ein Dampfbad verwandelt.<\/h2>\n<p>Die kleine Revolution im Badezimmer kann auch in Ihr Zuhause technische L\u00f6sungen und neue Orte bringen, die Sie mit Familie und Freunden teilen k\u00f6nnen. Der Steam PL von Relax verwandelt die Dusche dank der T\u00fcr mit Dampfsystem und dem Dampfreiniger auf Wunsch in ein Dampfbad.[\/vc_column_text][\/vc_column][\/vc_row][vc_row equal_height=&#8220;yes&#8220; content_placement=&#8220;middle&#8220; el_class=&#8220;row-prodotto-ambiente&#8220;][vc_column width=&#8220;4\/12&#8243;][vc_column_text el_class=&#8220;prodotto-ambiente-text prodotto-ambiente-text-ml30&#8243;]<\/p>\n<h2>Das Walk-in Wellness-H\u00e4uschen.<\/h2>\n<p>Wenn wir \u00fcber Wellnesszentren sprechen, ist es undenkbar, keinen Platz in der Duschkabine zu haben, der einzigartig und unvergleichlich ist und uns Erleichterung und Muskelverspannung verschafft, und uns aufzumuntern und uns zu st\u00e4rken. Die perfekte L\u00f6sung f\u00fcr Ihr Zuhause wie auch das Wellness-Center ist das komfortable und praktische Walk-in Bobox A, ohne T\u00fcren und Ecken, auch geeignet um Wasserspritzer aufzuhalten.[\/vc_column_text][\/vc_column][vc_column width=&#8220;1\/12&#8243;][\/vc_column][vc_column width=&#8220;7\/12&#8243;][vc_single_image image=&#8220;4550&#8243; img_size=&#8220;full&#8220; onclick=&#8220;custom_link&#8220; link=&#8220;https:\/\/relaxsrl.com\/de\/produkt\/bobox-a\/&#8220;][vc_column_text el_class=&#8220;prodotto-ambiente-didascalia&#8220;]<a href=\"https:\/\/relaxsrl.com\/de\/produkt\/bobox-a\/\">Gehe zu BOBOX A<\/a>[\/vc_column_text][\/vc_column][\/vc_row]<\/p>\n","protected":false},"excerpt":{"rendered":"<p>[vc_row full_width=&#8220;stretch_row&#8220; content_placement=&#8220;middle&#8220; el_class=&#8220;intro-row&#8220;][vc_column width=&#8220;5\/12&#8243;][vc_column_text] Style Wellnessbereich [\/vc_column_text][\/vc_column][vc_column width=&#8220;7\/12&#8243;][vc_column_text el_class=&#8220;abstract&#8220;]Das Konzept des Badezimmers hat sich in den letzten Jahren weiterentwickelt. Wenn auch Sie sich einen Ort w\u00fcnschen, an dem Sie Ihren K\u00f6rper wie in einem Spa pflegen k\u00f6nnen, finden Sie mit Relax verschiedene M\u00f6glichkeiten, die auch in echten Wellness-Centern oft getroffen werden.[\/vc_column_text][\/vc_column][\/vc_row][vc_row el_class=&#8220;row-path&#8220;][vc_column][vc_column_text][\/vc_column_text][\/vc_column][\/vc_row][vc_row equal_height=&#8220;yes&#8220; content_placement=&#8220;middle&#8220; [&hellip;]<\/p>\n","protected":false},"author":3,"featured_media":2159,"parent":22913,"menu_order":0,"comment_status":"closed","ping_status":"closed","template":"","meta":[],"acf":[],"yoast_head":"<!-- This site is optimized with the Yoast SEO Premium plugin v18.4 (Yoast SEO v18.8) - https:\/\/yoast.com\/wordpress\/plugins\/seo\/ -->\n<title>Style Wellnessbereich - Relax srl<\/title>\n<meta name=\"description\" content=\"Das Konzept des Badezimmers hat sich in den letzten Jahren weiterentwickelt.\" \/>\n<meta name=\"robots\" content=\"index, follow, max-snippet:-1, max-image-preview:large, max-video-preview:-1\" \/>\n<link rel=\"canonical\" href=\"https:\/\/relaxsrl.com\/de\/produkte\/badezimmerambiente\/style-wellnessbereich\/\" \/>\n<meta property=\"og:locale\" content=\"de_DE\" \/>\n<meta property=\"og:type\" content=\"article\" \/>\n<meta property=\"og:title\" content=\"Style Wellnessbereich - Relax srl\" \/>\n<meta property=\"og:description\" content=\"Das Konzept des Badezimmers hat sich in den letzten Jahren weiterentwickelt.\" \/>\n<meta property=\"og:url\" content=\"https:\/\/relaxsrl.com\/de\/produkte\/badezimmerambiente\/style-wellnessbereich\/\" \/>\n<meta property=\"og:site_name\" content=\"Relax srl\" \/>\n<meta property=\"article:modified_time\" content=\"2024-11-18T16:32:18+00:00\" \/>\n<meta property=\"og:image\" content=\"https:\/\/relaxsrl.com\/website\/wp-content\/uploads\/2021\/09\/STEAM_PB_F_ANGOLO.jpg\" \/>\n\t<meta property=\"og:image:width\" content=\"800\" \/>\n\t<meta property=\"og:image:height\" content=\"1110\" \/>\n\t<meta property=\"og:image:type\" content=\"image\/jpeg\" \/>\n<meta name=\"twitter:card\" content=\"summary_large_image\" \/>\n<meta name=\"twitter:label1\" content=\"Gesch\u00e4tzte Lesezeit\" \/>\n\t<meta name=\"twitter:data1\" content=\"3 Minuten\" \/>\n<script type=\"application\/ld+json\" class=\"yoast-schema-graph\">{\"@context\":\"https:\/\/schema.org\",\"@graph\":[{\"@type\":\"WebSite\",\"@id\":\"https:\/\/relaxsrl.com\/#website\",\"url\":\"https:\/\/relaxsrl.com\/\",\"name\":\"Relax srl\",\"description\":\"\",\"potentialAction\":[{\"@type\":\"SearchAction\",\"target\":{\"@type\":\"EntryPoint\",\"urlTemplate\":\"https:\/\/relaxsrl.com\/?s={search_term_string}\"},\"query-input\":\"required name=search_term_string\"}],\"inLanguage\":\"de-DE\"},{\"@type\":\"ImageObject\",\"inLanguage\":\"de-DE\",\"@id\":\"https:\/\/relaxsrl.com\/de\/produkte\/badezimmerambiente\/style-wellnessbereich\/#primaryimage\",\"url\":\"https:\/\/relaxsrl.com\/website\/wp-content\/uploads\/2021\/09\/STEAM_PB_F_ANGOLO.jpg\",\"contentUrl\":\"https:\/\/relaxsrl.com\/website\/wp-content\/uploads\/2021\/09\/STEAM_PB_F_ANGOLO.jpg\",\"width\":800,\"height\":1110,\"caption\":\"Duschabtrennung f\u00fcr Dampfbad mit wasserdichten Profilen. Steam-Sammlung\"},{\"@type\":\"WebPage\",\"@id\":\"https:\/\/relaxsrl.com\/de\/produkte\/badezimmerambiente\/style-wellnessbereich\/#webpage\",\"url\":\"https:\/\/relaxsrl.com\/de\/produkte\/badezimmerambiente\/style-wellnessbereich\/\",\"name\":\"Style Wellnessbereich - Relax srl\",\"isPartOf\":{\"@id\":\"https:\/\/relaxsrl.com\/#website\"},\"primaryImageOfPage\":{\"@id\":\"https:\/\/relaxsrl.com\/de\/produkte\/badezimmerambiente\/style-wellnessbereich\/#primaryimage\"},\"datePublished\":\"2022-08-11T14:28:19+00:00\",\"dateModified\":\"2024-11-18T16:32:18+00:00\",\"description\":\"Das Konzept des Badezimmers hat sich in den letzten Jahren weiterentwickelt.\",\"breadcrumb\":{\"@id\":\"https:\/\/relaxsrl.com\/de\/produkte\/badezimmerambiente\/style-wellnessbereich\/#breadcrumb\"},\"inLanguage\":\"de-DE\",\"potentialAction\":[{\"@type\":\"ReadAction\",\"target\":[\"https:\/\/relaxsrl.com\/de\/produkte\/badezimmerambiente\/style-wellnessbereich\/\"]}]},{\"@type\":\"BreadcrumbList\",\"@id\":\"https:\/\/relaxsrl.com\/de\/produkte\/badezimmerambiente\/style-wellnessbereich\/#breadcrumb\",\"itemListElement\":[{\"@type\":\"ListItem\",\"position\":1,\"name\":\"Produkte\",\"item\":\"https:\/\/relaxsrl.com\/de\/produkte\/\"},{\"@type\":\"ListItem\",\"position\":2,\"name\":\"Badezimmerambiente\",\"item\":\"https:\/\/relaxsrl.com\/de\/produkte\/badezimmerambiente\/\"},{\"@type\":\"ListItem\",\"position\":3,\"name\":\"Style Wellnessbereich\"}]}]}<\/script>\n<!-- \/ Yoast SEO Premium plugin. -->","yoast_head_json":{"title":"Style Wellnessbereich - Relax srl","description":"Das Konzept des Badezimmers hat sich in den letzten Jahren weiterentwickelt.","robots":{"index":"index","follow":"follow","max-snippet":"max-snippet:-1","max-image-preview":"max-image-preview:large","max-video-preview":"max-video-preview:-1"},"canonical":"https:\/\/relaxsrl.com\/de\/produkte\/badezimmerambiente\/style-wellnessbereich\/","og_locale":"de_DE","og_type":"article","og_title":"Style Wellnessbereich - Relax srl","og_description":"Das Konzept des Badezimmers hat sich in den letzten Jahren weiterentwickelt.","og_url":"https:\/\/relaxsrl.com\/de\/produkte\/badezimmerambiente\/style-wellnessbereich\/","og_site_name":"Relax srl","article_modified_time":"2024-11-18T16:32:18+00:00","og_image":[{"width":800,"height":1110,"url":"https:\/\/relaxsrl.com\/website\/wp-content\/uploads\/2021\/09\/STEAM_PB_F_ANGOLO.jpg","type":"image\/jpeg"}],"twitter_card":"summary_large_image","twitter_misc":{"Gesch\u00e4tzte Lesezeit":"3 Minuten"},"schema":{"@context":"https:\/\/schema.org","@graph":[{"@type":"WebSite","@id":"https:\/\/relaxsrl.com\/#website","url":"https:\/\/relaxsrl.com\/","name":"Relax srl","description":"","potentialAction":[{"@type":"SearchAction","target":{"@type":"EntryPoint","urlTemplate":"https:\/\/relaxsrl.com\/?s={search_term_string}"},"query-input":"required name=search_term_string"}],"inLanguage":"de-DE"},{"@type":"ImageObject","inLanguage":"de-DE","@id":"https:\/\/relaxsrl.com\/de\/produkte\/badezimmerambiente\/style-wellnessbereich\/#primaryimage","url":"https:\/\/relaxsrl.com\/website\/wp-content\/uploads\/2021\/09\/STEAM_PB_F_ANGOLO.jpg","contentUrl":"https:\/\/relaxsrl.com\/website\/wp-content\/uploads\/2021\/09\/STEAM_PB_F_ANGOLO.jpg","width":800,"height":1110,"caption":"Duschabtrennung f\u00fcr Dampfbad mit wasserdichten Profilen. Steam-Sammlung"},{"@type":"WebPage","@id":"https:\/\/relaxsrl.com\/de\/produkte\/badezimmerambiente\/style-wellnessbereich\/#webpage","url":"https:\/\/relaxsrl.com\/de\/produkte\/badezimmerambiente\/style-wellnessbereich\/","name":"Style Wellnessbereich - Relax srl","isPartOf":{"@id":"https:\/\/relaxsrl.com\/#website"},"primaryImageOfPage":{"@id":"https:\/\/relaxsrl.com\/de\/produkte\/badezimmerambiente\/style-wellnessbereich\/#primaryimage"},"datePublished":"2022-08-11T14:28:19+00:00","dateModified":"2024-11-18T16:32:18+00:00","description":"Das Konzept des Badezimmers hat sich in den letzten Jahren weiterentwickelt.","breadcrumb":{"@id":"https:\/\/relaxsrl.com\/de\/produkte\/badezimmerambiente\/style-wellnessbereich\/#breadcrumb"},"inLanguage":"de-DE","potentialAction":[{"@type":"ReadAction","target":["https:\/\/relaxsrl.com\/de\/produkte\/badezimmerambiente\/style-wellnessbereich\/"]}]},{"@type":"BreadcrumbList","@id":"https:\/\/relaxsrl.com\/de\/produkte\/badezimmerambiente\/style-wellnessbereich\/#breadcrumb","itemListElement":[{"@type":"ListItem","position":1,"name":"Produkte","item":"https:\/\/relaxsrl.com\/de\/produkte\/"},{"@type":"ListItem","position":2,"name":"Badezimmerambiente","item":"https:\/\/relaxsrl.com\/de\/produkte\/badezimmerambiente\/"},{"@type":"ListItem","position":3,"name":"Style Wellnessbereich"}]}]}},"_links":{"self":[{"href":"https:\/\/relaxsrl.com\/de\/wp-json\/wp\/v2\/pages\/22917"}],"collection":[{"href":"https:\/\/relaxsrl.com\/de\/wp-json\/wp\/v2\/pages"}],"about":[{"href":"https:\/\/relaxsrl.com\/de\/wp-json\/wp\/v2\/types\/page"}],"author":[{"embeddable":true,"href":"https:\/\/relaxsrl.com\/de\/wp-json\/wp\/v2\/users\/3"}],"replies":[{"embeddable":true,"href":"https:\/\/relaxsrl.com\/de\/wp-json\/wp\/v2\/comments?post=22917"}],"version-history":[{"count":6,"href":"https:\/\/relaxsrl.com\/de\/wp-json\/wp\/v2\/pages\/22917\/revisions"}],"predecessor-version":[{"id":31444,"href":"https:\/\/relaxsrl.com\/de\/wp-json\/wp\/v2\/pages\/22917\/revisions\/31444"}],"up":[{"embeddable":true,"href":"https:\/\/relaxsrl.com\/de\/wp-json\/wp\/v2\/pages\/22913"}],"wp:featuredmedia":[{"embeddable":true,"href":"https:\/\/relaxsrl.com\/de\/wp-json\/wp\/v2\/media\/2159"}],"wp:attachment":[{"href":"https:\/\/relaxsrl.com\/de\/wp-json\/wp\/v2\/media?parent=22917"}],"curies":[{"name":"wp","href":"https:\/\/api.w.org\/{rel}","templated":true}]}}