{"id":22921,"date":"2022-08-11T16:31:07","date_gmt":"2022-08-11T14:31:07","guid":{"rendered":"https:\/\/relaxsrl.com\/produkte\/badezimmerambiente\/stil-haus-am-meer\/"},"modified":"2024-11-18T17:26:12","modified_gmt":"2024-11-18T16:26:12","slug":"stil-haus-am-meer","status":"publish","type":"page","link":"https:\/\/relaxsrl.com\/de\/produkte\/badezimmerambiente\/stil-haus-am-meer\/","title":{"rendered":"Stil Haus am Meer"},"content":{"rendered":"<p>[vc_row full_width=&#8220;stretch_row&#8220; content_placement=&#8220;middle&#8220; el_class=&#8220;intro-row&#8220;][vc_column width=&#8220;5\/12&#8243;][vc_column_text]<\/p>\n<h1>Stil Haus am Meer<\/h1>\n<p>[\/vc_column_text][\/vc_column][vc_column width=&#8220;7\/12&#8243;][vc_column_text el_class=&#8220;abstract&#8220;]Ein Bad im Stil &#8222;Strandhaus&#8220; bringt Vitalit\u00e4t und Ferienfeeling in die Stadt. Es soll auch in kleinen Umgebungen praktisch und bequem sein, mit platzsparenden, \u00e4sthetischen L\u00f6sungen, die sich leicht replizieren lassen. Sehen wir wie.[\/vc_column_text][\/vc_column][\/vc_row][vc_row el_class=&#8220;row-path&#8220;][vc_column][vc_column_text][\/vc_column_text][\/vc_column][\/vc_row][vc_row equal_height=&#8220;yes&#8220; content_placement=&#8220;middle&#8220; el_class=&#8220;row-prodotto-ambiente&#8220;][vc_column width=&#8220;7\/12&#8243;][vc_single_image image=&#8220;31425&#8243; img_size=&#8220;full&#8220; onclick=&#8220;custom_link&#8220; link=&#8220;https:\/\/relaxsrl.com\/de\/produkt\/cardine-b1\/&#8220;][vc_column_text el_class=&#8220;prodotto-ambiente-didascalia&#8220;]<a href=\"https:\/\/relaxsrl.com\/de\/produkt\/cardine-b1\/\">Gehe zu CARDINE B1<\/a>[\/vc_column_text][\/vc_column][vc_column width=&#8220;4\/12&#8243;][vc_column_text el_class=&#8220;prodotto-ambiente-text prodotto-ambiente-text-ml30&#8243;]<\/p>\n<h2>Stil &#8222;Strandhaus&#8220; bevorzugt einfache Einrichtungen<\/h2>\n<p>Der Charme des Hauses am Meer verzaubert mit seiner schlichten, nat\u00fcrlichen Einrichtung und seinen leichten und unbeschwerten Farben. Darin ist das Badezimmer eine Oase des Friedens und der Ruhe, wo man das ganze Meersalz loswerden kann. Um nicht zu verfehlen? Entscheiden Sie sich f\u00fcr eine Duschkabine, die Sie regeneriert und vitalisiert.[\/vc_column_text][\/vc_column][\/vc_row][vc_row equal_height=&#8220;yes&#8220; content_placement=&#8220;middle&#8220; el_class=&#8220;row-prodotto-ambiente&#8220;][vc_column width=&#8220;1\/12&#8243;][\/vc_column][vc_column width=&#8220;4\/12&#8243;][vc_column_text el_class=&#8220;prodotto-ambiente-text&#8220;]<\/p>\n<h2>Badewanne oder Duschkabine f\u00fcrs Strandhaus?<\/h2>\n<p>Wir haben keinen Zweifel daran, dass am Meer die Bequemlichkeit und Praktikabilit\u00e4t einer Duschkabine \u00fcber der Badewanne steht. Die Geschwindigkeit, mit der die Duschkabine genutzt wird, ist entscheidend f\u00fcr den Urlaub.[\/vc_column_text][\/vc_column][vc_column width=&#8220;1\/12&#8243;][\/vc_column][vc_column width=&#8220;5\/12&#8243;][vc_single_image image=&#8220;4560&#8243; img_size=&#8220;full&#8220; onclick=&#8220;custom_link&#8220; link=&#8220;https:\/\/relaxsrl.com\/de\/produkt\/kubik-ab-kubik-f\/&#8220;][vc_column_text el_class=&#8220;prodotto-ambiente-didascalia&#8220;]<a href=\"https:\/\/relaxsrl.com\/de\/produkt\/kubik-ab-kubik-f\/\">Gehe zu KUBIK AB+F<\/a>[\/vc_column_text][\/vc_column][\/vc_row][vc_row equal_height=&#8220;yes&#8220; content_placement=&#8220;middle&#8220; el_class=&#8220;row-prodotto-ambiente&#8220;][vc_column width=&#8220;7\/12&#8243;][vc_single_image image=&#8220;3451&#8243; img_size=&#8220;full&#8220; onclick=&#8220;custom_link&#8220; link=&#8220;https:\/\/relaxsrl.com\/de\/produkt\/unico-b2\/&#8220;][vc_column_text el_class=&#8220;prodotto-ambiente-didascalia&#8220;]<a href=\"https:\/\/relaxsrl.com\/de\/produkt\/unico-b2\/\">Gehe zu UNICO B2<\/a>[\/vc_column_text][\/vc_column][vc_column width=&#8220;4\/12&#8243;][vc_column_text el_class=&#8220;prodotto-ambiente-text prodotto-ambiente-text-ml30&#8243;]<\/p>\n<h2>Badefarben Blau Palette<\/h2>\n<p>Blau in all seinen Farbt\u00f6nen definiert die Farben des Hauses am Meer und damit auch des Badezimmers. Kombiniert man aber Blau mit Schwarz, sorgt das Ergebnis f\u00fcr ein entspanntes Klima und ist dank dieser Kombination in der Lage, die R\u00e4ume elegant zur Geltung zu bringen.[\/vc_column_text][\/vc_column][\/vc_row][vc_row equal_height=&#8220;yes&#8220; content_placement=&#8220;middle&#8220; el_class=&#8220;row-prodotto-ambiente&#8220;][vc_column width=&#8220;1\/12&#8243;][\/vc_column][vc_column width=&#8220;4\/12&#8243;][vc_column_text el_class=&#8220;prodotto-ambiente-text&#8220;]<\/p>\n<h2>B\u00e4der aus Licht\u2013die Feinheiten zum Merken<\/h2>\n<p>Ein breites, helles Ambiente, das der Entspannung und Bequemlichkeit gewidmet ist, wurde durch gro\u00dfz\u00fcgige Fenster verbessert, die f\u00fcr mehr Tageslicht sorgen. Nicht zu allen Zeiten kann die Sonne angenehm sein. Eine Duschkabine mit semi-transparentem Glas ist dann die L\u00f6sung.[\/vc_column_text][\/vc_column][vc_column width=&#8220;1\/12&#8243;][\/vc_column][vc_column width=&#8220;5\/12&#8243;][vc_single_image image=&#8220;31420&#8243; img_size=&#8220;full&#8220; onclick=&#8220;custom_link&#8220; link=&#8220;https:\/\/relaxsrl.com\/de\/produkt\/light-as-light-f3\/&#8220;][vc_column_text el_class=&#8220;prodotto-ambiente-didascalia&#8220;]<a href=\"https:\/\/relaxsrl.com\/de\/produkt\/light-as-light-f3\/\">Gehe zu LIGHT AS+F3<\/a>[\/vc_column_text][\/vc_column][\/vc_row][vc_row equal_height=&#8220;yes&#8220; content_placement=&#8220;middle&#8220; el_class=&#8220;row-prodotto-ambiente&#8220;][vc_column width=&#8220;7\/12&#8243;][vc_single_image image=&#8220;3455&#8243; img_size=&#8220;full&#8220; onclick=&#8220;custom_link&#8220; link=&#8220;https:\/\/relaxsrl.com\/de\/produkt\/flat-a-flat-a\/&#8220;][vc_column_text el_class=&#8220;prodotto-ambiente-didascalia&#8220;]<a href=\"https:\/\/relaxsrl.com\/de\/produkt\/flat-a-flat-a\/\">Gehe zu FLAT A+A<\/a>[\/vc_column_text][\/vc_column][vc_column width=&#8220;4\/12&#8243;][vc_column_text el_class=&#8220;prodotto-ambiente-text prodotto-ambiente-text-ml30&#8243;]<\/p>\n<h2>Kleine B\u00e4der. Das geht.<\/h2>\n<p>Ein Strandhaus bedeutet oft eine Durchreise mit geringen Abmessungen. Auch wenn Sie ein kleines Badezimmer haben, k\u00f6nnen Sie es ganz bequem zum Waschen und Regenerieren einrichten. Eine Duschkabine mit Doppelschiebet\u00fcr ist hier die ideale platzsparende L\u00f6sung, wie zum Beispiel Flat A+A.[\/vc_column_text][\/vc_column][\/vc_row]<\/p>\n","protected":false},"excerpt":{"rendered":"<p>[vc_row full_width=&#8220;stretch_row&#8220; content_placement=&#8220;middle&#8220; el_class=&#8220;intro-row&#8220;][vc_column width=&#8220;5\/12&#8243;][vc_column_text] Stil Haus am Meer [\/vc_column_text][\/vc_column][vc_column width=&#8220;7\/12&#8243;][vc_column_text el_class=&#8220;abstract&#8220;]Ein Bad im Stil &#8222;Strandhaus&#8220; bringt Vitalit\u00e4t und Ferienfeeling in die Stadt. Es soll auch in kleinen Umgebungen praktisch und bequem sein, mit platzsparenden, \u00e4sthetischen L\u00f6sungen, die sich leicht replizieren lassen. Sehen wir wie.[\/vc_column_text][\/vc_column][\/vc_row][vc_row el_class=&#8220;row-path&#8220;][vc_column][vc_column_text][\/vc_column_text][\/vc_column][\/vc_row][vc_row equal_height=&#8220;yes&#8220; content_placement=&#8220;middle&#8220; el_class=&#8220;row-prodotto-ambiente&#8220;][vc_column width=&#8220;7\/12&#8243;][vc_single_image image=&#8220;31425&#8243; img_size=&#8220;full&#8220; onclick=&#8220;custom_link&#8220; link=&#8220;https:\/\/relaxsrl.com\/de\/produkt\/cardine-b1\/&#8220;][vc_column_text el_class=&#8220;prodotto-ambiente-didascalia&#8220;]Gehe [&hellip;]<\/p>\n","protected":false},"author":3,"featured_media":9109,"parent":22913,"menu_order":0,"comment_status":"closed","ping_status":"closed","template":"","meta":[],"acf":[],"yoast_head":"<!-- This site is optimized with the Yoast SEO Premium plugin v18.4 (Yoast SEO v18.8) - https:\/\/yoast.com\/wordpress\/plugins\/seo\/ -->\n<title>Stil Haus am Meer - Relax srl<\/title>\n<meta name=\"description\" content=\"Ein Bad im Stil &quot;Strandhaus&quot; bringt Vitalit\u00e4t und Ferienfeeling in die Stadt.\" \/>\n<meta name=\"robots\" content=\"index, follow, max-snippet:-1, max-image-preview:large, max-video-preview:-1\" \/>\n<link rel=\"canonical\" href=\"https:\/\/relaxsrl.com\/de\/produkte\/badezimmerambiente\/stil-haus-am-meer\/\" \/>\n<meta property=\"og:locale\" content=\"de_DE\" \/>\n<meta property=\"og:type\" content=\"article\" \/>\n<meta property=\"og:title\" content=\"Stil Haus am Meer - Relax srl\" \/>\n<meta property=\"og:description\" content=\"Ein Bad im Stil &quot;Strandhaus&quot; bringt Vitalit\u00e4t und Ferienfeeling in die Stadt.\" \/>\n<meta property=\"og:url\" content=\"https:\/\/relaxsrl.com\/de\/produkte\/badezimmerambiente\/stil-haus-am-meer\/\" \/>\n<meta property=\"og:site_name\" content=\"Relax srl\" \/>\n<meta property=\"article:modified_time\" content=\"2024-11-18T16:26:12+00:00\" \/>\n<meta property=\"og:image\" content=\"https:\/\/relaxsrl.com\/website\/wp-content\/uploads\/2021\/10\/Senza-titolo-1-1.jpg\" \/>\n\t<meta property=\"og:image:width\" content=\"961\" \/>\n\t<meta property=\"og:image:height\" content=\"660\" \/>\n\t<meta property=\"og:image:type\" content=\"image\/jpeg\" \/>\n<meta name=\"twitter:card\" content=\"summary_large_image\" \/>\n<meta name=\"twitter:label1\" content=\"Gesch\u00e4tzte Lesezeit\" \/>\n\t<meta name=\"twitter:data1\" content=\"2 Minuten\" \/>\n<script type=\"application\/ld+json\" class=\"yoast-schema-graph\">{\"@context\":\"https:\/\/schema.org\",\"@graph\":[{\"@type\":\"WebSite\",\"@id\":\"https:\/\/relaxsrl.com\/#website\",\"url\":\"https:\/\/relaxsrl.com\/\",\"name\":\"Relax srl\",\"description\":\"\",\"potentialAction\":[{\"@type\":\"SearchAction\",\"target\":{\"@type\":\"EntryPoint\",\"urlTemplate\":\"https:\/\/relaxsrl.com\/?s={search_term_string}\"},\"query-input\":\"required name=search_term_string\"}],\"inLanguage\":\"de-DE\"},{\"@type\":\"ImageObject\",\"inLanguage\":\"de-DE\",\"@id\":\"https:\/\/relaxsrl.com\/de\/produkte\/badezimmerambiente\/stil-haus-am-meer\/#primaryimage\",\"url\":\"https:\/\/relaxsrl.com\/website\/wp-content\/uploads\/2021\/10\/Senza-titolo-1-1.jpg\",\"contentUrl\":\"https:\/\/relaxsrl.com\/website\/wp-content\/uploads\/2021\/10\/Senza-titolo-1-1.jpg\",\"width\":961,\"height\":660,\"caption\":\"Strandhaus-Badezimmer mit Eckduschkabine und Schwingt\u00fcr\"},{\"@type\":\"WebPage\",\"@id\":\"https:\/\/relaxsrl.com\/de\/produkte\/badezimmerambiente\/stil-haus-am-meer\/#webpage\",\"url\":\"https:\/\/relaxsrl.com\/de\/produkte\/badezimmerambiente\/stil-haus-am-meer\/\",\"name\":\"Stil Haus am Meer - Relax srl\",\"isPartOf\":{\"@id\":\"https:\/\/relaxsrl.com\/#website\"},\"primaryImageOfPage\":{\"@id\":\"https:\/\/relaxsrl.com\/de\/produkte\/badezimmerambiente\/stil-haus-am-meer\/#primaryimage\"},\"datePublished\":\"2022-08-11T14:31:07+00:00\",\"dateModified\":\"2024-11-18T16:26:12+00:00\",\"description\":\"Ein Bad im Stil \\\"Strandhaus\\\" bringt Vitalit\u00e4t und Ferienfeeling in die Stadt.\",\"breadcrumb\":{\"@id\":\"https:\/\/relaxsrl.com\/de\/produkte\/badezimmerambiente\/stil-haus-am-meer\/#breadcrumb\"},\"inLanguage\":\"de-DE\",\"potentialAction\":[{\"@type\":\"ReadAction\",\"target\":[\"https:\/\/relaxsrl.com\/de\/produkte\/badezimmerambiente\/stil-haus-am-meer\/\"]}]},{\"@type\":\"BreadcrumbList\",\"@id\":\"https:\/\/relaxsrl.com\/de\/produkte\/badezimmerambiente\/stil-haus-am-meer\/#breadcrumb\",\"itemListElement\":[{\"@type\":\"ListItem\",\"position\":1,\"name\":\"Produkte\",\"item\":\"https:\/\/relaxsrl.com\/de\/produkte\/\"},{\"@type\":\"ListItem\",\"position\":2,\"name\":\"Badezimmerambiente\",\"item\":\"https:\/\/relaxsrl.com\/de\/produkte\/badezimmerambiente\/\"},{\"@type\":\"ListItem\",\"position\":3,\"name\":\"Stil Haus am Meer\"}]}]}<\/script>\n<!-- \/ Yoast SEO Premium plugin. -->","yoast_head_json":{"title":"Stil Haus am Meer - Relax srl","description":"Ein Bad im Stil \"Strandhaus\" bringt Vitalit\u00e4t und Ferienfeeling in die Stadt.","robots":{"index":"index","follow":"follow","max-snippet":"max-snippet:-1","max-image-preview":"max-image-preview:large","max-video-preview":"max-video-preview:-1"},"canonical":"https:\/\/relaxsrl.com\/de\/produkte\/badezimmerambiente\/stil-haus-am-meer\/","og_locale":"de_DE","og_type":"article","og_title":"Stil Haus am Meer - Relax srl","og_description":"Ein Bad im Stil \"Strandhaus\" bringt Vitalit\u00e4t und Ferienfeeling in die Stadt.","og_url":"https:\/\/relaxsrl.com\/de\/produkte\/badezimmerambiente\/stil-haus-am-meer\/","og_site_name":"Relax srl","article_modified_time":"2024-11-18T16:26:12+00:00","og_image":[{"width":961,"height":660,"url":"https:\/\/relaxsrl.com\/website\/wp-content\/uploads\/2021\/10\/Senza-titolo-1-1.jpg","type":"image\/jpeg"}],"twitter_card":"summary_large_image","twitter_misc":{"Gesch\u00e4tzte Lesezeit":"2 Minuten"},"schema":{"@context":"https:\/\/schema.org","@graph":[{"@type":"WebSite","@id":"https:\/\/relaxsrl.com\/#website","url":"https:\/\/relaxsrl.com\/","name":"Relax srl","description":"","potentialAction":[{"@type":"SearchAction","target":{"@type":"EntryPoint","urlTemplate":"https:\/\/relaxsrl.com\/?s={search_term_string}"},"query-input":"required name=search_term_string"}],"inLanguage":"de-DE"},{"@type":"ImageObject","inLanguage":"de-DE","@id":"https:\/\/relaxsrl.com\/de\/produkte\/badezimmerambiente\/stil-haus-am-meer\/#primaryimage","url":"https:\/\/relaxsrl.com\/website\/wp-content\/uploads\/2021\/10\/Senza-titolo-1-1.jpg","contentUrl":"https:\/\/relaxsrl.com\/website\/wp-content\/uploads\/2021\/10\/Senza-titolo-1-1.jpg","width":961,"height":660,"caption":"Strandhaus-Badezimmer mit Eckduschkabine und Schwingt\u00fcr"},{"@type":"WebPage","@id":"https:\/\/relaxsrl.com\/de\/produkte\/badezimmerambiente\/stil-haus-am-meer\/#webpage","url":"https:\/\/relaxsrl.com\/de\/produkte\/badezimmerambiente\/stil-haus-am-meer\/","name":"Stil Haus am Meer - Relax srl","isPartOf":{"@id":"https:\/\/relaxsrl.com\/#website"},"primaryImageOfPage":{"@id":"https:\/\/relaxsrl.com\/de\/produkte\/badezimmerambiente\/stil-haus-am-meer\/#primaryimage"},"datePublished":"2022-08-11T14:31:07+00:00","dateModified":"2024-11-18T16:26:12+00:00","description":"Ein Bad im Stil \"Strandhaus\" bringt Vitalit\u00e4t und Ferienfeeling in die Stadt.","breadcrumb":{"@id":"https:\/\/relaxsrl.com\/de\/produkte\/badezimmerambiente\/stil-haus-am-meer\/#breadcrumb"},"inLanguage":"de-DE","potentialAction":[{"@type":"ReadAction","target":["https:\/\/relaxsrl.com\/de\/produkte\/badezimmerambiente\/stil-haus-am-meer\/"]}]},{"@type":"BreadcrumbList","@id":"https:\/\/relaxsrl.com\/de\/produkte\/badezimmerambiente\/stil-haus-am-meer\/#breadcrumb","itemListElement":[{"@type":"ListItem","position":1,"name":"Produkte","item":"https:\/\/relaxsrl.com\/de\/produkte\/"},{"@type":"ListItem","position":2,"name":"Badezimmerambiente","item":"https:\/\/relaxsrl.com\/de\/produkte\/badezimmerambiente\/"},{"@type":"ListItem","position":3,"name":"Stil Haus am Meer"}]}]}},"_links":{"self":[{"href":"https:\/\/relaxsrl.com\/de\/wp-json\/wp\/v2\/pages\/22921"}],"collection":[{"href":"https:\/\/relaxsrl.com\/de\/wp-json\/wp\/v2\/pages"}],"about":[{"href":"https:\/\/relaxsrl.com\/de\/wp-json\/wp\/v2\/types\/page"}],"author":[{"embeddable":true,"href":"https:\/\/relaxsrl.com\/de\/wp-json\/wp\/v2\/users\/3"}],"replies":[{"embeddable":true,"href":"https:\/\/relaxsrl.com\/de\/wp-json\/wp\/v2\/comments?post=22921"}],"version-history":[{"count":7,"href":"https:\/\/relaxsrl.com\/de\/wp-json\/wp\/v2\/pages\/22921\/revisions"}],"predecessor-version":[{"id":31438,"href":"https:\/\/relaxsrl.com\/de\/wp-json\/wp\/v2\/pages\/22921\/revisions\/31438"}],"up":[{"embeddable":true,"href":"https:\/\/relaxsrl.com\/de\/wp-json\/wp\/v2\/pages\/22913"}],"wp:featuredmedia":[{"embeddable":true,"href":"https:\/\/relaxsrl.com\/de\/wp-json\/wp\/v2\/media\/9109"}],"wp:attachment":[{"href":"https:\/\/relaxsrl.com\/de\/wp-json\/wp\/v2\/media?parent=22921"}],"curies":[{"name":"wp","href":"https:\/\/api.w.org\/{rel}","templated":true}]}}