{"id":22925,"date":"2022-08-11T16:33:04","date_gmt":"2022-08-11T14:33:04","guid":{"rendered":"https:\/\/relaxsrl.com\/produkte\/badezimmerambiente\/zeitgenoessischer-stil\/"},"modified":"2024-11-18T14:29:06","modified_gmt":"2024-11-18T13:29:06","slug":"zeitgenoessischer-stil","status":"publish","type":"page","link":"https:\/\/relaxsrl.com\/de\/produkte\/badezimmerambiente\/zeitgenoessischer-stil\/","title":{"rendered":"Zeitgen\u00f6ssischer Stil"},"content":{"rendered":"<p>[vc_row full_width=&#8220;stretch_row&#8220; content_placement=&#8220;middle&#8220; el_class=&#8220;intro-row&#8220;][vc_column width=&#8220;5\/12&#8243;][vc_column_text]<\/p>\n<h1>Zeitgen\u00f6ssischer Stil<\/h1>\n<p>[\/vc_column_text][\/vc_column][vc_column width=&#8220;7\/12&#8243;][vc_column_text el_class=&#8220;abstract&#8220;]Mit den Relax-Produkten k\u00f6nnen Sie Ihr Badezimmer zeitgem\u00e4\u00df interpretieren. Wir zeigen Ihnen in diesem Abschnitt nur wenige Details, begleitet von Beispielen zum Anschauen, Tr\u00e4umen, Verwirklichen.[\/vc_column_text][\/vc_column][\/vc_row][vc_row el_class=&#8220;row-path&#8220;][vc_column][vc_column_text][\/vc_column_text][\/vc_column][\/vc_row][vc_row equal_height=&#8220;yes&#8220; content_placement=&#8220;middle&#8220; el_class=&#8220;row-prodotto-ambiente&#8220;][vc_column width=&#8220;7\/12&#8243;][vc_single_image image=&#8220;3294&#8243; img_size=&#8220;full&#8220; onclick=&#8220;custom_link&#8220; link=&#8220;https:\/\/relaxsrl.com\/de\/produkt\/evox-sc1\/&#8220;][vc_column_text el_class=&#8220;prodotto-ambiente-didascalia&#8220;]<a href=\"https:\/\/relaxsrl.com\/de\/produkt\/evox-sc1\/\">Gehe zu EVOX SC1<\/a>[\/vc_column_text][\/vc_column][vc_column width=&#8220;4\/12&#8243;][vc_column_text el_class=&#8220;prodotto-ambiente-text prodotto-ambiente-text-ml30&#8243;]<\/p>\n<h2>Zeitgem\u00e4\u00df: einfache Elemente, geradlinige Formen, kontrastierende Farben.<\/h2>\n<p>Ein Raum, der gleichzeitig dynamisch und wohnlich ist, in dem verschiedene Komponenten harmonisch und elegant zu einem Ganzen verschmelzen. Der zeitgen\u00f6ssische Stil zeichnet sich durch einfache Elemente mit modernem Geschmack, kontrastierenden Farben, linearen Formen aus. Das sind die Vintage-Antipoden.[\/vc_column_text][\/vc_column][\/vc_row][vc_row equal_height=&#8220;yes&#8220; content_placement=&#8220;middle&#8220; el_class=&#8220;row-prodotto-ambiente&#8220;][vc_column width=&#8220;4\/12&#8243;][vc_column_text el_class=&#8220;prodotto-ambiente-text&#8220;]<\/p>\n<h2>Das Tageslicht des zeitgen\u00f6ssischen Stils.<\/h2>\n<p>Sehr oft k\u00f6nnen Lichtspiele zwischen den verschiedenen Materialien, aus denen die Einrichtung besteht, in einem kontinuierlichen Dialog der Gegens\u00e4tze vorkommen. Es ist das Licht, das diesen Stil antreibt: Wie er Formen, Kanten und Rundungen hervorhebt, ist fast magisch.[\/vc_column_text][\/vc_column][vc_column width=&#8220;1\/12&#8243;][\/vc_column][vc_column width=&#8220;7\/12&#8243;][vc_single_image image=&#8220;3340&#8243; img_size=&#8220;full&#8220; onclick=&#8220;custom_link&#8220; link=&#8220;https:\/\/relaxsrl.com\/de\/produkt\/bobox-a-bobox-ab\/&#8220;][vc_column_text el_class=&#8220;prodotto-ambiente-didascalia&#8220;]<a href=\"https:\/\/relaxsrl.com\/de\/produkt\/bobox-a-bobox-ab\/\">Gehe zu BOBOX A+AB<\/a>[\/vc_column_text][\/vc_column][\/vc_row][vc_row equal_height=&#8220;yes&#8220; content_placement=&#8220;middle&#8220; el_class=&#8220;row-prodotto-ambiente&#8220;][vc_column width=&#8220;5\/12&#8243;][vc_single_image image=&#8220;3344&#8243; img_size=&#8220;full&#8220; onclick=&#8220;custom_link&#8220; link=&#8220;https:\/\/relaxsrl.com\/de\/produkt\/light-ab-light-ab\/&#8220;][vc_column_text el_class=&#8220;prodotto-ambiente-didascalia&#8220;]<a href=\"https:\/\/relaxsrl.com\/de\/produkt\/light-ab-light-ab\/\">Gehe zu Light AB+AB<\/a>[\/vc_column_text][\/vc_column][vc_column width=&#8220;1\/12&#8243;][\/vc_column][vc_column width=&#8220;5\/12&#8243;][vc_column_text el_class=&#8220;prodotto-ambiente-text&#8220;]<\/p>\n<h2>Geometrie-Spiele zur Erweiterung des Badezimmers.<\/h2>\n<p>Nichts hindert uns daran, mit den Formen zu spielen, indem wir k\u00fchne Muster in ihrer Einfachheit schaffen. Der Wechsel der verschiedenen Geometrien bereichert die R\u00e4ume, da er den verschiedenen verwendeten Elementen Tiefenwirkung verleiht, in einer Komposition, die auf mehreren Ebenen angeordnet zu sein scheint, wie im Bild mit Light AB+AB.[\/vc_column_text][\/vc_column][\/vc_row][vc_row equal_height=&#8220;yes&#8220; content_placement=&#8220;middle&#8220; el_class=&#8220;row-prodotto-ambiente&#8220;][vc_column width=&#8220;4\/12&#8243;][vc_column_text el_class=&#8220;prodotto-ambiente-text&#8220;]<\/p>\n<h2>Schlichte, raffinierte \u00c4sthetik f\u00fcrs zeitgem\u00e4\u00dfe Bad.<\/h2>\n<p>Ein Bad im zeitgen\u00f6ssischen Stil zeichnet sich durch die Raumwahrnehmung aus, die sehr oft durch eine minimalistische, raffinierte und materialbewusste \u00c4sthetik hervorgehoben wird. Nat\u00fcrliche Farben verschmelzen in eine ganz neue Dimension, aus taktilen und kontrastreichen Wahrnehmungen. [\/vc_column_text][\/vc_column][vc_column width=&#8220;1\/12&#8243;][\/vc_column][vc_column width=&#8220;7\/12&#8243;][vc_single_image image=&#8220;3352&#8243; img_size=&#8220;full&#8220; onclick=&#8220;custom_link&#8220; link=&#8220;https:\/\/relaxsrl.com\/de\/produkt\/wall-a\/&#8220;][vc_column_text el_class=&#8220;prodotto-ambiente-didascalia&#8220;]<a href=\"https:\/\/relaxsrl.com\/de\/produkt\/wall-a\/\">Gehe zu WALL A+FRAME<\/a>[\/vc_column_text][\/vc_column][\/vc_row][vc_row equal_height=&#8220;yes&#8220; content_placement=&#8220;middle&#8220; el_class=&#8220;row-prodotto-ambiente&#8220;][vc_column width=&#8220;5\/12&#8243;][vc_single_image image=&#8220;31383&#8243; img_size=&#8220;full&#8220; onclick=&#8220;custom_link&#8220; link=&#8220;https:\/\/relaxsrl.com\/de\/produkt\/unico-a-unico-a\/&#8220;][vc_column_text el_class=&#8220;prodotto-ambiente-didascalia&#8220;]<a href=\"https:\/\/relaxsrl.com\/de\/produkt\/unico-a-unico-a\/\">Gehe zu UNICO A+A<\/a>[\/vc_column_text][\/vc_column][vc_column width=&#8220;1\/12&#8243;][\/vc_column][vc_column width=&#8220;5\/12&#8243;][vc_column_text el_class=&#8220;prodotto-ambiente-text&#8220;]<\/p>\n<h2>Essenz und Funktionalit\u00e4t der Badeinrichtung.<\/h2>\n<p>Der zeitgen\u00f6ssische Stil hat das Ziel, das \u00dcberfl\u00fcssige zu entfernen. Ruft die Geometrien des Zimmers mit M\u00f6beln auf, die die Linearit\u00e4t der R\u00e4ume nicht st\u00f6ren. Die Elemente werden auf das Wesentliche reduziert, so dass sie leicht zu erreichen sind.[\/vc_column_text][\/vc_column][\/vc_row]<\/p>\n","protected":false},"excerpt":{"rendered":"<p>[vc_row full_width=&#8220;stretch_row&#8220; content_placement=&#8220;middle&#8220; el_class=&#8220;intro-row&#8220;][vc_column width=&#8220;5\/12&#8243;][vc_column_text] Zeitgen\u00f6ssischer Stil [\/vc_column_text][\/vc_column][vc_column width=&#8220;7\/12&#8243;][vc_column_text el_class=&#8220;abstract&#8220;]Mit den Relax-Produkten k\u00f6nnen Sie Ihr Badezimmer zeitgem\u00e4\u00df interpretieren. Wir zeigen Ihnen in diesem Abschnitt nur wenige Details, begleitet von Beispielen zum Anschauen, Tr\u00e4umen, Verwirklichen.[\/vc_column_text][\/vc_column][\/vc_row][vc_row el_class=&#8220;row-path&#8220;][vc_column][vc_column_text][\/vc_column_text][\/vc_column][\/vc_row][vc_row equal_height=&#8220;yes&#8220; content_placement=&#8220;middle&#8220; el_class=&#8220;row-prodotto-ambiente&#8220;][vc_column width=&#8220;7\/12&#8243;][vc_single_image image=&#8220;3294&#8243; img_size=&#8220;full&#8220; onclick=&#8220;custom_link&#8220; link=&#8220;https:\/\/relaxsrl.com\/de\/produkt\/evox-sc1\/&#8220;][vc_column_text el_class=&#8220;prodotto-ambiente-didascalia&#8220;]Gehe zu EVOX SC1[\/vc_column_text][\/vc_column][vc_column width=&#8220;4\/12&#8243;][vc_column_text el_class=&#8220;prodotto-ambiente-text prodotto-ambiente-text-ml30&#8243;] Zeitgem\u00e4\u00df: einfache Elemente, geradlinige Formen, [&hellip;]<\/p>\n","protected":false},"author":3,"featured_media":3294,"parent":22913,"menu_order":0,"comment_status":"closed","ping_status":"closed","template":"","meta":[],"acf":[],"yoast_head":"<!-- This site is optimized with the Yoast SEO Premium plugin v18.4 (Yoast SEO v18.8) - https:\/\/yoast.com\/wordpress\/plugins\/seo\/ -->\n<title>Zeitgen\u00f6ssischer Stil - Relax srl<\/title>\n<meta name=\"description\" content=\"Mit den Relax-Produkten k\u00f6nnen Sie Ihr Badezimmer zeitgem\u00e4\u00df interpretieren.\" \/>\n<meta name=\"robots\" content=\"index, follow, max-snippet:-1, max-image-preview:large, max-video-preview:-1\" \/>\n<link rel=\"canonical\" href=\"https:\/\/relaxsrl.com\/de\/produkte\/badezimmerambiente\/zeitgenoessischer-stil\/\" \/>\n<meta property=\"og:locale\" content=\"de_DE\" \/>\n<meta property=\"og:type\" content=\"article\" \/>\n<meta property=\"og:title\" content=\"Zeitgen\u00f6ssischer Stil - Relax srl\" \/>\n<meta property=\"og:description\" content=\"Mit den Relax-Produkten k\u00f6nnen Sie Ihr Badezimmer zeitgem\u00e4\u00df interpretieren.\" \/>\n<meta property=\"og:url\" content=\"https:\/\/relaxsrl.com\/de\/produkte\/badezimmerambiente\/zeitgenoessischer-stil\/\" \/>\n<meta property=\"og:site_name\" content=\"Relax srl\" \/>\n<meta property=\"article:modified_time\" content=\"2024-11-18T13:29:06+00:00\" \/>\n<meta property=\"og:image\" content=\"https:\/\/relaxsrl.com\/website\/wp-content\/uploads\/2021\/10\/EVOX-SC1.jpg\" \/>\n\t<meta property=\"og:image:width\" content=\"961\" \/>\n\t<meta property=\"og:image:height\" content=\"660\" \/>\n\t<meta property=\"og:image:type\" content=\"image\/jpeg\" \/>\n<meta name=\"twitter:card\" content=\"summary_large_image\" \/>\n<meta name=\"twitter:label1\" content=\"Gesch\u00e4tzte Lesezeit\" \/>\n\t<meta name=\"twitter:data1\" content=\"3 Minuten\" \/>\n<script type=\"application\/ld+json\" class=\"yoast-schema-graph\">{\"@context\":\"https:\/\/schema.org\",\"@graph\":[{\"@type\":\"WebSite\",\"@id\":\"https:\/\/relaxsrl.com\/#website\",\"url\":\"https:\/\/relaxsrl.com\/\",\"name\":\"Relax srl\",\"description\":\"\",\"potentialAction\":[{\"@type\":\"SearchAction\",\"target\":{\"@type\":\"EntryPoint\",\"urlTemplate\":\"https:\/\/relaxsrl.com\/?s={search_term_string}\"},\"query-input\":\"required name=search_term_string\"}],\"inLanguage\":\"de-DE\"},{\"@type\":\"ImageObject\",\"inLanguage\":\"de-DE\",\"@id\":\"https:\/\/relaxsrl.com\/de\/produkte\/badezimmerambiente\/zeitgenoessischer-stil\/#primaryimage\",\"url\":\"https:\/\/relaxsrl.com\/website\/wp-content\/uploads\/2021\/10\/EVOX-SC1.jpg\",\"contentUrl\":\"https:\/\/relaxsrl.com\/website\/wp-content\/uploads\/2021\/10\/EVOX-SC1.jpg\",\"width\":961,\"height\":660,\"caption\":\"Duschabtrennung im modernen Stil mit schwarzen Profilen, in Nische\"},{\"@type\":\"WebPage\",\"@id\":\"https:\/\/relaxsrl.com\/de\/produkte\/badezimmerambiente\/zeitgenoessischer-stil\/#webpage\",\"url\":\"https:\/\/relaxsrl.com\/de\/produkte\/badezimmerambiente\/zeitgenoessischer-stil\/\",\"name\":\"Zeitgen\u00f6ssischer Stil - Relax srl\",\"isPartOf\":{\"@id\":\"https:\/\/relaxsrl.com\/#website\"},\"primaryImageOfPage\":{\"@id\":\"https:\/\/relaxsrl.com\/de\/produkte\/badezimmerambiente\/zeitgenoessischer-stil\/#primaryimage\"},\"datePublished\":\"2022-08-11T14:33:04+00:00\",\"dateModified\":\"2024-11-18T13:29:06+00:00\",\"description\":\"Mit den Relax-Produkten k\u00f6nnen Sie Ihr Badezimmer zeitgem\u00e4\u00df interpretieren.\",\"breadcrumb\":{\"@id\":\"https:\/\/relaxsrl.com\/de\/produkte\/badezimmerambiente\/zeitgenoessischer-stil\/#breadcrumb\"},\"inLanguage\":\"de-DE\",\"potentialAction\":[{\"@type\":\"ReadAction\",\"target\":[\"https:\/\/relaxsrl.com\/de\/produkte\/badezimmerambiente\/zeitgenoessischer-stil\/\"]}]},{\"@type\":\"BreadcrumbList\",\"@id\":\"https:\/\/relaxsrl.com\/de\/produkte\/badezimmerambiente\/zeitgenoessischer-stil\/#breadcrumb\",\"itemListElement\":[{\"@type\":\"ListItem\",\"position\":1,\"name\":\"Produkte\",\"item\":\"https:\/\/relaxsrl.com\/de\/produkte\/\"},{\"@type\":\"ListItem\",\"position\":2,\"name\":\"Badezimmerambiente\",\"item\":\"https:\/\/relaxsrl.com\/de\/produkte\/badezimmerambiente\/\"},{\"@type\":\"ListItem\",\"position\":3,\"name\":\"Zeitgen\u00f6ssischer Stil\"}]}]}<\/script>\n<!-- \/ Yoast SEO Premium plugin. -->","yoast_head_json":{"title":"Zeitgen\u00f6ssischer Stil - Relax srl","description":"Mit den Relax-Produkten k\u00f6nnen Sie Ihr Badezimmer zeitgem\u00e4\u00df interpretieren.","robots":{"index":"index","follow":"follow","max-snippet":"max-snippet:-1","max-image-preview":"max-image-preview:large","max-video-preview":"max-video-preview:-1"},"canonical":"https:\/\/relaxsrl.com\/de\/produkte\/badezimmerambiente\/zeitgenoessischer-stil\/","og_locale":"de_DE","og_type":"article","og_title":"Zeitgen\u00f6ssischer Stil - Relax srl","og_description":"Mit den Relax-Produkten k\u00f6nnen Sie Ihr Badezimmer zeitgem\u00e4\u00df interpretieren.","og_url":"https:\/\/relaxsrl.com\/de\/produkte\/badezimmerambiente\/zeitgenoessischer-stil\/","og_site_name":"Relax srl","article_modified_time":"2024-11-18T13:29:06+00:00","og_image":[{"width":961,"height":660,"url":"https:\/\/relaxsrl.com\/website\/wp-content\/uploads\/2021\/10\/EVOX-SC1.jpg","type":"image\/jpeg"}],"twitter_card":"summary_large_image","twitter_misc":{"Gesch\u00e4tzte Lesezeit":"3 Minuten"},"schema":{"@context":"https:\/\/schema.org","@graph":[{"@type":"WebSite","@id":"https:\/\/relaxsrl.com\/#website","url":"https:\/\/relaxsrl.com\/","name":"Relax srl","description":"","potentialAction":[{"@type":"SearchAction","target":{"@type":"EntryPoint","urlTemplate":"https:\/\/relaxsrl.com\/?s={search_term_string}"},"query-input":"required name=search_term_string"}],"inLanguage":"de-DE"},{"@type":"ImageObject","inLanguage":"de-DE","@id":"https:\/\/relaxsrl.com\/de\/produkte\/badezimmerambiente\/zeitgenoessischer-stil\/#primaryimage","url":"https:\/\/relaxsrl.com\/website\/wp-content\/uploads\/2021\/10\/EVOX-SC1.jpg","contentUrl":"https:\/\/relaxsrl.com\/website\/wp-content\/uploads\/2021\/10\/EVOX-SC1.jpg","width":961,"height":660,"caption":"Duschabtrennung im modernen Stil mit schwarzen Profilen, in Nische"},{"@type":"WebPage","@id":"https:\/\/relaxsrl.com\/de\/produkte\/badezimmerambiente\/zeitgenoessischer-stil\/#webpage","url":"https:\/\/relaxsrl.com\/de\/produkte\/badezimmerambiente\/zeitgenoessischer-stil\/","name":"Zeitgen\u00f6ssischer Stil - Relax srl","isPartOf":{"@id":"https:\/\/relaxsrl.com\/#website"},"primaryImageOfPage":{"@id":"https:\/\/relaxsrl.com\/de\/produkte\/badezimmerambiente\/zeitgenoessischer-stil\/#primaryimage"},"datePublished":"2022-08-11T14:33:04+00:00","dateModified":"2024-11-18T13:29:06+00:00","description":"Mit den Relax-Produkten k\u00f6nnen Sie Ihr Badezimmer zeitgem\u00e4\u00df interpretieren.","breadcrumb":{"@id":"https:\/\/relaxsrl.com\/de\/produkte\/badezimmerambiente\/zeitgenoessischer-stil\/#breadcrumb"},"inLanguage":"de-DE","potentialAction":[{"@type":"ReadAction","target":["https:\/\/relaxsrl.com\/de\/produkte\/badezimmerambiente\/zeitgenoessischer-stil\/"]}]},{"@type":"BreadcrumbList","@id":"https:\/\/relaxsrl.com\/de\/produkte\/badezimmerambiente\/zeitgenoessischer-stil\/#breadcrumb","itemListElement":[{"@type":"ListItem","position":1,"name":"Produkte","item":"https:\/\/relaxsrl.com\/de\/produkte\/"},{"@type":"ListItem","position":2,"name":"Badezimmerambiente","item":"https:\/\/relaxsrl.com\/de\/produkte\/badezimmerambiente\/"},{"@type":"ListItem","position":3,"name":"Zeitgen\u00f6ssischer Stil"}]}]}},"_links":{"self":[{"href":"https:\/\/relaxsrl.com\/de\/wp-json\/wp\/v2\/pages\/22925"}],"collection":[{"href":"https:\/\/relaxsrl.com\/de\/wp-json\/wp\/v2\/pages"}],"about":[{"href":"https:\/\/relaxsrl.com\/de\/wp-json\/wp\/v2\/types\/page"}],"author":[{"embeddable":true,"href":"https:\/\/relaxsrl.com\/de\/wp-json\/wp\/v2\/users\/3"}],"replies":[{"embeddable":true,"href":"https:\/\/relaxsrl.com\/de\/wp-json\/wp\/v2\/comments?post=22925"}],"version-history":[{"count":6,"href":"https:\/\/relaxsrl.com\/de\/wp-json\/wp\/v2\/pages\/22925\/revisions"}],"predecessor-version":[{"id":31388,"href":"https:\/\/relaxsrl.com\/de\/wp-json\/wp\/v2\/pages\/22925\/revisions\/31388"}],"up":[{"embeddable":true,"href":"https:\/\/relaxsrl.com\/de\/wp-json\/wp\/v2\/pages\/22913"}],"wp:featuredmedia":[{"embeddable":true,"href":"https:\/\/relaxsrl.com\/de\/wp-json\/wp\/v2\/media\/3294"}],"wp:attachment":[{"href":"https:\/\/relaxsrl.com\/de\/wp-json\/wp\/v2\/media?parent=22925"}],"curies":[{"name":"wp","href":"https:\/\/api.w.org\/{rel}","templated":true}]}}