{"id":22929,"date":"2022-08-11T16:35:05","date_gmt":"2022-08-11T14:35:05","guid":{"rendered":"https:\/\/relaxsrl.com\/produkte\/badezimmerambiente\/stil-der-mansarde\/"},"modified":"2024-11-18T17:52:24","modified_gmt":"2024-11-18T16:52:24","slug":"stil-der-mansarde","status":"publish","type":"page","link":"https:\/\/relaxsrl.com\/de\/produkte\/badezimmerambiente\/stil-der-mansarde\/","title":{"rendered":"Stil der Mansarde"},"content":{"rendered":"<p>[vc_row full_width=&#8220;stretch_row&#8220; content_placement=&#8220;middle&#8220; el_class=&#8220;intro-row&#8220;][vc_column width=&#8220;5\/12&#8243;][vc_column_text]<\/p>\n<h1>Stil der Mansarde<\/h1>\n<p>[\/vc_column_text][\/vc_column][vc_column width=&#8220;7\/12&#8243;][vc_column_text el_class=&#8220;abstract&#8220;]Das Badezimmer auf dem Dachboden ist eine weitere Gelegenheit, um Ihr Zuhause aufzuwerten, vor allem, wenn Sie \u00fcber ein Dach mit Dachbalken verf\u00fcgen. W\u00e4rmender und intimer Effekt ist garantiert. Und wenn es zu wenig Tageslicht gibt, k\u00f6nnen sehr gute L\u00f6sungen gefunden werden. Wichtig ist, dass man sich auf die verl\u00e4sst, die Pr\u00e4zision und ma\u00dfgefertigte L\u00f6sungen garantieren.[\/vc_column_text][\/vc_column][\/vc_row][vc_row el_class=&#8220;row-path&#8220;][vc_column][vc_column_text][\/vc_column_text][\/vc_column][\/vc_row][vc_row equal_height=&#8220;yes&#8220; content_placement=&#8220;middle&#8220; el_class=&#8220;row-prodotto-ambiente&#8220;][vc_column width=&#8220;7\/12&#8243;][vc_single_image image=&#8220;3335&#8243; img_size=&#8220;full&#8220; onclick=&#8220;custom_link&#8220; link=&#8220;https:\/\/relaxsrl.com\/de\/produkt\/cardine-af-f\/&#8220;][vc_column_text el_class=&#8220;prodotto-ambiente-didascalia&#8220;]<a href=\"https:\/\/relaxsrl.com\/de\/produkt\/cardine-af-f\/\">Gehe zu CARDINE AF+F<\/a>[\/vc_column_text][\/vc_column][vc_column width=&#8220;4\/12&#8243;][vc_column_text el_class=&#8220;prodotto-ambiente-text prodotto-ambiente-text-ml30&#8243;]<\/p>\n<h2>Das Badezimmer im Dachboden-Stil nutzt das Licht von oben.<\/h2>\n<p>Eine Mansarde ist ein bewohnbarer Dachboden, in dem Fenster direkt zwischen den Dachziegeln vorherrschen. Nat\u00fcrliche Beleuchtung, die direkt von der Decke herabsinkt, sorgt f\u00fcr Licht- und Schattenspiele, die die Umgebung veredeln und durch Wohnentscheidungen aufgewertet werden m\u00fcssen.[\/vc_column_text][\/vc_column][\/vc_row][vc_row equal_height=&#8220;yes&#8220; content_placement=&#8220;middle&#8220; el_class=&#8220;row-prodotto-ambiente&#8220;][vc_column width=&#8220;1\/12&#8243;][\/vc_column][vc_column width=&#8220;4\/12&#8243;][vc_column_text el_class=&#8220;prodotto-ambiente-text&#8220;]<\/p>\n<h2>Ma\u00dfgefertigte Duschkabinen auf dem Dachboden.<\/h2>\n<p>Wie hoch ist die Neigung auf dem Dachboden? Denn eine funktionale und sch\u00f6ne Umwelt braucht L\u00f6sungen, die oft auf Sie zugeschnitten sind. Mit Relax optimieren Sie Ihren Platzbedarf und schaffen so eine perfekte Synergie zwischen Praktik und Eleganz.[\/vc_column_text][\/vc_column][vc_column width=&#8220;1\/12&#8243;][\/vc_column][vc_column width=&#8220;5\/12&#8243;][vc_single_image image=&#8220;3477&#8243; img_size=&#8220;full&#8220; onclick=&#8220;custom_link&#8220; link=&#8220;https:\/\/relaxsrl.com\/de\/produkt\/light-ab-light-f1\/&#8220;][vc_column_text el_class=&#8220;prodotto-ambiente-didascalia&#8220;]<a href=\"https:\/\/relaxsrl.com\/de\/produkt\/light-ab-light-f1\/\">Gehe zu LIGHT AB+F1<\/a>[\/vc_column_text][\/vc_column][\/vc_row][vc_row equal_height=&#8220;yes&#8220; content_placement=&#8220;middle&#8220; el_class=&#8220;row-prodotto-ambiente&#8220;][vc_column width=&#8220;5\/12&#8243;][vc_single_image image=&#8220;3481&#8243; img_size=&#8220;full&#8220; onclick=&#8220;custom_link&#8220; link=&#8220;https:\/\/relaxsrl.com\/de\/produkt\/lyra-sc1-lyra-f\/&#8220;][vc_column_text el_class=&#8220;prodotto-ambiente-didascalia&#8220;]<a href=\"https:\/\/relaxsrl.com\/de\/produkt\/lyra-sc1-lyra-f\/\">Gehe zu LYRA SC1+ F<\/a>[\/vc_column_text][\/vc_column][vc_column width=&#8220;1\/12&#8243;][\/vc_column][vc_column width=&#8220;5\/12&#8243;][vc_column_text el_class=&#8220;prodotto-ambiente-text&#8220;]<\/p>\n<h2>Bad auf dem Dachboden mit Holz und Balken.<\/h2>\n<p>Dachboden R\u00e4ume haben in der Regel eine eckige Decke mit Wohnraum. Viele B\u00e4der auf dem Dachboden nutzen so Holz und Balken als charakteristische Elemente. Und so werden solche R\u00e4ume zu gem\u00fctlichen und einladenden Orten, die Wert auf Ihr Zuhause legen.[\/vc_column_text][\/vc_column][\/vc_row][vc_row equal_height=&#8220;yes&#8220; content_placement=&#8220;middle&#8220; el_class=&#8220;row-prodotto-ambiente&#8220;][vc_column width=&#8220;1\/12&#8243;][\/vc_column][vc_column width=&#8220;4\/12&#8243;][vc_column_text el_class=&#8220;prodotto-ambiente-text&#8220;]<\/p>\n<h2>Dachboden B\u00e4der mit k\u00fcnstlichem Licht.<\/h2>\n<p>Ohne nat\u00fcrliches Licht braucht es eine k\u00fcnstliche Beleuchtung, die die umliegenden Elemente und Texturen in Kombination mit den Farben der Einrichtungselemente hervorhebt. Auf dem Bild mit Cardine B2 von Relax sehen Sie, wie Sie mit einer Duschkabine eine Nische im Dachboden aufwerten, in der die Elemente perfekt aufeinander abgestimmt sind, inklusive Beleuchtung.[\/vc_column_text][\/vc_column][vc_column width=&#8220;1\/12&#8243;][\/vc_column][vc_column width=&#8220;5\/12&#8243;][vc_single_image image=&#8220;31456&#8243; img_size=&#8220;full&#8220; onclick=&#8220;custom_link&#8220; link=&#8220;https:\/\/relaxsrl.com\/de\/produkt\/puro-sc2\/&#8220;][vc_column_text el_class=&#8220;prodotto-ambiente-didascalia&#8220;]<a href=\"https:\/\/relaxsrl.com\/de\/produkt\/cardine-b2\/\">Gehe zu CARDINE B2<\/a>[\/vc_column_text][\/vc_column][\/vc_row]<\/p>\n","protected":false},"excerpt":{"rendered":"<p>[vc_row full_width=&#8220;stretch_row&#8220; content_placement=&#8220;middle&#8220; el_class=&#8220;intro-row&#8220;][vc_column width=&#8220;5\/12&#8243;][vc_column_text] Stil der Mansarde [\/vc_column_text][\/vc_column][vc_column width=&#8220;7\/12&#8243;][vc_column_text el_class=&#8220;abstract&#8220;]Das Badezimmer auf dem Dachboden ist eine weitere Gelegenheit, um Ihr Zuhause aufzuwerten, vor allem, wenn Sie \u00fcber ein Dach mit Dachbalken verf\u00fcgen. W\u00e4rmender und intimer Effekt ist garantiert. Und wenn es zu wenig Tageslicht gibt, k\u00f6nnen sehr gute L\u00f6sungen gefunden werden. Wichtig ist, dass [&hellip;]<\/p>\n","protected":false},"author":3,"featured_media":3335,"parent":22913,"menu_order":0,"comment_status":"closed","ping_status":"closed","template":"","meta":[],"acf":[],"yoast_head":"<!-- This site is optimized with the Yoast SEO Premium plugin v18.4 (Yoast SEO v18.8) - https:\/\/yoast.com\/wordpress\/plugins\/seo\/ -->\n<title>Stil der Mansarde - Relax srl<\/title>\n<meta name=\"description\" content=\"Das Badezimmer auf dem Dachboden ist eine weitere Gelegenheit, um Ihr Zuhause aufzuwerten, vor allem, wenn Sie \u00fcber ein Dach mit Dachbalken verf\u00fcgen.\" \/>\n<meta name=\"robots\" content=\"index, follow, max-snippet:-1, max-image-preview:large, max-video-preview:-1\" \/>\n<link rel=\"canonical\" href=\"https:\/\/relaxsrl.com\/de\/produkte\/badezimmerambiente\/stil-der-mansarde\/\" \/>\n<meta property=\"og:locale\" content=\"de_DE\" \/>\n<meta property=\"og:type\" content=\"article\" \/>\n<meta property=\"og:title\" content=\"Stil der Mansarde - Relax srl\" \/>\n<meta property=\"og:description\" content=\"Das Badezimmer auf dem Dachboden ist eine weitere Gelegenheit, um Ihr Zuhause aufzuwerten, vor allem, wenn Sie \u00fcber ein Dach mit Dachbalken verf\u00fcgen.\" \/>\n<meta property=\"og:url\" content=\"https:\/\/relaxsrl.com\/de\/produkte\/badezimmerambiente\/stil-der-mansarde\/\" \/>\n<meta property=\"og:site_name\" content=\"Relax srl\" \/>\n<meta property=\"article:modified_time\" content=\"2024-11-18T16:52:24+00:00\" \/>\n<meta property=\"og:image\" content=\"https:\/\/relaxsrl.com\/website\/wp-content\/uploads\/2021\/10\/COVER-AFF3.jpg\" \/>\n\t<meta property=\"og:image:width\" content=\"961\" \/>\n\t<meta property=\"og:image:height\" content=\"660\" \/>\n\t<meta property=\"og:image:type\" content=\"image\/jpeg\" \/>\n<meta name=\"twitter:card\" content=\"summary_large_image\" \/>\n<meta name=\"twitter:label1\" content=\"Gesch\u00e4tzte Lesezeit\" \/>\n\t<meta name=\"twitter:data1\" content=\"2 Minuten\" \/>\n<script type=\"application\/ld+json\" class=\"yoast-schema-graph\">{\"@context\":\"https:\/\/schema.org\",\"@graph\":[{\"@type\":\"WebSite\",\"@id\":\"https:\/\/relaxsrl.com\/#website\",\"url\":\"https:\/\/relaxsrl.com\/\",\"name\":\"Relax srl\",\"description\":\"\",\"potentialAction\":[{\"@type\":\"SearchAction\",\"target\":{\"@type\":\"EntryPoint\",\"urlTemplate\":\"https:\/\/relaxsrl.com\/?s={search_term_string}\"},\"query-input\":\"required name=search_term_string\"}],\"inLanguage\":\"de-DE\"},{\"@type\":\"ImageObject\",\"inLanguage\":\"de-DE\",\"@id\":\"https:\/\/relaxsrl.com\/de\/produkte\/badezimmerambiente\/stil-der-mansarde\/#primaryimage\",\"url\":\"https:\/\/relaxsrl.com\/website\/wp-content\/uploads\/2021\/10\/COVER-AFF3.jpg\",\"contentUrl\":\"https:\/\/relaxsrl.com\/website\/wp-content\/uploads\/2021\/10\/COVER-AFF3.jpg\",\"width\":961,\"height\":660,\"caption\":\"Duschkabine im Dachgeschoss mit anpassbaren Scharnieren und Schwingt\u00fcr\"},{\"@type\":\"WebPage\",\"@id\":\"https:\/\/relaxsrl.com\/de\/produkte\/badezimmerambiente\/stil-der-mansarde\/#webpage\",\"url\":\"https:\/\/relaxsrl.com\/de\/produkte\/badezimmerambiente\/stil-der-mansarde\/\",\"name\":\"Stil der Mansarde - Relax srl\",\"isPartOf\":{\"@id\":\"https:\/\/relaxsrl.com\/#website\"},\"primaryImageOfPage\":{\"@id\":\"https:\/\/relaxsrl.com\/de\/produkte\/badezimmerambiente\/stil-der-mansarde\/#primaryimage\"},\"datePublished\":\"2022-08-11T14:35:05+00:00\",\"dateModified\":\"2024-11-18T16:52:24+00:00\",\"description\":\"Das Badezimmer auf dem Dachboden ist eine weitere Gelegenheit, um Ihr Zuhause aufzuwerten, vor allem, wenn Sie \u00fcber ein Dach mit Dachbalken verf\u00fcgen.\",\"breadcrumb\":{\"@id\":\"https:\/\/relaxsrl.com\/de\/produkte\/badezimmerambiente\/stil-der-mansarde\/#breadcrumb\"},\"inLanguage\":\"de-DE\",\"potentialAction\":[{\"@type\":\"ReadAction\",\"target\":[\"https:\/\/relaxsrl.com\/de\/produkte\/badezimmerambiente\/stil-der-mansarde\/\"]}]},{\"@type\":\"BreadcrumbList\",\"@id\":\"https:\/\/relaxsrl.com\/de\/produkte\/badezimmerambiente\/stil-der-mansarde\/#breadcrumb\",\"itemListElement\":[{\"@type\":\"ListItem\",\"position\":1,\"name\":\"Produkte\",\"item\":\"https:\/\/relaxsrl.com\/de\/produkte\/\"},{\"@type\":\"ListItem\",\"position\":2,\"name\":\"Badezimmerambiente\",\"item\":\"https:\/\/relaxsrl.com\/de\/produkte\/badezimmerambiente\/\"},{\"@type\":\"ListItem\",\"position\":3,\"name\":\"Stil der Mansarde\"}]}]}<\/script>\n<!-- \/ Yoast SEO Premium plugin. -->","yoast_head_json":{"title":"Stil der Mansarde - Relax srl","description":"Das Badezimmer auf dem Dachboden ist eine weitere Gelegenheit, um Ihr Zuhause aufzuwerten, vor allem, wenn Sie \u00fcber ein Dach mit Dachbalken verf\u00fcgen.","robots":{"index":"index","follow":"follow","max-snippet":"max-snippet:-1","max-image-preview":"max-image-preview:large","max-video-preview":"max-video-preview:-1"},"canonical":"https:\/\/relaxsrl.com\/de\/produkte\/badezimmerambiente\/stil-der-mansarde\/","og_locale":"de_DE","og_type":"article","og_title":"Stil der Mansarde - Relax srl","og_description":"Das Badezimmer auf dem Dachboden ist eine weitere Gelegenheit, um Ihr Zuhause aufzuwerten, vor allem, wenn Sie \u00fcber ein Dach mit Dachbalken verf\u00fcgen.","og_url":"https:\/\/relaxsrl.com\/de\/produkte\/badezimmerambiente\/stil-der-mansarde\/","og_site_name":"Relax srl","article_modified_time":"2024-11-18T16:52:24+00:00","og_image":[{"width":961,"height":660,"url":"https:\/\/relaxsrl.com\/website\/wp-content\/uploads\/2021\/10\/COVER-AFF3.jpg","type":"image\/jpeg"}],"twitter_card":"summary_large_image","twitter_misc":{"Gesch\u00e4tzte Lesezeit":"2 Minuten"},"schema":{"@context":"https:\/\/schema.org","@graph":[{"@type":"WebSite","@id":"https:\/\/relaxsrl.com\/#website","url":"https:\/\/relaxsrl.com\/","name":"Relax srl","description":"","potentialAction":[{"@type":"SearchAction","target":{"@type":"EntryPoint","urlTemplate":"https:\/\/relaxsrl.com\/?s={search_term_string}"},"query-input":"required name=search_term_string"}],"inLanguage":"de-DE"},{"@type":"ImageObject","inLanguage":"de-DE","@id":"https:\/\/relaxsrl.com\/de\/produkte\/badezimmerambiente\/stil-der-mansarde\/#primaryimage","url":"https:\/\/relaxsrl.com\/website\/wp-content\/uploads\/2021\/10\/COVER-AFF3.jpg","contentUrl":"https:\/\/relaxsrl.com\/website\/wp-content\/uploads\/2021\/10\/COVER-AFF3.jpg","width":961,"height":660,"caption":"Duschkabine im Dachgeschoss mit anpassbaren Scharnieren und Schwingt\u00fcr"},{"@type":"WebPage","@id":"https:\/\/relaxsrl.com\/de\/produkte\/badezimmerambiente\/stil-der-mansarde\/#webpage","url":"https:\/\/relaxsrl.com\/de\/produkte\/badezimmerambiente\/stil-der-mansarde\/","name":"Stil der Mansarde - Relax srl","isPartOf":{"@id":"https:\/\/relaxsrl.com\/#website"},"primaryImageOfPage":{"@id":"https:\/\/relaxsrl.com\/de\/produkte\/badezimmerambiente\/stil-der-mansarde\/#primaryimage"},"datePublished":"2022-08-11T14:35:05+00:00","dateModified":"2024-11-18T16:52:24+00:00","description":"Das Badezimmer auf dem Dachboden ist eine weitere Gelegenheit, um Ihr Zuhause aufzuwerten, vor allem, wenn Sie \u00fcber ein Dach mit Dachbalken verf\u00fcgen.","breadcrumb":{"@id":"https:\/\/relaxsrl.com\/de\/produkte\/badezimmerambiente\/stil-der-mansarde\/#breadcrumb"},"inLanguage":"de-DE","potentialAction":[{"@type":"ReadAction","target":["https:\/\/relaxsrl.com\/de\/produkte\/badezimmerambiente\/stil-der-mansarde\/"]}]},{"@type":"BreadcrumbList","@id":"https:\/\/relaxsrl.com\/de\/produkte\/badezimmerambiente\/stil-der-mansarde\/#breadcrumb","itemListElement":[{"@type":"ListItem","position":1,"name":"Produkte","item":"https:\/\/relaxsrl.com\/de\/produkte\/"},{"@type":"ListItem","position":2,"name":"Badezimmerambiente","item":"https:\/\/relaxsrl.com\/de\/produkte\/badezimmerambiente\/"},{"@type":"ListItem","position":3,"name":"Stil der Mansarde"}]}]}},"_links":{"self":[{"href":"https:\/\/relaxsrl.com\/de\/wp-json\/wp\/v2\/pages\/22929"}],"collection":[{"href":"https:\/\/relaxsrl.com\/de\/wp-json\/wp\/v2\/pages"}],"about":[{"href":"https:\/\/relaxsrl.com\/de\/wp-json\/wp\/v2\/types\/page"}],"author":[{"embeddable":true,"href":"https:\/\/relaxsrl.com\/de\/wp-json\/wp\/v2\/users\/3"}],"replies":[{"embeddable":true,"href":"https:\/\/relaxsrl.com\/de\/wp-json\/wp\/v2\/comments?post=22929"}],"version-history":[{"count":6,"href":"https:\/\/relaxsrl.com\/de\/wp-json\/wp\/v2\/pages\/22929\/revisions"}],"predecessor-version":[{"id":31464,"href":"https:\/\/relaxsrl.com\/de\/wp-json\/wp\/v2\/pages\/22929\/revisions\/31464"}],"up":[{"embeddable":true,"href":"https:\/\/relaxsrl.com\/de\/wp-json\/wp\/v2\/pages\/22913"}],"wp:featuredmedia":[{"embeddable":true,"href":"https:\/\/relaxsrl.com\/de\/wp-json\/wp\/v2\/media\/3335"}],"wp:attachment":[{"href":"https:\/\/relaxsrl.com\/de\/wp-json\/wp\/v2\/media?parent=22929"}],"curies":[{"name":"wp","href":"https:\/\/api.w.org\/{rel}","templated":true}]}}