{"id":22933,"date":"2022-08-11T16:37:10","date_gmt":"2022-08-11T14:37:10","guid":{"rendered":"https:\/\/relaxsrl.com\/produkte\/badezimmerambiente\/moderner-stil\/"},"modified":"2022-11-16T11:41:44","modified_gmt":"2022-11-16T10:41:44","slug":"moderner-stil","status":"publish","type":"page","link":"https:\/\/relaxsrl.com\/de\/produkte\/badezimmerambiente\/moderner-stil\/","title":{"rendered":"Moderner Stil"},"content":{"rendered":"<p>[vc_row full_width=&#8220;stretch_row&#8220; content_placement=&#8220;middle&#8220; el_class=&#8220;intro-row&#8220;][vc_column width=&#8220;5\/12&#8243;][vc_column_text]<\/p>\n<h1>Moderner Stil<\/h1>\n<p>[\/vc_column_text][\/vc_column][vc_column width=&#8220;7\/12&#8243;][vc_column_text el_class=&#8220;abstract&#8220;]Ein modern gestaltetes Bad ist eine Gewissheit \u00fcber die Jahre \u2013 mit wenigen Ber\u00fchrungen k\u00f6nnen Sie es wieder erleben, wann immer Sie es m\u00f6chten und stets zeitgem\u00e4\u00df sein. Wir geben Ihnen hier ein paar Tipps, wie Sie ein modernes Badezimmer einrichten k\u00f6nnen.[\/vc_column_text][\/vc_column][\/vc_row][vc_row el_class=&#8220;row-path&#8220;][vc_column][vc_column_text][\/vc_column_text][\/vc_column][\/vc_row][vc_row equal_height=&#8220;yes&#8220; content_placement=&#8220;middle&#8220; el_class=&#8220;row-prodotto-ambiente&#8220;][vc_column width=&#8220;7\/12&#8243;][vc_single_image image=&#8220;3311&#8243; img_size=&#8220;full&#8220; onclick=&#8220;custom_link&#8220; link=&#8220;https:\/\/relaxsrl.com\/de\/produkt\/bobox-a\/&#8220;][vc_column_text el_class=&#8220;prodotto-ambiente-didascalia&#8220;]<a href=\"https:\/\/relaxsrl.com\/de\/produkt\/bobox-a\/\">Gehe zu BOBOX A<\/a>[\/vc_column_text][\/vc_column][vc_column width=&#8220;4\/12&#8243;][vc_column_text el_class=&#8220;prodotto-ambiente-text prodotto-ambiente-text-ml30&#8243;]<\/p>\n<h2>Moderner Stil ist im Prinzip der Agilit\u00e4t und Praktikabilit\u00e4t verwurzelt.<\/h2>\n<p>Ein modernes Bad ist lang anhaltend, weil seine zarten T\u00f6ne in jeder Situation Platz finden und die minimale Anordnung der Elemente eine intelligente Einrichtung erm\u00f6glicht. Ein Walk-in wie Bobox A kann von vielen Dusch-L\u00f6sungen am richtigen Ort modern und funktional sein.[\/vc_column_text][\/vc_column][\/vc_row][vc_row equal_height=&#8220;yes&#8220; content_placement=&#8220;middle&#8220; el_class=&#8220;row-prodotto-ambiente&#8220;][vc_column width=&#8220;4\/12&#8243;][vc_column_text el_class=&#8220;prodotto-ambiente-text&#8220;]<\/p>\n<h2>Platzverh\u00e4ltnisse und platzsparende L\u00f6sungen.<\/h2>\n<p>Ist die Praxistauglichkeit einer der wichtigsten Punkte eines modernen Bades, wird das Vermeiden von wertvollen Zentimetern zur Priorit\u00e4t. Platzsparende L\u00f6sungen wie Badm\u00f6bel mit mehreren Regalen und Duschkabinen mit Schiebet\u00fcr sind bei Raumgr\u00f6\u00dfe vorzuziehen.[\/vc_column_text][\/vc_column][vc_column width=&#8220;1\/12&#8243;][\/vc_column][vc_column width=&#8220;7\/12&#8243;][vc_single_image image=&#8220;3433&#8243; img_size=&#8220;full&#8220; onclick=&#8220;custom_link&#8220; link=&#8220;https:\/\/relaxsrl.com\/de\/produkt\/evox-sf-evox-f\/&#8220;][vc_column_text el_class=&#8220;prodotto-ambiente-didascalia&#8220;]<a href=\"https:\/\/relaxsrl.com\/de\/produkt\/evox-sf-evox-f\/\">Gehe zu EVOX SF+F<\/a>[\/vc_column_text][\/vc_column][\/vc_row][vc_row equal_height=&#8220;yes&#8220; content_placement=&#8220;middle&#8220; el_class=&#8220;row-prodotto-ambiente&#8220;][vc_column width=&#8220;5\/12&#8243;][vc_single_image image=&#8220;3437&#8243; img_size=&#8220;full&#8220; onclick=&#8220;custom_link&#8220; link=&#8220;https:\/\/relaxsrl.com\/de\/produkt\/axia-sf-axia-f\/&#8220;][vc_column_text el_class=&#8220;prodotto-ambiente-didascalia&#8220;]<a href=\"https:\/\/relaxsrl.com\/de\/produkt\/axia-sf-axia-f\/\">Gehe zu AXIA SF+F<\/a>[\/vc_column_text][\/vc_column][vc_column width=&#8220;1\/12&#8243;][\/vc_column][vc_column width=&#8220;5\/12&#8243;][vc_column_text el_class=&#8220;prodotto-ambiente-text&#8220;]<\/p>\n<h2>Minimalistische Akzente und Graut\u00f6ne f\u00fcrs moderne Bad.<\/h2>\n<p>Eine moderne Umgebung ist auch eine minimalistische Umgebung, die Bed\u00fcrfnisse und Notwendigkeit neu interpretieren kann, w\u00e4hrend mit Stil die Platzverh\u00e4ltnisse auf ein Minimum reduziert werden. Unter den angesagtesten Farbpaletten wirkt die Grauleiter mit gl\u00e4nzenden und verchromten Details zeitlos.[\/vc_column_text][\/vc_column][\/vc_row][vc_row equal_height=&#8220;yes&#8220; content_placement=&#8220;middle&#8220; el_class=&#8220;row-prodotto-ambiente&#8220;][vc_column width=&#8220;1\/12&#8243;][\/vc_column][vc_column width=&#8220;4\/12&#8243;][vc_column_text el_class=&#8220;prodotto-ambiente-text&#8220;]<\/p>\n<h2>Die Farbe? Reserviert f\u00fcr Details zum modernen Stil.<\/h2>\n<p>M\u00f6gen Sie farbenfrohe Situationen? Wenn Sie einen modernen, immergr\u00fcnen Stil beibehalten m\u00f6chten, werten Sie eine Nische mit einer warmen Tapete auf. Die entstandene Duschumgebung kann zum Meisterwerk werden.[\/vc_column_text][\/vc_column][vc_column width=&#8220;1\/12&#8243;][\/vc_column][vc_column width=&#8220;5\/12&#8243;][vc_single_image image=&#8220;3441&#8243; img_size=&#8220;full&#8220; onclick=&#8220;custom_link&#8220; link=&#8220;https:\/\/relaxsrl.com\/de\/produkt\/wall-pl\/&#8220;][vc_column_text el_class=&#8220;prodotto-ambiente-didascalia&#8220;]<a href=\"https:\/\/relaxsrl.com\/de\/produkt\/wall-pl\/\">Gehe zu WALL PL<\/a>[\/vc_column_text][\/vc_column][\/vc_row][vc_row equal_height=&#8220;yes&#8220; content_placement=&#8220;middle&#8220; el_class=&#8220;row-prodotto-ambiente&#8220;][vc_column width=&#8220;5\/12&#8243;][vc_single_image image=&#8220;3445&#8243; img_size=&#8220;full&#8220; onclick=&#8220;custom_link&#8220; link=&#8220;https:\/\/relaxsrl.com\/de\/produkt\/luxor-140s\/&#8220;][vc_column_text el_class=&#8220;prodotto-ambiente-didascalia&#8220;]<a href=\"https:\/\/relaxsrl.com\/de\/produkt\/luxor-140s\/\">Gehe zu LUXOR 140S<\/a>[\/vc_column_text][\/vc_column][vc_column width=&#8220;1\/12&#8243;][\/vc_column][vc_column width=&#8220;5\/12&#8243;][vc_column_text el_class=&#8220;prodotto-ambiente-text&#8220;]<\/p>\n<h2>Harmonie von runden und geradlinigen Formen.<\/h2>\n<p>Es gibt keinen modernen Stil, den man respektiert, ohne die Verbindung von Linien und Formen. Sie bilden stets unterschiedliche Zusammensetzungen, in denen Sph\u00e4re und Linearit\u00e4t zu absoluter Harmonie verschmelzen.[\/vc_column_text][\/vc_column][\/vc_row]<\/p>\n","protected":false},"excerpt":{"rendered":"<p>[vc_row full_width=&#8220;stretch_row&#8220; content_placement=&#8220;middle&#8220; el_class=&#8220;intro-row&#8220;][vc_column width=&#8220;5\/12&#8243;][vc_column_text] Moderner Stil [\/vc_column_text][\/vc_column][vc_column width=&#8220;7\/12&#8243;][vc_column_text el_class=&#8220;abstract&#8220;]Ein modern gestaltetes Bad ist eine Gewissheit \u00fcber die Jahre \u2013 mit wenigen Ber\u00fchrungen k\u00f6nnen Sie es wieder erleben, wann immer Sie es m\u00f6chten und stets zeitgem\u00e4\u00df sein. Wir geben Ihnen hier ein paar Tipps, wie Sie ein modernes Badezimmer einrichten k\u00f6nnen.[\/vc_column_text][\/vc_column][\/vc_row][vc_row el_class=&#8220;row-path&#8220;][vc_column][vc_column_text][\/vc_column_text][\/vc_column][\/vc_row][vc_row equal_height=&#8220;yes&#8220; content_placement=&#8220;middle&#8220; el_class=&#8220;row-prodotto-ambiente&#8220;][vc_column [&hellip;]<\/p>\n","protected":false},"author":3,"featured_media":3311,"parent":22913,"menu_order":0,"comment_status":"closed","ping_status":"closed","template":"","meta":[],"acf":[],"yoast_head":"<!-- This site is optimized with the Yoast SEO Premium plugin v18.4 (Yoast SEO v18.8) - https:\/\/yoast.com\/wordpress\/plugins\/seo\/ -->\n<title>Moderner Stil - Relax srl<\/title>\n<meta name=\"description\" content=\"Ein modern gestaltetes Bad ist eine Gewissheit \u00fcber die Jahre \u2013 mit wenigen Ber\u00fchrungen k\u00f6nnen Sie es wieder erleben, wann immer Sie es m\u00f6chten und stets zeitgem\u00e4\u00df sein.\" \/>\n<meta name=\"robots\" content=\"index, follow, max-snippet:-1, max-image-preview:large, max-video-preview:-1\" \/>\n<link rel=\"canonical\" href=\"https:\/\/relaxsrl.com\/de\/produkte\/badezimmerambiente\/moderner-stil\/\" \/>\n<meta property=\"og:locale\" content=\"de_DE\" \/>\n<meta property=\"og:type\" content=\"article\" \/>\n<meta property=\"og:title\" content=\"Moderner Stil - Relax srl\" \/>\n<meta property=\"og:description\" content=\"Ein modern gestaltetes Bad ist eine Gewissheit \u00fcber die Jahre \u2013 mit wenigen Ber\u00fchrungen k\u00f6nnen Sie es wieder erleben, wann immer Sie es m\u00f6chten und stets zeitgem\u00e4\u00df sein.\" \/>\n<meta property=\"og:url\" content=\"https:\/\/relaxsrl.com\/de\/produkte\/badezimmerambiente\/moderner-stil\/\" \/>\n<meta property=\"og:site_name\" content=\"Relax srl\" \/>\n<meta property=\"article:modified_time\" content=\"2022-11-16T10:41:44+00:00\" \/>\n<meta name=\"twitter:card\" content=\"summary_large_image\" \/>\n<meta name=\"twitter:label1\" content=\"Gesch\u00e4tzte Lesezeit\" \/>\n\t<meta name=\"twitter:data1\" content=\"3 Minuten\" \/>\n<script type=\"application\/ld+json\" class=\"yoast-schema-graph\">{\"@context\":\"https:\/\/schema.org\",\"@graph\":[{\"@type\":\"WebSite\",\"@id\":\"https:\/\/relaxsrl.com\/#website\",\"url\":\"https:\/\/relaxsrl.com\/\",\"name\":\"Relax srl\",\"description\":\"\",\"potentialAction\":[{\"@type\":\"SearchAction\",\"target\":{\"@type\":\"EntryPoint\",\"urlTemplate\":\"https:\/\/relaxsrl.com\/?s={search_term_string}\"},\"query-input\":\"required name=search_term_string\"}],\"inLanguage\":\"de-DE\"},{\"@type\":\"ImageObject\",\"inLanguage\":\"de-DE\",\"@id\":\"https:\/\/relaxsrl.com\/de\/produkte\/badezimmerambiente\/moderner-stil\/#primaryimage\",\"url\":\"https:\/\/relaxsrl.com\/website\/wp-content\/uploads\/2021\/10\/BOBOX-A.jpg\",\"contentUrl\":\"https:\/\/relaxsrl.com\/website\/wp-content\/uploads\/2021\/10\/BOBOX-A.jpg\",\"width\":961,\"height\":660,\"caption\":\"Moderne Duschabtrennung im Fitnessstudio\"},{\"@type\":\"WebPage\",\"@id\":\"https:\/\/relaxsrl.com\/de\/produkte\/badezimmerambiente\/moderner-stil\/#webpage\",\"url\":\"https:\/\/relaxsrl.com\/de\/produkte\/badezimmerambiente\/moderner-stil\/\",\"name\":\"Moderner Stil - Relax srl\",\"isPartOf\":{\"@id\":\"https:\/\/relaxsrl.com\/#website\"},\"primaryImageOfPage\":{\"@id\":\"https:\/\/relaxsrl.com\/de\/produkte\/badezimmerambiente\/moderner-stil\/#primaryimage\"},\"datePublished\":\"2022-08-11T14:37:10+00:00\",\"dateModified\":\"2022-11-16T10:41:44+00:00\",\"description\":\"Ein modern gestaltetes Bad ist eine Gewissheit \u00fcber die Jahre \u2013 mit wenigen Ber\u00fchrungen k\u00f6nnen Sie es wieder erleben, wann immer Sie es m\u00f6chten und stets zeitgem\u00e4\u00df sein.\",\"breadcrumb\":{\"@id\":\"https:\/\/relaxsrl.com\/de\/produkte\/badezimmerambiente\/moderner-stil\/#breadcrumb\"},\"inLanguage\":\"de-DE\",\"potentialAction\":[{\"@type\":\"ReadAction\",\"target\":[\"https:\/\/relaxsrl.com\/de\/produkte\/badezimmerambiente\/moderner-stil\/\"]}]},{\"@type\":\"BreadcrumbList\",\"@id\":\"https:\/\/relaxsrl.com\/de\/produkte\/badezimmerambiente\/moderner-stil\/#breadcrumb\",\"itemListElement\":[{\"@type\":\"ListItem\",\"position\":1,\"name\":\"Produkte\",\"item\":\"https:\/\/relaxsrl.com\/de\/produkte\/\"},{\"@type\":\"ListItem\",\"position\":2,\"name\":\"Badezimmerambiente\",\"item\":\"https:\/\/relaxsrl.com\/de\/produkte\/badezimmerambiente\/\"},{\"@type\":\"ListItem\",\"position\":3,\"name\":\"Moderner Stil\"}]}]}<\/script>\n<!-- \/ Yoast SEO Premium plugin. -->","yoast_head_json":{"title":"Moderner Stil - Relax srl","description":"Ein modern gestaltetes Bad ist eine Gewissheit \u00fcber die Jahre \u2013 mit wenigen Ber\u00fchrungen k\u00f6nnen Sie es wieder erleben, wann immer Sie es m\u00f6chten und stets zeitgem\u00e4\u00df sein.","robots":{"index":"index","follow":"follow","max-snippet":"max-snippet:-1","max-image-preview":"max-image-preview:large","max-video-preview":"max-video-preview:-1"},"canonical":"https:\/\/relaxsrl.com\/de\/produkte\/badezimmerambiente\/moderner-stil\/","og_locale":"de_DE","og_type":"article","og_title":"Moderner Stil - Relax srl","og_description":"Ein modern gestaltetes Bad ist eine Gewissheit \u00fcber die Jahre \u2013 mit wenigen Ber\u00fchrungen k\u00f6nnen Sie es wieder erleben, wann immer Sie es m\u00f6chten und stets zeitgem\u00e4\u00df sein.","og_url":"https:\/\/relaxsrl.com\/de\/produkte\/badezimmerambiente\/moderner-stil\/","og_site_name":"Relax srl","article_modified_time":"2022-11-16T10:41:44+00:00","twitter_card":"summary_large_image","twitter_misc":{"Gesch\u00e4tzte Lesezeit":"3 Minuten"},"schema":{"@context":"https:\/\/schema.org","@graph":[{"@type":"WebSite","@id":"https:\/\/relaxsrl.com\/#website","url":"https:\/\/relaxsrl.com\/","name":"Relax srl","description":"","potentialAction":[{"@type":"SearchAction","target":{"@type":"EntryPoint","urlTemplate":"https:\/\/relaxsrl.com\/?s={search_term_string}"},"query-input":"required name=search_term_string"}],"inLanguage":"de-DE"},{"@type":"ImageObject","inLanguage":"de-DE","@id":"https:\/\/relaxsrl.com\/de\/produkte\/badezimmerambiente\/moderner-stil\/#primaryimage","url":"https:\/\/relaxsrl.com\/website\/wp-content\/uploads\/2021\/10\/BOBOX-A.jpg","contentUrl":"https:\/\/relaxsrl.com\/website\/wp-content\/uploads\/2021\/10\/BOBOX-A.jpg","width":961,"height":660,"caption":"Moderne Duschabtrennung im Fitnessstudio"},{"@type":"WebPage","@id":"https:\/\/relaxsrl.com\/de\/produkte\/badezimmerambiente\/moderner-stil\/#webpage","url":"https:\/\/relaxsrl.com\/de\/produkte\/badezimmerambiente\/moderner-stil\/","name":"Moderner Stil - Relax srl","isPartOf":{"@id":"https:\/\/relaxsrl.com\/#website"},"primaryImageOfPage":{"@id":"https:\/\/relaxsrl.com\/de\/produkte\/badezimmerambiente\/moderner-stil\/#primaryimage"},"datePublished":"2022-08-11T14:37:10+00:00","dateModified":"2022-11-16T10:41:44+00:00","description":"Ein modern gestaltetes Bad ist eine Gewissheit \u00fcber die Jahre \u2013 mit wenigen Ber\u00fchrungen k\u00f6nnen Sie es wieder erleben, wann immer Sie es m\u00f6chten und stets zeitgem\u00e4\u00df sein.","breadcrumb":{"@id":"https:\/\/relaxsrl.com\/de\/produkte\/badezimmerambiente\/moderner-stil\/#breadcrumb"},"inLanguage":"de-DE","potentialAction":[{"@type":"ReadAction","target":["https:\/\/relaxsrl.com\/de\/produkte\/badezimmerambiente\/moderner-stil\/"]}]},{"@type":"BreadcrumbList","@id":"https:\/\/relaxsrl.com\/de\/produkte\/badezimmerambiente\/moderner-stil\/#breadcrumb","itemListElement":[{"@type":"ListItem","position":1,"name":"Produkte","item":"https:\/\/relaxsrl.com\/de\/produkte\/"},{"@type":"ListItem","position":2,"name":"Badezimmerambiente","item":"https:\/\/relaxsrl.com\/de\/produkte\/badezimmerambiente\/"},{"@type":"ListItem","position":3,"name":"Moderner Stil"}]}]}},"_links":{"self":[{"href":"https:\/\/relaxsrl.com\/de\/wp-json\/wp\/v2\/pages\/22933"}],"collection":[{"href":"https:\/\/relaxsrl.com\/de\/wp-json\/wp\/v2\/pages"}],"about":[{"href":"https:\/\/relaxsrl.com\/de\/wp-json\/wp\/v2\/types\/page"}],"author":[{"embeddable":true,"href":"https:\/\/relaxsrl.com\/de\/wp-json\/wp\/v2\/users\/3"}],"replies":[{"embeddable":true,"href":"https:\/\/relaxsrl.com\/de\/wp-json\/wp\/v2\/comments?post=22933"}],"version-history":[{"count":5,"href":"https:\/\/relaxsrl.com\/de\/wp-json\/wp\/v2\/pages\/22933\/revisions"}],"predecessor-version":[{"id":24511,"href":"https:\/\/relaxsrl.com\/de\/wp-json\/wp\/v2\/pages\/22933\/revisions\/24511"}],"up":[{"embeddable":true,"href":"https:\/\/relaxsrl.com\/de\/wp-json\/wp\/v2\/pages\/22913"}],"wp:featuredmedia":[{"embeddable":true,"href":"https:\/\/relaxsrl.com\/de\/wp-json\/wp\/v2\/media\/3311"}],"wp:attachment":[{"href":"https:\/\/relaxsrl.com\/de\/wp-json\/wp\/v2\/media?parent=22933"}],"curies":[{"name":"wp","href":"https:\/\/api.w.org\/{rel}","templated":true}]}}