{"id":22937,"date":"2022-08-11T16:40:37","date_gmt":"2022-08-11T14:40:37","guid":{"rendered":"https:\/\/relaxsrl.com\/produkte\/badezimmerambiente\/rustikaler-stil\/"},"modified":"2024-11-18T15:21:13","modified_gmt":"2024-11-18T14:21:13","slug":"rustikaler-stil","status":"publish","type":"page","link":"https:\/\/relaxsrl.com\/de\/produkte\/badezimmerambiente\/rustikaler-stil\/","title":{"rendered":"Rustikaler Stil"},"content":{"rendered":"<p>[vc_row full_width=&#8220;stretch_row&#8220; content_placement=&#8220;middle&#8220; el_class=&#8220;intro-row&#8220;][vc_column width=&#8220;5\/12&#8243;][vc_column_text]<\/p>\n<h1>Rustikaler Stil<\/h1>\n<p>[\/vc_column_text][\/vc_column][vc_column width=&#8220;7\/12&#8243;][vc_column_text el_class=&#8220;abstract&#8220;]Wie Ihr Badezimmer rustikal gestalten? Es gibt ein paar Dinge, die Sie beachten sollten, damit Ihr Zimmer gleich warm und gem\u00fctlich erscheint. Lesen Sie unsere Tipps und wenn Sie mehr wissen wollen, kontaktieren Sie uns.[\/vc_column_text][\/vc_column][\/vc_row][vc_row el_class=&#8220;row-path&#8220;][vc_column][vc_column_text][\/vc_column_text][\/vc_column][\/vc_row][vc_row equal_height=&#8220;yes&#8220; content_placement=&#8220;middle&#8220; el_class=&#8220;row-prodotto-ambiente&#8220;][vc_column width=&#8220;7\/12&#8243;][vc_single_image image=&#8220;31398&#8243; img_size=&#8220;full&#8220; onclick=&#8220;custom_link&#8220; link=&#8220;https:\/\/relaxsrl.com\/de\/produkt\/unico-sc2-unico-f4\/&#8220;][vc_column_text el_class=&#8220;prodotto-ambiente-didascalia&#8220;]<a href=\"https:\/\/relaxsrl.com\/de\/produkt\/kubik-b1\/\">Gehe zu KUBIK B1<\/a>[\/vc_column_text][\/vc_column][vc_column width=&#8220;4\/12&#8243;][vc_column_text el_class=&#8220;prodotto-ambiente-text prodotto-ambiente-text-ml30&#8243;]<\/p>\n<h2>Rustikaler Stil: raffiniertes Gleichgewicht zwischen Moderne und Tradition.<\/h2>\n<p>Rustikaler Stil setzt auf Substanz, mit nat\u00fcrlichen Materialien, die einfach und sch\u00f6n sind. Manchmal k\u00f6nnen wir zeitgen\u00f6ssische Geschm\u00e4cker finden, die so auff\u00e4llig in ihrer Umgebung sind.[\/vc_column_text][\/vc_column][\/vc_row][vc_row equal_height=&#8220;yes&#8220; content_placement=&#8220;middle&#8220; el_class=&#8220;row-prodotto-ambiente&#8220;][vc_column width=&#8220;4\/12&#8243;][vc_column_text el_class=&#8220;prodotto-ambiente-text&#8220;]<\/p>\n<h2>Warme Holzt\u00f6ne und neutrale Farben f\u00fcr rustikalen Stil.<\/h2>\n<p>Ein Trend, der die warmen Holzt\u00f6ne, veredelt durch die Maserungen des Holzes, sehr gerne mit neutralen Farben wie Wei\u00df oder Cr\u00e8me vermischt. Die Kombination der Elemente schafft f\u00fcr jeden Wohntyp ein harmonisches und gem\u00fctliches Ambiente.[\/vc_column_text][\/vc_column][vc_column width=&#8220;1\/12&#8243;][\/vc_column][vc_column width=&#8220;7\/12&#8243;][vc_single_image image=&#8220;4569&#8243; img_size=&#8220;full&#8220; onclick=&#8220;custom_link&#8220; link=&#8220;https:\/\/relaxsrl.com\/de\/produkt\/flat-r2-s\/&#8220;][vc_column_text el_class=&#8220;prodotto-ambiente-didascalia&#8220;]<a href=\"https:\/\/relaxsrl.com\/de\/produkt\/flat-r2-s\/\">Gehe zu FLAT R2-S<\/a>[\/vc_column_text][\/vc_column][\/vc_row][vc_row equal_height=&#8220;yes&#8220; content_placement=&#8220;middle&#8220; el_class=&#8220;row-prodotto-ambiente&#8220;][vc_column width=&#8220;5\/12&#8243;][vc_single_image image=&#8220;4565&#8243; img_size=&#8220;full&#8220; onclick=&#8220;custom_link&#8220; link=&#8220;https:\/\/relaxsrl.com\/de\/produkt\/cover-b1\/&#8220;][vc_column_text el_class=&#8220;prodotto-ambiente-didascalia&#8220;]<a href=\"https:\/\/relaxsrl.com\/de\/produkt\/cardine-b1\/\">Gehe zu CARDINE B1<\/a>[\/vc_column_text][\/vc_column][vc_column width=&#8220;1\/12&#8243;][\/vc_column][vc_column width=&#8220;5\/12&#8243;][vc_column_text el_class=&#8220;prodotto-ambiente-text prodotto-ambiente-text-ml30&#8243;]<\/p>\n<h2>Effektkombination: Holz und Rohstein.<\/h2>\n<p>Das Holz ist der unbestrittene K\u00f6nig des rustikalen Stils. Die erfolgreiche Kombination mit der Reinheit des Rohsteins (wie hier das Waschbecken) wertet das Badeambiente auf. Um dieses Binom noch besser zu machen, w\u00e4hlen Sie eine Duschkabine, die jedes Detail durchsickern l\u00e4sst, wie Cover B1 von Relax.[\/vc_column_text][\/vc_column][\/vc_row][vc_row equal_height=&#8220;yes&#8220; content_placement=&#8220;middle&#8220; el_class=&#8220;row-prodotto-ambiente&#8220;][vc_column width=&#8220;1\/12&#8243;][\/vc_column][vc_column width=&#8220;4\/12&#8243;][vc_column_text el_class=&#8220;prodotto-ambiente-text&#8220;]<\/p>\n<h2>Rustikaler Stil f\u00fcr das Bad im Berghaus.<\/h2>\n<p>Unter den vielen Umgebungen, in denen sich der Landhausstil wohlf\u00fchlt, finden wir das Berghaus, das seit jeher die Komposition von Holz und Natursteinen anspielt. Der Wechsel zwischen hellen und dunklen Farben schm\u00fcckt die Oberfl\u00e4chen hier mit einer eleganten Essenz.[\/vc_column_text][\/vc_column][vc_column width=&#8220;1\/12&#8243;][\/vc_column][vc_column width=&#8220;5\/12&#8243;][vc_single_image image=&#8220;31393&#8243; img_size=&#8220;full&#8220; onclick=&#8220;custom_link&#8220; link=&#8220;https:\/\/relaxsrl.com\/de\/produkt\/puro-a-puro-a\/&#8220;][vc_column_text el_class=&#8220;prodotto-ambiente-didascalia&#8220;]<a href=\"https:\/\/relaxsrl.com\/de\/produkt\/unico-sc1\/\">Gehe zu UNICO SC1<\/a>[\/vc_column_text][\/vc_column][\/vc_row][vc_row equal_height=&#8220;yes&#8220; content_placement=&#8220;middle&#8220; el_class=&#8220;row-prodotto-ambiente&#8220;][vc_column width=&#8220;7\/12&#8243;][vc_single_image image=&#8220;3410&#8243; img_size=&#8220;full&#8220; onclick=&#8220;custom_link&#8220; link=&#8220;https:\/\/relaxsrl.com\/de\/produkt\/lyra-b1-lyra-f\/&#8220;][vc_column_text el_class=&#8220;prodotto-ambiente-didascalia&#8220;]<a href=\"https:\/\/relaxsrl.com\/de\/produkt\/lyra-b1-lyra-f\/\">Gehe zu LYRA B1+F<\/a>[\/vc_column_text][\/vc_column][vc_column width=&#8220;4\/12&#8243;][vc_column_text el_class=&#8220;prodotto-ambiente-text prodotto-ambiente-text-ml30&#8243;]<\/p>\n<h2>Eine wichtige Duschkabine f\u00fcr das rustikale Bad.<\/h2>\n<p>Es gibt Male, in denen die Dusche einen wichtigen Platz im Badezimmer einnimmt. Die Pers\u00f6nlichkeit einer Duschkabine mit ausgepr\u00e4gten Profilen kann dann das Herzst\u00fcck des Raums sein, verbunden mit Sanit\u00e4ranlagen und Dekorelementen wie Teppichen oder Fensterl\u00e4den.[\/vc_column_text][\/vc_column][\/vc_row]<\/p>\n","protected":false},"excerpt":{"rendered":"<p>[vc_row full_width=&#8220;stretch_row&#8220; content_placement=&#8220;middle&#8220; el_class=&#8220;intro-row&#8220;][vc_column width=&#8220;5\/12&#8243;][vc_column_text] Rustikaler Stil [\/vc_column_text][\/vc_column][vc_column width=&#8220;7\/12&#8243;][vc_column_text el_class=&#8220;abstract&#8220;]Wie Ihr Badezimmer rustikal gestalten? Es gibt ein paar Dinge, die Sie beachten sollten, damit Ihr Zimmer gleich warm und gem\u00fctlich erscheint. Lesen Sie unsere Tipps und wenn Sie mehr wissen wollen, kontaktieren Sie uns.[\/vc_column_text][\/vc_column][\/vc_row][vc_row el_class=&#8220;row-path&#8220;][vc_column][vc_column_text][\/vc_column_text][\/vc_column][\/vc_row][vc_row equal_height=&#8220;yes&#8220; content_placement=&#8220;middle&#8220; el_class=&#8220;row-prodotto-ambiente&#8220;][vc_column width=&#8220;7\/12&#8243;][vc_single_image image=&#8220;31398&#8243; img_size=&#8220;full&#8220; onclick=&#8220;custom_link&#8220; link=&#8220;https:\/\/relaxsrl.com\/de\/produkt\/unico-sc2-unico-f4\/&#8220;][vc_column_text el_class=&#8220;prodotto-ambiente-didascalia&#8220;]Gehe zu [&hellip;]<\/p>\n","protected":false},"author":3,"featured_media":3303,"parent":22913,"menu_order":0,"comment_status":"closed","ping_status":"closed","template":"","meta":[],"acf":[],"yoast_head":"<!-- This site is optimized with the Yoast SEO Premium plugin v18.4 (Yoast SEO v18.8) - https:\/\/yoast.com\/wordpress\/plugins\/seo\/ -->\n<title>Rustikaler Stil - Relax srl<\/title>\n<meta name=\"description\" content=\"Wie Ihr Badezimmer rustikal gestalten? Es gibt ein paar Dinge, die Sie beachten sollten, damit Ihr Zimmer gleich warm und gem\u00fctlich erscheint.\" \/>\n<meta name=\"robots\" content=\"index, follow, max-snippet:-1, max-image-preview:large, max-video-preview:-1\" \/>\n<link rel=\"canonical\" href=\"https:\/\/relaxsrl.com\/de\/produkte\/badezimmerambiente\/rustikaler-stil\/\" \/>\n<meta property=\"og:locale\" content=\"de_DE\" \/>\n<meta property=\"og:type\" content=\"article\" \/>\n<meta property=\"og:title\" content=\"Rustikaler Stil - Relax srl\" \/>\n<meta property=\"og:description\" content=\"Wie Ihr Badezimmer rustikal gestalten? Es gibt ein paar Dinge, die Sie beachten sollten, damit Ihr Zimmer gleich warm und gem\u00fctlich erscheint.\" \/>\n<meta property=\"og:url\" content=\"https:\/\/relaxsrl.com\/de\/produkte\/badezimmerambiente\/rustikaler-stil\/\" \/>\n<meta property=\"og:site_name\" content=\"Relax srl\" \/>\n<meta property=\"article:modified_time\" content=\"2024-11-18T14:21:13+00:00\" \/>\n<meta property=\"og:image\" content=\"https:\/\/relaxsrl.com\/website\/wp-content\/uploads\/2021\/10\/KUBIK-B1.jpg\" \/>\n\t<meta property=\"og:image:width\" content=\"961\" \/>\n\t<meta property=\"og:image:height\" content=\"660\" \/>\n\t<meta property=\"og:image:type\" content=\"image\/jpeg\" \/>\n<meta name=\"twitter:card\" content=\"summary_large_image\" \/>\n<meta name=\"twitter:label1\" content=\"Gesch\u00e4tzte Lesezeit\" \/>\n\t<meta name=\"twitter:data1\" content=\"2 Minuten\" \/>\n<script type=\"application\/ld+json\" class=\"yoast-schema-graph\">{\"@context\":\"https:\/\/schema.org\",\"@graph\":[{\"@type\":\"WebSite\",\"@id\":\"https:\/\/relaxsrl.com\/#website\",\"url\":\"https:\/\/relaxsrl.com\/\",\"name\":\"Relax srl\",\"description\":\"\",\"potentialAction\":[{\"@type\":\"SearchAction\",\"target\":{\"@type\":\"EntryPoint\",\"urlTemplate\":\"https:\/\/relaxsrl.com\/?s={search_term_string}\"},\"query-input\":\"required name=search_term_string\"}],\"inLanguage\":\"de-DE\"},{\"@type\":\"ImageObject\",\"inLanguage\":\"de-DE\",\"@id\":\"https:\/\/relaxsrl.com\/de\/produkte\/badezimmerambiente\/rustikaler-stil\/#primaryimage\",\"url\":\"https:\/\/relaxsrl.com\/website\/wp-content\/uploads\/2021\/10\/KUBIK-B1.jpg\",\"contentUrl\":\"https:\/\/relaxsrl.com\/website\/wp-content\/uploads\/2021\/10\/KUBIK-B1.jpg\",\"width\":961,\"height\":660,\"caption\":\"Duschabtrennung im Badezimmer im rustikalen Stil, in einer Nische, mit minimalen Profilen\"},{\"@type\":\"WebPage\",\"@id\":\"https:\/\/relaxsrl.com\/de\/produkte\/badezimmerambiente\/rustikaler-stil\/#webpage\",\"url\":\"https:\/\/relaxsrl.com\/de\/produkte\/badezimmerambiente\/rustikaler-stil\/\",\"name\":\"Rustikaler Stil - Relax srl\",\"isPartOf\":{\"@id\":\"https:\/\/relaxsrl.com\/#website\"},\"primaryImageOfPage\":{\"@id\":\"https:\/\/relaxsrl.com\/de\/produkte\/badezimmerambiente\/rustikaler-stil\/#primaryimage\"},\"datePublished\":\"2022-08-11T14:40:37+00:00\",\"dateModified\":\"2024-11-18T14:21:13+00:00\",\"description\":\"Wie Ihr Badezimmer rustikal gestalten? Es gibt ein paar Dinge, die Sie beachten sollten, damit Ihr Zimmer gleich warm und gem\u00fctlich erscheint.\",\"breadcrumb\":{\"@id\":\"https:\/\/relaxsrl.com\/de\/produkte\/badezimmerambiente\/rustikaler-stil\/#breadcrumb\"},\"inLanguage\":\"de-DE\",\"potentialAction\":[{\"@type\":\"ReadAction\",\"target\":[\"https:\/\/relaxsrl.com\/de\/produkte\/badezimmerambiente\/rustikaler-stil\/\"]}]},{\"@type\":\"BreadcrumbList\",\"@id\":\"https:\/\/relaxsrl.com\/de\/produkte\/badezimmerambiente\/rustikaler-stil\/#breadcrumb\",\"itemListElement\":[{\"@type\":\"ListItem\",\"position\":1,\"name\":\"Produkte\",\"item\":\"https:\/\/relaxsrl.com\/de\/produkte\/\"},{\"@type\":\"ListItem\",\"position\":2,\"name\":\"Badezimmerambiente\",\"item\":\"https:\/\/relaxsrl.com\/de\/produkte\/badezimmerambiente\/\"},{\"@type\":\"ListItem\",\"position\":3,\"name\":\"Rustikaler Stil\"}]}]}<\/script>\n<!-- \/ Yoast SEO Premium plugin. -->","yoast_head_json":{"title":"Rustikaler Stil - Relax srl","description":"Wie Ihr Badezimmer rustikal gestalten? Es gibt ein paar Dinge, die Sie beachten sollten, damit Ihr Zimmer gleich warm und gem\u00fctlich erscheint.","robots":{"index":"index","follow":"follow","max-snippet":"max-snippet:-1","max-image-preview":"max-image-preview:large","max-video-preview":"max-video-preview:-1"},"canonical":"https:\/\/relaxsrl.com\/de\/produkte\/badezimmerambiente\/rustikaler-stil\/","og_locale":"de_DE","og_type":"article","og_title":"Rustikaler Stil - Relax srl","og_description":"Wie Ihr Badezimmer rustikal gestalten? Es gibt ein paar Dinge, die Sie beachten sollten, damit Ihr Zimmer gleich warm und gem\u00fctlich erscheint.","og_url":"https:\/\/relaxsrl.com\/de\/produkte\/badezimmerambiente\/rustikaler-stil\/","og_site_name":"Relax srl","article_modified_time":"2024-11-18T14:21:13+00:00","og_image":[{"width":961,"height":660,"url":"https:\/\/relaxsrl.com\/website\/wp-content\/uploads\/2021\/10\/KUBIK-B1.jpg","type":"image\/jpeg"}],"twitter_card":"summary_large_image","twitter_misc":{"Gesch\u00e4tzte Lesezeit":"2 Minuten"},"schema":{"@context":"https:\/\/schema.org","@graph":[{"@type":"WebSite","@id":"https:\/\/relaxsrl.com\/#website","url":"https:\/\/relaxsrl.com\/","name":"Relax srl","description":"","potentialAction":[{"@type":"SearchAction","target":{"@type":"EntryPoint","urlTemplate":"https:\/\/relaxsrl.com\/?s={search_term_string}"},"query-input":"required name=search_term_string"}],"inLanguage":"de-DE"},{"@type":"ImageObject","inLanguage":"de-DE","@id":"https:\/\/relaxsrl.com\/de\/produkte\/badezimmerambiente\/rustikaler-stil\/#primaryimage","url":"https:\/\/relaxsrl.com\/website\/wp-content\/uploads\/2021\/10\/KUBIK-B1.jpg","contentUrl":"https:\/\/relaxsrl.com\/website\/wp-content\/uploads\/2021\/10\/KUBIK-B1.jpg","width":961,"height":660,"caption":"Duschabtrennung im Badezimmer im rustikalen Stil, in einer Nische, mit minimalen Profilen"},{"@type":"WebPage","@id":"https:\/\/relaxsrl.com\/de\/produkte\/badezimmerambiente\/rustikaler-stil\/#webpage","url":"https:\/\/relaxsrl.com\/de\/produkte\/badezimmerambiente\/rustikaler-stil\/","name":"Rustikaler Stil - Relax srl","isPartOf":{"@id":"https:\/\/relaxsrl.com\/#website"},"primaryImageOfPage":{"@id":"https:\/\/relaxsrl.com\/de\/produkte\/badezimmerambiente\/rustikaler-stil\/#primaryimage"},"datePublished":"2022-08-11T14:40:37+00:00","dateModified":"2024-11-18T14:21:13+00:00","description":"Wie Ihr Badezimmer rustikal gestalten? Es gibt ein paar Dinge, die Sie beachten sollten, damit Ihr Zimmer gleich warm und gem\u00fctlich erscheint.","breadcrumb":{"@id":"https:\/\/relaxsrl.com\/de\/produkte\/badezimmerambiente\/rustikaler-stil\/#breadcrumb"},"inLanguage":"de-DE","potentialAction":[{"@type":"ReadAction","target":["https:\/\/relaxsrl.com\/de\/produkte\/badezimmerambiente\/rustikaler-stil\/"]}]},{"@type":"BreadcrumbList","@id":"https:\/\/relaxsrl.com\/de\/produkte\/badezimmerambiente\/rustikaler-stil\/#breadcrumb","itemListElement":[{"@type":"ListItem","position":1,"name":"Produkte","item":"https:\/\/relaxsrl.com\/de\/produkte\/"},{"@type":"ListItem","position":2,"name":"Badezimmerambiente","item":"https:\/\/relaxsrl.com\/de\/produkte\/badezimmerambiente\/"},{"@type":"ListItem","position":3,"name":"Rustikaler Stil"}]}]}},"_links":{"self":[{"href":"https:\/\/relaxsrl.com\/de\/wp-json\/wp\/v2\/pages\/22937"}],"collection":[{"href":"https:\/\/relaxsrl.com\/de\/wp-json\/wp\/v2\/pages"}],"about":[{"href":"https:\/\/relaxsrl.com\/de\/wp-json\/wp\/v2\/types\/page"}],"author":[{"embeddable":true,"href":"https:\/\/relaxsrl.com\/de\/wp-json\/wp\/v2\/users\/3"}],"replies":[{"embeddable":true,"href":"https:\/\/relaxsrl.com\/de\/wp-json\/wp\/v2\/comments?post=22937"}],"version-history":[{"count":6,"href":"https:\/\/relaxsrl.com\/de\/wp-json\/wp\/v2\/pages\/22937\/revisions"}],"predecessor-version":[{"id":31415,"href":"https:\/\/relaxsrl.com\/de\/wp-json\/wp\/v2\/pages\/22937\/revisions\/31415"}],"up":[{"embeddable":true,"href":"https:\/\/relaxsrl.com\/de\/wp-json\/wp\/v2\/pages\/22913"}],"wp:featuredmedia":[{"embeddable":true,"href":"https:\/\/relaxsrl.com\/de\/wp-json\/wp\/v2\/media\/3303"}],"wp:attachment":[{"href":"https:\/\/relaxsrl.com\/de\/wp-json\/wp\/v2\/media?parent=22937"}],"curies":[{"name":"wp","href":"https:\/\/api.w.org\/{rel}","templated":true}]}}