{"id":22944,"date":"2022-08-11T17:04:32","date_gmt":"2022-08-11T15:04:32","guid":{"rendered":"https:\/\/relaxsrl.com\/produkte\/konfigurator\/"},"modified":"2022-11-17T15:36:15","modified_gmt":"2022-11-17T14:36:15","slug":"konfigurator","status":"publish","type":"page","link":"https:\/\/relaxsrl.com\/de\/produkte\/konfigurator\/","title":{"rendered":"Konfigurator"},"content":{"rendered":"<p>[vc_row full_width=&#8220;stretch_row&#8220; content_placement=&#8220;middle&#8220; el_class=&#8220;intro-row intro-row-grey&#8220;][vc_column width=&#8220;5\/12&#8243;][vc_column_text]<\/p>\n<h1>Duschkabine Konfigurator<\/h1>\n<p>[\/vc_column_text][\/vc_column][vc_column width=&#8220;7\/12&#8243;][vc_column_text el_class=&#8220;abstract&#8220;]<span style=\"font-weight: 400;\">Befolgen Sie die Anweisungen, die Sie erhalten, um die richtigen Relax-Duschabtrennungen f\u00fcr Ihre Bed\u00fcrfnisse zu finden. In wenigen einfachen Schritten finden Sie die perfekte L\u00f6sung f\u00fcr Sie.<\/span>[\/vc_column_text][\/vc_column][\/vc_row][vc_row el_class=&#8220;row-path&#8220;][vc_column][vc_column_text][\/vc_column_text][\/vc_column][\/vc_row][vc_row][vc_column][vc_column_text]<\/p>\n<h3 style=\"text-align: center;\">1. W\u00e4hlen Sie den Typ der Duschkabine aus<\/h3>\n<p>[\/vc_column_text][vc_empty_space height=&#8220;50px&#8220;][\/vc_column][\/vc_row][vc_row][vc_column width=&#8220;1\/3&#8243; el_class=&#8220;selezionatore-col selezionatore-item&#8220;][vc_single_image image=&#8220;10265&#8243; img_size=&#8220;full&#8220; onclick=&#8220;custom_link&#8220; link=&#8220;https:\/\/relaxsrl.com\/de\/produkte\/konfigurator\/eckduschkabinen\/&#8220;][vc_row_inner equal_height=&#8220;yes&#8220; content_placement=&#8220;middle&#8220;][vc_column_inner width=&#8220;3\/4&#8243;][vc_column_text]<\/p>\n<h3><a href=\"https:\/\/relaxsrl.com\/de\/produkte\/konfigurator\/eckduschkabinen\/\">Eckduschkabinen<\/a><\/h3>\n<p>[\/vc_column_text][\/vc_column_inner][vc_column_inner width=&#8220;1\/4&#8243;][vc_single_image image=&#8220;3937&#8243; img_size=&#8220;full&#8220; alignment=&#8220;right&#8220; el_class=&#8220;selezionatore-information-icon&#8220;][vc_single_image image=&#8220;3939&#8243; img_size=&#8220;full&#8220; el_class=&#8220;information-arrow&#8220;][vc_column_text el_class=&#8220;information&#8220;]Die Eckduschkabine oder zweiseitige Kabine ist die g\u00e4ngigste L\u00f6sung, denn sie bietet unz\u00e4hlige Modelle und \u00d6ffnungen f\u00fcr ganz unterschiedliche L\u00f6sungen, von den g\u00fcnstigsten zu den teuersten, mit unterschiedlichen Stilen.[\/vc_column_text][\/vc_column_inner][\/vc_row_inner][\/vc_column][vc_column width=&#8220;1\/3&#8243; el_class=&#8220;selezionatore-col selezionatore-item&#8220;][vc_single_image image=&#8220;10270&#8243; img_size=&#8220;full&#8220; onclick=&#8220;custom_link&#8220; link=&#8220;https:\/\/relaxsrl.com\/de\/produkte\/konfigurator\/nischenduschkabine\/&#8220;][vc_row_inner equal_height=&#8220;yes&#8220; content_placement=&#8220;middle&#8220;][vc_column_inner width=&#8220;3\/4&#8243;][vc_column_text]<\/p>\n<h3><a href=\"https:\/\/relaxsrl.com\/de\/produkte\/konfigurator\/nischenduschkabine\/\">Nischenduschkabine<\/a><\/h3>\n<p>[\/vc_column_text][\/vc_column_inner][vc_column_inner width=&#8220;1\/4&#8243;][vc_single_image image=&#8220;3937&#8243; img_size=&#8220;full&#8220; alignment=&#8220;right&#8220; el_class=&#8220;selezionatore-information-icon&#8220;][vc_single_image image=&#8220;3939&#8243; img_size=&#8220;full&#8220; el_class=&#8220;information-arrow&#8220;][vc_column_text el_class=&#8220;information&#8220;]Die Nischenduschkabine, auch einseitige Duschkabine genannt, hat nur eine offene Seite und ist zwischen drei W\u00e4nden eingeklemmt, die ein C bilden und aus Mauerwerk oder Gipskartonplatten bestehen.[\/vc_column_text][\/vc_column_inner][\/vc_row_inner][\/vc_column][vc_column width=&#8220;1\/3&#8243; el_class=&#8220;selezionatore-col selezionatore-item&#8220;][vc_single_image image=&#8220;10274&#8243; img_size=&#8220;full&#8220; onclick=&#8220;custom_link&#8220; link=&#8220;https:\/\/relaxsrl.com\/de\/produkte\/konfigurator\/walk-in\/&#8220;][vc_row_inner equal_height=&#8220;yes&#8220; content_placement=&#8220;middle&#8220;][vc_column_inner width=&#8220;3\/4&#8243;][vc_column_text]<\/p>\n<h3><a href=\"https:\/\/relaxsrl.com\/de\/produkte\/konfigurator\/walk-in\/\">Walk-in<\/a><\/h3>\n<p>[\/vc_column_text][\/vc_column_inner][vc_column_inner width=&#8220;1\/4&#8243;][vc_single_image image=&#8220;3937&#8243; img_size=&#8220;full&#8220; alignment=&#8220;right&#8220; el_class=&#8220;selezionatore-information-icon&#8220;][vc_single_image image=&#8220;3939&#8243; img_size=&#8220;full&#8220; el_class=&#8220;information-arrow&#8220;][vc_column_text el_class=&#8220;information&#8220;]Die Walk-in-Duschkabine, auch Glaskabine oder offene Duschkabine genannt, ist minimal und essentiell und zeichnet sich durch einen sofortigen Zugang aus, da sie keine T\u00fcr hat.[\/vc_column_text][\/vc_column_inner][\/vc_row_inner][\/vc_column][\/vc_row][vc_row][vc_column width=&#8220;1\/3&#8243; el_class=&#8220;selezionatore-col selezionatore-item&#8220;][vc_single_image image=&#8220;10278&#8243; img_size=&#8220;full&#8220; onclick=&#8220;custom_link&#8220; link=&#8220;https:\/\/relaxsrl.com\/de\/produkte\/konfigurator\/badewannenaufsatz\/&#8220;][vc_row_inner equal_height=&#8220;yes&#8220; content_placement=&#8220;middle&#8220;][vc_column_inner width=&#8220;3\/4&#8243;][vc_column_text]<\/p>\n<h3><a href=\"https:\/\/relaxsrl.com\/de\/produkte\/konfigurator\/badewannenaufsatz\/\">Badewannenaufsatz<\/a><\/h3>\n<p>[\/vc_column_text][\/vc_column_inner][vc_column_inner width=&#8220;1\/4&#8243;][vc_single_image image=&#8220;3937&#8243; img_size=&#8220;full&#8220; alignment=&#8220;right&#8220; el_class=&#8220;selezionatore-information-icon&#8220;][vc_single_image image=&#8220;3939&#8243; img_size=&#8220;full&#8220; el_class=&#8220;information-arrow&#8220;][vc_column_text el_class=&#8220;information&#8220;]Der Badewannenaufsatz macht die Badewanne zu einer perfekten Duschkabine, die vor allem Beherbergungsst\u00e4tten und Familien mit Kindern sch\u00e4tzen.[\/vc_column_text][\/vc_column_inner][\/vc_row_inner][\/vc_column][vc_column width=&#8220;1\/3&#8243; el_class=&#8220;selezionatore-col selezionatore-item&#8220;][vc_single_image image=&#8220;10282&#8243; img_size=&#8220;full&#8220; onclick=&#8220;custom_link&#8220; link=&#8220;https:\/\/relaxsrl.com\/de\/produkte\/konfigurator\/halbrunde-duschkabine\/&#8220;][vc_row_inner equal_height=&#8220;yes&#8220; content_placement=&#8220;middle&#8220;][vc_column_inner width=&#8220;3\/4&#8243;][vc_column_text]<\/p>\n<h3><a href=\"https:\/\/relaxsrl.com\/de\/produkte\/konfigurator\/halbrunde-duschkabine\/\">Halbrunde Duschkabine<\/a><\/h3>\n<p>[\/vc_column_text][\/vc_column_inner][vc_column_inner width=&#8220;1\/4&#8243;][vc_single_image image=&#8220;3937&#8243; img_size=&#8220;full&#8220; alignment=&#8220;right&#8220; el_class=&#8220;selezionatore-information-icon&#8220;][vc_single_image image=&#8220;3939&#8243; img_size=&#8220;full&#8220; el_class=&#8220;information-arrow&#8220;][vc_column_text el_class=&#8220;information&#8220;]Die halbrunde Duschkabine setzt auf runde Scheiben und fehlende Kanten, erg\u00e4nzt durch Fl\u00fcgelt\u00fcren oder Schiebet\u00fcren zum Montieren auf Dusch- oder Bodenplatten.[\/vc_column_text][\/vc_column_inner][\/vc_row_inner][\/vc_column][vc_column width=&#8220;1\/3&#8243; css=&#8220;.vc_custom_1635233363645{border-radius: 1px !important;}&#8220; el_class=&#8220;selezionatore-col selezionatore-item&#8220;][vc_single_image image=&#8220;10286&#8243; img_size=&#8220;full&#8220; onclick=&#8220;custom_link&#8220; link=&#8220;https:\/\/relaxsrl.com\/de\/produkte\/konfigurator\/dreiseitige\/&#8220;][vc_row_inner equal_height=&#8220;yes&#8220; content_placement=&#8220;middle&#8220;][vc_column_inner width=&#8220;3\/4&#8243;][vc_column_text]<\/p>\n<h3><a href=\"https:\/\/relaxsrl.com\/de\/produkte\/konfigurator\/dreiseitige\/\">Dreiseitige Duschkabine<\/a><\/h3>\n<p>[\/vc_column_text][\/vc_column_inner][vc_column_inner width=&#8220;1\/4&#8243;][vc_single_image image=&#8220;3937&#8243; img_size=&#8220;full&#8220; alignment=&#8220;right&#8220; el_class=&#8220;selezionatore-information-icon&#8220;][vc_single_image image=&#8220;3939&#8243; img_size=&#8220;full&#8220; el_class=&#8220;information-arrow&#8220;][vc_column_text el_class=&#8220;information&#8220;]Die dreiseitige Duschkabine, auch als Wandmitte bezeichnet, ist vielseitig einsetzbar f\u00fcr Modelle, \u00d6ff-nungen und Stilrichtungen und erm\u00f6glicht damit unz\u00e4hlige L\u00f6sungen, von den g\u00fcnstigsten zu teuers-ten.[\/vc_column_text][\/vc_column_inner][\/vc_row_inner][\/vc_column][\/vc_row][vc_row][vc_column][vc_empty_space height=&#8220;100px&#8220;][\/vc_column][\/vc_row]<\/p>\n","protected":false},"excerpt":{"rendered":"<p>[vc_row full_width=&#8220;stretch_row&#8220; content_placement=&#8220;middle&#8220; el_class=&#8220;intro-row intro-row-grey&#8220;][vc_column width=&#8220;5\/12&#8243;][vc_column_text] Duschkabine Konfigurator [\/vc_column_text][\/vc_column][vc_column width=&#8220;7\/12&#8243;][vc_column_text el_class=&#8220;abstract&#8220;]Befolgen Sie die Anweisungen, die Sie erhalten, um die richtigen Relax-Duschabtrennungen f\u00fcr Ihre Bed\u00fcrfnisse zu finden. In wenigen einfachen Schritten finden Sie die perfekte L\u00f6sung f\u00fcr Sie.[\/vc_column_text][\/vc_column][\/vc_row][vc_row el_class=&#8220;row-path&#8220;][vc_column][vc_column_text][\/vc_column_text][\/vc_column][\/vc_row][vc_row][vc_column][vc_column_text] 1. W\u00e4hlen Sie den Typ der Duschkabine aus [\/vc_column_text][vc_empty_space height=&#8220;50px&#8220;][\/vc_column][\/vc_row][vc_row][vc_column width=&#8220;1\/3&#8243; el_class=&#8220;selezionatore-col selezionatore-item&#8220;][vc_single_image image=&#8220;10265&#8243; img_size=&#8220;full&#8220; onclick=&#8220;custom_link&#8220; link=&#8220;https:\/\/relaxsrl.com\/de\/produkte\/konfigurator\/eckduschkabinen\/&#8220;][vc_row_inner [&hellip;]<\/p>\n","protected":false},"author":3,"featured_media":25039,"parent":22867,"menu_order":0,"comment_status":"closed","ping_status":"closed","template":"","meta":[],"acf":[],"yoast_head":"<!-- This site is optimized with the Yoast SEO Premium plugin v18.4 (Yoast SEO v18.8) - https:\/\/yoast.com\/wordpress\/plugins\/seo\/ -->\n<title>Konfigurator box doccia: scegli in base alle tipologie e finiture<\/title>\n<meta name=\"description\" content=\"Mit dem Duschkabinen-Konfigurator finden Sie die f\u00fcr Ihre Bed\u00fcrfnisse passenden Relax Design- und Qualit\u00e4tsprodukte.\" \/>\n<meta name=\"robots\" content=\"index, follow, max-snippet:-1, max-image-preview:large, max-video-preview:-1\" \/>\n<link rel=\"canonical\" href=\"https:\/\/relaxsrl.com\/de\/produkte\/konfigurator\/\" \/>\n<meta property=\"og:locale\" content=\"de_DE\" \/>\n<meta property=\"og:type\" content=\"article\" \/>\n<meta property=\"og:title\" content=\"Konfigurator box doccia: scegli in base alle tipologie e finiture\" \/>\n<meta property=\"og:description\" content=\"Mit dem Duschkabinen-Konfigurator finden Sie die f\u00fcr Ihre Bed\u00fcrfnisse passenden Relax Design- und Qualit\u00e4tsprodukte.\" \/>\n<meta property=\"og:url\" content=\"https:\/\/relaxsrl.com\/de\/produkte\/konfigurator\/\" \/>\n<meta property=\"og:site_name\" content=\"Relax srl\" \/>\n<meta property=\"article:modified_time\" content=\"2022-11-17T14:36:15+00:00\" \/>\n<meta name=\"twitter:card\" content=\"summary_large_image\" \/>\n<meta name=\"twitter:label1\" content=\"Gesch\u00e4tzte Lesezeit\" \/>\n\t<meta name=\"twitter:data1\" content=\"4 Minuten\" \/>\n<script type=\"application\/ld+json\" class=\"yoast-schema-graph\">{\"@context\":\"https:\/\/schema.org\",\"@graph\":[{\"@type\":\"WebSite\",\"@id\":\"https:\/\/relaxsrl.com\/#website\",\"url\":\"https:\/\/relaxsrl.com\/\",\"name\":\"Relax srl\",\"description\":\"\",\"potentialAction\":[{\"@type\":\"SearchAction\",\"target\":{\"@type\":\"EntryPoint\",\"urlTemplate\":\"https:\/\/relaxsrl.com\/?s={search_term_string}\"},\"query-input\":\"required name=search_term_string\"}],\"inLanguage\":\"de-DE\"},{\"@type\":\"ImageObject\",\"inLanguage\":\"de-DE\",\"@id\":\"https:\/\/relaxsrl.com\/de\/produkte\/konfigurator\/#primaryimage\",\"url\":\"https:\/\/relaxsrl.com\/website\/wp-content\/uploads\/2021\/11\/TIPOLOGIA_BOX_ANGOLARE.jpg\",\"contentUrl\":\"https:\/\/relaxsrl.com\/website\/wp-content\/uploads\/2021\/11\/TIPOLOGIA_BOX_ANGOLARE.jpg\",\"width\":800,\"height\":600},{\"@type\":\"WebPage\",\"@id\":\"https:\/\/relaxsrl.com\/de\/produkte\/konfigurator\/#webpage\",\"url\":\"https:\/\/relaxsrl.com\/de\/produkte\/konfigurator\/\",\"name\":\"Konfigurator box doccia: scegli in base alle tipologie e finiture\",\"isPartOf\":{\"@id\":\"https:\/\/relaxsrl.com\/#website\"},\"primaryImageOfPage\":{\"@id\":\"https:\/\/relaxsrl.com\/de\/produkte\/konfigurator\/#primaryimage\"},\"datePublished\":\"2022-08-11T15:04:32+00:00\",\"dateModified\":\"2022-11-17T14:36:15+00:00\",\"description\":\"Mit dem Duschkabinen-Konfigurator finden Sie die f\u00fcr Ihre Bed\u00fcrfnisse passenden Relax Design- und Qualit\u00e4tsprodukte.\",\"breadcrumb\":{\"@id\":\"https:\/\/relaxsrl.com\/de\/produkte\/konfigurator\/#breadcrumb\"},\"inLanguage\":\"de-DE\",\"potentialAction\":[{\"@type\":\"ReadAction\",\"target\":[\"https:\/\/relaxsrl.com\/de\/produkte\/konfigurator\/\"]}]},{\"@type\":\"BreadcrumbList\",\"@id\":\"https:\/\/relaxsrl.com\/de\/produkte\/konfigurator\/#breadcrumb\",\"itemListElement\":[{\"@type\":\"ListItem\",\"position\":1,\"name\":\"Produkte\",\"item\":\"https:\/\/relaxsrl.com\/de\/produkte\/\"},{\"@type\":\"ListItem\",\"position\":2,\"name\":\"Konfigurator\"}]}]}<\/script>\n<!-- \/ Yoast SEO Premium plugin. -->","yoast_head_json":{"title":"Konfigurator box doccia: scegli in base alle tipologie e finiture","description":"Mit dem Duschkabinen-Konfigurator finden Sie die f\u00fcr Ihre Bed\u00fcrfnisse passenden Relax Design- und Qualit\u00e4tsprodukte.","robots":{"index":"index","follow":"follow","max-snippet":"max-snippet:-1","max-image-preview":"max-image-preview:large","max-video-preview":"max-video-preview:-1"},"canonical":"https:\/\/relaxsrl.com\/de\/produkte\/konfigurator\/","og_locale":"de_DE","og_type":"article","og_title":"Konfigurator box doccia: scegli in base alle tipologie e finiture","og_description":"Mit dem Duschkabinen-Konfigurator finden Sie die f\u00fcr Ihre Bed\u00fcrfnisse passenden Relax Design- und Qualit\u00e4tsprodukte.","og_url":"https:\/\/relaxsrl.com\/de\/produkte\/konfigurator\/","og_site_name":"Relax srl","article_modified_time":"2022-11-17T14:36:15+00:00","twitter_card":"summary_large_image","twitter_misc":{"Gesch\u00e4tzte Lesezeit":"4 Minuten"},"schema":{"@context":"https:\/\/schema.org","@graph":[{"@type":"WebSite","@id":"https:\/\/relaxsrl.com\/#website","url":"https:\/\/relaxsrl.com\/","name":"Relax srl","description":"","potentialAction":[{"@type":"SearchAction","target":{"@type":"EntryPoint","urlTemplate":"https:\/\/relaxsrl.com\/?s={search_term_string}"},"query-input":"required name=search_term_string"}],"inLanguage":"de-DE"},{"@type":"ImageObject","inLanguage":"de-DE","@id":"https:\/\/relaxsrl.com\/de\/produkte\/konfigurator\/#primaryimage","url":"https:\/\/relaxsrl.com\/website\/wp-content\/uploads\/2021\/11\/TIPOLOGIA_BOX_ANGOLARE.jpg","contentUrl":"https:\/\/relaxsrl.com\/website\/wp-content\/uploads\/2021\/11\/TIPOLOGIA_BOX_ANGOLARE.jpg","width":800,"height":600},{"@type":"WebPage","@id":"https:\/\/relaxsrl.com\/de\/produkte\/konfigurator\/#webpage","url":"https:\/\/relaxsrl.com\/de\/produkte\/konfigurator\/","name":"Konfigurator box doccia: scegli in base alle tipologie e finiture","isPartOf":{"@id":"https:\/\/relaxsrl.com\/#website"},"primaryImageOfPage":{"@id":"https:\/\/relaxsrl.com\/de\/produkte\/konfigurator\/#primaryimage"},"datePublished":"2022-08-11T15:04:32+00:00","dateModified":"2022-11-17T14:36:15+00:00","description":"Mit dem Duschkabinen-Konfigurator finden Sie die f\u00fcr Ihre Bed\u00fcrfnisse passenden Relax Design- und Qualit\u00e4tsprodukte.","breadcrumb":{"@id":"https:\/\/relaxsrl.com\/de\/produkte\/konfigurator\/#breadcrumb"},"inLanguage":"de-DE","potentialAction":[{"@type":"ReadAction","target":["https:\/\/relaxsrl.com\/de\/produkte\/konfigurator\/"]}]},{"@type":"BreadcrumbList","@id":"https:\/\/relaxsrl.com\/de\/produkte\/konfigurator\/#breadcrumb","itemListElement":[{"@type":"ListItem","position":1,"name":"Produkte","item":"https:\/\/relaxsrl.com\/de\/produkte\/"},{"@type":"ListItem","position":2,"name":"Konfigurator"}]}]}},"_links":{"self":[{"href":"https:\/\/relaxsrl.com\/de\/wp-json\/wp\/v2\/pages\/22944"}],"collection":[{"href":"https:\/\/relaxsrl.com\/de\/wp-json\/wp\/v2\/pages"}],"about":[{"href":"https:\/\/relaxsrl.com\/de\/wp-json\/wp\/v2\/types\/page"}],"author":[{"embeddable":true,"href":"https:\/\/relaxsrl.com\/de\/wp-json\/wp\/v2\/users\/3"}],"replies":[{"embeddable":true,"href":"https:\/\/relaxsrl.com\/de\/wp-json\/wp\/v2\/comments?post=22944"}],"version-history":[{"count":5,"href":"https:\/\/relaxsrl.com\/de\/wp-json\/wp\/v2\/pages\/22944\/revisions"}],"predecessor-version":[{"id":24553,"href":"https:\/\/relaxsrl.com\/de\/wp-json\/wp\/v2\/pages\/22944\/revisions\/24553"}],"up":[{"embeddable":true,"href":"https:\/\/relaxsrl.com\/de\/wp-json\/wp\/v2\/pages\/22867"}],"wp:featuredmedia":[{"embeddable":true,"href":"https:\/\/relaxsrl.com\/de\/wp-json\/wp\/v2\/media\/25039"}],"wp:attachment":[{"href":"https:\/\/relaxsrl.com\/de\/wp-json\/wp\/v2\/media?parent=22944"}],"curies":[{"name":"wp","href":"https:\/\/api.w.org\/{rel}","templated":true}]}}