{"id":22972,"date":"2022-08-11T17:26:11","date_gmt":"2022-08-11T15:26:11","guid":{"rendered":"https:\/\/relaxsrl.com\/produkte\/kollektionen\/steam\/"},"modified":"2022-12-16T16:18:15","modified_gmt":"2022-12-16T15:18:15","slug":"steam","status":"publish","type":"page","link":"https:\/\/relaxsrl.com\/de\/produkte\/kollektionen-2\/steam\/","title":{"rendered":"Steam"},"content":{"rendered":"<p>[vc_row full_width=&#8220;stretch_row&#8220; equal_height=&#8220;yes&#8220; el_class=&#8220;row-header-collezione-prodotti&#8220; css=&#8220;.vc_custom_1632994649392{background-image: url(http:\/\/relaxsrl.com\/wp-content\/uploads\/2021\/09\/collezione-steam.jpg?id=2742) !important;}&#8220;][vc_column width=&#8220;1\/2&#8243; el_class=&#8220;col-sx-header-collezione-prodotti&#8220;][vc_column_text el_class=&#8220;header-collezione-prodotti-txt&#8220;]<\/p>\n<h1>Steam, die Duschkabine f\u00fcrs Dampfbad<\/h1>\n<p>T\u00fcr oder Fenster zum Umbau der Duschkabine in ein komfortables Dampfbad mit System zur Speicherung von Dampf. Es kann direkt im Mauerwerk eingebaut sein oder aus einer herk\u00f6mmlichen Duschkabine bestehen. Dampferzeuger erh\u00e4ltlich.<br \/>\nalternativ: Ob T\u00fcre oder Fenster f\u00fcr komfortable Duschkabinen mit Dampfspeichersystem. Sie k\u00f6nnen direkt im Mauerwerk eingebaut oder in die Zusammensetzung einer herk\u00f6mmlichen Duschkabine eingebaut werden. Der Dampferzeuger ist ebenfalls erh\u00e4ltlich.[\/vc_column_text][\/vc_column][vc_column width=&#8220;1\/2&#8243; el_class=&#8220;col-dx-header-collezione-prodotti&#8220;][vc_single_image image=&#8220;2159&#8243; img_size=&#8220;full&#8220; alignment=&#8220;center&#8220; el_class=&#8220;row-header-prodotto-img&#8220;][\/vc_column][\/vc_row][vc_row el_class=&#8220;row-path&#8220;][vc_column][vc_column_text][\/vc_column_text][\/vc_column][\/vc_row][vc_row][vc_column]<div class=\"woocommerce columns-4 \"><ul class=\"products columns-4\">\n<li class=\"product type-product post-21159 status-publish first instock product_cat-niche-battante product_cat-battente-de product_cat-box-doccia-en product_cat-box-doccia-de product_cat-cabine-de-douche product_cat-collections product_cat-collections-en product_cat-niche-hinged product_cat-nicchia-de product_cat-niche-fr product_cat-niche product_cat-collezioni-de product_cat-steam-de product_cat-steam-ru product_cat-steam-fr product_cat-steam-en product_cat-tipologia-prodotto-de product_cat-tipologia-prodotto-en product_cat-type-de-produit product_cat-1618 product_cat-1568 product_cat-1638 product_cat-1637 product_cat-1617 has-post-thumbnail shipping-taxable product-type-simple\">\n\t<div class=\"woocommerce-loop-product__short_description\" itemprop=\"description\"><a href=\"https:\/\/relaxsrl.com\/de\/produkt\/steam-pb\/\" class=\"woocommerce-LoopProduct-link woocommerce-loop-product__link\"><p>Duschabtrennung in Nische mit zur Festseite \u00f6ffnender Fl\u00fcgelt\u00fcr und Dampfdichtsystem.<\/p>\n<\/a><\/div><\/li>\n<li class=\"product type-product post-21161 status-publish instock product_cat-box-doccia-en product_cat-box-doccia-de product_cat-cabine-de-douche product_cat-collections product_cat-collections-en product_cat-collezioni-de product_cat-steam-ru product_cat-steam-fr product_cat-steam-en product_cat-steam-de product_cat-tipologia-prodotto-de product_cat-tipologia-prodotto-en product_cat-type-de-produit product_cat-1618 product_cat-1568 product_cat-1617 has-post-thumbnail shipping-taxable product-type-simple\">\n\t<div class=\"woocommerce-loop-product__short_description\" itemprop=\"description\"><a href=\"https:\/\/relaxsrl.com\/de\/produkt\/steam-v\/\" class=\"woocommerce-LoopProduct-link woocommerce-loop-product__link\"><p>Glas f\u00fcr Nischenduschabtrennung mit Dampfdichtsystem.<\/p>\n<\/a><\/div><\/li>\n<li class=\"product type-product post-21162 status-publish instock product_cat-angolare-de product_cat-angolare-en product_cat-battente-de-2 product_cat-box-doccia-en product_cat-box-doccia-de product_cat-cabina-doccia-per-2 product_cat-collections-en product_cat-hinged product_cat-collezioni-de product_cat-selection-guide-shower-enclosure-for-2 product_cat-steam-de product_cat-steam-ru product_cat-steam-en product_cat-tipologia-prodotto-en product_cat-tipologia-prodotto-de product_cat-1618 product_cat------x-2 product_cat-1568 product_cat-1627 product_cat-1617 product_cat-1626 has-post-thumbnail shipping-taxable product-type-simple\">\n\t<div class=\"woocommerce-loop-product__short_description\" itemprop=\"description\"><a href=\"https:\/\/relaxsrl.com\/de\/produkt\/steam-pb-steam-f\/\" class=\"woocommerce-LoopProduct-link woocommerce-loop-product__link\"><p>Eckduschabtrennung mit Fl\u00fcgelt\u00fcr, zwei festen Seiten und Dampfdichtsystem.<\/p>\n<\/a><\/div><\/li>\n<li class=\"product type-product post-21163 status-publish last instock product_cat-niche-battante product_cat-battente-de product_cat-box-doccia-de product_cat-box-doccia-en product_cat-cabine-de-douche product_cat-collections-en product_cat-collections product_cat-niche-hinged product_cat-nicchia-de product_cat-niche-fr product_cat-niche product_cat-collezioni-de product_cat-steam-fr product_cat-steam-en product_cat-steam-de product_cat-steam-ru product_cat-tipologia-prodotto-en product_cat-tipologia-prodotto-de product_cat-type-de-produit product_cat-1618 product_cat-1568 product_cat-1638 product_cat-1637 product_cat-1617 has-post-thumbnail shipping-taxable product-type-simple\">\n\t<div class=\"woocommerce-loop-product__short_description\" itemprop=\"description\"><a href=\"https:\/\/relaxsrl.com\/de\/produkt\/steam-pl\/\" class=\"woocommerce-LoopProduct-link woocommerce-loop-product__link\"><p>Duschabtrennung in Nische mit Fl\u00fcgelt\u00fcr, fester Seitenwand und Dampfdichtsystem.<\/p>\n<\/a><\/div><\/li>\n<li class=\"product type-product post-21165 status-publish first instock product_cat-niche-battante product_cat-battente-de product_cat-box-doccia-de product_cat-box-doccia-en product_cat-cabine-de-douche product_cat-collections product_cat-collections-en product_cat-niche-hinged product_cat-nicchia-de product_cat-niche-fr product_cat-niche product_cat-collezioni-de product_cat-steam-de product_cat-steam-ru product_cat-steam-fr product_cat-steam-en product_cat-tipologia-prodotto-en product_cat-tipologia-prodotto-de product_cat-type-de-produit product_cat-1618 product_cat-1568 product_cat-1638 product_cat-1637 product_cat-1617 has-post-thumbnail shipping-taxable product-type-simple\">\n\t<div class=\"woocommerce-loop-product__short_description\" itemprop=\"description\"><a href=\"https:\/\/relaxsrl.com\/de\/produkt\/steam-b1\/\" class=\"woocommerce-LoopProduct-link woocommerce-loop-product__link\"><p>Duschabtrennung in Nische mit Fl\u00fcgelt\u00fcr und Dampfdichtsystem.<\/p>\n<\/a><\/div><\/li>\n<li class=\"product type-product post-27402 status-publish instock product_cat-collections-en product_cat-collections product_cat-complementi-de product_cat-complements-fr product_cat-complements product_cat-collezioni-de product_cat-steam-fr product_cat-steam-ru product_cat-steam-de product_cat-steam-en product_cat-tipologia-prodotto-en product_cat-tipologia-prodotto-de product_cat-type-de-produit product_cat-1650 product_cat-1568 product_cat-1617 has-post-thumbnail shipping-taxable product-type-simple\">\n\t<div class=\"woocommerce-loop-product__short_description\" itemprop=\"description\"><a href=\"https:\/\/relaxsrl.com\/de\/produkt\/x-steam\/\" class=\"woocommerce-LoopProduct-link woocommerce-loop-product__link\"><p>Dampfgenerator f\u00fcr t\u00fcrkisches Bad.<\/p>\n<\/a><\/div><\/li>\n<li class=\"product type-product post-21164 status-publish instock product_cat-angolare-de product_cat-angolare-en product_cat-angulaire product_cat-angulaire-battante product_cat-battente-de-2 product_cat-box-doccia-de product_cat-box-doccia-en product_cat-cabine-de-douche product_cat-collections product_cat-collections-en product_cat-hinged product_cat-collezioni-de product_cat-steam-de product_cat-steam-en product_cat-steam-ru product_cat-steam-fr product_cat-tipologia-prodotto-en product_cat-tipologia-prodotto-de product_cat-type-de-produit product_cat-1618 product_cat-1568 product_cat-1627 product_cat-1617 product_cat-1626 has-post-thumbnail shipping-taxable product-type-simple\">\n\t<div class=\"woocommerce-loop-product__short_description\" itemprop=\"description\"><a href=\"https:\/\/relaxsrl.com\/de\/produkt\/steam-b1-steam-f\/\" class=\"woocommerce-LoopProduct-link woocommerce-loop-product__link\"><p>Duschabtrennung mit Fl\u00fcgelt\u00fcr, einer festen Seite und Dampfdichtsystem.<\/p>\n<\/a><\/div><\/li>\n<\/ul>\n<\/div>[\/vc_column][\/vc_row]<\/p>\n","protected":false},"excerpt":{"rendered":"<p>[vc_row full_width=&#8220;stretch_row&#8220; equal_height=&#8220;yes&#8220; el_class=&#8220;row-header-collezione-prodotti&#8220; css=&#8220;.vc_custom_1632994649392{background-image: url(http:\/\/relaxsrl.com\/wp-content\/uploads\/2021\/09\/collezione-steam.jpg?id=2742) !important;}&#8220;][vc_column width=&#8220;1\/2&#8243; el_class=&#8220;col-sx-header-collezione-prodotti&#8220;][vc_column_text el_class=&#8220;header-collezione-prodotti-txt&#8220;] Steam, die Duschkabine f\u00fcrs Dampfbad T\u00fcr oder Fenster zum Umbau der Duschkabine in ein komfortables Dampfbad mit System zur Speicherung von Dampf. Es kann direkt im Mauerwerk eingebaut sein oder aus einer herk\u00f6mmlichen Duschkabine bestehen. Dampferzeuger erh\u00e4ltlich. alternativ: Ob T\u00fcre oder Fenster f\u00fcr komfortable Duschkabinen [&hellip;]<\/p>\n","protected":false},"author":3,"featured_media":10673,"parent":32052,"menu_order":0,"comment_status":"closed","ping_status":"closed","template":"","meta":[],"acf":[],"yoast_head":"<!-- This site is optimized with the Yoast SEO Premium plugin v18.4 (Yoast SEO v18.8) - https:\/\/yoast.com\/wordpress\/plugins\/seo\/ -->\n<title>Steam - Relax srl<\/title>\n<meta name=\"description\" content=\"T\u00fcr oder Fenster, um komfortable Duschkabinen mit t\u00fcrkischem Bad zu erhalten, die mit einem Dampfdichtungssystem ausgestattet sind. Sehen Sie sich die Steam-Sammlung an.\" \/>\n<meta name=\"robots\" content=\"index, follow, max-snippet:-1, max-image-preview:large, max-video-preview:-1\" \/>\n<link rel=\"canonical\" href=\"https:\/\/relaxsrl.com\/de\/produkte\/kollektionen-2\/steam\/\" \/>\n<meta property=\"og:locale\" content=\"de_DE\" \/>\n<meta property=\"og:type\" content=\"article\" \/>\n<meta property=\"og:title\" content=\"Steam - Relax srl\" \/>\n<meta property=\"og:description\" content=\"T\u00fcr oder Fenster, um komfortable Duschkabinen mit t\u00fcrkischem Bad zu erhalten, die mit einem Dampfdichtungssystem ausgestattet sind. Sehen Sie sich die Steam-Sammlung an.\" \/>\n<meta property=\"og:url\" content=\"https:\/\/relaxsrl.com\/de\/produkte\/kollektionen-2\/steam\/\" \/>\n<meta property=\"og:site_name\" content=\"Relax srl\" \/>\n<meta property=\"article:modified_time\" content=\"2022-12-16T15:18:15+00:00\" \/>\n<meta property=\"og:image\" content=\"https:\/\/relaxsrl.com\/website\/wp-content\/uploads\/2021\/11\/STEAM_PB_F_ANGOLO.jpg\" \/>\n\t<meta property=\"og:image:width\" content=\"520\" \/>\n\t<meta property=\"og:image:height\" content=\"720\" \/>\n\t<meta property=\"og:image:type\" content=\"image\/jpeg\" \/>\n<meta name=\"twitter:card\" content=\"summary_large_image\" \/>\n<meta name=\"twitter:label1\" content=\"Gesch\u00e4tzte Lesezeit\" \/>\n\t<meta name=\"twitter:data1\" content=\"1 Minute\" \/>\n<script type=\"application\/ld+json\" class=\"yoast-schema-graph\">{\"@context\":\"https:\/\/schema.org\",\"@graph\":[{\"@type\":\"WebSite\",\"@id\":\"https:\/\/relaxsrl.com\/#website\",\"url\":\"https:\/\/relaxsrl.com\/\",\"name\":\"Relax srl\",\"description\":\"\",\"potentialAction\":[{\"@type\":\"SearchAction\",\"target\":{\"@type\":\"EntryPoint\",\"urlTemplate\":\"https:\/\/relaxsrl.com\/?s={search_term_string}\"},\"query-input\":\"required name=search_term_string\"}],\"inLanguage\":\"de-DE\"},{\"@type\":\"ImageObject\",\"inLanguage\":\"de-DE\",\"@id\":\"https:\/\/relaxsrl.com\/de\/produkte\/kollektionen-2\/steam\/#primaryimage\",\"url\":\"https:\/\/relaxsrl.com\/website\/wp-content\/uploads\/2021\/11\/STEAM_PB_F_ANGOLO.jpg\",\"contentUrl\":\"https:\/\/relaxsrl.com\/website\/wp-content\/uploads\/2021\/11\/STEAM_PB_F_ANGOLO.jpg\",\"width\":520,\"height\":720,\"caption\":\"Eckduschabtrennung f\u00fcr den Wellnessbereich mit wasserdichten Profilen\"},{\"@type\":\"WebPage\",\"@id\":\"https:\/\/relaxsrl.com\/de\/produkte\/kollektionen-2\/steam\/#webpage\",\"url\":\"https:\/\/relaxsrl.com\/de\/produkte\/kollektionen-2\/steam\/\",\"name\":\"Steam - Relax srl\",\"isPartOf\":{\"@id\":\"https:\/\/relaxsrl.com\/#website\"},\"primaryImageOfPage\":{\"@id\":\"https:\/\/relaxsrl.com\/de\/produkte\/kollektionen-2\/steam\/#primaryimage\"},\"datePublished\":\"2022-08-11T15:26:11+00:00\",\"dateModified\":\"2022-12-16T15:18:15+00:00\",\"description\":\"T\u00fcr oder Fenster, um komfortable Duschkabinen mit t\u00fcrkischem Bad zu erhalten, die mit einem Dampfdichtungssystem ausgestattet sind. Sehen Sie sich die Steam-Sammlung an.\",\"breadcrumb\":{\"@id\":\"https:\/\/relaxsrl.com\/de\/produkte\/kollektionen-2\/steam\/#breadcrumb\"},\"inLanguage\":\"de-DE\",\"potentialAction\":[{\"@type\":\"ReadAction\",\"target\":[\"https:\/\/relaxsrl.com\/de\/produkte\/kollektionen-2\/steam\/\"]}]},{\"@type\":\"BreadcrumbList\",\"@id\":\"https:\/\/relaxsrl.com\/de\/produkte\/kollektionen-2\/steam\/#breadcrumb\",\"itemListElement\":[{\"@type\":\"ListItem\",\"position\":1,\"name\":\"Produkte\",\"item\":\"https:\/\/relaxsrl.com\/de\/produkte\/\"},{\"@type\":\"ListItem\",\"position\":2,\"name\":\"Kollektionen\",\"item\":\"https:\/\/relaxsrl.com\/de\/produkte\/kollektionen-old-non-usare\/\"},{\"@type\":\"ListItem\",\"position\":3,\"name\":\"Steam\"}]}]}<\/script>\n<!-- \/ Yoast SEO Premium plugin. -->","yoast_head_json":{"title":"Steam - Relax srl","description":"T\u00fcr oder Fenster, um komfortable Duschkabinen mit t\u00fcrkischem Bad zu erhalten, die mit einem Dampfdichtungssystem ausgestattet sind. Sehen Sie sich die Steam-Sammlung an.","robots":{"index":"index","follow":"follow","max-snippet":"max-snippet:-1","max-image-preview":"max-image-preview:large","max-video-preview":"max-video-preview:-1"},"canonical":"https:\/\/relaxsrl.com\/de\/produkte\/kollektionen-2\/steam\/","og_locale":"de_DE","og_type":"article","og_title":"Steam - Relax srl","og_description":"T\u00fcr oder Fenster, um komfortable Duschkabinen mit t\u00fcrkischem Bad zu erhalten, die mit einem Dampfdichtungssystem ausgestattet sind. Sehen Sie sich die Steam-Sammlung an.","og_url":"https:\/\/relaxsrl.com\/de\/produkte\/kollektionen-2\/steam\/","og_site_name":"Relax srl","article_modified_time":"2022-12-16T15:18:15+00:00","og_image":[{"width":520,"height":720,"url":"https:\/\/relaxsrl.com\/website\/wp-content\/uploads\/2021\/11\/STEAM_PB_F_ANGOLO.jpg","type":"image\/jpeg"}],"twitter_card":"summary_large_image","twitter_misc":{"Gesch\u00e4tzte Lesezeit":"1 Minute"},"schema":{"@context":"https:\/\/schema.org","@graph":[{"@type":"WebSite","@id":"https:\/\/relaxsrl.com\/#website","url":"https:\/\/relaxsrl.com\/","name":"Relax srl","description":"","potentialAction":[{"@type":"SearchAction","target":{"@type":"EntryPoint","urlTemplate":"https:\/\/relaxsrl.com\/?s={search_term_string}"},"query-input":"required name=search_term_string"}],"inLanguage":"de-DE"},{"@type":"ImageObject","inLanguage":"de-DE","@id":"https:\/\/relaxsrl.com\/de\/produkte\/kollektionen-2\/steam\/#primaryimage","url":"https:\/\/relaxsrl.com\/website\/wp-content\/uploads\/2021\/11\/STEAM_PB_F_ANGOLO.jpg","contentUrl":"https:\/\/relaxsrl.com\/website\/wp-content\/uploads\/2021\/11\/STEAM_PB_F_ANGOLO.jpg","width":520,"height":720,"caption":"Eckduschabtrennung f\u00fcr den Wellnessbereich mit wasserdichten Profilen"},{"@type":"WebPage","@id":"https:\/\/relaxsrl.com\/de\/produkte\/kollektionen-2\/steam\/#webpage","url":"https:\/\/relaxsrl.com\/de\/produkte\/kollektionen-2\/steam\/","name":"Steam - Relax srl","isPartOf":{"@id":"https:\/\/relaxsrl.com\/#website"},"primaryImageOfPage":{"@id":"https:\/\/relaxsrl.com\/de\/produkte\/kollektionen-2\/steam\/#primaryimage"},"datePublished":"2022-08-11T15:26:11+00:00","dateModified":"2022-12-16T15:18:15+00:00","description":"T\u00fcr oder Fenster, um komfortable Duschkabinen mit t\u00fcrkischem Bad zu erhalten, die mit einem Dampfdichtungssystem ausgestattet sind. Sehen Sie sich die Steam-Sammlung an.","breadcrumb":{"@id":"https:\/\/relaxsrl.com\/de\/produkte\/kollektionen-2\/steam\/#breadcrumb"},"inLanguage":"de-DE","potentialAction":[{"@type":"ReadAction","target":["https:\/\/relaxsrl.com\/de\/produkte\/kollektionen-2\/steam\/"]}]},{"@type":"BreadcrumbList","@id":"https:\/\/relaxsrl.com\/de\/produkte\/kollektionen-2\/steam\/#breadcrumb","itemListElement":[{"@type":"ListItem","position":1,"name":"Produkte","item":"https:\/\/relaxsrl.com\/de\/produkte\/"},{"@type":"ListItem","position":2,"name":"Kollektionen","item":"https:\/\/relaxsrl.com\/de\/produkte\/kollektionen-old-non-usare\/"},{"@type":"ListItem","position":3,"name":"Steam"}]}]}},"_links":{"self":[{"href":"https:\/\/relaxsrl.com\/de\/wp-json\/wp\/v2\/pages\/22972"}],"collection":[{"href":"https:\/\/relaxsrl.com\/de\/wp-json\/wp\/v2\/pages"}],"about":[{"href":"https:\/\/relaxsrl.com\/de\/wp-json\/wp\/v2\/types\/page"}],"author":[{"embeddable":true,"href":"https:\/\/relaxsrl.com\/de\/wp-json\/wp\/v2\/users\/3"}],"replies":[{"embeddable":true,"href":"https:\/\/relaxsrl.com\/de\/wp-json\/wp\/v2\/comments?post=22972"}],"version-history":[{"count":8,"href":"https:\/\/relaxsrl.com\/de\/wp-json\/wp\/v2\/pages\/22972\/revisions"}],"predecessor-version":[{"id":25017,"href":"https:\/\/relaxsrl.com\/de\/wp-json\/wp\/v2\/pages\/22972\/revisions\/25017"}],"up":[{"embeddable":true,"href":"https:\/\/relaxsrl.com\/de\/wp-json\/wp\/v2\/pages\/32052"}],"wp:featuredmedia":[{"embeddable":true,"href":"https:\/\/relaxsrl.com\/de\/wp-json\/wp\/v2\/media\/10673"}],"wp:attachment":[{"href":"https:\/\/relaxsrl.com\/de\/wp-json\/wp\/v2\/media?parent=22972"}],"curies":[{"name":"wp","href":"https:\/\/api.w.org\/{rel}","templated":true}]}}