{"id":22988,"date":"2022-08-11T17:28:41","date_gmt":"2022-08-11T15:28:41","guid":{"rendered":"https:\/\/relaxsrl.com\/produkte\/kollektionen\/oblique\/"},"modified":"2022-12-16T15:38:34","modified_gmt":"2022-12-16T14:38:34","slug":"oblique","status":"publish","type":"page","link":"https:\/\/relaxsrl.com\/de\/produkte\/kollektionen-2\/oblique\/","title":{"rendered":"Oblique"},"content":{"rendered":"<p>[vc_row full_width=&#8220;stretch_row&#8220; equal_height=&#8220;yes&#8220; el_class=&#8220;row-header-collezione-prodotti&#8220; css=&#8220;.vc_custom_1635241491484{background-image: url(http:\/\/relaxsrl.com\/wp-content\/uploads\/2021\/10\/Oblique.jpg?id=9016) !important;}&#8220;][vc_column width=&#8220;1\/2&#8243; el_class=&#8220;col-sx-header-collezione-prodotti&#8220; offset=&#8220;vc_hidden-xs&#8220;][vc_column_text el_class=&#8220;header-collezione-prodotti-txt&#8220;]<\/p>\n<h1> Schr\u00e4ge, einzigartige Badaccessoires <\/h1>\n<p>Produkte zur Ausstattung des Badezimmers, angefangen bei dekorativen Regalen und anderen mit stabilisierender Funktion f\u00fcr die Duschkabine. Letztere l\u00f6sen viele ansonsten kritische Situationen. In Kombination Duschk\u00f6pfe, Handtuchhalter, Toilettenpapierhalter und Toilettenb\u00fcrstenhalter.[\/vc_column_text][vc_column_text el_class=&#8220;header-collezione-prodotti-txt header-collezione-prodotti-txt-designer&#8220;]Designer: G.Diana[\/vc_column_text][\/vc_column][vc_column width=&#8220;1\/2&#8243; el_class=&#8220;col-dx-header-collezione-prodotti&#8220;][vc_single_image image=&#8220;9185&#8243; img_size=&#8220;full&#8220; alignment=&#8220;center&#8220; el_class=&#8220;row-header-prodotto-img&#8220;][\/vc_column][\/vc_row][vc_row full_width=&#8220;stretch_row&#8220; equal_height=&#8220;yes&#8220; el_class=&#8220;row-header-collezione-prodotti&#8220; css=&#8220;.vc_custom_1635241491484{background-image: url(http:\/\/relaxsrl.com\/wp-content\/uploads\/2021\/10\/Oblique.jpg?id=9016) !important;}&#8220;][vc_column width=&#8220;1\/2&#8243; el_class=&#8220;col-sx-header-collezione-prodotti&#8220; offset=&#8220;vc_hidden-lg vc_hidden-md vc_hidden-sm&#8220;][vc_column_text el_class=&#8220;header-collezione-prodotti-txt&#8220;]<\/p>\n<h1> Schr\u00e4ge, einzigartige Badaccessoires <\/h1>\n<p>Produkte zur Ausstattung des Badezimmers, angefangen bei dekorativen Regalen und anderen mit stabilisierender Funktion f\u00fcr die Duschkabine. Letztere l\u00f6sen viele ansonsten kritische Situationen. In Kombination Duschk\u00f6pfe, Handtuchhalter, Toilettenpapierhalter und Toilettenb\u00fcrstenhalter.[\/vc_column_text][vc_column_text el_class=&#8220;header-collezione-prodotti-txt&#8220;]Designer: G.Diana[\/vc_column_text][\/vc_column][\/vc_row][vc_row el_class=&#8220;row-path&#8220;][vc_column][vc_column_text][\/vc_column_text][\/vc_column][\/vc_row][vc_row][vc_column]<div class=\"woocommerce columns-4 \"><ul class=\"products columns-4\">\n<li class=\"product type-product post-20992 status-publish first instock product_cat-collections-en product_cat-collections product_cat-complementi-de product_cat-complements product_cat-complements-fr product_cat-guida-alla-scelta-de product_cat-selection-guide-en product_cat-guide-de-selection product_cat-oblique-de product_cat-oblique-en product_cat-oblique-ru product_cat-oblique-fr product_cat-collezioni-de product_cat-tipologia-prodotto-de product_cat-tipologia-prodotto-en product_cat-type-de-produit product_cat-guide-de-selection-walk-in product_cat-walk-in-de-5 product_cat-walk-in-en-2 product_cat-1650 product_cat-1568 product_cat-1615 product_cat-1594 product_cat-1617 has-post-thumbnail shipping-taxable product-type-simple\">\n\t<div class=\"woocommerce-loop-product__short_description\" itemprop=\"description\"><a href=\"https:\/\/relaxsrl.com\/de\/produkt\/oblique-mv\/\" class=\"woocommerce-LoopProduct-link woocommerce-loop-product__link\"><p>Regal mit stabilisierender Funktion. Erh\u00e4ltlich in Stahl oder Mineralwerkstoff.<\/p>\n<\/a><\/div><\/li>\n<li class=\"product type-product post-20990 status-publish instock product_cat-collections product_cat-collections-en product_cat-complementi-de product_cat-complements product_cat-complements-fr product_cat-oblique-de product_cat-oblique-ru product_cat-oblique-en product_cat-oblique-fr product_cat-collezioni-de product_cat-tipologia-prodotto-de product_cat-tipologia-prodotto-en product_cat-type-de-produit product_cat-1650 product_cat-1568 product_cat-1617 has-post-thumbnail shipping-taxable product-type-simple\">\n\t<div class=\"woocommerce-loop-product__short_description\" itemprop=\"description\"><a href=\"https:\/\/relaxsrl.com\/de\/produkt\/oblique-p\/\" class=\"woocommerce-LoopProduct-link woocommerce-loop-product__link\"><p>Handtuchhalter aus Glas f\u00fcr den Au\u00dfenbereich. Erh\u00e4ltlich in Stahl oder Mineralwerkstoff.<\/p>\n<\/a><\/div><\/li>\n<li class=\"product type-product post-20989 status-publish instock product_cat-collections product_cat-collections-en product_cat-complementi-de product_cat-complements product_cat-complements-fr product_cat-oblique-de product_cat-oblique-ru product_cat-oblique-en product_cat-oblique-fr product_cat-collezioni-de product_cat-tipologia-prodotto-de product_cat-tipologia-prodotto-en product_cat-type-de-produit product_cat-1650 product_cat-1568 product_cat-1617 has-post-thumbnail shipping-taxable product-type-simple\">\n\t<div class=\"woocommerce-loop-product__short_description\" itemprop=\"description\"><a href=\"https:\/\/relaxsrl.com\/de\/produkt\/oblique-p39\/\" class=\"woocommerce-LoopProduct-link woocommerce-loop-product__link\"><p>Wandmontierter Handtuchhalter aus lackiertem Stahl.<\/p>\n<\/a><\/div><\/li>\n<li class=\"product type-product post-20987 status-publish last instock product_cat-collections product_cat-collections-en product_cat-complementi-de product_cat-complements product_cat-complements-fr product_cat-oblique-de product_cat-oblique-ru product_cat-oblique-en product_cat-oblique-fr product_cat-collezioni-de product_cat-tipologia-prodotto-de product_cat-tipologia-prodotto-en product_cat-type-de-produit product_cat-1650 product_cat-1568 product_cat-1617 has-post-thumbnail shipping-taxable product-type-simple\">\n\t<div class=\"woocommerce-loop-product__short_description\" itemprop=\"description\"><a href=\"https:\/\/relaxsrl.com\/de\/produkt\/oblique-m\/\" class=\"woocommerce-LoopProduct-link woocommerce-loop-product__link\"><p>Zierregal. Erh\u00e4ltlich in Stahl oder Mineralwerkstoff.<\/p>\n<\/a><\/div><\/li>\n<li class=\"product type-product post-20988 status-publish first instock product_cat-collections product_cat-collections-en product_cat-complementi-de product_cat-complements product_cat-complements-fr product_cat-oblique-fr product_cat-oblique-de product_cat-oblique-ru product_cat-oblique-en product_cat-collezioni-de product_cat-tipologia-prodotto-de product_cat-tipologia-prodotto-en product_cat-type-de-produit product_cat-1650 product_cat-1568 product_cat-1617 has-post-thumbnail shipping-taxable product-type-simple\">\n\t<div class=\"woocommerce-loop-product__short_description\" itemprop=\"description\"><a href=\"https:\/\/relaxsrl.com\/de\/produkt\/oblique-pr\/\" class=\"woocommerce-LoopProduct-link woocommerce-loop-product__link\"><p>Rollenhalter aus Stahl zum Aufh\u00e4ngen an der Wand.<\/p>\n<\/a><\/div><\/li>\n<\/ul>\n<\/div>[\/vc_column][\/vc_row]<\/p>\n","protected":false},"excerpt":{"rendered":"<p>[vc_row full_width=&#8220;stretch_row&#8220; equal_height=&#8220;yes&#8220; el_class=&#8220;row-header-collezione-prodotti&#8220; css=&#8220;.vc_custom_1635241491484{background-image: url(http:\/\/relaxsrl.com\/wp-content\/uploads\/2021\/10\/Oblique.jpg?id=9016) !important;}&#8220;][vc_column width=&#8220;1\/2&#8243; el_class=&#8220;col-sx-header-collezione-prodotti&#8220; offset=&#8220;vc_hidden-xs&#8220;][vc_column_text el_class=&#8220;header-collezione-prodotti-txt&#8220;] Schr\u00e4ge, einzigartige Badaccessoires Produkte zur Ausstattung des Badezimmers, angefangen bei dekorativen Regalen und anderen mit stabilisierender Funktion f\u00fcr die Duschkabine. Letztere l\u00f6sen viele ansonsten kritische Situationen. In Kombination Duschk\u00f6pfe, Handtuchhalter, Toilettenpapierhalter und Toilettenb\u00fcrstenhalter.[\/vc_column_text][vc_column_text el_class=&#8220;header-collezione-prodotti-txt header-collezione-prodotti-txt-designer&#8220;]Designer: G.Diana[\/vc_column_text][\/vc_column][vc_column width=&#8220;1\/2&#8243; el_class=&#8220;col-dx-header-collezione-prodotti&#8220;][vc_single_image image=&#8220;9185&#8243; img_size=&#8220;full&#8220; alignment=&#8220;center&#8220; el_class=&#8220;row-header-prodotto-img&#8220;][\/vc_column][\/vc_row][vc_row full_width=&#8220;stretch_row&#8220; equal_height=&#8220;yes&#8220; [&hellip;]<\/p>\n","protected":false},"author":3,"featured_media":9185,"parent":32052,"menu_order":0,"comment_status":"closed","ping_status":"closed","template":"","meta":[],"acf":[],"yoast_head":"<!-- This site is optimized with the Yoast SEO Premium plugin v18.4 (Yoast SEO v18.8) - https:\/\/yoast.com\/wordpress\/plugins\/seo\/ -->\n<title>Oblique - Relax srl<\/title>\n<meta name=\"description\" content=\"Produkte zur Ausstattung des Badezimmers, angefangen bei dekorativen Regalen und anderen mit stabilisierender Funktion f\u00fcr die Duschkabine. Entdecken Sie Oblique.\" \/>\n<meta name=\"robots\" content=\"index, follow, max-snippet:-1, max-image-preview:large, max-video-preview:-1\" \/>\n<link rel=\"canonical\" href=\"https:\/\/relaxsrl.com\/de\/produkte\/kollektionen-2\/oblique\/\" \/>\n<meta property=\"og:locale\" content=\"de_DE\" \/>\n<meta property=\"og:type\" content=\"article\" \/>\n<meta property=\"og:title\" content=\"Oblique - Relax srl\" \/>\n<meta property=\"og:description\" content=\"Produkte zur Ausstattung des Badezimmers, angefangen bei dekorativen Regalen und anderen mit stabilisierender Funktion f\u00fcr die Duschkabine. Entdecken Sie Oblique.\" \/>\n<meta property=\"og:url\" content=\"https:\/\/relaxsrl.com\/de\/produkte\/kollektionen-2\/oblique\/\" \/>\n<meta property=\"og:site_name\" content=\"Relax srl\" \/>\n<meta property=\"article:modified_time\" content=\"2022-12-16T14:38:34+00:00\" \/>\n<meta property=\"og:image\" content=\"https:\/\/relaxsrl.com\/website\/wp-content\/uploads\/2021\/10\/OBLIQUE_LATERALE-1.jpg\" \/>\n\t<meta property=\"og:image:width\" content=\"800\" \/>\n\t<meta property=\"og:image:height\" content=\"1110\" \/>\n\t<meta property=\"og:image:type\" content=\"image\/jpeg\" \/>\n<meta name=\"twitter:card\" content=\"summary_large_image\" \/>\n<meta name=\"twitter:label1\" content=\"Gesch\u00e4tzte Lesezeit\" \/>\n\t<meta name=\"twitter:data1\" content=\"1 Minute\" \/>\n<script type=\"application\/ld+json\" class=\"yoast-schema-graph\">{\"@context\":\"https:\/\/schema.org\",\"@graph\":[{\"@type\":\"WebSite\",\"@id\":\"https:\/\/relaxsrl.com\/#website\",\"url\":\"https:\/\/relaxsrl.com\/\",\"name\":\"Relax srl\",\"description\":\"\",\"potentialAction\":[{\"@type\":\"SearchAction\",\"target\":{\"@type\":\"EntryPoint\",\"urlTemplate\":\"https:\/\/relaxsrl.com\/?s={search_term_string}\"},\"query-input\":\"required name=search_term_string\"}],\"inLanguage\":\"de-DE\"},{\"@type\":\"ImageObject\",\"inLanguage\":\"de-DE\",\"@id\":\"https:\/\/relaxsrl.com\/de\/produkte\/kollektionen-2\/oblique\/#primaryimage\",\"url\":\"https:\/\/relaxsrl.com\/website\/wp-content\/uploads\/2021\/10\/OBLIQUE_LATERALE-1.jpg\",\"contentUrl\":\"https:\/\/relaxsrl.com\/website\/wp-content\/uploads\/2021\/10\/OBLIQUE_LATERALE-1.jpg\",\"width\":800,\"height\":1110,\"caption\":\"Oblique-Kollektion mit verschiedenen Regalen und Badaccessoires\"},{\"@type\":\"WebPage\",\"@id\":\"https:\/\/relaxsrl.com\/de\/produkte\/kollektionen-2\/oblique\/#webpage\",\"url\":\"https:\/\/relaxsrl.com\/de\/produkte\/kollektionen-2\/oblique\/\",\"name\":\"Oblique - Relax srl\",\"isPartOf\":{\"@id\":\"https:\/\/relaxsrl.com\/#website\"},\"primaryImageOfPage\":{\"@id\":\"https:\/\/relaxsrl.com\/de\/produkte\/kollektionen-2\/oblique\/#primaryimage\"},\"datePublished\":\"2022-08-11T15:28:41+00:00\",\"dateModified\":\"2022-12-16T14:38:34+00:00\",\"description\":\"Produkte zur Ausstattung des Badezimmers, angefangen bei dekorativen Regalen und anderen mit stabilisierender Funktion f\u00fcr die Duschkabine. Entdecken Sie Oblique.\",\"breadcrumb\":{\"@id\":\"https:\/\/relaxsrl.com\/de\/produkte\/kollektionen-2\/oblique\/#breadcrumb\"},\"inLanguage\":\"de-DE\",\"potentialAction\":[{\"@type\":\"ReadAction\",\"target\":[\"https:\/\/relaxsrl.com\/de\/produkte\/kollektionen-2\/oblique\/\"]}]},{\"@type\":\"BreadcrumbList\",\"@id\":\"https:\/\/relaxsrl.com\/de\/produkte\/kollektionen-2\/oblique\/#breadcrumb\",\"itemListElement\":[{\"@type\":\"ListItem\",\"position\":1,\"name\":\"Produkte\",\"item\":\"https:\/\/relaxsrl.com\/de\/produkte\/\"},{\"@type\":\"ListItem\",\"position\":2,\"name\":\"Kollektionen\",\"item\":\"https:\/\/relaxsrl.com\/de\/produkte\/kollektionen-old-non-usare\/\"},{\"@type\":\"ListItem\",\"position\":3,\"name\":\"Oblique\"}]}]}<\/script>\n<!-- \/ Yoast SEO Premium plugin. -->","yoast_head_json":{"title":"Oblique - Relax srl","description":"Produkte zur Ausstattung des Badezimmers, angefangen bei dekorativen Regalen und anderen mit stabilisierender Funktion f\u00fcr die Duschkabine. Entdecken Sie Oblique.","robots":{"index":"index","follow":"follow","max-snippet":"max-snippet:-1","max-image-preview":"max-image-preview:large","max-video-preview":"max-video-preview:-1"},"canonical":"https:\/\/relaxsrl.com\/de\/produkte\/kollektionen-2\/oblique\/","og_locale":"de_DE","og_type":"article","og_title":"Oblique - Relax srl","og_description":"Produkte zur Ausstattung des Badezimmers, angefangen bei dekorativen Regalen und anderen mit stabilisierender Funktion f\u00fcr die Duschkabine. Entdecken Sie Oblique.","og_url":"https:\/\/relaxsrl.com\/de\/produkte\/kollektionen-2\/oblique\/","og_site_name":"Relax srl","article_modified_time":"2022-12-16T14:38:34+00:00","og_image":[{"width":800,"height":1110,"url":"https:\/\/relaxsrl.com\/website\/wp-content\/uploads\/2021\/10\/OBLIQUE_LATERALE-1.jpg","type":"image\/jpeg"}],"twitter_card":"summary_large_image","twitter_misc":{"Gesch\u00e4tzte Lesezeit":"1 Minute"},"schema":{"@context":"https:\/\/schema.org","@graph":[{"@type":"WebSite","@id":"https:\/\/relaxsrl.com\/#website","url":"https:\/\/relaxsrl.com\/","name":"Relax srl","description":"","potentialAction":[{"@type":"SearchAction","target":{"@type":"EntryPoint","urlTemplate":"https:\/\/relaxsrl.com\/?s={search_term_string}"},"query-input":"required name=search_term_string"}],"inLanguage":"de-DE"},{"@type":"ImageObject","inLanguage":"de-DE","@id":"https:\/\/relaxsrl.com\/de\/produkte\/kollektionen-2\/oblique\/#primaryimage","url":"https:\/\/relaxsrl.com\/website\/wp-content\/uploads\/2021\/10\/OBLIQUE_LATERALE-1.jpg","contentUrl":"https:\/\/relaxsrl.com\/website\/wp-content\/uploads\/2021\/10\/OBLIQUE_LATERALE-1.jpg","width":800,"height":1110,"caption":"Oblique-Kollektion mit verschiedenen Regalen und Badaccessoires"},{"@type":"WebPage","@id":"https:\/\/relaxsrl.com\/de\/produkte\/kollektionen-2\/oblique\/#webpage","url":"https:\/\/relaxsrl.com\/de\/produkte\/kollektionen-2\/oblique\/","name":"Oblique - Relax srl","isPartOf":{"@id":"https:\/\/relaxsrl.com\/#website"},"primaryImageOfPage":{"@id":"https:\/\/relaxsrl.com\/de\/produkte\/kollektionen-2\/oblique\/#primaryimage"},"datePublished":"2022-08-11T15:28:41+00:00","dateModified":"2022-12-16T14:38:34+00:00","description":"Produkte zur Ausstattung des Badezimmers, angefangen bei dekorativen Regalen und anderen mit stabilisierender Funktion f\u00fcr die Duschkabine. Entdecken Sie Oblique.","breadcrumb":{"@id":"https:\/\/relaxsrl.com\/de\/produkte\/kollektionen-2\/oblique\/#breadcrumb"},"inLanguage":"de-DE","potentialAction":[{"@type":"ReadAction","target":["https:\/\/relaxsrl.com\/de\/produkte\/kollektionen-2\/oblique\/"]}]},{"@type":"BreadcrumbList","@id":"https:\/\/relaxsrl.com\/de\/produkte\/kollektionen-2\/oblique\/#breadcrumb","itemListElement":[{"@type":"ListItem","position":1,"name":"Produkte","item":"https:\/\/relaxsrl.com\/de\/produkte\/"},{"@type":"ListItem","position":2,"name":"Kollektionen","item":"https:\/\/relaxsrl.com\/de\/produkte\/kollektionen-old-non-usare\/"},{"@type":"ListItem","position":3,"name":"Oblique"}]}]}},"_links":{"self":[{"href":"https:\/\/relaxsrl.com\/de\/wp-json\/wp\/v2\/pages\/22988"}],"collection":[{"href":"https:\/\/relaxsrl.com\/de\/wp-json\/wp\/v2\/pages"}],"about":[{"href":"https:\/\/relaxsrl.com\/de\/wp-json\/wp\/v2\/types\/page"}],"author":[{"embeddable":true,"href":"https:\/\/relaxsrl.com\/de\/wp-json\/wp\/v2\/users\/3"}],"replies":[{"embeddable":true,"href":"https:\/\/relaxsrl.com\/de\/wp-json\/wp\/v2\/comments?post=22988"}],"version-history":[{"count":14,"href":"https:\/\/relaxsrl.com\/de\/wp-json\/wp\/v2\/pages\/22988\/revisions"}],"predecessor-version":[{"id":24996,"href":"https:\/\/relaxsrl.com\/de\/wp-json\/wp\/v2\/pages\/22988\/revisions\/24996"}],"up":[{"embeddable":true,"href":"https:\/\/relaxsrl.com\/de\/wp-json\/wp\/v2\/pages\/32052"}],"wp:featuredmedia":[{"embeddable":true,"href":"https:\/\/relaxsrl.com\/de\/wp-json\/wp\/v2\/media\/9185"}],"wp:attachment":[{"href":"https:\/\/relaxsrl.com\/de\/wp-json\/wp\/v2\/media?parent=22988"}],"curies":[{"name":"wp","href":"https:\/\/api.w.org\/{rel}","templated":true}]}}