{"id":22992,"date":"2022-08-11T17:29:14","date_gmt":"2022-08-11T15:29:14","guid":{"rendered":"https:\/\/relaxsrl.com\/produkte\/kollektionen\/lyra\/"},"modified":"2022-12-16T15:37:05","modified_gmt":"2022-12-16T14:37:05","slug":"lyra","status":"publish","type":"page","link":"https:\/\/relaxsrl.com\/de\/produkte\/kollektionen-2\/lyra\/","title":{"rendered":"Lyra"},"content":{"rendered":"<p>[vc_row full_width=&#8220;stretch_row&#8220; equal_height=&#8220;yes&#8220; el_class=&#8220;row-header-collezione-prodotti&#8220; css=&#8220;.vc_custom_1632995316220{background-image: url(http:\/\/relaxsrl.com\/wp-content\/uploads\/2021\/09\/collezione-lyra.jpg?id=2726) !important;}&#8220;][vc_column width=&#8220;1\/2&#8243; el_class=&#8220;col-sx-header-collezione-prodotti&#8220;][vc_column_text el_class=&#8220;header-collezione-prodotti-txt&#8220;]<\/p>\n<h1>Lyra, die Duschkabine mit integriertem Griff<\/h1>\n<p>Vollst\u00e4ndige Duschkabinen in Form und \u00d6ffnungssystemen: Schiebe-, Fl\u00fcgel-, Falt-, und Saloon-\u00d6ffnung. Der integrierte Griff im 4 mm Kristall macht das Produkt stabil und robust f\u00fcr den Alltag.[\/vc_column_text][\/vc_column][vc_column width=&#8220;1\/2&#8243; el_class=&#8220;col-dx-header-collezione-prodotti&#8220;][vc_single_image image=&#8220;2143&#8243; img_size=&#8220;full&#8220; alignment=&#8220;center&#8220; el_class=&#8220;row-header-prodotto-img&#8220;][\/vc_column][\/vc_row][vc_row el_class=&#8220;row-path&#8220;][vc_column][vc_column_text][\/vc_column_text][\/vc_column][\/vc_row][vc_row][vc_column]<div class=\"woocommerce columns-4 \"><ul class=\"products columns-4\">\n<li class=\"product type-product post-21076 status-publish first instock product_cat-3-lati-en product_cat-3-lati-de product_cat-3-lati-fr product_cat-3- product_cat-angolare-en product_cat-angolare-de product_cat-angulaire product_cat-box-doccia-en product_cat-box-doccia-de product_cat-cabine-de-douche product_cat-collections product_cat-collections-en product_cat-angulaire-coulissante product_cat-lyra-fr product_cat-lyra-en product_cat-lyra-de product_cat-lyra-ru product_cat-collezioni-de product_cat-scorrevole-fr product_cat-scorrevole-de product_cat-scorrevole product_cat-scorrevole-de-2 product_cat-angular-sliding product_cat-tipologia-prodotto-de product_cat-tipologia-prodotto-en product_cat-type-de-produit product_cat-1618 product_cat-1568 product_cat-3--- product_cat-1632 product_cat-1617 product_cat-1626 has-post-thumbnail shipping-taxable product-type-simple\">\n\t<div class=\"woocommerce-loop-product__short_description\" itemprop=\"description\"><a href=\"https:\/\/relaxsrl.com\/de\/produkt\/lyra-a-lyra-a\/\" class=\"woocommerce-LoopProduct-link woocommerce-loop-product__link\"><p>Lyra A+A ist eine eckige Duschkabine mit doppelter Schiebet\u00fcr.<\/p>\n<\/a><\/div><\/li>\n<li class=\"product type-product post-21075 status-publish instock product_cat-3-lati-fr product_cat-3-lati-de product_cat-3-lati-en product_cat-3- product_cat-box-doccia-en product_cat-box-doccia-de product_cat-cabine-de-douche product_cat-collections product_cat-collections-en product_cat-niche-coulissante product_cat-lyra-fr product_cat-lyra-ru product_cat-lyra-en product_cat-lyra-de product_cat-nicchia-de product_cat-niche-fr product_cat-niche product_cat-collezioni-de product_cat-scorrevole-de-2 product_cat-scorrevole-fr product_cat-scorrevole product_cat-scorrevole-de-5 product_cat-niche-sliding product_cat-tipologia-prodotto-de product_cat-tipologia-prodotto-en product_cat-type-de-produit product_cat-1618 product_cat-1568 product_cat-1637 product_cat-3--- product_cat-1639 product_cat-1617 has-post-thumbnail shipping-taxable product-type-simple\">\n\t<div class=\"woocommerce-loop-product__short_description\" itemprop=\"description\"><a href=\"https:\/\/relaxsrl.com\/de\/produkt\/lyra-sc1\/\" class=\"woocommerce-LoopProduct-link woocommerce-loop-product__link\"><p>Lyra SC1 ist eine Duschkabine in einer Nische mit Schiebet\u00fcr.<\/p>\n<\/a><\/div><\/li>\n<li class=\"product type-product post-21073 status-publish instock product_cat-3-lati-de product_cat-3-lati-fr product_cat-3-lati-en product_cat-3- product_cat-angolare-en product_cat-angolare-de product_cat-angulaire product_cat-box-doccia-en product_cat-box-doccia-de product_cat-cabine-de-douche product_cat-collections product_cat-collections-en product_cat-angulaire-coulissante product_cat-lyra-fr product_cat-lyra-en product_cat-lyra-de product_cat-lyra-ru product_cat-collezioni-de product_cat-scorrevole-de-2 product_cat-scorrevole-fr product_cat-scorrevole-de product_cat-scorrevole product_cat-angular-sliding product_cat-tipologia-prodotto-de product_cat-tipologia-prodotto-en product_cat-type-de-produit product_cat-1618 product_cat-1568 product_cat-3--- product_cat-1632 product_cat-1617 product_cat-1626 has-post-thumbnail shipping-taxable product-type-simple\">\n\t<div class=\"woocommerce-loop-product__short_description\" itemprop=\"description\"><a href=\"https:\/\/relaxsrl.com\/de\/produkt\/lyra-sc1-lyra-f\/\" class=\"woocommerce-LoopProduct-link woocommerce-loop-product__link\"><p>Box doccia angolare con anta scorrevole, lato fisso e maniglia integrata nel vetro.<\/p>\n<\/a><\/div><\/li>\n<li class=\"product type-product post-21074 status-publish last instock product_cat-3-lati-en product_cat-3-lati-de product_cat-3-lati-fr product_cat-3- product_cat-guide-de-selection-battante product_cat-niche-battante product_cat-battente-de-3 product_cat-battente-de-5 product_cat-battente product_cat-battente-de product_cat-battente-fr product_cat-box-doccia-en product_cat-box-doccia-de product_cat-cabine-de-douche product_cat-collections product_cat-collections-en product_cat-guida-alla-scelta-de product_cat-selection-guide-en product_cat-guide-de-selection product_cat-niche-hinged product_cat-selection-guide-hinged-door product_cat-lyra-ru product_cat-lyra-fr product_cat-lyra-de product_cat-lyra-en product_cat-nicchia-de product_cat-niche product_cat-niche-fr product_cat-collezioni-de product_cat-tipologia-prodotto-en product_cat-tipologia-prodotto-de product_cat-type-de-produit product_cat-1618 product_cat-1568 product_cat-3-- product_cat-1597 product_cat-1638 product_cat-1637 product_cat-1594 product_cat-1617 has-post-thumbnail shipping-taxable product-type-simple\">\n\t<div class=\"woocommerce-loop-product__short_description\" itemprop=\"description\"><a href=\"https:\/\/relaxsrl.com\/de\/produkt\/lyra-b1\/\" class=\"woocommerce-LoopProduct-link woocommerce-loop-product__link\"><p>Lyra B1 ist eine Duschkabine in einer Nische mit Schwingt\u00fcr.<\/p>\n<\/a><\/div><\/li>\n<li class=\"product type-product post-21072 status-publish first instock product_cat-3-lati-en product_cat-3-lati-de product_cat-3-lati-fr product_cat-3- product_cat-angolare-en product_cat-angolare-de product_cat-angulaire product_cat-angulaire-battante product_cat-battente-fr product_cat-battente product_cat-battente-de-2 product_cat-battente-de-3 product_cat-box-doccia-en product_cat-box-doccia-de product_cat-cabine-de-douche product_cat-collections product_cat-collections-en product_cat-hinged product_cat-lyra-fr product_cat-lyra-de product_cat-lyra-ru product_cat-lyra-en product_cat-collezioni-de product_cat-tipologia-prodotto-de product_cat-tipologia-prodotto-en product_cat-type-de-produit product_cat-1618 product_cat-1568 product_cat-3-- product_cat-1627 product_cat-1617 product_cat-1626 has-post-thumbnail shipping-taxable product-type-simple\">\n\t<div class=\"woocommerce-loop-product__short_description\" itemprop=\"description\"><a href=\"https:\/\/relaxsrl.com\/de\/produkt\/lyra-b1-lyra-f\/\" class=\"woocommerce-LoopProduct-link woocommerce-loop-product__link\"><p>Lyra B1+F ist eine eckige Duschkabine mit Schwingt\u00fcr.<\/p>\n<\/a><\/div><\/li>\n<li class=\"product type-product post-21071 status-publish instock product_cat-3-lati-en product_cat-3-lati-de product_cat-3-lati-fr product_cat-3- product_cat-box-doccia-en product_cat-box-doccia-de product_cat-cabina-doccia-piccola product_cat-cabina-doccia-salvaspazio product_cat-cabine-de-douche product_cat-guide-de-selection-cabine-de-douche-peu-encombrante product_cat-collections-en product_cat-collections product_cat-selection-guide-en product_cat-guida-alla-scelta-de product_cat-guide-de-selection product_cat-lyra-en product_cat-lyra-de product_cat-lyra-ru product_cat-lyra-fr product_cat-nicchia-de product_cat-niche-fr product_cat-niche product_cat-guide-de-selection-petite-cabine-de-douche product_cat-saloon product_cat-niche-saloon product_cat-niche-saloon-fr product_cat-saloon-de-3 product_cat-saloon-de-4 product_cat-collezioni-de product_cat-selection-guide-small-shower-enclosure product_cat-selection-guide-space-saving-shower-enclosure product_cat-tipologia-prodotto-en product_cat-tipologia-prodotto-de product_cat-type-de-produit product_cat-1618 product_cat-1568 product_cat-1605 product_cat-1604 product_cat-1637 product_cat-1594 product_cat-1630 product_cat-3--- product_cat-1617 has-post-thumbnail shipping-taxable product-type-simple\">\n\t<div class=\"woocommerce-loop-product__short_description\" itemprop=\"description\"><a href=\"https:\/\/relaxsrl.com\/de\/produkt\/lyra-b2\/\" class=\"woocommerce-LoopProduct-link woocommerce-loop-product__link\"><p>Box doccia in nicchia con porta saloon con sistema di allineamento delle ante.<\/p>\n<\/a><\/div><\/li>\n<li class=\"product type-product post-21070 status-publish instock product_cat-3-lati-en product_cat-3-lati-fr product_cat-3-lati-de product_cat-3- product_cat-angolare-en product_cat-angolare-de product_cat-angulaire product_cat-box-doccia-en product_cat-box-doccia-de product_cat-cabine-de-douche product_cat-collections product_cat-collections-en product_cat-guida-alla-scelta-de product_cat-selection-guide-en product_cat-guide-de-selection product_cat-lyra-en product_cat-lyra-fr product_cat-lyra-de product_cat-lyra-ru product_cat-guide-de-selection-saloon product_cat-saloon-de product_cat-saloon product_cat-selection-guide-saloon product_cat-saloon-de-2 product_cat-angulaire-saloon product_cat-angular-saloon product_cat-saloon-de-3 product_cat-collezioni-de product_cat-tipologia-prodotto-de product_cat-tipologia-prodotto-en product_cat-type-de-produit product_cat-1618 product_cat-1568 product_cat-1594 product_cat-3--- product_cat-1612 product_cat-1629 product_cat-1617 product_cat-1626 has-post-thumbnail shipping-taxable product-type-simple\">\n\t<div class=\"woocommerce-loop-product__short_description\" itemprop=\"description\"><a href=\"https:\/\/relaxsrl.com\/de\/produkt\/lyra-b2-lyra-f\/\" class=\"woocommerce-LoopProduct-link woocommerce-loop-product__link\"><p>Lyra B2+F ist eine eckige Duschkabine mit doppelter Schwingt\u00fcr.<\/p>\n<\/a><\/div><\/li>\n<li class=\"product type-product post-21068 status-publish last instock product_cat-3-lati-en product_cat-3-lati-de product_cat-3-lati-fr product_cat-3- product_cat-box-doccia-en product_cat-box-doccia-de product_cat-cabina-doccia-piccola product_cat-cabine-de-douche product_cat-collections-en product_cat-collections product_cat-selection-guide-foldable product_cat-niche-folding product_cat-selection-guide-en product_cat-guida-alla-scelta-de product_cat-guide-de-selection product_cat-lyra-de product_cat-lyra-ru product_cat-lyra-fr product_cat-lyra-en product_cat-nicchia-de product_cat-niche-fr product_cat-niche product_cat-guide-de-selection-petite-cabine-de-douche product_cat-niche-pliable product_cat-guide-de-selection-pliable product_cat-collezioni-de product_cat-selection-guide-small-shower-enclosure product_cat-soffietto-de-4 product_cat-soffietto-fr product_cat-soffietto-de-2 product_cat-soffietto-de-3 product_cat-tipologia-prodotto-en product_cat-tipologia-prodotto-de product_cat-type-de-produit product_cat-1618 product_cat-1568 product_cat-1604 product_cat-1637 product_cat-1594 product_cat-1611 product_cat-3--- product_cat-1634 product_cat-1617 has-post-thumbnail shipping-taxable product-type-simple\">\n\t<div class=\"woocommerce-loop-product__short_description\" itemprop=\"description\"><a href=\"https:\/\/relaxsrl.com\/de\/produkt\/lyra-ps\/\" class=\"woocommerce-LoopProduct-link woocommerce-loop-product__link\"><p>Lyra PS ist eine eckige Duschkabine mit einer Faltt\u00fcr.<\/p>\n<\/a><\/div><\/li>\n<li class=\"product type-product post-21069 status-publish first instock product_cat-3-lati-en product_cat-3-lati-de product_cat-3-lati-fr product_cat-3- product_cat-angolare-en product_cat-angolare-de product_cat-angulaire product_cat-box-doccia-en product_cat-box-doccia-de product_cat-cabine-de-douche product_cat-collections product_cat-collections-en product_cat-angular-foldable product_cat-lyra-fr product_cat-lyra-ru product_cat-lyra-en product_cat-lyra-de product_cat-angulaire-pliable product_cat-collezioni-de product_cat-soffietto-de-4 product_cat-soffietto-de-5 product_cat-soffietto-fr product_cat-tipologia-prodotto-de product_cat-tipologia-prodotto-en product_cat-type-de-produit product_cat-1618 product_cat-1568 product_cat-1633 product_cat-3--- product_cat-1617 product_cat-1626 has-post-thumbnail shipping-taxable product-type-simple\">\n\t<div class=\"woocommerce-loop-product__short_description\" itemprop=\"description\"><a href=\"https:\/\/relaxsrl.com\/de\/produkt\/lyra-ps-lyra-f\/\" class=\"woocommerce-LoopProduct-link woocommerce-loop-product__link\"><p>Lyra PS ist eine eckige Duschkabine mit einer Faltt\u00fcr.<\/p>\n<\/a><\/div><\/li>\n<li class=\"product type-product post-21067 status-publish instock product_cat-3-lati-de product_cat-3-lati-en product_cat-3-lati-fr product_cat-3- product_cat-box-doccia-en product_cat-box-doccia-de product_cat-cabine-de-douche product_cat-collections product_cat-collections-en product_cat-coulissante product_cat-lyra-fr product_cat-lyra-de product_cat-lyra-ru product_cat-lyra-en product_cat-collezioni-de product_cat-scorrevole-fr product_cat-scorrevole product_cat-scorrevole-de-4 product_cat-scorrevole-de-2 product_cat-semi-circulaire product_cat-semicircolari-de product_cat-semicircular product_cat-semicircular-sliding product_cat-tipologia-prodotto-de product_cat-tipologia-prodotto-en product_cat-type-de-produit product_cat-1618 product_cat-1568 product_cat-1641 product_cat-3--- product_cat-1643 product_cat-1617 has-post-thumbnail shipping-taxable product-type-simple\">\n\t<div class=\"woocommerce-loop-product__short_description\" itemprop=\"description\"><a href=\"https:\/\/relaxsrl.com\/de\/produkt\/lyra-r2-s\/\" class=\"woocommerce-LoopProduct-link woocommerce-loop-product__link\"><p>Lyra R2 ist eine eckige halbkreisf\u00f6rmige Duschkabine mit doppelter Schiebet\u00fcr.<\/p>\n<\/a><\/div><\/li>\n<\/ul>\n<\/div>[\/vc_column][\/vc_row]<\/p>\n","protected":false},"excerpt":{"rendered":"<p>[vc_row full_width=&#8220;stretch_row&#8220; equal_height=&#8220;yes&#8220; el_class=&#8220;row-header-collezione-prodotti&#8220; css=&#8220;.vc_custom_1632995316220{background-image: url(http:\/\/relaxsrl.com\/wp-content\/uploads\/2021\/09\/collezione-lyra.jpg?id=2726) !important;}&#8220;][vc_column width=&#8220;1\/2&#8243; el_class=&#8220;col-sx-header-collezione-prodotti&#8220;][vc_column_text el_class=&#8220;header-collezione-prodotti-txt&#8220;] Lyra, die Duschkabine mit integriertem Griff Vollst\u00e4ndige Duschkabinen in Form und \u00d6ffnungssystemen: Schiebe-, Fl\u00fcgel-, Falt-, und Saloon-\u00d6ffnung. Der integrierte Griff im 4 mm Kristall macht das Produkt stabil und robust f\u00fcr den Alltag.[\/vc_column_text][\/vc_column][vc_column width=&#8220;1\/2&#8243; el_class=&#8220;col-dx-header-collezione-prodotti&#8220;][vc_single_image image=&#8220;2143&#8243; img_size=&#8220;full&#8220; alignment=&#8220;center&#8220; el_class=&#8220;row-header-prodotto-img&#8220;][\/vc_column][\/vc_row][vc_row el_class=&#8220;row-path&#8220;][vc_column][vc_column_text][\/vc_column_text][\/vc_column][\/vc_row][vc_row][vc_column][\/vc_column][\/vc_row]<\/p>\n","protected":false},"author":3,"featured_media":2143,"parent":32052,"menu_order":0,"comment_status":"closed","ping_status":"closed","template":"","meta":[],"acf":[],"yoast_head":"<!-- This site is optimized with the Yoast SEO Premium plugin v18.4 (Yoast SEO v18.8) - https:\/\/yoast.com\/wordpress\/plugins\/seo\/ -->\n<title>Lyra - Relax srl<\/title>\n<meta name=\"description\" content=\"Duschkabinen komplett in Formen und \u00d6ffnungssystemen: Schiebe-, Klapp-, Falt- und Salon. Entdecken Sie die Lyra-Kollektion.\" \/>\n<meta name=\"robots\" content=\"index, follow, max-snippet:-1, max-image-preview:large, max-video-preview:-1\" \/>\n<link rel=\"canonical\" href=\"https:\/\/relaxsrl.com\/de\/produkte\/kollektionen-2\/lyra\/\" \/>\n<meta property=\"og:locale\" content=\"de_DE\" \/>\n<meta property=\"og:type\" content=\"article\" \/>\n<meta property=\"og:title\" content=\"Lyra - Relax srl\" \/>\n<meta property=\"og:description\" content=\"Duschkabinen komplett in Formen und \u00d6ffnungssystemen: Schiebe-, Klapp-, Falt- und Salon. Entdecken Sie die Lyra-Kollektion.\" \/>\n<meta property=\"og:url\" content=\"https:\/\/relaxsrl.com\/de\/produkte\/kollektionen-2\/lyra\/\" \/>\n<meta property=\"og:site_name\" content=\"Relax srl\" \/>\n<meta property=\"article:modified_time\" content=\"2022-12-16T14:37:05+00:00\" \/>\n<meta property=\"og:image\" content=\"https:\/\/relaxsrl.com\/website\/wp-content\/uploads\/2021\/09\/LYRA_B1F.jpg\" \/>\n\t<meta property=\"og:image:width\" content=\"800\" \/>\n\t<meta property=\"og:image:height\" content=\"1110\" \/>\n\t<meta property=\"og:image:type\" content=\"image\/jpeg\" \/>\n<meta name=\"twitter:card\" content=\"summary_large_image\" \/>\n<meta name=\"twitter:label1\" content=\"Gesch\u00e4tzte Lesezeit\" \/>\n\t<meta name=\"twitter:data1\" content=\"1 Minute\" \/>\n<script type=\"application\/ld+json\" class=\"yoast-schema-graph\">{\"@context\":\"https:\/\/schema.org\",\"@graph\":[{\"@type\":\"WebSite\",\"@id\":\"https:\/\/relaxsrl.com\/#website\",\"url\":\"https:\/\/relaxsrl.com\/\",\"name\":\"Relax srl\",\"description\":\"\",\"potentialAction\":[{\"@type\":\"SearchAction\",\"target\":{\"@type\":\"EntryPoint\",\"urlTemplate\":\"https:\/\/relaxsrl.com\/?s={search_term_string}\"},\"query-input\":\"required name=search_term_string\"}],\"inLanguage\":\"de-DE\"},{\"@type\":\"ImageObject\",\"inLanguage\":\"de-DE\",\"@id\":\"https:\/\/relaxsrl.com\/de\/produkte\/kollektionen-2\/lyra\/#primaryimage\",\"url\":\"https:\/\/relaxsrl.com\/website\/wp-content\/uploads\/2021\/09\/LYRA_B1F.jpg\",\"contentUrl\":\"https:\/\/relaxsrl.com\/website\/wp-content\/uploads\/2021\/09\/LYRA_B1F.jpg\",\"width\":800,\"height\":1110,\"caption\":\"Eckduschabtrennung mit im Profil integriertem Griff. Lyra-Sammlung\"},{\"@type\":\"WebPage\",\"@id\":\"https:\/\/relaxsrl.com\/de\/produkte\/kollektionen-2\/lyra\/#webpage\",\"url\":\"https:\/\/relaxsrl.com\/de\/produkte\/kollektionen-2\/lyra\/\",\"name\":\"Lyra - Relax srl\",\"isPartOf\":{\"@id\":\"https:\/\/relaxsrl.com\/#website\"},\"primaryImageOfPage\":{\"@id\":\"https:\/\/relaxsrl.com\/de\/produkte\/kollektionen-2\/lyra\/#primaryimage\"},\"datePublished\":\"2022-08-11T15:29:14+00:00\",\"dateModified\":\"2022-12-16T14:37:05+00:00\",\"description\":\"Duschkabinen komplett in Formen und \u00d6ffnungssystemen: Schiebe-, Klapp-, Falt- und Salon. Entdecken Sie die Lyra-Kollektion.\",\"breadcrumb\":{\"@id\":\"https:\/\/relaxsrl.com\/de\/produkte\/kollektionen-2\/lyra\/#breadcrumb\"},\"inLanguage\":\"de-DE\",\"potentialAction\":[{\"@type\":\"ReadAction\",\"target\":[\"https:\/\/relaxsrl.com\/de\/produkte\/kollektionen-2\/lyra\/\"]}]},{\"@type\":\"BreadcrumbList\",\"@id\":\"https:\/\/relaxsrl.com\/de\/produkte\/kollektionen-2\/lyra\/#breadcrumb\",\"itemListElement\":[{\"@type\":\"ListItem\",\"position\":1,\"name\":\"Produkte\",\"item\":\"https:\/\/relaxsrl.com\/de\/produkte\/\"},{\"@type\":\"ListItem\",\"position\":2,\"name\":\"Kollektionen\",\"item\":\"https:\/\/relaxsrl.com\/de\/produkte\/kollektionen-old-non-usare\/\"},{\"@type\":\"ListItem\",\"position\":3,\"name\":\"Lyra\"}]}]}<\/script>\n<!-- \/ Yoast SEO Premium plugin. -->","yoast_head_json":{"title":"Lyra - Relax srl","description":"Duschkabinen komplett in Formen und \u00d6ffnungssystemen: Schiebe-, Klapp-, Falt- und Salon. Entdecken Sie die Lyra-Kollektion.","robots":{"index":"index","follow":"follow","max-snippet":"max-snippet:-1","max-image-preview":"max-image-preview:large","max-video-preview":"max-video-preview:-1"},"canonical":"https:\/\/relaxsrl.com\/de\/produkte\/kollektionen-2\/lyra\/","og_locale":"de_DE","og_type":"article","og_title":"Lyra - Relax srl","og_description":"Duschkabinen komplett in Formen und \u00d6ffnungssystemen: Schiebe-, Klapp-, Falt- und Salon. Entdecken Sie die Lyra-Kollektion.","og_url":"https:\/\/relaxsrl.com\/de\/produkte\/kollektionen-2\/lyra\/","og_site_name":"Relax srl","article_modified_time":"2022-12-16T14:37:05+00:00","og_image":[{"width":800,"height":1110,"url":"https:\/\/relaxsrl.com\/website\/wp-content\/uploads\/2021\/09\/LYRA_B1F.jpg","type":"image\/jpeg"}],"twitter_card":"summary_large_image","twitter_misc":{"Gesch\u00e4tzte Lesezeit":"1 Minute"},"schema":{"@context":"https:\/\/schema.org","@graph":[{"@type":"WebSite","@id":"https:\/\/relaxsrl.com\/#website","url":"https:\/\/relaxsrl.com\/","name":"Relax srl","description":"","potentialAction":[{"@type":"SearchAction","target":{"@type":"EntryPoint","urlTemplate":"https:\/\/relaxsrl.com\/?s={search_term_string}"},"query-input":"required name=search_term_string"}],"inLanguage":"de-DE"},{"@type":"ImageObject","inLanguage":"de-DE","@id":"https:\/\/relaxsrl.com\/de\/produkte\/kollektionen-2\/lyra\/#primaryimage","url":"https:\/\/relaxsrl.com\/website\/wp-content\/uploads\/2021\/09\/LYRA_B1F.jpg","contentUrl":"https:\/\/relaxsrl.com\/website\/wp-content\/uploads\/2021\/09\/LYRA_B1F.jpg","width":800,"height":1110,"caption":"Eckduschabtrennung mit im Profil integriertem Griff. Lyra-Sammlung"},{"@type":"WebPage","@id":"https:\/\/relaxsrl.com\/de\/produkte\/kollektionen-2\/lyra\/#webpage","url":"https:\/\/relaxsrl.com\/de\/produkte\/kollektionen-2\/lyra\/","name":"Lyra - Relax srl","isPartOf":{"@id":"https:\/\/relaxsrl.com\/#website"},"primaryImageOfPage":{"@id":"https:\/\/relaxsrl.com\/de\/produkte\/kollektionen-2\/lyra\/#primaryimage"},"datePublished":"2022-08-11T15:29:14+00:00","dateModified":"2022-12-16T14:37:05+00:00","description":"Duschkabinen komplett in Formen und \u00d6ffnungssystemen: Schiebe-, Klapp-, Falt- und Salon. Entdecken Sie die Lyra-Kollektion.","breadcrumb":{"@id":"https:\/\/relaxsrl.com\/de\/produkte\/kollektionen-2\/lyra\/#breadcrumb"},"inLanguage":"de-DE","potentialAction":[{"@type":"ReadAction","target":["https:\/\/relaxsrl.com\/de\/produkte\/kollektionen-2\/lyra\/"]}]},{"@type":"BreadcrumbList","@id":"https:\/\/relaxsrl.com\/de\/produkte\/kollektionen-2\/lyra\/#breadcrumb","itemListElement":[{"@type":"ListItem","position":1,"name":"Produkte","item":"https:\/\/relaxsrl.com\/de\/produkte\/"},{"@type":"ListItem","position":2,"name":"Kollektionen","item":"https:\/\/relaxsrl.com\/de\/produkte\/kollektionen-old-non-usare\/"},{"@type":"ListItem","position":3,"name":"Lyra"}]}]}},"_links":{"self":[{"href":"https:\/\/relaxsrl.com\/de\/wp-json\/wp\/v2\/pages\/22992"}],"collection":[{"href":"https:\/\/relaxsrl.com\/de\/wp-json\/wp\/v2\/pages"}],"about":[{"href":"https:\/\/relaxsrl.com\/de\/wp-json\/wp\/v2\/types\/page"}],"author":[{"embeddable":true,"href":"https:\/\/relaxsrl.com\/de\/wp-json\/wp\/v2\/users\/3"}],"replies":[{"embeddable":true,"href":"https:\/\/relaxsrl.com\/de\/wp-json\/wp\/v2\/comments?post=22992"}],"version-history":[{"count":8,"href":"https:\/\/relaxsrl.com\/de\/wp-json\/wp\/v2\/pages\/22992\/revisions"}],"predecessor-version":[{"id":24987,"href":"https:\/\/relaxsrl.com\/de\/wp-json\/wp\/v2\/pages\/22992\/revisions\/24987"}],"up":[{"embeddable":true,"href":"https:\/\/relaxsrl.com\/de\/wp-json\/wp\/v2\/pages\/32052"}],"wp:featuredmedia":[{"embeddable":true,"href":"https:\/\/relaxsrl.com\/de\/wp-json\/wp\/v2\/media\/2143"}],"wp:attachment":[{"href":"https:\/\/relaxsrl.com\/de\/wp-json\/wp\/v2\/media?parent=22992"}],"curies":[{"name":"wp","href":"https:\/\/api.w.org\/{rel}","templated":true}]}}