{"id":22996,"date":"2022-08-11T17:29:42","date_gmt":"2022-08-11T15:29:42","guid":{"rendered":"https:\/\/relaxsrl.com\/produkte\/kollektionen\/luxor\/"},"modified":"2022-12-16T15:36:36","modified_gmt":"2022-12-16T14:36:36","slug":"luxor","status":"publish","type":"page","link":"https:\/\/relaxsrl.com\/de\/produkte\/kollektionen-2\/luxor\/","title":{"rendered":"Luxor"},"content":{"rendered":"<p>[vc_row full_width=&#8220;stretch_row&#8220; equal_height=&#8220;yes&#8220; el_class=&#8220;row-header-collezione-prodotti&#8220; css=&#8220;.vc_custom_1632993014978{background-image: url(http:\/\/relaxsrl.com\/wp-content\/uploads\/2021\/09\/collezione-luxor.jpg?id=2722) !important;}&#8220;][vc_column width=&#8220;1\/2&#8243; el_class=&#8220;col-sx-header-collezione-prodotti&#8220;][vc_column_text el_class=&#8220;header-collezione-prodotti-txt&#8220;]<\/p>\n<h1>Luxor, die intelligente Duschkabine<\/h1>\n<p>Duschkabinen mit Solid Surface und exklusiven Formen. Aufgrund der Abmessungen, die ab einer Tiefe von 60 cm zur Verf\u00fcgung stehen, und der besonderen Formgebung ist es m\u00f6glich, einen Duschk\u00f6rper von gro\u00dfz\u00fcgiger Gr\u00f6\u00dfe auch dort anzubringen, wo der Raum dies offensichtlich nicht erlaubt.[\/vc_column_text][\/vc_column][vc_column width=&#8220;1\/2&#8243; el_class=&#8220;col-dx-header-collezione-prodotti&#8220;][vc_single_image image=&#8220;2139&#8243; img_size=&#8220;full&#8220; alignment=&#8220;center&#8220; el_class=&#8220;row-header-prodotto-img&#8220;][\/vc_column][\/vc_row][vc_row el_class=&#8220;row-path&#8220;][vc_column][vc_column_text][\/vc_column_text][\/vc_column][\/vc_row][vc_row][vc_column]<div class=\"woocommerce columns-4 \"><ul class=\"products columns-4\">\n<li class=\"product type-product post-21186 status-publish first instock product_cat-3-lati-fr product_cat-3-lati-de product_cat-3-lati-en product_cat-3- product_cat-semi-circulaire-battante product_cat-battente-de-3 product_cat-battente product_cat-battente-fr product_cat-battente-de-6 product_cat-box-doccia-en product_cat-box-doccia-de product_cat-cabine-de-douche product_cat-collections product_cat-collections-en product_cat-semicircular-hinged product_cat-luxor-fr product_cat-luxor-de product_cat-luxor-ru product_cat-luxor-en product_cat-collezioni-de product_cat-semi-circulaire product_cat-semicircolari-de product_cat-semicircular product_cat-tipologia-prodotto-de product_cat-tipologia-prodotto-en product_cat-type-de-produit product_cat-1618 product_cat-1568 product_cat-3-- product_cat-1642 product_cat-1641 product_cat-1617 has-post-thumbnail shipping-taxable product-type-simple\">\n\t<div class=\"woocommerce-loop-product__short_description\" itemprop=\"description\"><a href=\"https:\/\/relaxsrl.com\/de\/produkt\/luxor-120s\/\" class=\"woocommerce-LoopProduct-link woocommerce-loop-product__link\"><p>Halbrunde Eckduschabtrennung mit Fl\u00fcgelt\u00fcr und 120 cm langer Duschwanne.<\/p>\n<\/a><\/div><\/li>\n<li class=\"product type-product post-21184 status-publish instock product_cat-3-lati-fr product_cat-3-lati-de product_cat-3-lati-en product_cat-3- product_cat-semi-circulaire-battante product_cat-battente-de-3 product_cat-battente product_cat-battente-fr product_cat-battente-de-6 product_cat-box-doccia-en product_cat-box-doccia-de product_cat-cabine-de-douche product_cat-collections-en product_cat-collections product_cat-semicircular-hinged product_cat-luxor-fr product_cat-luxor-de product_cat-luxor-ru product_cat-luxor-en product_cat-collezioni-de product_cat-semi-circulaire product_cat-semicircolari-de product_cat-semicircular product_cat-tipologia-prodotto-de product_cat-tipologia-prodotto-en product_cat-type-de-produit product_cat-1618 product_cat-1568 product_cat-3-- product_cat-1642 product_cat-1641 product_cat-1617 has-post-thumbnail shipping-taxable product-type-simple\">\n\t<div class=\"woocommerce-loop-product__short_description\" itemprop=\"description\"><a href=\"https:\/\/relaxsrl.com\/de\/produkt\/luxor-140s\/\" class=\"woocommerce-LoopProduct-link woocommerce-loop-product__link\"><p>Halbrunde Eckduschabtrennung mit Fl\u00fcgelt\u00fcr und 140 cm langer Duschwanne.<\/p>\n<\/a><\/div><\/li>\n<\/ul>\n<\/div>[\/vc_column][\/vc_row]<\/p>\n","protected":false},"excerpt":{"rendered":"<p>[vc_row full_width=&#8220;stretch_row&#8220; equal_height=&#8220;yes&#8220; el_class=&#8220;row-header-collezione-prodotti&#8220; css=&#8220;.vc_custom_1632993014978{background-image: url(http:\/\/relaxsrl.com\/wp-content\/uploads\/2021\/09\/collezione-luxor.jpg?id=2722) !important;}&#8220;][vc_column width=&#8220;1\/2&#8243; el_class=&#8220;col-sx-header-collezione-prodotti&#8220;][vc_column_text el_class=&#8220;header-collezione-prodotti-txt&#8220;] Luxor, die intelligente Duschkabine Duschkabinen mit Solid Surface und exklusiven Formen. Aufgrund der Abmessungen, die ab einer Tiefe von 60 cm zur Verf\u00fcgung stehen, und der besonderen Formgebung ist es m\u00f6glich, einen Duschk\u00f6rper von gro\u00dfz\u00fcgiger Gr\u00f6\u00dfe auch dort anzubringen, wo der Raum dies offensichtlich nicht [&hellip;]<\/p>\n","protected":false},"author":3,"featured_media":2139,"parent":32052,"menu_order":0,"comment_status":"closed","ping_status":"closed","template":"","meta":[],"acf":[],"yoast_head":"<!-- This site is optimized with the Yoast SEO Premium plugin v18.4 (Yoast SEO v18.8) - https:\/\/yoast.com\/wordpress\/plugins\/seo\/ -->\n<title>Luxor - Relax srl<\/title>\n<meta name=\"description\" content=\"Duschkabinen mit Duschwannen aus Mineralwerkstoff mit exklusiven Formen. Erfahren Sie mehr \u00fcber die Duschabtrennungskollektion Luxor.\" \/>\n<meta name=\"robots\" content=\"index, follow, max-snippet:-1, max-image-preview:large, max-video-preview:-1\" \/>\n<link rel=\"canonical\" href=\"https:\/\/relaxsrl.com\/de\/produkte\/kollektionen-2\/luxor\/\" \/>\n<meta property=\"og:locale\" content=\"de_DE\" \/>\n<meta property=\"og:type\" content=\"article\" \/>\n<meta property=\"og:title\" content=\"Luxor - Relax srl\" \/>\n<meta property=\"og:description\" content=\"Duschkabinen mit Duschwannen aus Mineralwerkstoff mit exklusiven Formen. Erfahren Sie mehr \u00fcber die Duschabtrennungskollektion Luxor.\" \/>\n<meta property=\"og:url\" content=\"https:\/\/relaxsrl.com\/de\/produkte\/kollektionen-2\/luxor\/\" \/>\n<meta property=\"og:site_name\" content=\"Relax srl\" \/>\n<meta property=\"article:modified_time\" content=\"2022-12-16T14:36:36+00:00\" \/>\n<meta property=\"og:image\" content=\"https:\/\/relaxsrl.com\/website\/wp-content\/uploads\/2021\/09\/LUXOR_140S_1.jpg\" \/>\n\t<meta property=\"og:image:width\" content=\"800\" \/>\n\t<meta property=\"og:image:height\" content=\"1110\" \/>\n\t<meta property=\"og:image:type\" content=\"image\/jpeg\" \/>\n<meta name=\"twitter:card\" content=\"summary_large_image\" \/>\n<meta name=\"twitter:label1\" content=\"Gesch\u00e4tzte Lesezeit\" \/>\n\t<meta name=\"twitter:data1\" content=\"1 Minute\" \/>\n<script type=\"application\/ld+json\" class=\"yoast-schema-graph\">{\"@context\":\"https:\/\/schema.org\",\"@graph\":[{\"@type\":\"WebSite\",\"@id\":\"https:\/\/relaxsrl.com\/#website\",\"url\":\"https:\/\/relaxsrl.com\/\",\"name\":\"Relax srl\",\"description\":\"\",\"potentialAction\":[{\"@type\":\"SearchAction\",\"target\":{\"@type\":\"EntryPoint\",\"urlTemplate\":\"https:\/\/relaxsrl.com\/?s={search_term_string}\"},\"query-input\":\"required name=search_term_string\"}],\"inLanguage\":\"de-DE\"},{\"@type\":\"ImageObject\",\"inLanguage\":\"de-DE\",\"@id\":\"https:\/\/relaxsrl.com\/de\/produkte\/kollektionen-2\/luxor\/#primaryimage\",\"url\":\"https:\/\/relaxsrl.com\/website\/wp-content\/uploads\/2021\/09\/LUXOR_140S_1.jpg\",\"contentUrl\":\"https:\/\/relaxsrl.com\/website\/wp-content\/uploads\/2021\/09\/LUXOR_140S_1.jpg\",\"width\":800,\"height\":1110,\"caption\":\"Box doccia semicircolare ad angolo con porta battente. Collezione Luxor\"},{\"@type\":\"WebPage\",\"@id\":\"https:\/\/relaxsrl.com\/de\/produkte\/kollektionen-2\/luxor\/#webpage\",\"url\":\"https:\/\/relaxsrl.com\/de\/produkte\/kollektionen-2\/luxor\/\",\"name\":\"Luxor - Relax srl\",\"isPartOf\":{\"@id\":\"https:\/\/relaxsrl.com\/#website\"},\"primaryImageOfPage\":{\"@id\":\"https:\/\/relaxsrl.com\/de\/produkte\/kollektionen-2\/luxor\/#primaryimage\"},\"datePublished\":\"2022-08-11T15:29:42+00:00\",\"dateModified\":\"2022-12-16T14:36:36+00:00\",\"description\":\"Duschkabinen mit Duschwannen aus Mineralwerkstoff mit exklusiven Formen. Erfahren Sie mehr \u00fcber die Duschabtrennungskollektion Luxor.\",\"breadcrumb\":{\"@id\":\"https:\/\/relaxsrl.com\/de\/produkte\/kollektionen-2\/luxor\/#breadcrumb\"},\"inLanguage\":\"de-DE\",\"potentialAction\":[{\"@type\":\"ReadAction\",\"target\":[\"https:\/\/relaxsrl.com\/de\/produkte\/kollektionen-2\/luxor\/\"]}]},{\"@type\":\"BreadcrumbList\",\"@id\":\"https:\/\/relaxsrl.com\/de\/produkte\/kollektionen-2\/luxor\/#breadcrumb\",\"itemListElement\":[{\"@type\":\"ListItem\",\"position\":1,\"name\":\"Produkte\",\"item\":\"https:\/\/relaxsrl.com\/de\/produkte\/\"},{\"@type\":\"ListItem\",\"position\":2,\"name\":\"Kollektionen\",\"item\":\"https:\/\/relaxsrl.com\/de\/produkte\/kollektionen-old-non-usare\/\"},{\"@type\":\"ListItem\",\"position\":3,\"name\":\"Luxor\"}]}]}<\/script>\n<!-- \/ Yoast SEO Premium plugin. -->","yoast_head_json":{"title":"Luxor - Relax srl","description":"Duschkabinen mit Duschwannen aus Mineralwerkstoff mit exklusiven Formen. Erfahren Sie mehr \u00fcber die Duschabtrennungskollektion Luxor.","robots":{"index":"index","follow":"follow","max-snippet":"max-snippet:-1","max-image-preview":"max-image-preview:large","max-video-preview":"max-video-preview:-1"},"canonical":"https:\/\/relaxsrl.com\/de\/produkte\/kollektionen-2\/luxor\/","og_locale":"de_DE","og_type":"article","og_title":"Luxor - Relax srl","og_description":"Duschkabinen mit Duschwannen aus Mineralwerkstoff mit exklusiven Formen. Erfahren Sie mehr \u00fcber die Duschabtrennungskollektion Luxor.","og_url":"https:\/\/relaxsrl.com\/de\/produkte\/kollektionen-2\/luxor\/","og_site_name":"Relax srl","article_modified_time":"2022-12-16T14:36:36+00:00","og_image":[{"width":800,"height":1110,"url":"https:\/\/relaxsrl.com\/website\/wp-content\/uploads\/2021\/09\/LUXOR_140S_1.jpg","type":"image\/jpeg"}],"twitter_card":"summary_large_image","twitter_misc":{"Gesch\u00e4tzte Lesezeit":"1 Minute"},"schema":{"@context":"https:\/\/schema.org","@graph":[{"@type":"WebSite","@id":"https:\/\/relaxsrl.com\/#website","url":"https:\/\/relaxsrl.com\/","name":"Relax srl","description":"","potentialAction":[{"@type":"SearchAction","target":{"@type":"EntryPoint","urlTemplate":"https:\/\/relaxsrl.com\/?s={search_term_string}"},"query-input":"required name=search_term_string"}],"inLanguage":"de-DE"},{"@type":"ImageObject","inLanguage":"de-DE","@id":"https:\/\/relaxsrl.com\/de\/produkte\/kollektionen-2\/luxor\/#primaryimage","url":"https:\/\/relaxsrl.com\/website\/wp-content\/uploads\/2021\/09\/LUXOR_140S_1.jpg","contentUrl":"https:\/\/relaxsrl.com\/website\/wp-content\/uploads\/2021\/09\/LUXOR_140S_1.jpg","width":800,"height":1110,"caption":"Box doccia semicircolare ad angolo con porta battente. Collezione Luxor"},{"@type":"WebPage","@id":"https:\/\/relaxsrl.com\/de\/produkte\/kollektionen-2\/luxor\/#webpage","url":"https:\/\/relaxsrl.com\/de\/produkte\/kollektionen-2\/luxor\/","name":"Luxor - Relax srl","isPartOf":{"@id":"https:\/\/relaxsrl.com\/#website"},"primaryImageOfPage":{"@id":"https:\/\/relaxsrl.com\/de\/produkte\/kollektionen-2\/luxor\/#primaryimage"},"datePublished":"2022-08-11T15:29:42+00:00","dateModified":"2022-12-16T14:36:36+00:00","description":"Duschkabinen mit Duschwannen aus Mineralwerkstoff mit exklusiven Formen. Erfahren Sie mehr \u00fcber die Duschabtrennungskollektion Luxor.","breadcrumb":{"@id":"https:\/\/relaxsrl.com\/de\/produkte\/kollektionen-2\/luxor\/#breadcrumb"},"inLanguage":"de-DE","potentialAction":[{"@type":"ReadAction","target":["https:\/\/relaxsrl.com\/de\/produkte\/kollektionen-2\/luxor\/"]}]},{"@type":"BreadcrumbList","@id":"https:\/\/relaxsrl.com\/de\/produkte\/kollektionen-2\/luxor\/#breadcrumb","itemListElement":[{"@type":"ListItem","position":1,"name":"Produkte","item":"https:\/\/relaxsrl.com\/de\/produkte\/"},{"@type":"ListItem","position":2,"name":"Kollektionen","item":"https:\/\/relaxsrl.com\/de\/produkte\/kollektionen-old-non-usare\/"},{"@type":"ListItem","position":3,"name":"Luxor"}]}]}},"_links":{"self":[{"href":"https:\/\/relaxsrl.com\/de\/wp-json\/wp\/v2\/pages\/22996"}],"collection":[{"href":"https:\/\/relaxsrl.com\/de\/wp-json\/wp\/v2\/pages"}],"about":[{"href":"https:\/\/relaxsrl.com\/de\/wp-json\/wp\/v2\/types\/page"}],"author":[{"embeddable":true,"href":"https:\/\/relaxsrl.com\/de\/wp-json\/wp\/v2\/users\/3"}],"replies":[{"embeddable":true,"href":"https:\/\/relaxsrl.com\/de\/wp-json\/wp\/v2\/comments?post=22996"}],"version-history":[{"count":8,"href":"https:\/\/relaxsrl.com\/de\/wp-json\/wp\/v2\/pages\/22996\/revisions"}],"predecessor-version":[{"id":24984,"href":"https:\/\/relaxsrl.com\/de\/wp-json\/wp\/v2\/pages\/22996\/revisions\/24984"}],"up":[{"embeddable":true,"href":"https:\/\/relaxsrl.com\/de\/wp-json\/wp\/v2\/pages\/32052"}],"wp:featuredmedia":[{"embeddable":true,"href":"https:\/\/relaxsrl.com\/de\/wp-json\/wp\/v2\/media\/2139"}],"wp:attachment":[{"href":"https:\/\/relaxsrl.com\/de\/wp-json\/wp\/v2\/media?parent=22996"}],"curies":[{"name":"wp","href":"https:\/\/api.w.org\/{rel}","templated":true}]}}