{"id":23008,"date":"2022-08-11T17:30:33","date_gmt":"2022-08-11T15:30:33","guid":{"rendered":"https:\/\/relaxsrl.com\/produkte\/kollektionen\/raso\/"},"modified":"2022-12-16T16:07:10","modified_gmt":"2022-12-16T15:07:10","slug":"raso","status":"publish","type":"page","link":"https:\/\/relaxsrl.com\/de\/produkte\/kollektionen-2\/raso\/","title":{"rendered":"Raso"},"content":{"rendered":"<p>[vc_row full_width=&#8220;stretch_row&#8220; equal_height=&#8220;yes&#8220; el_class=&#8220;row-header-collezione-prodotti&#8220; css=&#8220;.vc_custom_1635241745014{background-image: url(http:\/\/relaxsrl.com\/wp-content\/uploads\/2021\/10\/Raso.jpg?id=9024) !important;}&#8220;][vc_column width=&#8220;1\/2&#8243; el_class=&#8220;col-sx-header-collezione-prodotti&#8220;][vc_column_text el_class=&#8220;header-collezione-prodotti-txt&#8220;]<\/p>\n<h1> Raso Duschwannen mit Satin-Effekt <\/h1>\n<p>Raso Duschwannen sind rechteckig und in verschiedenen Gr\u00f6\u00dfen erh\u00e4ltlich und bestehen aus Gel Coat, einem Material aus Harzen und Mineralien, das langlebig, sehr solide und in d\u00fcnnen Dicken verwendbar ist. Rutschfest und antibakteriell l\u00e4sst es sich besonders angenehm pr\u00e4parieren, glatt, fast wie aus Satin.[\/vc_column_text][\/vc_column][vc_column width=&#8220;1\/2&#8243; el_class=&#8220;col-dx-header-collezione-prodotti&#8220;][vc_single_image image=&#8220;9201&#8243; img_size=&#8220;full&#8220; alignment=&#8220;center&#8220; el_class=&#8220;row-header-prodotto-img&#8220;][\/vc_column][\/vc_row][vc_row el_class=&#8220;row-path&#8220;][vc_column][vc_column_text][\/vc_column_text][\/vc_column][\/vc_row][vc_row][vc_column]<div class=\"woocommerce columns-4 \"><ul class=\"products columns-4\">\n<li class=\"product type-product post-21050 status-publish first instock product_cat-collections-en product_cat-collections product_cat-piatti-doccia-e-pareti-de product_cat-raso-ru product_cat-raso-en product_cat-raso-fr product_cat-raso-de product_cat-receveurs-et-parois-de-douche product_cat-collezioni-de product_cat-shower-trays-and-walls product_cat-tipologia-prodotto-en product_cat-tipologia-prodotto-de product_cat-type-de-produit product_cat-1651 product_cat-1568 product_cat-1617 has-post-thumbnail shipping-taxable product-type-simple\">\n\t<div class=\"woocommerce-loop-product__short_description\" itemprop=\"description\"><a href=\"https:\/\/relaxsrl.com\/de\/produkt\/raso-eckduschwanne\/\" class=\"woocommerce-LoopProduct-link woocommerce-loop-product__link\"><p>Rutschfeste und antibakterielle Gel Coat-Duschwanne mit Satin-Effekt bei Ber\u00fchrung.<\/p>\n<\/a><\/div><\/li>\n<\/ul>\n<\/div>[\/vc_column][\/vc_row]<\/p>\n","protected":false},"excerpt":{"rendered":"<p>[vc_row full_width=&#8220;stretch_row&#8220; equal_height=&#8220;yes&#8220; el_class=&#8220;row-header-collezione-prodotti&#8220; css=&#8220;.vc_custom_1635241745014{background-image: url(http:\/\/relaxsrl.com\/wp-content\/uploads\/2021\/10\/Raso.jpg?id=9024) !important;}&#8220;][vc_column width=&#8220;1\/2&#8243; el_class=&#8220;col-sx-header-collezione-prodotti&#8220;][vc_column_text el_class=&#8220;header-collezione-prodotti-txt&#8220;] Raso Duschwannen mit Satin-Effekt Raso Duschwannen sind rechteckig und in verschiedenen Gr\u00f6\u00dfen erh\u00e4ltlich und bestehen aus Gel Coat, einem Material aus Harzen und Mineralien, das langlebig, sehr solide und in d\u00fcnnen Dicken verwendbar ist. Rutschfest und antibakteriell l\u00e4sst es sich besonders angenehm pr\u00e4parieren, glatt, fast [&hellip;]<\/p>\n","protected":false},"author":3,"featured_media":9201,"parent":32052,"menu_order":0,"comment_status":"closed","ping_status":"closed","template":"","meta":[],"acf":[],"yoast_head":"<!-- This site is optimized with the Yoast SEO Premium plugin v18.4 (Yoast SEO v18.8) - https:\/\/yoast.com\/wordpress\/plugins\/seo\/ -->\n<title>Raso - Relax srl<\/title>\n<meta name=\"description\" content=\"Raso Duschwannen bestehen aus Gel Coat, einem Material aus Harzen und Mineralien, das im Laufe der Zeit best\u00e4ndig ist. Erfahren Sie mehr \u00fcber Raso.\" \/>\n<meta name=\"robots\" content=\"index, follow, max-snippet:-1, max-image-preview:large, max-video-preview:-1\" \/>\n<link rel=\"canonical\" href=\"https:\/\/relaxsrl.com\/de\/produkte\/kollektionen-2\/raso\/\" \/>\n<meta property=\"og:locale\" content=\"de_DE\" \/>\n<meta property=\"og:type\" content=\"article\" \/>\n<meta property=\"og:title\" content=\"Raso - Relax srl\" \/>\n<meta property=\"og:description\" content=\"Raso Duschwannen bestehen aus Gel Coat, einem Material aus Harzen und Mineralien, das im Laufe der Zeit best\u00e4ndig ist. Erfahren Sie mehr \u00fcber Raso.\" \/>\n<meta property=\"og:url\" content=\"https:\/\/relaxsrl.com\/de\/produkte\/kollektionen-2\/raso\/\" \/>\n<meta property=\"og:site_name\" content=\"Relax srl\" \/>\n<meta property=\"article:modified_time\" content=\"2022-12-16T15:07:10+00:00\" \/>\n<meta property=\"og:image\" content=\"https:\/\/relaxsrl.com\/website\/wp-content\/uploads\/2021\/10\/RASO-ANGOLARE_immagineprincipale-1.jpg\" \/>\n\t<meta property=\"og:image:width\" content=\"800\" \/>\n\t<meta property=\"og:image:height\" content=\"1110\" \/>\n\t<meta property=\"og:image:type\" content=\"image\/jpeg\" \/>\n<meta name=\"twitter:card\" content=\"summary_large_image\" \/>\n<meta name=\"twitter:label1\" content=\"Gesch\u00e4tzte Lesezeit\" \/>\n\t<meta name=\"twitter:data1\" content=\"1 Minute\" \/>\n<script type=\"application\/ld+json\" class=\"yoast-schema-graph\">{\"@context\":\"https:\/\/schema.org\",\"@graph\":[{\"@type\":\"WebSite\",\"@id\":\"https:\/\/relaxsrl.com\/#website\",\"url\":\"https:\/\/relaxsrl.com\/\",\"name\":\"Relax srl\",\"description\":\"\",\"potentialAction\":[{\"@type\":\"SearchAction\",\"target\":{\"@type\":\"EntryPoint\",\"urlTemplate\":\"https:\/\/relaxsrl.com\/?s={search_term_string}\"},\"query-input\":\"required name=search_term_string\"}],\"inLanguage\":\"de-DE\"},{\"@type\":\"ImageObject\",\"inLanguage\":\"de-DE\",\"@id\":\"https:\/\/relaxsrl.com\/de\/produkte\/kollektionen-2\/raso\/#primaryimage\",\"url\":\"https:\/\/relaxsrl.com\/website\/wp-content\/uploads\/2021\/10\/RASO-ANGOLARE_immagineprincipale-1.jpg\",\"contentUrl\":\"https:\/\/relaxsrl.com\/website\/wp-content\/uploads\/2021\/10\/RASO-ANGOLARE_immagineprincipale-1.jpg\",\"width\":800,\"height\":1110,\"caption\":\"Raso Duschwanne in Schieferoptik wei\u00df\"},{\"@type\":\"WebPage\",\"@id\":\"https:\/\/relaxsrl.com\/de\/produkte\/kollektionen-2\/raso\/#webpage\",\"url\":\"https:\/\/relaxsrl.com\/de\/produkte\/kollektionen-2\/raso\/\",\"name\":\"Raso - Relax srl\",\"isPartOf\":{\"@id\":\"https:\/\/relaxsrl.com\/#website\"},\"primaryImageOfPage\":{\"@id\":\"https:\/\/relaxsrl.com\/de\/produkte\/kollektionen-2\/raso\/#primaryimage\"},\"datePublished\":\"2022-08-11T15:30:33+00:00\",\"dateModified\":\"2022-12-16T15:07:10+00:00\",\"description\":\"Raso Duschwannen bestehen aus Gel Coat, einem Material aus Harzen und Mineralien, das im Laufe der Zeit best\u00e4ndig ist. Erfahren Sie mehr \u00fcber Raso.\",\"breadcrumb\":{\"@id\":\"https:\/\/relaxsrl.com\/de\/produkte\/kollektionen-2\/raso\/#breadcrumb\"},\"inLanguage\":\"de-DE\",\"potentialAction\":[{\"@type\":\"ReadAction\",\"target\":[\"https:\/\/relaxsrl.com\/de\/produkte\/kollektionen-2\/raso\/\"]}]},{\"@type\":\"BreadcrumbList\",\"@id\":\"https:\/\/relaxsrl.com\/de\/produkte\/kollektionen-2\/raso\/#breadcrumb\",\"itemListElement\":[{\"@type\":\"ListItem\",\"position\":1,\"name\":\"Produkte\",\"item\":\"https:\/\/relaxsrl.com\/de\/produkte\/\"},{\"@type\":\"ListItem\",\"position\":2,\"name\":\"Kollektionen\",\"item\":\"https:\/\/relaxsrl.com\/de\/produkte\/kollektionen-old-non-usare\/\"},{\"@type\":\"ListItem\",\"position\":3,\"name\":\"Raso\"}]}]}<\/script>\n<!-- \/ Yoast SEO Premium plugin. -->","yoast_head_json":{"title":"Raso - Relax srl","description":"Raso Duschwannen bestehen aus Gel Coat, einem Material aus Harzen und Mineralien, das im Laufe der Zeit best\u00e4ndig ist. Erfahren Sie mehr \u00fcber Raso.","robots":{"index":"index","follow":"follow","max-snippet":"max-snippet:-1","max-image-preview":"max-image-preview:large","max-video-preview":"max-video-preview:-1"},"canonical":"https:\/\/relaxsrl.com\/de\/produkte\/kollektionen-2\/raso\/","og_locale":"de_DE","og_type":"article","og_title":"Raso - Relax srl","og_description":"Raso Duschwannen bestehen aus Gel Coat, einem Material aus Harzen und Mineralien, das im Laufe der Zeit best\u00e4ndig ist. Erfahren Sie mehr \u00fcber Raso.","og_url":"https:\/\/relaxsrl.com\/de\/produkte\/kollektionen-2\/raso\/","og_site_name":"Relax srl","article_modified_time":"2022-12-16T15:07:10+00:00","og_image":[{"width":800,"height":1110,"url":"https:\/\/relaxsrl.com\/website\/wp-content\/uploads\/2021\/10\/RASO-ANGOLARE_immagineprincipale-1.jpg","type":"image\/jpeg"}],"twitter_card":"summary_large_image","twitter_misc":{"Gesch\u00e4tzte Lesezeit":"1 Minute"},"schema":{"@context":"https:\/\/schema.org","@graph":[{"@type":"WebSite","@id":"https:\/\/relaxsrl.com\/#website","url":"https:\/\/relaxsrl.com\/","name":"Relax srl","description":"","potentialAction":[{"@type":"SearchAction","target":{"@type":"EntryPoint","urlTemplate":"https:\/\/relaxsrl.com\/?s={search_term_string}"},"query-input":"required name=search_term_string"}],"inLanguage":"de-DE"},{"@type":"ImageObject","inLanguage":"de-DE","@id":"https:\/\/relaxsrl.com\/de\/produkte\/kollektionen-2\/raso\/#primaryimage","url":"https:\/\/relaxsrl.com\/website\/wp-content\/uploads\/2021\/10\/RASO-ANGOLARE_immagineprincipale-1.jpg","contentUrl":"https:\/\/relaxsrl.com\/website\/wp-content\/uploads\/2021\/10\/RASO-ANGOLARE_immagineprincipale-1.jpg","width":800,"height":1110,"caption":"Raso Duschwanne in Schieferoptik wei\u00df"},{"@type":"WebPage","@id":"https:\/\/relaxsrl.com\/de\/produkte\/kollektionen-2\/raso\/#webpage","url":"https:\/\/relaxsrl.com\/de\/produkte\/kollektionen-2\/raso\/","name":"Raso - Relax srl","isPartOf":{"@id":"https:\/\/relaxsrl.com\/#website"},"primaryImageOfPage":{"@id":"https:\/\/relaxsrl.com\/de\/produkte\/kollektionen-2\/raso\/#primaryimage"},"datePublished":"2022-08-11T15:30:33+00:00","dateModified":"2022-12-16T15:07:10+00:00","description":"Raso Duschwannen bestehen aus Gel Coat, einem Material aus Harzen und Mineralien, das im Laufe der Zeit best\u00e4ndig ist. Erfahren Sie mehr \u00fcber Raso.","breadcrumb":{"@id":"https:\/\/relaxsrl.com\/de\/produkte\/kollektionen-2\/raso\/#breadcrumb"},"inLanguage":"de-DE","potentialAction":[{"@type":"ReadAction","target":["https:\/\/relaxsrl.com\/de\/produkte\/kollektionen-2\/raso\/"]}]},{"@type":"BreadcrumbList","@id":"https:\/\/relaxsrl.com\/de\/produkte\/kollektionen-2\/raso\/#breadcrumb","itemListElement":[{"@type":"ListItem","position":1,"name":"Produkte","item":"https:\/\/relaxsrl.com\/de\/produkte\/"},{"@type":"ListItem","position":2,"name":"Kollektionen","item":"https:\/\/relaxsrl.com\/de\/produkte\/kollektionen-old-non-usare\/"},{"@type":"ListItem","position":3,"name":"Raso"}]}]}},"_links":{"self":[{"href":"https:\/\/relaxsrl.com\/de\/wp-json\/wp\/v2\/pages\/23008"}],"collection":[{"href":"https:\/\/relaxsrl.com\/de\/wp-json\/wp\/v2\/pages"}],"about":[{"href":"https:\/\/relaxsrl.com\/de\/wp-json\/wp\/v2\/types\/page"}],"author":[{"embeddable":true,"href":"https:\/\/relaxsrl.com\/de\/wp-json\/wp\/v2\/users\/3"}],"replies":[{"embeddable":true,"href":"https:\/\/relaxsrl.com\/de\/wp-json\/wp\/v2\/comments?post=23008"}],"version-history":[{"count":8,"href":"https:\/\/relaxsrl.com\/de\/wp-json\/wp\/v2\/pages\/23008\/revisions"}],"predecessor-version":[{"id":25008,"href":"https:\/\/relaxsrl.com\/de\/wp-json\/wp\/v2\/pages\/23008\/revisions\/25008"}],"up":[{"embeddable":true,"href":"https:\/\/relaxsrl.com\/de\/wp-json\/wp\/v2\/pages\/32052"}],"wp:featuredmedia":[{"embeddable":true,"href":"https:\/\/relaxsrl.com\/de\/wp-json\/wp\/v2\/media\/9201"}],"wp:attachment":[{"href":"https:\/\/relaxsrl.com\/de\/wp-json\/wp\/v2\/media?parent=23008"}],"curies":[{"name":"wp","href":"https:\/\/api.w.org\/{rel}","templated":true}]}}