{"id":23016,"date":"2022-08-11T17:30:50","date_gmt":"2022-08-11T15:30:50","guid":{"rendered":"https:\/\/relaxsrl.com\/produkte\/kollektionen\/stone\/"},"modified":"2022-12-16T16:21:44","modified_gmt":"2022-12-16T15:21:44","slug":"stone","status":"publish","type":"page","link":"https:\/\/relaxsrl.com\/de\/produkte\/kollektionen-2\/stone\/","title":{"rendered":"Stone"},"content":{"rendered":"<p>[vc_row full_width=&#8220;stretch_row&#8220; equal_height=&#8220;yes&#8220; el_class=&#8220;row-header-collezione-prodotti&#8220; css=&#8220;.vc_custom_1635241681194{background-image: url(http:\/\/relaxsrl.com\/wp-content\/uploads\/2021\/10\/Stone.jpg?id=9040) !important;}&#8220;][vc_column width=&#8220;1\/2&#8243; el_class=&#8220;col-sx-header-collezione-prodotti&#8220;][vc_column_text el_class=&#8220;header-collezione-prodotti-txt&#8220;]<\/p>\n<h1> Stone, Duschwannen in Steinoptik <\/h1>\n<p>Die Duschwannen Stone bestehen aus rutschfestem und antibakteriellem Gel Coat mit einem besonderen Steineffekt, der sich anf\u00fchlt und ein sicheres Gef\u00fchl unter den F\u00fc\u00dfen vermittelt. Es ist ein Material aus Harzen und Mineralien, langlebig und sehr solide, vollst\u00e4ndig wiederherstellbar.[\/vc_column_text][\/vc_column][vc_column width=&#8220;1\/2&#8243; el_class=&#8220;col-dx-header-collezione-prodotti&#8220;][vc_single_image image=&#8220;9205&#8243; img_size=&#8220;full&#8220; alignment=&#8220;center&#8220; el_class=&#8220;row-header-prodotto-img&#8220;][\/vc_column][\/vc_row][vc_row el_class=&#8220;row-path&#8220;][vc_column][vc_column_text][\/vc_column_text][\/vc_column][\/vc_row][vc_row][vc_column]<div class=\"woocommerce columns-4 \"><ul class=\"products columns-4\">\n<li class=\"product type-product post-21046 status-publish first instock product_cat-collections-en product_cat-collections product_cat-piatti-doccia-e-pareti-de product_cat-receveurs-et-parois-de-douche product_cat-collezioni-de product_cat-shower-trays-and-walls product_cat-stone-en product_cat-stone-ru product_cat-stone-fr product_cat-stone-de product_cat-tipologia-prodotto-de product_cat-tipologia-prodotto-en product_cat-type-de-produit product_cat-1651 product_cat-1568 product_cat-1617 has-post-thumbnail shipping-taxable product-type-simple\">\n\t<div class=\"woocommerce-loop-product__short_description\" itemprop=\"description\"><a href=\"https:\/\/relaxsrl.com\/de\/produkt\/stone-eckduschwanne\/\" class=\"woocommerce-LoopProduct-link woocommerce-loop-product__link\"><p>Rechteckige Duschwanne aus rutschfestem und antibakteriellem Gel Coat, Steinoptik bei Ber\u00fchrung.<\/p>\n<\/a><\/div><\/li>\n<li class=\"product type-product post-21047 status-publish instock product_cat-piatti-doccia-e-pareti-de product_cat-collezioni-de product_cat-stone-ru product_cat-stone-de product_cat-tipologia-prodotto-de product_cat-1651 product_cat-1568 product_cat-1617 has-post-thumbnail shipping-taxable product-type-simple\">\n\t<div class=\"woocommerce-loop-product__short_description\" itemprop=\"description\"><a href=\"https:\/\/relaxsrl.com\/de\/produkt\/stone-halbrunde-duschwanne\/\" class=\"woocommerce-LoopProduct-link woocommerce-loop-product__link\"><p>Stone ist eine Duschplatte, die sich von Texturen und nat\u00fcrlichen Elementen wie Stein inspirieren l\u00e4sst.<\/p>\n<\/a><\/div><\/li>\n<\/ul>\n<\/div>[\/vc_column][\/vc_row]<\/p>\n","protected":false},"excerpt":{"rendered":"<p>[vc_row full_width=&#8220;stretch_row&#8220; equal_height=&#8220;yes&#8220; el_class=&#8220;row-header-collezione-prodotti&#8220; css=&#8220;.vc_custom_1635241681194{background-image: url(http:\/\/relaxsrl.com\/wp-content\/uploads\/2021\/10\/Stone.jpg?id=9040) !important;}&#8220;][vc_column width=&#8220;1\/2&#8243; el_class=&#8220;col-sx-header-collezione-prodotti&#8220;][vc_column_text el_class=&#8220;header-collezione-prodotti-txt&#8220;] Stone, Duschwannen in Steinoptik Die Duschwannen Stone bestehen aus rutschfestem und antibakteriellem Gel Coat mit einem besonderen Steineffekt, der sich anf\u00fchlt und ein sicheres Gef\u00fchl unter den F\u00fc\u00dfen vermittelt. Es ist ein Material aus Harzen und Mineralien, langlebig und sehr solide, vollst\u00e4ndig wiederherstellbar.[\/vc_column_text][\/vc_column][vc_column width=&#8220;1\/2&#8243; el_class=&#8220;col-dx-header-collezione-prodotti&#8220;][vc_single_image [&hellip;]<\/p>\n","protected":false},"author":3,"featured_media":9205,"parent":32052,"menu_order":0,"comment_status":"closed","ping_status":"closed","template":"","meta":[],"acf":[],"yoast_head":"<!-- This site is optimized with the Yoast SEO Premium plugin v18.4 (Yoast SEO v18.8) - https:\/\/yoast.com\/wordpress\/plugins\/seo\/ -->\n<title>Stone - Relax srl<\/title>\n<meta name=\"description\" content=\"Die Duschwannen Stone bestehen aus rutschfestem und antibakteriellem Gel Coat mit einem besonderen Steineffekt bei Ber\u00fchrung. Entdecken Sie Stein.\" \/>\n<meta name=\"robots\" content=\"index, follow, max-snippet:-1, max-image-preview:large, max-video-preview:-1\" \/>\n<link rel=\"canonical\" href=\"https:\/\/relaxsrl.com\/de\/produkte\/kollektionen-2\/stone\/\" \/>\n<meta property=\"og:locale\" content=\"de_DE\" \/>\n<meta property=\"og:type\" content=\"article\" \/>\n<meta property=\"og:title\" content=\"Stone - Relax srl\" \/>\n<meta property=\"og:description\" content=\"Die Duschwannen Stone bestehen aus rutschfestem und antibakteriellem Gel Coat mit einem besonderen Steineffekt bei Ber\u00fchrung. Entdecken Sie Stein.\" \/>\n<meta property=\"og:url\" content=\"https:\/\/relaxsrl.com\/de\/produkte\/kollektionen-2\/stone\/\" \/>\n<meta property=\"og:site_name\" content=\"Relax srl\" \/>\n<meta property=\"article:modified_time\" content=\"2022-12-16T15:21:44+00:00\" \/>\n<meta property=\"og:image\" content=\"https:\/\/relaxsrl.com\/website\/wp-content\/uploads\/2021\/10\/STONE-ANGOLARE_immagineprincipale-1.jpg\" \/>\n\t<meta property=\"og:image:width\" content=\"800\" \/>\n\t<meta property=\"og:image:height\" content=\"1110\" \/>\n\t<meta property=\"og:image:type\" content=\"image\/jpeg\" \/>\n<meta name=\"twitter:card\" content=\"summary_large_image\" \/>\n<meta name=\"twitter:label1\" content=\"Gesch\u00e4tzte Lesezeit\" \/>\n\t<meta name=\"twitter:data1\" content=\"1 Minute\" \/>\n<script type=\"application\/ld+json\" class=\"yoast-schema-graph\">{\"@context\":\"https:\/\/schema.org\",\"@graph\":[{\"@type\":\"WebSite\",\"@id\":\"https:\/\/relaxsrl.com\/#website\",\"url\":\"https:\/\/relaxsrl.com\/\",\"name\":\"Relax srl\",\"description\":\"\",\"potentialAction\":[{\"@type\":\"SearchAction\",\"target\":{\"@type\":\"EntryPoint\",\"urlTemplate\":\"https:\/\/relaxsrl.com\/?s={search_term_string}\"},\"query-input\":\"required name=search_term_string\"}],\"inLanguage\":\"de-DE\"},{\"@type\":\"ImageObject\",\"inLanguage\":\"de-DE\",\"@id\":\"https:\/\/relaxsrl.com\/de\/produkte\/kollektionen-2\/stone\/#primaryimage\",\"url\":\"https:\/\/relaxsrl.com\/website\/wp-content\/uploads\/2021\/10\/STONE-ANGOLARE_immagineprincipale-1.jpg\",\"contentUrl\":\"https:\/\/relaxsrl.com\/website\/wp-content\/uploads\/2021\/10\/STONE-ANGOLARE_immagineprincipale-1.jpg\",\"width\":800,\"height\":1110,\"caption\":\"Duschwanne in Steinoptik\"},{\"@type\":\"WebPage\",\"@id\":\"https:\/\/relaxsrl.com\/de\/produkte\/kollektionen-2\/stone\/#webpage\",\"url\":\"https:\/\/relaxsrl.com\/de\/produkte\/kollektionen-2\/stone\/\",\"name\":\"Stone - Relax srl\",\"isPartOf\":{\"@id\":\"https:\/\/relaxsrl.com\/#website\"},\"primaryImageOfPage\":{\"@id\":\"https:\/\/relaxsrl.com\/de\/produkte\/kollektionen-2\/stone\/#primaryimage\"},\"datePublished\":\"2022-08-11T15:30:50+00:00\",\"dateModified\":\"2022-12-16T15:21:44+00:00\",\"description\":\"Die Duschwannen Stone bestehen aus rutschfestem und antibakteriellem Gel Coat mit einem besonderen Steineffekt bei Ber\u00fchrung. Entdecken Sie Stein.\",\"breadcrumb\":{\"@id\":\"https:\/\/relaxsrl.com\/de\/produkte\/kollektionen-2\/stone\/#breadcrumb\"},\"inLanguage\":\"de-DE\",\"potentialAction\":[{\"@type\":\"ReadAction\",\"target\":[\"https:\/\/relaxsrl.com\/de\/produkte\/kollektionen-2\/stone\/\"]}]},{\"@type\":\"BreadcrumbList\",\"@id\":\"https:\/\/relaxsrl.com\/de\/produkte\/kollektionen-2\/stone\/#breadcrumb\",\"itemListElement\":[{\"@type\":\"ListItem\",\"position\":1,\"name\":\"Produkte\",\"item\":\"https:\/\/relaxsrl.com\/de\/produkte\/\"},{\"@type\":\"ListItem\",\"position\":2,\"name\":\"Kollektionen\",\"item\":\"https:\/\/relaxsrl.com\/de\/produkte\/kollektionen-old-non-usare\/\"},{\"@type\":\"ListItem\",\"position\":3,\"name\":\"Stone\"}]}]}<\/script>\n<!-- \/ Yoast SEO Premium plugin. -->","yoast_head_json":{"title":"Stone - Relax srl","description":"Die Duschwannen Stone bestehen aus rutschfestem und antibakteriellem Gel Coat mit einem besonderen Steineffekt bei Ber\u00fchrung. Entdecken Sie Stein.","robots":{"index":"index","follow":"follow","max-snippet":"max-snippet:-1","max-image-preview":"max-image-preview:large","max-video-preview":"max-video-preview:-1"},"canonical":"https:\/\/relaxsrl.com\/de\/produkte\/kollektionen-2\/stone\/","og_locale":"de_DE","og_type":"article","og_title":"Stone - Relax srl","og_description":"Die Duschwannen Stone bestehen aus rutschfestem und antibakteriellem Gel Coat mit einem besonderen Steineffekt bei Ber\u00fchrung. Entdecken Sie Stein.","og_url":"https:\/\/relaxsrl.com\/de\/produkte\/kollektionen-2\/stone\/","og_site_name":"Relax srl","article_modified_time":"2022-12-16T15:21:44+00:00","og_image":[{"width":800,"height":1110,"url":"https:\/\/relaxsrl.com\/website\/wp-content\/uploads\/2021\/10\/STONE-ANGOLARE_immagineprincipale-1.jpg","type":"image\/jpeg"}],"twitter_card":"summary_large_image","twitter_misc":{"Gesch\u00e4tzte Lesezeit":"1 Minute"},"schema":{"@context":"https:\/\/schema.org","@graph":[{"@type":"WebSite","@id":"https:\/\/relaxsrl.com\/#website","url":"https:\/\/relaxsrl.com\/","name":"Relax srl","description":"","potentialAction":[{"@type":"SearchAction","target":{"@type":"EntryPoint","urlTemplate":"https:\/\/relaxsrl.com\/?s={search_term_string}"},"query-input":"required name=search_term_string"}],"inLanguage":"de-DE"},{"@type":"ImageObject","inLanguage":"de-DE","@id":"https:\/\/relaxsrl.com\/de\/produkte\/kollektionen-2\/stone\/#primaryimage","url":"https:\/\/relaxsrl.com\/website\/wp-content\/uploads\/2021\/10\/STONE-ANGOLARE_immagineprincipale-1.jpg","contentUrl":"https:\/\/relaxsrl.com\/website\/wp-content\/uploads\/2021\/10\/STONE-ANGOLARE_immagineprincipale-1.jpg","width":800,"height":1110,"caption":"Duschwanne in Steinoptik"},{"@type":"WebPage","@id":"https:\/\/relaxsrl.com\/de\/produkte\/kollektionen-2\/stone\/#webpage","url":"https:\/\/relaxsrl.com\/de\/produkte\/kollektionen-2\/stone\/","name":"Stone - Relax srl","isPartOf":{"@id":"https:\/\/relaxsrl.com\/#website"},"primaryImageOfPage":{"@id":"https:\/\/relaxsrl.com\/de\/produkte\/kollektionen-2\/stone\/#primaryimage"},"datePublished":"2022-08-11T15:30:50+00:00","dateModified":"2022-12-16T15:21:44+00:00","description":"Die Duschwannen Stone bestehen aus rutschfestem und antibakteriellem Gel Coat mit einem besonderen Steineffekt bei Ber\u00fchrung. Entdecken Sie Stein.","breadcrumb":{"@id":"https:\/\/relaxsrl.com\/de\/produkte\/kollektionen-2\/stone\/#breadcrumb"},"inLanguage":"de-DE","potentialAction":[{"@type":"ReadAction","target":["https:\/\/relaxsrl.com\/de\/produkte\/kollektionen-2\/stone\/"]}]},{"@type":"BreadcrumbList","@id":"https:\/\/relaxsrl.com\/de\/produkte\/kollektionen-2\/stone\/#breadcrumb","itemListElement":[{"@type":"ListItem","position":1,"name":"Produkte","item":"https:\/\/relaxsrl.com\/de\/produkte\/"},{"@type":"ListItem","position":2,"name":"Kollektionen","item":"https:\/\/relaxsrl.com\/de\/produkte\/kollektionen-old-non-usare\/"},{"@type":"ListItem","position":3,"name":"Stone"}]}]}},"_links":{"self":[{"href":"https:\/\/relaxsrl.com\/de\/wp-json\/wp\/v2\/pages\/23016"}],"collection":[{"href":"https:\/\/relaxsrl.com\/de\/wp-json\/wp\/v2\/pages"}],"about":[{"href":"https:\/\/relaxsrl.com\/de\/wp-json\/wp\/v2\/types\/page"}],"author":[{"embeddable":true,"href":"https:\/\/relaxsrl.com\/de\/wp-json\/wp\/v2\/users\/3"}],"replies":[{"embeddable":true,"href":"https:\/\/relaxsrl.com\/de\/wp-json\/wp\/v2\/comments?post=23016"}],"version-history":[{"count":14,"href":"https:\/\/relaxsrl.com\/de\/wp-json\/wp\/v2\/pages\/23016\/revisions"}],"predecessor-version":[{"id":25026,"href":"https:\/\/relaxsrl.com\/de\/wp-json\/wp\/v2\/pages\/23016\/revisions\/25026"}],"up":[{"embeddable":true,"href":"https:\/\/relaxsrl.com\/de\/wp-json\/wp\/v2\/pages\/32052"}],"wp:featuredmedia":[{"embeddable":true,"href":"https:\/\/relaxsrl.com\/de\/wp-json\/wp\/v2\/media\/9205"}],"wp:attachment":[{"href":"https:\/\/relaxsrl.com\/de\/wp-json\/wp\/v2\/media?parent=23016"}],"curies":[{"name":"wp","href":"https:\/\/api.w.org\/{rel}","templated":true}]}}