{"id":23052,"date":"2022-08-11T17:57:31","date_gmt":"2022-08-11T15:57:31","guid":{"rendered":"https:\/\/relaxsrl.com\/produkte\/konfigurator\/nischenduschkabine\/"},"modified":"2022-11-18T10:34:28","modified_gmt":"2022-11-18T09:34:28","slug":"nischenduschkabine","status":"publish","type":"page","link":"https:\/\/relaxsrl.com\/de\/produkte\/konfigurator\/nischenduschkabine\/","title":{"rendered":"Nischenduschkabine"},"content":{"rendered":"<p>[vc_row full_width=&#8220;stretch_row&#8220; content_placement=&#8220;middle&#8220; el_class=&#8220;intro-row intro-row-grey&#8220;][vc_column width=&#8220;5\/12&#8243;][vc_column_text]<\/p>\n<h1>Duschkabine Konfigurator<\/h1>\n<p>[\/vc_column_text][\/vc_column][vc_column width=&#8220;7\/12&#8243;][vc_column_text el_class=&#8220;abstract&#8220;]Befolgen Sie die Anweisungen, die Sie erhalten, um die richtigen Relax-Duschabtrennungen f\u00fcr Ihre Bed\u00fcrfnisse zu finden. In wenigen einfachen Schritten finden Sie die perfekte L\u00f6sung f\u00fcr Sie.[\/vc_column_text][\/vc_column][\/vc_row][vc_row el_class=&#8220;row-path&#8220;][vc_column][vc_column_text][\/vc_column_text][\/vc_column][\/vc_row][vc_row][vc_column][vc_column_text]<\/p>\n<h3 style=\"text-align: center;\">2. W\u00e4hlen Sie die \u00d6ffnungsart Ihrer Duschkabine<\/h3>\n<p>[\/vc_column_text][vc_empty_space height=&#8220;50px&#8220;][vc_column_text el_class=&#8220;selezionatore-back&#8220;]<a href=\"https:\/\/relaxsrl.com\/de\/produkte\/konfigurator\/\">&lt; zur\u00fcck<\/a>[\/vc_column_text][vc_empty_space height=&#8220;20px&#8220;][\/vc_column][\/vc_row][vc_row][vc_column width=&#8220;1\/3&#8243; el_class=&#8220;selezionatore-col selezionatore-item&#8220;][vc_single_image image=&#8220;7951&#8243; img_size=&#8220;full&#8220; onclick=&#8220;custom_link&#8220; link=&#8220;https:\/\/relaxsrl.com\/de\/produkte\/konfigurator\/nischenduschkabine\/schiebetuer\/&#8220; el_class=&#8220;selezionatore-item-img-hover&#8220;][vc_single_image image=&#8220;7819&#8243; img_size=&#8220;full&#8220; onclick=&#8220;custom_link&#8220; link=&#8220;https:\/\/relaxsrl.com\/de\/produkte\/konfigurator\/nischenduschkabine\/schiebetuer\/&#8220;][vc_row_inner equal_height=&#8220;yes&#8220; content_placement=&#8220;middle&#8220;][vc_column_inner width=&#8220;3\/4&#8243;][vc_column_text]<\/p>\n<h3><a href=\"https:\/\/relaxsrl.com\/de\/produkte\/konfigurator\/nischenduschkabine\/schiebetuer\/\">Schiebet\u00fcr<\/a><\/h3>\n<p>[\/vc_column_text][\/vc_column_inner][vc_column_inner width=&#8220;1\/4&#8243;][vc_single_image image=&#8220;3937&#8243; img_size=&#8220;full&#8220; alignment=&#8220;right&#8220; el_class=&#8220;selezionatore-information-icon&#8220;][vc_single_image image=&#8220;3939&#8243; img_size=&#8220;full&#8220; el_class=&#8220;information-arrow&#8220;][vc_column_text el_class=&#8220;information&#8220;]Schiebet\u00fcren bestehen aus einem oder mehreren festen Fl\u00fcgeln und einem oder mehreren Schiebefl\u00fcgeln auf einer Schiene. Sie k\u00f6nnen an Nischen-, Eck-, 3- und 4-seitigen Duschabtrennungen montiert werden.[\/vc_column_text][\/vc_column_inner][\/vc_row_inner][\/vc_column][vc_column width=&#8220;1\/3&#8243; el_class=&#8220;selezionatore-col selezionatore-item&#8220;][vc_single_image image=&#8220;7939&#8243; img_size=&#8220;full&#8220; onclick=&#8220;custom_link&#8220; link=&#8220;https:\/\/relaxsrl.com\/de\/produkte\/konfigurator\/nischenduschkabine\/fluegeltuere\/&#8220; el_class=&#8220;selezionatore-item-img-hover&#8220;][vc_single_image image=&#8220;7807&#8243; img_size=&#8220;full&#8220; onclick=&#8220;custom_link&#8220; link=&#8220;https:\/\/relaxsrl.com\/de\/produkte\/konfigurator\/nischenduschkabine\/fluegeltuere\/&#8220;][vc_row_inner equal_height=&#8220;yes&#8220; content_placement=&#8220;middle&#8220;][vc_column_inner width=&#8220;3\/4&#8243;][vc_column_text]<\/p>\n<h3><a href=\"https:\/\/relaxsrl.com\/de\/produkte\/konfigurator\/nischenduschkabine\/fluegeltuere\/\">Fl\u00fcgelt\u00fcre<\/a><\/h3>\n<p>[\/vc_column_text][\/vc_column_inner][vc_column_inner width=&#8220;1\/4&#8243;][vc_single_image image=&#8220;3937&#8243; img_size=&#8220;full&#8220; alignment=&#8220;right&#8220; el_class=&#8220;selezionatore-information-icon&#8220;][vc_single_image image=&#8220;3939&#8243; img_size=&#8220;full&#8220; el_class=&#8220;information-arrow&#8220;][vc_column_text el_class=&#8220;information&#8220;]Fl\u00fcgelt\u00fcren sind weit verbreitet. Sie haben die T\u00fcr, die auf der Duschwanne, auf dem Sturz oder auf einer anderen Wand der Duschabtrennung aufliegt. Ideal f\u00fcr Menschen mit eingeschr\u00e4nkter Mobilit\u00e4t.[\/vc_column_text][\/vc_column_inner][\/vc_row_inner][\/vc_column][vc_column width=&#8220;1\/3&#8243; el_class=&#8220;selezionatore-col selezionatore-item&#8220;][vc_single_image image=&#8220;7943&#8243; img_size=&#8220;full&#8220; onclick=&#8220;custom_link&#8220; link=&#8220;https:\/\/relaxsrl.com\/de\/produkte\/konfigurator\/nischenduschkabine\/pivot-tuer\/&#8220; el_class=&#8220;selezionatore-item-img-hover&#8220;][vc_single_image image=&#8220;7811&#8243; img_size=&#8220;full&#8220; onclick=&#8220;custom_link&#8220; link=&#8220;https:\/\/relaxsrl.com\/de\/produkte\/konfigurator\/nischenduschkabine\/pivot-tuer\/&#8220;][vc_row_inner equal_height=&#8220;yes&#8220; content_placement=&#8220;middle&#8220;][vc_column_inner width=&#8220;3\/4&#8243;][vc_column_text]<\/p>\n<h3><a href=\"https:\/\/relaxsrl.com\/de\/produkte\/konfigurator\/nischenduschkabine\/pivot-tuer\/\">Pivot T\u00fcr<\/a><\/h3>\n<p>[\/vc_column_text][\/vc_column_inner][vc_column_inner width=&#8220;1\/4&#8243;][vc_single_image image=&#8220;3937&#8243; img_size=&#8220;full&#8220; alignment=&#8220;right&#8220; el_class=&#8220;selezionatore-information-icon&#8220;][vc_single_image image=&#8220;3939&#8243; img_size=&#8220;full&#8220; el_class=&#8220;information-arrow&#8220;][vc_column_text el_class=&#8220;information&#8220;]Die Pivot-T\u00fcren \u00f6ffnen sich durch Drehen an Stiften, die in einem bestimmten Abstand von der Wand (9-18 cm) montiert sind. Perfekt f\u00fcr Eck- oder Nischenduschkabinen, ideal mit einem Heizk\u00f6rper an der Wand parallel zur \u00d6ffnung.[\/vc_column_text][\/vc_column_inner][\/vc_row_inner][\/vc_column][\/vc_row][vc_row][vc_column width=&#8220;1\/3&#8243; el_class=&#8220;selezionatore-col selezionatore-item&#8220;][vc_single_image image=&#8220;7955&#8243; img_size=&#8220;full&#8220; onclick=&#8220;custom_link&#8220; link=&#8220;https:\/\/relaxsrl.com\/de\/produkte\/konfigurator\/nischenduschkabine\/falttuere\/&#8220; el_class=&#8220;selezionatore-item-img-hover&#8220;][vc_single_image image=&#8220;7823&#8243; img_size=&#8220;full&#8220; onclick=&#8220;custom_link&#8220; link=&#8220;https:\/\/relaxsrl.com\/de\/produkte\/konfigurator\/nischenduschkabine\/falttuere\/&#8220;][vc_row_inner equal_height=&#8220;yes&#8220; content_placement=&#8220;middle&#8220;][vc_column_inner width=&#8220;3\/4&#8243;][vc_column_text]<\/p>\n<h3><a href=\"https:\/\/relaxsrl.com\/de\/produkte\/konfigurator\/nischenduschkabine\/falttuere\/\">Faltt\u00fcre<\/a><\/h3>\n<p>[\/vc_column_text][\/vc_column_inner][vc_column_inner width=&#8220;1\/4&#8243;][vc_single_image image=&#8220;3937&#8243; img_size=&#8220;full&#8220; alignment=&#8220;right&#8220; el_class=&#8220;selezionatore-information-icon&#8220;][vc_single_image image=&#8220;3939&#8243; img_size=&#8220;full&#8220; el_class=&#8220;information-arrow&#8220;][vc_column_text el_class=&#8220;information&#8220;]Die Faltt\u00fcren (oder faltbar, faltbar, akkordeonartig, einziehbar) haben Scharniere oder Gelenkprofile, um sich in Verl\u00e4ngerung zu \u00f6ffnen oder die Paneele zusammenzufalten. Weit verbreitet in kleinen Badezimmern.[\/vc_column_text][\/vc_column_inner][\/vc_row_inner][\/vc_column][vc_column width=&#8220;1\/3&#8243; el_class=&#8220;selezionatore-col selezionatore-item&#8220;][vc_single_image image=&#8220;7947&#8243; img_size=&#8220;full&#8220; onclick=&#8220;custom_link&#8220; link=&#8220;https:\/\/relaxsrl.com\/de\/produkte\/konfigurator\/nischenduschkabine\/saloon-tuer\/&#8220; el_class=&#8220;selezionatore-item-img-hover&#8220;][vc_single_image image=&#8220;7815&#8243; img_size=&#8220;full&#8220; onclick=&#8220;custom_link&#8220; link=&#8220;https:\/\/relaxsrl.com\/de\/produkte\/konfigurator\/nischenduschkabine\/saloon-tuer\/&#8220;][vc_row_inner equal_height=&#8220;yes&#8220; content_placement=&#8220;middle&#8220;][vc_column_inner width=&#8220;3\/4&#8243;][vc_column_text]<\/p>\n<h3><a href=\"https:\/\/relaxsrl.com\/de\/produkte\/konfigurator\/nischenduschkabine\/saloon-tuer\/\">Saloon T\u00fcr<\/a><\/h3>\n<p>[\/vc_column_text][\/vc_column_inner][vc_column_inner width=&#8220;1\/4&#8243;][vc_single_image image=&#8220;3937&#8243; img_size=&#8220;full&#8220; alignment=&#8220;right&#8220; el_class=&#8220;selezionatore-information-icon&#8220;][vc_single_image image=&#8220;3939&#8243; img_size=&#8220;full&#8220; el_class=&#8220;information-arrow&#8220;][vc_column_text el_class=&#8220;information&#8220;]Die Salont\u00fcren sind zwei unabh\u00e4ngige T\u00fcren, die sich sowohl nach innen als auch nach au\u00dfen um 180 \u00b0 \u00f6ffnen lassen. Sie sind eine platzsparende L\u00f6sung f\u00fcr Nischen-, Eck- oder 3-seitige Duschabtrennungen.[\/vc_column_text][\/vc_column_inner][\/vc_row_inner][\/vc_column][vc_column width=&#8220;1\/3&#8243; el_class=&#8220;selezionatore-col selezionatore-item&#8220;][vc_single_image image=&#8220;7959&#8243; img_size=&#8220;full&#8220; onclick=&#8220;custom_link&#8220; link=&#8220;https:\/\/relaxsrl.com\/de\/produkte\/konfigurator\/nischenduschkabine\/walk-in\/&#8220; el_class=&#8220;selezionatore-item-img-hover&#8220;][vc_single_image image=&#8220;8715&#8243; img_size=&#8220;full&#8220; onclick=&#8220;custom_link&#8220; link=&#8220;https:\/\/relaxsrl.com\/de\/produkte\/konfigurator\/nischenduschkabine\/walk-in\/&#8220;][vc_row_inner equal_height=&#8220;yes&#8220; content_placement=&#8220;middle&#8220;][vc_column_inner width=&#8220;3\/4&#8243;][vc_column_text]<\/p>\n<h3><a href=\"https:\/\/relaxsrl.com\/de\/produkte\/konfigurator\/nischenduschkabine\/walk-in\/\">Walk-in<\/a><\/h3>\n<p>[\/vc_column_text][\/vc_column_inner][vc_column_inner width=&#8220;1\/4&#8243;][vc_single_image image=&#8220;3937&#8243; img_size=&#8220;full&#8220; alignment=&#8220;right&#8220; el_class=&#8220;selezionatore-information-icon&#8220;][vc_single_image image=&#8220;3939&#8243; img_size=&#8220;full&#8220; el_class=&#8220;information-arrow&#8220;][vc_column_text el_class=&#8220;information&#8220;]Die Walk-in-Duschkabine, auch Glaskabine oder offene Duschkabine genannt, ist minimal und essentiell und zeichnet sich durch einen sofortigen Zugang aus, da sie keine T\u00fcr hat.[\/vc_column_text][\/vc_column_inner][\/vc_row_inner][\/vc_column][\/vc_row][vc_row][vc_column][vc_empty_space height=&#8220;100px&#8220;][\/vc_column][\/vc_row]<\/p>\n","protected":false},"excerpt":{"rendered":"<p>[vc_row full_width=&#8220;stretch_row&#8220; content_placement=&#8220;middle&#8220; el_class=&#8220;intro-row intro-row-grey&#8220;][vc_column width=&#8220;5\/12&#8243;][vc_column_text] Duschkabine Konfigurator [\/vc_column_text][\/vc_column][vc_column width=&#8220;7\/12&#8243;][vc_column_text el_class=&#8220;abstract&#8220;]Befolgen Sie die Anweisungen, die Sie erhalten, um die richtigen Relax-Duschabtrennungen f\u00fcr Ihre Bed\u00fcrfnisse zu finden. In wenigen einfachen Schritten finden Sie die perfekte L\u00f6sung f\u00fcr Sie.[\/vc_column_text][\/vc_column][\/vc_row][vc_row el_class=&#8220;row-path&#8220;][vc_column][vc_column_text][\/vc_column_text][\/vc_column][\/vc_row][vc_row][vc_column][vc_column_text] 2. W\u00e4hlen Sie die \u00d6ffnungsart Ihrer Duschkabine [\/vc_column_text][vc_empty_space height=&#8220;50px&#8220;][vc_column_text el_class=&#8220;selezionatore-back&#8220;]&lt; zur\u00fcck[\/vc_column_text][vc_empty_space height=&#8220;20px&#8220;][\/vc_column][\/vc_row][vc_row][vc_column width=&#8220;1\/3&#8243; el_class=&#8220;selezionatore-col selezionatore-item&#8220;][vc_single_image image=&#8220;7951&#8243; img_size=&#8220;full&#8220; [&hellip;]<\/p>\n","protected":false},"author":3,"featured_media":10270,"parent":22944,"menu_order":0,"comment_status":"closed","ping_status":"closed","template":"","meta":[],"acf":[],"yoast_head":"<!-- This site is optimized with the Yoast SEO Premium plugin v18.4 (Yoast SEO v18.8) - https:\/\/yoast.com\/wordpress\/plugins\/seo\/ -->\n<title>Nischenduschkabine - Relax srl<\/title>\n<meta name=\"robots\" content=\"index, follow, max-snippet:-1, max-image-preview:large, max-video-preview:-1\" \/>\n<link rel=\"canonical\" href=\"https:\/\/relaxsrl.com\/de\/produkte\/konfigurator\/nischenduschkabine\/\" \/>\n<meta property=\"og:locale\" content=\"de_DE\" \/>\n<meta property=\"og:type\" content=\"article\" \/>\n<meta property=\"og:title\" content=\"Nischenduschkabine - Relax srl\" \/>\n<meta property=\"og:description\" content=\"[vc_row full_width=&#8220;stretch_row&#8220; content_placement=&#8220;middle&#8220; el_class=&#8220;intro-row intro-row-grey&#8220;][vc_column width=&#8220;5\/12&#8243;][vc_column_text] Duschkabine Konfigurator [\/vc_column_text][\/vc_column][vc_column width=&#8220;7\/12&#8243;][vc_column_text el_class=&#8220;abstract&#8220;]Befolgen Sie die Anweisungen, die Sie erhalten, um die richtigen Relax-Duschabtrennungen f\u00fcr Ihre Bed\u00fcrfnisse zu finden. In wenigen einfachen Schritten finden Sie die perfekte L\u00f6sung f\u00fcr Sie.[\/vc_column_text][\/vc_column][\/vc_row][vc_row el_class=&#8220;row-path&#8220;][vc_column][vc_column_text][\/vc_column_text][\/vc_column][\/vc_row][vc_row][vc_column][vc_column_text] 2. W\u00e4hlen Sie die \u00d6ffnungsart Ihrer Duschkabine [\/vc_column_text][vc_empty_space height=&#8220;50px&#8220;][vc_column_text el_class=&#8220;selezionatore-back&#8220;]&lt; zur\u00fcck[\/vc_column_text][vc_empty_space height=&#8220;20px&#8220;][\/vc_column][\/vc_row][vc_row][vc_column width=&#8220;1\/3&#8243; el_class=&#8220;selezionatore-col selezionatore-item&#8220;][vc_single_image image=&#8220;7951&#8243; img_size=&#8220;full&#8220; [&hellip;]\" \/>\n<meta property=\"og:url\" content=\"https:\/\/relaxsrl.com\/de\/produkte\/konfigurator\/nischenduschkabine\/\" \/>\n<meta property=\"og:site_name\" content=\"Relax srl\" \/>\n<meta property=\"article:modified_time\" content=\"2022-11-18T09:34:28+00:00\" \/>\n<meta name=\"twitter:card\" content=\"summary_large_image\" \/>\n<meta name=\"twitter:label1\" content=\"Gesch\u00e4tzte Lesezeit\" \/>\n\t<meta name=\"twitter:data1\" content=\"5 Minuten\" \/>\n<script type=\"application\/ld+json\" class=\"yoast-schema-graph\">{\"@context\":\"https:\/\/schema.org\",\"@graph\":[{\"@type\":\"WebSite\",\"@id\":\"https:\/\/relaxsrl.com\/#website\",\"url\":\"https:\/\/relaxsrl.com\/\",\"name\":\"Relax srl\",\"description\":\"\",\"potentialAction\":[{\"@type\":\"SearchAction\",\"target\":{\"@type\":\"EntryPoint\",\"urlTemplate\":\"https:\/\/relaxsrl.com\/?s={search_term_string}\"},\"query-input\":\"required name=search_term_string\"}],\"inLanguage\":\"de-DE\"},{\"@type\":\"ImageObject\",\"inLanguage\":\"de-DE\",\"@id\":\"https:\/\/relaxsrl.com\/de\/produkte\/konfigurator\/nischenduschkabine\/#primaryimage\",\"url\":\"https:\/\/relaxsrl.com\/website\/wp-content\/uploads\/2021\/11\/TIPOLOGIA_BOX_NICCHIA.jpg\",\"contentUrl\":\"https:\/\/relaxsrl.com\/website\/wp-content\/uploads\/2021\/11\/TIPOLOGIA_BOX_NICCHIA.jpg\",\"width\":800,\"height\":600,\"caption\":\"Konfigurator f\u00fcr Nischenduschkabinen\"},{\"@type\":\"WebPage\",\"@id\":\"https:\/\/relaxsrl.com\/de\/produkte\/konfigurator\/nischenduschkabine\/#webpage\",\"url\":\"https:\/\/relaxsrl.com\/de\/produkte\/konfigurator\/nischenduschkabine\/\",\"name\":\"Nischenduschkabine - Relax srl\",\"isPartOf\":{\"@id\":\"https:\/\/relaxsrl.com\/#website\"},\"primaryImageOfPage\":{\"@id\":\"https:\/\/relaxsrl.com\/de\/produkte\/konfigurator\/nischenduschkabine\/#primaryimage\"},\"datePublished\":\"2022-08-11T15:57:31+00:00\",\"dateModified\":\"2022-11-18T09:34:28+00:00\",\"breadcrumb\":{\"@id\":\"https:\/\/relaxsrl.com\/de\/produkte\/konfigurator\/nischenduschkabine\/#breadcrumb\"},\"inLanguage\":\"de-DE\",\"potentialAction\":[{\"@type\":\"ReadAction\",\"target\":[\"https:\/\/relaxsrl.com\/de\/produkte\/konfigurator\/nischenduschkabine\/\"]}]},{\"@type\":\"BreadcrumbList\",\"@id\":\"https:\/\/relaxsrl.com\/de\/produkte\/konfigurator\/nischenduschkabine\/#breadcrumb\",\"itemListElement\":[{\"@type\":\"ListItem\",\"position\":1,\"name\":\"Produkte\",\"item\":\"https:\/\/relaxsrl.com\/de\/produkte\/\"},{\"@type\":\"ListItem\",\"position\":2,\"name\":\"Konfigurator\",\"item\":\"https:\/\/relaxsrl.com\/de\/produkte\/konfigurator\/\"},{\"@type\":\"ListItem\",\"position\":3,\"name\":\"Nischenduschkabine\"}]}]}<\/script>\n<!-- \/ Yoast SEO Premium plugin. -->","yoast_head_json":{"title":"Nischenduschkabine - Relax srl","robots":{"index":"index","follow":"follow","max-snippet":"max-snippet:-1","max-image-preview":"max-image-preview:large","max-video-preview":"max-video-preview:-1"},"canonical":"https:\/\/relaxsrl.com\/de\/produkte\/konfigurator\/nischenduschkabine\/","og_locale":"de_DE","og_type":"article","og_title":"Nischenduschkabine - Relax srl","og_description":"[vc_row full_width=&#8220;stretch_row&#8220; content_placement=&#8220;middle&#8220; el_class=&#8220;intro-row intro-row-grey&#8220;][vc_column width=&#8220;5\/12&#8243;][vc_column_text] Duschkabine Konfigurator [\/vc_column_text][\/vc_column][vc_column width=&#8220;7\/12&#8243;][vc_column_text el_class=&#8220;abstract&#8220;]Befolgen Sie die Anweisungen, die Sie erhalten, um die richtigen Relax-Duschabtrennungen f\u00fcr Ihre Bed\u00fcrfnisse zu finden. In wenigen einfachen Schritten finden Sie die perfekte L\u00f6sung f\u00fcr Sie.[\/vc_column_text][\/vc_column][\/vc_row][vc_row el_class=&#8220;row-path&#8220;][vc_column][vc_column_text][\/vc_column_text][\/vc_column][\/vc_row][vc_row][vc_column][vc_column_text] 2. W\u00e4hlen Sie die \u00d6ffnungsart Ihrer Duschkabine [\/vc_column_text][vc_empty_space height=&#8220;50px&#8220;][vc_column_text el_class=&#8220;selezionatore-back&#8220;]&lt; zur\u00fcck[\/vc_column_text][vc_empty_space height=&#8220;20px&#8220;][\/vc_column][\/vc_row][vc_row][vc_column width=&#8220;1\/3&#8243; el_class=&#8220;selezionatore-col selezionatore-item&#8220;][vc_single_image image=&#8220;7951&#8243; img_size=&#8220;full&#8220; [&hellip;]","og_url":"https:\/\/relaxsrl.com\/de\/produkte\/konfigurator\/nischenduschkabine\/","og_site_name":"Relax srl","article_modified_time":"2022-11-18T09:34:28+00:00","twitter_card":"summary_large_image","twitter_misc":{"Gesch\u00e4tzte Lesezeit":"5 Minuten"},"schema":{"@context":"https:\/\/schema.org","@graph":[{"@type":"WebSite","@id":"https:\/\/relaxsrl.com\/#website","url":"https:\/\/relaxsrl.com\/","name":"Relax srl","description":"","potentialAction":[{"@type":"SearchAction","target":{"@type":"EntryPoint","urlTemplate":"https:\/\/relaxsrl.com\/?s={search_term_string}"},"query-input":"required name=search_term_string"}],"inLanguage":"de-DE"},{"@type":"ImageObject","inLanguage":"de-DE","@id":"https:\/\/relaxsrl.com\/de\/produkte\/konfigurator\/nischenduschkabine\/#primaryimage","url":"https:\/\/relaxsrl.com\/website\/wp-content\/uploads\/2021\/11\/TIPOLOGIA_BOX_NICCHIA.jpg","contentUrl":"https:\/\/relaxsrl.com\/website\/wp-content\/uploads\/2021\/11\/TIPOLOGIA_BOX_NICCHIA.jpg","width":800,"height":600,"caption":"Konfigurator f\u00fcr Nischenduschkabinen"},{"@type":"WebPage","@id":"https:\/\/relaxsrl.com\/de\/produkte\/konfigurator\/nischenduschkabine\/#webpage","url":"https:\/\/relaxsrl.com\/de\/produkte\/konfigurator\/nischenduschkabine\/","name":"Nischenduschkabine - Relax srl","isPartOf":{"@id":"https:\/\/relaxsrl.com\/#website"},"primaryImageOfPage":{"@id":"https:\/\/relaxsrl.com\/de\/produkte\/konfigurator\/nischenduschkabine\/#primaryimage"},"datePublished":"2022-08-11T15:57:31+00:00","dateModified":"2022-11-18T09:34:28+00:00","breadcrumb":{"@id":"https:\/\/relaxsrl.com\/de\/produkte\/konfigurator\/nischenduschkabine\/#breadcrumb"},"inLanguage":"de-DE","potentialAction":[{"@type":"ReadAction","target":["https:\/\/relaxsrl.com\/de\/produkte\/konfigurator\/nischenduschkabine\/"]}]},{"@type":"BreadcrumbList","@id":"https:\/\/relaxsrl.com\/de\/produkte\/konfigurator\/nischenduschkabine\/#breadcrumb","itemListElement":[{"@type":"ListItem","position":1,"name":"Produkte","item":"https:\/\/relaxsrl.com\/de\/produkte\/"},{"@type":"ListItem","position":2,"name":"Konfigurator","item":"https:\/\/relaxsrl.com\/de\/produkte\/konfigurator\/"},{"@type":"ListItem","position":3,"name":"Nischenduschkabine"}]}]}},"_links":{"self":[{"href":"https:\/\/relaxsrl.com\/de\/wp-json\/wp\/v2\/pages\/23052"}],"collection":[{"href":"https:\/\/relaxsrl.com\/de\/wp-json\/wp\/v2\/pages"}],"about":[{"href":"https:\/\/relaxsrl.com\/de\/wp-json\/wp\/v2\/types\/page"}],"author":[{"embeddable":true,"href":"https:\/\/relaxsrl.com\/de\/wp-json\/wp\/v2\/users\/3"}],"replies":[{"embeddable":true,"href":"https:\/\/relaxsrl.com\/de\/wp-json\/wp\/v2\/comments?post=23052"}],"version-history":[{"count":6,"href":"https:\/\/relaxsrl.com\/de\/wp-json\/wp\/v2\/pages\/23052\/revisions"}],"predecessor-version":[{"id":24582,"href":"https:\/\/relaxsrl.com\/de\/wp-json\/wp\/v2\/pages\/23052\/revisions\/24582"}],"up":[{"embeddable":true,"href":"https:\/\/relaxsrl.com\/de\/wp-json\/wp\/v2\/pages\/22944"}],"wp:featuredmedia":[{"embeddable":true,"href":"https:\/\/relaxsrl.com\/de\/wp-json\/wp\/v2\/media\/10270"}],"wp:attachment":[{"href":"https:\/\/relaxsrl.com\/de\/wp-json\/wp\/v2\/media?parent=23052"}],"curies":[{"name":"wp","href":"https:\/\/api.w.org\/{rel}","templated":true}]}}