{"id":23139,"date":"2022-08-12T10:57:31","date_gmt":"2022-08-12T08:57:31","guid":{"rendered":"https:\/\/relaxsrl.com\/reinigung-der-duschkabine\/"},"modified":"2022-11-18T15:32:20","modified_gmt":"2022-11-18T14:32:20","slug":"reinigung-der-duschkabine","status":"publish","type":"page","link":"https:\/\/relaxsrl.com\/de\/reinigung-der-duschkabine\/","title":{"rendered":"Die Reinigung der Duschkabine"},"content":{"rendered":"<p>[vc_row full_width=&#8220;stretch_row&#8220; content_placement=&#8220;middle&#8220; el_class=&#8220;intro-row&#8220;][vc_column][vc_column_text]<\/p>\n<h1>Die Reinigung der Duschkabine<\/h1>\n<p>[\/vc_column_text][\/vc_column][\/vc_row][vc_row el_class=&#8220;row-path&#8220;][vc_column][vc_column_text][\/vc_column_text][\/vc_column][\/vc_row][vc_row][vc_column width=&#8220;1\/6&#8243;][\/vc_column][vc_column width=&#8220;2\/3&#8243;][vc_column_text el_class=&#8220;txt-blue abstract weight500&#8243;]Eine korrekte Reinigung der Duschkabine verhindert, dass sie durch die verwendeten Produkte, seien es Reinigungs- oder K\u00f6rperpflegeprodukte, besch\u00e4digt wird. Wir empfehlen immer, das Glas nach dem Gebrauch zu trocknen, um Kalkansammlungen zu vermeiden.<br \/>\nFalls sich Kalkstein bereits geformt hat und bereits Flecken oder wei\u00dfe Tropfen zu sehen sind, k\u00f6nnen Sie auf zwei verschiedene Mittel zur\u00fcckgreifen: Verwenden Sie einen weichen Lappen, das in einer 50:50 Essig- Wasser-Mischung getr\u00e4nkt wurde, oder Sie verwenden ein weiches Tuch oder einen Schwamm, die in einem neutralen fl\u00fcssigen Reinigungsmittel getunkt wurden. In beiden F\u00e4llen wird empfohlen, das Glas danach abzusp\u00fclen.[\/vc_column_text][vc_empty_space height=&#8220;35px&#8220;][\/vc_column][\/vc_row][vc_row][vc_column width=&#8220;1\/6&#8243;][\/vc_column][vc_column width=&#8220;2\/3&#8243;][vc_column_text]<\/p>\n<h2>Entfernen Sie den Kalk von der Duschkabine<\/h2>\n<p>F\u00fcr den Fall, dass sich der Kalkstein bereits gebildet hat und daher wei\u00dfe Flecken oder Tropfen vorhanden sind, gibt es zwei verschiedene L\u00f6sungen:<\/p>\n<ol>\n<li style=\"list-style-type: none;\">\n<ol>\n<li>Tragen Sie ein weiches Tuch auf, das mit einer L\u00f6sung aus 50 % Essig und 50 % Wasser getr\u00e4nkt ist<\/li>\n<li>Verwenden Sie ein weiches Tuch oder einen Schwamm, der mit einem neutralen Fl\u00fcssigwaschmittel angefeuchtet ist<\/li>\n<\/ol>\n<\/li>\n<\/ol>\n<p>In beiden F\u00e4llen wird das Sp\u00fclen des Kristalls empfohlen.<\/p>\n<p>&nbsp;<\/p>\n<p><strong>Sconsigliamo<\/strong>:<\/p>\n<ul>\n<li>tutti i prodotti che agiscono specificatamente contro il calcare; nel caso in cui si decida di procedere ugualmente con quest\u2019ultimi, raccomandiamo di eseguire un abbondante risciacquo con acqua al termine delle operazioni di pulizia<\/li>\n<li>detergenti aggressivi o abrasivi, nonch\u00e9 prodotti contenenti acetone o solventi particolari<\/li>\n<li>prodotti granulosi o in pasta che rischiano di graffiare la cabina doccia di modo da meglio preservare l\u2019integrit\u00e0 fisica<\/li>\n<\/ul>\n<p>[\/vc_column_text][vc_empty_space height=&#8220;40px&#8220;][\/vc_column][\/vc_row][vc_row][vc_column width=&#8220;1\/6&#8243;][\/vc_column][vc_column width=&#8220;2\/3&#8243;][vc_column_text]<\/p>\n<h2>Entkalkungs und Reinigungsbehandlung<\/h2>\n<p>Wenn die Duschkabine mit einer vorab aufgetragenen Antikalkbehandlung ausgestattet ist, unterscheiden sich die Vorg\u00e4nge geringf\u00fcgig von den oben beschriebenen.<br \/>\nDie Entkalkungsbehandlung bildet einen Schutz auf der Oberfl\u00e4che, der sich chemisch mit dem Glas verbindet und es vor Schmutz, Kalk und Verunreinigungen sch\u00fctzt. Um die Behandlungsdauer zu erhalten und zu verl\u00e4ngern, empfehlen wir, <strong> die Duschkabine <\/strong> nach Gebrauch immer mit einem Wischer zu trocknen.<\/p>\n<p>&nbsp;<\/p>\n<p>Die Pflege und Erhaltung der Behandlung muss immer mit daf\u00fcr geeigneten Produkten erfolgen. <strong>Warmes Wasser und neutrale Seife, die mit einem weichen Schwamm aufgetragen wird<\/strong>, reichen vollkommen aus, um eine Duschkabine mit Antikalk-Behandlung zu reinigen.<br \/>\n<strong> Zu vermeiden<\/strong>: pulverf\u00f6rmige oder scheuernde Reinigungsmittel, Aceton, Bleichmittel oder L\u00f6sungsmittel verschiedener Art.[\/vc_column_text][vc_empty_space height=&#8220;100px&#8220;][\/vc_column][\/vc_row]<\/p>\n","protected":false},"excerpt":{"rendered":"<p>[vc_row full_width=&#8220;stretch_row&#8220; content_placement=&#8220;middle&#8220; el_class=&#8220;intro-row&#8220;][vc_column][vc_column_text] Die Reinigung der Duschkabine [\/vc_column_text][\/vc_column][\/vc_row][vc_row el_class=&#8220;row-path&#8220;][vc_column][vc_column_text][\/vc_column_text][\/vc_column][\/vc_row][vc_row][vc_column width=&#8220;1\/6&#8243;][\/vc_column][vc_column width=&#8220;2\/3&#8243;][vc_column_text el_class=&#8220;txt-blue abstract weight500&#8243;]Eine korrekte Reinigung der Duschkabine verhindert, dass sie durch die verwendeten Produkte, seien es Reinigungs- oder K\u00f6rperpflegeprodukte, besch\u00e4digt wird. Wir empfehlen immer, das Glas nach dem Gebrauch zu trocknen, um Kalkansammlungen zu vermeiden. Falls sich Kalkstein bereits geformt hat und bereits [&hellip;]<\/p>\n","protected":false},"author":3,"featured_media":25678,"parent":0,"menu_order":0,"comment_status":"closed","ping_status":"closed","template":"","meta":[],"acf":[],"yoast_head":"<!-- This site is optimized with the Yoast SEO Premium plugin v18.4 (Yoast SEO v18.8) - https:\/\/yoast.com\/wordpress\/plugins\/seo\/ -->\n<title>Die Reinigung der Duschkabine - Relax srl<\/title>\n<meta name=\"description\" content=\"Entdecken Sie die besten L\u00f6sungen f\u00fcr die Reinigung der Duschkabine, was zu tun ist und was nicht. Was sind die besten Produkte?\" \/>\n<meta name=\"robots\" content=\"index, follow, max-snippet:-1, max-image-preview:large, max-video-preview:-1\" \/>\n<link rel=\"canonical\" href=\"https:\/\/relaxsrl.com\/de\/reinigung-der-duschkabine\/\" \/>\n<meta property=\"og:locale\" content=\"de_DE\" \/>\n<meta property=\"og:type\" content=\"article\" \/>\n<meta property=\"og:title\" content=\"Die Reinigung der Duschkabine - Relax srl\" \/>\n<meta property=\"og:description\" content=\"Entdecken Sie die besten L\u00f6sungen f\u00fcr die Reinigung der Duschkabine, was zu tun ist und was nicht. Was sind die besten Produkte?\" \/>\n<meta property=\"og:url\" content=\"https:\/\/relaxsrl.com\/de\/reinigung-der-duschkabine\/\" \/>\n<meta property=\"og:site_name\" content=\"Relax srl\" \/>\n<meta property=\"article:modified_time\" content=\"2022-11-18T14:32:20+00:00\" \/>\n<meta name=\"twitter:card\" content=\"summary_large_image\" \/>\n<meta name=\"twitter:label1\" content=\"Gesch\u00e4tzte Lesezeit\" \/>\n\t<meta name=\"twitter:data1\" content=\"2 Minuten\" \/>\n<script type=\"application\/ld+json\" class=\"yoast-schema-graph\">{\"@context\":\"https:\/\/schema.org\",\"@graph\":[{\"@type\":\"WebSite\",\"@id\":\"https:\/\/relaxsrl.com\/#website\",\"url\":\"https:\/\/relaxsrl.com\/\",\"name\":\"Relax srl\",\"description\":\"\",\"potentialAction\":[{\"@type\":\"SearchAction\",\"target\":{\"@type\":\"EntryPoint\",\"urlTemplate\":\"https:\/\/relaxsrl.com\/?s={search_term_string}\"},\"query-input\":\"required name=search_term_string\"}],\"inLanguage\":\"de-DE\"},{\"@type\":\"ImageObject\",\"inLanguage\":\"de-DE\",\"@id\":\"https:\/\/relaxsrl.com\/de\/reinigung-der-duschkabine\/#primaryimage\",\"url\":\"https:\/\/relaxsrl.com\/website\/wp-content\/uploads\/2023\/02\/come-pulire-la-doccia-3.jpeg\",\"contentUrl\":\"https:\/\/relaxsrl.com\/website\/wp-content\/uploads\/2023\/02\/come-pulire-la-doccia-3.jpeg\",\"width\":488,\"height\":650},{\"@type\":\"WebPage\",\"@id\":\"https:\/\/relaxsrl.com\/de\/reinigung-der-duschkabine\/#webpage\",\"url\":\"https:\/\/relaxsrl.com\/de\/reinigung-der-duschkabine\/\",\"name\":\"Die Reinigung der Duschkabine - Relax srl\",\"isPartOf\":{\"@id\":\"https:\/\/relaxsrl.com\/#website\"},\"primaryImageOfPage\":{\"@id\":\"https:\/\/relaxsrl.com\/de\/reinigung-der-duschkabine\/#primaryimage\"},\"datePublished\":\"2022-08-12T08:57:31+00:00\",\"dateModified\":\"2022-11-18T14:32:20+00:00\",\"description\":\"Entdecken Sie die besten L\u00f6sungen f\u00fcr die Reinigung der Duschkabine, was zu tun ist und was nicht. Was sind die besten Produkte?\",\"breadcrumb\":{\"@id\":\"https:\/\/relaxsrl.com\/de\/reinigung-der-duschkabine\/#breadcrumb\"},\"inLanguage\":\"de-DE\",\"potentialAction\":[{\"@type\":\"ReadAction\",\"target\":[\"https:\/\/relaxsrl.com\/de\/reinigung-der-duschkabine\/\"]}]},{\"@type\":\"BreadcrumbList\",\"@id\":\"https:\/\/relaxsrl.com\/de\/reinigung-der-duschkabine\/#breadcrumb\",\"itemListElement\":[{\"@type\":\"ListItem\",\"position\":1,\"name\":\"Die Reinigung der Duschkabine\"}]}]}<\/script>\n<!-- \/ Yoast SEO Premium plugin. -->","yoast_head_json":{"title":"Die Reinigung der Duschkabine - Relax srl","description":"Entdecken Sie die besten L\u00f6sungen f\u00fcr die Reinigung der Duschkabine, was zu tun ist und was nicht. Was sind die besten Produkte?","robots":{"index":"index","follow":"follow","max-snippet":"max-snippet:-1","max-image-preview":"max-image-preview:large","max-video-preview":"max-video-preview:-1"},"canonical":"https:\/\/relaxsrl.com\/de\/reinigung-der-duschkabine\/","og_locale":"de_DE","og_type":"article","og_title":"Die Reinigung der Duschkabine - Relax srl","og_description":"Entdecken Sie die besten L\u00f6sungen f\u00fcr die Reinigung der Duschkabine, was zu tun ist und was nicht. Was sind die besten Produkte?","og_url":"https:\/\/relaxsrl.com\/de\/reinigung-der-duschkabine\/","og_site_name":"Relax srl","article_modified_time":"2022-11-18T14:32:20+00:00","twitter_card":"summary_large_image","twitter_misc":{"Gesch\u00e4tzte Lesezeit":"2 Minuten"},"schema":{"@context":"https:\/\/schema.org","@graph":[{"@type":"WebSite","@id":"https:\/\/relaxsrl.com\/#website","url":"https:\/\/relaxsrl.com\/","name":"Relax srl","description":"","potentialAction":[{"@type":"SearchAction","target":{"@type":"EntryPoint","urlTemplate":"https:\/\/relaxsrl.com\/?s={search_term_string}"},"query-input":"required name=search_term_string"}],"inLanguage":"de-DE"},{"@type":"ImageObject","inLanguage":"de-DE","@id":"https:\/\/relaxsrl.com\/de\/reinigung-der-duschkabine\/#primaryimage","url":"https:\/\/relaxsrl.com\/website\/wp-content\/uploads\/2023\/02\/come-pulire-la-doccia-3.jpeg","contentUrl":"https:\/\/relaxsrl.com\/website\/wp-content\/uploads\/2023\/02\/come-pulire-la-doccia-3.jpeg","width":488,"height":650},{"@type":"WebPage","@id":"https:\/\/relaxsrl.com\/de\/reinigung-der-duschkabine\/#webpage","url":"https:\/\/relaxsrl.com\/de\/reinigung-der-duschkabine\/","name":"Die Reinigung der Duschkabine - Relax srl","isPartOf":{"@id":"https:\/\/relaxsrl.com\/#website"},"primaryImageOfPage":{"@id":"https:\/\/relaxsrl.com\/de\/reinigung-der-duschkabine\/#primaryimage"},"datePublished":"2022-08-12T08:57:31+00:00","dateModified":"2022-11-18T14:32:20+00:00","description":"Entdecken Sie die besten L\u00f6sungen f\u00fcr die Reinigung der Duschkabine, was zu tun ist und was nicht. Was sind die besten Produkte?","breadcrumb":{"@id":"https:\/\/relaxsrl.com\/de\/reinigung-der-duschkabine\/#breadcrumb"},"inLanguage":"de-DE","potentialAction":[{"@type":"ReadAction","target":["https:\/\/relaxsrl.com\/de\/reinigung-der-duschkabine\/"]}]},{"@type":"BreadcrumbList","@id":"https:\/\/relaxsrl.com\/de\/reinigung-der-duschkabine\/#breadcrumb","itemListElement":[{"@type":"ListItem","position":1,"name":"Die Reinigung der Duschkabine"}]}]}},"_links":{"self":[{"href":"https:\/\/relaxsrl.com\/de\/wp-json\/wp\/v2\/pages\/23139"}],"collection":[{"href":"https:\/\/relaxsrl.com\/de\/wp-json\/wp\/v2\/pages"}],"about":[{"href":"https:\/\/relaxsrl.com\/de\/wp-json\/wp\/v2\/types\/page"}],"author":[{"embeddable":true,"href":"https:\/\/relaxsrl.com\/de\/wp-json\/wp\/v2\/users\/3"}],"replies":[{"embeddable":true,"href":"https:\/\/relaxsrl.com\/de\/wp-json\/wp\/v2\/comments?post=23139"}],"version-history":[{"count":6,"href":"https:\/\/relaxsrl.com\/de\/wp-json\/wp\/v2\/pages\/23139\/revisions"}],"predecessor-version":[{"id":24494,"href":"https:\/\/relaxsrl.com\/de\/wp-json\/wp\/v2\/pages\/23139\/revisions\/24494"}],"wp:featuredmedia":[{"embeddable":true,"href":"https:\/\/relaxsrl.com\/de\/wp-json\/wp\/v2\/media\/25678"}],"wp:attachment":[{"href":"https:\/\/relaxsrl.com\/de\/wp-json\/wp\/v2\/media?parent=23139"}],"curies":[{"name":"wp","href":"https:\/\/api.w.org\/{rel}","templated":true}]}}