{"id":23145,"date":"2022-08-12T11:11:30","date_gmt":"2022-08-12T09:11:30","guid":{"rendered":"https:\/\/relaxsrl.com\/effektive-entscheidungen-fuer-nischenduschkabine\/"},"modified":"2022-11-18T14:31:39","modified_gmt":"2022-11-18T13:31:39","slug":"effektive-entscheidungen-fuer-nischenduschkabine","status":"publish","type":"page","link":"https:\/\/relaxsrl.com\/de\/effektive-entscheidungen-fuer-nischenduschkabine\/","title":{"rendered":"Effektive Entscheidungen f\u00fcr Nischenduschkabine"},"content":{"rendered":"<p>[vc_row full_width=&#8220;stretch_row&#8220; content_placement=&#8220;middle&#8220; el_class=&#8220;intro-row&#8220;][vc_column][vc_column_text]<\/p>\n<h1>Effektive Entscheidungen f\u00fcr Nischenduschkabine<\/h1>\n<p>[\/vc_column_text][\/vc_column][\/vc_row][vc_row el_class=&#8220;row-path&#8220;][vc_column][vc_column_text][\/vc_column_text][\/vc_column][\/vc_row][vc_row][vc_column width=&#8220;1\/6&#8243;][\/vc_column][vc_column width=&#8220;2\/3&#8243;][vc_column_text el_class=&#8220;txt-blue abstract weight500&#8243;]Wie orientiert man sich bei der Sammlung der richtigen Ma\u00dfe f\u00fcr die Wahl der Nischenduschkabine? Hier einige kurze Anhaltspunkte f\u00fcr eine sinnvolle Auswahl von Nischenduschkabine, die die ober- oder bodenb\u00fcndige Duschwanne und die im Boden eingelassene Duschwanne ber\u00fccksichtigen.[\/vc_column_text][vc_empty_space height=&#8220;35px&#8220;][\/vc_column][\/vc_row][vc_row el_id=&#8220;paragrafo-1&#8243;][vc_column width=&#8220;1\/6&#8243;][\/vc_column][vc_column width=&#8220;2\/3&#8243;][vc_column_text]<\/p>\n<h2>Aufgelegte oder ebenerdige Duschplatten <\/h2>\n<p>Im Fall einer Nische mit aufgelegten oder ebenerdigen Duschplatten wird die Kabine auf der Platte oder auf jedem Fall im Duschbereich angebracht. In diesem Fall entspricht die korrekte T\u00fcr Gr\u00f6\u00dfe der kleinsten der drei erfassten (L1, L2, L3).<\/p>\n<p>&nbsp;<\/p>\n<p>Zum Beispiel:<br \/>\nL = 87 cm (Abmessungen nach der Fliesenverlegung)<\/p>\n<p>&nbsp;<\/p>\n<p>In der Duschkabine sind zu messen:<br \/>\nL = 84\/88 cm[\/vc_column_text][vc_empty_space height=&#8220;20px&#8220;][vc_single_image image=&#8220;5792&#8243; img_size=&#8220;full&#8220;][vc_empty_space height=&#8220;40px&#8220;][\/vc_column][\/vc_row][vc_row el_id=&#8220;paragrafo-2&#8243;][vc_column width=&#8220;1\/6&#8243;][\/vc_column][vc_column width=&#8220;2\/3&#8243;][vc_column_text]<\/p>\n<h2>Im Boden versenkte Duschplatten<\/h2>\n<p>Im Fall einer Duschplatte in einer Nische, die im Boden versenkt ist, sollte die Duschkabine zur korrekten Montierung auf dem Boden in der N\u00e4he des Duschbereichs angebracht sein, vorzugsweise mit der T\u00fcr, die in den Duschbereich hinein f\u00e4llt. Die korrekte Gr\u00f6\u00dfe entspricht, wie in der vorherigen Situation, die kleinste der drei erfassten Messungen (L1, L2, L3).<\/p>\n<p>&nbsp;<\/p>\n<p>Ein Beispiel daf\u00fcr:<br \/>\nL =87 cm (Abmessungen nach der Fliesenverlegung)<\/p>\n<p>&nbsp;<\/p>\n<p>In der Duschkabine sind zu messen:<br \/>\nL = 84\/88 cm[\/vc_column_text][vc_empty_space height=&#8220;20px&#8220;][vc_single_image image=&#8220;5796&#8243; img_size=&#8220;full&#8220;][vc_empty_space height=&#8220;100px&#8220;][\/vc_column][\/vc_row]<\/p>\n","protected":false},"excerpt":{"rendered":"<p>[vc_row full_width=&#8220;stretch_row&#8220; content_placement=&#8220;middle&#8220; el_class=&#8220;intro-row&#8220;][vc_column][vc_column_text] Effektive Entscheidungen f\u00fcr Nischenduschkabine [\/vc_column_text][\/vc_column][\/vc_row][vc_row el_class=&#8220;row-path&#8220;][vc_column][vc_column_text][\/vc_column_text][\/vc_column][\/vc_row][vc_row][vc_column width=&#8220;1\/6&#8243;][\/vc_column][vc_column width=&#8220;2\/3&#8243;][vc_column_text el_class=&#8220;txt-blue abstract weight500&#8243;]Wie orientiert man sich bei der Sammlung der richtigen Ma\u00dfe f\u00fcr die Wahl der Nischenduschkabine? Hier einige kurze Anhaltspunkte f\u00fcr eine sinnvolle Auswahl von Nischenduschkabine, die die ober- oder bodenb\u00fcndige Duschwanne und die im Boden eingelassene Duschwanne ber\u00fccksichtigen.[\/vc_column_text][vc_empty_space height=&#8220;35px&#8220;][\/vc_column][\/vc_row][vc_row el_id=&#8220;paragrafo-1&#8243;][vc_column width=&#8220;1\/6&#8243;][\/vc_column][vc_column [&hellip;]<\/p>\n","protected":false},"author":3,"featured_media":5796,"parent":0,"menu_order":0,"comment_status":"closed","ping_status":"closed","template":"","meta":[],"acf":[],"yoast_head":"<!-- This site is optimized with the Yoast SEO Premium plugin v18.4 (Yoast SEO v18.8) - https:\/\/yoast.com\/wordpress\/plugins\/seo\/ -->\n<title>Effektive Entscheidungen f\u00fcr Nischenduschkabine - Relax srl<\/title>\n<meta name=\"description\" content=\"Was sind die effektivsten M\u00f6glichkeiten f\u00fcr Nischenduschkabine? Maximale Aufmerksamkeit f\u00fcr die Messung der Nische. Unsere Tipps f\u00fcr Sie.\" \/>\n<meta name=\"robots\" content=\"index, follow, max-snippet:-1, max-image-preview:large, max-video-preview:-1\" \/>\n<link rel=\"canonical\" href=\"https:\/\/relaxsrl.com\/de\/effektive-entscheidungen-fuer-nischenduschkabine\/\" \/>\n<meta property=\"og:locale\" content=\"de_DE\" \/>\n<meta property=\"og:type\" content=\"article\" \/>\n<meta property=\"og:title\" content=\"Effektive Entscheidungen f\u00fcr Nischenduschkabine - Relax srl\" \/>\n<meta property=\"og:description\" content=\"Was sind die effektivsten M\u00f6glichkeiten f\u00fcr Nischenduschkabine? Maximale Aufmerksamkeit f\u00fcr die Messung der Nische. Unsere Tipps f\u00fcr Sie.\" \/>\n<meta property=\"og:url\" content=\"https:\/\/relaxsrl.com\/de\/effektive-entscheidungen-fuer-nischenduschkabine\/\" \/>\n<meta property=\"og:site_name\" content=\"Relax srl\" \/>\n<meta property=\"article:modified_time\" content=\"2022-11-18T13:31:39+00:00\" \/>\n<meta name=\"twitter:card\" content=\"summary_large_image\" \/>\n<meta name=\"twitter:label1\" content=\"Gesch\u00e4tzte Lesezeit\" \/>\n\t<meta name=\"twitter:data1\" content=\"2 Minuten\" \/>\n<script type=\"application\/ld+json\" class=\"yoast-schema-graph\">{\"@context\":\"https:\/\/schema.org\",\"@graph\":[{\"@type\":\"WebSite\",\"@id\":\"https:\/\/relaxsrl.com\/#website\",\"url\":\"https:\/\/relaxsrl.com\/\",\"name\":\"Relax srl\",\"description\":\"\",\"potentialAction\":[{\"@type\":\"SearchAction\",\"target\":{\"@type\":\"EntryPoint\",\"urlTemplate\":\"https:\/\/relaxsrl.com\/?s={search_term_string}\"},\"query-input\":\"required name=search_term_string\"}],\"inLanguage\":\"de-DE\"},{\"@type\":\"ImageObject\",\"inLanguage\":\"de-DE\",\"@id\":\"https:\/\/relaxsrl.com\/de\/effektive-entscheidungen-fuer-nischenduschkabine\/#primaryimage\",\"url\":\"https:\/\/relaxsrl.com\/website\/wp-content\/uploads\/2021\/10\/FOTO22.png\",\"contentUrl\":\"https:\/\/relaxsrl.com\/website\/wp-content\/uploads\/2021\/10\/FOTO22.png\",\"width\":397,\"height\":397,\"caption\":\"Ma\u00dfnahmen ergreifen Duschkabine in Nische\"},{\"@type\":\"WebPage\",\"@id\":\"https:\/\/relaxsrl.com\/de\/effektive-entscheidungen-fuer-nischenduschkabine\/#webpage\",\"url\":\"https:\/\/relaxsrl.com\/de\/effektive-entscheidungen-fuer-nischenduschkabine\/\",\"name\":\"Effektive Entscheidungen f\u00fcr Nischenduschkabine - Relax srl\",\"isPartOf\":{\"@id\":\"https:\/\/relaxsrl.com\/#website\"},\"primaryImageOfPage\":{\"@id\":\"https:\/\/relaxsrl.com\/de\/effektive-entscheidungen-fuer-nischenduschkabine\/#primaryimage\"},\"datePublished\":\"2022-08-12T09:11:30+00:00\",\"dateModified\":\"2022-11-18T13:31:39+00:00\",\"description\":\"Was sind die effektivsten M\u00f6glichkeiten f\u00fcr Nischenduschkabine? Maximale Aufmerksamkeit f\u00fcr die Messung der Nische. Unsere Tipps f\u00fcr Sie.\",\"breadcrumb\":{\"@id\":\"https:\/\/relaxsrl.com\/de\/effektive-entscheidungen-fuer-nischenduschkabine\/#breadcrumb\"},\"inLanguage\":\"de-DE\",\"potentialAction\":[{\"@type\":\"ReadAction\",\"target\":[\"https:\/\/relaxsrl.com\/de\/effektive-entscheidungen-fuer-nischenduschkabine\/\"]}]},{\"@type\":\"BreadcrumbList\",\"@id\":\"https:\/\/relaxsrl.com\/de\/effektive-entscheidungen-fuer-nischenduschkabine\/#breadcrumb\",\"itemListElement\":[{\"@type\":\"ListItem\",\"position\":1,\"name\":\"Effektive Entscheidungen f\u00fcr Nischenduschkabine\"}]}]}<\/script>\n<!-- \/ Yoast SEO Premium plugin. -->","yoast_head_json":{"title":"Effektive Entscheidungen f\u00fcr Nischenduschkabine - Relax srl","description":"Was sind die effektivsten M\u00f6glichkeiten f\u00fcr Nischenduschkabine? Maximale Aufmerksamkeit f\u00fcr die Messung der Nische. Unsere Tipps f\u00fcr Sie.","robots":{"index":"index","follow":"follow","max-snippet":"max-snippet:-1","max-image-preview":"max-image-preview:large","max-video-preview":"max-video-preview:-1"},"canonical":"https:\/\/relaxsrl.com\/de\/effektive-entscheidungen-fuer-nischenduschkabine\/","og_locale":"de_DE","og_type":"article","og_title":"Effektive Entscheidungen f\u00fcr Nischenduschkabine - Relax srl","og_description":"Was sind die effektivsten M\u00f6glichkeiten f\u00fcr Nischenduschkabine? Maximale Aufmerksamkeit f\u00fcr die Messung der Nische. Unsere Tipps f\u00fcr Sie.","og_url":"https:\/\/relaxsrl.com\/de\/effektive-entscheidungen-fuer-nischenduschkabine\/","og_site_name":"Relax srl","article_modified_time":"2022-11-18T13:31:39+00:00","twitter_card":"summary_large_image","twitter_misc":{"Gesch\u00e4tzte Lesezeit":"2 Minuten"},"schema":{"@context":"https:\/\/schema.org","@graph":[{"@type":"WebSite","@id":"https:\/\/relaxsrl.com\/#website","url":"https:\/\/relaxsrl.com\/","name":"Relax srl","description":"","potentialAction":[{"@type":"SearchAction","target":{"@type":"EntryPoint","urlTemplate":"https:\/\/relaxsrl.com\/?s={search_term_string}"},"query-input":"required name=search_term_string"}],"inLanguage":"de-DE"},{"@type":"ImageObject","inLanguage":"de-DE","@id":"https:\/\/relaxsrl.com\/de\/effektive-entscheidungen-fuer-nischenduschkabine\/#primaryimage","url":"https:\/\/relaxsrl.com\/website\/wp-content\/uploads\/2021\/10\/FOTO22.png","contentUrl":"https:\/\/relaxsrl.com\/website\/wp-content\/uploads\/2021\/10\/FOTO22.png","width":397,"height":397,"caption":"Ma\u00dfnahmen ergreifen Duschkabine in Nische"},{"@type":"WebPage","@id":"https:\/\/relaxsrl.com\/de\/effektive-entscheidungen-fuer-nischenduschkabine\/#webpage","url":"https:\/\/relaxsrl.com\/de\/effektive-entscheidungen-fuer-nischenduschkabine\/","name":"Effektive Entscheidungen f\u00fcr Nischenduschkabine - Relax srl","isPartOf":{"@id":"https:\/\/relaxsrl.com\/#website"},"primaryImageOfPage":{"@id":"https:\/\/relaxsrl.com\/de\/effektive-entscheidungen-fuer-nischenduschkabine\/#primaryimage"},"datePublished":"2022-08-12T09:11:30+00:00","dateModified":"2022-11-18T13:31:39+00:00","description":"Was sind die effektivsten M\u00f6glichkeiten f\u00fcr Nischenduschkabine? Maximale Aufmerksamkeit f\u00fcr die Messung der Nische. Unsere Tipps f\u00fcr Sie.","breadcrumb":{"@id":"https:\/\/relaxsrl.com\/de\/effektive-entscheidungen-fuer-nischenduschkabine\/#breadcrumb"},"inLanguage":"de-DE","potentialAction":[{"@type":"ReadAction","target":["https:\/\/relaxsrl.com\/de\/effektive-entscheidungen-fuer-nischenduschkabine\/"]}]},{"@type":"BreadcrumbList","@id":"https:\/\/relaxsrl.com\/de\/effektive-entscheidungen-fuer-nischenduschkabine\/#breadcrumb","itemListElement":[{"@type":"ListItem","position":1,"name":"Effektive Entscheidungen f\u00fcr Nischenduschkabine"}]}]}},"_links":{"self":[{"href":"https:\/\/relaxsrl.com\/de\/wp-json\/wp\/v2\/pages\/23145"}],"collection":[{"href":"https:\/\/relaxsrl.com\/de\/wp-json\/wp\/v2\/pages"}],"about":[{"href":"https:\/\/relaxsrl.com\/de\/wp-json\/wp\/v2\/types\/page"}],"author":[{"embeddable":true,"href":"https:\/\/relaxsrl.com\/de\/wp-json\/wp\/v2\/users\/3"}],"replies":[{"embeddable":true,"href":"https:\/\/relaxsrl.com\/de\/wp-json\/wp\/v2\/comments?post=23145"}],"version-history":[{"count":3,"href":"https:\/\/relaxsrl.com\/de\/wp-json\/wp\/v2\/pages\/23145\/revisions"}],"predecessor-version":[{"id":23148,"href":"https:\/\/relaxsrl.com\/de\/wp-json\/wp\/v2\/pages\/23145\/revisions\/23148"}],"wp:featuredmedia":[{"embeddable":true,"href":"https:\/\/relaxsrl.com\/de\/wp-json\/wp\/v2\/media\/5796"}],"wp:attachment":[{"href":"https:\/\/relaxsrl.com\/de\/wp-json\/wp\/v2\/media?parent=23145"}],"curies":[{"name":"wp","href":"https:\/\/api.w.org\/{rel}","templated":true}]}}