{"id":23149,"date":"2022-08-12T11:16:55","date_gmt":"2022-08-12T09:16:55","guid":{"rendered":"https:\/\/relaxsrl.com\/wie-sie-eine-passende-duschkabine-waehlen-2\/"},"modified":"2022-12-19T08:51:35","modified_gmt":"2022-12-19T07:51:35","slug":"wie-sie-eine-passende-duschkabine-waehlen-2","status":"publish","type":"page","link":"https:\/\/relaxsrl.com\/de\/wie-sie-eine-passende-duschkabine-waehlen-2\/","title":{"rendered":"Wie Sie eine passende Duschkabine w\u00e4hlen"},"content":{"rendered":"<p>[vc_row full_width=&#8220;stretch_row&#8220; content_placement=&#8220;middle&#8220; el_class=&#8220;intro-row&#8220;][vc_column][vc_column_text]<\/p>\n<h1>Wie Sie eine passende Duschkabine w\u00e4hlen <\/h1>\n<p>[\/vc_column_text][\/vc_column][\/vc_row][vc_row el_class=&#8220;row-path&#8220;][vc_column][vc_column_text][\/vc_column_text][\/vc_column][\/vc_row][vc_row][vc_column width=&#8220;1\/6&#8243;][\/vc_column][vc_column width=&#8220;2\/3&#8243;][vc_column_text el_class=&#8220;txt-blue abstract weight500&#8243;]Hier sind einige kurze Anweisungen zum Messen und Treffen effektiver Entscheidungen, je nachdem, ob Sie eine Duschwanne \u00fcber dem Boden, b\u00fcndig mit dem Boden oder in den Boden eingelassen installieren m\u00f6chten.[\/vc_column_text][vc_empty_space height=&#8220;35px&#8220;][\/vc_column][\/vc_row][vc_row el_id=&#8220;paragrafo-1&#8243;][vc_column width=&#8220;1\/6&#8243;][\/vc_column][vc_column width=&#8220;2\/3&#8243;][vc_column_text]<\/p>\n<h2>Aufgelegte Duschplatten <\/h2>\n<p>Im Fall, dass die Duschplatte auf dem Boden platziert wird, sind als Ma\u00dfe f\u00fcr eine korrekte Montage P und L zu ber\u00fccksichtigen, wie in der Abbildung dargestellt. Hierbei muss die maximale Dehnbarkeit der betreffenden Seite kleiner oder gleich wie der Wert von P oder L sein.<\/p>\n<p>&nbsp;<\/p>\n<p>Zum Beispiel in folgenden F\u00e4llen:<br \/>\nP = 88,5 cm (Abmessungen nach dem Fliesenverlegen)<br \/>\nL= 98,5 cm (Abmessungen nach dem Fliesenverlegen)<\/p>\n<p>&nbsp;<\/p>\n<p>In der Duschkabine sind zu messen:<br \/>\nP = 87\/89 oder 86\/88<br \/>\nL = 97\/99 oder 96\/98[\/vc_column_text][vc_empty_space height=&#8220;20px&#8220;][vc_single_image image=&#8220;5778&#8243; img_size=&#8220;full&#8220;][vc_empty_space height=&#8220;40px&#8220;][\/vc_column][\/vc_row][vc_row el_id=&#8220;paragrafo-2&#8243;][vc_column width=&#8220;1\/6&#8243;][\/vc_column][vc_column width=&#8220;2\/3&#8243;][vc_column_text]<\/p>\n<h2>Ebenerdige Duschplatten<\/h2>\n<p>Die ebenerdige Duschplatte wirkt im Badezimmer sehr sch\u00f6n. Als erstes muss der Bereich, in dem die Kabine montiert werden soll, bestimmt werden, z. B. eine Fuge, die als Trennung von Duschplatte und Boden dient. Bei bodenb\u00fcndigen Duschplatten muss die minimale Dehnbarkeit der betreffenden Seite im Vergleich zu den Gr\u00f6\u00dfen P und L gleich oder leicht gr\u00f6\u00dfer sein.<\/p>\n<p>&nbsp;<\/p>\n<p>Hier ein Beispiel zum besseren Verst\u00e4ndnis:<br \/>\nP = 88,5 cm (Abmessungen nach dem Fliesenverlegen)<br \/>\nL= 98,5 cm (Abmessungen nach dem Fliesenverlegen)<\/p>\n<p>&nbsp;<\/p>\n<p>In der Duschkabine sind zu messen:<br \/>\nP = 89\/91<br \/>\nL = 99\/101[\/vc_column_text][vc_empty_space height=&#8220;20px&#8220;][vc_single_image image=&#8220;5782&#8243; img_size=&#8220;full&#8220;][vc_empty_space height=&#8220;40px&#8220;][\/vc_column][\/vc_row][vc_row][vc_column width=&#8220;1\/6&#8243;][\/vc_column][vc_column width=&#8220;2\/3&#8243;][vc_column_text]<\/p>\n<h2>Im Boden versenkte Duschplatten<\/h2>\n<p>Im Fall einer Duschplatte, die im Boden versenkt ist, steht diese unter dem Bodenniveau. Die Positionierung der Duschkabine muss in unmittelbarer N\u00e4he der herabgesetzten Ebene erfolgen. Die richtige Messung der betreffenden Seite muss mindestens 3 cm gr\u00f6\u00dfer sein als die Bezugsgr\u00f6\u00dfe P oder L.<\/p>\n<p>&nbsp;<\/p>\n<p>Ad esempio:<br \/>\nP = 90 cm (Abmessungen nach dem Fliesenverlegen)<br \/>\nL= 100 cm (Abmessungen nach dem Fliesenverlegen)<\/p>\n<p>&nbsp;<\/p>\n<p>In der Duschkabine sind zu messen:<br \/>\nP = 93,5\/95,5<br \/>\nL = 103\/105[\/vc_column_text][vc_empty_space height=&#8220;20px&#8220;][vc_single_image image=&#8220;5786&#8243; img_size=&#8220;full&#8220;][vc_empty_space height=&#8220;100px&#8220;][\/vc_column][\/vc_row]<\/p>\n","protected":false},"excerpt":{"rendered":"<p>[vc_row full_width=&#8220;stretch_row&#8220; content_placement=&#8220;middle&#8220; el_class=&#8220;intro-row&#8220;][vc_column][vc_column_text] Wie Sie eine passende Duschkabine w\u00e4hlen [\/vc_column_text][\/vc_column][\/vc_row][vc_row el_class=&#8220;row-path&#8220;][vc_column][vc_column_text][\/vc_column_text][\/vc_column][\/vc_row][vc_row][vc_column width=&#8220;1\/6&#8243;][\/vc_column][vc_column width=&#8220;2\/3&#8243;][vc_column_text el_class=&#8220;txt-blue abstract weight500&#8243;]Hier sind einige kurze Anweisungen zum Messen und Treffen effektiver Entscheidungen, je nachdem, ob Sie eine Duschwanne \u00fcber dem Boden, b\u00fcndig mit dem Boden oder in den Boden eingelassen installieren m\u00f6chten.[\/vc_column_text][vc_empty_space height=&#8220;35px&#8220;][\/vc_column][\/vc_row][vc_row el_id=&#8220;paragrafo-1&#8243;][vc_column width=&#8220;1\/6&#8243;][\/vc_column][vc_column width=&#8220;2\/3&#8243;][vc_column_text] Aufgelegte Duschplatten Im Fall, [&hellip;]<\/p>\n","protected":false},"author":3,"featured_media":5778,"parent":0,"menu_order":0,"comment_status":"closed","ping_status":"closed","template":"","meta":[],"acf":[],"yoast_head":"<!-- This site is optimized with the Yoast SEO Premium plugin v18.4 (Yoast SEO v18.8) - https:\/\/yoast.com\/wordpress\/plugins\/seo\/ -->\n<title>Wie Sie eine passende Duschkabine w\u00e4hlen - Relax srl<\/title>\n<meta name=\"description\" content=\"Einige kurze Hinweise, wie die Ma\u00dfnahmen im Vorfeld des Einbaus einer Duschwanne zu treffen sind. Finde mehr heraus.\" \/>\n<meta name=\"robots\" content=\"index, follow, max-snippet:-1, max-image-preview:large, max-video-preview:-1\" \/>\n<link rel=\"canonical\" href=\"https:\/\/relaxsrl.com\/de\/wie-sie-eine-passende-duschkabine-waehlen-2\/\" \/>\n<meta property=\"og:locale\" content=\"de_DE\" \/>\n<meta property=\"og:type\" content=\"article\" \/>\n<meta property=\"og:title\" content=\"Wie Sie eine passende Duschkabine w\u00e4hlen - Relax srl\" \/>\n<meta property=\"og:description\" content=\"Einige kurze Hinweise, wie die Ma\u00dfnahmen im Vorfeld des Einbaus einer Duschwanne zu treffen sind. Finde mehr heraus.\" \/>\n<meta property=\"og:url\" content=\"https:\/\/relaxsrl.com\/de\/wie-sie-eine-passende-duschkabine-waehlen-2\/\" \/>\n<meta property=\"og:site_name\" content=\"Relax srl\" \/>\n<meta property=\"article:modified_time\" content=\"2022-12-19T07:51:35+00:00\" \/>\n<meta property=\"og:image\" content=\"https:\/\/relaxsrl.com\/website\/wp-content\/uploads\/2021\/10\/FOTO18.png\" \/>\n\t<meta property=\"og:image:width\" content=\"302\" \/>\n\t<meta property=\"og:image:height\" content=\"302\" \/>\n\t<meta property=\"og:image:type\" content=\"image\/png\" \/>\n<meta name=\"twitter:card\" content=\"summary_large_image\" \/>\n<meta name=\"twitter:label1\" content=\"Gesch\u00e4tzte Lesezeit\" \/>\n\t<meta name=\"twitter:data1\" content=\"2 Minuten\" \/>\n<script type=\"application\/ld+json\" class=\"yoast-schema-graph\">{\"@context\":\"https:\/\/schema.org\",\"@graph\":[{\"@type\":\"WebSite\",\"@id\":\"https:\/\/relaxsrl.com\/#website\",\"url\":\"https:\/\/relaxsrl.com\/\",\"name\":\"Relax srl\",\"description\":\"\",\"potentialAction\":[{\"@type\":\"SearchAction\",\"target\":{\"@type\":\"EntryPoint\",\"urlTemplate\":\"https:\/\/relaxsrl.com\/?s={search_term_string}\"},\"query-input\":\"required name=search_term_string\"}],\"inLanguage\":\"de-DE\"},{\"@type\":\"ImageObject\",\"inLanguage\":\"de-DE\",\"@id\":\"https:\/\/relaxsrl.com\/de\/wie-sie-eine-passende-duschkabine-waehlen-2\/#primaryimage\",\"url\":\"https:\/\/relaxsrl.com\/website\/wp-content\/uploads\/2021\/10\/FOTO18.png\",\"contentUrl\":\"https:\/\/relaxsrl.com\/website\/wp-content\/uploads\/2021\/10\/FOTO18.png\",\"width\":302,\"height\":302,\"caption\":\"Beispiel Duschwanne \u00fcber dem Boden\"},{\"@type\":\"WebPage\",\"@id\":\"https:\/\/relaxsrl.com\/de\/wie-sie-eine-passende-duschkabine-waehlen-2\/#webpage\",\"url\":\"https:\/\/relaxsrl.com\/de\/wie-sie-eine-passende-duschkabine-waehlen-2\/\",\"name\":\"Wie Sie eine passende Duschkabine w\u00e4hlen - Relax srl\",\"isPartOf\":{\"@id\":\"https:\/\/relaxsrl.com\/#website\"},\"primaryImageOfPage\":{\"@id\":\"https:\/\/relaxsrl.com\/de\/wie-sie-eine-passende-duschkabine-waehlen-2\/#primaryimage\"},\"datePublished\":\"2022-08-12T09:16:55+00:00\",\"dateModified\":\"2022-12-19T07:51:35+00:00\",\"description\":\"Einige kurze Hinweise, wie die Ma\u00dfnahmen im Vorfeld des Einbaus einer Duschwanne zu treffen sind. Finde mehr heraus.\",\"breadcrumb\":{\"@id\":\"https:\/\/relaxsrl.com\/de\/wie-sie-eine-passende-duschkabine-waehlen-2\/#breadcrumb\"},\"inLanguage\":\"de-DE\",\"potentialAction\":[{\"@type\":\"ReadAction\",\"target\":[\"https:\/\/relaxsrl.com\/de\/wie-sie-eine-passende-duschkabine-waehlen-2\/\"]}]},{\"@type\":\"BreadcrumbList\",\"@id\":\"https:\/\/relaxsrl.com\/de\/wie-sie-eine-passende-duschkabine-waehlen-2\/#breadcrumb\",\"itemListElement\":[{\"@type\":\"ListItem\",\"position\":1,\"name\":\"Wie Sie eine passende Duschkabine w\u00e4hlen\"}]}]}<\/script>\n<!-- \/ Yoast SEO Premium plugin. -->","yoast_head_json":{"title":"Wie Sie eine passende Duschkabine w\u00e4hlen - Relax srl","description":"Einige kurze Hinweise, wie die Ma\u00dfnahmen im Vorfeld des Einbaus einer Duschwanne zu treffen sind. Finde mehr heraus.","robots":{"index":"index","follow":"follow","max-snippet":"max-snippet:-1","max-image-preview":"max-image-preview:large","max-video-preview":"max-video-preview:-1"},"canonical":"https:\/\/relaxsrl.com\/de\/wie-sie-eine-passende-duschkabine-waehlen-2\/","og_locale":"de_DE","og_type":"article","og_title":"Wie Sie eine passende Duschkabine w\u00e4hlen - Relax srl","og_description":"Einige kurze Hinweise, wie die Ma\u00dfnahmen im Vorfeld des Einbaus einer Duschwanne zu treffen sind. Finde mehr heraus.","og_url":"https:\/\/relaxsrl.com\/de\/wie-sie-eine-passende-duschkabine-waehlen-2\/","og_site_name":"Relax srl","article_modified_time":"2022-12-19T07:51:35+00:00","og_image":[{"width":302,"height":302,"url":"https:\/\/relaxsrl.com\/website\/wp-content\/uploads\/2021\/10\/FOTO18.png","type":"image\/png"}],"twitter_card":"summary_large_image","twitter_misc":{"Gesch\u00e4tzte Lesezeit":"2 Minuten"},"schema":{"@context":"https:\/\/schema.org","@graph":[{"@type":"WebSite","@id":"https:\/\/relaxsrl.com\/#website","url":"https:\/\/relaxsrl.com\/","name":"Relax srl","description":"","potentialAction":[{"@type":"SearchAction","target":{"@type":"EntryPoint","urlTemplate":"https:\/\/relaxsrl.com\/?s={search_term_string}"},"query-input":"required name=search_term_string"}],"inLanguage":"de-DE"},{"@type":"ImageObject","inLanguage":"de-DE","@id":"https:\/\/relaxsrl.com\/de\/wie-sie-eine-passende-duschkabine-waehlen-2\/#primaryimage","url":"https:\/\/relaxsrl.com\/website\/wp-content\/uploads\/2021\/10\/FOTO18.png","contentUrl":"https:\/\/relaxsrl.com\/website\/wp-content\/uploads\/2021\/10\/FOTO18.png","width":302,"height":302,"caption":"Beispiel Duschwanne \u00fcber dem Boden"},{"@type":"WebPage","@id":"https:\/\/relaxsrl.com\/de\/wie-sie-eine-passende-duschkabine-waehlen-2\/#webpage","url":"https:\/\/relaxsrl.com\/de\/wie-sie-eine-passende-duschkabine-waehlen-2\/","name":"Wie Sie eine passende Duschkabine w\u00e4hlen - Relax srl","isPartOf":{"@id":"https:\/\/relaxsrl.com\/#website"},"primaryImageOfPage":{"@id":"https:\/\/relaxsrl.com\/de\/wie-sie-eine-passende-duschkabine-waehlen-2\/#primaryimage"},"datePublished":"2022-08-12T09:16:55+00:00","dateModified":"2022-12-19T07:51:35+00:00","description":"Einige kurze Hinweise, wie die Ma\u00dfnahmen im Vorfeld des Einbaus einer Duschwanne zu treffen sind. Finde mehr heraus.","breadcrumb":{"@id":"https:\/\/relaxsrl.com\/de\/wie-sie-eine-passende-duschkabine-waehlen-2\/#breadcrumb"},"inLanguage":"de-DE","potentialAction":[{"@type":"ReadAction","target":["https:\/\/relaxsrl.com\/de\/wie-sie-eine-passende-duschkabine-waehlen-2\/"]}]},{"@type":"BreadcrumbList","@id":"https:\/\/relaxsrl.com\/de\/wie-sie-eine-passende-duschkabine-waehlen-2\/#breadcrumb","itemListElement":[{"@type":"ListItem","position":1,"name":"Wie Sie eine passende Duschkabine w\u00e4hlen"}]}]}},"_links":{"self":[{"href":"https:\/\/relaxsrl.com\/de\/wp-json\/wp\/v2\/pages\/23149"}],"collection":[{"href":"https:\/\/relaxsrl.com\/de\/wp-json\/wp\/v2\/pages"}],"about":[{"href":"https:\/\/relaxsrl.com\/de\/wp-json\/wp\/v2\/types\/page"}],"author":[{"embeddable":true,"href":"https:\/\/relaxsrl.com\/de\/wp-json\/wp\/v2\/users\/3"}],"replies":[{"embeddable":true,"href":"https:\/\/relaxsrl.com\/de\/wp-json\/wp\/v2\/comments?post=23149"}],"version-history":[{"count":6,"href":"https:\/\/relaxsrl.com\/de\/wp-json\/wp\/v2\/pages\/23149\/revisions"}],"predecessor-version":[{"id":25083,"href":"https:\/\/relaxsrl.com\/de\/wp-json\/wp\/v2\/pages\/23149\/revisions\/25083"}],"wp:featuredmedia":[{"embeddable":true,"href":"https:\/\/relaxsrl.com\/de\/wp-json\/wp\/v2\/media\/5778"}],"wp:attachment":[{"href":"https:\/\/relaxsrl.com\/de\/wp-json\/wp\/v2\/media?parent=23149"}],"curies":[{"name":"wp","href":"https:\/\/api.w.org\/{rel}","templated":true}]}}