{"id":23158,"date":"2022-08-12T11:35:43","date_gmt":"2022-08-12T09:35:43","guid":{"rendered":"https:\/\/relaxsrl.com\/funktionale-loesungen\/"},"modified":"2022-12-19T09:07:22","modified_gmt":"2022-12-19T08:07:22","slug":"funktionale-loesungen","status":"publish","type":"page","link":"https:\/\/relaxsrl.com\/de\/funktionale-loesungen\/","title":{"rendered":"Funktionale L\u00f6sungen"},"content":{"rendered":"<p>[vc_row full_width=&#8220;stretch_row&#8220; content_placement=&#8220;middle&#8220; el_class=&#8220;intro-row&#8220;][vc_column][vc_column_text]<\/p>\n<h1>Funktionale L\u00f6sungen<\/h1>\n<p>[\/vc_column_text][\/vc_column][\/vc_row][vc_row el_class=&#8220;row-path&#8220;][vc_column][vc_column_text][\/vc_column_text][\/vc_column][\/vc_row][vc_row][vc_column width=&#8220;1\/6&#8243;][\/vc_column][vc_column width=&#8220;2\/3&#8243;][vc_column_text el_class=&#8220;txt-blue abstract weight500&#8243;]Relax hat im Laufe der Jahre die Forschungs- und Entwicklungsarbeit stetig intensiviert, um L\u00f6sungen f\u00fcr die Herstellung von funktionalen und praktischen Duschkabinen mit modernem und hochwertigem Design zu entwickeln und zu patentieren. In den letzten Jahren haben wir verschiedene technische L\u00f6sungen entwickelt, getestet und hergestellt, die unsere Duschkabinen einfach zu montieren, einfach zu reinigen und langlebig gemacht haben.[\/vc_column_text][\/vc_column][\/vc_row][vc_row el_id=&#8220;paragrafo-1&#8243;][vc_column width=&#8220;1\/6&#8243;][\/vc_column][vc_column width=&#8220;2\/3&#8243;][vc_empty_space height=&#8220;35px&#8220;][vc_column_text]<\/p>\n<h2>Profile mit Einf\u00fcgen von Geh\u00e4rtetem Glas<\/h2>\n<p>Bei diesem Profiltyp mit dem Einf\u00fcgen von geh\u00e4rtetem Glas, werden keine Schrauben verwendet. Die Montage der Kabine ist flink und schnell. Das Endergebnis, ohne sichtbare Be- und Verarbeitungen, erm\u00f6glicht es, ein elegantes Produkt im Detail zu genie\u00dfen.<br \/>\nAu\u00dferdem ist durch die komplette Verh\u00fcllung des Ausgleichsprofil eine weitere M\u00f6glichkeit geboten. Der absolute Minimalismus einer solchen L\u00f6sung, ist perfekt f\u00fcr diejenigen die sichtbaren Profile nicht m\u00f6gen.<\/p>\n<p>&nbsp;<\/p>\n<p>Das System, um die T\u00fcr abzuhaken, welches wir in einigen unserer Duschkabinen mit Schiebet\u00fcr im unteren Ende installiert haben, erm\u00f6glicht eine schnelle und effektive Reinigung. Die unkomplizierte Bewegung, mit der Sie die T\u00fcr an der Unterseite aushaken k\u00f6nnen, ist eine der beliebtesten Eigenschaften in unseren Duschkabinen mit Schiebet\u00fcr. Die T\u00fcr ist schwenkbar und ist somit f\u00fcr die Reinigung leicht zug\u00e4nglich.<br \/>\nUnser mechanisches Entriegelungssystem ist garantiert.[\/vc_column_text][vc_empty_space height=&#8220;20px&#8220;][vc_single_image image=&#8220;12695&#8243; img_size=&#8220;730&#215;400&#8243;][\/vc_column][\/vc_row][vc_row el_id=&#8220;paragrafo-2&#8243;][vc_column width=&#8220;1\/6&#8243;][\/vc_column][vc_column width=&#8220;2\/3&#8243;][vc_empty_space height=&#8220;50px&#8220;][vc_column_text]<\/p>\n<h2>Systeme zum Abhaken der T\u00fcr ohne Knopf<\/h2>\n<p>Das System, um die T\u00fcr abzuhaken, welches wir in einigen unserer Duschkabinen mit Schiebet\u00fcr im unteren Ende installiert haben, erm\u00f6glicht eine schnelle und effektive Reinigung. Die unkomplizierte Bewegung, mit der Sie die T\u00fcr an der Unterseite aushaken k\u00f6nnen, ist eine der beliebtesten Eigenschaften in unseren Duschkabinen mit Schiebet\u00fcr. Die T\u00fcr ist schwenkbar und ist somit f\u00fcr die Reinigung leicht zug\u00e4nglich.<br \/>\nUnser mechanisches Entriegelungssystem ist garantiert.[\/vc_column_text][vc_empty_space height=&#8220;20px&#8220;][vc_single_image image=&#8220;12699&#8243; img_size=&#8220;730&#215;400&#8243;][\/vc_column][\/vc_row][vc_row el_id=&#8220;paragrafo-3&#8243;][vc_column width=&#8220;1\/6&#8243;][\/vc_column][vc_column width=&#8220;2\/3&#8243;][vc_empty_space height=&#8220;50px&#8220;][vc_column_text]<\/p>\n<h2>Profile f\u00fcr die Abdeckung der F\u00fchrungsr\u00e4der <\/h2>\n<p>F\u00fcr unsere Modelle Puro und Unico mit Schiebet\u00fcr haben wir ein Profil f\u00fcr die Abdeckung der Duscht\u00fcrrollen auch in Inneren der Duschkabine erstellt. Eine L\u00f6sung f\u00fcr \u00e4sthetische Sauberkeit, aber auch f\u00fcr Funktionalit\u00e4t: Die Reinigung erfolgt umso schneller.[\/vc_column_text][vc_empty_space height=&#8220;20px&#8220;][vc_single_image image=&#8220;12703&#8243; img_size=&#8220;730&#215;400&#8243;][\/vc_column][\/vc_row][vc_row el_id=&#8220;paragrafo-4&#8243;][vc_column width=&#8220;1\/6&#8243;][\/vc_column][vc_column width=&#8220;2\/3&#8243;][vc_empty_space height=&#8220;50px&#8220;][vc_column_text]<\/p>\n<h2>Wandprofile mit Innenraum und einklappbare Schrauben <\/h2>\n<p>Eine ambivalente L\u00f6sung, die den Genuss einer minimalen, einfach zu reinigenden Duschkabine erm\u00f6glicht.<br \/>\nDie Schrauben, die ben\u00f6tigt werden, um das Profil mit dem Glass an der Wand zu befestigen, bleiben nicht sichtbar, sondern sie befinden sich innerhalb des Profils selbst. Die Schrauben werden au\u00dfen durch Schutzkappen gedeckt, die nicht hervorstehen.<br \/>\n[\/vc_column_text][vc_empty_space height=&#8220;20px&#8220;][vc_single_image image=&#8220;12707&#8243; img_size=&#8220;730&#215;400&#8243;][\/vc_column][\/vc_row][vc_row el_id=&#8220;paragrafo-5&#8243;][vc_column width=&#8220;1\/6&#8243;][\/vc_column][vc_column width=&#8220;2\/3&#8243;][vc_empty_space height=&#8220;50px&#8220;][vc_column_text]<\/p>\n<h2>Im Profil integrierte Dichtungen <\/h2>\n<p>Eine innovative und bereits patentierte Idee. W\u00e4hrend die Dichtung meist an der T\u00fcr befestigt wird, wird sie hier direkt in das Aluminiumprofil integriert. Dies sorgt f\u00fcr mehr Wasserbest\u00e4ndigkeit. Diese L\u00f6sung ist T\u00dcV S\u00dcD zertifiziert.[\/vc_column_text][vc_empty_space height=&#8220;20px&#8220;][vc_single_image image=&#8220;12711&#8243; img_size=&#8220;730&#215;400&#8243;][\/vc_column][\/vc_row][vc_row el_id=&#8220;paragrafo-6&#8243;][vc_column width=&#8220;1\/6&#8243;][\/vc_column][vc_column width=&#8220;2\/3&#8243;][vc_empty_space height=&#8220;50px&#8220;][vc_column_text]<\/p>\n<h2>Profile und dekorative Abdeckkappen <\/h2>\n<p>Das dekorative Profil, das im oberen Profil unserer Duschboxen eingef\u00fcgt wird, ist entwickelt worden, um auf die verschiedenen Elemente im Bad einzugehen. Was unsere Profile besonders macht, ist ohne Zweifel die einfache Montage, da sie sehr einfach in der Duschkabine einzubauen sind. Erh\u00e4ltlich in mehreren Farben, passend zu den Abdeckkappen f\u00fcr die T\u00fcrgriffe aus Aluminium der Serien Puro und Unico.[\/vc_column_text][vc_empty_space height=&#8220;20px&#8220;][vc_gallery interval=&#8220;3&#8243; images=&#8220;12715,12719&#8243; img_size=&#8220;730&#215;400&#8243; onclick=&#8220;&#8220;][\/vc_column][\/vc_row][vc_row el_id=&#8220;paragrafo-7&#8243;][vc_column width=&#8220;1\/6&#8243;][\/vc_column][vc_column width=&#8220;2\/3&#8243;][vc_empty_space height=&#8220;50px&#8220;][vc_column_text]<\/p>\n<h2>Scharniere und T\u00fcrgriffe mit austauschbarem Cover  <\/h2>\n<p>Eine Besonderheit unseres Cover-Modells ist es, dass Sie die Scharnier- und Griffe beliebig wechseln k\u00f6nnen und diese farblich an Ihren pers\u00f6nlichen Geschmack oder an das umliegende Ambiente anpassen k\u00f6nnen. Die Gestaltung eines Raumes wie das Badezimmer kann vor allem durch zweifarbige Elemente leichter gemacht werden. Verf\u00fcgbarkeit der Farben: Wei\u00df, Schwarz und Chrom, andere Farben auf Anfrage.[\/vc_column_text][vc_empty_space height=&#8220;20px&#8220;][vc_gallery interval=&#8220;3&#8243; images=&#8220;12723,12727&#8243; img_size=&#8220;730&#215;400&#8243; onclick=&#8220;&#8220;][vc_empty_space height=&#8220;100px&#8220;][\/vc_column][\/vc_row]<\/p>\n","protected":false},"excerpt":{"rendered":"<p>[vc_row full_width=&#8220;stretch_row&#8220; content_placement=&#8220;middle&#8220; el_class=&#8220;intro-row&#8220;][vc_column][vc_column_text] Funktionale L\u00f6sungen [\/vc_column_text][\/vc_column][\/vc_row][vc_row el_class=&#8220;row-path&#8220;][vc_column][vc_column_text][\/vc_column_text][\/vc_column][\/vc_row][vc_row][vc_column width=&#8220;1\/6&#8243;][\/vc_column][vc_column width=&#8220;2\/3&#8243;][vc_column_text el_class=&#8220;txt-blue abstract weight500&#8243;]Relax hat im Laufe der Jahre die Forschungs- und Entwicklungsarbeit stetig intensiviert, um L\u00f6sungen f\u00fcr die Herstellung von funktionalen und praktischen Duschkabinen mit modernem und hochwertigem Design zu entwickeln und zu patentieren. In den letzten Jahren haben wir verschiedene technische L\u00f6sungen entwickelt, getestet [&hellip;]<\/p>\n","protected":false},"author":3,"featured_media":12695,"parent":0,"menu_order":0,"comment_status":"closed","ping_status":"closed","template":"","meta":[],"acf":[],"yoast_head":"<!-- This site is optimized with the Yoast SEO Premium plugin v18.4 (Yoast SEO v18.8) - https:\/\/yoast.com\/wordpress\/plugins\/seo\/ -->\n<title>Funktionale L\u00f6sungen - Relax srl<\/title>\n<meta name=\"description\" content=\"Wir haben verschiedene Funktionsl\u00f6sungen f\u00fcr unsere Duschabtrennungen entworfen, getestet und in Produktion gebracht. Entdecken Sie sie alle.\" \/>\n<meta name=\"robots\" content=\"index, follow, max-snippet:-1, max-image-preview:large, max-video-preview:-1\" \/>\n<link rel=\"canonical\" href=\"https:\/\/relaxsrl.com\/de\/funktionale-loesungen\/\" \/>\n<meta property=\"og:locale\" content=\"de_DE\" \/>\n<meta property=\"og:type\" content=\"article\" \/>\n<meta property=\"og:title\" content=\"Funktionale L\u00f6sungen - Relax srl\" \/>\n<meta property=\"og:description\" content=\"Wir haben verschiedene Funktionsl\u00f6sungen f\u00fcr unsere Duschabtrennungen entworfen, getestet und in Produktion gebracht. Entdecken Sie sie alle.\" \/>\n<meta property=\"og:url\" content=\"https:\/\/relaxsrl.com\/de\/funktionale-loesungen\/\" \/>\n<meta property=\"og:site_name\" content=\"Relax srl\" \/>\n<meta property=\"article:modified_time\" content=\"2022-12-19T08:07:22+00:00\" \/>\n<meta property=\"og:image\" content=\"https:\/\/relaxsrl.com\/website\/wp-content\/uploads\/2021\/11\/Blog2.jpg\" \/>\n\t<meta property=\"og:image:width\" content=\"730\" \/>\n\t<meta property=\"og:image:height\" content=\"400\" \/>\n\t<meta property=\"og:image:type\" content=\"image\/jpeg\" \/>\n<meta name=\"twitter:card\" content=\"summary_large_image\" \/>\n<meta name=\"twitter:label1\" content=\"Gesch\u00e4tzte Lesezeit\" \/>\n\t<meta name=\"twitter:data1\" content=\"5 Minuten\" \/>\n<script type=\"application\/ld+json\" class=\"yoast-schema-graph\">{\"@context\":\"https:\/\/schema.org\",\"@graph\":[{\"@type\":\"WebSite\",\"@id\":\"https:\/\/relaxsrl.com\/#website\",\"url\":\"https:\/\/relaxsrl.com\/\",\"name\":\"Relax srl\",\"description\":\"\",\"potentialAction\":[{\"@type\":\"SearchAction\",\"target\":{\"@type\":\"EntryPoint\",\"urlTemplate\":\"https:\/\/relaxsrl.com\/?s={search_term_string}\"},\"query-input\":\"required name=search_term_string\"}],\"inLanguage\":\"de-DE\"},{\"@type\":\"ImageObject\",\"inLanguage\":\"de-DE\",\"@id\":\"https:\/\/relaxsrl.com\/de\/funktionale-loesungen\/#primaryimage\",\"url\":\"https:\/\/relaxsrl.com\/website\/wp-content\/uploads\/2021\/11\/Blog2.jpg\",\"contentUrl\":\"https:\/\/relaxsrl.com\/website\/wp-content\/uploads\/2021\/11\/Blog2.jpg\",\"width\":730,\"height\":400,\"caption\":\"Einsetzen des Druckglases in zwei grundlegenden Schritten\"},{\"@type\":\"WebPage\",\"@id\":\"https:\/\/relaxsrl.com\/de\/funktionale-loesungen\/#webpage\",\"url\":\"https:\/\/relaxsrl.com\/de\/funktionale-loesungen\/\",\"name\":\"Funktionale L\u00f6sungen - Relax srl\",\"isPartOf\":{\"@id\":\"https:\/\/relaxsrl.com\/#website\"},\"primaryImageOfPage\":{\"@id\":\"https:\/\/relaxsrl.com\/de\/funktionale-loesungen\/#primaryimage\"},\"datePublished\":\"2022-08-12T09:35:43+00:00\",\"dateModified\":\"2022-12-19T08:07:22+00:00\",\"description\":\"Wir haben verschiedene Funktionsl\u00f6sungen f\u00fcr unsere Duschabtrennungen entworfen, getestet und in Produktion gebracht. Entdecken Sie sie alle.\",\"breadcrumb\":{\"@id\":\"https:\/\/relaxsrl.com\/de\/funktionale-loesungen\/#breadcrumb\"},\"inLanguage\":\"de-DE\",\"potentialAction\":[{\"@type\":\"ReadAction\",\"target\":[\"https:\/\/relaxsrl.com\/de\/funktionale-loesungen\/\"]}]},{\"@type\":\"BreadcrumbList\",\"@id\":\"https:\/\/relaxsrl.com\/de\/funktionale-loesungen\/#breadcrumb\",\"itemListElement\":[{\"@type\":\"ListItem\",\"position\":1,\"name\":\"Funktionale L\u00f6sungen\"}]}]}<\/script>\n<!-- \/ Yoast SEO Premium plugin. -->","yoast_head_json":{"title":"Funktionale L\u00f6sungen - Relax srl","description":"Wir haben verschiedene Funktionsl\u00f6sungen f\u00fcr unsere Duschabtrennungen entworfen, getestet und in Produktion gebracht. Entdecken Sie sie alle.","robots":{"index":"index","follow":"follow","max-snippet":"max-snippet:-1","max-image-preview":"max-image-preview:large","max-video-preview":"max-video-preview:-1"},"canonical":"https:\/\/relaxsrl.com\/de\/funktionale-loesungen\/","og_locale":"de_DE","og_type":"article","og_title":"Funktionale L\u00f6sungen - Relax srl","og_description":"Wir haben verschiedene Funktionsl\u00f6sungen f\u00fcr unsere Duschabtrennungen entworfen, getestet und in Produktion gebracht. Entdecken Sie sie alle.","og_url":"https:\/\/relaxsrl.com\/de\/funktionale-loesungen\/","og_site_name":"Relax srl","article_modified_time":"2022-12-19T08:07:22+00:00","og_image":[{"width":730,"height":400,"url":"https:\/\/relaxsrl.com\/website\/wp-content\/uploads\/2021\/11\/Blog2.jpg","type":"image\/jpeg"}],"twitter_card":"summary_large_image","twitter_misc":{"Gesch\u00e4tzte Lesezeit":"5 Minuten"},"schema":{"@context":"https:\/\/schema.org","@graph":[{"@type":"WebSite","@id":"https:\/\/relaxsrl.com\/#website","url":"https:\/\/relaxsrl.com\/","name":"Relax srl","description":"","potentialAction":[{"@type":"SearchAction","target":{"@type":"EntryPoint","urlTemplate":"https:\/\/relaxsrl.com\/?s={search_term_string}"},"query-input":"required name=search_term_string"}],"inLanguage":"de-DE"},{"@type":"ImageObject","inLanguage":"de-DE","@id":"https:\/\/relaxsrl.com\/de\/funktionale-loesungen\/#primaryimage","url":"https:\/\/relaxsrl.com\/website\/wp-content\/uploads\/2021\/11\/Blog2.jpg","contentUrl":"https:\/\/relaxsrl.com\/website\/wp-content\/uploads\/2021\/11\/Blog2.jpg","width":730,"height":400,"caption":"Einsetzen des Druckglases in zwei grundlegenden Schritten"},{"@type":"WebPage","@id":"https:\/\/relaxsrl.com\/de\/funktionale-loesungen\/#webpage","url":"https:\/\/relaxsrl.com\/de\/funktionale-loesungen\/","name":"Funktionale L\u00f6sungen - Relax srl","isPartOf":{"@id":"https:\/\/relaxsrl.com\/#website"},"primaryImageOfPage":{"@id":"https:\/\/relaxsrl.com\/de\/funktionale-loesungen\/#primaryimage"},"datePublished":"2022-08-12T09:35:43+00:00","dateModified":"2022-12-19T08:07:22+00:00","description":"Wir haben verschiedene Funktionsl\u00f6sungen f\u00fcr unsere Duschabtrennungen entworfen, getestet und in Produktion gebracht. Entdecken Sie sie alle.","breadcrumb":{"@id":"https:\/\/relaxsrl.com\/de\/funktionale-loesungen\/#breadcrumb"},"inLanguage":"de-DE","potentialAction":[{"@type":"ReadAction","target":["https:\/\/relaxsrl.com\/de\/funktionale-loesungen\/"]}]},{"@type":"BreadcrumbList","@id":"https:\/\/relaxsrl.com\/de\/funktionale-loesungen\/#breadcrumb","itemListElement":[{"@type":"ListItem","position":1,"name":"Funktionale L\u00f6sungen"}]}]}},"_links":{"self":[{"href":"https:\/\/relaxsrl.com\/de\/wp-json\/wp\/v2\/pages\/23158"}],"collection":[{"href":"https:\/\/relaxsrl.com\/de\/wp-json\/wp\/v2\/pages"}],"about":[{"href":"https:\/\/relaxsrl.com\/de\/wp-json\/wp\/v2\/types\/page"}],"author":[{"embeddable":true,"href":"https:\/\/relaxsrl.com\/de\/wp-json\/wp\/v2\/users\/3"}],"replies":[{"embeddable":true,"href":"https:\/\/relaxsrl.com\/de\/wp-json\/wp\/v2\/comments?post=23158"}],"version-history":[{"count":6,"href":"https:\/\/relaxsrl.com\/de\/wp-json\/wp\/v2\/pages\/23158\/revisions"}],"predecessor-version":[{"id":25086,"href":"https:\/\/relaxsrl.com\/de\/wp-json\/wp\/v2\/pages\/23158\/revisions\/25086"}],"wp:featuredmedia":[{"embeddable":true,"href":"https:\/\/relaxsrl.com\/de\/wp-json\/wp\/v2\/media\/12695"}],"wp:attachment":[{"href":"https:\/\/relaxsrl.com\/de\/wp-json\/wp\/v2\/media?parent=23158"}],"curies":[{"name":"wp","href":"https:\/\/api.w.org\/{rel}","templated":true}]}}