{"id":23162,"date":"2022-08-12T11:53:40","date_gmt":"2022-08-12T09:53:40","guid":{"rendered":"https:\/\/relaxsrl.com\/wasserdichtheit-der-duschkabine\/"},"modified":"2022-11-18T11:19:20","modified_gmt":"2022-11-18T10:19:20","slug":"wasserdichtheit-der-duschkabine","status":"publish","type":"page","link":"https:\/\/relaxsrl.com\/de\/wasserdichtheit-der-duschkabine\/","title":{"rendered":"Wasserdichtheit der Duschkabine"},"content":{"rendered":"<p>[vc_row full_width=&#8220;stretch_row&#8220; content_placement=&#8220;middle&#8220; el_class=&#8220;intro-row&#8220;][vc_column][vc_column_text]<\/p>\n<h1>Wasserdichtheit der Duschkabine<\/h1>\n<p>[\/vc_column_text][\/vc_column][\/vc_row][vc_row el_class=&#8220;row-path&#8220;][vc_column][vc_column_text][\/vc_column_text][\/vc_column][\/vc_row][vc_row][vc_column width=&#8220;1\/6&#8243;][\/vc_column][vc_column width=&#8220;2\/3&#8243;][vc_column_text el_class=&#8220;txt-blue abstract weight500&#8243;]Die Wasserdichtheit der Duschabtrennung h\u00e4ngt von der Stabilit\u00e4t und Zuverl\u00e4ssigkeit der Dichtungen ab, aus denen sie besteht. Um die Wirksamkeit zu testen, kommt es h\u00e4ufig vor, dass die Handbrause auf letztere ausgerichtet ist. Diese Modalit\u00e4t, die nicht als g\u00fcltiger Beweis gilt. Die Wasserdichtigkeit der Dichtungen muss unter normalen Gebrauchsbedingungen gepr\u00fcft werden.[\/vc_column_text][vc_empty_space height=&#8220;35px&#8220;][\/vc_column][\/vc_row][vc_row][vc_column width=&#8220;1\/6&#8243;][\/vc_column][vc_column width=&#8220;2\/3&#8243;][vc_column_text]<\/p>\n<h2>Wasserdichtheit der Duschabtrennung<\/h2>\n<p>Die Wasserdichtigkeit einer Duschabtrennung beschreibt ihre F\u00e4higkeit, <strong> in jeder Situation wasserdicht <\/strong> zu sein. Die Abdichtung zwischen Wand, Duschwanne und Duschwand wird durch die Montage durch den Installateur gem\u00e4\u00df Montageanleitung gew\u00e4hrleistet. Der Versuch, das Austreten des Wassers zu verhindern, liegt jedoch in der Verantwortung des Herstellers.<br \/>\nMit gezielten und notwendigen Vorkehrungen stellt Relax sicher, dass seine Duschabtrennungen dank der Zertifizierungen h\u00f6chsten Qualit\u00e4tsstandards einhalten. All dies mit <strong> widerstandsf\u00e4higen Dichtungen, verbesserten Profilen und mechanischen Kleinteilen <\/strong> , die die Wasserzirkulation perfektionieren und korrigieren.[\/vc_column_text][vc_empty_space height=&#8220;20px&#8220;][vc_single_image image=&#8220;5718&#8243; img_size=&#8220;full&#8220;][vc_empty_space height=&#8220;35px&#8220;][\/vc_column][\/vc_row][vc_row][vc_column width=&#8220;1\/6&#8243;][\/vc_column][vc_column width=&#8220;2\/3&#8243;][vc_video link=&#8220;http:\/\/vimeo.com\/642744368&#8243; align=&#8220;center&#8220;][\/vc_column][\/vc_row][vc_row][vc_column width=&#8220;1\/6&#8243;][\/vc_column][vc_column width=&#8220;2\/3&#8243;][vc_empty_space height=&#8220;35px&#8220;][\/vc_column][\/vc_row][vc_row][vc_column width=&#8220;1\/6&#8243;][\/vc_column][vc_column width=&#8220;2\/3&#8243;][vc_video link=&#8220;http:\/\/vimeo.com\/642745078&#8243; align=&#8220;center&#8220;][\/vc_column][\/vc_row]<\/p>\n","protected":false},"excerpt":{"rendered":"<p>[vc_row full_width=&#8220;stretch_row&#8220; content_placement=&#8220;middle&#8220; el_class=&#8220;intro-row&#8220;][vc_column][vc_column_text] Wasserdichtheit der Duschkabine [\/vc_column_text][\/vc_column][\/vc_row][vc_row el_class=&#8220;row-path&#8220;][vc_column][vc_column_text][\/vc_column_text][\/vc_column][\/vc_row][vc_row][vc_column width=&#8220;1\/6&#8243;][\/vc_column][vc_column width=&#8220;2\/3&#8243;][vc_column_text el_class=&#8220;txt-blue abstract weight500&#8243;]Die Wasserdichtheit der Duschabtrennung h\u00e4ngt von der Stabilit\u00e4t und Zuverl\u00e4ssigkeit der Dichtungen ab, aus denen sie besteht. Um die Wirksamkeit zu testen, kommt es h\u00e4ufig vor, dass die Handbrause auf letztere ausgerichtet ist. Diese Modalit\u00e4t, die nicht als g\u00fcltiger Beweis gilt. Die [&hellip;]<\/p>\n","protected":false},"author":3,"featured_media":23819,"parent":0,"menu_order":0,"comment_status":"closed","ping_status":"closed","template":"","meta":[],"acf":[],"yoast_head":"<!-- This site is optimized with the Yoast SEO Premium plugin v18.4 (Yoast SEO v18.8) - https:\/\/yoast.com\/wordpress\/plugins\/seo\/ -->\n<title>Wasserdichtheit der Duschkabine - Relax srl<\/title>\n<meta name=\"description\" content=\"Die Wasserdichtheit der Duschabtrennung h\u00e4ngt von der Stabilit\u00e4t und Zuverl\u00e4ssigkeit der Dichtungen ab, aus denen sie besteht. Finde mehr heraus.\" \/>\n<meta name=\"robots\" content=\"index, follow, max-snippet:-1, max-image-preview:large, max-video-preview:-1\" \/>\n<link rel=\"canonical\" href=\"https:\/\/relaxsrl.com\/de\/wasserdichtheit-der-duschkabine\/\" \/>\n<meta property=\"og:locale\" content=\"de_DE\" \/>\n<meta property=\"og:type\" content=\"article\" \/>\n<meta property=\"og:title\" content=\"Wasserdichtheit der Duschkabine - Relax srl\" \/>\n<meta property=\"og:description\" content=\"Die Wasserdichtheit der Duschabtrennung h\u00e4ngt von der Stabilit\u00e4t und Zuverl\u00e4ssigkeit der Dichtungen ab, aus denen sie besteht. Finde mehr heraus.\" \/>\n<meta property=\"og:url\" content=\"https:\/\/relaxsrl.com\/de\/wasserdichtheit-der-duschkabine\/\" \/>\n<meta property=\"og:site_name\" content=\"Relax srl\" \/>\n<meta property=\"article:modified_time\" content=\"2022-11-18T10:19:20+00:00\" \/>\n<meta name=\"twitter:card\" content=\"summary_large_image\" \/>\n<meta name=\"twitter:label1\" content=\"Gesch\u00e4tzte Lesezeit\" \/>\n\t<meta name=\"twitter:data1\" content=\"2 Minuten\" \/>\n<script type=\"application\/ld+json\" class=\"yoast-schema-graph\">{\"@context\":\"https:\/\/schema.org\",\"@graph\":[{\"@type\":\"WebSite\",\"@id\":\"https:\/\/relaxsrl.com\/#website\",\"url\":\"https:\/\/relaxsrl.com\/\",\"name\":\"Relax srl\",\"description\":\"\",\"potentialAction\":[{\"@type\":\"SearchAction\",\"target\":{\"@type\":\"EntryPoint\",\"urlTemplate\":\"https:\/\/relaxsrl.com\/?s={search_term_string}\"},\"query-input\":\"required name=search_term_string\"}],\"inLanguage\":\"de-DE\"},{\"@type\":\"ImageObject\",\"inLanguage\":\"de-DE\",\"@id\":\"https:\/\/relaxsrl.com\/de\/wasserdichtheit-der-duschkabine\/#primaryimage\",\"url\":\"https:\/\/relaxsrl.com\/website\/wp-content\/uploads\/2022\/09\/Articoli-Blog-2.jpg\",\"contentUrl\":\"https:\/\/relaxsrl.com\/website\/wp-content\/uploads\/2022\/09\/Articoli-Blog-2.jpg\",\"width\":1500,\"height\":800},{\"@type\":\"WebPage\",\"@id\":\"https:\/\/relaxsrl.com\/de\/wasserdichtheit-der-duschkabine\/#webpage\",\"url\":\"https:\/\/relaxsrl.com\/de\/wasserdichtheit-der-duschkabine\/\",\"name\":\"Wasserdichtheit der Duschkabine - Relax srl\",\"isPartOf\":{\"@id\":\"https:\/\/relaxsrl.com\/#website\"},\"primaryImageOfPage\":{\"@id\":\"https:\/\/relaxsrl.com\/de\/wasserdichtheit-der-duschkabine\/#primaryimage\"},\"datePublished\":\"2022-08-12T09:53:40+00:00\",\"dateModified\":\"2022-11-18T10:19:20+00:00\",\"description\":\"Die Wasserdichtheit der Duschabtrennung h\u00e4ngt von der Stabilit\u00e4t und Zuverl\u00e4ssigkeit der Dichtungen ab, aus denen sie besteht. Finde mehr heraus.\",\"breadcrumb\":{\"@id\":\"https:\/\/relaxsrl.com\/de\/wasserdichtheit-der-duschkabine\/#breadcrumb\"},\"inLanguage\":\"de-DE\",\"potentialAction\":[{\"@type\":\"ReadAction\",\"target\":[\"https:\/\/relaxsrl.com\/de\/wasserdichtheit-der-duschkabine\/\"]}]},{\"@type\":\"BreadcrumbList\",\"@id\":\"https:\/\/relaxsrl.com\/de\/wasserdichtheit-der-duschkabine\/#breadcrumb\",\"itemListElement\":[{\"@type\":\"ListItem\",\"position\":1,\"name\":\"Wasserdichtheit der Duschkabine\"}]}]}<\/script>\n<!-- \/ Yoast SEO Premium plugin. -->","yoast_head_json":{"title":"Wasserdichtheit der Duschkabine - Relax srl","description":"Die Wasserdichtheit der Duschabtrennung h\u00e4ngt von der Stabilit\u00e4t und Zuverl\u00e4ssigkeit der Dichtungen ab, aus denen sie besteht. Finde mehr heraus.","robots":{"index":"index","follow":"follow","max-snippet":"max-snippet:-1","max-image-preview":"max-image-preview:large","max-video-preview":"max-video-preview:-1"},"canonical":"https:\/\/relaxsrl.com\/de\/wasserdichtheit-der-duschkabine\/","og_locale":"de_DE","og_type":"article","og_title":"Wasserdichtheit der Duschkabine - Relax srl","og_description":"Die Wasserdichtheit der Duschabtrennung h\u00e4ngt von der Stabilit\u00e4t und Zuverl\u00e4ssigkeit der Dichtungen ab, aus denen sie besteht. Finde mehr heraus.","og_url":"https:\/\/relaxsrl.com\/de\/wasserdichtheit-der-duschkabine\/","og_site_name":"Relax srl","article_modified_time":"2022-11-18T10:19:20+00:00","twitter_card":"summary_large_image","twitter_misc":{"Gesch\u00e4tzte Lesezeit":"2 Minuten"},"schema":{"@context":"https:\/\/schema.org","@graph":[{"@type":"WebSite","@id":"https:\/\/relaxsrl.com\/#website","url":"https:\/\/relaxsrl.com\/","name":"Relax srl","description":"","potentialAction":[{"@type":"SearchAction","target":{"@type":"EntryPoint","urlTemplate":"https:\/\/relaxsrl.com\/?s={search_term_string}"},"query-input":"required name=search_term_string"}],"inLanguage":"de-DE"},{"@type":"ImageObject","inLanguage":"de-DE","@id":"https:\/\/relaxsrl.com\/de\/wasserdichtheit-der-duschkabine\/#primaryimage","url":"https:\/\/relaxsrl.com\/website\/wp-content\/uploads\/2022\/09\/Articoli-Blog-2.jpg","contentUrl":"https:\/\/relaxsrl.com\/website\/wp-content\/uploads\/2022\/09\/Articoli-Blog-2.jpg","width":1500,"height":800},{"@type":"WebPage","@id":"https:\/\/relaxsrl.com\/de\/wasserdichtheit-der-duschkabine\/#webpage","url":"https:\/\/relaxsrl.com\/de\/wasserdichtheit-der-duschkabine\/","name":"Wasserdichtheit der Duschkabine - Relax srl","isPartOf":{"@id":"https:\/\/relaxsrl.com\/#website"},"primaryImageOfPage":{"@id":"https:\/\/relaxsrl.com\/de\/wasserdichtheit-der-duschkabine\/#primaryimage"},"datePublished":"2022-08-12T09:53:40+00:00","dateModified":"2022-11-18T10:19:20+00:00","description":"Die Wasserdichtheit der Duschabtrennung h\u00e4ngt von der Stabilit\u00e4t und Zuverl\u00e4ssigkeit der Dichtungen ab, aus denen sie besteht. Finde mehr heraus.","breadcrumb":{"@id":"https:\/\/relaxsrl.com\/de\/wasserdichtheit-der-duschkabine\/#breadcrumb"},"inLanguage":"de-DE","potentialAction":[{"@type":"ReadAction","target":["https:\/\/relaxsrl.com\/de\/wasserdichtheit-der-duschkabine\/"]}]},{"@type":"BreadcrumbList","@id":"https:\/\/relaxsrl.com\/de\/wasserdichtheit-der-duschkabine\/#breadcrumb","itemListElement":[{"@type":"ListItem","position":1,"name":"Wasserdichtheit der Duschkabine"}]}]}},"_links":{"self":[{"href":"https:\/\/relaxsrl.com\/de\/wp-json\/wp\/v2\/pages\/23162"}],"collection":[{"href":"https:\/\/relaxsrl.com\/de\/wp-json\/wp\/v2\/pages"}],"about":[{"href":"https:\/\/relaxsrl.com\/de\/wp-json\/wp\/v2\/types\/page"}],"author":[{"embeddable":true,"href":"https:\/\/relaxsrl.com\/de\/wp-json\/wp\/v2\/users\/3"}],"replies":[{"embeddable":true,"href":"https:\/\/relaxsrl.com\/de\/wp-json\/wp\/v2\/comments?post=23162"}],"version-history":[{"count":4,"href":"https:\/\/relaxsrl.com\/de\/wp-json\/wp\/v2\/pages\/23162\/revisions"}],"predecessor-version":[{"id":24600,"href":"https:\/\/relaxsrl.com\/de\/wp-json\/wp\/v2\/pages\/23162\/revisions\/24600"}],"wp:featuredmedia":[{"embeddable":true,"href":"https:\/\/relaxsrl.com\/de\/wp-json\/wp\/v2\/media\/23819"}],"wp:attachment":[{"href":"https:\/\/relaxsrl.com\/de\/wp-json\/wp\/v2\/media?parent=23162"}],"curies":[{"name":"wp","href":"https:\/\/api.w.org\/{rel}","templated":true}]}}