{"id":26622,"date":"2023-02-27T15:28:42","date_gmt":"2023-02-27T14:28:42","guid":{"rendered":"https:\/\/relaxsrl.com\/produkte\/kollektionen\/saia\/"},"modified":"2023-04-07T17:06:43","modified_gmt":"2023-04-07T15:06:43","slug":"saia","status":"publish","type":"page","link":"https:\/\/relaxsrl.com\/de\/produkte\/kollektionen-2\/saia\/","title":{"rendered":"Saia"},"content":{"rendered":"<p>[vc_row full_width=&#8220;stretch_row&#8220; equal_height=&#8220;yes&#8220; el_class=&#8220;row-header-collezione-prodotti&#8220; css=&#8220;.vc_custom_1680682289872{background-image: url(https:\/\/relaxsrl.com\/website\/wp-content\/uploads\/2023\/02\/Fondini_ultimate3-1.jpg?id=26764) !important;}&#8220;][vc_column width=&#8220;1\/2&#8243; el_class=&#8220;col-sx-header-collezione-prodotti&#8220;][vc_column_text el_class=&#8220;header-collezione-prodotti-txt&#8220;]<\/p>\n<h1>Saia, Duschwannen mit zentralem Ablauf<\/h1>\n<p>Saia Duschwannen bestehen aus Mineralharzen und Gel Coat, einem rutschfesten und antibakteriellen Material, das ihre Unversehrtheit und ihr Aussehen \u00fcber die Zeit gew\u00e4hrleistet. Sie zeichnen sich durch den typischen zentralen Ablauf aus, der \u00fcbersch\u00fcssiges Wasser schnell abf\u00fchrt.[\/vc_column_text][\/vc_column][vc_column width=&#8220;1\/2&#8243; el_class=&#8220;col-dx-header-collezione-prodotti&#8220;][vc_single_image image=&#8220;27832&#8243; img_size=&#8220;full&#8220; alignment=&#8220;center&#8220; el_class=&#8220;row-header-prodotto-img&#8220;][\/vc_column][\/vc_row][vc_row el_class=&#8220;row-path&#8220;][vc_column][vc_column_text][\/vc_column_text][\/vc_column][\/vc_row][vc_row][vc_column]<div class=\"woocommerce columns-4 \"><ul class=\"products columns-4\">\n<li class=\"product type-product post-26543 status-publish first instock product_cat-piatti-doccia-e-pareti-de product_cat-receveurs-et-parois-de-douche product_cat-saia-en product_cat-saia-fr product_cat-saia-de product_cat-saia-ru product_cat-shower-trays-and-walls product_cat-tipologia-prodotto-de product_cat-tipologia-prodotto-en product_cat-type-de-produit product_cat-1651 product_cat-1617 has-post-thumbnail shipping-taxable product-type-simple\">\n\t<div class=\"woocommerce-loop-product__short_description\" itemprop=\"description\"><a href=\"https:\/\/relaxsrl.com\/de\/produkt\/saia-de\/\" class=\"woocommerce-LoopProduct-link woocommerce-loop-product__link\"><p>Gel Coat Duschwanne, rutschfest und antibakteriell mit zentralem Ablauf.<\/p>\n<\/a><\/div><\/li>\n<\/ul>\n<\/div>[\/vc_column][\/vc_row]<\/p>\n","protected":false},"excerpt":{"rendered":"<p>[vc_row full_width=&#8220;stretch_row&#8220; equal_height=&#8220;yes&#8220; el_class=&#8220;row-header-collezione-prodotti&#8220; css=&#8220;.vc_custom_1680682289872{background-image: url(https:\/\/relaxsrl.com\/website\/wp-content\/uploads\/2023\/02\/Fondini_ultimate3-1.jpg?id=26764) !important;}&#8220;][vc_column width=&#8220;1\/2&#8243; el_class=&#8220;col-sx-header-collezione-prodotti&#8220;][vc_column_text el_class=&#8220;header-collezione-prodotti-txt&#8220;] Saia, Duschwannen mit zentralem Ablauf Saia Duschwannen bestehen aus Mineralharzen und Gel Coat, einem rutschfesten und antibakteriellen Material, das ihre Unversehrtheit und ihr Aussehen \u00fcber die Zeit gew\u00e4hrleistet. Sie zeichnen sich durch den typischen zentralen Ablauf aus, der \u00fcbersch\u00fcssiges Wasser schnell abf\u00fchrt.[\/vc_column_text][\/vc_column][vc_column width=&#8220;1\/2&#8243; el_class=&#8220;col-dx-header-collezione-prodotti&#8220;][vc_single_image image=&#8220;27832&#8243; [&hellip;]<\/p>\n","protected":false},"author":3,"featured_media":27832,"parent":32052,"menu_order":0,"comment_status":"closed","ping_status":"closed","template":"","meta":[],"acf":[],"yoast_head":"<!-- This site is optimized with the Yoast SEO Premium plugin v18.4 (Yoast SEO v18.8) - https:\/\/yoast.com\/wordpress\/plugins\/seo\/ -->\n<title>Saia - Relax srl<\/title>\n<meta name=\"description\" content=\"Saia Duschwannen mit Mineralharzen und Gel Coat zeichnen sich durch den typischen Mittelablauf aus. Finde mehr heraus.\" \/>\n<meta name=\"robots\" content=\"index, follow, max-snippet:-1, max-image-preview:large, max-video-preview:-1\" \/>\n<link rel=\"canonical\" href=\"https:\/\/relaxsrl.com\/de\/produkte\/kollektionen-2\/saia\/\" \/>\n<meta property=\"og:locale\" content=\"de_DE\" \/>\n<meta property=\"og:type\" content=\"article\" \/>\n<meta property=\"og:title\" content=\"Saia - Relax srl\" \/>\n<meta property=\"og:description\" content=\"Saia Duschwannen mit Mineralharzen und Gel Coat zeichnen sich durch den typischen Mittelablauf aus. Finde mehr heraus.\" \/>\n<meta property=\"og:url\" content=\"https:\/\/relaxsrl.com\/de\/produkte\/kollektionen-2\/saia\/\" \/>\n<meta property=\"og:site_name\" content=\"Relax srl\" \/>\n<meta property=\"article:modified_time\" content=\"2023-04-07T15:06:43+00:00\" \/>\n<meta property=\"og:image\" content=\"https:\/\/relaxsrl.com\/website\/wp-content\/uploads\/2023\/02\/SAIA_1.jpg\" \/>\n\t<meta property=\"og:image:width\" content=\"800\" \/>\n\t<meta property=\"og:image:height\" content=\"1100\" \/>\n\t<meta property=\"og:image:type\" content=\"image\/jpeg\" \/>\n<meta name=\"twitter:card\" content=\"summary_large_image\" \/>\n<meta name=\"twitter:label1\" content=\"Gesch\u00e4tzte Lesezeit\" \/>\n\t<meta name=\"twitter:data1\" content=\"1 Minute\" \/>\n<script type=\"application\/ld+json\" class=\"yoast-schema-graph\">{\"@context\":\"https:\/\/schema.org\",\"@graph\":[{\"@type\":\"WebSite\",\"@id\":\"https:\/\/relaxsrl.com\/#website\",\"url\":\"https:\/\/relaxsrl.com\/\",\"name\":\"Relax srl\",\"description\":\"\",\"potentialAction\":[{\"@type\":\"SearchAction\",\"target\":{\"@type\":\"EntryPoint\",\"urlTemplate\":\"https:\/\/relaxsrl.com\/?s={search_term_string}\"},\"query-input\":\"required name=search_term_string\"}],\"inLanguage\":\"de-DE\"},{\"@type\":\"ImageObject\",\"inLanguage\":\"de-DE\",\"@id\":\"https:\/\/relaxsrl.com\/de\/produkte\/kollektionen-2\/saia\/#primaryimage\",\"url\":\"https:\/\/relaxsrl.com\/website\/wp-content\/uploads\/2023\/02\/SAIA_1.jpg\",\"contentUrl\":\"https:\/\/relaxsrl.com\/website\/wp-content\/uploads\/2023\/02\/SAIA_1.jpg\",\"width\":800,\"height\":1100},{\"@type\":\"WebPage\",\"@id\":\"https:\/\/relaxsrl.com\/de\/produkte\/kollektionen-2\/saia\/#webpage\",\"url\":\"https:\/\/relaxsrl.com\/de\/produkte\/kollektionen-2\/saia\/\",\"name\":\"Saia - Relax srl\",\"isPartOf\":{\"@id\":\"https:\/\/relaxsrl.com\/#website\"},\"primaryImageOfPage\":{\"@id\":\"https:\/\/relaxsrl.com\/de\/produkte\/kollektionen-2\/saia\/#primaryimage\"},\"datePublished\":\"2023-02-27T14:28:42+00:00\",\"dateModified\":\"2023-04-07T15:06:43+00:00\",\"description\":\"Saia Duschwannen mit Mineralharzen und Gel Coat zeichnen sich durch den typischen Mittelablauf aus. Finde mehr heraus.\",\"breadcrumb\":{\"@id\":\"https:\/\/relaxsrl.com\/de\/produkte\/kollektionen-2\/saia\/#breadcrumb\"},\"inLanguage\":\"de-DE\",\"potentialAction\":[{\"@type\":\"ReadAction\",\"target\":[\"https:\/\/relaxsrl.com\/de\/produkte\/kollektionen-2\/saia\/\"]}]},{\"@type\":\"BreadcrumbList\",\"@id\":\"https:\/\/relaxsrl.com\/de\/produkte\/kollektionen-2\/saia\/#breadcrumb\",\"itemListElement\":[{\"@type\":\"ListItem\",\"position\":1,\"name\":\"Produkte\",\"item\":\"https:\/\/relaxsrl.com\/de\/produkte\/\"},{\"@type\":\"ListItem\",\"position\":2,\"name\":\"Kollektionen\",\"item\":\"https:\/\/relaxsrl.com\/de\/produkte\/kollektionen-old-non-usare\/\"},{\"@type\":\"ListItem\",\"position\":3,\"name\":\"Saia\"}]}]}<\/script>\n<!-- \/ Yoast SEO Premium plugin. -->","yoast_head_json":{"title":"Saia - Relax srl","description":"Saia Duschwannen mit Mineralharzen und Gel Coat zeichnen sich durch den typischen Mittelablauf aus. Finde mehr heraus.","robots":{"index":"index","follow":"follow","max-snippet":"max-snippet:-1","max-image-preview":"max-image-preview:large","max-video-preview":"max-video-preview:-1"},"canonical":"https:\/\/relaxsrl.com\/de\/produkte\/kollektionen-2\/saia\/","og_locale":"de_DE","og_type":"article","og_title":"Saia - Relax srl","og_description":"Saia Duschwannen mit Mineralharzen und Gel Coat zeichnen sich durch den typischen Mittelablauf aus. Finde mehr heraus.","og_url":"https:\/\/relaxsrl.com\/de\/produkte\/kollektionen-2\/saia\/","og_site_name":"Relax srl","article_modified_time":"2023-04-07T15:06:43+00:00","og_image":[{"width":800,"height":1100,"url":"https:\/\/relaxsrl.com\/website\/wp-content\/uploads\/2023\/02\/SAIA_1.jpg","type":"image\/jpeg"}],"twitter_card":"summary_large_image","twitter_misc":{"Gesch\u00e4tzte Lesezeit":"1 Minute"},"schema":{"@context":"https:\/\/schema.org","@graph":[{"@type":"WebSite","@id":"https:\/\/relaxsrl.com\/#website","url":"https:\/\/relaxsrl.com\/","name":"Relax srl","description":"","potentialAction":[{"@type":"SearchAction","target":{"@type":"EntryPoint","urlTemplate":"https:\/\/relaxsrl.com\/?s={search_term_string}"},"query-input":"required name=search_term_string"}],"inLanguage":"de-DE"},{"@type":"ImageObject","inLanguage":"de-DE","@id":"https:\/\/relaxsrl.com\/de\/produkte\/kollektionen-2\/saia\/#primaryimage","url":"https:\/\/relaxsrl.com\/website\/wp-content\/uploads\/2023\/02\/SAIA_1.jpg","contentUrl":"https:\/\/relaxsrl.com\/website\/wp-content\/uploads\/2023\/02\/SAIA_1.jpg","width":800,"height":1100},{"@type":"WebPage","@id":"https:\/\/relaxsrl.com\/de\/produkte\/kollektionen-2\/saia\/#webpage","url":"https:\/\/relaxsrl.com\/de\/produkte\/kollektionen-2\/saia\/","name":"Saia - Relax srl","isPartOf":{"@id":"https:\/\/relaxsrl.com\/#website"},"primaryImageOfPage":{"@id":"https:\/\/relaxsrl.com\/de\/produkte\/kollektionen-2\/saia\/#primaryimage"},"datePublished":"2023-02-27T14:28:42+00:00","dateModified":"2023-04-07T15:06:43+00:00","description":"Saia Duschwannen mit Mineralharzen und Gel Coat zeichnen sich durch den typischen Mittelablauf aus. Finde mehr heraus.","breadcrumb":{"@id":"https:\/\/relaxsrl.com\/de\/produkte\/kollektionen-2\/saia\/#breadcrumb"},"inLanguage":"de-DE","potentialAction":[{"@type":"ReadAction","target":["https:\/\/relaxsrl.com\/de\/produkte\/kollektionen-2\/saia\/"]}]},{"@type":"BreadcrumbList","@id":"https:\/\/relaxsrl.com\/de\/produkte\/kollektionen-2\/saia\/#breadcrumb","itemListElement":[{"@type":"ListItem","position":1,"name":"Produkte","item":"https:\/\/relaxsrl.com\/de\/produkte\/"},{"@type":"ListItem","position":2,"name":"Kollektionen","item":"https:\/\/relaxsrl.com\/de\/produkte\/kollektionen-old-non-usare\/"},{"@type":"ListItem","position":3,"name":"Saia"}]}]}},"_links":{"self":[{"href":"https:\/\/relaxsrl.com\/de\/wp-json\/wp\/v2\/pages\/26622"}],"collection":[{"href":"https:\/\/relaxsrl.com\/de\/wp-json\/wp\/v2\/pages"}],"about":[{"href":"https:\/\/relaxsrl.com\/de\/wp-json\/wp\/v2\/types\/page"}],"author":[{"embeddable":true,"href":"https:\/\/relaxsrl.com\/de\/wp-json\/wp\/v2\/users\/3"}],"replies":[{"embeddable":true,"href":"https:\/\/relaxsrl.com\/de\/wp-json\/wp\/v2\/comments?post=26622"}],"version-history":[{"count":9,"href":"https:\/\/relaxsrl.com\/de\/wp-json\/wp\/v2\/pages\/26622\/revisions"}],"predecessor-version":[{"id":27866,"href":"https:\/\/relaxsrl.com\/de\/wp-json\/wp\/v2\/pages\/26622\/revisions\/27866"}],"up":[{"embeddable":true,"href":"https:\/\/relaxsrl.com\/de\/wp-json\/wp\/v2\/pages\/32052"}],"wp:featuredmedia":[{"embeddable":true,"href":"https:\/\/relaxsrl.com\/de\/wp-json\/wp\/v2\/media\/27832"}],"wp:attachment":[{"href":"https:\/\/relaxsrl.com\/de\/wp-json\/wp\/v2\/media?parent=26622"}],"curies":[{"name":"wp","href":"https:\/\/api.w.org\/{rel}","templated":true}]}}