{"id":26656,"date":"2023-02-27T16:37:38","date_gmt":"2023-02-27T15:37:38","guid":{"rendered":"https:\/\/relaxsrl.com\/produkte\/kollektionen\/calamo\/"},"modified":"2024-01-31T08:42:21","modified_gmt":"2024-01-31T07:42:21","slug":"calamo","status":"publish","type":"page","link":"https:\/\/relaxsrl.com\/de\/produkte\/kollektionen-2\/calamo\/","title":{"rendered":"Calamo"},"content":{"rendered":"<p>[vc_row full_width=&#8220;stretch_row&#8220; equal_height=&#8220;yes&#8220; el_class=&#8220;row-header-collezione-prodotti&#8220; css=&#8220;.vc_custom_1704881882509{background-image: url(https:\/\/relaxsrl.com\/website\/wp-content\/uploads\/2024\/01\/collezione-calamo-2.jpg?id=29567) !important;}&#8220;][vc_column width=&#8220;1\/2&#8243; el_class=&#8220;col-sx-header-collezione-prodotti&#8220;][vc_column_text el_class=&#8220;header-collezione-prodotti-txt&#8220;]<\/p>\n<h1>Calamo, die hochinnovative minimalistische Duschabtrennung<\/h1>\n<p>Die Duschabtrennungen der Calamo-Kollektion zeichnen sich durch ihren Minimalismus aus, der sich durch schlichte Linien und modernes Design auszeichnet. Dank der d\u00fcnnen Profile garantiert die Calamo-Kollektion unvergleichliche Transparenz und Helligkeit und schafft eine Atmosph\u00e4re der Leichtigkeit und Entspannung im Badezimmer. Mit der mikrometrischen Verstellung der Lager geh\u00f6rt sie zu den innovativsten Duschabtrennungen.[\/vc_column_text][\/vc_column][vc_column width=&#8220;1\/2&#8243; el_class=&#8220;col-dx-header-collezione-prodotti&#8220;][vc_single_image image=&#8220;29881&#8243; img_size=&#8220;full&#8220; alignment=&#8220;center&#8220; el_class=&#8220;row-header-prodotto-img&#8220;][\/vc_column][\/vc_row][vc_row el_class=&#8220;row-path&#8220;][vc_column][vc_column_text][\/vc_column_text][\/vc_column][\/vc_row][vc_row][vc_column]<div class=\"woocommerce columns-4 \"><ul class=\"products columns-4\">\n<li class=\"product type-product post-26790 status-publish first instock product_cat-angolare-de product_cat-angolare-en product_cat-angulaire product_cat-box-doccia-en product_cat-box-doccia-de product_cat-box-doccia-lineare product_cat-cabine-de-douche product_cat-guide-de-selection-cabine-de-douche-lineaire product_cat-calamo-ru product_cat-calamo-en product_cat-calamo-fr product_cat-calamo-de product_cat-angulaire-coulissante product_cat-selection-guide-linear-shower-enclosures product_cat-nicchia-de-2 product_cat-guide-de-selection-niche product_cat-selection-guide-niche product_cat-non-classe product_cat-scorrevole-de product_cat-senza-categoria-de product_cat-angular-sliding product_cat-tipologia-prodotto-de product_cat-tipologia-prodotto-en product_cat-type-de-produit product_cat-without-category product_cat-1616 product_cat-1618 product_cat-1601 product_cat-1607 product_cat-1632 product_cat-1617 product_cat-1626 has-post-thumbnail shipping-taxable product-type-simple\">\n\t<div class=\"woocommerce-loop-product__short_description\" itemprop=\"description\"><a href=\"https:\/\/relaxsrl.com\/de\/produkt\/calamo-a-a\/\" class=\"woocommerce-LoopProduct-link woocommerce-loop-product__link\"><p>Duschabtrennung mit doppelter Eckschiebet\u00fcr.<\/p>\n<\/a><\/div><\/li>\n<li class=\"product type-product post-26791 status-publish instock product_cat-box-doccia-en product_cat-box-doccia-de product_cat-box-doccia-lineare product_cat-cabine-de-douche product_cat-guide-de-selection-cabine-de-douche-lineaire product_cat-calamo-ru product_cat-calamo-en product_cat-calamo-fr product_cat-calamo-de product_cat-niche-coulissante product_cat-selection-guide-linear-shower-enclosures product_cat-nicchia-de product_cat-nicchia-de-2 product_cat-niche-fr product_cat-selection-guide-niche product_cat-guide-de-selection-niche product_cat-niche product_cat-non-classe product_cat-scorrevole-de-5 product_cat-senza-categoria-de product_cat-niche-sliding product_cat-tipologia-prodotto-de product_cat-tipologia-prodotto-en product_cat-type-de-produit product_cat-without-category product_cat-1616 product_cat-1618 product_cat-1601 product_cat-1607 product_cat-1637 product_cat-1639 product_cat-1617 has-post-thumbnail shipping-taxable product-type-simple\">\n\t<div class=\"woocommerce-loop-product__short_description\" itemprop=\"description\"><a href=\"https:\/\/relaxsrl.com\/de\/produkt\/calamo-sc1\/\" class=\"woocommerce-LoopProduct-link woocommerce-loop-product__link\"><p>Schiebet\u00fcr-Duschabtrennung in Nische.<\/p>\n<\/a><\/div><\/li>\n<li class=\"product type-product post-26792 status-publish instock product_cat-box-doccia-en product_cat-box-doccia-de product_cat-box-doccia-lineare product_cat-cabine-de-douche product_cat-guide-de-selection-cabine-de-douche-lineaire product_cat-calamo-de product_cat-calamo-ru product_cat-calamo-en product_cat-calamo-fr product_cat-niche-coulissante product_cat-selection-guide-linear-shower-enclosures product_cat-nicchia-de product_cat-nicchia-de-2 product_cat-niche-fr product_cat-selection-guide-niche product_cat-guide-de-selection-niche product_cat-niche product_cat-non-classe product_cat-scorrevole-de-5 product_cat-senza-categoria-de product_cat-niche-sliding product_cat-tipologia-prodotto-en product_cat-tipologia-prodotto-de product_cat-type-de-produit product_cat-without-category product_cat-1616 product_cat-1618 product_cat-1601 product_cat-1637 product_cat-1607 product_cat-1639 product_cat-1617 has-post-thumbnail shipping-taxable product-type-simple\">\n\t<div class=\"woocommerce-loop-product__short_description\" itemprop=\"description\"><a href=\"https:\/\/relaxsrl.com\/de\/produkt\/calamo-sc2\/\" class=\"woocommerce-LoopProduct-link woocommerce-loop-product__link\"><p>Duschabtrennung mit Doppelschiebet\u00fcr in Nische.<\/p>\n<\/a><\/div><\/li>\n<li class=\"product type-product post-26793 status-publish last instock product_cat-angolare-de product_cat-angolare-en product_cat-angulaire product_cat-box-doccia-en product_cat-box-doccia-de product_cat-box-doccia-lineare product_cat-cabine-de-douche product_cat-guide-de-selection-cabine-de-douche-lineaire product_cat-calamo-fr product_cat-calamo-de product_cat-calamo-ru product_cat-calamo-en product_cat-angulaire-coulissante product_cat-selection-guide-linear-shower-enclosures product_cat-non-classe product_cat-scorrevole-de product_cat-senza-categoria-de product_cat-angular-sliding product_cat-tipologia-prodotto-de product_cat-tipologia-prodotto-en product_cat-type-de-produit product_cat-without-category product_cat-1616 product_cat-1618 product_cat-1601 product_cat-1632 product_cat-1617 product_cat-1626 has-post-thumbnail shipping-taxable product-type-simple\">\n\t<div class=\"woocommerce-loop-product__short_description\" itemprop=\"description\"><a href=\"https:\/\/relaxsrl.com\/de\/produkt\/calamo-sf-f\/\" class=\"woocommerce-LoopProduct-link woocommerce-loop-product__link\"><p>Duschabtrennung mit Schiebet\u00fcr und feststehender Eckseite.<\/p>\n<\/a><\/div><\/li>\n<\/ul>\n<\/div>[\/vc_column][\/vc_row]<\/p>\n","protected":false},"excerpt":{"rendered":"<p>[vc_row full_width=&#8220;stretch_row&#8220; equal_height=&#8220;yes&#8220; el_class=&#8220;row-header-collezione-prodotti&#8220; css=&#8220;.vc_custom_1704881882509{background-image: url(https:\/\/relaxsrl.com\/website\/wp-content\/uploads\/2024\/01\/collezione-calamo-2.jpg?id=29567) !important;}&#8220;][vc_column width=&#8220;1\/2&#8243; el_class=&#8220;col-sx-header-collezione-prodotti&#8220;][vc_column_text el_class=&#8220;header-collezione-prodotti-txt&#8220;] Calamo, die hochinnovative minimalistische Duschabtrennung Die Duschabtrennungen der Calamo-Kollektion zeichnen sich durch ihren Minimalismus aus, der sich durch schlichte Linien und modernes Design auszeichnet. Dank der d\u00fcnnen Profile garantiert die Calamo-Kollektion unvergleichliche Transparenz und Helligkeit und schafft eine Atmosph\u00e4re der Leichtigkeit und Entspannung im Badezimmer. [&hellip;]<\/p>\n","protected":false},"author":3,"featured_media":29465,"parent":32052,"menu_order":0,"comment_status":"closed","ping_status":"closed","template":"","meta":[],"acf":[],"yoast_head":"<!-- This site is optimized with the Yoast SEO Premium plugin v18.4 (Yoast SEO v18.8) - https:\/\/yoast.com\/wordpress\/plugins\/seo\/ -->\n<title>Calamo - Relax srl<\/title>\n<meta name=\"description\" content=\"Die Duschabtrennungen der Calamo-Kollektion zeichnen sich durch ihr minimalistisches Design und ihre ausgepr\u00e4gte Innovation aus.\" \/>\n<meta name=\"robots\" content=\"index, follow, max-snippet:-1, max-image-preview:large, max-video-preview:-1\" \/>\n<link rel=\"canonical\" href=\"https:\/\/relaxsrl.com\/de\/produkte\/kollektionen-2\/calamo\/\" \/>\n<meta property=\"og:locale\" content=\"de_DE\" \/>\n<meta property=\"og:type\" content=\"article\" \/>\n<meta property=\"og:title\" content=\"Calamo - Relax srl\" \/>\n<meta property=\"og:description\" content=\"Die Duschabtrennungen der Calamo-Kollektion zeichnen sich durch ihr minimalistisches Design und ihre ausgepr\u00e4gte Innovation aus.\" \/>\n<meta property=\"og:url\" content=\"https:\/\/relaxsrl.com\/de\/produkte\/kollektionen-2\/calamo\/\" \/>\n<meta property=\"og:site_name\" content=\"Relax srl\" \/>\n<meta property=\"article:modified_time\" content=\"2024-01-31T07:42:21+00:00\" \/>\n<meta property=\"og:image\" content=\"https:\/\/relaxsrl.com\/website\/wp-content\/uploads\/2024\/01\/Calamo_800x1100.jpg\" \/>\n\t<meta property=\"og:image:width\" content=\"800\" \/>\n\t<meta property=\"og:image:height\" content=\"1100\" \/>\n\t<meta property=\"og:image:type\" content=\"image\/jpeg\" \/>\n<meta name=\"twitter:card\" content=\"summary_large_image\" \/>\n<meta name=\"twitter:label1\" content=\"Gesch\u00e4tzte Lesezeit\" \/>\n\t<meta name=\"twitter:data1\" content=\"1 Minute\" \/>\n<script type=\"application\/ld+json\" class=\"yoast-schema-graph\">{\"@context\":\"https:\/\/schema.org\",\"@graph\":[{\"@type\":\"WebSite\",\"@id\":\"https:\/\/relaxsrl.com\/#website\",\"url\":\"https:\/\/relaxsrl.com\/\",\"name\":\"Relax srl\",\"description\":\"\",\"potentialAction\":[{\"@type\":\"SearchAction\",\"target\":{\"@type\":\"EntryPoint\",\"urlTemplate\":\"https:\/\/relaxsrl.com\/?s={search_term_string}\"},\"query-input\":\"required name=search_term_string\"}],\"inLanguage\":\"de-DE\"},{\"@type\":\"ImageObject\",\"inLanguage\":\"de-DE\",\"@id\":\"https:\/\/relaxsrl.com\/de\/produkte\/kollektionen-2\/calamo\/#primaryimage\",\"url\":\"https:\/\/relaxsrl.com\/website\/wp-content\/uploads\/2024\/01\/Calamo_800x1100.jpg\",\"contentUrl\":\"https:\/\/relaxsrl.com\/website\/wp-content\/uploads\/2024\/01\/Calamo_800x1100.jpg\",\"width\":800,\"height\":1100},{\"@type\":\"WebPage\",\"@id\":\"https:\/\/relaxsrl.com\/de\/produkte\/kollektionen-2\/calamo\/#webpage\",\"url\":\"https:\/\/relaxsrl.com\/de\/produkte\/kollektionen-2\/calamo\/\",\"name\":\"Calamo - Relax srl\",\"isPartOf\":{\"@id\":\"https:\/\/relaxsrl.com\/#website\"},\"primaryImageOfPage\":{\"@id\":\"https:\/\/relaxsrl.com\/de\/produkte\/kollektionen-2\/calamo\/#primaryimage\"},\"datePublished\":\"2023-02-27T15:37:38+00:00\",\"dateModified\":\"2024-01-31T07:42:21+00:00\",\"description\":\"Die Duschabtrennungen der Calamo-Kollektion zeichnen sich durch ihr minimalistisches Design und ihre ausgepr\u00e4gte Innovation aus.\",\"breadcrumb\":{\"@id\":\"https:\/\/relaxsrl.com\/de\/produkte\/kollektionen-2\/calamo\/#breadcrumb\"},\"inLanguage\":\"de-DE\",\"potentialAction\":[{\"@type\":\"ReadAction\",\"target\":[\"https:\/\/relaxsrl.com\/de\/produkte\/kollektionen-2\/calamo\/\"]}]},{\"@type\":\"BreadcrumbList\",\"@id\":\"https:\/\/relaxsrl.com\/de\/produkte\/kollektionen-2\/calamo\/#breadcrumb\",\"itemListElement\":[{\"@type\":\"ListItem\",\"position\":1,\"name\":\"Produkte\",\"item\":\"https:\/\/relaxsrl.com\/de\/produkte\/\"},{\"@type\":\"ListItem\",\"position\":2,\"name\":\"Kollektionen\",\"item\":\"https:\/\/relaxsrl.com\/de\/produkte\/kollektionen-old-non-usare\/\"},{\"@type\":\"ListItem\",\"position\":3,\"name\":\"Calamo\"}]}]}<\/script>\n<!-- \/ Yoast SEO Premium plugin. -->","yoast_head_json":{"title":"Calamo - Relax srl","description":"Die Duschabtrennungen der Calamo-Kollektion zeichnen sich durch ihr minimalistisches Design und ihre ausgepr\u00e4gte Innovation aus.","robots":{"index":"index","follow":"follow","max-snippet":"max-snippet:-1","max-image-preview":"max-image-preview:large","max-video-preview":"max-video-preview:-1"},"canonical":"https:\/\/relaxsrl.com\/de\/produkte\/kollektionen-2\/calamo\/","og_locale":"de_DE","og_type":"article","og_title":"Calamo - Relax srl","og_description":"Die Duschabtrennungen der Calamo-Kollektion zeichnen sich durch ihr minimalistisches Design und ihre ausgepr\u00e4gte Innovation aus.","og_url":"https:\/\/relaxsrl.com\/de\/produkte\/kollektionen-2\/calamo\/","og_site_name":"Relax srl","article_modified_time":"2024-01-31T07:42:21+00:00","og_image":[{"width":800,"height":1100,"url":"https:\/\/relaxsrl.com\/website\/wp-content\/uploads\/2024\/01\/Calamo_800x1100.jpg","type":"image\/jpeg"}],"twitter_card":"summary_large_image","twitter_misc":{"Gesch\u00e4tzte Lesezeit":"1 Minute"},"schema":{"@context":"https:\/\/schema.org","@graph":[{"@type":"WebSite","@id":"https:\/\/relaxsrl.com\/#website","url":"https:\/\/relaxsrl.com\/","name":"Relax srl","description":"","potentialAction":[{"@type":"SearchAction","target":{"@type":"EntryPoint","urlTemplate":"https:\/\/relaxsrl.com\/?s={search_term_string}"},"query-input":"required name=search_term_string"}],"inLanguage":"de-DE"},{"@type":"ImageObject","inLanguage":"de-DE","@id":"https:\/\/relaxsrl.com\/de\/produkte\/kollektionen-2\/calamo\/#primaryimage","url":"https:\/\/relaxsrl.com\/website\/wp-content\/uploads\/2024\/01\/Calamo_800x1100.jpg","contentUrl":"https:\/\/relaxsrl.com\/website\/wp-content\/uploads\/2024\/01\/Calamo_800x1100.jpg","width":800,"height":1100},{"@type":"WebPage","@id":"https:\/\/relaxsrl.com\/de\/produkte\/kollektionen-2\/calamo\/#webpage","url":"https:\/\/relaxsrl.com\/de\/produkte\/kollektionen-2\/calamo\/","name":"Calamo - Relax srl","isPartOf":{"@id":"https:\/\/relaxsrl.com\/#website"},"primaryImageOfPage":{"@id":"https:\/\/relaxsrl.com\/de\/produkte\/kollektionen-2\/calamo\/#primaryimage"},"datePublished":"2023-02-27T15:37:38+00:00","dateModified":"2024-01-31T07:42:21+00:00","description":"Die Duschabtrennungen der Calamo-Kollektion zeichnen sich durch ihr minimalistisches Design und ihre ausgepr\u00e4gte Innovation aus.","breadcrumb":{"@id":"https:\/\/relaxsrl.com\/de\/produkte\/kollektionen-2\/calamo\/#breadcrumb"},"inLanguage":"de-DE","potentialAction":[{"@type":"ReadAction","target":["https:\/\/relaxsrl.com\/de\/produkte\/kollektionen-2\/calamo\/"]}]},{"@type":"BreadcrumbList","@id":"https:\/\/relaxsrl.com\/de\/produkte\/kollektionen-2\/calamo\/#breadcrumb","itemListElement":[{"@type":"ListItem","position":1,"name":"Produkte","item":"https:\/\/relaxsrl.com\/de\/produkte\/"},{"@type":"ListItem","position":2,"name":"Kollektionen","item":"https:\/\/relaxsrl.com\/de\/produkte\/kollektionen-old-non-usare\/"},{"@type":"ListItem","position":3,"name":"Calamo"}]}]}},"_links":{"self":[{"href":"https:\/\/relaxsrl.com\/de\/wp-json\/wp\/v2\/pages\/26656"}],"collection":[{"href":"https:\/\/relaxsrl.com\/de\/wp-json\/wp\/v2\/pages"}],"about":[{"href":"https:\/\/relaxsrl.com\/de\/wp-json\/wp\/v2\/types\/page"}],"author":[{"embeddable":true,"href":"https:\/\/relaxsrl.com\/de\/wp-json\/wp\/v2\/users\/3"}],"replies":[{"embeddable":true,"href":"https:\/\/relaxsrl.com\/de\/wp-json\/wp\/v2\/comments?post=26656"}],"version-history":[{"count":6,"href":"https:\/\/relaxsrl.com\/de\/wp-json\/wp\/v2\/pages\/26656\/revisions"}],"predecessor-version":[{"id":29886,"href":"https:\/\/relaxsrl.com\/de\/wp-json\/wp\/v2\/pages\/26656\/revisions\/29886"}],"up":[{"embeddable":true,"href":"https:\/\/relaxsrl.com\/de\/wp-json\/wp\/v2\/pages\/32052"}],"wp:featuredmedia":[{"embeddable":true,"href":"https:\/\/relaxsrl.com\/de\/wp-json\/wp\/v2\/media\/29465"}],"wp:attachment":[{"href":"https:\/\/relaxsrl.com\/de\/wp-json\/wp\/v2\/media?parent=26656"}],"curies":[{"name":"wp","href":"https:\/\/api.w.org\/{rel}","templated":true}]}}