{"id":26659,"date":"2023-02-27T17:16:57","date_gmt":"2023-02-27T16:16:57","guid":{"rendered":"https:\/\/relaxsrl.com\/produkte\/kollektionen\/silente\/"},"modified":"2024-01-30T11:20:43","modified_gmt":"2024-01-30T10:20:43","slug":"infinito","status":"publish","type":"page","link":"https:\/\/relaxsrl.com\/de\/produkte\/kollektionen-2\/infinito\/","title":{"rendered":"Infinito"},"content":{"rendered":"<p>[vc_row full_width=&#8220;stretch_row&#8220; equal_height=&#8220;yes&#8220; el_class=&#8220;row-header-collezione-prodotti&#8220; css=&#8220;.vc_custom_1704884228378{background-image: url(https:\/\/relaxsrl.com\/website\/wp-content\/uploads\/2024\/01\/collezione-silente.jpg?id=29585) !important;}&#8220;][vc_column width=&#8220;1\/2&#8243; el_class=&#8220;col-sx-header-collezione-prodotti&#8220;][vc_column_text el_class=&#8220;header-collezione-prodotti-txt&#8220;]<\/p>\n<h1>Infinito, die erste Duschkabine mit Magnetschwebebahn<\/h1>\n<p>Die innovative Duschabtrennung zeichnet sich dadurch aus, dass sie als erste \u00fcberhaupt mit einer magnetischen \u00d6ffnung ausgestattet ist. Dank seiner fortschrittlichen Technologie garantiert Infinito ein v\u00f6llig revolution\u00e4res Duscherlebnis, das Ihnen einen Moment der Entspannung und Ruhe erm\u00f6glicht.[\/vc_column_text][\/vc_column][vc_column width=&#8220;1\/2&#8243; el_class=&#8220;col-dx-header-collezione-prodotti&#8220;][vc_single_image image=&#8220;29448&#8243; img_size=&#8220;full&#8220; alignment=&#8220;center&#8220; el_class=&#8220;row-header-prodotto-img&#8220;][\/vc_column][\/vc_row][vc_row el_class=&#8220;row-path&#8220;][vc_column][vc_column_text][\/vc_column_text][\/vc_column][\/vc_row][vc_row][vc_column]<div class=\"woocommerce columns-4 \"><ul class=\"products columns-4\">\n<li class=\"product type-product post-26787 status-publish first instock product_cat-box-doccia-en product_cat-box-doccia-de product_cat-cabine-de-douche product_cat-niche-coulissante product_cat-infinito-ru product_cat-infinito-en product_cat-infinito-fr product_cat-infinito-de product_cat-nicchia-de-2 product_cat-nicchia-de product_cat-niche-fr product_cat-selection-guide-niche product_cat-guide-de-selection-niche product_cat-niche product_cat-non-classe product_cat-scorrevole-de-5 product_cat-scorrevole-de-2 product_cat-scorrevole product_cat-scorrevole-fr product_cat-senza-categoria-de product_cat-niche-sliding product_cat-tipologia-prodotto-de product_cat-tipologia-prodotto-en product_cat-type-de-produit product_cat-without-category product_cat-1616 product_cat-1618 product_cat-1637 product_cat-1607 product_cat-1639 product_cat-3--- product_cat-1617 has-post-thumbnail shipping-taxable product-type-simple\">\n\t<div class=\"woocommerce-loop-product__short_description\" itemprop=\"description\"><a href=\"https:\/\/relaxsrl.com\/de\/produkt\/infinito-sc1\/\" class=\"woocommerce-LoopProduct-link woocommerce-loop-product__link\"><p>Duschabtrennung mit Magnetschwebe-Schiebet\u00fcr, in Nische.<\/p>\n<\/a><\/div><\/li>\n<li class=\"product type-product post-26789 status-publish instock product_cat-angolare-de product_cat-angolare-de-2 product_cat-angolare-en product_cat-guide-de-selection-angulaire product_cat-angulaire product_cat-selection-guide-angular product_cat-box-doccia-de product_cat-box-doccia-en product_cat-cabine-de-douche product_cat-infinito-de product_cat-infinito-ru product_cat-infinito-en product_cat-infinito-fr product_cat-non-classe product_cat-scorrevole-de-2 product_cat-scorrevole product_cat-scorrevole-fr product_cat-senza-categoria-de product_cat-tipologia-prodotto-en product_cat-tipologia-prodotto-de product_cat-type-de-produit product_cat-without-category product_cat-1616 product_cat-1618 product_cat-3--- product_cat-1617 product_cat-1596 product_cat-1626 has-post-thumbnail shipping-taxable product-type-simple\">\n\t<div class=\"woocommerce-loop-product__short_description\" itemprop=\"description\"><a href=\"https:\/\/relaxsrl.com\/de\/produkt\/infinito-sff\/\" class=\"woocommerce-LoopProduct-link woocommerce-loop-product__link\"><p>Eckduschabtrennung mit Magnetschwebe-Schiebet\u00fcr.<\/p>\n<\/a><\/div><\/li>\n<\/ul>\n<\/div>[\/vc_column][\/vc_row]<\/p>\n","protected":false},"excerpt":{"rendered":"<p>[vc_row full_width=&#8220;stretch_row&#8220; equal_height=&#8220;yes&#8220; el_class=&#8220;row-header-collezione-prodotti&#8220; css=&#8220;.vc_custom_1704884228378{background-image: url(https:\/\/relaxsrl.com\/website\/wp-content\/uploads\/2024\/01\/collezione-silente.jpg?id=29585) !important;}&#8220;][vc_column width=&#8220;1\/2&#8243; el_class=&#8220;col-sx-header-collezione-prodotti&#8220;][vc_column_text el_class=&#8220;header-collezione-prodotti-txt&#8220;] Infinito, die erste Duschkabine mit Magnetschwebebahn Die innovative Duschabtrennung zeichnet sich dadurch aus, dass sie als erste \u00fcberhaupt mit einer magnetischen \u00d6ffnung ausgestattet ist. Dank seiner fortschrittlichen Technologie garantiert Infinito ein v\u00f6llig revolution\u00e4res Duscherlebnis, das Ihnen einen Moment der Entspannung und Ruhe erm\u00f6glicht.[\/vc_column_text][\/vc_column][vc_column width=&#8220;1\/2&#8243; el_class=&#8220;col-dx-header-collezione-prodotti&#8220;][vc_single_image [&hellip;]<\/p>\n","protected":false},"author":3,"featured_media":29448,"parent":32052,"menu_order":0,"comment_status":"closed","ping_status":"closed","template":"","meta":[],"acf":[],"yoast_head":"<!-- This site is optimized with the Yoast SEO Premium plugin v18.4 (Yoast SEO v18.8) - https:\/\/yoast.com\/wordpress\/plugins\/seo\/ -->\n<title>Infinito - Relax srl<\/title>\n<meta name=\"description\" content=\"Die erste Duschabtrennung mit magnetischer \u00d6ffnung. Infinito garantiert ein v\u00f6llig revolution\u00e4res Duscherlebnis. Finde es heraus.\" \/>\n<meta name=\"robots\" content=\"index, follow, max-snippet:-1, max-image-preview:large, max-video-preview:-1\" \/>\n<link rel=\"canonical\" href=\"https:\/\/relaxsrl.com\/de\/produkte\/kollektionen-2\/infinito\/\" \/>\n<meta property=\"og:locale\" content=\"de_DE\" \/>\n<meta property=\"og:type\" content=\"article\" \/>\n<meta property=\"og:title\" content=\"Infinito - Relax srl\" \/>\n<meta property=\"og:description\" content=\"Die erste Duschabtrennung mit magnetischer \u00d6ffnung. Infinito garantiert ein v\u00f6llig revolution\u00e4res Duscherlebnis. Finde es heraus.\" \/>\n<meta property=\"og:url\" content=\"https:\/\/relaxsrl.com\/de\/produkte\/kollektionen-2\/infinito\/\" \/>\n<meta property=\"og:site_name\" content=\"Relax srl\" \/>\n<meta property=\"article:modified_time\" content=\"2024-01-30T10:20:43+00:00\" \/>\n<meta property=\"og:image\" content=\"https:\/\/relaxsrl.com\/website\/wp-content\/uploads\/2024\/01\/Infinito_800x1100.jpg\" \/>\n\t<meta property=\"og:image:width\" content=\"800\" \/>\n\t<meta property=\"og:image:height\" content=\"1100\" \/>\n\t<meta property=\"og:image:type\" content=\"image\/jpeg\" \/>\n<meta name=\"twitter:card\" content=\"summary_large_image\" \/>\n<meta name=\"twitter:label1\" content=\"Gesch\u00e4tzte Lesezeit\" \/>\n\t<meta name=\"twitter:data1\" content=\"1 Minute\" \/>\n<script type=\"application\/ld+json\" class=\"yoast-schema-graph\">{\"@context\":\"https:\/\/schema.org\",\"@graph\":[{\"@type\":\"WebSite\",\"@id\":\"https:\/\/relaxsrl.com\/#website\",\"url\":\"https:\/\/relaxsrl.com\/\",\"name\":\"Relax srl\",\"description\":\"\",\"potentialAction\":[{\"@type\":\"SearchAction\",\"target\":{\"@type\":\"EntryPoint\",\"urlTemplate\":\"https:\/\/relaxsrl.com\/?s={search_term_string}\"},\"query-input\":\"required name=search_term_string\"}],\"inLanguage\":\"de-DE\"},{\"@type\":\"ImageObject\",\"inLanguage\":\"de-DE\",\"@id\":\"https:\/\/relaxsrl.com\/de\/produkte\/kollektionen-2\/infinito\/#primaryimage\",\"url\":\"https:\/\/relaxsrl.com\/website\/wp-content\/uploads\/2024\/01\/Infinito_800x1100.jpg\",\"contentUrl\":\"https:\/\/relaxsrl.com\/website\/wp-content\/uploads\/2024\/01\/Infinito_800x1100.jpg\",\"width\":800,\"height\":1100},{\"@type\":\"WebPage\",\"@id\":\"https:\/\/relaxsrl.com\/de\/produkte\/kollektionen-2\/infinito\/#webpage\",\"url\":\"https:\/\/relaxsrl.com\/de\/produkte\/kollektionen-2\/infinito\/\",\"name\":\"Infinito - Relax srl\",\"isPartOf\":{\"@id\":\"https:\/\/relaxsrl.com\/#website\"},\"primaryImageOfPage\":{\"@id\":\"https:\/\/relaxsrl.com\/de\/produkte\/kollektionen-2\/infinito\/#primaryimage\"},\"datePublished\":\"2023-02-27T16:16:57+00:00\",\"dateModified\":\"2024-01-30T10:20:43+00:00\",\"description\":\"Die erste Duschabtrennung mit magnetischer \u00d6ffnung. Infinito garantiert ein v\u00f6llig revolution\u00e4res Duscherlebnis. Finde es heraus.\",\"breadcrumb\":{\"@id\":\"https:\/\/relaxsrl.com\/de\/produkte\/kollektionen-2\/infinito\/#breadcrumb\"},\"inLanguage\":\"de-DE\",\"potentialAction\":[{\"@type\":\"ReadAction\",\"target\":[\"https:\/\/relaxsrl.com\/de\/produkte\/kollektionen-2\/infinito\/\"]}]},{\"@type\":\"BreadcrumbList\",\"@id\":\"https:\/\/relaxsrl.com\/de\/produkte\/kollektionen-2\/infinito\/#breadcrumb\",\"itemListElement\":[{\"@type\":\"ListItem\",\"position\":1,\"name\":\"Produkte\",\"item\":\"https:\/\/relaxsrl.com\/de\/produkte\/\"},{\"@type\":\"ListItem\",\"position\":2,\"name\":\"Kollektionen\",\"item\":\"https:\/\/relaxsrl.com\/de\/produkte\/kollektionen-old-non-usare\/\"},{\"@type\":\"ListItem\",\"position\":3,\"name\":\"Infinito\"}]}]}<\/script>\n<!-- \/ Yoast SEO Premium plugin. -->","yoast_head_json":{"title":"Infinito - Relax srl","description":"Die erste Duschabtrennung mit magnetischer \u00d6ffnung. Infinito garantiert ein v\u00f6llig revolution\u00e4res Duscherlebnis. Finde es heraus.","robots":{"index":"index","follow":"follow","max-snippet":"max-snippet:-1","max-image-preview":"max-image-preview:large","max-video-preview":"max-video-preview:-1"},"canonical":"https:\/\/relaxsrl.com\/de\/produkte\/kollektionen-2\/infinito\/","og_locale":"de_DE","og_type":"article","og_title":"Infinito - Relax srl","og_description":"Die erste Duschabtrennung mit magnetischer \u00d6ffnung. Infinito garantiert ein v\u00f6llig revolution\u00e4res Duscherlebnis. Finde es heraus.","og_url":"https:\/\/relaxsrl.com\/de\/produkte\/kollektionen-2\/infinito\/","og_site_name":"Relax srl","article_modified_time":"2024-01-30T10:20:43+00:00","og_image":[{"width":800,"height":1100,"url":"https:\/\/relaxsrl.com\/website\/wp-content\/uploads\/2024\/01\/Infinito_800x1100.jpg","type":"image\/jpeg"}],"twitter_card":"summary_large_image","twitter_misc":{"Gesch\u00e4tzte Lesezeit":"1 Minute"},"schema":{"@context":"https:\/\/schema.org","@graph":[{"@type":"WebSite","@id":"https:\/\/relaxsrl.com\/#website","url":"https:\/\/relaxsrl.com\/","name":"Relax srl","description":"","potentialAction":[{"@type":"SearchAction","target":{"@type":"EntryPoint","urlTemplate":"https:\/\/relaxsrl.com\/?s={search_term_string}"},"query-input":"required name=search_term_string"}],"inLanguage":"de-DE"},{"@type":"ImageObject","inLanguage":"de-DE","@id":"https:\/\/relaxsrl.com\/de\/produkte\/kollektionen-2\/infinito\/#primaryimage","url":"https:\/\/relaxsrl.com\/website\/wp-content\/uploads\/2024\/01\/Infinito_800x1100.jpg","contentUrl":"https:\/\/relaxsrl.com\/website\/wp-content\/uploads\/2024\/01\/Infinito_800x1100.jpg","width":800,"height":1100},{"@type":"WebPage","@id":"https:\/\/relaxsrl.com\/de\/produkte\/kollektionen-2\/infinito\/#webpage","url":"https:\/\/relaxsrl.com\/de\/produkte\/kollektionen-2\/infinito\/","name":"Infinito - Relax srl","isPartOf":{"@id":"https:\/\/relaxsrl.com\/#website"},"primaryImageOfPage":{"@id":"https:\/\/relaxsrl.com\/de\/produkte\/kollektionen-2\/infinito\/#primaryimage"},"datePublished":"2023-02-27T16:16:57+00:00","dateModified":"2024-01-30T10:20:43+00:00","description":"Die erste Duschabtrennung mit magnetischer \u00d6ffnung. Infinito garantiert ein v\u00f6llig revolution\u00e4res Duscherlebnis. Finde es heraus.","breadcrumb":{"@id":"https:\/\/relaxsrl.com\/de\/produkte\/kollektionen-2\/infinito\/#breadcrumb"},"inLanguage":"de-DE","potentialAction":[{"@type":"ReadAction","target":["https:\/\/relaxsrl.com\/de\/produkte\/kollektionen-2\/infinito\/"]}]},{"@type":"BreadcrumbList","@id":"https:\/\/relaxsrl.com\/de\/produkte\/kollektionen-2\/infinito\/#breadcrumb","itemListElement":[{"@type":"ListItem","position":1,"name":"Produkte","item":"https:\/\/relaxsrl.com\/de\/produkte\/"},{"@type":"ListItem","position":2,"name":"Kollektionen","item":"https:\/\/relaxsrl.com\/de\/produkte\/kollektionen-old-non-usare\/"},{"@type":"ListItem","position":3,"name":"Infinito"}]}]}},"_links":{"self":[{"href":"https:\/\/relaxsrl.com\/de\/wp-json\/wp\/v2\/pages\/26659"}],"collection":[{"href":"https:\/\/relaxsrl.com\/de\/wp-json\/wp\/v2\/pages"}],"about":[{"href":"https:\/\/relaxsrl.com\/de\/wp-json\/wp\/v2\/types\/page"}],"author":[{"embeddable":true,"href":"https:\/\/relaxsrl.com\/de\/wp-json\/wp\/v2\/users\/3"}],"replies":[{"embeddable":true,"href":"https:\/\/relaxsrl.com\/de\/wp-json\/wp\/v2\/comments?post=26659"}],"version-history":[{"count":6,"href":"https:\/\/relaxsrl.com\/de\/wp-json\/wp\/v2\/pages\/26659\/revisions"}],"predecessor-version":[{"id":29870,"href":"https:\/\/relaxsrl.com\/de\/wp-json\/wp\/v2\/pages\/26659\/revisions\/29870"}],"up":[{"embeddable":true,"href":"https:\/\/relaxsrl.com\/de\/wp-json\/wp\/v2\/pages\/32052"}],"wp:featuredmedia":[{"embeddable":true,"href":"https:\/\/relaxsrl.com\/de\/wp-json\/wp\/v2\/media\/29448"}],"wp:attachment":[{"href":"https:\/\/relaxsrl.com\/de\/wp-json\/wp\/v2\/media?parent=26659"}],"curies":[{"name":"wp","href":"https:\/\/api.w.org\/{rel}","templated":true}]}}