{"id":30720,"date":"2024-09-11T10:20:01","date_gmt":"2024-09-11T08:20:01","guid":{"rendered":"https:\/\/relaxsrl.com\/produkte\/kollektionen\/cardine\/"},"modified":"2024-10-23T17:17:10","modified_gmt":"2024-10-23T15:17:10","slug":"cardine","status":"publish","type":"page","link":"https:\/\/relaxsrl.com\/de\/produkte\/kollektionen-2\/cardine\/","title":{"rendered":"Cardine"},"content":{"rendered":"<p>[vc_row full_width=&#8220;stretch_row&#8220; equal_height=&#8220;yes&#8220; el_class=&#8220;row-header-collezione-prodotti&#8220; css=&#8220;.vc_custom_1726042326208{background-image: url(https:\/\/relaxsrl.com\/website\/wp-content\/uploads\/2024\/09\/CARDINE.jpg?id=30693) !important;}&#8220;][vc_column width=&#8220;1\/2&#8243; el_class=&#8220;col-sx-header-collezione-prodotti&#8220;][vc_column_text el_class=&#8220;header-collezione-prodotti-txt&#8220;]<\/p>\n<h1>Cardine, die Duschabtrennung mit austauschbarem Scharnier<\/h1>\n<p>Moderne Duschkabine mit zwei verschiedenen konfigurierbaren Scharnieren (Elica und Cover), die sich jedem Badezimmer-Look anpasst und dessen Formen und Farben hervorhebt. Auch in der Version ohne Profile mit direkt an der Wand befestigten Scharnieren erh\u00e4ltlich.[\/vc_column_text][\/vc_column][vc_column width=&#8220;1\/2&#8243; el_class=&#8220;col-dx-header-collezione-prodotti&#8220;][vc_single_image image=&#8220;30691&#8243; img_size=&#8220;full&#8220; alignment=&#8220;center&#8220; el_class=&#8220;row-header-prodotto-img&#8220;][\/vc_column][\/vc_row][vc_row el_class=&#8220;row-path&#8220;][vc_column][vc_column_text][\/vc_column_text][\/vc_column][\/vc_row][vc_row][vc_column]<div class=\"woocommerce columns-4 \"><ul class=\"products columns-4\">\n<li class=\"product type-product post-30812 status-publish first instock product_cat-3-lati-fr product_cat-3-lati-de product_cat-3-lati-en product_cat-3- product_cat-angolare-en product_cat-angolare-de product_cat-angulaire product_cat-angulaire-battante product_cat-battente-fr product_cat-battente-de-2 product_cat-battente-de-3 product_cat-battente product_cat-box-doccia-de product_cat-box-doccia-en product_cat-cabine-de-douche product_cat-cardine-en product_cat-cardine-fr product_cat-cardine-de product_cat-cardine-ru product_cat-collections product_cat-collections-en product_cat-hinged product_cat-collezioni-de product_cat-tipologia-prodotto-de product_cat-tipologia-prodotto-en product_cat-type-de-produit product_cat-1618 product_cat-1568 product_cat-3-- product_cat-1627 product_cat-1617 product_cat-1626 has-post-thumbnail shipping-taxable product-type-simple\">\n\t<div class=\"woocommerce-loop-product__short_description\" itemprop=\"description\"><a href=\"https:\/\/relaxsrl.com\/de\/produkt\/cardine-af-f\/\" class=\"woocommerce-LoopProduct-link woocommerce-loop-product__link\"><p>Duschkabine mit Fl\u00fcgelt\u00fcr und fester Seite. Austauschbare Scharniere und Griffe.<\/p>\n<\/a><\/div><\/li>\n<li class=\"product type-product post-30737 status-publish instock product_cat-angolare-en product_cat-angolare-de product_cat-angulaire product_cat-angulaire-battante product_cat-battente-de-2 product_cat-box-doccia-en product_cat-box-doccia-de product_cat-cabine-de-douche product_cat-cardine-en product_cat-cardine-fr product_cat-cardine-de product_cat-cardine-ru product_cat-collections product_cat-collections-en product_cat-hinged product_cat-collezioni-de product_cat-tipologia-prodotto-de product_cat-tipologia-prodotto-en product_cat-type-de-produit product_cat-1618 product_cat-1568 product_cat-1627 product_cat-1617 product_cat-1626 has-post-thumbnail shipping-taxable product-type-simple\">\n\t<div class=\"woocommerce-loop-product__short_description\" itemprop=\"description\"><a href=\"https:\/\/relaxsrl.com\/de\/produkt\/cardine-ab-ab\/\" class=\"woocommerce-LoopProduct-link woocommerce-loop-product__link\"><p>Eckduschkabine mit Doppelfl\u00fcgelt\u00fcren. Austauschbare Scharniere und Griffe.<\/p>\n<\/a><\/div><\/li>\n<li class=\"product type-product post-30817 status-publish instock product_cat-niche-battante product_cat-battente-de product_cat-box-doccia-en product_cat-box-doccia-de product_cat-cabine-de-douche product_cat-cardine-de product_cat-cardine-ru product_cat-cardine-en product_cat-cardine-fr product_cat-collections product_cat-collections-en product_cat-niche-hinged product_cat-nicchia-de product_cat-niche product_cat-niche-fr product_cat-collezioni-de product_cat-tipologia-prodotto-de product_cat-tipologia-prodotto-en product_cat-type-de-produit product_cat-1618 product_cat-1568 product_cat-1638 product_cat-1637 product_cat-1617 has-post-thumbnail shipping-taxable product-type-simple\">\n\t<div class=\"woocommerce-loop-product__short_description\" itemprop=\"description\"><a href=\"https:\/\/relaxsrl.com\/de\/produkt\/cardine-b1\/\" class=\"woocommerce-LoopProduct-link woocommerce-loop-product__link\"><p>Duschkabine in Nische mit Fl\u00fcgelt\u00fcr. Austauschbare Scharniere und Griffe.<\/p>\n<\/a><\/div><\/li>\n<li class=\"product type-product post-30827 status-publish last instock product_cat-niche-battante product_cat-battente-de product_cat-box-doccia-de product_cat-box-doccia-en product_cat-cabine-de-douche product_cat-cardine-en product_cat-cardine-fr product_cat-cardine-de product_cat-cardine-ru product_cat-collections product_cat-collections-en product_cat-niche-hinged product_cat-nicchia-de product_cat-niche product_cat-niche-fr product_cat-collezioni-de product_cat-tipologia-prodotto-en product_cat-tipologia-prodotto-de product_cat-type-de-produit product_cat-1618 product_cat-1568 product_cat-1638 product_cat-1637 product_cat-1617 has-post-thumbnail shipping-taxable product-type-simple\">\n\t<div class=\"woocommerce-loop-product__short_description\" itemprop=\"description\"><a href=\"https:\/\/relaxsrl.com\/de\/produkt\/cardine-ac\/\" class=\"woocommerce-LoopProduct-link woocommerce-loop-product__link\"><p>Duschkabine in Nische mit Fl\u00fcgelt\u00fcr und zwei festen Seiten. Austauschbare Scharniere und Griffe.<\/p>\n<\/a><\/div><\/li>\n<li class=\"product type-product post-30822 status-publish first instock product_cat-niche-battante product_cat-battente-de product_cat-selection-guide-big-shower-enclosures product_cat-box-doccia-de product_cat-box-doccia-en product_cat-cabina-doccia-grande product_cat-cabine-de-douche product_cat-cardine-ru product_cat-cardine-en product_cat-cardine-fr product_cat-cardine-de product_cat-collections product_cat-collections-en product_cat-guide-de-selection-grande-cabine-de-douche product_cat-selection-guide-en product_cat-guida-alla-scelta-de product_cat-guide-de-selection product_cat-niche-hinged product_cat-nicchia-de product_cat-niche product_cat-niche-fr product_cat-collezioni-de product_cat-tipologia-prodotto-en product_cat-tipologia-prodotto-de product_cat-type-de-produit product_cat-1603 product_cat-1618 product_cat-1568 product_cat-1638 product_cat-1637 product_cat-1594 product_cat-1617 has-post-thumbnail shipping-taxable product-type-simple\">\n\t<div class=\"woocommerce-loop-product__short_description\" itemprop=\"description\"><a href=\"https:\/\/relaxsrl.com\/de\/produkt\/cardine-b2\/\" class=\"woocommerce-LoopProduct-link woocommerce-loop-product__link\"><p>Duschkabine in Nische mit zwei Fl\u00fcgelt\u00fcren. Austauschbare Scharniere und Griffe.<\/p>\n<\/a><\/div><\/li>\n<li class=\"product type-product post-21191 status-publish instock product_cat-angolare-en product_cat-angolare-de product_cat-angulaire product_cat-box-doccia-en product_cat-box-doccia-de product_cat-cabine-de-douche product_cat-cardine-en product_cat-cardine-fr product_cat-cardine-de product_cat-cardine-ru product_cat-collections product_cat-collections-en product_cat-nicchia-de product_cat-niche-fr product_cat-niche product_cat-collezioni-de product_cat-tipologia-prodotto-en product_cat-tipologia-prodotto-de product_cat-type-de-produit product_cat-angulaire-walk-in product_cat-walk-in-en-3 product_cat-walk-in-de-7 product_cat-walk-in-de-3 product_cat-niche-walk-in product_cat-walk-in-en-4 product_cat-walk-in-de product_cat-walk-in-fr product_cat-walk-in-en product_cat-1618 product_cat-1568 product_cat-1637 product_cat-1636 product_cat-1640 product_cat-1649 product_cat-1617 product_cat-1626 has-post-thumbnail shipping-taxable product-type-simple\">\n\t<div class=\"woocommerce-loop-product__short_description\" itemprop=\"description\"><a href=\"https:\/\/relaxsrl.com\/de\/produkt\/cardine-mf1\/\" class=\"woocommerce-LoopProduct-link woocommerce-loop-product__link\"><p>Begehbare Duschabtrennung mit anpassbaren Scharnieren.<\/p>\n<\/a><\/div><\/li>\n<li class=\"product type-product post-21189 status-publish instock product_cat-angolare-en product_cat-angolare-de product_cat-angulaire product_cat-angulaire-battante product_cat-battente-de-2 product_cat-box-doccia-de product_cat-box-doccia-en product_cat-cabine-de-douche product_cat-cardine-ru product_cat-cardine-en product_cat-cardine-fr product_cat-cardine-de product_cat-collections product_cat-collections-en product_cat-hinged product_cat-collezioni-de product_cat-tipologia-prodotto-de product_cat-tipologia-prodotto-en product_cat-type-de-produit product_cat-1618 product_cat-1568 product_cat-1627 product_cat-1617 product_cat-1626 has-post-thumbnail shipping-taxable product-type-simple\">\n\t<div class=\"woocommerce-loop-product__short_description\" itemprop=\"description\"><a href=\"https:\/\/relaxsrl.com\/de\/produkt\/cardine-mab-mf1\/\" class=\"woocommerce-LoopProduct-link woocommerce-loop-product__link\"><p>Duschabtrennung mit fester und schwenkbarer T\u00fcr mit Innen- und Au\u00dfen\u00f6ffnung. Anpassbare Scharniere.<\/p>\n<\/a><\/div><\/li>\n<li class=\"product type-product post-21187 status-publish last instock product_cat-angolare-en product_cat-angolare-de product_cat-angulaire product_cat-angulaire-battante product_cat-battente-de-2 product_cat-box-doccia-de product_cat-box-doccia-en product_cat-box-doccia-lineare product_cat-cabine-de-douche product_cat-guide-de-selection-cabine-de-douche-lineaire product_cat-cardine-en product_cat-cardine-fr product_cat-cardine-de product_cat-cardine-ru product_cat-collections-en product_cat-collections product_cat-selection-guide-en product_cat-guida-alla-scelta-de product_cat-guide-de-selection product_cat-hinged product_cat-selection-guide-linear-shower-enclosures product_cat-collezioni-de product_cat-tipologia-prodotto-de product_cat-tipologia-prodotto-en product_cat-type-de-produit product_cat-1618 product_cat-1568 product_cat-1601 product_cat-1627 product_cat-1594 product_cat-1617 product_cat-1626 has-post-thumbnail shipping-taxable product-type-simple\">\n\t<div class=\"woocommerce-loop-product__short_description\" itemprop=\"description\"><a href=\"https:\/\/relaxsrl.com\/de\/produkt\/cardine-mab-mab\/\" class=\"woocommerce-LoopProduct-link woocommerce-loop-product__link\"><p>Duschabtrennung mit Doppelfl\u00fcgelt\u00fcr. Anpassbare Scharniere.<\/p>\n<\/a><\/div><\/li>\n<li class=\"product type-product post-21188 status-publish first instock product_cat-niche-battante product_cat-guide-de-selection-battante product_cat-battente-de-5 product_cat-battente-de product_cat-box-doccia-de product_cat-box-doccia-en product_cat-cabine-de-douche product_cat-cardine-de product_cat-cardine-ru product_cat-cardine-en product_cat-cardine-fr product_cat-collections product_cat-collections-en product_cat-selection-guide-en product_cat-guida-alla-scelta-de product_cat-guide-de-selection product_cat-niche-hinged product_cat-selection-guide-hinged-door product_cat-nicchia-de product_cat-niche product_cat-niche-fr product_cat-collezioni-de product_cat-tipologia-prodotto-en product_cat-tipologia-prodotto-de product_cat-type-de-produit product_cat-1618 product_cat-1568 product_cat-1638 product_cat-1597 product_cat-1637 product_cat-1594 product_cat-1617 has-post-thumbnail shipping-taxable product-type-simple\">\n\t<div class=\"woocommerce-loop-product__short_description\" itemprop=\"description\"><a href=\"https:\/\/relaxsrl.com\/de\/produkt\/cardine-mb1\/\" class=\"woocommerce-LoopProduct-link woocommerce-loop-product__link\"><p>Duschabtrennung in Nische mit Wandscharnieren, 6 mm Verstellung und \u00d6ffnung zur Wand.<\/p>\n<\/a><\/div><\/li>\n<li class=\"product type-product post-21185 status-publish instock product_cat-niche-battante product_cat-battente-de product_cat-box-doccia-en product_cat-box-doccia-de product_cat-cabine-de-douche product_cat-cardine-de product_cat-cardine-ru product_cat-cardine-en product_cat-cardine-fr product_cat-collections product_cat-collections-en product_cat-niche-hinged product_cat-nicchia-de product_cat-niche product_cat-niche-fr product_cat-collezioni-de product_cat-tipologia-prodotto-de product_cat-tipologia-prodotto-en product_cat-type-de-produit product_cat-1618 product_cat-1568 product_cat-1638 product_cat-1637 product_cat-1617 has-post-thumbnail shipping-taxable product-type-simple\">\n\t<div class=\"woocommerce-loop-product__short_description\" itemprop=\"description\"><a href=\"https:\/\/relaxsrl.com\/de\/produkt\/cardine-mpb\/\" class=\"woocommerce-LoopProduct-link woocommerce-loop-product__link\"><p>Duschabtrennung in Nische mit Wandscharnieren, 6 mm Verstellung und \u00d6ffnung zur Festseite.<\/p>\n<\/a><\/div><\/li>\n<li class=\"product type-product post-20972 status-publish instock product_cat-niche-battante product_cat-battente-de product_cat-box-doccia-de product_cat-box-doccia-en product_cat-cabine-de-douche product_cat-cardine-ru product_cat-cardine-en product_cat-cardine-fr product_cat-cardine-de product_cat-collections-en product_cat-collections product_cat-niche-hinged product_cat-nicchia-de product_cat-niche product_cat-niche-fr product_cat-collezioni-de product_cat-tipologia-prodotto-de product_cat-tipologia-prodotto-en product_cat-type-de-produit product_cat-1618 product_cat-1568 product_cat-1638 product_cat-1637 product_cat-1617 has-post-thumbnail shipping-taxable product-type-simple\">\n\t<div class=\"woocommerce-loop-product__short_description\" itemprop=\"description\"><a href=\"https:\/\/relaxsrl.com\/de\/produkt\/cardine-mabmf1\/\" class=\"woocommerce-LoopProduct-link woocommerce-loop-product__link\"><p>Duschabtrennung mit in eine Nische eingesetzter Fl\u00fcgel- und Festt\u00fcr.<\/p>\n<\/a><\/div><\/li>\n<\/ul>\n<\/div>[\/vc_column][\/vc_row]<\/p>\n","protected":false},"excerpt":{"rendered":"<p>[vc_row full_width=&#8220;stretch_row&#8220; equal_height=&#8220;yes&#8220; el_class=&#8220;row-header-collezione-prodotti&#8220; css=&#8220;.vc_custom_1726042326208{background-image: url(https:\/\/relaxsrl.com\/website\/wp-content\/uploads\/2024\/09\/CARDINE.jpg?id=30693) !important;}&#8220;][vc_column width=&#8220;1\/2&#8243; el_class=&#8220;col-sx-header-collezione-prodotti&#8220;][vc_column_text el_class=&#8220;header-collezione-prodotti-txt&#8220;] Cardine, die Duschabtrennung mit austauschbarem Scharnier Moderne Duschkabine mit zwei verschiedenen konfigurierbaren Scharnieren (Elica und Cover), die sich jedem Badezimmer-Look anpasst und dessen Formen und Farben hervorhebt. Auch in der Version ohne Profile mit direkt an der Wand befestigten Scharnieren erh\u00e4ltlich.[\/vc_column_text][\/vc_column][vc_column width=&#8220;1\/2&#8243; el_class=&#8220;col-dx-header-collezione-prodotti&#8220;][vc_single_image image=&#8220;30691&#8243; img_size=&#8220;full&#8220; [&hellip;]<\/p>\n","protected":false},"author":3,"featured_media":29465,"parent":32052,"menu_order":0,"comment_status":"closed","ping_status":"closed","template":"","meta":[],"acf":[],"yoast_head":"<!-- This site is optimized with the Yoast SEO Premium plugin v18.4 (Yoast SEO v18.8) - https:\/\/yoast.com\/wordpress\/plugins\/seo\/ -->\n<title>Cardine - Relax srl<\/title>\n<meta name=\"description\" content=\"Die Duschabtrennungen aus der Cardine-Kollektion passen sich mit ihrem austauschbaren Scharnier jedem Badezimmer-Look an. Erfahren Sie mehr.\" \/>\n<meta name=\"robots\" content=\"index, follow, max-snippet:-1, max-image-preview:large, max-video-preview:-1\" \/>\n<link rel=\"canonical\" href=\"https:\/\/relaxsrl.com\/de\/produkte\/kollektionen-2\/cardine\/\" \/>\n<meta property=\"og:locale\" content=\"de_DE\" \/>\n<meta property=\"og:type\" content=\"article\" \/>\n<meta property=\"og:title\" content=\"Cardine - Relax srl\" \/>\n<meta property=\"og:description\" content=\"Die Duschabtrennungen aus der Cardine-Kollektion passen sich mit ihrem austauschbaren Scharnier jedem Badezimmer-Look an. Erfahren Sie mehr.\" \/>\n<meta property=\"og:url\" content=\"https:\/\/relaxsrl.com\/de\/produkte\/kollektionen-2\/cardine\/\" \/>\n<meta property=\"og:site_name\" content=\"Relax srl\" \/>\n<meta property=\"article:modified_time\" content=\"2024-10-23T15:17:10+00:00\" \/>\n<meta property=\"og:image\" content=\"https:\/\/relaxsrl.com\/website\/wp-content\/uploads\/2024\/01\/Calamo_800x1100.jpg\" \/>\n\t<meta property=\"og:image:width\" content=\"800\" \/>\n\t<meta property=\"og:image:height\" content=\"1100\" \/>\n\t<meta property=\"og:image:type\" content=\"image\/jpeg\" \/>\n<meta name=\"twitter:card\" content=\"summary_large_image\" \/>\n<meta name=\"twitter:label1\" content=\"Gesch\u00e4tzte Lesezeit\" \/>\n\t<meta name=\"twitter:data1\" content=\"1 Minute\" \/>\n<script type=\"application\/ld+json\" class=\"yoast-schema-graph\">{\"@context\":\"https:\/\/schema.org\",\"@graph\":[{\"@type\":\"WebSite\",\"@id\":\"https:\/\/relaxsrl.com\/#website\",\"url\":\"https:\/\/relaxsrl.com\/\",\"name\":\"Relax srl\",\"description\":\"\",\"potentialAction\":[{\"@type\":\"SearchAction\",\"target\":{\"@type\":\"EntryPoint\",\"urlTemplate\":\"https:\/\/relaxsrl.com\/?s={search_term_string}\"},\"query-input\":\"required name=search_term_string\"}],\"inLanguage\":\"de-DE\"},{\"@type\":\"ImageObject\",\"inLanguage\":\"de-DE\",\"@id\":\"https:\/\/relaxsrl.com\/de\/produkte\/kollektionen-2\/cardine\/#primaryimage\",\"url\":\"https:\/\/relaxsrl.com\/website\/wp-content\/uploads\/2024\/01\/Calamo_800x1100.jpg\",\"contentUrl\":\"https:\/\/relaxsrl.com\/website\/wp-content\/uploads\/2024\/01\/Calamo_800x1100.jpg\",\"width\":800,\"height\":1100},{\"@type\":\"WebPage\",\"@id\":\"https:\/\/relaxsrl.com\/de\/produkte\/kollektionen-2\/cardine\/#webpage\",\"url\":\"https:\/\/relaxsrl.com\/de\/produkte\/kollektionen-2\/cardine\/\",\"name\":\"Cardine - Relax srl\",\"isPartOf\":{\"@id\":\"https:\/\/relaxsrl.com\/#website\"},\"primaryImageOfPage\":{\"@id\":\"https:\/\/relaxsrl.com\/de\/produkte\/kollektionen-2\/cardine\/#primaryimage\"},\"datePublished\":\"2024-09-11T08:20:01+00:00\",\"dateModified\":\"2024-10-23T15:17:10+00:00\",\"description\":\"Die Duschabtrennungen aus der Cardine-Kollektion passen sich mit ihrem austauschbaren Scharnier jedem Badezimmer-Look an. Erfahren Sie mehr.\",\"breadcrumb\":{\"@id\":\"https:\/\/relaxsrl.com\/de\/produkte\/kollektionen-2\/cardine\/#breadcrumb\"},\"inLanguage\":\"de-DE\",\"potentialAction\":[{\"@type\":\"ReadAction\",\"target\":[\"https:\/\/relaxsrl.com\/de\/produkte\/kollektionen-2\/cardine\/\"]}]},{\"@type\":\"BreadcrumbList\",\"@id\":\"https:\/\/relaxsrl.com\/de\/produkte\/kollektionen-2\/cardine\/#breadcrumb\",\"itemListElement\":[{\"@type\":\"ListItem\",\"position\":1,\"name\":\"Produkte\",\"item\":\"https:\/\/relaxsrl.com\/de\/produkte\/\"},{\"@type\":\"ListItem\",\"position\":2,\"name\":\"Kollektionen\",\"item\":\"https:\/\/relaxsrl.com\/de\/produkte\/kollektionen-old-non-usare\/\"},{\"@type\":\"ListItem\",\"position\":3,\"name\":\"Cardine\"}]}]}<\/script>\n<!-- \/ Yoast SEO Premium plugin. -->","yoast_head_json":{"title":"Cardine - Relax srl","description":"Die Duschabtrennungen aus der Cardine-Kollektion passen sich mit ihrem austauschbaren Scharnier jedem Badezimmer-Look an. Erfahren Sie mehr.","robots":{"index":"index","follow":"follow","max-snippet":"max-snippet:-1","max-image-preview":"max-image-preview:large","max-video-preview":"max-video-preview:-1"},"canonical":"https:\/\/relaxsrl.com\/de\/produkte\/kollektionen-2\/cardine\/","og_locale":"de_DE","og_type":"article","og_title":"Cardine - Relax srl","og_description":"Die Duschabtrennungen aus der Cardine-Kollektion passen sich mit ihrem austauschbaren Scharnier jedem Badezimmer-Look an. Erfahren Sie mehr.","og_url":"https:\/\/relaxsrl.com\/de\/produkte\/kollektionen-2\/cardine\/","og_site_name":"Relax srl","article_modified_time":"2024-10-23T15:17:10+00:00","og_image":[{"width":800,"height":1100,"url":"https:\/\/relaxsrl.com\/website\/wp-content\/uploads\/2024\/01\/Calamo_800x1100.jpg","type":"image\/jpeg"}],"twitter_card":"summary_large_image","twitter_misc":{"Gesch\u00e4tzte Lesezeit":"1 Minute"},"schema":{"@context":"https:\/\/schema.org","@graph":[{"@type":"WebSite","@id":"https:\/\/relaxsrl.com\/#website","url":"https:\/\/relaxsrl.com\/","name":"Relax srl","description":"","potentialAction":[{"@type":"SearchAction","target":{"@type":"EntryPoint","urlTemplate":"https:\/\/relaxsrl.com\/?s={search_term_string}"},"query-input":"required name=search_term_string"}],"inLanguage":"de-DE"},{"@type":"ImageObject","inLanguage":"de-DE","@id":"https:\/\/relaxsrl.com\/de\/produkte\/kollektionen-2\/cardine\/#primaryimage","url":"https:\/\/relaxsrl.com\/website\/wp-content\/uploads\/2024\/01\/Calamo_800x1100.jpg","contentUrl":"https:\/\/relaxsrl.com\/website\/wp-content\/uploads\/2024\/01\/Calamo_800x1100.jpg","width":800,"height":1100},{"@type":"WebPage","@id":"https:\/\/relaxsrl.com\/de\/produkte\/kollektionen-2\/cardine\/#webpage","url":"https:\/\/relaxsrl.com\/de\/produkte\/kollektionen-2\/cardine\/","name":"Cardine - Relax srl","isPartOf":{"@id":"https:\/\/relaxsrl.com\/#website"},"primaryImageOfPage":{"@id":"https:\/\/relaxsrl.com\/de\/produkte\/kollektionen-2\/cardine\/#primaryimage"},"datePublished":"2024-09-11T08:20:01+00:00","dateModified":"2024-10-23T15:17:10+00:00","description":"Die Duschabtrennungen aus der Cardine-Kollektion passen sich mit ihrem austauschbaren Scharnier jedem Badezimmer-Look an. Erfahren Sie mehr.","breadcrumb":{"@id":"https:\/\/relaxsrl.com\/de\/produkte\/kollektionen-2\/cardine\/#breadcrumb"},"inLanguage":"de-DE","potentialAction":[{"@type":"ReadAction","target":["https:\/\/relaxsrl.com\/de\/produkte\/kollektionen-2\/cardine\/"]}]},{"@type":"BreadcrumbList","@id":"https:\/\/relaxsrl.com\/de\/produkte\/kollektionen-2\/cardine\/#breadcrumb","itemListElement":[{"@type":"ListItem","position":1,"name":"Produkte","item":"https:\/\/relaxsrl.com\/de\/produkte\/"},{"@type":"ListItem","position":2,"name":"Kollektionen","item":"https:\/\/relaxsrl.com\/de\/produkte\/kollektionen-old-non-usare\/"},{"@type":"ListItem","position":3,"name":"Cardine"}]}]}},"_links":{"self":[{"href":"https:\/\/relaxsrl.com\/de\/wp-json\/wp\/v2\/pages\/30720"}],"collection":[{"href":"https:\/\/relaxsrl.com\/de\/wp-json\/wp\/v2\/pages"}],"about":[{"href":"https:\/\/relaxsrl.com\/de\/wp-json\/wp\/v2\/types\/page"}],"author":[{"embeddable":true,"href":"https:\/\/relaxsrl.com\/de\/wp-json\/wp\/v2\/users\/3"}],"replies":[{"embeddable":true,"href":"https:\/\/relaxsrl.com\/de\/wp-json\/wp\/v2\/comments?post=30720"}],"version-history":[{"count":5,"href":"https:\/\/relaxsrl.com\/de\/wp-json\/wp\/v2\/pages\/30720\/revisions"}],"predecessor-version":[{"id":30927,"href":"https:\/\/relaxsrl.com\/de\/wp-json\/wp\/v2\/pages\/30720\/revisions\/30927"}],"up":[{"embeddable":true,"href":"https:\/\/relaxsrl.com\/de\/wp-json\/wp\/v2\/pages\/32052"}],"wp:featuredmedia":[{"embeddable":true,"href":"https:\/\/relaxsrl.com\/de\/wp-json\/wp\/v2\/media\/29465"}],"wp:attachment":[{"href":"https:\/\/relaxsrl.com\/de\/wp-json\/wp\/v2\/media?parent=30720"}],"curies":[{"name":"wp","href":"https:\/\/api.w.org\/{rel}","templated":true}]}}