{"id":21056,"date":"2021-09-20T12:35:19","date_gmt":"2021-09-20T10:35:19","guid":{"rendered":"https:\/\/relaxsrl.com\/product\/ibisco\/"},"modified":"2025-01-13T14:31:17","modified_gmt":"2025-01-13T13:31:17","slug":"ibisco","status":"publish","type":"product","link":"https:\/\/relaxsrl.com\/de\/produkt\/ibisco\/","title":{"rendered":"IBISCO"},"content":{"rendered":"<p>[vc_row full_width=&#8220;stretch_row_content_no_spaces&#8220; el_class=&#8220;row-header-prodotto-layblue&#8220;][vc_column][vc_raw_html]PGRpdiBjbGFzcz0naGVhZGVyLXByb2RvdHRvLWxheWJsdWUnPjwvZGl2Pg==[\/vc_raw_html][\/vc_column][\/vc_row][vc_row el_class=&#8220;row-header-prodotto&#8220;][vc_column width=&#8220;1\/3&#8243;][vc_column_text el_class=&#8220;row-header-prodotto-txt&#8220;]<\/p>\n<h1>Ibisco, freistehende Badewanne<\/h1>\n<p>Ibisco ist eine freistehende Badewanne aus Solid Surface, einem \u00f6kologischen und zu 100 % recycelbaren Material, das eine fein gearbeitete Kronenform erm\u00f6glicht.[\/vc_column_text][\/vc_column][vc_column width=&#8220;1\/6&#8243;][\/vc_column][vc_column width=&#8220;1\/2&#8243;][vc_single_image image=&#8220;7743&#8243; img_size=&#8220;full&#8220; alignment=&#8220;center&#8220; el_class=&#8220;row-header-prodotto-img&#8220;][\/vc_column][\/vc_row][vc_row full_width=&#8220;stretch_row&#8220; el_class=&#8220;row-header-prodotto-bg&#8220; css=&#8220;.vc_custom_1633096281395{background-image: url(http:\/\/relaxsrl.com\/wp-content\/uploads\/2021\/09\/sfondo-vasche.jpg?id=7867) !important;}&#8220;][vc_column][\/vc_column][\/vc_row][vc_row el_class=&#8220;row-path&#8220;][vc_column][vc_column_text][\/vc_column_text][\/vc_column][\/vc_row][vc_row el_class=&#8220;scheda-prodotto-row-paragrafo&#8220;][vc_column width=&#8220;4\/12&#8243;][vc_row_inner][vc_column_inner el_class=&#8220;scheda-prodotto-img-col-sx&#8220;][vc_single_image image=&#8220;7739&#8243; img_size=&#8220;full&#8220; el_class=&#8220;scheda-prodotto-img-dettaglio&#8220;][\/vc_column_inner][\/vc_row_inner][\/vc_column][vc_column width=&#8220;8\/12&#8243;][vc_column_text el_class=&#8220;scheda-prodotto-row-paragrafo-txt abstract&#8220;]<\/p>\n<h2>Funktionen<\/h2>\n<ul>\n<li>Vollk\u00f6rper aus mattwei\u00dfem Solid Surface<\/li>\n<li>GREENGUARD Gold-zertifiziertes organisches Material<\/li>\n<li>Material, das mit einem einfachen Scheuerschwamm wiederhergestellt werden kann<\/li>\n<li>5 Jahre Garantie gegen Vergilbung und UV-Best\u00e4ndigkeit<\/li>\n<li>Besteht aus viruzidem und fungizidem Material<\/li>\n<\/ul>\n<p>[\/vc_column_text][\/vc_column][\/vc_row][vc_row equal_height=&#8220;yes&#8220; content_placement=&#8220;middle&#8220; el_class=&#8220;scheda-prodotto-row-paragrafo&#8220;][vc_column width=&#8220;1\/12&#8243;][\/vc_column][vc_column width=&#8220;10\/12&#8243;][vc_column_text el_class=&#8220;scheda-prodotto-row-paragrafo-txt&#8220;]<\/p>\n<p style=\"text-align: center;\">Der Hibiscus Syriacus, auch Hibiskus genannt, ist eine Blume der Familie der Malvaceaes. Es gibt etwa 240 Arten, und die Bl\u00fcte besteht aus gezackten, glockenf\u00f6rmigen Bl\u00e4ttern. Der Hibiskus ist eine Blume aus tropischen Regionen und passt sich sehr gut an Meeresorte an, in denen er im Sommer bl\u00fcht.<\/p>\n<p style=\"text-align: center;\">Die Badewanne Ibisco ist Teil unserer neuen freistehenden Wannensammlung in Solid Surface. Meist als Einzelpflanze im Garten verwendet, ist sie auch zweifelhaft K\u00f6nigin im Bad, die als Wanne in Zimmermitte angeboten wird.<\/p>\n<p style=\"text-align: center;\">Alle Wannen und das Zubeh\u00f6r werden in Italien mit zertifizierter Qualit\u00e4t hergestellt.<\/p>\n<p>[\/vc_column_text][\/vc_column][vc_column width=&#8220;1\/12&#8243;][\/vc_column][\/vc_row][vc_row el_class=&#8220;scheda-prodotto-row-slideshow&#8220;][vc_column][vc_gallery interval=&#8220;3&#8243; images=&#8220;7747,7751&#8243; img_size=&#8220;full&#8220; onclick=&#8220;&#8220; el_class=&#8220;scheda-prodotto-slideshow&#8220;][\/vc_column][\/vc_row][vc_row el_class=&#8220;scheda-prodotto-row-attributi scheda-prodotto-first-row-attributi&#8220;][vc_column width=&#8220;1\/4&#8243; el_class=&#8220;scheda-prodotto-col-attributi&#8220;][vc_column_text]<ul class=\"product-attributes\"><li class=\"product-attribute-altezza-standard\"><span class=\"product-attribute-label\">Standardh\u00f6he<\/span> <span class=\"product-attribute-option ppl\"><span class=\"product-attribute-name\">55 cm&nbsp;<\/span><\/span><span class=\"product-attribute-divider\">,<\/span> <span class=\"product-attribute-option ppl\"><span class=\"product-attribute-name\">55 cm&nbsp;<\/span><\/span><span class=\"product-attribute-divider\">,<\/span> <span class=\"product-attribute-option ppl\"><span class=\"product-attribute-name\">55 cm&nbsp;<\/span><\/span><span class=\"product-attribute-divider\">,<\/span> <span class=\"product-attribute-option ppl\"><span class=\"product-attribute-name\">55 \u0441\u043c&nbsp;<\/span><\/span><span class='product-attribute-name'><span class = 'width:100%;float:left'><\/span><\/span><\/li><\/ul>[\/vc_column_text][\/vc_column][vc_column width=&#8220;1\/4&#8243; el_class=&#8220;scheda-prodotto-col-attributi&#8220;][vc_column_text]<ul class=\"product-attributes\"><li class=\"product-attribute-dimensioni\"><span class=\"product-attribute-label\">Ma\u00dfe<\/span> <span class=\"product-attribute-option ppl\"><span class=\"product-attribute-name\">75x170 cm&nbsp;<\/span><\/span><\/li><\/ul>[\/vc_column_text][\/vc_column][\/vc_row][vc_row el_class=&#8220;scheda-prodotto-row-attributi&#8220;][vc_column width=&#8220;1\/2&#8243; el_class=&#8220;scheda-prodotto-col-attributi&#8220;][vc_column_text]<ul class=\"product-attributes\"><li class=\"product-attribute-finiture-disponibili\"><span class=\"product-attribute-label\">Ausf\u00fchrungen erh\u00e4ltlich<\/span> <span class=\"product-attribute-option ppl\"><a href=\"https:\/\/relaxsrl.com\/website\/wp-content\/uploads\/2022\/02\/Finitura-Bianca.jpg\" target=\"_blank\"><img class=\"product-attribute-image\" src=\"https:\/\/relaxsrl.com\/website\/wp-content\/uploads\/2022\/02\/Finitura-Bianca.jpg\"\/><\/a><span class=\"product-attribute-name\">Finition blanc&nbsp;<\/span><\/span><span class=\"product-attribute-option ppl\"><a href=\"https:\/\/relaxsrl.com\/website\/wp-content\/uploads\/2022\/02\/Finitura-Bianca.jpg\" target=\"_blank\"><img class=\"product-attribute-image\" src=\"https:\/\/relaxsrl.com\/website\/wp-content\/uploads\/2022\/02\/Finitura-Bianca.jpg\"\/><\/a><span class=\"product-attribute-name\">Wei\u00dfe Ausf\u00fchrung&nbsp;<\/span><\/span><span class=\"product-attribute-option ppl\"><a href=\"https:\/\/relaxsrl.com\/website\/wp-content\/uploads\/2021\/11\/Finitura-Bianca.jpg\" target=\"_blank\"><img class=\"product-attribute-image\" src=\"https:\/\/relaxsrl.com\/website\/wp-content\/uploads\/2021\/11\/Finitura-Bianca.jpg\"\/><\/a><span class=\"product-attribute-name\">White finish&nbsp;<\/span><\/span><span class=\"product-attribute-option ppl\"><a href=\"https:\/\/relaxsrl.com\/website\/wp-content\/uploads\/2022\/02\/Finitura-Bianca.jpg\" target=\"_blank\"><img class=\"product-attribute-image\" src=\"https:\/\/relaxsrl.com\/website\/wp-content\/uploads\/2022\/02\/Finitura-Bianca.jpg\"\/><\/a><span class=\"product-attribute-name\">\u043e\u0442\u0434\u0435\u043b\u043a\u0430 \u0431\u0435\u043b\u044b\u0439&nbsp;<\/span><\/span><span class='product-attribute-name'><span class = 'width:100%;float:left'><\/span><\/span><\/li><\/ul>[\/vc_column_text][\/vc_column][vc_column width=&#8220;1\/2&#8243; el_class=&#8220;scheda-prodotto-col-attributi&#8220;][\/vc_column][\/vc_row][vc_row el_class=&#8220;scheda-prodotto-row-attributi&#8220;][vc_column width=&#8220;1\/4&#8243; el_class=&#8220;scheda-prodotto-col-attributi&#8220;][vc_column_text]<a href=\"https:\/\/relaxsrl.com\/de\/bereich-architekten\/documentation\/#VASCHE_IBISCO\">Datenblatt<\/a>[\/vc_column_text][\/vc_column][vc_column width=&#8220;1\/4&#8243; el_class=&#8220;scheda-prodotto-col-attributi&#8220;][vc_column_text]<a href=\"https:\/\/relaxsrl.com\/de\/bereich-architekten\/documentation\/#VASCHE_IBISCO\">Anweisung zur Montage<\/a>[\/vc_column_text][\/vc_column][vc_column width=&#8220;1\/4&#8243;][vc_column_text]<a title=\"\" href=\"https:\/\/relaxsrl.com\/de\/zugriff-auf-inhalte-verweigert\/\" target=\"_blank\" rel=\"noopener\">3D File<\/a>[\/vc_column_text][\/vc_column][vc_column width=&#8220;1\/4&#8243;][\/vc_column][\/vc_row][vc_row][vc_column][vc_empty_space height=&#8220;100px&#8220;][\/vc_column][\/vc_row][vc_row full_width=&#8220;stretch_row&#8220; el_class=&#8220;scheda-prodotto-configurazioni&#8220; css=&#8220;.vc_custom_1629195376631{background-color: #d2cdc9 !important;}&#8220;][vc_column width=&#8220;1\/12&#8243;][\/vc_column][vc_column width=&#8220;10\/12&#8243;][vc_column_text]<\/p>\n<h3>M\u00f6gliche Konfigurationen f\u00fcr die Wannen<\/h3>\n<p>[\/vc_column_text][vc_row_inner el_class=&#8220;scheda-prodotto-configurazioni-inner-row&#8220;][vc_column_inner el_class=&#8220;scheda-prodotto-configurazioni-col&#8220; width=&#8220;1\/4&#8243;][vc_single_image image=&#8220;7525&#8243; img_size=&#8220;full&#8220; alignment=&#8220;center&#8220;][vc_column_text]<\/p>\n<h4>AKITO<\/h4>\n<p>[\/vc_column_text][\/vc_column_inner][vc_column_inner el_class=&#8220;scheda-prodotto-configurazioni-col&#8220; width=&#8220;1\/4&#8243;][vc_single_image image=&#8220;7529&#8243; img_size=&#8220;full&#8220; alignment=&#8220;center&#8220;][vc_column_text]<\/p>\n<h4>ALYSSUM<\/h4>\n<p>[\/vc_column_text][\/vc_column_inner][vc_column_inner el_class=&#8220;scheda-prodotto-configurazioni-col&#8220; width=&#8220;1\/4&#8243;][vc_single_image image=&#8220;7533&#8243; img_size=&#8220;full&#8220; alignment=&#8220;center&#8220;][vc_column_text]<\/p>\n<h4>DATURA<\/h4>\n<p>[\/vc_column_text][\/vc_column_inner][vc_column_inner el_class=&#8220;scheda-prodotto-configurazioni-col&#8220; width=&#8220;1\/4&#8243;][vc_single_image image=&#8220;7537&#8243; img_size=&#8220;full&#8220; alignment=&#8220;center&#8220;][vc_column_text]<\/p>\n<h4>FRESIA<\/h4>\n<p>[\/vc_column_text][\/vc_column_inner][\/vc_row_inner][vc_row_inner el_class=&#8220;scheda-prodotto-configurazioni-inner-row&#8220;][vc_column_inner el_class=&#8220;scheda-prodotto-configurazioni-col&#8220; width=&#8220;1\/4&#8243;][vc_single_image image=&#8220;7541&#8243; img_size=&#8220;full&#8220; alignment=&#8220;center&#8220;][vc_column_text]<\/p>\n<h4>IBISCO<\/h4>\n<p>[\/vc_column_text][\/vc_column_inner][vc_column_inner el_class=&#8220;scheda-prodotto-configurazioni-col&#8220; width=&#8220;1\/4&#8243;][vc_single_image image=&#8220;7545&#8243; img_size=&#8220;full&#8220; alignment=&#8220;center&#8220;][vc_column_text]<\/p>\n<h4>IRIS<\/h4>\n<p>[\/vc_column_text][\/vc_column_inner][vc_column_inner el_class=&#8220;scheda-prodotto-configurazioni-col&#8220; width=&#8220;1\/4&#8243;][vc_single_image image=&#8220;7549&#8243; img_size=&#8220;full&#8220; alignment=&#8220;center&#8220;][vc_column_text]<\/p>\n<h4>LAYIA<\/h4>\n<p>[\/vc_column_text][\/vc_column_inner][vc_column_inner el_class=&#8220;scheda-prodotto-configurazioni-col&#8220; width=&#8220;1\/4&#8243;][vc_single_image image=&#8220;7553&#8243; img_size=&#8220;full&#8220; alignment=&#8220;center&#8220;][vc_column_text]<\/p>\n<h4>LILIUM<\/h4>\n<p>[\/vc_column_text][\/vc_column_inner][\/vc_row_inner][vc_row_inner el_class=&#8220;scheda-prodotto-configurazioni-inner-row&#8220;][vc_column_inner el_class=&#8220;scheda-prodotto-configurazioni-col&#8220; width=&#8220;1\/4&#8243;][vc_single_image image=&#8220;7557&#8243; img_size=&#8220;full&#8220; alignment=&#8220;center&#8220;][vc_column_text]<\/p>\n<h4>LOBELIA<\/h4>\n<p>[\/vc_column_text][\/vc_column_inner][vc_column_inner el_class=&#8220;scheda-prodotto-configurazioni-col&#8220; width=&#8220;1\/4&#8243;][vc_single_image image=&#8220;7561&#8243; img_size=&#8220;full&#8220; alignment=&#8220;center&#8220;][vc_column_text]<\/p>\n<h4>LOTO<\/h4>\n<p>[\/vc_column_text][\/vc_column_inner][vc_column_inner el_class=&#8220;scheda-prodotto-configurazioni-col&#8220; width=&#8220;1\/4&#8243;][vc_single_image image=&#8220;7565&#8243; img_size=&#8220;full&#8220; alignment=&#8220;center&#8220;][vc_column_text]<\/p>\n<h4>NEMESIA<\/h4>\n<p>[\/vc_column_text][\/vc_column_inner][vc_column_inner el_class=&#8220;scheda-prodotto-configurazioni-col&#8220; width=&#8220;1\/4&#8243;][vc_single_image image=&#8220;7569&#8243; img_size=&#8220;full&#8220; alignment=&#8220;center&#8220;][vc_column_text]<\/p>\n<h4>PRIMULA<\/h4>\n<p>[\/vc_column_text][\/vc_column_inner][\/vc_row_inner][vc_row_inner el_class=&#8220;scheda-prodotto-configurazioni-inner-row&#8220;][vc_column_inner el_class=&#8220;scheda-prodotto-configurazioni-col&#8220; width=&#8220;1\/4&#8243;][vc_single_image image=&#8220;7577&#8243; img_size=&#8220;full&#8220; alignment=&#8220;center&#8220;][vc_column_text]<\/p>\n<h4>VINCA<\/h4>\n<p>[\/vc_column_text][\/vc_column_inner][vc_column_inner el_class=&#8220;scheda-prodotto-configurazioni-col&#8220; width=&#8220;1\/4&#8243;][vc_single_image image=&#8220;7581&#8243; img_size=&#8220;full&#8220; alignment=&#8220;center&#8220;][vc_column_text]<\/p>\n<h4>YUCCA<\/h4>\n<p>[\/vc_column_text][\/vc_column_inner][\/vc_row_inner][\/vc_column][vc_column width=&#8220;1\/12&#8243;][\/vc_column][\/vc_row][vc_row][vc_column][vc_column_text][\/vc_column_text][\/vc_column][\/vc_row][vc_row full_width=&#8220;stretch_row_content_no_spaces&#8220; equal_height=&#8220;yes&#8220; content_placement=&#8220;middle&#8220; el_class=&#8220;row-over-footer row-cta-over-footer&#8220;][vc_column width=&#8220;1\/2&#8243;][vc_single_image image=&#8220;2028&#8243; img_size=&#8220;full&#8220;][\/vc_column][vc_column width=&#8220;1\/2&#8243; el_class=&#8220;row-cta-over-footer-col-text&#8220; css=&#8220;.vc_custom_1632816225176{background-image: url(http:\/\/relaxsrl.com\/wp-content\/uploads\/2021\/09\/cta-ispirazione-opaco.jpg?id=2021) !important;background-position: center !important;background-repeat: no-repeat !important;background-size: cover !important;}&#8220;][vc_row_inner][vc_column_inner width=&#8220;1\/4&#8243;][\/vc_column_inner][vc_column_inner width=&#8220;1\/2&#8243;][vc_column_text]<\/p>\n<h2 style=\"text-align: center;\">Sprechen Sie mit einem Experten!<\/h2>\n<p style=\"text-align: center;\">Nat\u00fcrlich werden Sie konkrete Fragen zu Ihrer Situation haben. Schreiben Sie uns jetzt und einer unserer Experten wird Ihnen antworten.<\/p>\n<p>[\/vc_column_text][vc_btn title=&#8220;NACH INFORMATIONEN FRAGEN&#8220; style=&#8220;classic&#8220; shape=&#8220;square&#8220; color=&#8220;white&#8220; align=&#8220;center&#8220; link=&#8220;url:https%3A%2F%2Frelaxsrl.com%2Fde%2Finformationsanfrage%2F%3Foggetto%3DAuskunftsersuchen%20f%C3%BCr%20IBISCO&#8220; el_class=&#8220;btn-default-white&#8220;][\/vc_column_inner][vc_column_inner width=&#8220;1\/4&#8243;][\/vc_column_inner][\/vc_row_inner][\/vc_column][\/vc_row]<\/p>\n","protected":false},"excerpt":{"rendered":"<p>Freistehende Badewanne aus Solid Surface, perfekt als Mittelpunkt im Raum.<\/p>\n","protected":false},"featured_media":7743,"template":"","meta":[],"product_cat":[1160,801,1993,527,1139,2076,1653,1617],"product_tag":[],"acf":[],"yoast_head":"<!-- This site is optimized with the Yoast SEO Premium plugin v18.4 (Yoast SEO v18.8) - https:\/\/yoast.com\/wordpress\/plugins\/seo\/ -->\n<title>IBISCO - Relax srl<\/title>\n<meta name=\"description\" content=\"Ibisco ist eine freistehende Badewanne aus Solid Surface, einem \u00f6kologischen und zu 100 % recycelbaren Material.\" \/>\n<meta name=\"robots\" content=\"index, follow, max-snippet:-1, max-image-preview:large, max-video-preview:-1\" \/>\n<link rel=\"canonical\" href=\"https:\/\/relaxsrl.com\/de\/produkt\/ibisco\/\" \/>\n<meta property=\"og:locale\" content=\"de_DE\" \/>\n<meta property=\"og:type\" content=\"article\" \/>\n<meta property=\"og:title\" content=\"IBISCO - Relax srl\" \/>\n<meta property=\"og:description\" content=\"Ibisco ist eine freistehende Badewanne aus Solid Surface, einem \u00f6kologischen und zu 100 % recycelbaren Material.\" \/>\n<meta property=\"og:url\" content=\"https:\/\/relaxsrl.com\/de\/produkt\/ibisco\/\" \/>\n<meta property=\"og:site_name\" content=\"Relax srl\" \/>\n<meta property=\"article:modified_time\" content=\"2025-01-13T13:31:17+00:00\" \/>\n<meta property=\"og:image\" content=\"https:\/\/relaxsrl.com\/website\/wp-content\/uploads\/2021\/09\/IBISCO_immagineprincipale.jpg\" \/>\n\t<meta property=\"og:image:width\" content=\"1440\" \/>\n\t<meta property=\"og:image:height\" content=\"1920\" \/>\n\t<meta property=\"og:image:type\" content=\"image\/jpeg\" \/>\n<meta name=\"twitter:card\" content=\"summary_large_image\" \/>\n<meta name=\"twitter:label1\" content=\"Gesch\u00e4tzte Lesezeit\" \/>\n\t<meta name=\"twitter:data1\" content=\"3 Minuten\" \/>\n<script type=\"application\/ld+json\" class=\"yoast-schema-graph\">{\"@context\":\"https:\/\/schema.org\",\"@graph\":[{\"@type\":\"WebSite\",\"@id\":\"https:\/\/relaxsrl.com\/#website\",\"url\":\"https:\/\/relaxsrl.com\/\",\"name\":\"Relax srl\",\"description\":\"\",\"potentialAction\":[{\"@type\":\"SearchAction\",\"target\":{\"@type\":\"EntryPoint\",\"urlTemplate\":\"https:\/\/relaxsrl.com\/?s={search_term_string}\"},\"query-input\":\"required name=search_term_string\"}],\"inLanguage\":\"de-DE\"},{\"@type\":\"ImageObject\",\"inLanguage\":\"de-DE\",\"@id\":\"https:\/\/relaxsrl.com\/de\/produkt\/ibisco\/#primaryimage\",\"url\":\"https:\/\/relaxsrl.com\/website\/wp-content\/uploads\/2021\/09\/IBISCO_immagineprincipale.jpg\",\"contentUrl\":\"https:\/\/relaxsrl.com\/website\/wp-content\/uploads\/2021\/09\/IBISCO_immagineprincipale.jpg\",\"width\":1440,\"height\":1920,\"caption\":\"Ibisco vasca da bagno freestanding in solid surface\"},{\"@type\":\"WebPage\",\"@id\":\"https:\/\/relaxsrl.com\/de\/produkt\/ibisco\/#webpage\",\"url\":\"https:\/\/relaxsrl.com\/de\/produkt\/ibisco\/\",\"name\":\"IBISCO - Relax srl\",\"isPartOf\":{\"@id\":\"https:\/\/relaxsrl.com\/#website\"},\"primaryImageOfPage\":{\"@id\":\"https:\/\/relaxsrl.com\/de\/produkt\/ibisco\/#primaryimage\"},\"datePublished\":\"2021-09-20T10:35:19+00:00\",\"dateModified\":\"2025-01-13T13:31:17+00:00\",\"description\":\"Ibisco ist eine freistehende Badewanne aus Solid Surface, einem \u00f6kologischen und zu 100 % recycelbaren Material.\",\"breadcrumb\":{\"@id\":\"https:\/\/relaxsrl.com\/de\/produkt\/ibisco\/#breadcrumb\"},\"inLanguage\":\"de-DE\",\"potentialAction\":[{\"@type\":\"ReadAction\",\"target\":[\"https:\/\/relaxsrl.com\/de\/produkt\/ibisco\/\"]}]},{\"@type\":\"BreadcrumbList\",\"@id\":\"https:\/\/relaxsrl.com\/de\/produkt\/ibisco\/#breadcrumb\",\"itemListElement\":[{\"@type\":\"ListItem\",\"position\":1,\"name\":\"IBISCO\"}]}]}<\/script>\n<!-- \/ Yoast SEO Premium plugin. -->","yoast_head_json":{"title":"IBISCO - Relax srl","description":"Ibisco ist eine freistehende Badewanne aus Solid Surface, einem \u00f6kologischen und zu 100 % recycelbaren Material.","robots":{"index":"index","follow":"follow","max-snippet":"max-snippet:-1","max-image-preview":"max-image-preview:large","max-video-preview":"max-video-preview:-1"},"canonical":"https:\/\/relaxsrl.com\/de\/produkt\/ibisco\/","og_locale":"de_DE","og_type":"article","og_title":"IBISCO - Relax srl","og_description":"Ibisco ist eine freistehende Badewanne aus Solid Surface, einem \u00f6kologischen und zu 100 % recycelbaren Material.","og_url":"https:\/\/relaxsrl.com\/de\/produkt\/ibisco\/","og_site_name":"Relax srl","article_modified_time":"2025-01-13T13:31:17+00:00","og_image":[{"width":1440,"height":1920,"url":"https:\/\/relaxsrl.com\/website\/wp-content\/uploads\/2021\/09\/IBISCO_immagineprincipale.jpg","type":"image\/jpeg"}],"twitter_card":"summary_large_image","twitter_misc":{"Gesch\u00e4tzte Lesezeit":"3 Minuten"},"schema":{"@context":"https:\/\/schema.org","@graph":[{"@type":"WebSite","@id":"https:\/\/relaxsrl.com\/#website","url":"https:\/\/relaxsrl.com\/","name":"Relax srl","description":"","potentialAction":[{"@type":"SearchAction","target":{"@type":"EntryPoint","urlTemplate":"https:\/\/relaxsrl.com\/?s={search_term_string}"},"query-input":"required name=search_term_string"}],"inLanguage":"de-DE"},{"@type":"ImageObject","inLanguage":"de-DE","@id":"https:\/\/relaxsrl.com\/de\/produkt\/ibisco\/#primaryimage","url":"https:\/\/relaxsrl.com\/website\/wp-content\/uploads\/2021\/09\/IBISCO_immagineprincipale.jpg","contentUrl":"https:\/\/relaxsrl.com\/website\/wp-content\/uploads\/2021\/09\/IBISCO_immagineprincipale.jpg","width":1440,"height":1920,"caption":"Ibisco vasca da bagno freestanding in solid surface"},{"@type":"WebPage","@id":"https:\/\/relaxsrl.com\/de\/produkt\/ibisco\/#webpage","url":"https:\/\/relaxsrl.com\/de\/produkt\/ibisco\/","name":"IBISCO - Relax srl","isPartOf":{"@id":"https:\/\/relaxsrl.com\/#website"},"primaryImageOfPage":{"@id":"https:\/\/relaxsrl.com\/de\/produkt\/ibisco\/#primaryimage"},"datePublished":"2021-09-20T10:35:19+00:00","dateModified":"2025-01-13T13:31:17+00:00","description":"Ibisco ist eine freistehende Badewanne aus Solid Surface, einem \u00f6kologischen und zu 100 % recycelbaren Material.","breadcrumb":{"@id":"https:\/\/relaxsrl.com\/de\/produkt\/ibisco\/#breadcrumb"},"inLanguage":"de-DE","potentialAction":[{"@type":"ReadAction","target":["https:\/\/relaxsrl.com\/de\/produkt\/ibisco\/"]}]},{"@type":"BreadcrumbList","@id":"https:\/\/relaxsrl.com\/de\/produkt\/ibisco\/#breadcrumb","itemListElement":[{"@type":"ListItem","position":1,"name":"IBISCO"}]}]}},"_links":{"self":[{"href":"https:\/\/relaxsrl.com\/de\/wp-json\/wp\/v2\/product\/21056"}],"collection":[{"href":"https:\/\/relaxsrl.com\/de\/wp-json\/wp\/v2\/product"}],"about":[{"href":"https:\/\/relaxsrl.com\/de\/wp-json\/wp\/v2\/types\/product"}],"wp:featuredmedia":[{"embeddable":true,"href":"https:\/\/relaxsrl.com\/de\/wp-json\/wp\/v2\/media\/7743"}],"wp:attachment":[{"href":"https:\/\/relaxsrl.com\/de\/wp-json\/wp\/v2\/media?parent=21056"}],"wp:term":[{"taxonomy":"product_cat","embeddable":true,"href":"https:\/\/relaxsrl.com\/de\/wp-json\/wp\/v2\/product_cat?post=21056"},{"taxonomy":"product_tag","embeddable":true,"href":"https:\/\/relaxsrl.com\/de\/wp-json\/wp\/v2\/product_tag?post=21056"}],"curies":[{"name":"wp","href":"https:\/\/api.w.org\/{rel}","templated":true}]}}