{"id":22213,"date":"2022-07-30T09:53:48","date_gmt":"2022-07-30T07:53:48","guid":{"rendered":"https:\/\/relaxsrl.com\/product\/boiserie-lago\/"},"modified":"2022-08-03T11:15:27","modified_gmt":"2022-08-03T09:15:27","slug":"boiserie-lago","status":"publish","type":"product","link":"https:\/\/relaxsrl.com\/de\/produkt\/boiserie-lago\/","title":{"rendered":"BOISERIE LAGO"},"content":{"rendered":"<p>[vc_row full_width=&#8220;stretch_row_content_no_spaces&#8220; el_class=&#8220;row-header-prodotto-layblue&#8220;][vc_column][vc_raw_html]PGRpdiBjbGFzcz0naGVhZGVyLXByb2RvdHRvLWxheWJsdWUnPjwvZGl2Pg==[\/vc_raw_html][\/vc_column][\/vc_row][vc_row el_class=&#8220;row-header-prodotto&#8220;][vc_column width=&#8220;1\/3&#8243;][vc_column_text el_class=&#8220;row-header-prodotto-txt&#8220;]<\/p>\n<h1>Boiserie Lago, die Mauer, die die Mauern rettet<\/h1>\n<p>Lago ist die Relax-Wand, die f\u00fcr diejenigen geeignet ist, die eine minimalistische und konkrete Herangehensweise an die Badezimmerumgebung bevorzugen.[\/vc_column_text][\/vc_column][vc_column width=&#8220;1\/6&#8243;][\/vc_column][vc_column width=&#8220;1\/2&#8243;][vc_single_image image=&#8220;22211&#8243; img_size=&#8220;full&#8220; alignment=&#8220;center&#8220; el_class=&#8220;row-header-prodotto-img&#8220;][\/vc_column][\/vc_row][vc_row full_width=&#8220;stretch_row&#8220; el_class=&#8220;row-header-prodotto-bg&#8220; css=&#8220;.vc_custom_1634367644304{background-image: url(http:\/\/relaxsrl.com\/wp-content\/uploads\/2021\/09\/sfondo-piatti.jpg?id=7879) !important;}&#8220;][vc_column][\/vc_column][\/vc_row][vc_row el_class=&#8220;row-path&#8220;][vc_column][vc_column_text][\/vc_column_text][\/vc_column][\/vc_row][vc_row el_class=&#8220;scheda-prodotto-row-paragrafo&#8220;][vc_column width=&#8220;7\/12&#8243;][vc_row_inner][vc_column_inner el_class=&#8220;scheda-prodotto-img-col-sx&#8220; width=&#8220;1\/2&#8243;][vc_single_image image=&#8220;22211&#8243; img_size=&#8220;full&#8220; el_class=&#8220;scheda-prodotto-img-dettaglio&#8220;][\/vc_column_inner][vc_column_inner el_class=&#8220;scheda-prodotto-img-col-dx&#8220; width=&#8220;1\/2&#8243;][vc_single_image image=&#8220;22206&#8243; img_size=&#8220;full&#8220; el_class=&#8220;scheda-prodotto-img-dettaglio&#8220;][\/vc_column_inner][\/vc_row_inner][\/vc_column][vc_column width=&#8220;5\/12&#8243;][vc_column_text el_class=&#8220;scheda-prodotto-row-paragrafo-txt abstract&#8220;]<\/p>\n<h2>Funktionen<\/h2>\n<ul>\n<li>Wand aus Harzen und Mineralien<\/li>\n<li>Mit Gelcoat \u00fcberzogen<\/li>\n<li>Dicke 9 mm<\/li>\n<li>4 verschiedene Farben<\/li>\n<\/ul>\n<p>[\/vc_column_text][\/vc_column][\/vc_row][vc_row equal_height=&#8220;yes&#8220; content_placement=&#8220;middle&#8220; el_class=&#8220;scheda-prodotto-row-paragrafo&#8220;][vc_column width=&#8220;1\/12&#8243;][\/vc_column][vc_column width=&#8220;10\/12&#8243;][vc_column_text el_class=&#8220;scheda-prodotto-row-paragrafo-txt&#8220;]<\/p>\n<p style=\"text-align: center;\">Bestehend aus Harzen und Mineralien und mit Gelcoat \u00fcberzogen, einem Material, das die Boiserie au\u00dfen sch\u00fctzt und bedeckt. Es gew\u00e4hrleistet eine dauerhafte Wasserdichtigkeit und l\u00e4sst sich dank seiner Dicke von nur 9 mm in jeder Umgebung einfach einsetzen und handhaben.<\/p>\n<p style=\"text-align: center;\">Lago boiserie ist in 4 verschiedenen Farben erh\u00e4ltlich: wei\u00df, anthrazit, taubengrau, grau. Jedes ist so konzipiert, dass es sich im st\u00e4ndigen Dialog mit den anderen Elementen leicht an das Badezimmer anpasst.<\/p>\n<p style=\"text-align: center;\">Auf Anfrage ist Lago nach Ma\u00df erh\u00e4ltlich.<br \/>\nW\u00e4nde und Duschwannen sowie die anderen Relax-Artikel werden in Italien und in zertifizierter Qualit\u00e4t hergestellt.<\/p>\n<p>[\/vc_column_text][\/vc_column][vc_column width=&#8220;1\/12&#8243;][\/vc_column][\/vc_row][vc_row el_class=&#8220;scheda-prodotto-row-attributi scheda-prodotto-first-row-attributi&#8220;][vc_column width=&#8220;1\/4&#8243; el_class=&#8220;scheda-prodotto-col-attributi&#8220;][vc_column_text]<ul class=\"product-attributes\"><li class=\"product-attribute-altezza-standard\"><span class=\"product-attribute-label\">Standardh\u00f6he<\/span> <span class=\"product-attribute-option ppl\"><span class=\"product-attribute-name\">200 cm&nbsp;<\/span><\/span><span class=\"product-attribute-divider\">,<\/span> <span class=\"product-attribute-option ppl\"><span class=\"product-attribute-name\">200 cm&nbsp;<\/span><\/span><span class=\"product-attribute-divider\">,<\/span> <span class=\"product-attribute-option ppl\"><span class=\"product-attribute-name\">200 cm&nbsp;<\/span><\/span><span class=\"product-attribute-divider\">,<\/span> <span class=\"product-attribute-option ppl\"><span class=\"product-attribute-name\">200 \u0441\u043c&nbsp;<\/span><\/span><span class='product-attribute-name'><span class = 'width:100%;float:left'><\/span><\/span><\/li><\/ul>[\/vc_column_text][\/vc_column][vc_column width=&#8220;1\/4&#8243; el_class=&#8220;scheda-prodotto-col-attributi&#8220;][vc_column_text]<ul class=\"product-attributes\"><li class=\"product-attribute-dimensioni\"><span class=\"product-attribute-label\">Ma\u00dfe<\/span> <span class=\"product-attribute-option ppl\"><span class=\"product-attribute-name\">da 36 cm a 130 cm H.200 cm&nbsp;<\/span><\/span><span class=\"product-attribute-divider\">,<\/span> <span class=\"product-attribute-option ppl\"><span class=\"product-attribute-name\">de 36 cm \u00e0 130 cm H.200 cm&nbsp;<\/span><\/span><span class=\"product-attribute-divider\">,<\/span> <span class=\"product-attribute-option ppl\"><span class=\"product-attribute-name\">from 36 cm to 130 cm H.200 cm&nbsp;<\/span><\/span><span class=\"product-attribute-divider\">,<\/span> <span class=\"product-attribute-option ppl\"><span class=\"product-attribute-name\">\u043e\u0442 36 \u0441\u043c \u0434\u043e 130 \u0441\u043c \u0412. 200 \u0441\u043c&nbsp;<\/span><\/span><span class='product-attribute-name'><span class = 'width:100%;float:left'><\/span><\/span><\/li><\/ul>[\/vc_column_text][\/vc_column][vc_column width=&#8220;1\/4&#8243; el_class=&#8220;scheda-prodotto-col-attributi&#8220;][vc_column_text]<ul class=\"product-attributes\"><li class=\"product-attribute-su-misura\"><span class=\"product-attribute-label\">Ma\u00dfgeschneidert<\/span> <span class=\"product-attribute-option ppl\"><span class=\"product-attribute-name\">Available&nbsp;<\/span><\/span><span class=\"product-attribute-divider\">,<\/span> <span class=\"product-attribute-option ppl\"><span class=\"product-attribute-name\">Verf\u00fcgbar&nbsp;<\/span><\/span><span class=\"product-attribute-divider\">,<\/span> <span class=\"product-attribute-option ppl\"><span class=\"product-attribute-name\">\u0414\u043e\u0441\u0442\u0443\u043f\u043d\u044b\u0439&nbsp;<\/span><\/span><\/li><\/ul>[\/vc_column_text][\/vc_column][\/vc_row][vc_row el_class=&#8220;scheda-prodotto-row-attributi&#8220;][vc_column width=&#8220;1\/2&#8243; el_class=&#8220;scheda-prodotto-col-attributi&#8220;][vc_column_text]<ul class=\"product-attributes\"><li class=\"product-attribute-finiture-disponibili\"><span class=\"product-attribute-label\">Ausf\u00fchrungen erh\u00e4ltlich<\/span> <span class=\"product-attribute-option ppl\"><a href=\"https:\/\/relaxsrl.com\/website\/wp-content\/uploads\/2021\/11\/Finitura-Antracite.jpg\" target=\"_blank\"><img class=\"product-attribute-image\" src=\"https:\/\/relaxsrl.com\/website\/wp-content\/uploads\/2021\/11\/Finitura-Antracite.jpg\"\/><\/a><span class=\"product-attribute-name\">Anthracite finish&nbsp;<\/span><\/span><span class=\"product-attribute-option ppl\"><a href=\"https:\/\/relaxsrl.com\/website\/wp-content\/uploads\/2022\/02\/Finitura-Antracite.jpg\" target=\"_blank\"><img class=\"product-attribute-image\" src=\"https:\/\/relaxsrl.com\/website\/wp-content\/uploads\/2022\/02\/Finitura-Antracite.jpg\"\/><\/a><span class=\"product-attribute-name\">Anthrazit-Finish&nbsp;<\/span><\/span><span class=\"product-attribute-option ppl\"><a href=\"https:\/\/relaxsrl.com\/website\/wp-content\/uploads\/2022\/02\/Finitura-Antracite.jpg\" target=\"_blank\"><img class=\"product-attribute-image\" src=\"https:\/\/relaxsrl.com\/website\/wp-content\/uploads\/2022\/02\/Finitura-Antracite.jpg\"\/><\/a><span class=\"product-attribute-name\">Finition anthracite&nbsp;<\/span><\/span><span class=\"product-attribute-option ppl\"><a href=\"https:\/\/relaxsrl.com\/website\/wp-content\/uploads\/2022\/02\/Finitura-Bianca.jpg\" target=\"_blank\"><img class=\"product-attribute-image\" src=\"https:\/\/relaxsrl.com\/website\/wp-content\/uploads\/2022\/02\/Finitura-Bianca.jpg\"\/><\/a><span class=\"product-attribute-name\">Finition blanc&nbsp;<\/span><\/span><span class='product-attribute-name'><span class = 'width:100%;float:left'><\/span><\/span><span class=\"product-attribute-option ppl\"><a href=\"https:\/\/relaxsrl.com\/website\/wp-content\/uploads\/2021\/09\/Finitura-Grigia-1.jpg\" target=\"_blank\"><img class=\"product-attribute-image\" src=\"https:\/\/relaxsrl.com\/website\/wp-content\/uploads\/2021\/09\/Finitura-Grigia-1.jpg\"\/><\/a><span class=\"product-attribute-name\">Finition grise&nbsp;<\/span><\/span><span class=\"product-attribute-option ppl\"><a href=\"https:\/\/relaxsrl.com\/website\/wp-content\/uploads\/2022\/02\/Finitura-Tortora.jpg\" target=\"_blank\"><img class=\"product-attribute-image\" src=\"https:\/\/relaxsrl.com\/website\/wp-content\/uploads\/2022\/02\/Finitura-Tortora.jpg\"\/><\/a><span class=\"product-attribute-name\">Finition tourterelle&nbsp;<\/span><\/span><span class=\"product-attribute-option ppl\"><a href=\"https:\/\/relaxsrl.com\/website\/wp-content\/uploads\/2022\/02\/Finitura-Grigio.jpg\" target=\"_blank\"><img class=\"product-attribute-image\" src=\"https:\/\/relaxsrl.com\/website\/wp-content\/uploads\/2022\/02\/Finitura-Grigio.jpg\"\/><\/a><span class=\"product-attribute-name\">Graue Ausf\u00fchrung&nbsp;<\/span><\/span><span class=\"product-attribute-option ppl\"><a href=\"https:\/\/relaxsrl.com\/website\/wp-content\/uploads\/2021\/11\/Finitura-Grigio.jpg\" target=\"_blank\"><img class=\"product-attribute-image\" src=\"https:\/\/relaxsrl.com\/website\/wp-content\/uploads\/2021\/11\/Finitura-Grigio.jpg\"\/><\/a><span class=\"product-attribute-name\">Grey finish&nbsp;<\/span><\/span><span class='product-attribute-name'><span class = 'width:100%;float:left'><\/span><\/span><span class=\"product-attribute-option ppl\"><a href=\"https:\/\/relaxsrl.com\/website\/wp-content\/uploads\/2022\/02\/Finitura-Tortora.jpg\" target=\"_blank\"><img class=\"product-attribute-image\" src=\"https:\/\/relaxsrl.com\/website\/wp-content\/uploads\/2022\/02\/Finitura-Tortora.jpg\"\/><\/a><span class=\"product-attribute-name\">Taubengraues Finish&nbsp;<\/span><\/span><span class=\"product-attribute-option ppl\"><a href=\"https:\/\/relaxsrl.com\/website\/wp-content\/uploads\/2021\/11\/Finitura-Tortora.jpg\" target=\"_blank\"><img class=\"product-attribute-image\" src=\"https:\/\/relaxsrl.com\/website\/wp-content\/uploads\/2021\/11\/Finitura-Tortora.jpg\"\/><\/a><span class=\"product-attribute-name\">Taupe finish&nbsp;<\/span><\/span><span class=\"product-attribute-option ppl\"><a href=\"https:\/\/relaxsrl.com\/website\/wp-content\/uploads\/2022\/02\/Finitura-Bianca.jpg\" target=\"_blank\"><img class=\"product-attribute-image\" src=\"https:\/\/relaxsrl.com\/website\/wp-content\/uploads\/2022\/02\/Finitura-Bianca.jpg\"\/><\/a><span class=\"product-attribute-name\">Wei\u00dfe Ausf\u00fchrung&nbsp;<\/span><\/span><span class=\"product-attribute-option ppl\"><a href=\"https:\/\/relaxsrl.com\/website\/wp-content\/uploads\/2021\/11\/Finitura-Bianca.jpg\" target=\"_blank\"><img class=\"product-attribute-image\" src=\"https:\/\/relaxsrl.com\/website\/wp-content\/uploads\/2021\/11\/Finitura-Bianca.jpg\"\/><\/a><span class=\"product-attribute-name\">White finish&nbsp;<\/span><\/span><span class='product-attribute-name'><span class = 'width:100%;float:left'><\/span><\/span><span class=\"product-attribute-option ppl\"><a href=\"https:\/\/relaxsrl.com\/website\/wp-content\/uploads\/2022\/02\/Finitura-Antracite.jpg\" target=\"_blank\"><img class=\"product-attribute-image\" src=\"https:\/\/relaxsrl.com\/website\/wp-content\/uploads\/2022\/02\/Finitura-Antracite.jpg\"\/><\/a><span class=\"product-attribute-name\">\u043e\u0442\u0434\u0435\u043b\u043a\u0430 \u0430\u043d\u0442\u0440\u0430\u0446\u0438\u0442&nbsp;<\/span><\/span><span class=\"product-attribute-option ppl\"><a href=\"https:\/\/relaxsrl.com\/website\/wp-content\/uploads\/2022\/02\/Finitura-Bianca.jpg\" target=\"_blank\"><img class=\"product-attribute-image\" src=\"https:\/\/relaxsrl.com\/website\/wp-content\/uploads\/2022\/02\/Finitura-Bianca.jpg\"\/><\/a><span class=\"product-attribute-name\">\u043e\u0442\u0434\u0435\u043b\u043a\u0430 \u0431\u0435\u043b\u044b\u0439&nbsp;<\/span><\/span><span class=\"product-attribute-option ppl\"><a href=\"https:\/\/relaxsrl.com\/website\/wp-content\/uploads\/2022\/02\/Finitura-Tortora.jpg\" target=\"_blank\"><img class=\"product-attribute-image\" src=\"https:\/\/relaxsrl.com\/website\/wp-content\/uploads\/2022\/02\/Finitura-Tortora.jpg\"\/><\/a><span class=\"product-attribute-name\">\u043e\u0442\u0434\u0435\u043b\u043a\u0430 \u0433\u043e\u043b\u0443\u0431\u0438\u043d\u044b\u0439 \u0441\u0435\u0440\u044b\u0439&nbsp;<\/span><\/span><span class=\"product-attribute-option ppl\"><a href=\"https:\/\/relaxsrl.com\/website\/wp-content\/uploads\/2022\/02\/Finitura-Grigio.jpg\" target=\"_blank\"><img class=\"product-attribute-image\" src=\"https:\/\/relaxsrl.com\/website\/wp-content\/uploads\/2022\/02\/Finitura-Grigio.jpg\"\/><\/a><span class=\"product-attribute-name\">\u043e\u0442\u0434\u0435\u043b\u043a\u0430 \u0421\u0435\u0440\u044b\u0439&nbsp;<\/span><\/span><span class='product-attribute-name'><span class = 'width:100%;float:left'><\/span><\/span><\/li><\/ul>[\/vc_column_text][\/vc_column][vc_column width=&#8220;1\/2&#8243; el_class=&#8220;scheda-prodotto-col-attributi&#8220;][\/vc_column][\/vc_row][vc_row disable_element=&#8220;yes&#8220; el_class=&#8220;scheda-prodotto-row-attributi&#8220;][vc_column width=&#8220;1\/4&#8243; el_class=&#8220;scheda-prodotto-col-attributi&#8220;][vc_column_text][\/vc_column_text][\/vc_column][vc_column width=&#8220;1\/4&#8243; el_class=&#8220;scheda-prodotto-col-attributi&#8220;][vc_column_text][\/vc_column_text][\/vc_column][vc_column width=&#8220;1\/4&#8243; el_class=&#8220;scheda-prodotto-col-attributi&#8220;][\/vc_column][vc_column width=&#8220;1\/4&#8243;][\/vc_column][\/vc_row][vc_row disable_element=&#8220;yes&#8220; el_class=&#8220;scheda-prodotto-row-attributi&#8220;][vc_column width=&#8220;1\/4&#8243; el_class=&#8220;scheda-prodotto-col-attributi&#8220;][vc_column_text]<a href=\"http:\/\/relaxsrl.com\/prodotti\/download\/#BOBOX_A\" rel=\"noopener\">Scheda tecnica<\/a>[\/vc_column_text][\/vc_column][vc_column width=&#8220;1\/4&#8243; el_class=&#8220;scheda-prodotto-col-attributi&#8220;][vc_column_text]<\/p>\n<p><a href=\"http:\/\/relaxsrl.com\/prodotti\/download\/#BOBOX_A\" rel=\"noopener\">Istruzioni per<br \/>\nil montaggio<\/a><\/p>\n<p>[\/vc_column_text][\/vc_column][vc_column width=&#8220;1\/4&#8243; el_class=&#8220;scheda-prodotto-col-attributi&#8220;][vc_column_text]<a href=\"http:\/\/relaxsrl.com\/area-architetti\/area-architetti-documentation\/#BOBOX_A\">File 3D per architetti<\/a>[\/vc_column_text][\/vc_column][vc_column width=&#8220;1\/4&#8243; el_class=&#8220;scheda-prodotto-col-attributi&#8220;][vc_column_text]<a href=\"http:\/\/relaxsrl.com\/area-rivenditori\/area-rivenditori-documentation\/#BOBOX_A\">File 3D per rivenditori<\/a>[\/vc_column_text][\/vc_column][\/vc_row][vc_row][vc_column][vc_column_text][\/vc_column_text][\/vc_column][\/vc_row][vc_row full_width=&#8220;stretch_row_content_no_spaces&#8220; equal_height=&#8220;yes&#8220; content_placement=&#8220;middle&#8220; el_class=&#8220;row-over-footer row-cta-over-footer&#8220;][vc_column width=&#8220;1\/2&#8243;][vc_single_image image=&#8220;2028&#8243; img_size=&#8220;full&#8220;][\/vc_column][vc_column width=&#8220;1\/2&#8243; el_class=&#8220;row-cta-over-footer-col-text&#8220; css=&#8220;.vc_custom_1632816225176{background-image: url(http:\/\/relaxsrl.com\/wp-content\/uploads\/2021\/09\/cta-ispirazione-opaco.jpg?id=2021) !important;background-position: center !important;background-repeat: no-repeat !important;background-size: cover !important;}&#8220;][vc_row_inner][vc_column_inner width=&#8220;1\/4&#8243;][\/vc_column_inner][vc_column_inner width=&#8220;1\/2&#8243;][vc_column_text]<\/p>\n<h2 style=\"text-align: center;\">Sprechen Sie mit einem Experten!<\/h2>\n<p style=\"text-align: center;\">Nat\u00fcrlich werden Sie konkrete Fragen zu Ihrer Situation haben. Schreiben Sie uns jetzt und einer unserer Experten wird Ihnen antworten.<\/p>\n<p>[\/vc_column_text][vc_btn title=&#8220;NACH INFORMATIONEN FRAGEN&#8220; style=&#8220;classic&#8220; shape=&#8220;square&#8220; color=&#8220;white&#8220; align=&#8220;center&#8220; link=&#8220;url:http%3A%2F%2Frelaxsrl.com%2Fprodotti%2Frichiesta-informazioni%2F%3Foggetto%3DAuskunftsersuchen%20f%C3%BCr%20BOISERIE%20LAGO|&#8220; el_class=&#8220;btn-default-white&#8220;][\/vc_column_inner][vc_column_inner width=&#8220;1\/4&#8243;][\/vc_column_inner][\/vc_row_inner][\/vc_column][\/vc_row]<\/p>\n","protected":false},"excerpt":{"rendered":"<p>Boiserie aus solid surface mit 9 mm Dicke.<\/p>\n","protected":false},"featured_media":22211,"template":"","meta":[],"product_cat":[2001,1161,799,527,1993,1139,1651,1617],"product_tag":[],"acf":[],"yoast_head":"<!-- This site is optimized with the Yoast SEO Premium plugin v18.4 (Yoast SEO v18.8) - https:\/\/yoast.com\/wordpress\/plugins\/seo\/ -->\n<title>BOISERIE LAGO - Relax srl<\/title>\n<meta name=\"description\" content=\"Boiserie Lago ist die Relax-Wand, die f\u00fcr diejenigen geeignet ist, die eine minimalistische und konkrete Herangehensweise an das Badezimmer bevorzugen. Finde mehr heraus.\" \/>\n<meta name=\"robots\" content=\"index, follow, max-snippet:-1, max-image-preview:large, max-video-preview:-1\" \/>\n<link rel=\"canonical\" href=\"https:\/\/relaxsrl.com\/de\/produkt\/boiserie-lago\/\" \/>\n<meta property=\"og:locale\" content=\"de_DE\" \/>\n<meta property=\"og:type\" content=\"article\" \/>\n<meta property=\"og:title\" content=\"BOISERIE LAGO - Relax srl\" \/>\n<meta property=\"og:description\" content=\"Boiserie Lago ist die Relax-Wand, die f\u00fcr diejenigen geeignet ist, die eine minimalistische und konkrete Herangehensweise an das Badezimmer bevorzugen. Finde mehr heraus.\" \/>\n<meta property=\"og:url\" content=\"https:\/\/relaxsrl.com\/de\/produkt\/boiserie-lago\/\" \/>\n<meta property=\"og:site_name\" content=\"Relax srl\" \/>\n<meta property=\"article:modified_time\" content=\"2022-08-03T09:15:27+00:00\" \/>\n<meta property=\"og:image\" content=\"https:\/\/relaxsrl.com\/website\/wp-content\/uploads\/2022\/07\/PIATTI_LAGO_PLUS_APERTURA.jpg\" \/>\n\t<meta property=\"og:image:width\" content=\"1440\" \/>\n\t<meta property=\"og:image:height\" content=\"1920\" \/>\n\t<meta property=\"og:image:type\" content=\"image\/jpeg\" \/>\n<meta name=\"twitter:card\" content=\"summary_large_image\" \/>\n<meta name=\"twitter:label1\" content=\"Gesch\u00e4tzte Lesezeit\" \/>\n\t<meta name=\"twitter:data1\" content=\"4 Minuten\" \/>\n<script type=\"application\/ld+json\" class=\"yoast-schema-graph\">{\"@context\":\"https:\/\/schema.org\",\"@graph\":[{\"@type\":\"WebSite\",\"@id\":\"https:\/\/relaxsrl.com\/#website\",\"url\":\"https:\/\/relaxsrl.com\/\",\"name\":\"Relax srl\",\"description\":\"\",\"potentialAction\":[{\"@type\":\"SearchAction\",\"target\":{\"@type\":\"EntryPoint\",\"urlTemplate\":\"https:\/\/relaxsrl.com\/?s={search_term_string}\"},\"query-input\":\"required name=search_term_string\"}],\"inLanguage\":\"de-DE\"},{\"@type\":\"ImageObject\",\"inLanguage\":\"de-DE\",\"@id\":\"https:\/\/relaxsrl.com\/de\/produkt\/boiserie-lago\/#primaryimage\",\"url\":\"https:\/\/relaxsrl.com\/website\/wp-content\/uploads\/2022\/07\/PIATTI_LAGO_PLUS_APERTURA.jpg\",\"contentUrl\":\"https:\/\/relaxsrl.com\/website\/wp-content\/uploads\/2022\/07\/PIATTI_LAGO_PLUS_APERTURA.jpg\",\"width\":1440,\"height\":1920,\"caption\":\"Wandverkleidung aus Mineralwerkstoff Lago\"},{\"@type\":\"WebPage\",\"@id\":\"https:\/\/relaxsrl.com\/de\/produkt\/boiserie-lago\/#webpage\",\"url\":\"https:\/\/relaxsrl.com\/de\/produkt\/boiserie-lago\/\",\"name\":\"BOISERIE LAGO - Relax srl\",\"isPartOf\":{\"@id\":\"https:\/\/relaxsrl.com\/#website\"},\"primaryImageOfPage\":{\"@id\":\"https:\/\/relaxsrl.com\/de\/produkt\/boiserie-lago\/#primaryimage\"},\"datePublished\":\"2022-07-30T07:53:48+00:00\",\"dateModified\":\"2022-08-03T09:15:27+00:00\",\"description\":\"Boiserie Lago ist die Relax-Wand, die f\u00fcr diejenigen geeignet ist, die eine minimalistische und konkrete Herangehensweise an das Badezimmer bevorzugen. Finde mehr heraus.\",\"breadcrumb\":{\"@id\":\"https:\/\/relaxsrl.com\/de\/produkt\/boiserie-lago\/#breadcrumb\"},\"inLanguage\":\"de-DE\",\"potentialAction\":[{\"@type\":\"ReadAction\",\"target\":[\"https:\/\/relaxsrl.com\/de\/produkt\/boiserie-lago\/\"]}]},{\"@type\":\"BreadcrumbList\",\"@id\":\"https:\/\/relaxsrl.com\/de\/produkt\/boiserie-lago\/#breadcrumb\",\"itemListElement\":[{\"@type\":\"ListItem\",\"position\":1,\"name\":\"BOISERIE LAGO\"}]}]}<\/script>\n<!-- \/ Yoast SEO Premium plugin. -->","yoast_head_json":{"title":"BOISERIE LAGO - Relax srl","description":"Boiserie Lago ist die Relax-Wand, die f\u00fcr diejenigen geeignet ist, die eine minimalistische und konkrete Herangehensweise an das Badezimmer bevorzugen. Finde mehr heraus.","robots":{"index":"index","follow":"follow","max-snippet":"max-snippet:-1","max-image-preview":"max-image-preview:large","max-video-preview":"max-video-preview:-1"},"canonical":"https:\/\/relaxsrl.com\/de\/produkt\/boiserie-lago\/","og_locale":"de_DE","og_type":"article","og_title":"BOISERIE LAGO - Relax srl","og_description":"Boiserie Lago ist die Relax-Wand, die f\u00fcr diejenigen geeignet ist, die eine minimalistische und konkrete Herangehensweise an das Badezimmer bevorzugen. Finde mehr heraus.","og_url":"https:\/\/relaxsrl.com\/de\/produkt\/boiserie-lago\/","og_site_name":"Relax srl","article_modified_time":"2022-08-03T09:15:27+00:00","og_image":[{"width":1440,"height":1920,"url":"https:\/\/relaxsrl.com\/website\/wp-content\/uploads\/2022\/07\/PIATTI_LAGO_PLUS_APERTURA.jpg","type":"image\/jpeg"}],"twitter_card":"summary_large_image","twitter_misc":{"Gesch\u00e4tzte Lesezeit":"4 Minuten"},"schema":{"@context":"https:\/\/schema.org","@graph":[{"@type":"WebSite","@id":"https:\/\/relaxsrl.com\/#website","url":"https:\/\/relaxsrl.com\/","name":"Relax srl","description":"","potentialAction":[{"@type":"SearchAction","target":{"@type":"EntryPoint","urlTemplate":"https:\/\/relaxsrl.com\/?s={search_term_string}"},"query-input":"required name=search_term_string"}],"inLanguage":"de-DE"},{"@type":"ImageObject","inLanguage":"de-DE","@id":"https:\/\/relaxsrl.com\/de\/produkt\/boiserie-lago\/#primaryimage","url":"https:\/\/relaxsrl.com\/website\/wp-content\/uploads\/2022\/07\/PIATTI_LAGO_PLUS_APERTURA.jpg","contentUrl":"https:\/\/relaxsrl.com\/website\/wp-content\/uploads\/2022\/07\/PIATTI_LAGO_PLUS_APERTURA.jpg","width":1440,"height":1920,"caption":"Wandverkleidung aus Mineralwerkstoff Lago"},{"@type":"WebPage","@id":"https:\/\/relaxsrl.com\/de\/produkt\/boiserie-lago\/#webpage","url":"https:\/\/relaxsrl.com\/de\/produkt\/boiserie-lago\/","name":"BOISERIE LAGO - Relax srl","isPartOf":{"@id":"https:\/\/relaxsrl.com\/#website"},"primaryImageOfPage":{"@id":"https:\/\/relaxsrl.com\/de\/produkt\/boiserie-lago\/#primaryimage"},"datePublished":"2022-07-30T07:53:48+00:00","dateModified":"2022-08-03T09:15:27+00:00","description":"Boiserie Lago ist die Relax-Wand, die f\u00fcr diejenigen geeignet ist, die eine minimalistische und konkrete Herangehensweise an das Badezimmer bevorzugen. Finde mehr heraus.","breadcrumb":{"@id":"https:\/\/relaxsrl.com\/de\/produkt\/boiserie-lago\/#breadcrumb"},"inLanguage":"de-DE","potentialAction":[{"@type":"ReadAction","target":["https:\/\/relaxsrl.com\/de\/produkt\/boiserie-lago\/"]}]},{"@type":"BreadcrumbList","@id":"https:\/\/relaxsrl.com\/de\/produkt\/boiserie-lago\/#breadcrumb","itemListElement":[{"@type":"ListItem","position":1,"name":"BOISERIE LAGO"}]}]}},"_links":{"self":[{"href":"https:\/\/relaxsrl.com\/de\/wp-json\/wp\/v2\/product\/22213"}],"collection":[{"href":"https:\/\/relaxsrl.com\/de\/wp-json\/wp\/v2\/product"}],"about":[{"href":"https:\/\/relaxsrl.com\/de\/wp-json\/wp\/v2\/types\/product"}],"wp:featuredmedia":[{"embeddable":true,"href":"https:\/\/relaxsrl.com\/de\/wp-json\/wp\/v2\/media\/22211"}],"wp:attachment":[{"href":"https:\/\/relaxsrl.com\/de\/wp-json\/wp\/v2\/media?parent=22213"}],"wp:term":[{"taxonomy":"product_cat","embeddable":true,"href":"https:\/\/relaxsrl.com\/de\/wp-json\/wp\/v2\/product_cat?post=22213"},{"taxonomy":"product_tag","embeddable":true,"href":"https:\/\/relaxsrl.com\/de\/wp-json\/wp\/v2\/product_tag?post=22213"}],"curies":[{"name":"wp","href":"https:\/\/api.w.org\/{rel}","templated":true}]}}