{"id":28952,"date":"2023-07-04T08:35:26","date_gmt":"2023-07-04T06:35:28","guid":{"rendered":"https:\/\/relaxsrl.com\/?post_type=product&#038;p=28952"},"modified":"2023-07-04T09:20:13","modified_gmt":"2023-07-04T07:20:13","slug":"evox-sf-f-f4","status":"publish","type":"product","link":"https:\/\/relaxsrl.com\/de\/produkt\/evox-sf-f-f4\/","title":{"rendered":"EVOX SF + F + F4"},"content":{"rendered":"<p>[vc_row full_width=&#8220;stretch_row_content_no_spaces&#8220; el_class=&#8220;row-header-prodotto-layblue&#8220;][vc_column][vc_raw_html]PGRpdiBjbGFzcz0naGVhZGVyLXByb2RvdHRvLWxheWJsdWUnPjwvZGl2Pg==[\/vc_raw_html][\/vc_column][\/vc_row][vc_row el_class=&#8220;row-header-prodotto&#8220;][vc_column width=&#8220;1\/3&#8243;][vc_column_text el_class=&#8220;row-header-prodotto-txt&#8220;]<\/p>\n<h1>Evox SF+F+F4, Duschabtrennung mit Soft-Close<\/h1>\n<p>Evox SF+F+F4 ist eine Mittelwand-Duschabtrennung mit einer Schiebet\u00fcr, die mit einem Soft-Close-System ausgestattet ist, das ein besonderes Gef\u00fchl von Stabilit\u00e4t und Sicherheit vermittelt, und zwei festen Seiten.[\/vc_column_text][\/vc_column][vc_column width=&#8220;1\/6&#8243;][\/vc_column][vc_column width=&#8220;1\/2&#8243;][vc_single_image image=&#8220;28956&#8243; img_size=&#8220;full&#8220; alignment=&#8220;center&#8220; el_class=&#8220;row-header-prodotto-img&#8220;][\/vc_column][\/vc_row][vc_row full_width=&#8220;stretch_row&#8220; el_class=&#8220;row-header-prodotto-bg&#8220; css=&#8220;.vc_custom_1633726214321{background-image: url(http:\/\/relaxsrl.com\/wp-content\/uploads\/2021\/09\/collezione-evox.jpg?id=2706) !important;}&#8220;][vc_column][\/vc_column][\/vc_row][vc_row el_class=&#8220;row-path&#8220;][vc_column][vc_column_text][\/vc_column_text][\/vc_column][\/vc_row][vc_row el_class=&#8220;scheda-prodotto-row-paragrafo&#8220;][vc_column width=&#8220;7\/12&#8243;][vc_row_inner][vc_column_inner el_class=&#8220;scheda-prodotto-img-col-sx&#8220; width=&#8220;1\/2&#8243;][vc_single_image image=&#8220;5140&#8243; img_size=&#8220;full&#8220; el_class=&#8220;scheda-prodotto-img-dettaglio&#8220;][\/vc_column_inner][vc_column_inner el_class=&#8220;scheda-prodotto-img-col-dx&#8220; width=&#8220;1\/2&#8243;][vc_single_image image=&#8220;5144&#8243; img_size=&#8220;full&#8220; el_class=&#8220;scheda-prodotto-img-dettaglio&#8220;][\/vc_column_inner][\/vc_row_inner][\/vc_column][vc_column width=&#8220;5\/12&#8243;][vc_column_text el_class=&#8220;scheda-prodotto-row-paragrafo-txt abstract&#8220;]<\/p>\n<h2>Funktionen<\/h2>\n<ul>\n<li>Ausgestattet mit einem Soft-Close-System<\/li>\n<li>Ausgestattet mit einer Lagerabdeckung<\/li>\n<li>Schnellverschlusssystem f\u00fcr die T\u00fcren, um die Reinigung zu erleichtern<\/li>\n<li>Wandbefestigungsprofil mit verdeckten Schrauben<\/li>\n<li>T\u00fcr mit Magnetverschluss ausgestattet<\/li>\n<\/ul>\n<p>[\/vc_column_text][\/vc_column][\/vc_row][vc_row equal_height=&#8220;yes&#8220; content_placement=&#8220;middle&#8220; el_class=&#8220;scheda-prodotto-row-paragrafo&#8220;][vc_column width=&#8220;1\/6&#8243;][\/vc_column][vc_column width=&#8220;4\/6&#8243;][vc_column_text el_class=&#8220;scheda-prodotto-row-paragrafo-txt&#8220;]<\/p>\n<p style=\"text-align: center;\">Evox SF+F+F4 ist eine Mittelwand-Duschkabine mit Schiebet\u00fcr und zwei festen Seiten. Es ist mit einem speziellen Schlie\u00dfsystem namens Soft-Close ausgestattet, das ein v\u00f6llig sicheres Schlie\u00dfen der T\u00fcr mit einer sanften Begleitbewegung erm\u00f6glicht.<\/p>\n<p style=\"text-align: center;\">Die Evox-Kollektion ist in verschiedenen Glas- und Aluminiumausf\u00fchrungen erh\u00e4ltlich.<\/p>\n<p style=\"text-align: center;\">Es ist m\u00f6glich, die Duschabtrennung nach Ma\u00df und mit geformtem Glas f\u00fcr Dachb\u00f6den und besondere L\u00f6sungen zu bestellen.<br \/>\nDas Produkt ist auch in der Konfiguration mit einer dritten festen Seite erh\u00e4ltlich.<br \/>\nDuschkabinen und Zubeh\u00f6r werden alle in Italien in zertifizierter Qualit\u00e4t hergestellt.<\/p>\n<p>[\/vc_column_text][\/vc_column][vc_column width=&#8220;1\/6&#8243;][\/vc_column][\/vc_row][vc_row el_class=&#8220;scheda-prodotto-row-attributi scheda-prodotto-first-row-attributi&#8220;][vc_column width=&#8220;1\/4&#8243; el_class=&#8220;scheda-prodotto-col-attributi&#8220;][vc_column_text]<ul class=\"product-attributes\"><li class=\"product-attribute-altezza-standard\"><span class=\"product-attribute-label\">Standardh\u00f6he<\/span> <span class=\"product-attribute-option ppl\"><span class=\"product-attribute-name\">200 cm&nbsp;<\/span><\/span><\/li><\/ul>[\/vc_column_text][\/vc_column][vc_column width=&#8220;1\/4&#8243; el_class=&#8220;scheda-prodotto-col-attributi&#8220;][vc_column_text]<ul class=\"product-attributes\"><li class=\"product-attribute-dimensioni\"><span class=\"product-attribute-label\">Ma\u00dfe<\/span> <span class=\"product-attribute-option ppl\"><span class=\"product-attribute-name\">da 100 cm a 170 cm&nbsp;<\/span><\/span><\/li><\/ul>[\/vc_column_text][\/vc_column][vc_column width=&#8220;1\/4&#8243; el_class=&#8220;scheda-prodotto-col-attributi&#8220;][vc_column_text]<ul class=\"product-attributes\"><li class=\"product-attribute-profondit\"><span class=\"product-attribute-label\">Tiefe<\/span> <span class=\"product-attribute-option ppl\"><span class=\"product-attribute-name\">da 70 cm a 100 cm&nbsp;<\/span><\/span><\/li><\/ul>[\/vc_column_text][\/vc_column][vc_column width=&#8220;1\/4&#8243; el_class=&#8220;scheda-prodotto-col-attributi&#8220;][vc_column_text]<ul class=\"product-attributes\"><li class=\"product-attribute-spessore-vetro\"><span class=\"product-attribute-label\">Glasdicke<\/span> <span class=\"product-attribute-option ppl\"><span class=\"product-attribute-name\">6 mm&nbsp;<\/span><\/span><\/li><\/ul>[\/vc_column_text][\/vc_column][\/vc_row][vc_row el_class=&#8220;scheda-prodotto-row-attributi&#8220;][vc_column width=&#8220;1\/2&#8243; el_class=&#8220;scheda-prodotto-col-attributi&#8220;][vc_column_text]<ul class=\"product-attributes\"><li class=\"product-attribute-finiture-vetro\"><span class=\"product-attribute-label\">Glasoberfl\u00e4chen<\/span> <span class=\"product-attribute-option ppl\"><a href=\"https:\/\/relaxsrl.com\/website\/wp-content\/uploads\/2021\/09\/Grigio-Europa.jpg\" target=\"_blank\"><img class=\"product-attribute-image\" src=\"https:\/\/relaxsrl.com\/website\/wp-content\/uploads\/2021\/09\/Grigio-Europa.jpg\"\/><\/a><span class=\"product-attribute-name\">Grigio europa&nbsp;<\/span><\/span><span class=\"product-attribute-option ppl\"><a href=\"https:\/\/relaxsrl.com\/website\/wp-content\/uploads\/2021\/09\/Piumato.jpg\" target=\"_blank\"><img class=\"product-attribute-image\" src=\"https:\/\/relaxsrl.com\/website\/wp-content\/uploads\/2021\/09\/Piumato.jpg\"\/><\/a><span class=\"product-attribute-name\">Piumato&nbsp;<\/span><\/span><span class=\"product-attribute-option ppl\"><a href=\"https:\/\/relaxsrl.com\/website\/wp-content\/uploads\/2021\/09\/Satinato.jpg\" target=\"_blank\"><img class=\"product-attribute-image\" src=\"https:\/\/relaxsrl.com\/website\/wp-content\/uploads\/2021\/09\/Satinato.jpg\"\/><\/a><span class=\"product-attribute-name\">Satinato&nbsp;<\/span><\/span><span class=\"product-attribute-option ppl\"><a href=\"https:\/\/relaxsrl.com\/website\/wp-content\/uploads\/2021\/09\/Trasparente.jpg\" target=\"_blank\"><img class=\"product-attribute-image\" src=\"https:\/\/relaxsrl.com\/website\/wp-content\/uploads\/2021\/09\/Trasparente.jpg\"\/><\/a><span class=\"product-attribute-name\">Trasparente&nbsp;<\/span><\/span><span class='product-attribute-name'><span class = 'width:100%;float:left'><\/span><\/span><\/li><\/ul>[\/vc_column_text][vc_empty_space height=&#8220;30px&#8220;][vc_column_text]<ul class=\"product-attributes\"><li class=\"product-attribute-serigrafie\"><span class=\"product-attribute-label\">Serigrafie<\/span> <span class=\"product-attribute-option ppl\"><a href=\"https:\/\/relaxsrl.com\/website\/wp-content\/uploads\/2021\/09\/Fasce-08.jpg\" target=\"_blank\"><img class=\"product-attribute-image\" src=\"https:\/\/relaxsrl.com\/website\/wp-content\/uploads\/2021\/09\/Fasce-08.jpg\"\/><\/a><span class=\"product-attribute-name\">Serigrafia 08&nbsp;<\/span><\/span><\/li><\/ul>[\/vc_column_text][\/vc_column][vc_column width=&#8220;1\/2&#8243; el_class=&#8220;scheda-prodotto-col-attributi&#8220;][vc_column_text]<ul class=\"product-attributes\"><li class=\"product-attribute-finiture-profili\"><span class=\"product-attribute-label\">Profil endet<\/span> <span class=\"product-attribute-option ppl\"><a href=\"https:\/\/relaxsrl.com\/website\/wp-content\/uploads\/2021\/09\/Acciaio.jpg\" target=\"_blank\"><img class=\"product-attribute-image\" src=\"https:\/\/relaxsrl.com\/website\/wp-content\/uploads\/2021\/09\/Acciaio.jpg\"\/><\/a><span class=\"product-attribute-name\">Acciaio&nbsp;<\/span><\/span><span class=\"product-attribute-option ppl\"><a href=\"https:\/\/relaxsrl.com\/website\/wp-content\/uploads\/2022\/02\/Bianco.jpg\" target=\"_blank\"><img class=\"product-attribute-image\" src=\"https:\/\/relaxsrl.com\/website\/wp-content\/uploads\/2022\/02\/Bianco.jpg\"\/><\/a><span class=\"product-attribute-name\">Bianco&nbsp;<\/span><\/span><span class=\"product-attribute-option ppl\"><a href=\"https:\/\/relaxsrl.com\/website\/wp-content\/uploads\/2022\/02\/Brillantato.jpg\" target=\"_blank\"><img class=\"product-attribute-image\" src=\"https:\/\/relaxsrl.com\/website\/wp-content\/uploads\/2022\/02\/Brillantato.jpg\"\/><\/a><span class=\"product-attribute-name\">Brillantato&nbsp;<\/span><\/span><span class=\"product-attribute-option ppl\"><a href=\"https:\/\/relaxsrl.com\/website\/wp-content\/uploads\/2021\/09\/Bronzo.jpg\" target=\"_blank\"><img class=\"product-attribute-image\" src=\"https:\/\/relaxsrl.com\/website\/wp-content\/uploads\/2021\/09\/Bronzo.jpg\"\/><\/a><span class=\"product-attribute-name\">Bronzo&nbsp;<\/span><\/span><span class='product-attribute-name'><span class = 'width:100%;float:left'><\/span><\/span><span class=\"product-attribute-option ppl\"><a href=\"https:\/\/relaxsrl.com\/website\/wp-content\/uploads\/2021\/09\/Nero.jpg\" target=\"_blank\"><img class=\"product-attribute-image\" src=\"https:\/\/relaxsrl.com\/website\/wp-content\/uploads\/2021\/09\/Nero.jpg\"\/><\/a><span class=\"product-attribute-name\">Nero&nbsp;<\/span><\/span><\/li><\/ul>[\/vc_column_text][\/vc_column][\/vc_row][vc_row el_class=&#8220;scheda-prodotto-row-attributi&#8220;][vc_column width=&#8220;1\/4&#8243; el_class=&#8220;scheda-prodotto-col-attributi&#8220;][vc_column_text]<ul class=\"product-attributes\"><li class=\"product-attribute-tipo-apertura\"><span class=\"product-attribute-label\">\u00d6ffnungsart<\/span> <span class=\"product-attribute-option ppl\"><span class=\"product-attribute-name\">Porta scorrevole&nbsp;<\/span><\/span><\/li><\/ul>[\/vc_column_text][\/vc_column][vc_column width=&#8220;1\/4&#8243; el_class=&#8220;scheda-prodotto-col-attributi&#8220;][vc_column_text]<ul class=\"product-attributes\"><li class=\"product-attribute-regolazione\"><span class=\"product-attribute-label\">Einstellung<\/span> <span class=\"product-attribute-option ppl\"><span class=\"product-attribute-name\">2 cm&nbsp;<\/span><\/span><\/li><\/ul>[\/vc_column_text][\/vc_column][vc_column width=&#8220;1\/4&#8243; el_class=&#8220;scheda-prodotto-col-attributi&#8220;][vc_column_text]<ul class=\"product-attributes\"><li class=\"product-attribute-su-misura\"><span class=\"product-attribute-label\">Ma\u00dfgeschneidert<\/span> <span class=\"product-attribute-option ppl\"><span class=\"product-attribute-name\">Disponibile&nbsp;<\/span><\/span><\/li><\/ul>[\/vc_column_text][\/vc_column][vc_column width=&#8220;1\/4&#8243;][\/vc_column][\/vc_row][vc_row disable_element=&#8220;yes&#8220; el_class=&#8220;scheda-prodotto-row-attributi&#8220;][vc_column width=&#8220;1\/4&#8243; el_class=&#8220;scheda-prodotto-col-attributi&#8220;][vc_column_text]<a href=\"http:\/\/relaxsrl.com\/prodotti\/download\/#EVOX_SFF\" rel=\"noopener\">Scheda tecnica<\/a>[\/vc_column_text][\/vc_column][vc_column width=&#8220;1\/4&#8243;][vc_column_text]<\/p>\n<p><a href=\"http:\/\/relaxsrl.com\/prodotti\/download\/#EVOX_SFF\" rel=\"noopener\">Istruzioni per<br \/>\nil montaggio<\/a><\/p>\n<p>[\/vc_column_text][\/vc_column][vc_column width=&#8220;1\/4&#8243;][vc_column_text]<a href=\"http:\/\/relaxsrl.com\/area-architetti\/area-architetti-documentation\/#EVOX_SFF\">File 3D per architetti<\/a>[\/vc_column_text][\/vc_column][vc_column width=&#8220;1\/4&#8243;][vc_column_text]<a href=\"http:\/\/relaxsrl.com\/area-rivenditori\/area-rivenditori-documentation\/#EVOX_SFF\">File 3D per rivenditori<\/a>[\/vc_column_text][\/vc_column][\/vc_row][vc_row][vc_column][vc_empty_space height=&#8220;100px&#8220;][\/vc_column][\/vc_row][vc_row full_width=&#8220;stretch_row&#8220; el_class=&#8220;scheda-prodotto-configurazioni&#8220; css=&#8220;.vc_custom_1629195376631{background-color: #d2cdc9 !important;}&#8220;][vc_column width=&#8220;1\/12&#8243;][\/vc_column][vc_column width=&#8220;10\/12&#8243;][vc_column_text]<\/p>\n<h3>M\u00f6gliche Konfigurationen f\u00fcr die EVOX-Kollektion<\/h3>\n<p>&nbsp;[\/vc_column_text][vc_row_inner el_class=&#8220;scheda-prodotto-configurazioni-inner-row&#8220;][vc_column_inner el_class=&#8220;scheda-prodotto-configurazioni-col&#8220; width=&#8220;1\/4&#8243;][vc_single_image image=&#8220;5100&#8243; img_size=&#8220;full&#8220; alignment=&#8220;center&#8220;][vc_column_text]<\/p>\n<h4>EVOX A + A<\/h4>\n<p>[\/vc_column_text][\/vc_column_inner][vc_column_inner el_class=&#8220;scheda-prodotto-configurazioni-col&#8220; width=&#8220;1\/4&#8243;][vc_single_image image=&#8220;5104&#8243; img_size=&#8220;full&#8220; alignment=&#8220;center&#8220;][vc_column_text]<\/p>\n<h4>EVOX SC1<\/h4>\n<p>[\/vc_column_text][\/vc_column_inner][vc_column_inner el_class=&#8220;scheda-prodotto-configurazioni-col&#8220; width=&#8220;1\/4&#8243;][vc_single_image image=&#8220;5108&#8243; img_size=&#8220;full&#8220; alignment=&#8220;center&#8220;][vc_column_text]<\/p>\n<h4>EVOX SF + F<\/h4>\n<p>[\/vc_column_text][\/vc_column_inner][\/vc_row_inner][\/vc_column][vc_column width=&#8220;1\/12&#8243;][\/vc_column][\/vc_row][vc_row][vc_column][vc_column_text][\/vc_column_text][\/vc_column][\/vc_row][vc_row full_width=&#8220;stretch_row_content_no_spaces&#8220; equal_height=&#8220;yes&#8220; content_placement=&#8220;middle&#8220; el_class=&#8220;row-over-footer row-cta-over-footer&#8220;][vc_column width=&#8220;1\/2&#8243;][vc_single_image image=&#8220;2028&#8243; img_size=&#8220;full&#8220;][\/vc_column][vc_column width=&#8220;1\/2&#8243; el_class=&#8220;row-cta-over-footer-col-text&#8220; css=&#8220;.vc_custom_1632816225176{background-image: url(http:\/\/relaxsrl.com\/wp-content\/uploads\/2021\/09\/cta-ispirazione-opaco.jpg?id=2021) !important;background-position: center !important;background-repeat: no-repeat !important;background-size: cover !important;}&#8220;][vc_row_inner][vc_column_inner width=&#8220;1\/4&#8243;][\/vc_column_inner][vc_column_inner width=&#8220;1\/2&#8243;][vc_column_text]<\/p>\n<h2 style=\"text-align: center;\">Sprechen Sie mit einem Experten!<\/h2>\n<p style=\"text-align: center;\">Sie werden sicherlich spezifische Fragen zu Ihrer Situation haben. Schreiben Sie uns jetzt und einer unserer Experten wird Ihnen antworten.<\/p>\n<p>[\/vc_column_text][vc_btn title=&#8220;NACH INFORMATIONEN FRAGEN&#8220; style=&#8220;classic&#8220; shape=&#8220;square&#8220; color=&#8220;white&#8220; align=&#8220;center&#8220; link=&#8220;url:http%3A%2F%2Frelaxsrl.com%2Fprodotti%2Frichiesta-informazioni%2F%3Foggetto%3DAuskunftsersuchen%20f%C3%BCr%20EVOX%20SF%20%2B%20F|&#8220; el_class=&#8220;btn-default-white&#8220;][\/vc_column_inner][vc_column_inner width=&#8220;1\/4&#8243;][\/vc_column_inner][\/vc_row_inner][\/vc_column][\/vc_row]<\/p>\n","protected":false},"excerpt":{"rendered":"<p>Mittelwand-Duschkabine mit Schiebet\u00fcr, zwei festen Seiten und Soft-Close-System.<\/p>\n","protected":false},"featured_media":28956,"template":"","meta":[],"product_cat":[1529,1551,2045,1619,2053,529,1141,751,2005,526,2127,1140,1067,528,1134,1145,1076,1077,759,1574,1126,533,2078,1116,1994,1548,2129,1556,776,2055,2069,783,527,1993,1139,1603,1618,1568,1623,1610,1632,1594,1617,1626],"product_tag":[],"acf":[],"yoast_head":"<!-- This site is optimized with the Yoast SEO Premium plugin v18.4 (Yoast SEO v18.8) - https:\/\/yoast.com\/wordpress\/plugins\/seo\/ -->\n<title>EVOX SF + F + F4 - Relax srl<\/title>\n<meta name=\"description\" content=\"Evox SF+F+F4 ist eine Mittelwand-Duschkabine mit einer Schiebet\u00fcr, die mit einem Soft-Close-System ausgestattet ist. Finde mehr heraus.\" \/>\n<meta name=\"robots\" content=\"index, follow, max-snippet:-1, max-image-preview:large, max-video-preview:-1\" \/>\n<link rel=\"canonical\" href=\"https:\/\/relaxsrl.com\/de\/produkt\/evox-sf-f-f4\/\" \/>\n<meta property=\"og:locale\" content=\"de_DE\" \/>\n<meta property=\"og:type\" content=\"article\" \/>\n<meta property=\"og:title\" content=\"EVOX SF + F + F4 - Relax srl\" \/>\n<meta property=\"og:description\" content=\"Evox SF+F+F4 ist eine Mittelwand-Duschkabine mit einer Schiebet\u00fcr, die mit einem Soft-Close-System ausgestattet ist. Finde mehr heraus.\" \/>\n<meta property=\"og:url\" content=\"https:\/\/relaxsrl.com\/de\/produkt\/evox-sf-f-f4\/\" \/>\n<meta property=\"og:site_name\" content=\"Relax srl\" \/>\n<meta property=\"article:modified_time\" content=\"2023-07-04T07:20:13+00:00\" \/>\n<meta property=\"og:image\" content=\"https:\/\/relaxsrl.com\/website\/wp-content\/uploads\/2023\/07\/EVOX_SF_F1_F4.jpg\" \/>\n\t<meta property=\"og:image:width\" content=\"1440\" \/>\n\t<meta property=\"og:image:height\" content=\"1920\" \/>\n\t<meta property=\"og:image:type\" content=\"image\/jpeg\" \/>\n<meta name=\"twitter:card\" content=\"summary_large_image\" \/>\n<meta name=\"twitter:label1\" content=\"Gesch\u00e4tzte Lesezeit\" \/>\n\t<meta name=\"twitter:data1\" content=\"2 Minuten\" \/>\n<script type=\"application\/ld+json\" class=\"yoast-schema-graph\">{\"@context\":\"https:\/\/schema.org\",\"@graph\":[{\"@type\":\"WebSite\",\"@id\":\"https:\/\/relaxsrl.com\/#website\",\"url\":\"https:\/\/relaxsrl.com\/\",\"name\":\"Relax srl\",\"description\":\"\",\"potentialAction\":[{\"@type\":\"SearchAction\",\"target\":{\"@type\":\"EntryPoint\",\"urlTemplate\":\"https:\/\/relaxsrl.com\/?s={search_term_string}\"},\"query-input\":\"required name=search_term_string\"}],\"inLanguage\":\"de-DE\"},{\"@type\":\"ImageObject\",\"inLanguage\":\"de-DE\",\"@id\":\"https:\/\/relaxsrl.com\/de\/produkt\/evox-sf-f-f4\/#primaryimage\",\"url\":\"https:\/\/relaxsrl.com\/website\/wp-content\/uploads\/2023\/07\/EVOX_SF_F1_F4.jpg\",\"contentUrl\":\"https:\/\/relaxsrl.com\/website\/wp-content\/uploads\/2023\/07\/EVOX_SF_F1_F4.jpg\",\"width\":1440,\"height\":1920},{\"@type\":\"WebPage\",\"@id\":\"https:\/\/relaxsrl.com\/de\/produkt\/evox-sf-f-f4\/#webpage\",\"url\":\"https:\/\/relaxsrl.com\/de\/produkt\/evox-sf-f-f4\/\",\"name\":\"EVOX SF + F + F4 - Relax srl\",\"isPartOf\":{\"@id\":\"https:\/\/relaxsrl.com\/#website\"},\"primaryImageOfPage\":{\"@id\":\"https:\/\/relaxsrl.com\/de\/produkt\/evox-sf-f-f4\/#primaryimage\"},\"datePublished\":\"2023-07-04T06:35:28+00:00\",\"dateModified\":\"2023-07-04T07:20:13+00:00\",\"description\":\"Evox SF+F+F4 ist eine Mittelwand-Duschkabine mit einer Schiebet\u00fcr, die mit einem Soft-Close-System ausgestattet ist. Finde mehr heraus.\",\"breadcrumb\":{\"@id\":\"https:\/\/relaxsrl.com\/de\/produkt\/evox-sf-f-f4\/#breadcrumb\"},\"inLanguage\":\"de-DE\",\"potentialAction\":[{\"@type\":\"ReadAction\",\"target\":[\"https:\/\/relaxsrl.com\/de\/produkt\/evox-sf-f-f4\/\"]}]},{\"@type\":\"BreadcrumbList\",\"@id\":\"https:\/\/relaxsrl.com\/de\/produkt\/evox-sf-f-f4\/#breadcrumb\",\"itemListElement\":[{\"@type\":\"ListItem\",\"position\":1,\"name\":\"EVOX SF + F + F4\"}]}]}<\/script>\n<!-- \/ Yoast SEO Premium plugin. -->","yoast_head_json":{"title":"EVOX SF + F + F4 - Relax srl","description":"Evox SF+F+F4 ist eine Mittelwand-Duschkabine mit einer Schiebet\u00fcr, die mit einem Soft-Close-System ausgestattet ist. Finde mehr heraus.","robots":{"index":"index","follow":"follow","max-snippet":"max-snippet:-1","max-image-preview":"max-image-preview:large","max-video-preview":"max-video-preview:-1"},"canonical":"https:\/\/relaxsrl.com\/de\/produkt\/evox-sf-f-f4\/","og_locale":"de_DE","og_type":"article","og_title":"EVOX SF + F + F4 - Relax srl","og_description":"Evox SF+F+F4 ist eine Mittelwand-Duschkabine mit einer Schiebet\u00fcr, die mit einem Soft-Close-System ausgestattet ist. Finde mehr heraus.","og_url":"https:\/\/relaxsrl.com\/de\/produkt\/evox-sf-f-f4\/","og_site_name":"Relax srl","article_modified_time":"2023-07-04T07:20:13+00:00","og_image":[{"width":1440,"height":1920,"url":"https:\/\/relaxsrl.com\/website\/wp-content\/uploads\/2023\/07\/EVOX_SF_F1_F4.jpg","type":"image\/jpeg"}],"twitter_card":"summary_large_image","twitter_misc":{"Gesch\u00e4tzte Lesezeit":"2 Minuten"},"schema":{"@context":"https:\/\/schema.org","@graph":[{"@type":"WebSite","@id":"https:\/\/relaxsrl.com\/#website","url":"https:\/\/relaxsrl.com\/","name":"Relax srl","description":"","potentialAction":[{"@type":"SearchAction","target":{"@type":"EntryPoint","urlTemplate":"https:\/\/relaxsrl.com\/?s={search_term_string}"},"query-input":"required name=search_term_string"}],"inLanguage":"de-DE"},{"@type":"ImageObject","inLanguage":"de-DE","@id":"https:\/\/relaxsrl.com\/de\/produkt\/evox-sf-f-f4\/#primaryimage","url":"https:\/\/relaxsrl.com\/website\/wp-content\/uploads\/2023\/07\/EVOX_SF_F1_F4.jpg","contentUrl":"https:\/\/relaxsrl.com\/website\/wp-content\/uploads\/2023\/07\/EVOX_SF_F1_F4.jpg","width":1440,"height":1920},{"@type":"WebPage","@id":"https:\/\/relaxsrl.com\/de\/produkt\/evox-sf-f-f4\/#webpage","url":"https:\/\/relaxsrl.com\/de\/produkt\/evox-sf-f-f4\/","name":"EVOX SF + F + F4 - Relax srl","isPartOf":{"@id":"https:\/\/relaxsrl.com\/#website"},"primaryImageOfPage":{"@id":"https:\/\/relaxsrl.com\/de\/produkt\/evox-sf-f-f4\/#primaryimage"},"datePublished":"2023-07-04T06:35:28+00:00","dateModified":"2023-07-04T07:20:13+00:00","description":"Evox SF+F+F4 ist eine Mittelwand-Duschkabine mit einer Schiebet\u00fcr, die mit einem Soft-Close-System ausgestattet ist. Finde mehr heraus.","breadcrumb":{"@id":"https:\/\/relaxsrl.com\/de\/produkt\/evox-sf-f-f4\/#breadcrumb"},"inLanguage":"de-DE","potentialAction":[{"@type":"ReadAction","target":["https:\/\/relaxsrl.com\/de\/produkt\/evox-sf-f-f4\/"]}]},{"@type":"BreadcrumbList","@id":"https:\/\/relaxsrl.com\/de\/produkt\/evox-sf-f-f4\/#breadcrumb","itemListElement":[{"@type":"ListItem","position":1,"name":"EVOX SF + F + F4"}]}]}},"_links":{"self":[{"href":"https:\/\/relaxsrl.com\/de\/wp-json\/wp\/v2\/product\/28952"}],"collection":[{"href":"https:\/\/relaxsrl.com\/de\/wp-json\/wp\/v2\/product"}],"about":[{"href":"https:\/\/relaxsrl.com\/de\/wp-json\/wp\/v2\/types\/product"}],"wp:featuredmedia":[{"embeddable":true,"href":"https:\/\/relaxsrl.com\/de\/wp-json\/wp\/v2\/media\/28956"}],"wp:attachment":[{"href":"https:\/\/relaxsrl.com\/de\/wp-json\/wp\/v2\/media?parent=28952"}],"wp:term":[{"taxonomy":"product_cat","embeddable":true,"href":"https:\/\/relaxsrl.com\/de\/wp-json\/wp\/v2\/product_cat?post=28952"},{"taxonomy":"product_tag","embeddable":true,"href":"https:\/\/relaxsrl.com\/de\/wp-json\/wp\/v2\/product_tag?post=28952"}],"curies":[{"name":"wp","href":"https:\/\/api.w.org\/{rel}","templated":true}]}}