{"id":8186,"date":"2021-10-20T09:23:20","date_gmt":"2021-10-20T07:23:20","guid":{"rendered":"http:\/\/relaxsrl.com\/certificazioni-relax\/"},"modified":"2021-10-20T11:51:31","modified_gmt":"2021-10-20T09:51:31","slug":"relax-certifications","status":"publish","type":"page","link":"https:\/\/relaxsrl.com\/en\/relax-certifications\/","title":{"rendered":"Relax certifications"},"content":{"rendered":"<p>[vc_row full_width=&#8221;stretch_row&#8221; content_placement=&#8221;middle&#8221; el_class=&#8221;intro-row&#8221;][vc_column][vc_column_text]<\/p>\n<h1>Relax Certifications<\/h1>\n<p>[\/vc_column_text][\/vc_column][\/vc_row][vc_row el_class=&#8221;row-path&#8221;][vc_column][vc_column_text][\/vc_column_text][\/vc_column][\/vc_row][vc_row][vc_column width=&#8221;1\/6&#8243;][\/vc_column][vc_column width=&#8221;2\/3&#8243;][vc_column_text el_class=&#8221;txt-blue abstract weight500&#8243;]Safety and reliability are essential qualities for Relax, for this reason we rely on the most important European certification institute to subject our shower enclosures to the most stringent tests.[\/vc_column_text][vc_empty_space height=&#8221;35px&#8221;][\/vc_column][\/vc_row][vc_row][vc_column width=&#8221;1\/6&#8243;][\/vc_column][vc_column width=&#8221;2\/3&#8243;][vc_column_text]<\/p>\n<h2>T\u00dcV S\u00dcD certifications<\/h2>\n<p>T\u00dcV S\u00dcD certifications allow us to improve our products day by day, making them safer and more durable.<br \/>\nIn particular, the certificates obtained show that our shower cabins are excellent in:<\/p>\n<ul>\n<li>\n<h3>Resistance and fatigue<\/h3>\n<p>More than 20.000 cycles of opening and closing of the doors. A guarantee of durability for what is the most frequent action when talking about a shower cabin.<\/li>\n<li>\n<h3>Stability<\/h3>\n<p>In the event of a person falling inside the shower enclosure, the shower wall resists impact. In this case, quality guarantees the safety of the person.<\/li>\n<li>\n<h3>Retention of water<\/h3>\n<p>The water output from the shower enclosure is a problem of many, we have made sure that our shower enclosures meet the highest quality standards of water tightness.<\/li>\n<li>\n<h3>Materials<\/h3>\n<p>The materials we use are distinguished by their capabilities, such as: ease of cleaning, durability, safeguarding the safety of people.<\/li>\n<\/ul>\n<p>[\/vc_column_text][vc_empty_space height=&#8221;100px&#8221;][\/vc_column][\/vc_row][vc_row][vc_column][vc_column_text]<\/p>\n<p>[\/vc_column_text][\/vc_column][\/vc_row]<\/p>\n","protected":false},"excerpt":{"rendered":"<p>[vc_row full_width=&#8221;stretch_row&#8221; content_placement=&#8221;middle&#8221; el_class=&#8221;intro-row&#8221;][vc_column][vc_column_text] Relax Certifications [\/vc_column_text][\/vc_column][\/vc_row][vc_row el_class=&#8221;row-path&#8221;][vc_column][vc_column_text][\/vc_column_text][\/vc_column][\/vc_row][vc_row][vc_column width=&#8221;1\/6&#8243;][\/vc_column][vc_column width=&#8221;2\/3&#8243;][vc_column_text el_class=&#8221;txt-blue abstract weight500&#8243;]Safety and reliability are essential qualities for Relax, for this reason we rely on the most important European certification institute to subject our shower enclosures to the most stringent tests.[\/vc_column_text][vc_empty_space height=&#8221;35px&#8221;][\/vc_column][\/vc_row][vc_row][vc_column width=&#8221;1\/6&#8243;][\/vc_column][vc_column width=&#8221;2\/3&#8243;][vc_column_text] T\u00dcV S\u00dcD certifications T\u00dcV S\u00dcD certifications allow us to improve [&hellip;]<\/p>\n","protected":false},"author":3,"featured_media":22171,"parent":0,"menu_order":0,"comment_status":"closed","ping_status":"closed","template":"","meta":[],"acf":[],"yoast_head":"<!-- This site is optimized with the Yoast SEO Premium plugin v18.4 (Yoast SEO v18.8) - https:\/\/yoast.com\/wordpress\/plugins\/seo\/ -->\n<title>Relax certifications - Relax srl<\/title>\n<meta name=\"robots\" content=\"index, follow, max-snippet:-1, max-image-preview:large, max-video-preview:-1\" \/>\n<link rel=\"canonical\" href=\"https:\/\/relaxsrl.com\/en\/relax-certifications\/\" \/>\n<meta property=\"og:locale\" content=\"en_US\" \/>\n<meta property=\"og:type\" content=\"article\" \/>\n<meta property=\"og:title\" content=\"Relax certifications - Relax srl\" \/>\n<meta property=\"og:description\" content=\"[vc_row full_width=&#8221;stretch_row&#8221; content_placement=&#8221;middle&#8221; el_class=&#8221;intro-row&#8221;][vc_column][vc_column_text] Relax Certifications [\/vc_column_text][\/vc_column][\/vc_row][vc_row el_class=&#8221;row-path&#8221;][vc_column][vc_column_text][\/vc_column_text][\/vc_column][\/vc_row][vc_row][vc_column width=&#8221;1\/6&#8243;][\/vc_column][vc_column width=&#8221;2\/3&#8243;][vc_column_text el_class=&#8221;txt-blue abstract weight500&#8243;]Safety and reliability are essential qualities for Relax, for this reason we rely on the most important European certification institute to subject our shower enclosures to the most stringent tests.[\/vc_column_text][vc_empty_space height=&#8221;35px&#8221;][\/vc_column][\/vc_row][vc_row][vc_column width=&#8221;1\/6&#8243;][\/vc_column][vc_column width=&#8221;2\/3&#8243;][vc_column_text] T\u00dcV S\u00dcD certifications T\u00dcV S\u00dcD certifications allow us to improve [&hellip;]\" \/>\n<meta property=\"og:url\" content=\"https:\/\/relaxsrl.com\/en\/relax-certifications\/\" \/>\n<meta property=\"og:site_name\" content=\"Relax srl\" \/>\n<meta property=\"article:modified_time\" content=\"2021-10-20T09:51:31+00:00\" \/>\n<meta name=\"twitter:card\" content=\"summary_large_image\" \/>\n<meta name=\"twitter:label1\" content=\"Est. reading time\" \/>\n\t<meta name=\"twitter:data1\" content=\"1 minute\" \/>\n<script type=\"application\/ld+json\" class=\"yoast-schema-graph\">{\"@context\":\"https:\/\/schema.org\",\"@graph\":[{\"@type\":\"WebSite\",\"@id\":\"https:\/\/relaxsrl.com\/#website\",\"url\":\"https:\/\/relaxsrl.com\/\",\"name\":\"Relax srl\",\"description\":\"\",\"potentialAction\":[{\"@type\":\"SearchAction\",\"target\":{\"@type\":\"EntryPoint\",\"urlTemplate\":\"https:\/\/relaxsrl.com\/?s={search_term_string}\"},\"query-input\":\"required name=search_term_string\"}],\"inLanguage\":\"en-US\"},{\"@type\":\"ImageObject\",\"inLanguage\":\"en-US\",\"@id\":\"https:\/\/relaxsrl.com\/en\/relax-certifications\/#primaryimage\",\"url\":\"https:\/\/relaxsrl.com\/website\/wp-content\/uploads\/2022\/07\/tuv-1.jpg\",\"contentUrl\":\"https:\/\/relaxsrl.com\/website\/wp-content\/uploads\/2022\/07\/tuv-1.jpg\",\"width\":1500,\"height\":800},{\"@type\":\"WebPage\",\"@id\":\"https:\/\/relaxsrl.com\/en\/relax-certifications\/#webpage\",\"url\":\"https:\/\/relaxsrl.com\/en\/relax-certifications\/\",\"name\":\"Relax certifications - Relax srl\",\"isPartOf\":{\"@id\":\"https:\/\/relaxsrl.com\/#website\"},\"primaryImageOfPage\":{\"@id\":\"https:\/\/relaxsrl.com\/en\/relax-certifications\/#primaryimage\"},\"datePublished\":\"2021-10-20T07:23:20+00:00\",\"dateModified\":\"2021-10-20T09:51:31+00:00\",\"breadcrumb\":{\"@id\":\"https:\/\/relaxsrl.com\/en\/relax-certifications\/#breadcrumb\"},\"inLanguage\":\"en-US\",\"potentialAction\":[{\"@type\":\"ReadAction\",\"target\":[\"https:\/\/relaxsrl.com\/en\/relax-certifications\/\"]}]},{\"@type\":\"BreadcrumbList\",\"@id\":\"https:\/\/relaxsrl.com\/en\/relax-certifications\/#breadcrumb\",\"itemListElement\":[{\"@type\":\"ListItem\",\"position\":1,\"name\":\"Relax certifications\"}]}]}<\/script>\n<!-- \/ Yoast SEO Premium plugin. -->","yoast_head_json":{"title":"Relax certifications - Relax srl","robots":{"index":"index","follow":"follow","max-snippet":"max-snippet:-1","max-image-preview":"max-image-preview:large","max-video-preview":"max-video-preview:-1"},"canonical":"https:\/\/relaxsrl.com\/en\/relax-certifications\/","og_locale":"en_US","og_type":"article","og_title":"Relax certifications - Relax srl","og_description":"[vc_row full_width=&#8221;stretch_row&#8221; content_placement=&#8221;middle&#8221; el_class=&#8221;intro-row&#8221;][vc_column][vc_column_text] Relax Certifications [\/vc_column_text][\/vc_column][\/vc_row][vc_row el_class=&#8221;row-path&#8221;][vc_column][vc_column_text][\/vc_column_text][\/vc_column][\/vc_row][vc_row][vc_column width=&#8221;1\/6&#8243;][\/vc_column][vc_column width=&#8221;2\/3&#8243;][vc_column_text el_class=&#8221;txt-blue abstract weight500&#8243;]Safety and reliability are essential qualities for Relax, for this reason we rely on the most important European certification institute to subject our shower enclosures to the most stringent tests.[\/vc_column_text][vc_empty_space height=&#8221;35px&#8221;][\/vc_column][\/vc_row][vc_row][vc_column width=&#8221;1\/6&#8243;][\/vc_column][vc_column width=&#8221;2\/3&#8243;][vc_column_text] T\u00dcV S\u00dcD certifications T\u00dcV S\u00dcD certifications allow us to improve [&hellip;]","og_url":"https:\/\/relaxsrl.com\/en\/relax-certifications\/","og_site_name":"Relax srl","article_modified_time":"2021-10-20T09:51:31+00:00","twitter_card":"summary_large_image","twitter_misc":{"Est. reading time":"1 minute"},"schema":{"@context":"https:\/\/schema.org","@graph":[{"@type":"WebSite","@id":"https:\/\/relaxsrl.com\/#website","url":"https:\/\/relaxsrl.com\/","name":"Relax srl","description":"","potentialAction":[{"@type":"SearchAction","target":{"@type":"EntryPoint","urlTemplate":"https:\/\/relaxsrl.com\/?s={search_term_string}"},"query-input":"required name=search_term_string"}],"inLanguage":"en-US"},{"@type":"ImageObject","inLanguage":"en-US","@id":"https:\/\/relaxsrl.com\/en\/relax-certifications\/#primaryimage","url":"https:\/\/relaxsrl.com\/website\/wp-content\/uploads\/2022\/07\/tuv-1.jpg","contentUrl":"https:\/\/relaxsrl.com\/website\/wp-content\/uploads\/2022\/07\/tuv-1.jpg","width":1500,"height":800},{"@type":"WebPage","@id":"https:\/\/relaxsrl.com\/en\/relax-certifications\/#webpage","url":"https:\/\/relaxsrl.com\/en\/relax-certifications\/","name":"Relax certifications - Relax srl","isPartOf":{"@id":"https:\/\/relaxsrl.com\/#website"},"primaryImageOfPage":{"@id":"https:\/\/relaxsrl.com\/en\/relax-certifications\/#primaryimage"},"datePublished":"2021-10-20T07:23:20+00:00","dateModified":"2021-10-20T09:51:31+00:00","breadcrumb":{"@id":"https:\/\/relaxsrl.com\/en\/relax-certifications\/#breadcrumb"},"inLanguage":"en-US","potentialAction":[{"@type":"ReadAction","target":["https:\/\/relaxsrl.com\/en\/relax-certifications\/"]}]},{"@type":"BreadcrumbList","@id":"https:\/\/relaxsrl.com\/en\/relax-certifications\/#breadcrumb","itemListElement":[{"@type":"ListItem","position":1,"name":"Relax certifications"}]}]}},"_links":{"self":[{"href":"https:\/\/relaxsrl.com\/en\/wp-json\/wp\/v2\/pages\/8186"}],"collection":[{"href":"https:\/\/relaxsrl.com\/en\/wp-json\/wp\/v2\/pages"}],"about":[{"href":"https:\/\/relaxsrl.com\/en\/wp-json\/wp\/v2\/types\/page"}],"author":[{"embeddable":true,"href":"https:\/\/relaxsrl.com\/en\/wp-json\/wp\/v2\/users\/3"}],"replies":[{"embeddable":true,"href":"https:\/\/relaxsrl.com\/en\/wp-json\/wp\/v2\/comments?post=8186"}],"version-history":[{"count":4,"href":"https:\/\/relaxsrl.com\/en\/wp-json\/wp\/v2\/pages\/8186\/revisions"}],"predecessor-version":[{"id":8498,"href":"https:\/\/relaxsrl.com\/en\/wp-json\/wp\/v2\/pages\/8186\/revisions\/8498"}],"wp:featuredmedia":[{"embeddable":true,"href":"https:\/\/relaxsrl.com\/en\/wp-json\/wp\/v2\/media\/22171"}],"wp:attachment":[{"href":"https:\/\/relaxsrl.com\/en\/wp-json\/wp\/v2\/media?parent=8186"}],"curies":[{"name":"wp","href":"https:\/\/api.w.org\/{rel}","templated":true}]}}