{"id":8205,"date":"2021-10-20T09:28:00","date_gmt":"2021-10-20T07:28:00","guid":{"rendered":"http:\/\/relaxsrl.com\/selection-guide\/box-doccia-con-anta-a-battente\/"},"modified":"2022-10-19T17:44:06","modified_gmt":"2022-10-19T15:44:06","slug":"shower-enclosure-with-hinged-door","status":"publish","type":"page","link":"https:\/\/relaxsrl.com\/en\/selection-guide\/shower-enclosure-with-hinged-door\/","title":{"rendered":"Shower enclosure with hinged door"},"content":{"rendered":"<p>[vc_row full_width=&#8221;stretch_row&#8221; content_placement=&#8221;middle&#8221; el_class=&#8221;intro-row intro-row-grey&#8221;][vc_column][vc_column_text]<\/p>\n<h1>Shower enclosure with hinged door<\/h1>\n<p>[\/vc_column_text][\/vc_column][\/vc_row][vc_row el_class=&#8221;row-path&#8221;][vc_column][vc_column_text][\/vc_column_text][\/vc_column][\/vc_row][vc_row][vc_column][vc_single_image image=&#8221;2302&#8243; img_size=&#8221;full&#8221; alignment=&#8221;center&#8221;][\/vc_column][\/vc_row][vc_row][vc_column width=&#8221;1\/6&#8243;][\/vc_column][vc_column width=&#8221;2\/3&#8243;][vc_empty_space height=&#8221;40px&#8221;][vc_column_text el_class=&#8221;txt-blue abstract weight500&#8243;]The hinged door for the shower enclosure is one of the most common. Available in endless types, it is practical and has a full opening, ideal for those with reduced mobility.[\/vc_column_text][vc_empty_space height=&#8221;35px&#8221;][\/vc_column][\/vc_row][vc_row][vc_column width=&#8221;1\/6&#8243;][\/vc_column][vc_column width=&#8221;2\/3&#8243;][vc_column_text]<\/p>\n<ul>\n<li><a class=\"link-interno link-interno-paragrafo-1\" href=\"#\">Characteristics of the hinged door<\/a><\/li>\n<li>Types of hinged door\n<ul>\n<li><a class=\"link-interno link-interno-paragrafo-2\" href=\"#\">Hinged door in niche with frame<\/a><\/li>\n<li><a class=\"link-interno link-interno-paragrafo-3\" href=\"#\">Hinged door in niche without frame<\/a><\/li>\n<li><a class=\"link-interno link-interno-paragrafo-4\" href=\"#\">Hinged door in niche without profiles<\/a><\/li>\n<\/ul>\n<\/li>\n<li><a class=\"link-interno link-interno-paragrafo-5\" href=\"#\">Advantages of the hinged door<\/a><\/li>\n<li><a class=\"link-interno link-interno-paragrafo-6\" href=\"#\">When to avoid the hinged door<\/a><\/li>\n<\/ul>\n<p>[\/vc_column_text][vc_empty_space height=&#8221;40px&#8221;][\/vc_column][\/vc_row][vc_row el_id=&#8221;paragrafo-1&#8243;][vc_column width=&#8221;1\/6&#8243;][\/vc_column][vc_column width=&#8221;2\/3&#8243;][vc_column_text]<\/p>\n<h2>Characteristics of the hinged door<\/h2>\n<p>The hinged shower cabin has a door that closes on the shower tray, on the lintel or on another wall of the shower cabin. It is characterized by the hinge, usually an aluminium profile glued on the glass, mounted on the profile fixed to the wall.<\/p>\n<p>In the case of shower trays installed flush with the floor, the <strong>hinge with lift-up<\/strong> has an added value because, when the door is opened, it is raised to prevent the lower gasket, placed on the bottom glass to retain the water leak, smearing on the floor. In this way, the seal is preserved over time. We recommend a hinged door of 100 cm maximum to ensure durability over time as the weight weighs all on the leaf itself. To manage higher measures, you can obviate by adding a fixed side.<\/p>\n<p>The shower with hinged door can be mounted:<\/p>\n<ul>\n<li>niche with a door<\/li>\n<li>corner with two doors or a door and a fixed side<\/li>\n<li>3 sides with one door and two fixed sides<\/li>\n<\/ul>\n<p>[\/vc_column_text][vc_empty_space height=&#8221;40px&#8221;][\/vc_column][\/vc_row][vc_row][vc_column width=&#8221;1\/6&#8243;][\/vc_column][vc_column width=&#8221;2\/3&#8243;][vc_column_text]<\/p>\n<h2>Types of hinged door<\/h2>\n<p>[\/vc_column_text][vc_empty_space height=&#8221;20px&#8221;][\/vc_column][\/vc_row][vc_row el_id=&#8221;paragrafo-2&#8243;][vc_column width=&#8221;1\/6&#8243;][\/vc_column][vc_column width=&#8221;2\/3&#8243;][vc_column_text]<\/p>\n<h3>Hinged door in niche with frame<\/h3>\n<p>The hinged door with frame provides in the upper and lower part a profile. It is the solution used when the shower enclosure is mounted flush with the shower tray because it increases water tightness and stability.[\/vc_column_text][vc_empty_space height=&#8221;20px&#8221;][\/vc_column][\/vc_row][vc_row el_id=&#8221;paragrafo-3&#8243;][vc_column width=&#8221;1\/6&#8243;][\/vc_column][vc_column width=&#8221;2\/3&#8243;][vc_column_text]<\/p>\n<h3>Hinged door in niche without profiles<\/h3>\n<p>The hinged door without frame is privileged for the aesthetic cleanliness given by the effect of glass without upper and lower limitations.[\/vc_column_text][vc_empty_space height=&#8221;20px&#8221;][\/vc_column][\/vc_row][vc_row el_id=&#8221;paragrafo-4&#8243;][vc_column width=&#8221;1\/6&#8243;][\/vc_column][vc_column width=&#8221;2\/3&#8243;][vc_column_text]<\/p>\n<h3>Advantages of the hinged door<\/h3>\n<p>The swing opening <strong>opens almost completely<\/strong> so it guarantees the <strong>best accessibility,<\/strong> especially appreciated by people with disabilities or who live in a condition of reduced mobility, as happens to many elderly people. For example, if the door is 90 cm, the useful space is 81 cm. The large opening <strong>facilitates cleaning inside<\/strong> the shower enclosure and the door itself. Requires a shower tray of at least 80&#215;80 cm for space to be comfortable to use.[\/vc_column_text][vc_empty_space height=&#8221;40px&#8221;][\/vc_column][\/vc_row][vc_row el_id=&#8221;paragrafo-5&#8243;][vc_column width=&#8221;1\/6&#8243;][\/vc_column][vc_column width=&#8221;2\/3&#8243;][vc_column_text]<\/p>\n<h2>Vantaggi dell\u2019anta a battente<\/h2>\n<p>L\u2019apertura a battente <strong>si apre quasi completamente<\/strong> perci\u00f2 garantisce la <strong>migliore accessibilit\u00e0<\/strong>, apprezzata in modo particolare da persone con disabilit\u00e0 o che vivono una condizione di mobilit\u00e0 ridotta, come accade a molti anziani. Per esempio, se la porta \u00e8 di 90 cm, lo spazio utile \u00e8 di 81 cm. L\u2019ampia apertura <strong>agevola la pulizia all\u2019interno<\/strong> del box doccia e dell\u2019anta stessa. Richiede un piatto doccia di almeno 80&#215;80 cm perch\u00e9 lo spazio sia comodo da usare.[\/vc_column_text][vc_empty_space height=&#8221;40px&#8221;][\/vc_column][\/vc_row][vc_row el_id=&#8221;paragrafo-6&#8243;][vc_column width=&#8221;1\/6&#8243;][\/vc_column][vc_column width=&#8221;2\/3&#8243;][vc_column_text]<\/p>\n<h2>When to avoid the hinged door<\/h2>\n<p>If the bathroom is small, the hinged door is not recommended because it <strong>requires space in front of it for the opening<\/strong>, surface that could already be occupied by sanitary and furniture. In reality, there are also <strong>hinged doors that can be opened inwards<\/strong>, but they require a sufficiently large space to allow access to the person plus allowing the presence of the door itself.<\/p>\n<p>Those who detest the <strong>dripping of the door after the use<\/strong> of the shower on the floor, all the more so if the latter is as delicate as certain woods, would do better to orient themselves towards another opening system, for example the sliding one, or opt for the opening inwards, if space is sufficient.[\/vc_column_text][vc_empty_space height=&#8221;40px&#8221;][\/vc_column][\/vc_row][vc_row][vc_column][vc_empty_space height=&#8221;50px&#8221;][vc_column_text]<\/p>\n<h3 style=\"text-align: center;\">Some examples of hinged doors for Relax shower<\/h3>\n<p>[\/vc_column_text][vc_empty_space height=&#8221;30px&#8221;]<div class=\"woocommerce columns-4 \"><ul class=\"products columns-4\">\n<li class=\"product type-product post-6964 status-publish first instock product_cat-guide-de-selection-battante product_cat-niche-battante product_cat-battente-de product_cat-battente-de-5 product_cat-box-doccia-en product_cat-box-doccia-de product_cat-cabine-de-douche product_cat-cardine-en product_cat-cardine-fr product_cat-cardine-de product_cat-cardine-ru product_cat-collections-en product_cat-collections product_cat-selection-guide-en product_cat-guida-alla-scelta-de product_cat-guide-de-selection product_cat-niche-hinged product_cat-selection-guide-hinged-door product_cat-nicchia-de product_cat-niche product_cat-niche-fr product_cat-collezioni-de product_cat-tipologia-prodotto-de product_cat-tipologia-prodotto-en product_cat-type-de-produit product_cat-1618 product_cat-1568 product_cat-1638 product_cat-1597 product_cat-1637 product_cat-1594 product_cat-1617 has-post-thumbnail shipping-taxable product-type-simple\">\n\t<div class=\"woocommerce-loop-product__short_description\" itemprop=\"description\"><a href=\"https:\/\/relaxsrl.com\/en\/product\/cardine-mb1\/\" class=\"woocommerce-LoopProduct-link woocommerce-loop-product__link\"><p>Shower enclosure in a niche with wall hinges, 6 mm adjustment and opening towards the wall.<\/p>\n<\/a><\/div><\/li>\n<li class=\"product type-product post-6313 status-publish instock product_cat-angolare-de product_cat-angolare-en product_cat-angulaire product_cat-guide-de-selection-battante product_cat-angulaire-battante product_cat-battente-de-2 product_cat-battente-de-5 product_cat-box-doccia-en product_cat-box-doccia-de product_cat-cabine-de-douche product_cat-collections product_cat-collections-en product_cat-guida-alla-scelta-de product_cat-selection-guide-en product_cat-guide-de-selection product_cat-hinged product_cat-selection-guide-hinged-door product_cat-light-en product_cat-light-ru product_cat-light-fr product_cat-light-de product_cat-collezioni-de product_cat-tipologia-prodotto-en product_cat-tipologia-prodotto-de product_cat-type-de-produit product_cat-1618 product_cat-1568 product_cat-1627 product_cat-1597 product_cat-1594 product_cat-1617 product_cat-1626 has-post-thumbnail shipping-taxable product-type-simple\">\n\t<div class=\"woocommerce-loop-product__short_description\" itemprop=\"description\"><a href=\"https:\/\/relaxsrl.com\/en\/product\/light-ab-light-f1\/\" class=\"woocommerce-LoopProduct-link woocommerce-loop-product__link\"><p>Shower enclosure without profiles with hinged door and fixed side.<\/p>\n<\/a><\/div><\/li>\n<li class=\"product type-product post-7437 status-publish instock product_cat-3-lati-en product_cat-3-lati-de product_cat-3-lati-fr product_cat-3- product_cat-niche-battante product_cat-guide-de-selection-battante product_cat-battente-fr product_cat-battente-de-3 product_cat-battente-de-5 product_cat-battente product_cat-battente-de product_cat-box-doccia-de product_cat-box-doccia-en product_cat-cabine-de-douche product_cat-collections product_cat-collections-en product_cat-selection-guide-en product_cat-guida-alla-scelta-de product_cat-guide-de-selection product_cat-niche-hinged product_cat-selection-guide-hinged-door product_cat-lyra-de product_cat-lyra-en product_cat-lyra-ru product_cat-lyra-fr product_cat-nicchia-de product_cat-niche product_cat-niche-fr product_cat-collezioni-de product_cat-tipologia-prodotto-en product_cat-tipologia-prodotto-de product_cat-type-de-produit product_cat-1618 product_cat-1568 product_cat-3-- product_cat-1597 product_cat-1638 product_cat-1637 product_cat-1594 product_cat-1617 has-post-thumbnail shipping-taxable product-type-simple\">\n\t<div class=\"woocommerce-loop-product__short_description\" itemprop=\"description\"><a href=\"https:\/\/relaxsrl.com\/en\/product\/lyra-b1\/\" class=\"woocommerce-LoopProduct-link woocommerce-loop-product__link\"><p>Shower enclosure in a niche with hinged door and handle integrated into the glass.<\/p>\n<\/a><\/div><\/li>\n<\/ul>\n<\/div>[\/vc_column][\/vc_row][vc_row full_width=&#8221;stretch_row_content_no_spaces&#8221; equal_height=&#8221;yes&#8221; content_placement=&#8221;middle&#8221; el_class=&#8221;row-over-footer row-cta-over-footer&#8221;][vc_column width=&#8221;1\/2&#8243;][vc_single_image image=&#8221;2307&#8243; img_size=&#8221;full&#8221;][\/vc_column][vc_column width=&#8221;1\/2&#8243; css=&#8221;.vc_custom_1632906971459{background-image: url(http:\/\/relaxsrl.com\/wp-content\/uploads\/2021\/09\/cta-battente-opaco.jpg?id=2310) !important;background-position: center !important;background-repeat: no-repeat !important;background-size: cover !important;}&#8221; el_class=&#8221;row-cta-over-footer-col-text&#8221;][vc_row_inner][vc_column_inner width=&#8221;1\/4&#8243;][\/vc_column_inner][vc_column_inner width=&#8221;1\/2&#8243;][vc_column_text]<\/p>\n<h2 style=\"text-align: center;\">Discover the swing doors for Relax shower enclosure<\/h2>\n<p style=\"text-align: center;\">Use the Relax shower cabin configurator to see our proposals of hinged doors assembled.<\/p>\n<p>[\/vc_column_text][vc_btn title=&#8221;GO TO THE CONFIGURATOR&#8221; style=&#8221;classic&#8221; shape=&#8221;square&#8221; color=&#8221;white&#8221; align=&#8221;center&#8221; el_class=&#8221;btn-default-white&#8221; link=&#8221;url:http%3A%2F%2Frelaxsrl.com%2Fen%2Fproducts%2Fconfigurator%2F|title:GO%20TO%20THE%20CONFIGURATOR&#8221;][\/vc_column_inner][vc_column_inner width=&#8221;1\/4&#8243;][\/vc_column_inner][\/vc_row_inner][\/vc_column][\/vc_row]<\/p>\n","protected":false},"excerpt":{"rendered":"<p>[vc_row full_width=&#8221;stretch_row&#8221; content_placement=&#8221;middle&#8221; el_class=&#8221;intro-row intro-row-grey&#8221;][vc_column][vc_column_text] Shower enclosure with hinged door [\/vc_column_text][\/vc_column][\/vc_row][vc_row el_class=&#8221;row-path&#8221;][vc_column][vc_column_text][\/vc_column_text][\/vc_column][\/vc_row][vc_row][vc_column][vc_single_image image=&#8221;2302&#8243; img_size=&#8221;full&#8221; alignment=&#8221;center&#8221;][\/vc_column][\/vc_row][vc_row][vc_column width=&#8221;1\/6&#8243;][\/vc_column][vc_column width=&#8221;2\/3&#8243;][vc_empty_space height=&#8221;40px&#8221;][vc_column_text el_class=&#8221;txt-blue abstract weight500&#8243;]The hinged door for the shower enclosure is one of the most common. Available in endless types, it is practical and has a full opening, ideal for those with reduced mobility.[\/vc_column_text][vc_empty_space height=&#8221;35px&#8221;][\/vc_column][\/vc_row][vc_row][vc_column width=&#8221;1\/6&#8243;][\/vc_column][vc_column width=&#8221;2\/3&#8243;][vc_column_text] Characteristics [&hellip;]<\/p>\n","protected":false},"author":3,"featured_media":2302,"parent":3908,"menu_order":0,"comment_status":"closed","ping_status":"closed","template":"","meta":[],"acf":[],"yoast_head":"<!-- This site is optimized with the Yoast SEO Premium plugin v18.4 (Yoast SEO v18.8) - https:\/\/yoast.com\/wordpress\/plugins\/seo\/ -->\n<title>Shower enclosure with hinged door - Relax srl<\/title>\n<meta name=\"description\" content=\"The hinged door for the shower enclosure is one of the most common. Available in endless types, it is practical and has a full opening.\" \/>\n<meta name=\"robots\" content=\"index, follow, max-snippet:-1, max-image-preview:large, max-video-preview:-1\" \/>\n<link rel=\"canonical\" href=\"https:\/\/relaxsrl.com\/en\/selection-guide\/shower-enclosure-with-hinged-door\/\" \/>\n<meta property=\"og:locale\" content=\"en_US\" \/>\n<meta property=\"og:type\" content=\"article\" \/>\n<meta property=\"og:title\" content=\"Shower enclosure with hinged door - Relax srl\" \/>\n<meta property=\"og:description\" content=\"The hinged door for the shower enclosure is one of the most common. Available in endless types, it is practical and has a full opening.\" \/>\n<meta property=\"og:url\" content=\"https:\/\/relaxsrl.com\/en\/selection-guide\/shower-enclosure-with-hinged-door\/\" \/>\n<meta property=\"og:site_name\" content=\"Relax srl\" \/>\n<meta property=\"article:modified_time\" content=\"2022-10-19T15:44:06+00:00\" \/>\n<meta name=\"twitter:card\" content=\"summary_large_image\" \/>\n<meta name=\"twitter:label1\" content=\"Est. reading time\" \/>\n\t<meta name=\"twitter:data1\" content=\"4 minutes\" \/>\n<script type=\"application\/ld+json\" class=\"yoast-schema-graph\">{\"@context\":\"https:\/\/schema.org\",\"@graph\":[{\"@type\":\"WebSite\",\"@id\":\"https:\/\/relaxsrl.com\/#website\",\"url\":\"https:\/\/relaxsrl.com\/\",\"name\":\"Relax srl\",\"description\":\"\",\"potentialAction\":[{\"@type\":\"SearchAction\",\"target\":{\"@type\":\"EntryPoint\",\"urlTemplate\":\"https:\/\/relaxsrl.com\/?s={search_term_string}\"},\"query-input\":\"required name=search_term_string\"}],\"inLanguage\":\"en-US\"},{\"@type\":\"ImageObject\",\"inLanguage\":\"en-US\",\"@id\":\"https:\/\/relaxsrl.com\/en\/selection-guide\/shower-enclosure-with-hinged-door\/#primaryimage\",\"url\":\"https:\/\/relaxsrl.com\/website\/wp-content\/uploads\/2021\/09\/WALL_PL_2.jpg\",\"contentUrl\":\"https:\/\/relaxsrl.com\/website\/wp-content\/uploads\/2021\/09\/WALL_PL_2.jpg\",\"width\":900,\"height\":600,\"caption\":\"box doccia in nicchia minimal con anta battente e lato fisso in linea\"},{\"@type\":\"WebPage\",\"@id\":\"https:\/\/relaxsrl.com\/en\/selection-guide\/shower-enclosure-with-hinged-door\/#webpage\",\"url\":\"https:\/\/relaxsrl.com\/en\/selection-guide\/shower-enclosure-with-hinged-door\/\",\"name\":\"Shower enclosure with hinged door - Relax srl\",\"isPartOf\":{\"@id\":\"https:\/\/relaxsrl.com\/#website\"},\"primaryImageOfPage\":{\"@id\":\"https:\/\/relaxsrl.com\/en\/selection-guide\/shower-enclosure-with-hinged-door\/#primaryimage\"},\"datePublished\":\"2021-10-20T07:28:00+00:00\",\"dateModified\":\"2022-10-19T15:44:06+00:00\",\"description\":\"The hinged door for the shower enclosure is one of the most common. Available in endless types, it is practical and has a full opening.\",\"breadcrumb\":{\"@id\":\"https:\/\/relaxsrl.com\/en\/selection-guide\/shower-enclosure-with-hinged-door\/#breadcrumb\"},\"inLanguage\":\"en-US\",\"potentialAction\":[{\"@type\":\"ReadAction\",\"target\":[\"https:\/\/relaxsrl.com\/en\/selection-guide\/shower-enclosure-with-hinged-door\/\"]}]},{\"@type\":\"BreadcrumbList\",\"@id\":\"https:\/\/relaxsrl.com\/en\/selection-guide\/shower-enclosure-with-hinged-door\/#breadcrumb\",\"itemListElement\":[{\"@type\":\"ListItem\",\"position\":1,\"name\":\"Selection guide\",\"item\":\"https:\/\/relaxsrl.com\/en\/selection-guide\/\"},{\"@type\":\"ListItem\",\"position\":2,\"name\":\"Shower enclosure with hinged door\"}]}]}<\/script>\n<!-- \/ Yoast SEO Premium plugin. -->","yoast_head_json":{"title":"Shower enclosure with hinged door - Relax srl","description":"The hinged door for the shower enclosure is one of the most common. Available in endless types, it is practical and has a full opening.","robots":{"index":"index","follow":"follow","max-snippet":"max-snippet:-1","max-image-preview":"max-image-preview:large","max-video-preview":"max-video-preview:-1"},"canonical":"https:\/\/relaxsrl.com\/en\/selection-guide\/shower-enclosure-with-hinged-door\/","og_locale":"en_US","og_type":"article","og_title":"Shower enclosure with hinged door - Relax srl","og_description":"The hinged door for the shower enclosure is one of the most common. Available in endless types, it is practical and has a full opening.","og_url":"https:\/\/relaxsrl.com\/en\/selection-guide\/shower-enclosure-with-hinged-door\/","og_site_name":"Relax srl","article_modified_time":"2022-10-19T15:44:06+00:00","twitter_card":"summary_large_image","twitter_misc":{"Est. reading time":"4 minutes"},"schema":{"@context":"https:\/\/schema.org","@graph":[{"@type":"WebSite","@id":"https:\/\/relaxsrl.com\/#website","url":"https:\/\/relaxsrl.com\/","name":"Relax srl","description":"","potentialAction":[{"@type":"SearchAction","target":{"@type":"EntryPoint","urlTemplate":"https:\/\/relaxsrl.com\/?s={search_term_string}"},"query-input":"required name=search_term_string"}],"inLanguage":"en-US"},{"@type":"ImageObject","inLanguage":"en-US","@id":"https:\/\/relaxsrl.com\/en\/selection-guide\/shower-enclosure-with-hinged-door\/#primaryimage","url":"https:\/\/relaxsrl.com\/website\/wp-content\/uploads\/2021\/09\/WALL_PL_2.jpg","contentUrl":"https:\/\/relaxsrl.com\/website\/wp-content\/uploads\/2021\/09\/WALL_PL_2.jpg","width":900,"height":600,"caption":"box doccia in nicchia minimal con anta battente e lato fisso in linea"},{"@type":"WebPage","@id":"https:\/\/relaxsrl.com\/en\/selection-guide\/shower-enclosure-with-hinged-door\/#webpage","url":"https:\/\/relaxsrl.com\/en\/selection-guide\/shower-enclosure-with-hinged-door\/","name":"Shower enclosure with hinged door - Relax srl","isPartOf":{"@id":"https:\/\/relaxsrl.com\/#website"},"primaryImageOfPage":{"@id":"https:\/\/relaxsrl.com\/en\/selection-guide\/shower-enclosure-with-hinged-door\/#primaryimage"},"datePublished":"2021-10-20T07:28:00+00:00","dateModified":"2022-10-19T15:44:06+00:00","description":"The hinged door for the shower enclosure is one of the most common. Available in endless types, it is practical and has a full opening.","breadcrumb":{"@id":"https:\/\/relaxsrl.com\/en\/selection-guide\/shower-enclosure-with-hinged-door\/#breadcrumb"},"inLanguage":"en-US","potentialAction":[{"@type":"ReadAction","target":["https:\/\/relaxsrl.com\/en\/selection-guide\/shower-enclosure-with-hinged-door\/"]}]},{"@type":"BreadcrumbList","@id":"https:\/\/relaxsrl.com\/en\/selection-guide\/shower-enclosure-with-hinged-door\/#breadcrumb","itemListElement":[{"@type":"ListItem","position":1,"name":"Selection guide","item":"https:\/\/relaxsrl.com\/en\/selection-guide\/"},{"@type":"ListItem","position":2,"name":"Shower enclosure with hinged door"}]}]}},"_links":{"self":[{"href":"https:\/\/relaxsrl.com\/en\/wp-json\/wp\/v2\/pages\/8205"}],"collection":[{"href":"https:\/\/relaxsrl.com\/en\/wp-json\/wp\/v2\/pages"}],"about":[{"href":"https:\/\/relaxsrl.com\/en\/wp-json\/wp\/v2\/types\/page"}],"author":[{"embeddable":true,"href":"https:\/\/relaxsrl.com\/en\/wp-json\/wp\/v2\/users\/3"}],"replies":[{"embeddable":true,"href":"https:\/\/relaxsrl.com\/en\/wp-json\/wp\/v2\/comments?post=8205"}],"version-history":[{"count":11,"href":"https:\/\/relaxsrl.com\/en\/wp-json\/wp\/v2\/pages\/8205\/revisions"}],"predecessor-version":[{"id":24051,"href":"https:\/\/relaxsrl.com\/en\/wp-json\/wp\/v2\/pages\/8205\/revisions\/24051"}],"up":[{"embeddable":true,"href":"https:\/\/relaxsrl.com\/en\/wp-json\/wp\/v2\/pages\/3908"}],"wp:featuredmedia":[{"embeddable":true,"href":"https:\/\/relaxsrl.com\/en\/wp-json\/wp\/v2\/media\/2302"}],"wp:attachment":[{"href":"https:\/\/relaxsrl.com\/en\/wp-json\/wp\/v2\/media?parent=8205"}],"curies":[{"name":"wp","href":"https:\/\/api.w.org\/{rel}","templated":true}]}}