{"id":11054,"date":"2021-11-15T15:23:27","date_gmt":"2021-11-15T14:23:27","guid":{"rendered":"http:\/\/relaxsrl.com\/area-architetti\/"},"modified":"2024-02-07T18:08:09","modified_gmt":"2024-02-07T17:08:09","slug":"espace-architectes","status":"publish","type":"page","link":"https:\/\/relaxsrl.com\/fr\/espace-architectes\/","title":{"rendered":"Espace Architectes"},"content":{"rendered":"<p>[vc_row full_width=\u00a0\u00bbstretch_row\u00a0\u00bb content_placement=\u00a0\u00bbmiddle\u00a0\u00bb el_class=\u00a0\u00bbintro-row\u00a0\u00bb][vc_column width=\u00a0\u00bb5\/12&Prime;][vc_column_text]<\/p>\n<h1>Espace Architectes<\/h1>\n<p>[\/vc_column_text][\/vc_column][vc_column width=\u00a0\u00bb7\/12&Prime;][vc_column_text el_class=\u00a0\u00bbabstract\u00a0\u00bb]Notre espace r\u00e9serv\u00e9 \u00e0 ceux qui croient \u00e0 la dichotomie entre mati\u00e8re et forme, les Architectes. Dans ces pages, vous trouverez des id\u00e9es, des conseils, du mat\u00e9riel d&rsquo;information, des fiches techniques et bien plus encore.[\/vc_column_text][\/vc_column][\/vc_row][vc_row el_class=\u00a0\u00bbrow-path\u00a0\u00bb][vc_column][vc_column_text][\/vc_column_text][\/vc_column][\/vc_row][vc_row equal_height=\u00a0\u00bbyes\u00a0\u00bb content_placement=\u00a0\u00bbmiddle\u00a0\u00bb el_class=\u00a0\u00bbrow-ambiente\u00a0\u00bb][vc_column width=\u00a0\u00bb5\/12&Prime; css=\u00a0\u00bb.vc_custom_1634028609935{background-image: url(http:\/\/relaxsrl.com\/wp-content\/uploads\/2021\/10\/ambienti-opaco.jpg?id=6265) !important;background-position: center !important;background-repeat: no-repeat !important;background-size: cover !important;}\u00a0\u00bb el_class=\u00a0\u00bbcol-text\u00a0\u00bb][vc_column_text]<\/p>\n<h3 style=\"text-align: center;\">Environnements<\/h3>\n<p style=\"text-align: center;\">Nous proposons des solutions de salle de bain dans notre espace architectes de styles diff\u00e9rents avec nos produits afin qu&rsquo;ils puissent \u00eatre inspirantso.<\/p>\n<p>[\/vc_column_text][vc_btn title=\u00a0\u00bbREGARD\u00a0\u00bb style=\u00a0\u00bbclassic\u00a0\u00bb shape=\u00a0\u00bbsquare\u00a0\u00bb color=\u00a0\u00bbwhite\u00a0\u00bb align=\u00a0\u00bbcenter\u00a0\u00bb link=\u00a0\u00bburl:http%3A%2F%2Frelaxsrl.com%2Ffr%2Fespace-architectes%2Fespaces-bain%2F|title:Environnements\u00a0\u00bb el_class=\u00a0\u00bbbtn-default-white\u00a0\u00bb][\/vc_column][vc_column width=\u00a0\u00bb7\/12&Prime;][vc_single_image image=\u00a0\u00bb6257&Prime; img_size=\u00a0\u00bbfull\u00a0\u00bb onclick=\u00a0\u00bbcustom_link\u00a0\u00bb link=\u00a0\u00bbhttp:\/\/relaxsrl.com\/fr\/espace-architectes\/espaces-bain\/\u00a0\u00bb][\/vc_column][\/vc_row][vc_row equal_height=\u00a0\u00bbyes\u00a0\u00bb content_placement=\u00a0\u00bbmiddle\u00a0\u00bb el_class=\u00a0\u00bbrow-ambiente\u00a0\u00bb][vc_column width=\u00a0\u00bb7\/12&Prime;][vc_single_image image=\u00a0\u00bb5884&Prime; img_size=\u00a0\u00bbfull\u00a0\u00bb onclick=\u00a0\u00bbcustom_link\u00a0\u00bb][\/vc_column][vc_column width=\u00a0\u00bb5\/12&Prime; css=\u00a0\u00bb.vc_custom_1633949555233{background-image: url(http:\/\/relaxsrl.com\/wp-content\/uploads\/2021\/10\/configuratore-opaco-1.jpg?id=5878) !important;background-position: center !important;background-repeat: no-repeat !important;background-size: cover !important;}\u00a0\u00bb el_class=\u00a0\u00bbcol-text\u00a0\u00bb][vc_column_text]<\/p>\n<h3 style=\"text-align: center;\">Configurateur professionnel<\/h3>\n<p>[\/vc_column_text][vc_btn title=\u00a0\u00bbACC\u00c9DER AU CONFIGURATEUR\u00a0\u00bb style=\u00a0\u00bbclassic\u00a0\u00bb shape=\u00a0\u00bbsquare\u00a0\u00bb color=\u00a0\u00bbwhite\u00a0\u00bb align=\u00a0\u00bbcenter\u00a0\u00bb link=\u00a0\u00bburl:https%3A%2F%2Frelaxsrl.com%2Fxutility%2F|title:Environnements\u00a0\u00bb el_class=\u00a0\u00bbbtn-default-white\u00a0\u00bb][\/vc_column][\/vc_row][vc_row equal_height=\u00a0\u00bbyes\u00a0\u00bb content_placement=\u00a0\u00bbmiddle\u00a0\u00bb el_class=\u00a0\u00bbrow-ambiente\u00a0\u00bb][vc_column width=\u00a0\u00bb5\/12&Prime; el_class=\u00a0\u00bbcol-text\u00a0\u00bb css=\u00a0\u00bb.vc_custom_1634028782178{background-image: url(http:\/\/relaxsrl.com\/wp-content\/uploads\/2021\/10\/3d-opaco-1.jpg?id=6270) !important;}\u00a0\u00bb][vc_column_text]<\/p>\n<h3 style=\"text-align: center;\">3D, Fiches techniques, Fiches d&rsquo;assemblage<\/h3>\n<p style=\"text-align: center;\">Ici, vous pouvez tout t\u00e9l\u00e9charger pour voir, comprendre et assembler nos produits.<\/p>\n<p>[\/vc_column_text][vc_btn title=\u00a0\u00bbT\u00c9L\u00c9CHARGER\u00a0\u00bb style=\u00a0\u00bbclassic\u00a0\u00bb shape=\u00a0\u00bbsquare\u00a0\u00bb color=\u00a0\u00bbwhite\u00a0\u00bb align=\u00a0\u00bbcenter\u00a0\u00bb link=\u00a0\u00bburl:http%3A%2F%2Frelaxsrl.com%2Ffr%2Fespace-architectes%2Fdocumentation%2F|title:Documentation%20pour%20les%20architectes\u00a0\u00bb el_class=\u00a0\u00bbbtn-default-white\u00a0\u00bb][\/vc_column][vc_column width=\u00a0\u00bb7\/12&Prime; css=\u00a0\u00bb.vc_custom_1634028758037{background-position: center !important;background-repeat: no-repeat !important;background-size: cover !important;}\u00a0\u00bb][vc_single_image image=\u00a0\u00bb5876&Prime; img_size=\u00a0\u00bbfull\u00a0\u00bb onclick=\u00a0\u00bbcustom_link\u00a0\u00bb link=\u00a0\u00bbhttp:\/\/relaxsrl.com\/fr\/espace-architectes\/documentation\/\u00a0\u00bb][\/vc_column][\/vc_row][vc_row equal_height=\u00a0\u00bbyes\u00a0\u00bb content_placement=\u00a0\u00bbmiddle\u00a0\u00bb][vc_column width=\u00a0\u00bb1\/3&Prime;][vc_column_text el_class=\u00a0\u00bbblock_title_p_ul\u00a0\u00bb]<\/p>\n<h3>Informations utiles<\/h3>\n<div class=\"divider-blue\"><\/div>\n<p>Toutes les informations dont vous avez besoin sur nos produits certifi\u00e9s <a href=\"https:\/\/www.tuvsud.com\/fr-fr\">T\u00dcV S\u00dcD<\/a>.[\/vc_column_text][vc_empty_space height=\u00a0\u00bb40px\u00a0\u00bb][vc_column_text el_class=\u00a0\u00bbblock_title_p_ul\u00a0\u00bb]<\/p>\n<ul>\n<li><a href=\"http:\/\/relaxsrl.com\/fr\/brevets-relax\/\">Brevets<\/a><\/li>\n<li><a href=\"http:\/\/relaxsrl.com\/fr\/certifications-relax\/\">Certifications<\/a><\/li>\n<li><a href=\"http:\/\/relaxsrl.com\/fr\/finitions\/\">Finitions<\/a><\/li>\n<li><a href=\"http:\/\/relaxsrl.com\/fr\/materiaux-et-composants\/\">Mat\u00e9riaux et composants<\/a><\/li>\n<li><a title=\"\" href=\"http:\/\/relaxsrl.com\/docs\/formazione\/FORMAZIONE FRA.pdf\" target=\"_blank\" rel=\"noopener\">Formation<\/a><\/li>\n<\/ul>\n<p>[\/vc_column_text][vc_empty_space height=\u00a0\u00bb40px\u00a0\u00bb][\/vc_column][vc_column width=\u00a0\u00bb1\/3&Prime; css=\u00a0\u00bb.vc_custom_1629184435308{margin-right: 15px !important;margin-left: 15px !important;background-color: #565556 !important;}\u00a0\u00bb el_class=\u00a0\u00bbbox-area-download\u00a0\u00bb][vc_empty_space height=\u00a0\u00bb40px\u00a0\u00bb][vc_column_text]<\/p>\n<h3>News 2024<\/h3>\n<p>[\/vc_column_text][vc_empty_space height=\u00a0\u00bb30px\u00a0\u00bb][vc_btn title=\u00a0\u00bbT\u00c9L\u00c9CHARGER\u00a0\u00bb style=\u00a0\u00bbclassic\u00a0\u00bb shape=\u00a0\u00bbsquare\u00a0\u00bb color=\u00a0\u00bbwhite\u00a0\u00bb align=\u00a0\u00bbcenter\u00a0\u00bb link=\u00a0\u00bburl:http%3A%2F%2Fwww.relaxsrl.com%2Fdocs%2Fcataloghi%2FNews_2024_SP.pdf|title:News%202023|target:_blank\u00a0\u00bb el_class=\u00a0\u00bbbtn-default-white\u00a0\u00bb][\/vc_column][vc_column width=\u00a0\u00bb1\/3&Prime; css=\u00a0\u00bb.vc_custom_1629184439902{margin-right: 15px !important;margin-left: 15px !important;background-color: #001738 !important;}\u00a0\u00bb el_class=\u00a0\u00bbbox-area-download\u00a0\u00bb][vc_empty_space height=\u00a0\u00bb40px\u00a0\u00bb][vc_column_text]<\/p>\n<h3>Catalogue 2021<\/h3>\n<p>[\/vc_column_text][vc_empty_space height=\u00a0\u00bb30px\u00a0\u00bb][vc_btn title=\u00a0\u00bbT\u00c9L\u00c9CHARGER\u00a0\u00bb style=\u00a0\u00bbclassic\u00a0\u00bb shape=\u00a0\u00bbsquare\u00a0\u00bb color=\u00a0\u00bbwhite\u00a0\u00bb align=\u00a0\u00bbcenter\u00a0\u00bb link=\u00a0\u00bburl:http%3A%2F%2Frelaxsrl.com%2Fdocs%2Fcataloghi%2Fcatalogo_relax.pdf|title:T%C3%A9l%C3%A9charger%20le%20catalogue|target:_blank|\u00a0\u00bb el_class=\u00a0\u00bbbtn-default-white\u00a0\u00bb][\/vc_column][\/vc_row][vc_row][vc_column][vc_empty_space height=\u00a0\u00bb100px\u00a0\u00bb][\/vc_column][\/vc_row][vc_row][vc_column width=\u00a0\u00bb1\/3&Prime;][vc_column_text el_class=\u00a0\u00bbblock_title_p_ul\u00a0\u00bb]<\/p>\n<h3>Fabrication d&rsquo;une cabine de douche<\/h3>\n<div class=\"divider-blue\"><\/div>\n<p>D\u00e9couvrez le processus qui conduit les mati\u00e8res premi\u00e8res \u00e0 devenir une cabine de douche Relax.[\/vc_column_text][vc_empty_space height=\u00a0\u00bb40px\u00a0\u00bb][vc_column_text el_class=\u00a0\u00bbblock_title_p_ul\u00a0\u00bb]<\/p>\n<ul>\n<li><a href=\"http:\/\/relaxsrl.com\/fr\/comment-nait-une-cabine-de-douche-de-qualite\/\">Des mati\u00e8res premi\u00e8res \u00e0 la cabine de douche<\/a><\/li>\n<\/ul>\n<p>[\/vc_column_text][\/vc_column][vc_column width=\u00a0\u00bb1\/3&Prime;][vc_column_text el_class=\u00a0\u00bbblock_title_p_ul\u00a0\u00bb]<\/p>\n<h3>Solutions fonctionnelles<\/h3>\n<div class=\"divider-blue\"><\/div>\n<p>Les solutions techniques con\u00e7ues, test\u00e9es et r\u00e9alis\u00e9es ont rendu les parois de douche Relax faciles \u00e0 monter, \u00e0 nettoyer et \u00e0 durer. D\u00e9couvrez-les.[\/vc_column_text][vc_empty_space height=\u00a0\u00bb40px\u00a0\u00bb][vc_column_text el_class=\u00a0\u00bbblock_title_p_ul\u00a0\u00bb]<\/p>\n<ul>\n<li><a href=\"http:\/\/relaxsrl.com\/fr\/solutions-fonctionnelles\/#paragrafo-1\">Insertion du verre sous pression<\/a><\/li>\n<li><a href=\"http:\/\/relaxsrl.com\/fr\/solutions-fonctionnelles\/#paragrafo-2\">D\u00e9verrouillage de la porte<\/a><\/li>\n<li><a href=\"http:\/\/relaxsrl.com\/fr\/solutions-fonctionnelles\/#paragrafo-3\">Couvercle de roulement<\/a><\/li>\n<li><a href=\"http:\/\/relaxsrl.com\/fr\/solutions-fonctionnelles\/#paragrafo-4\">Profil mural<\/a><\/li>\n<li><a href=\"http:\/\/relaxsrl.com\/fr\/solutions-fonctionnelles\/#paragrafo-5\">Joints int\u00e9gr\u00e9s dans le profil\u00e9<\/a><\/li>\n<li><a href=\"http:\/\/relaxsrl.com\/fr\/solutions-fonctionnelles\/#paragrafo-6\">Profils et capuchons d\u00e9coratifs<\/a><\/li>\n<li><a href=\"http:\/\/relaxsrl.com\/fr\/solutions-fonctionnelles\/#paragrafo-7\">Charni\u00e8res et poign\u00e9es avec couvercle interchangeable<\/a><\/li>\n<\/ul>\n<p>[\/vc_column_text][\/vc_column][vc_column width=\u00a0\u00bb1\/3&Prime;][vc_column_text el_class=\u00a0\u00bbblock_title_p_ul\u00a0\u00bb]<\/p>\n<h3>Conseils pour choisir<\/h3>\n<div class=\"divider-blue\"><\/div>\n<p>Mat\u00e9riel didactique gratuit pour vous guider dans le choix de la cabine de douche.[\/vc_column_text][vc_empty_space height=\u00a0\u00bb40px\u00a0\u00bb][vc_column_text el_class=\u00a0\u00bbblock_title_p_ul\u00a0\u00bb]<\/p>\n<ul>\n<li><a href=\"http:\/\/relaxsrl.com\/fr\/comment-choisir-la-cabine-de-douche\/\">Type avec cadre ou sans cadre<\/a><\/li>\n<li><a href=\"http:\/\/relaxsrl.com\/fr\/comment-choisir-la-cabine-de-douche\/#paragrafo-3\">Types d&rsquo;ouverture<\/a><\/li>\n<li><a href=\"http:\/\/relaxsrl.com\/fr\/des-choix-efficaces-pour-le-receveur-de-douche\/\">Receveur de douche au-dessus, affleurant ou encastr\u00e9 dans le sol<\/a><\/li>\n<li><a href=\"http:\/\/relaxsrl.com\/fr\/des-choix-efficaces-pour-les-cabines-de-douche-de-niche\/\">Solutions de niche<\/a><\/li>\n<li><a href=\"http:\/\/relaxsrl.com\/fr\/cas-limites\/\">Situations limites<\/a><\/li>\n<\/ul>\n<p>[\/vc_column_text][\/vc_column][\/vc_row][vc_row][vc_column][vc_empty_space height=\u00a0\u00bb100px\u00a0\u00bb][\/vc_column][\/vc_row]<\/p>\n","protected":false},"excerpt":{"rendered":"<p>[vc_row full_width=\u00a0\u00bbstretch_row\u00a0\u00bb content_placement=\u00a0\u00bbmiddle\u00a0\u00bb el_class=\u00a0\u00bbintro-row\u00a0\u00bb][vc_column width=\u00a0\u00bb5\/12&Prime;][vc_column_text] Espace Architectes [\/vc_column_text][\/vc_column][vc_column width=\u00a0\u00bb7\/12&Prime;][vc_column_text el_class=\u00a0\u00bbabstract\u00a0\u00bb]Notre espace r\u00e9serv\u00e9 \u00e0 ceux qui croient \u00e0 la dichotomie entre mati\u00e8re et forme, les Architectes. Dans ces pages, vous trouverez des id\u00e9es, des conseils, du mat\u00e9riel d&rsquo;information, des fiches techniques et bien plus encore.[\/vc_column_text][\/vc_column][\/vc_row][vc_row el_class=\u00a0\u00bbrow-path\u00a0\u00bb][vc_column][vc_column_text][\/vc_column_text][\/vc_column][\/vc_row][vc_row equal_height=\u00a0\u00bbyes\u00a0\u00bb content_placement=\u00a0\u00bbmiddle\u00a0\u00bb el_class=\u00a0\u00bbrow-ambiente\u00a0\u00bb][vc_column width=\u00a0\u00bb5\/12&Prime; css=\u00a0\u00bb.vc_custom_1634028609935{background-image: url(http:\/\/relaxsrl.com\/wp-content\/uploads\/2021\/10\/ambienti-opaco.jpg?id=6265) !important;background-position: center !important;background-repeat: no-repeat [&hellip;]<\/p>\n","protected":false},"author":3,"featured_media":6257,"parent":0,"menu_order":0,"comment_status":"closed","ping_status":"closed","template":"","meta":[],"acf":[],"yoast_head":"<!-- This site is optimized with the Yoast SEO Premium plugin v18.4 (Yoast SEO v18.8) - https:\/\/yoast.com\/wordpress\/plugins\/seo\/ -->\n<title>Espace Architectes - Relax srl<\/title>\n<meta name=\"description\" content=\"Relax offre aux architectes un espace pour mieux conna\u00eetre la cabine de douche, gr\u00e2ce \u00e9galement \u00e0 un configurateur professionnel.\" \/>\n<meta name=\"robots\" content=\"index, follow, max-snippet:-1, max-image-preview:large, max-video-preview:-1\" \/>\n<link rel=\"canonical\" href=\"https:\/\/relaxsrl.com\/fr\/espace-architectes\/\" \/>\n<meta property=\"og:locale\" content=\"fr_FR\" \/>\n<meta property=\"og:type\" content=\"article\" \/>\n<meta property=\"og:title\" content=\"Espace Architectes - Relax srl\" \/>\n<meta property=\"og:description\" content=\"Relax offre aux architectes un espace pour mieux conna\u00eetre la cabine de douche, gr\u00e2ce \u00e9galement \u00e0 un configurateur professionnel.\" \/>\n<meta property=\"og:url\" content=\"https:\/\/relaxsrl.com\/fr\/espace-architectes\/\" \/>\n<meta property=\"og:site_name\" content=\"Relax srl\" \/>\n<meta property=\"article:modified_time\" content=\"2024-02-07T17:08:09+00:00\" \/>\n<meta property=\"og:image\" content=\"https:\/\/relaxsrl.com\/website\/wp-content\/uploads\/2021\/10\/ambienti-1.jpg\" \/>\n\t<meta property=\"og:image:width\" content=\"960\" \/>\n\t<meta property=\"og:image:height\" content=\"660\" \/>\n\t<meta property=\"og:image:type\" content=\"image\/jpeg\" \/>\n<meta name=\"twitter:card\" content=\"summary_large_image\" \/>\n<meta name=\"twitter:label1\" content=\"Dur\u00e9e de lecture estim\u00e9e\" \/>\n\t<meta name=\"twitter:data1\" content=\"3 minutes\" \/>\n<script type=\"application\/ld+json\" class=\"yoast-schema-graph\">{\"@context\":\"https:\/\/schema.org\",\"@graph\":[{\"@type\":\"WebSite\",\"@id\":\"https:\/\/relaxsrl.com\/#website\",\"url\":\"https:\/\/relaxsrl.com\/\",\"name\":\"Relax srl\",\"description\":\"\",\"potentialAction\":[{\"@type\":\"SearchAction\",\"target\":{\"@type\":\"EntryPoint\",\"urlTemplate\":\"https:\/\/relaxsrl.com\/?s={search_term_string}\"},\"query-input\":\"required name=search_term_string\"}],\"inLanguage\":\"fr-FR\"},{\"@type\":\"ImageObject\",\"inLanguage\":\"fr-FR\",\"@id\":\"https:\/\/relaxsrl.com\/fr\/espace-architectes\/#primaryimage\",\"url\":\"https:\/\/relaxsrl.com\/website\/wp-content\/uploads\/2021\/10\/ambienti-1.jpg\",\"contentUrl\":\"https:\/\/relaxsrl.com\/website\/wp-content\/uploads\/2021\/10\/ambienti-1.jpg\",\"width\":960,\"height\":660,\"caption\":\"Cabina doccia in nicchia con anta pivotante\"},{\"@type\":\"WebPage\",\"@id\":\"https:\/\/relaxsrl.com\/fr\/espace-architectes\/#webpage\",\"url\":\"https:\/\/relaxsrl.com\/fr\/espace-architectes\/\",\"name\":\"Espace Architectes - Relax srl\",\"isPartOf\":{\"@id\":\"https:\/\/relaxsrl.com\/#website\"},\"primaryImageOfPage\":{\"@id\":\"https:\/\/relaxsrl.com\/fr\/espace-architectes\/#primaryimage\"},\"datePublished\":\"2021-11-15T14:23:27+00:00\",\"dateModified\":\"2024-02-07T17:08:09+00:00\",\"description\":\"Relax offre aux architectes un espace pour mieux conna\u00eetre la cabine de douche, gr\u00e2ce \u00e9galement \u00e0 un configurateur professionnel.\",\"breadcrumb\":{\"@id\":\"https:\/\/relaxsrl.com\/fr\/espace-architectes\/#breadcrumb\"},\"inLanguage\":\"fr-FR\",\"potentialAction\":[{\"@type\":\"ReadAction\",\"target\":[\"https:\/\/relaxsrl.com\/fr\/espace-architectes\/\"]}]},{\"@type\":\"BreadcrumbList\",\"@id\":\"https:\/\/relaxsrl.com\/fr\/espace-architectes\/#breadcrumb\",\"itemListElement\":[{\"@type\":\"ListItem\",\"position\":1,\"name\":\"Espace Architectes\"}]}]}<\/script>\n<!-- \/ Yoast SEO Premium plugin. -->","yoast_head_json":{"title":"Espace Architectes - Relax srl","description":"Relax offre aux architectes un espace pour mieux conna\u00eetre la cabine de douche, gr\u00e2ce \u00e9galement \u00e0 un configurateur professionnel.","robots":{"index":"index","follow":"follow","max-snippet":"max-snippet:-1","max-image-preview":"max-image-preview:large","max-video-preview":"max-video-preview:-1"},"canonical":"https:\/\/relaxsrl.com\/fr\/espace-architectes\/","og_locale":"fr_FR","og_type":"article","og_title":"Espace Architectes - Relax srl","og_description":"Relax offre aux architectes un espace pour mieux conna\u00eetre la cabine de douche, gr\u00e2ce \u00e9galement \u00e0 un configurateur professionnel.","og_url":"https:\/\/relaxsrl.com\/fr\/espace-architectes\/","og_site_name":"Relax srl","article_modified_time":"2024-02-07T17:08:09+00:00","og_image":[{"width":960,"height":660,"url":"https:\/\/relaxsrl.com\/website\/wp-content\/uploads\/2021\/10\/ambienti-1.jpg","type":"image\/jpeg"}],"twitter_card":"summary_large_image","twitter_misc":{"Dur\u00e9e de lecture estim\u00e9e":"3 minutes"},"schema":{"@context":"https:\/\/schema.org","@graph":[{"@type":"WebSite","@id":"https:\/\/relaxsrl.com\/#website","url":"https:\/\/relaxsrl.com\/","name":"Relax srl","description":"","potentialAction":[{"@type":"SearchAction","target":{"@type":"EntryPoint","urlTemplate":"https:\/\/relaxsrl.com\/?s={search_term_string}"},"query-input":"required name=search_term_string"}],"inLanguage":"fr-FR"},{"@type":"ImageObject","inLanguage":"fr-FR","@id":"https:\/\/relaxsrl.com\/fr\/espace-architectes\/#primaryimage","url":"https:\/\/relaxsrl.com\/website\/wp-content\/uploads\/2021\/10\/ambienti-1.jpg","contentUrl":"https:\/\/relaxsrl.com\/website\/wp-content\/uploads\/2021\/10\/ambienti-1.jpg","width":960,"height":660,"caption":"Cabina doccia in nicchia con anta pivotante"},{"@type":"WebPage","@id":"https:\/\/relaxsrl.com\/fr\/espace-architectes\/#webpage","url":"https:\/\/relaxsrl.com\/fr\/espace-architectes\/","name":"Espace Architectes - Relax srl","isPartOf":{"@id":"https:\/\/relaxsrl.com\/#website"},"primaryImageOfPage":{"@id":"https:\/\/relaxsrl.com\/fr\/espace-architectes\/#primaryimage"},"datePublished":"2021-11-15T14:23:27+00:00","dateModified":"2024-02-07T17:08:09+00:00","description":"Relax offre aux architectes un espace pour mieux conna\u00eetre la cabine de douche, gr\u00e2ce \u00e9galement \u00e0 un configurateur professionnel.","breadcrumb":{"@id":"https:\/\/relaxsrl.com\/fr\/espace-architectes\/#breadcrumb"},"inLanguage":"fr-FR","potentialAction":[{"@type":"ReadAction","target":["https:\/\/relaxsrl.com\/fr\/espace-architectes\/"]}]},{"@type":"BreadcrumbList","@id":"https:\/\/relaxsrl.com\/fr\/espace-architectes\/#breadcrumb","itemListElement":[{"@type":"ListItem","position":1,"name":"Espace Architectes"}]}]}},"_links":{"self":[{"href":"https:\/\/relaxsrl.com\/fr\/wp-json\/wp\/v2\/pages\/11054"}],"collection":[{"href":"https:\/\/relaxsrl.com\/fr\/wp-json\/wp\/v2\/pages"}],"about":[{"href":"https:\/\/relaxsrl.com\/fr\/wp-json\/wp\/v2\/types\/page"}],"author":[{"embeddable":true,"href":"https:\/\/relaxsrl.com\/fr\/wp-json\/wp\/v2\/users\/3"}],"replies":[{"embeddable":true,"href":"https:\/\/relaxsrl.com\/fr\/wp-json\/wp\/v2\/comments?post=11054"}],"version-history":[{"count":16,"href":"https:\/\/relaxsrl.com\/fr\/wp-json\/wp\/v2\/pages\/11054\/revisions"}],"predecessor-version":[{"id":29919,"href":"https:\/\/relaxsrl.com\/fr\/wp-json\/wp\/v2\/pages\/11054\/revisions\/29919"}],"wp:featuredmedia":[{"embeddable":true,"href":"https:\/\/relaxsrl.com\/fr\/wp-json\/wp\/v2\/media\/6257"}],"wp:attachment":[{"href":"https:\/\/relaxsrl.com\/fr\/wp-json\/wp\/v2\/media?parent=11054"}],"curies":[{"name":"wp","href":"https:\/\/api.w.org\/{rel}","templated":true}]}}