{"id":11060,"date":"2021-11-15T16:05:16","date_gmt":"2021-11-15T15:05:16","guid":{"rendered":"http:\/\/relaxsrl.com\/acces-au-contenu-refuse\/"},"modified":"2024-12-17T17:52:58","modified_gmt":"2024-12-17T16:52:58","slug":"acces-au-contenu-refuse","status":"publish","type":"page","link":"https:\/\/relaxsrl.com\/fr\/acces-au-contenu-refuse\/","title":{"rendered":"Acc\u00e8s au contenu refus\u00e9"},"content":{"rendered":"<p>[vc_row][vc_column][vc_empty_space height=\u00a0\u00bb100px\u00a0\u00bb][vc_column_text]<\/p>\n<h3 style=\"text-align: center;\">Contenu confidentiel!<\/h3>\n<div class=\"divider-blue divider-blue-center\"><\/div>\n<p style=\"text-align: center;\">Vous n&rsquo;avez pas la permission de voir ce contenu.<\/p>\n<p>[\/vc_column_text][vc_empty_space height=\u00a0\u00bb50px\u00a0\u00bb][\/vc_column][\/vc_row][vc_row el_class=\u00a0\u00bbaccesso-negato-no-login\u00a0\u00bb][vc_column width=\u00a0\u00bb1\/4&Prime;][\/vc_column][vc_column width=\u00a0\u00bb1\/4&Prime;][vc_column_text]<\/p>\n<h3 style=\"text-align: center;\">\u00cates-vous un architecte?<\/h3>\n<p>[\/vc_column_text][vc_empty_space height=\u00a0\u00bb20px\u00a0\u00bb][vc_btn title=\u00a0\u00bbSE CONNECTER\u00a0\u00bb style=\u00a0\u00bbclassic\u00a0\u00bb shape=\u00a0\u00bbsquare\u00a0\u00bb color=\u00a0\u00bbwhite\u00a0\u00bb align=\u00a0\u00bbcenter\u00a0\u00bb link=\u00a0\u00bburl:https%3A%2F%2Fwww.relaxsrl.com%2Fxapp%2Fpublic%2Farchitect-login%3Flanguage%3Dfr|title:Connexion%20Espace%20Architectes\u00a0\u00bb el_class=\u00a0\u00bbbtn-default\u00a0\u00bb][\/vc_column][vc_column width=\u00a0\u00bb1\/4&Prime;][vc_column_text]<\/p>\n<h3 style=\"text-align: center;\">\u00cates-vous un revendeur?<\/h3>\n<p>[\/vc_column_text][vc_empty_space height=\u00a0\u00bb20px\u00a0\u00bb][vc_btn title=\u00a0\u00bbSE CONNECTER\u00a0\u00bb style=\u00a0\u00bbclassic\u00a0\u00bb shape=\u00a0\u00bbsquare\u00a0\u00bb color=\u00a0\u00bbwhite\u00a0\u00bb align=\u00a0\u00bbcenter\u00a0\u00bb link=\u00a0\u00bburl:https%3A%2F%2Fwww.relaxsrl.com%2Fxapp%2Fpublic%2Flogin%3Flanguage%3Dfr|title:Connexion%20Espace%20Revendeurs\u00a0\u00bb el_class=\u00a0\u00bbbtn-default\u00a0\u00bb][\/vc_column][vc_column width=\u00a0\u00bb1\/4&Prime;][\/vc_column][\/vc_row][vc_row el_class=\u00a0\u00bbaccesso-negato-rivenditori\u00a0\u00bb][vc_column width=\u00a0\u00bb1\/4&Prime;][\/vc_column][vc_column width=\u00a0\u00bb1\/2&Prime;][vc_empty_space height=\u00a0\u00bb20px\u00a0\u00bb][vc_btn title=\u00a0\u00bbALLER \u00c0 L&rsquo;ESPACE REVENDEUR\u00a0\u00bb style=\u00a0\u00bbclassic\u00a0\u00bb shape=\u00a0\u00bbsquare\u00a0\u00bb color=\u00a0\u00bbwhite\u00a0\u00bb align=\u00a0\u00bbcenter\u00a0\u00bb link=\u00a0\u00bburl:https%3A%2F%2Fwww.relaxsrl.com%2Fxapp%2Fpublic%2Flogin%3Flanguage%3Dfr|title:Espace%20Revendeur\u00a0\u00bb el_class=\u00a0\u00bbbtn-default\u00a0\u00bb][\/vc_column][vc_column width=\u00a0\u00bb1\/4&Prime;][\/vc_column][\/vc_row][vc_row el_class=\u00a0\u00bbaccesso-negato-architetti\u00a0\u00bb][vc_column width=\u00a0\u00bb1\/4&Prime;][\/vc_column][vc_column width=\u00a0\u00bb1\/2&Prime;][vc_empty_space height=\u00a0\u00bb20px\u00a0\u00bb][vc_btn title=\u00a0\u00bbALLER \u00c0 L&rsquo;ESPACE ARCHITECTES\u00a0\u00bb style=\u00a0\u00bbclassic\u00a0\u00bb shape=\u00a0\u00bbsquare\u00a0\u00bb color=\u00a0\u00bbwhite\u00a0\u00bb align=\u00a0\u00bbcenter\u00a0\u00bb link=\u00a0\u00bburl:https%3A%2F%2Fwww.relaxsrl.com%2Fxapp%2Fpublic%2Farchitect-login%3Flanguage%3Dfr|title:Espace%20Architectes\u00a0\u00bb el_class=\u00a0\u00bbbtn-default\u00a0\u00bb][\/vc_column][vc_column width=\u00a0\u00bb1\/4&Prime;][\/vc_column][\/vc_row][vc_row][vc_column][vc_empty_space height=\u00a0\u00bb100px\u00a0\u00bb][\/vc_column][\/vc_row]<\/p>\n","protected":false},"excerpt":{"rendered":"<p>[vc_row][vc_column][vc_empty_space height=\u00a0\u00bb100px\u00a0\u00bb][vc_column_text] Contenu confidentiel! Vous n&rsquo;avez pas la permission de voir ce contenu. [\/vc_column_text][vc_empty_space height=\u00a0\u00bb50px\u00a0\u00bb][\/vc_column][\/vc_row][vc_row el_class=\u00a0\u00bbaccesso-negato-no-login\u00a0\u00bb][vc_column width=\u00a0\u00bb1\/4&Prime;][\/vc_column][vc_column width=\u00a0\u00bb1\/4&Prime;][vc_column_text] \u00cates-vous un architecte? [\/vc_column_text][vc_empty_space height=\u00a0\u00bb20px\u00a0\u00bb][vc_btn title=\u00a0\u00bbSE CONNECTER\u00a0\u00bb style=\u00a0\u00bbclassic\u00a0\u00bb shape=\u00a0\u00bbsquare\u00a0\u00bb color=\u00a0\u00bbwhite\u00a0\u00bb align=\u00a0\u00bbcenter\u00a0\u00bb link=\u00a0\u00bburl:https%3A%2F%2Fwww.relaxsrl.com%2Fxapp%2Fpublic%2Farchitect-login%3Flanguage%3Dfr|title:Connexion%20Espace%20Architectes\u00a0\u00bb el_class=\u00a0\u00bbbtn-default\u00a0\u00bb][\/vc_column][vc_column width=\u00a0\u00bb1\/4&Prime;][vc_column_text] \u00cates-vous un revendeur? [\/vc_column_text][vc_empty_space height=\u00a0\u00bb20px\u00a0\u00bb][vc_btn title=\u00a0\u00bbSE CONNECTER\u00a0\u00bb style=\u00a0\u00bbclassic\u00a0\u00bb shape=\u00a0\u00bbsquare\u00a0\u00bb color=\u00a0\u00bbwhite\u00a0\u00bb align=\u00a0\u00bbcenter\u00a0\u00bb link=\u00a0\u00bburl:https%3A%2F%2Fwww.relaxsrl.com%2Fxapp%2Fpublic%2Flogin%3Flanguage%3Dfr|title:Connexion%20Espace%20Revendeurs\u00a0\u00bb el_class=\u00a0\u00bbbtn-default\u00a0\u00bb][\/vc_column][vc_column width=\u00a0\u00bb1\/4&Prime;][\/vc_column][\/vc_row][vc_row el_class=\u00a0\u00bbaccesso-negato-rivenditori\u00a0\u00bb][vc_column width=\u00a0\u00bb1\/4&Prime;][\/vc_column][vc_column width=\u00a0\u00bb1\/2&Prime;][vc_empty_space height=\u00a0\u00bb20px\u00a0\u00bb][vc_btn title=\u00a0\u00bbALLER \u00c0 L&rsquo;ESPACE REVENDEUR\u00a0\u00bb style=\u00a0\u00bbclassic\u00a0\u00bb [&hellip;]<\/p>\n","protected":false},"author":3,"featured_media":0,"parent":0,"menu_order":0,"comment_status":"closed","ping_status":"closed","template":"","meta":[],"acf":[],"yoast_head":"<!-- This site is optimized with the Yoast SEO Premium plugin v18.4 (Yoast SEO v18.8) - https:\/\/yoast.com\/wordpress\/plugins\/seo\/ -->\n<title>Acc\u00e8s au contenu refus\u00e9 - Relax srl<\/title>\n<meta name=\"description\" content=\"Acc\u00e8s au contenu refus\u00e9 car vous ne vous \u00eates pas inscrit. Faites-le et d\u00e9couvrez les produits et les informations techniques.\" \/>\n<meta name=\"robots\" content=\"noindex, follow\" \/>\n<meta property=\"og:locale\" content=\"fr_FR\" \/>\n<meta property=\"og:type\" content=\"article\" \/>\n<meta property=\"og:title\" content=\"Acc\u00e8s au contenu refus\u00e9 - Relax srl\" \/>\n<meta property=\"og:description\" content=\"Acc\u00e8s au contenu refus\u00e9 car vous ne vous \u00eates pas inscrit. Faites-le et d\u00e9couvrez les produits et les informations techniques.\" \/>\n<meta property=\"og:url\" content=\"https:\/\/relaxsrl.com\/fr\/acces-au-contenu-refuse\/\" \/>\n<meta property=\"og:site_name\" content=\"Relax srl\" \/>\n<meta property=\"article:modified_time\" content=\"2024-12-17T16:52:58+00:00\" \/>\n<meta name=\"twitter:card\" content=\"summary_large_image\" \/>\n<meta name=\"twitter:label1\" content=\"Dur\u00e9e de lecture estim\u00e9e\" \/>\n\t<meta name=\"twitter:data1\" content=\"1 minute\" \/>\n<script type=\"application\/ld+json\" class=\"yoast-schema-graph\">{\"@context\":\"https:\/\/schema.org\",\"@graph\":[{\"@type\":\"WebSite\",\"@id\":\"https:\/\/relaxsrl.com\/#website\",\"url\":\"https:\/\/relaxsrl.com\/\",\"name\":\"Relax srl\",\"description\":\"\",\"potentialAction\":[{\"@type\":\"SearchAction\",\"target\":{\"@type\":\"EntryPoint\",\"urlTemplate\":\"https:\/\/relaxsrl.com\/?s={search_term_string}\"},\"query-input\":\"required name=search_term_string\"}],\"inLanguage\":\"fr-FR\"},{\"@type\":\"WebPage\",\"@id\":\"https:\/\/relaxsrl.com\/fr\/acces-au-contenu-refuse\/#webpage\",\"url\":\"https:\/\/relaxsrl.com\/fr\/acces-au-contenu-refuse\/\",\"name\":\"Acc\u00e8s au contenu refus\u00e9 - Relax srl\",\"isPartOf\":{\"@id\":\"https:\/\/relaxsrl.com\/#website\"},\"datePublished\":\"2021-11-15T15:05:16+00:00\",\"dateModified\":\"2024-12-17T16:52:58+00:00\",\"description\":\"Acc\u00e8s au contenu refus\u00e9 car vous ne vous \u00eates pas inscrit. Faites-le et d\u00e9couvrez les produits et les informations techniques.\",\"breadcrumb\":{\"@id\":\"https:\/\/relaxsrl.com\/fr\/acces-au-contenu-refuse\/#breadcrumb\"},\"inLanguage\":\"fr-FR\",\"potentialAction\":[{\"@type\":\"ReadAction\",\"target\":[\"https:\/\/relaxsrl.com\/fr\/acces-au-contenu-refuse\/\"]}]},{\"@type\":\"BreadcrumbList\",\"@id\":\"https:\/\/relaxsrl.com\/fr\/acces-au-contenu-refuse\/#breadcrumb\",\"itemListElement\":[{\"@type\":\"ListItem\",\"position\":1,\"name\":\"Acc\u00e8s au contenu refus\u00e9\"}]}]}<\/script>\n<!-- \/ Yoast SEO Premium plugin. -->","yoast_head_json":{"title":"Acc\u00e8s au contenu refus\u00e9 - Relax srl","description":"Acc\u00e8s au contenu refus\u00e9 car vous ne vous \u00eates pas inscrit. Faites-le et d\u00e9couvrez les produits et les informations techniques.","robots":{"index":"noindex","follow":"follow"},"og_locale":"fr_FR","og_type":"article","og_title":"Acc\u00e8s au contenu refus\u00e9 - Relax srl","og_description":"Acc\u00e8s au contenu refus\u00e9 car vous ne vous \u00eates pas inscrit. Faites-le et d\u00e9couvrez les produits et les informations techniques.","og_url":"https:\/\/relaxsrl.com\/fr\/acces-au-contenu-refuse\/","og_site_name":"Relax srl","article_modified_time":"2024-12-17T16:52:58+00:00","twitter_card":"summary_large_image","twitter_misc":{"Dur\u00e9e de lecture estim\u00e9e":"1 minute"},"schema":{"@context":"https:\/\/schema.org","@graph":[{"@type":"WebSite","@id":"https:\/\/relaxsrl.com\/#website","url":"https:\/\/relaxsrl.com\/","name":"Relax srl","description":"","potentialAction":[{"@type":"SearchAction","target":{"@type":"EntryPoint","urlTemplate":"https:\/\/relaxsrl.com\/?s={search_term_string}"},"query-input":"required name=search_term_string"}],"inLanguage":"fr-FR"},{"@type":"WebPage","@id":"https:\/\/relaxsrl.com\/fr\/acces-au-contenu-refuse\/#webpage","url":"https:\/\/relaxsrl.com\/fr\/acces-au-contenu-refuse\/","name":"Acc\u00e8s au contenu refus\u00e9 - Relax srl","isPartOf":{"@id":"https:\/\/relaxsrl.com\/#website"},"datePublished":"2021-11-15T15:05:16+00:00","dateModified":"2024-12-17T16:52:58+00:00","description":"Acc\u00e8s au contenu refus\u00e9 car vous ne vous \u00eates pas inscrit. Faites-le et d\u00e9couvrez les produits et les informations techniques.","breadcrumb":{"@id":"https:\/\/relaxsrl.com\/fr\/acces-au-contenu-refuse\/#breadcrumb"},"inLanguage":"fr-FR","potentialAction":[{"@type":"ReadAction","target":["https:\/\/relaxsrl.com\/fr\/acces-au-contenu-refuse\/"]}]},{"@type":"BreadcrumbList","@id":"https:\/\/relaxsrl.com\/fr\/acces-au-contenu-refuse\/#breadcrumb","itemListElement":[{"@type":"ListItem","position":1,"name":"Acc\u00e8s au contenu refus\u00e9"}]}]}},"_links":{"self":[{"href":"https:\/\/relaxsrl.com\/fr\/wp-json\/wp\/v2\/pages\/11060"}],"collection":[{"href":"https:\/\/relaxsrl.com\/fr\/wp-json\/wp\/v2\/pages"}],"about":[{"href":"https:\/\/relaxsrl.com\/fr\/wp-json\/wp\/v2\/types\/page"}],"author":[{"embeddable":true,"href":"https:\/\/relaxsrl.com\/fr\/wp-json\/wp\/v2\/users\/3"}],"replies":[{"embeddable":true,"href":"https:\/\/relaxsrl.com\/fr\/wp-json\/wp\/v2\/comments?post=11060"}],"version-history":[{"count":6,"href":"https:\/\/relaxsrl.com\/fr\/wp-json\/wp\/v2\/pages\/11060\/revisions"}],"predecessor-version":[{"id":31541,"href":"https:\/\/relaxsrl.com\/fr\/wp-json\/wp\/v2\/pages\/11060\/revisions\/31541"}],"wp:attachment":[{"href":"https:\/\/relaxsrl.com\/fr\/wp-json\/wp\/v2\/media?parent=11060"}],"curies":[{"name":"wp","href":"https:\/\/api.w.org\/{rel}","templated":true}]}}