{"id":11073,"date":"2021-11-16T08:53:58","date_gmt":"2021-11-16T07:53:58","guid":{"rendered":"http:\/\/relaxsrl.com\/espace-architectes-cabines-de-douche\/espaces-bain\/espace-bien-etre\/"},"modified":"2024-11-15T17:28:33","modified_gmt":"2024-11-15T16:28:33","slug":"espace-bien-etre","status":"publish","type":"page","link":"https:\/\/relaxsrl.com\/fr\/espace-architectes\/espaces-bain\/espace-bien-etre\/","title":{"rendered":"Espace bien-\u00eatre"},"content":{"rendered":"<p>[vc_row full_width=\u00a0\u00bbstretch_row\u00a0\u00bb content_placement=\u00a0\u00bbmiddle\u00a0\u00bb el_class=\u00a0\u00bbintro-row\u00a0\u00bb][vc_column width=\u00a0\u00bb5\/12&Prime;][vc_column_text]<\/p>\n<h1>Espaces bien-\u00eatre<\/h1>\n<p>[\/vc_column_text][\/vc_column][vc_column width=\u00a0\u00bb7\/12&Prime;][vc_column_text el_class=\u00a0\u00bbabstract\u00a0\u00bb]Que l\u2019exigence soit d\u2019obtenir un espace bien-\u00eatre pour le public, ou que l\u2019on veuille obtenir un espace bien-\u00eatre \u00e0 l\u2019int\u00e9rieur d\u2019une salle de bain priv\u00e9e, le processus ne doit pas n\u00e9cessairement \u00eatre compliqu\u00e9. Parfois la technologie, combin\u00e9e \u00e0 l\u2019aide d\u2019un expert, peut redessiner la pi\u00e8ce enti\u00e8re en fonction de besoins diff\u00e9rents. Avoir son propre bain turc \u00e0 la maison n\u2019a jamais \u00e9t\u00e9 aussi simple. Toutes les solutions sont certifi\u00e9es <a href=\"https:\/\/www.tuvsud.com\/fr-fr\">T\u00dcV S\u00dcD<\/a>.[\/vc_column_text][\/vc_column][\/vc_row][vc_row el_class=\u00a0\u00bbrow-path\u00a0\u00bb][vc_column][vc_column_text][\/vc_column_text][\/vc_column][\/vc_row][vc_row equal_height=\u00a0\u00bbyes\u00a0\u00bb content_placement=\u00a0\u00bbmiddle\u00a0\u00bb el_class=\u00a0\u00bbrow-prodotto-ambiente\u00a0\u00bb][vc_column width=\u00a0\u00bb7\/12&Prime;][vc_single_image image=\u00a0\u00bb6351&Prime; img_size=\u00a0\u00bbfull\u00a0\u00bb onclick=\u00a0\u00bbcustom_link\u00a0\u00bb link=\u00a0\u00bbhttp:\/\/relaxsrl.com\/fr\/produit\/steam-pb\/\u00a0\u00bb][vc_column_text el_class=\u00a0\u00bbprodotto-ambiente-didascalia\u00a0\u00bb]<a href=\"http:\/\/relaxsrl.com\/fr\/produit\/steam-pb\/\">Aller \u00e0 STEAM PB<\/a>[\/vc_column_text][\/vc_column][vc_column width=\u00a0\u00bb4\/12&Prime;][vc_column_text el_class=\u00a0\u00bbprodotto-ambiente-text prodotto-ambiente-text-ml30&Prime;]<\/p>\n<h2>Mat\u00e9riaux, couleurs, technologies pour le SPA.<\/h2>\n<p>Comme pour tout autre environnement, m\u00eame le centre bien-\u00eatre repose sur certaines certitudes qui le caract\u00e9risent des autres environnements : se sont les mat\u00e9riaux, les couleurs et le technologies utilis\u00e9es qui recr\u00e9ent la juste, agr\u00e9able atmosph\u00e8re. Mat\u00e9riaux comme le bois, chaleureux et accueillent, lumi\u00e8res aux tons chauds, douces, et enfin des produits hautement technologiques pour la th\u00e9rapie de la chaleur, comme un bain turc.[\/vc_column_text][\/vc_column][\/vc_row][vc_row equal_height=\u00a0\u00bbyes\u00a0\u00bb content_placement=\u00a0\u00bbmiddle\u00a0\u00bb el_class=\u00a0\u00bbrow-prodotto-ambiente\u00a0\u00bb][vc_column width=\u00a0\u00bb4\/12&Prime;][vc_column_text el_class=\u00a0\u00bbprodotto-ambiente-text\u00a0\u00bb]<\/p>\n<h2>Cabine de douche avec bain turc.<\/h2>\n<p>La th\u00e9rapie de la chaleur, en effet, n\u2019est pas \u00e0 l\u2019apanage unique du sauna, on peut tr\u00e8s bien b\u00e9n\u00e9ficier des propri\u00e9t\u00e9s saines de la chaleur avec une cabine de douche \u00e9quip\u00e9e des meilleures technologies. Si l\u2019espace le permet, une solution avec porte et vitraux est id\u00e9ale pour se d\u00e9tendre et purifier le corps avec une vue ext\u00e9rieure.[\/vc_column_text][\/vc_column][vc_column width=\u00a0\u00bb1\/12&Prime;][\/vc_column][vc_column width=\u00a0\u00bb7\/12&Prime;][vc_single_image image=\u00a0\u00bb6623&Prime; img_size=\u00a0\u00bbfull\u00a0\u00bb onclick=\u00a0\u00bbcustom_link\u00a0\u00bb link=\u00a0\u00bbhttps:\/\/relaxsrl.com\/fr\/produits\/collections\/steam\/\u00a0\u00bb][\/vc_column][\/vc_row][vc_row equal_height=\u00a0\u00bbyes\u00a0\u00bb content_placement=\u00a0\u00bbmiddle\u00a0\u00bb el_class=\u00a0\u00bbrow-prodotto-ambiente\u00a0\u00bb][vc_column width=\u00a0\u00bb5\/12&Prime;][vc_single_image image=\u00a0\u00bb6635&Prime; img_size=\u00a0\u00bbfull\u00a0\u00bb onclick=\u00a0\u00bbcustom_link\u00a0\u00bb link=\u00a0\u00bbhttp:\/\/relaxsrl.com\/fr\/produit\/puro-a-puro-a\/\u00a0\u00bb][vc_column_text el_class=\u00a0\u00bbprodotto-ambiente-didascalia\u00a0\u00bb]<a href=\"http:\/\/relaxsrl.com\/fr\/produit\/puro-a-puro-a\/\">Aller \u00e0 PURO A+A<\/a>[\/vc_column_text][\/vc_column][vc_column width=\u00a0\u00bb1\/12&Prime;][\/vc_column][vc_column width=\u00a0\u00bb5\/12&Prime;][vc_column_text el_class=\u00a0\u00bbprodotto-ambiente-text\u00a0\u00bb]<\/p>\n<h2>Un toit au-dessus de la cabine de douche pour augmenter la chaleur et le bien-\u00eatre.<\/h2>\n<p>Pour un moment de d\u00e9tente, o\u00f9 se recharger apr\u00e8s une longue journ\u00e9e, des petits d\u00e9tails peuvent suffire. M\u00eame si la salle de bain est une zone d\u2019utilisation fr\u00e9quente, il suffira de s\u2019appuyer sur des solutions simples mais efficaces con\u00e7ues pour le bien-\u00eatre personnel. Il suffit, par exemple, d\u2019installer un toit sur votre propre cabine de douche pour profiter de plusieurs avantages. Le jet de la pomme de douche qui tombe directement du toit peut \u00eatre chaud et enveloppant. Tandis que le toit lui-m\u00eame aide \u00e0 pi\u00e9ger la chaleur \u00e0 l\u2019int\u00e9rieur de la cabine de douche.[\/vc_column_text][\/vc_column][\/vc_row][vc_row equal_height=\u00a0\u00bbyes\u00a0\u00bb content_placement=\u00a0\u00bbmiddle\u00a0\u00bb el_class=\u00a0\u00bbrow-prodotto-ambiente\u00a0\u00bb][vc_column width=\u00a0\u00bb4\/12&Prime;][vc_column_text el_class=\u00a0\u00bbprodotto-ambiente-text\u00a0\u00bb]<\/p>\n<h2>Cabine de douche pour espace bien-\u00eatre dans la chambre.<\/h2>\n<p>Enfin, la chambre peut devenir un spa dans lequel trouver un maximum de repos. L\u2019utilisation audacieuse d\u2019une douche \u00e0 l\u2019italienne dans un hammam peut cr\u00e9er une chambre unique. Surtout dans un espace comme la zone nuit, loin du chaos ext\u00e9rieur.[\/vc_column_text][\/vc_column][vc_column width=\u00a0\u00bb1\/12&Prime;][\/vc_column][vc_column width=\u00a0\u00bb7\/12&Prime;][vc_single_image image=\u00a0\u00bb6631&Prime; img_size=\u00a0\u00bbfull\u00a0\u00bb onclick=\u00a0\u00bbcustom_link\u00a0\u00bb link=\u00a0\u00bbhttp:\/\/relaxsrl.com\/fr\/produit\/steam-b1-steam-f\/\u00a0\u00bb][vc_column_text el_class=\u00a0\u00bbprodotto-ambiente-didascalia\u00a0\u00bb]<a href=\"http:\/\/relaxsrl.com\/fr\/produit\/steam-b1-steam-f\/\">Aller \u00e0 STEAM B1+F<\/a>[\/vc_column_text][\/vc_column][\/vc_row]<\/p>\n","protected":false},"excerpt":{"rendered":"<p>[vc_row full_width=\u00a0\u00bbstretch_row\u00a0\u00bb content_placement=\u00a0\u00bbmiddle\u00a0\u00bb el_class=\u00a0\u00bbintro-row\u00a0\u00bb][vc_column width=\u00a0\u00bb5\/12&Prime;][vc_column_text] Espaces bien-\u00eatre [\/vc_column_text][\/vc_column][vc_column width=\u00a0\u00bb7\/12&Prime;][vc_column_text el_class=\u00a0\u00bbabstract\u00a0\u00bb]Que l\u2019exigence soit d\u2019obtenir un espace bien-\u00eatre pour le public, ou que l\u2019on veuille obtenir un espace bien-\u00eatre \u00e0 l\u2019int\u00e9rieur d\u2019une salle de bain priv\u00e9e, le processus ne doit pas n\u00e9cessairement \u00eatre compliqu\u00e9. Parfois la technologie, combin\u00e9e \u00e0 l\u2019aide d\u2019un expert, peut redessiner la pi\u00e8ce enti\u00e8re [&hellip;]<\/p>\n","protected":false},"author":3,"featured_media":6351,"parent":10984,"menu_order":0,"comment_status":"closed","ping_status":"closed","template":"","meta":[],"acf":[],"yoast_head":"<!-- This site is optimized with the Yoast SEO Premium plugin v18.4 (Yoast SEO v18.8) - https:\/\/yoast.com\/wordpress\/plugins\/seo\/ -->\n<title>Espace bien-\u00eatre - Relax srl<\/title>\n<meta name=\"description\" content=\"Red\u00e9couvrez votre espace bien-\u00eatre \u00e0 la maison avec les cabines de douche Relax. Solutions pour diff\u00e9rentes tailles et salles de bains.\" \/>\n<meta name=\"robots\" content=\"index, follow, max-snippet:-1, max-image-preview:large, max-video-preview:-1\" \/>\n<link rel=\"canonical\" href=\"https:\/\/relaxsrl.com\/fr\/espace-architectes\/espaces-bain\/espace-bien-etre\/\" \/>\n<meta property=\"og:locale\" content=\"fr_FR\" \/>\n<meta property=\"og:type\" content=\"article\" \/>\n<meta property=\"og:title\" content=\"Espace bien-\u00eatre - Relax srl\" \/>\n<meta property=\"og:description\" content=\"Red\u00e9couvrez votre espace bien-\u00eatre \u00e0 la maison avec les cabines de douche Relax. Solutions pour diff\u00e9rentes tailles et salles de bains.\" \/>\n<meta property=\"og:url\" content=\"https:\/\/relaxsrl.com\/fr\/espace-architectes\/espaces-bain\/espace-bien-etre\/\" \/>\n<meta property=\"og:site_name\" content=\"Relax srl\" \/>\n<meta property=\"article:modified_time\" content=\"2024-11-15T16:28:33+00:00\" \/>\n<meta property=\"og:image\" content=\"https:\/\/relaxsrl.com\/website\/wp-content\/uploads\/2021\/10\/BENESSERE.jpg\" \/>\n\t<meta property=\"og:image:width\" content=\"960\" \/>\n\t<meta property=\"og:image:height\" content=\"660\" \/>\n\t<meta property=\"og:image:type\" content=\"image\/jpeg\" \/>\n<meta name=\"twitter:card\" content=\"summary_large_image\" \/>\n<meta name=\"twitter:label1\" content=\"Dur\u00e9e de lecture estim\u00e9e\" \/>\n\t<meta name=\"twitter:data1\" content=\"3 minutes\" \/>\n<script type=\"application\/ld+json\" class=\"yoast-schema-graph\">{\"@context\":\"https:\/\/schema.org\",\"@graph\":[{\"@type\":\"WebSite\",\"@id\":\"https:\/\/relaxsrl.com\/#website\",\"url\":\"https:\/\/relaxsrl.com\/\",\"name\":\"Relax srl\",\"description\":\"\",\"potentialAction\":[{\"@type\":\"SearchAction\",\"target\":{\"@type\":\"EntryPoint\",\"urlTemplate\":\"https:\/\/relaxsrl.com\/?s={search_term_string}\"},\"query-input\":\"required name=search_term_string\"}],\"inLanguage\":\"fr-FR\"},{\"@type\":\"ImageObject\",\"inLanguage\":\"fr-FR\",\"@id\":\"https:\/\/relaxsrl.com\/fr\/espace-architectes\/espaces-bain\/espace-bien-etre\/#primaryimage\",\"url\":\"https:\/\/relaxsrl.com\/website\/wp-content\/uploads\/2021\/10\/BENESSERE.jpg\",\"contentUrl\":\"https:\/\/relaxsrl.com\/website\/wp-content\/uploads\/2021\/10\/BENESSERE.jpg\",\"width\":960,\"height\":660,\"caption\":\"Centro termale con cabina doccia per bagno turco\"},{\"@type\":\"WebPage\",\"@id\":\"https:\/\/relaxsrl.com\/fr\/espace-architectes\/espaces-bain\/espace-bien-etre\/#webpage\",\"url\":\"https:\/\/relaxsrl.com\/fr\/espace-architectes\/espaces-bain\/espace-bien-etre\/\",\"name\":\"Espace bien-\u00eatre - Relax srl\",\"isPartOf\":{\"@id\":\"https:\/\/relaxsrl.com\/#website\"},\"primaryImageOfPage\":{\"@id\":\"https:\/\/relaxsrl.com\/fr\/espace-architectes\/espaces-bain\/espace-bien-etre\/#primaryimage\"},\"datePublished\":\"2021-11-16T07:53:58+00:00\",\"dateModified\":\"2024-11-15T16:28:33+00:00\",\"description\":\"Red\u00e9couvrez votre espace bien-\u00eatre \u00e0 la maison avec les cabines de douche Relax. Solutions pour diff\u00e9rentes tailles et salles de bains.\",\"breadcrumb\":{\"@id\":\"https:\/\/relaxsrl.com\/fr\/espace-architectes\/espaces-bain\/espace-bien-etre\/#breadcrumb\"},\"inLanguage\":\"fr-FR\",\"potentialAction\":[{\"@type\":\"ReadAction\",\"target\":[\"https:\/\/relaxsrl.com\/fr\/espace-architectes\/espaces-bain\/espace-bien-etre\/\"]}]},{\"@type\":\"BreadcrumbList\",\"@id\":\"https:\/\/relaxsrl.com\/fr\/espace-architectes\/espaces-bain\/espace-bien-etre\/#breadcrumb\",\"itemListElement\":[{\"@type\":\"ListItem\",\"position\":1,\"name\":\"Espace Architectes\",\"item\":\"https:\/\/relaxsrl.com\/fr\/espace-architectes\/\"},{\"@type\":\"ListItem\",\"position\":2,\"name\":\"Cabine de douche pour diff\u00e9rents espaces de salle de bain\",\"item\":\"https:\/\/relaxsrl.com\/fr\/espace-architectes\/espaces-bain\/\"},{\"@type\":\"ListItem\",\"position\":3,\"name\":\"Espace bien-\u00eatre\"}]}]}<\/script>\n<!-- \/ Yoast SEO Premium plugin. -->","yoast_head_json":{"title":"Espace bien-\u00eatre - Relax srl","description":"Red\u00e9couvrez votre espace bien-\u00eatre \u00e0 la maison avec les cabines de douche Relax. Solutions pour diff\u00e9rentes tailles et salles de bains.","robots":{"index":"index","follow":"follow","max-snippet":"max-snippet:-1","max-image-preview":"max-image-preview:large","max-video-preview":"max-video-preview:-1"},"canonical":"https:\/\/relaxsrl.com\/fr\/espace-architectes\/espaces-bain\/espace-bien-etre\/","og_locale":"fr_FR","og_type":"article","og_title":"Espace bien-\u00eatre - Relax srl","og_description":"Red\u00e9couvrez votre espace bien-\u00eatre \u00e0 la maison avec les cabines de douche Relax. Solutions pour diff\u00e9rentes tailles et salles de bains.","og_url":"https:\/\/relaxsrl.com\/fr\/espace-architectes\/espaces-bain\/espace-bien-etre\/","og_site_name":"Relax srl","article_modified_time":"2024-11-15T16:28:33+00:00","og_image":[{"width":960,"height":660,"url":"https:\/\/relaxsrl.com\/website\/wp-content\/uploads\/2021\/10\/BENESSERE.jpg","type":"image\/jpeg"}],"twitter_card":"summary_large_image","twitter_misc":{"Dur\u00e9e de lecture estim\u00e9e":"3 minutes"},"schema":{"@context":"https:\/\/schema.org","@graph":[{"@type":"WebSite","@id":"https:\/\/relaxsrl.com\/#website","url":"https:\/\/relaxsrl.com\/","name":"Relax srl","description":"","potentialAction":[{"@type":"SearchAction","target":{"@type":"EntryPoint","urlTemplate":"https:\/\/relaxsrl.com\/?s={search_term_string}"},"query-input":"required name=search_term_string"}],"inLanguage":"fr-FR"},{"@type":"ImageObject","inLanguage":"fr-FR","@id":"https:\/\/relaxsrl.com\/fr\/espace-architectes\/espaces-bain\/espace-bien-etre\/#primaryimage","url":"https:\/\/relaxsrl.com\/website\/wp-content\/uploads\/2021\/10\/BENESSERE.jpg","contentUrl":"https:\/\/relaxsrl.com\/website\/wp-content\/uploads\/2021\/10\/BENESSERE.jpg","width":960,"height":660,"caption":"Centro termale con cabina doccia per bagno turco"},{"@type":"WebPage","@id":"https:\/\/relaxsrl.com\/fr\/espace-architectes\/espaces-bain\/espace-bien-etre\/#webpage","url":"https:\/\/relaxsrl.com\/fr\/espace-architectes\/espaces-bain\/espace-bien-etre\/","name":"Espace bien-\u00eatre - Relax srl","isPartOf":{"@id":"https:\/\/relaxsrl.com\/#website"},"primaryImageOfPage":{"@id":"https:\/\/relaxsrl.com\/fr\/espace-architectes\/espaces-bain\/espace-bien-etre\/#primaryimage"},"datePublished":"2021-11-16T07:53:58+00:00","dateModified":"2024-11-15T16:28:33+00:00","description":"Red\u00e9couvrez votre espace bien-\u00eatre \u00e0 la maison avec les cabines de douche Relax. Solutions pour diff\u00e9rentes tailles et salles de bains.","breadcrumb":{"@id":"https:\/\/relaxsrl.com\/fr\/espace-architectes\/espaces-bain\/espace-bien-etre\/#breadcrumb"},"inLanguage":"fr-FR","potentialAction":[{"@type":"ReadAction","target":["https:\/\/relaxsrl.com\/fr\/espace-architectes\/espaces-bain\/espace-bien-etre\/"]}]},{"@type":"BreadcrumbList","@id":"https:\/\/relaxsrl.com\/fr\/espace-architectes\/espaces-bain\/espace-bien-etre\/#breadcrumb","itemListElement":[{"@type":"ListItem","position":1,"name":"Espace Architectes","item":"https:\/\/relaxsrl.com\/fr\/espace-architectes\/"},{"@type":"ListItem","position":2,"name":"Cabine de douche pour diff\u00e9rents espaces de salle de bain","item":"https:\/\/relaxsrl.com\/fr\/espace-architectes\/espaces-bain\/"},{"@type":"ListItem","position":3,"name":"Espace bien-\u00eatre"}]}]}},"_links":{"self":[{"href":"https:\/\/relaxsrl.com\/fr\/wp-json\/wp\/v2\/pages\/11073"}],"collection":[{"href":"https:\/\/relaxsrl.com\/fr\/wp-json\/wp\/v2\/pages"}],"about":[{"href":"https:\/\/relaxsrl.com\/fr\/wp-json\/wp\/v2\/types\/page"}],"author":[{"embeddable":true,"href":"https:\/\/relaxsrl.com\/fr\/wp-json\/wp\/v2\/users\/3"}],"replies":[{"embeddable":true,"href":"https:\/\/relaxsrl.com\/fr\/wp-json\/wp\/v2\/comments?post=11073"}],"version-history":[{"count":12,"href":"https:\/\/relaxsrl.com\/fr\/wp-json\/wp\/v2\/pages\/11073\/revisions"}],"predecessor-version":[{"id":31225,"href":"https:\/\/relaxsrl.com\/fr\/wp-json\/wp\/v2\/pages\/11073\/revisions\/31225"}],"up":[{"embeddable":true,"href":"https:\/\/relaxsrl.com\/fr\/wp-json\/wp\/v2\/pages\/10984"}],"wp:featuredmedia":[{"embeddable":true,"href":"https:\/\/relaxsrl.com\/fr\/wp-json\/wp\/v2\/media\/6351"}],"wp:attachment":[{"href":"https:\/\/relaxsrl.com\/fr\/wp-json\/wp\/v2\/media?parent=11073"}],"curies":[{"name":"wp","href":"https:\/\/api.w.org\/{rel}","templated":true}]}}