{"id":11079,"date":"2021-11-16T09:09:25","date_gmt":"2021-11-16T08:09:25","guid":{"rendered":"http:\/\/relaxsrl.com\/espace-architectes-cabines-de-douche\/espaces-bain\/cabine-de-douche-baignoires\/"},"modified":"2023-09-20T09:22:08","modified_gmt":"2023-09-20T07:22:08","slug":"cabine-de-douche-baignoires","status":"publish","type":"page","link":"https:\/\/relaxsrl.com\/fr\/espace-architectes\/espaces-bain\/cabine-de-douche-baignoires\/","title":{"rendered":"Cabine de douche et Baignoire"},"content":{"rendered":"<p>[vc_row full_width=\u00a0\u00bbstretch_row\u00a0\u00bb content_placement=\u00a0\u00bbmiddle\u00a0\u00bb el_class=\u00a0\u00bbintro-row\u00a0\u00bb][vc_column width=\u00a0\u00bb5\/12&Prime;][vc_column_text]<\/p>\n<h1>Salle de bain avec baignoire et cabine de douche<\/h1>\n<p>[\/vc_column_text][\/vc_column][vc_column width=\u00a0\u00bb7\/12&Prime;][vc_column_text el_class=\u00a0\u00bbabstract\u00a0\u00bb]Une solution pas toujours simple en raison de sa taille, mais tr\u00e8s fascinante. La praticit\u00e9 d\u2019une cabine de douche d\u2019une part et le bien-\u00eatre que seul un bain chaud peut procurer d\u2019autre part. Lorsque cabine de douche et baignoire cohabitent, le bien-\u00eatre est au rendez-vous. Toutes les solutions sont certifi\u00e9es <a href=\"https:\/\/www.tuvsud.com\/fr-fr\">T\u00dcV S\u00dcD<\/a>.[\/vc_column_text][\/vc_column][\/vc_row][vc_row el_class=\u00a0\u00bbrow-path\u00a0\u00bb][vc_column][vc_column_text][\/vc_column_text][\/vc_column][\/vc_row][vc_row equal_height=\u00a0\u00bbyes\u00a0\u00bb content_placement=\u00a0\u00bbmiddle\u00a0\u00bb el_class=\u00a0\u00bbrow-prodotto-ambiente\u00a0\u00bb][vc_column width=\u00a0\u00bb7\/12&Prime;][vc_single_image image=\u00a0\u00bb6391&Prime; img_size=\u00a0\u00bbfull\u00a0\u00bb onclick=\u00a0\u00bbcustom_link\u00a0\u00bb link=\u00a0\u00bbhttp:\/\/relaxsrl.com\/fr\/produit\/baignoire-vinca\/\u00a0\u00bb][vc_column_text el_class=\u00a0\u00bbprodotto-ambiente-didascalia\u00a0\u00bb]<a href=\"http:\/\/relaxsrl.com\/fr\/produit\/baignoire-vinca\/\">Aller \u00e0 VINCA<\/a>[\/vc_column_text][\/vc_column][vc_column width=\u00a0\u00bb4\/12&Prime;][vc_column_text el_class=\u00a0\u00bbprodotto-ambiente-text prodotto-ambiente-text-ml30&Prime;]<\/p>\n<h2>Cabine de douche et baignoire freestanding.<\/h2>\n<p>Si la tailler de la salle de bain le permet, une zone d\u00e9di\u00e9e \u00e0 une baignoire freestanding peut \u00eatre de grande valeur, \u00e0 la fois esth\u00e9tique et fonctionnel. La s\u00e9paration des pi\u00e8ces, efficace et essentielle entre cabine de douche et baignoire, peut cr\u00e9e deux zones s\u00e9par\u00e9es seulement de la lumi\u00e8re.[\/vc_column_text][\/vc_column][\/vc_row][vc_row equal_height=\u00a0\u00bbyes\u00a0\u00bb content_placement=\u00a0\u00bbmiddle\u00a0\u00bb el_class=\u00a0\u00bbrow-prodotto-ambiente\u00a0\u00bb][vc_column width=\u00a0\u00bb4\/12&Prime;][vc_column_text el_class=\u00a0\u00bbprodotto-ambiente-text\u00a0\u00bb]<\/p>\n<h2>Baignoire en Solid Surface pour capter la lumi\u00e8re.<\/h2>\n<p>Lorsque la lueur d\u2019une lumi\u00e8re naturelle rencontre les \u00e9l\u00e9ments, ceux-ci sont mis en valeur, les \u00e9clairant et donnant forme \u00e0 l\u2019espace qui les entoure. C\u2019est ainsi qu\u2019une baignoire aux lignes douces et pr\u00e9cises, comme Lilium, va se croiser dans un jeu de lumi\u00e8res et d\u2019ombres avec les particularit\u00e9s de la s\u00e9rigraphie Canneto.[\/vc_column_text][\/vc_column][vc_column width=\u00a0\u00bb1\/12&Prime;][\/vc_column][vc_column width=\u00a0\u00bb7\/12&Prime;][vc_single_image image=\u00a0\u00bb6654&Prime; img_size=\u00a0\u00bbfull\u00a0\u00bb onclick=\u00a0\u00bbcustom_link\u00a0\u00bb link=\u00a0\u00bbhttp:\/\/relaxsrl.com\/fr\/produit\/baignoire-lilium\/\u00a0\u00bb][vc_column_text el_class=\u00a0\u00bbprodotto-ambiente-didascalia\u00a0\u00bb]<a href=\"http:\/\/relaxsrl.com\/fr\/produit\/baignoire-lilium\/\">Aller \u00e0 LILIUM<\/a>[\/vc_column_text][\/vc_column][\/vc_row][vc_row equal_height=\u00a0\u00bbyes\u00a0\u00bb content_placement=\u00a0\u00bbmiddle\u00a0\u00bb el_class=\u00a0\u00bbrow-prodotto-ambiente\u00a0\u00bb][vc_column width=\u00a0\u00bb7\/12&Prime;][vc_single_image image=\u00a0\u00bb6658&Prime; img_size=\u00a0\u00bbfull\u00a0\u00bb onclick=\u00a0\u00bbcustom_link\u00a0\u00bb link=\u00a0\u00bbhttp:\/\/relaxsrl.com\/fr\/produit\/baignoire-ibisco\/\u00a0\u00bb][vc_column_text el_class=\u00a0\u00bbprodotto-ambiente-didascalia\u00a0\u00bb]<a href=\"http:\/\/relaxsrl.com\/fr\/produit\/baignoire-ibisco\/\">Aller \u00e0 IBISCO<\/a>[\/vc_column_text][\/vc_column][vc_column width=\u00a0\u00bb4\/12&Prime;][vc_column_text el_class=\u00a0\u00bbprodotto-ambiente-text prodotto-ambiente-text-ml30&Prime;]<\/p>\n<h2>Des formes et des couleurs pour faire cohabiter cabine de douche et baignoire.<\/h2>\n<p>Dans un environnement comme \u00e7a, l\u2019individu doit \u00eatre au centre du projet. Recr\u00e9er un espace accueillant et lumineux que l\u2019on peut vivre en continuit\u00e9 avec la maison est important. En photo, des couleurs naturelles et courbes douces vont \u00e0 dessiner un bain tactile, \u00e9motionnel, o\u00f9 les formes et les mat\u00e9riaux cohabitant dans un \u00e9quilibre harmonieux.[\/vc_column_text][\/vc_column][\/vc_row][vc_row equal_height=\u00a0\u00bbyes\u00a0\u00bb content_placement=\u00a0\u00bbmiddle\u00a0\u00bb el_class=\u00a0\u00bbrow-prodotto-ambiente\u00a0\u00bb][vc_column width=\u00a0\u00bb4\/12&Prime;][vc_column_text el_class=\u00a0\u00bbprodotto-ambiente-text\u00a0\u00bb]<\/p>\n<h2>Un espace uniformis\u00e9 par le jeu des couleurs.<\/h2>\n<p>Le fil conducteur d\u2019un environnement peut \u00eatre la couleur. Si utilis\u00e9s avec sagesse, les couleurs peuvent cr\u00e9er des environnements uniques, fait de contrastes et compl\u00e9mentarit\u00e9s. Les formes g\u00e9om\u00e9triques, essentielles et \u00e9l\u00e9gantes dans les lignes, et les \u00e9l\u00e9ments color\u00e9s, ensemble, construisent un espace sp\u00e9cialement pens\u00e9 pour la personnalit\u00e9 de celui qui l\u2019habite.[\/vc_column_text][\/vc_column][vc_column width=\u00a0\u00bb1\/12&Prime;][\/vc_column][vc_column width=\u00a0\u00bb7\/12&Prime;][vc_single_image image=\u00a0\u00bb6662&Prime; img_size=\u00a0\u00bbfull\u00a0\u00bb onclick=\u00a0\u00bbcustom_link\u00a0\u00bb link=\u00a0\u00bbhttp:\/\/relaxsrl.com\/fr\/produit\/baignoire-nemesia\/\u00a0\u00bb][vc_column_text el_class=\u00a0\u00bbprodotto-ambiente-didascalia\u00a0\u00bb]<a href=\"http:\/\/relaxsrl.com\/fr\/produit\/baignoire-nemesia\/\">Aller \u00e0 NEMESIA<\/a>[\/vc_column_text][\/vc_column][\/vc_row][vc_row equal_height=\u00a0\u00bbyes\u00a0\u00bb content_placement=\u00a0\u00bbmiddle\u00a0\u00bb el_class=\u00a0\u00bbrow-prodotto-ambiente\u00a0\u00bb][vc_column width=\u00a0\u00bb7\/12&Prime;][vc_single_image image=\u00a0\u00bb6666&Prime; img_size=\u00a0\u00bbfull\u00a0\u00bb onclick=\u00a0\u00bbcustom_link\u00a0\u00bb link=\u00a0\u00bbhttp:\/\/relaxsrl.com\/fr\/produit\/baignoire-layia\/\u00a0\u00bb][vc_column_text el_class=\u00a0\u00bbprodotto-ambiente-didascalia\u00a0\u00bb]<a href=\"http:\/\/relaxsrl.com\/fr\/produit\/baignoire-layia\/\">Aller \u00e0 LAYIA<\/a>[\/vc_column_text][\/vc_column][vc_column width=\u00a0\u00bb4\/12&Prime;][vc_column_text el_class=\u00a0\u00bbprodotto-ambiente-text prodotto-ambiente-text-ml30&Prime;]<\/p>\n<h2>G\u00e9om\u00e9tries concr\u00e8tes et volumes compacts peuvent caract\u00e9riser la pi\u00e8ce, lui donner de l\u2019\u00e9paisseur et de la personnalit\u00e9.<\/h2>\n<p>La baignoire freestanding <a href=\"http:\/\/relaxsrl.com\/fr\/?attachment_id=7546\">Layia<\/a> allie solidit\u00e9 et \u00e9l\u00e9gance, au-del\u00e0 des tendances, la rendant intemporelle . Les formes lin\u00e9aire et carr\u00e9es sont con\u00e7ues pour s\u2019ins\u00e9rer harmonieusement dans chaque contexte d\u2019espace et de style, ainsi que la paroie fixe avec laquelle elle partage les espaces.[\/vc_column_text][\/vc_column][\/vc_row]<\/p>\n","protected":false},"excerpt":{"rendered":"<p>[vc_row full_width=\u00a0\u00bbstretch_row\u00a0\u00bb content_placement=\u00a0\u00bbmiddle\u00a0\u00bb el_class=\u00a0\u00bbintro-row\u00a0\u00bb][vc_column width=\u00a0\u00bb5\/12&Prime;][vc_column_text] Salle de bain avec baignoire et cabine de douche [\/vc_column_text][\/vc_column][vc_column width=\u00a0\u00bb7\/12&Prime;][vc_column_text el_class=\u00a0\u00bbabstract\u00a0\u00bb]Une solution pas toujours simple en raison de sa taille, mais tr\u00e8s fascinante. La praticit\u00e9 d\u2019une cabine de douche d\u2019une part et le bien-\u00eatre que seul un bain chaud peut procurer d\u2019autre part. Lorsque cabine de douche et baignoire [&hellip;]<\/p>\n","protected":false},"author":3,"featured_media":6391,"parent":10984,"menu_order":0,"comment_status":"closed","ping_status":"closed","template":"","meta":[],"acf":[],"yoast_head":"<!-- This site is optimized with the Yoast SEO Premium plugin v18.4 (Yoast SEO v18.8) - https:\/\/yoast.com\/wordpress\/plugins\/seo\/ -->\n<title>Les Cabine de douche et Baignoire de Relax produit en Italie<\/title>\n<meta name=\"description\" content=\"Relax propose des solutions compl\u00e8tes pour la salle de bain offrant la combinaison de cabine de douche et baignoire.\" \/>\n<meta name=\"robots\" content=\"index, follow, max-snippet:-1, max-image-preview:large, max-video-preview:-1\" \/>\n<link rel=\"canonical\" href=\"https:\/\/relaxsrl.com\/fr\/espace-architectes\/espaces-bain\/cabine-de-douche-baignoires\/\" \/>\n<meta property=\"og:locale\" content=\"fr_FR\" \/>\n<meta property=\"og:type\" content=\"article\" \/>\n<meta property=\"og:title\" content=\"Les Cabine de douche et Baignoire de Relax produit en Italie\" \/>\n<meta property=\"og:description\" content=\"Relax propose des solutions compl\u00e8tes pour la salle de bain offrant la combinaison de cabine de douche et baignoire.\" \/>\n<meta property=\"og:url\" content=\"https:\/\/relaxsrl.com\/fr\/espace-architectes\/espaces-bain\/cabine-de-douche-baignoires\/\" \/>\n<meta property=\"og:site_name\" content=\"Relax srl\" \/>\n<meta property=\"article:modified_time\" content=\"2023-09-20T07:22:08+00:00\" \/>\n<meta property=\"og:image\" content=\"https:\/\/relaxsrl.com\/website\/wp-content\/uploads\/2021\/10\/VASCA.jpg\" \/>\n\t<meta property=\"og:image:width\" content=\"960\" \/>\n\t<meta property=\"og:image:height\" content=\"660\" \/>\n\t<meta property=\"og:image:type\" content=\"image\/jpeg\" \/>\n<meta name=\"twitter:card\" content=\"summary_large_image\" \/>\n<meta name=\"twitter:label1\" content=\"Dur\u00e9e de lecture estim\u00e9e\" \/>\n\t<meta name=\"twitter:data1\" content=\"2 minutes\" \/>\n<script type=\"application\/ld+json\" class=\"yoast-schema-graph\">{\"@context\":\"https:\/\/schema.org\",\"@graph\":[{\"@type\":\"WebSite\",\"@id\":\"https:\/\/relaxsrl.com\/#website\",\"url\":\"https:\/\/relaxsrl.com\/\",\"name\":\"Relax srl\",\"description\":\"\",\"potentialAction\":[{\"@type\":\"SearchAction\",\"target\":{\"@type\":\"EntryPoint\",\"urlTemplate\":\"https:\/\/relaxsrl.com\/?s={search_term_string}\"},\"query-input\":\"required name=search_term_string\"}],\"inLanguage\":\"fr-FR\"},{\"@type\":\"ImageObject\",\"inLanguage\":\"fr-FR\",\"@id\":\"https:\/\/relaxsrl.com\/fr\/espace-architectes\/espaces-bain\/cabine-de-douche-baignoires\/#primaryimage\",\"url\":\"https:\/\/relaxsrl.com\/website\/wp-content\/uploads\/2021\/10\/VASCA.jpg\",\"contentUrl\":\"https:\/\/relaxsrl.com\/website\/wp-content\/uploads\/2021\/10\/VASCA.jpg\",\"width\":960,\"height\":660,\"caption\":\"Ambiente bagno con box doccia e vasca\"},{\"@type\":\"WebPage\",\"@id\":\"https:\/\/relaxsrl.com\/fr\/espace-architectes\/espaces-bain\/cabine-de-douche-baignoires\/#webpage\",\"url\":\"https:\/\/relaxsrl.com\/fr\/espace-architectes\/espaces-bain\/cabine-de-douche-baignoires\/\",\"name\":\"Les Cabine de douche et Baignoire de Relax produit en Italie\",\"isPartOf\":{\"@id\":\"https:\/\/relaxsrl.com\/#website\"},\"primaryImageOfPage\":{\"@id\":\"https:\/\/relaxsrl.com\/fr\/espace-architectes\/espaces-bain\/cabine-de-douche-baignoires\/#primaryimage\"},\"datePublished\":\"2021-11-16T08:09:25+00:00\",\"dateModified\":\"2023-09-20T07:22:08+00:00\",\"description\":\"Relax propose des solutions compl\u00e8tes pour la salle de bain offrant la combinaison de cabine de douche et baignoire.\",\"breadcrumb\":{\"@id\":\"https:\/\/relaxsrl.com\/fr\/espace-architectes\/espaces-bain\/cabine-de-douche-baignoires\/#breadcrumb\"},\"inLanguage\":\"fr-FR\",\"potentialAction\":[{\"@type\":\"ReadAction\",\"target\":[\"https:\/\/relaxsrl.com\/fr\/espace-architectes\/espaces-bain\/cabine-de-douche-baignoires\/\"]}]},{\"@type\":\"BreadcrumbList\",\"@id\":\"https:\/\/relaxsrl.com\/fr\/espace-architectes\/espaces-bain\/cabine-de-douche-baignoires\/#breadcrumb\",\"itemListElement\":[{\"@type\":\"ListItem\",\"position\":1,\"name\":\"Espace Architectes\",\"item\":\"https:\/\/relaxsrl.com\/fr\/espace-architectes\/\"},{\"@type\":\"ListItem\",\"position\":2,\"name\":\"Cabine de douche pour diff\u00e9rents espaces de salle de bain\",\"item\":\"https:\/\/relaxsrl.com\/fr\/espace-architectes\/espaces-bain\/\"},{\"@type\":\"ListItem\",\"position\":3,\"name\":\"Cabine de douche et Baignoire\"}]}]}<\/script>\n<!-- \/ Yoast SEO Premium plugin. -->","yoast_head_json":{"title":"Les Cabine de douche et Baignoire de Relax produit en Italie","description":"Relax propose des solutions compl\u00e8tes pour la salle de bain offrant la combinaison de cabine de douche et baignoire.","robots":{"index":"index","follow":"follow","max-snippet":"max-snippet:-1","max-image-preview":"max-image-preview:large","max-video-preview":"max-video-preview:-1"},"canonical":"https:\/\/relaxsrl.com\/fr\/espace-architectes\/espaces-bain\/cabine-de-douche-baignoires\/","og_locale":"fr_FR","og_type":"article","og_title":"Les Cabine de douche et Baignoire de Relax produit en Italie","og_description":"Relax propose des solutions compl\u00e8tes pour la salle de bain offrant la combinaison de cabine de douche et baignoire.","og_url":"https:\/\/relaxsrl.com\/fr\/espace-architectes\/espaces-bain\/cabine-de-douche-baignoires\/","og_site_name":"Relax srl","article_modified_time":"2023-09-20T07:22:08+00:00","og_image":[{"width":960,"height":660,"url":"https:\/\/relaxsrl.com\/website\/wp-content\/uploads\/2021\/10\/VASCA.jpg","type":"image\/jpeg"}],"twitter_card":"summary_large_image","twitter_misc":{"Dur\u00e9e de lecture estim\u00e9e":"2 minutes"},"schema":{"@context":"https:\/\/schema.org","@graph":[{"@type":"WebSite","@id":"https:\/\/relaxsrl.com\/#website","url":"https:\/\/relaxsrl.com\/","name":"Relax srl","description":"","potentialAction":[{"@type":"SearchAction","target":{"@type":"EntryPoint","urlTemplate":"https:\/\/relaxsrl.com\/?s={search_term_string}"},"query-input":"required name=search_term_string"}],"inLanguage":"fr-FR"},{"@type":"ImageObject","inLanguage":"fr-FR","@id":"https:\/\/relaxsrl.com\/fr\/espace-architectes\/espaces-bain\/cabine-de-douche-baignoires\/#primaryimage","url":"https:\/\/relaxsrl.com\/website\/wp-content\/uploads\/2021\/10\/VASCA.jpg","contentUrl":"https:\/\/relaxsrl.com\/website\/wp-content\/uploads\/2021\/10\/VASCA.jpg","width":960,"height":660,"caption":"Ambiente bagno con box doccia e vasca"},{"@type":"WebPage","@id":"https:\/\/relaxsrl.com\/fr\/espace-architectes\/espaces-bain\/cabine-de-douche-baignoires\/#webpage","url":"https:\/\/relaxsrl.com\/fr\/espace-architectes\/espaces-bain\/cabine-de-douche-baignoires\/","name":"Les Cabine de douche et Baignoire de Relax produit en Italie","isPartOf":{"@id":"https:\/\/relaxsrl.com\/#website"},"primaryImageOfPage":{"@id":"https:\/\/relaxsrl.com\/fr\/espace-architectes\/espaces-bain\/cabine-de-douche-baignoires\/#primaryimage"},"datePublished":"2021-11-16T08:09:25+00:00","dateModified":"2023-09-20T07:22:08+00:00","description":"Relax propose des solutions compl\u00e8tes pour la salle de bain offrant la combinaison de cabine de douche et baignoire.","breadcrumb":{"@id":"https:\/\/relaxsrl.com\/fr\/espace-architectes\/espaces-bain\/cabine-de-douche-baignoires\/#breadcrumb"},"inLanguage":"fr-FR","potentialAction":[{"@type":"ReadAction","target":["https:\/\/relaxsrl.com\/fr\/espace-architectes\/espaces-bain\/cabine-de-douche-baignoires\/"]}]},{"@type":"BreadcrumbList","@id":"https:\/\/relaxsrl.com\/fr\/espace-architectes\/espaces-bain\/cabine-de-douche-baignoires\/#breadcrumb","itemListElement":[{"@type":"ListItem","position":1,"name":"Espace Architectes","item":"https:\/\/relaxsrl.com\/fr\/espace-architectes\/"},{"@type":"ListItem","position":2,"name":"Cabine de douche pour diff\u00e9rents espaces de salle de bain","item":"https:\/\/relaxsrl.com\/fr\/espace-architectes\/espaces-bain\/"},{"@type":"ListItem","position":3,"name":"Cabine de douche et Baignoire"}]}]}},"_links":{"self":[{"href":"https:\/\/relaxsrl.com\/fr\/wp-json\/wp\/v2\/pages\/11079"}],"collection":[{"href":"https:\/\/relaxsrl.com\/fr\/wp-json\/wp\/v2\/pages"}],"about":[{"href":"https:\/\/relaxsrl.com\/fr\/wp-json\/wp\/v2\/types\/page"}],"author":[{"embeddable":true,"href":"https:\/\/relaxsrl.com\/fr\/wp-json\/wp\/v2\/users\/3"}],"replies":[{"embeddable":true,"href":"https:\/\/relaxsrl.com\/fr\/wp-json\/wp\/v2\/comments?post=11079"}],"version-history":[{"count":9,"href":"https:\/\/relaxsrl.com\/fr\/wp-json\/wp\/v2\/pages\/11079\/revisions"}],"predecessor-version":[{"id":29182,"href":"https:\/\/relaxsrl.com\/fr\/wp-json\/wp\/v2\/pages\/11079\/revisions\/29182"}],"up":[{"embeddable":true,"href":"https:\/\/relaxsrl.com\/fr\/wp-json\/wp\/v2\/pages\/10984"}],"wp:featuredmedia":[{"embeddable":true,"href":"https:\/\/relaxsrl.com\/fr\/wp-json\/wp\/v2\/media\/6391"}],"wp:attachment":[{"href":"https:\/\/relaxsrl.com\/fr\/wp-json\/wp\/v2\/media?parent=11079"}],"curies":[{"name":"wp","href":"https:\/\/api.w.org\/{rel}","templated":true}]}}