{"id":11144,"date":"2021-11-16T14:44:36","date_gmt":"2021-11-16T13:44:36","guid":{"rendered":"http:\/\/relaxsrl.com\/espace-architectes-cabines-de-douche\/espaces-bain\/projects\/"},"modified":"2023-09-20T09:55:20","modified_gmt":"2023-09-20T07:55:20","slug":"projets-de-cabine-de-douche","status":"publish","type":"page","link":"https:\/\/relaxsrl.com\/fr\/espace-architectes\/espaces-bain\/projets-de-cabine-de-douche\/","title":{"rendered":"Projets de cabine de douche"},"content":{"rendered":"<p>[vc_row full_width=\u00a0\u00bbstretch_row\u00a0\u00bb content_placement=\u00a0\u00bbmiddle\u00a0\u00bb el_class=\u00a0\u00bbintro-row\u00a0\u00bb][vc_column width=\u00a0\u00bb5\/12&Prime;][vc_column_text]<\/p>\n<h1>Propositions de salle de bain pour des projets<\/h1>\n<p>[\/vc_column_text][\/vc_column][vc_column width=\u00a0\u00bb7\/12&Prime;][vc_column_text el_class=\u00a0\u00bbabstract\u00a0\u00bb]Situation particuli\u00e8re qui comprend plusieurs environnements avec cabine de douche pour projets. Ici, des solutions sont propos\u00e9es qui allient praticit\u00e9 d&rsquo;utilisation et d&rsquo;installation avec un design simple mais \u00e9l\u00e9gant, adaptable \u00e0 diff\u00e9rentes situations. Toutes les solutions sont certifi\u00e9es <a href=\"https:\/\/www.tuvsud.com\/fr-fr\">T\u00dcV S\u00dcD<\/a>.[\/vc_column_text][\/vc_column][\/vc_row][vc_row el_class=\u00a0\u00bbrow-path\u00a0\u00bb][vc_column][vc_column_text][\/vc_column_text][\/vc_column][\/vc_row][vc_row equal_height=\u00a0\u00bbyes\u00a0\u00bb content_placement=\u00a0\u00bbmiddle\u00a0\u00bb el_class=\u00a0\u00bbrow-prodotto-ambiente\u00a0\u00bb][vc_column width=\u00a0\u00bb7\/12&Prime;][vc_single_image image=\u00a0\u00bb6367&Prime; img_size=\u00a0\u00bbfull\u00a0\u00bb onclick=\u00a0\u00bbcustom_link\u00a0\u00bb link=\u00a0\u00bbhttp:\/\/relaxsrl.com\/fr\/produit\/smart-a-smart-a\/\u00a0\u00bb][vc_column_text el_class=\u00a0\u00bbprodotto-ambiente-didascalia\u00a0\u00bb]<a href=\"http:\/\/relaxsrl.com\/fr\/produit\/smart-a-smart-a\/\">Aller \u00e0 SMART A+A<\/a>[\/vc_column_text][\/vc_column][vc_column width=\u00a0\u00bb4\/12&Prime;][vc_column_text el_class=\u00a0\u00bbprodotto-ambiente-text prodotto-ambiente-text-ml30&Prime;]<\/p>\n<h2>Chambre d&rsquo;h\u00f4tel avec cabine de douche pratique, facile \u00e0 installer.<\/h2>\n<p>Dans la chambre d\u2019h\u00f4tel qui n\u00e9cessite d\u2019une cabine de douche aux formes d\u00e9licates et facile \u00e0 installer, la s\u00e9rie Smart se trouve \u00e0 son aise. Gr\u00e2ce aux 6mm de \u00e9paisseur du cristal il est une garantie en termes de qualit\u00e9 et de pr\u00e9sence esth\u00e9tique. L\u2019entr\u00e9e facile gr\u00e2ce \u00e0 la double porte coulissante, s\u2019adapte \u00e0 tous.[\/vc_column_text][\/vc_column][\/vc_row][vc_row equal_height=\u00a0\u00bbyes\u00a0\u00bb content_placement=\u00a0\u00bbmiddle\u00a0\u00bb el_class=\u00a0\u00bbrow-prodotto-ambiente\u00a0\u00bb][vc_column width=\u00a0\u00bb4\/12&Prime;][vc_column_text el_class=\u00a0\u00bbprodotto-ambiente-text\u00a0\u00bb]<\/p>\n<h2>Cabine de douche pour les projets \u00e0 cadre noir.<\/h2>\n<p>Dans la maison moderne, de nouvelle conception et construction, il est souvent n\u00e9cessaire positionner dans la salle de bain une cabine de douche qui puisse transmettre la personnalit\u00e9, en ligne avec les autres meubles pr\u00e9sents. La palette de couleur naturelle, aux tons chauds, n\u00e9cessite un \u00e9l\u00e9ment fort, \u00e0 contraste, capable d\u2019embellir les pi\u00e8ces, come la couleur noire.[\/vc_column_text][\/vc_column][vc_column width=\u00a0\u00bb1\/12&Prime;][\/vc_column][vc_column width=\u00a0\u00bb7\/12&Prime;][vc_single_image image=\u00a0\u00bb6602&Prime; img_size=\u00a0\u00bbfull\u00a0\u00bb onclick=\u00a0\u00bbcustom_link\u00a0\u00bb link=\u00a0\u00bbhttp:\/\/relaxsrl.com\/fr\/produit\/smart-sc1\/\u00a0\u00bb][vc_column_text el_class=\u00a0\u00bbprodotto-ambiente-didascalia\u00a0\u00bb]<a href=\"http:\/\/relaxsrl.com\/fr\/produit\/smart-sc1\/\">Aller \u00e0 SMART SC1<\/a>[\/vc_column_text][\/vc_column][\/vc_row][vc_row equal_height=\u00a0\u00bbyes\u00a0\u00bb content_placement=\u00a0\u00bbmiddle\u00a0\u00bb el_class=\u00a0\u00bbrow-prodotto-ambiente\u00a0\u00bb][vc_column width=\u00a0\u00bb7\/12&Prime;][vc_single_image image=\u00a0\u00bb6606&Prime; img_size=\u00a0\u00bbfull\u00a0\u00bb onclick=\u00a0\u00bbcustom_link\u00a0\u00bb link=\u00a0\u00bbhttp:\/\/relaxsrl.com\/fr\/produit\/light-v\/\u00a0\u00bb][vc_column_text el_class=\u00a0\u00bbprodotto-ambiente-didascalia\u00a0\u00bb]<a href=\"http:\/\/relaxsrl.com\/fr\/produit\/light-v\/\">Aller \u00e0 LIGHT V<\/a>[\/vc_column_text][\/vc_column][vc_column width=\u00a0\u00bb4\/12&Prime;][vc_column_text el_class=\u00a0\u00bbprodotto-ambiente-text prodotto-ambiente-text-ml30&Prime;]<\/p>\n<h2>La praticit\u00e9 du pare-baignoire pour donner de la polyvalence \u00e0 la salle de bain.<\/h2>\n<p>Lorem ipsum dolor sit amet<br \/>\nPour l\u2019exigence d\u2019un produit polyvalent, positionnable \u00e0 l\u2019int\u00e9rieur d\u2019un environnement d\u00e9j\u00e0 d\u00e9limit\u00e9 dans ses formes et dans ses espaces, un surbassin est l\u2019id\u00e9ale. Tr\u00e8s facile \u00e0 placer, <a href=\"http:\/\/relaxsrl.com\/fr\/produit\/light-v\/\">Light V<\/a>, aux trait essentiels, Light V peut contenir efficacement l\u2019eau avec un verre ouvrant \u00e0 l\u2019int\u00e9rieur est \u00e0 l\u2019ext\u00e9rieur.[\/vc_column_text][\/vc_column][\/vc_row][vc_row equal_height=\u00a0\u00bbyes\u00a0\u00bb content_placement=\u00a0\u00bbmiddle\u00a0\u00bb el_class=\u00a0\u00bbrow-prodotto-ambiente\u00a0\u00bb][vc_column width=\u00a0\u00bb4\/12&Prime;][vc_column_text el_class=\u00a0\u00bbprodotto-ambiente-text\u00a0\u00bb]<\/p>\n<h2>Paroi de douche facile \u00e0 installer en s\u00e9rie dans plusieurs unit\u00e9s r\u00e9sidentielles.<\/h2>\n<p><a href=\"http:\/\/relaxsrl.com\/fr\/produit\/lyra-r2-s\/\">Lyra R2<\/a> R2 est la commodit\u00e9 d\u2019utilisation d\u2019une cabine de douche avec portes coulissante, l\u00e9g\u00e8re et \u00e9l\u00e9gante dans les formes, dans un environnements de coupe moderne, actuel dans les meubles. Sa facilit\u00e9 de montage et le fait d\u2019avoir la poign\u00e9e int\u00e9gr\u00e9e dans le cadre, rendent e coffre de douche parfait pour \u00eatre plac\u00e9 dans plusieurs maisons, rapidement.[\/vc_column_text][\/vc_column][vc_column width=\u00a0\u00bb1\/12&Prime;][\/vc_column][vc_column width=\u00a0\u00bb7\/12&Prime;][vc_single_image image=\u00a0\u00bb6610&Prime; img_size=\u00a0\u00bbfull\u00a0\u00bb onclick=\u00a0\u00bbcustom_link\u00a0\u00bb link=\u00a0\u00bbhttp:\/\/relaxsrl.com\/fr\/produit\/lyra-r2-s\/\u00a0\u00bb][vc_column_text el_class=\u00a0\u00bbprodotto-ambiente-didascalia\u00a0\u00bb]<a href=\"http:\/\/relaxsrl.com\/fr\/produit\/lyra-r2-s\/\">Aller \u00e0 LYRA R2<\/a>[\/vc_column_text][\/vc_column][\/vc_row][vc_row equal_height=\u00a0\u00bbyes\u00a0\u00bb content_placement=\u00a0\u00bbmiddle\u00a0\u00bb el_class=\u00a0\u00bbrow-prodotto-ambiente\u00a0\u00bb][vc_column width=\u00a0\u00bb7\/12&Prime;][vc_single_image image=\u00a0\u00bb6616&Prime; img_size=\u00a0\u00bbfull\u00a0\u00bb onclick=\u00a0\u00bbcustom_link\u00a0\u00bb link=\u00a0\u00bbhttp:%2F%2Frelaxsrl.com%2Fprodotto%2Funico-a-unico-a%2F|\u00a0\u00bb][vc_column_text el_class=\u00a0\u00bbprodotto-ambiente-didascalia\u00a0\u00bb]<a href=\"https:\/\/relaxsrl.com\/fr\/produits\/collections\/oblique\/\">Aller \u00e0 OBLIQUE<\/a>[\/vc_column_text][\/vc_column][vc_column width=\u00a0\u00bb4\/12&Prime;][vc_column_text el_class=\u00a0\u00bbprodotto-ambiente-text prodotto-ambiente-text-ml30&Prime;]<\/p>\n<h2>Solution brevet\u00e9e pour surmonter les difficult\u00e9s d&rsquo;ancrage au mur.<\/h2>\n<p>Il y a aussi des environnements qui n\u00e9cessitent des soins particuliers, des situations moins courantes, mais qui pr\u00e9voit g\u00e9n\u00e9ralement des solutions complexes. L\u2019une d\u2019entre elle est la pr\u00e9sence d\u2019un obstacle dans le mur o\u00f9 doit \u00eatre plac\u00e9e la barre qui soutient la cabine de douche. La difficult\u00e9 de r\u00e9soudre le probl\u00e8me est amplifi\u00e9e par la n\u00e9cessit\u00e9 de maintenir une coh\u00e9rence stylistique avec le reste de l\u2019environnement. La ligne Oblique, form\u00e9e par diff\u00e9rents solutions, \u00e0 la fois fonctionnelles et esth\u00e9tiques, r\u00e9ussit \u00e0 transformer une situation d\u00e9sagr\u00e9able en l\u2019opportunit\u00e9 de meubler la salle de bain avec style[\/vc_column_text][\/vc_column][\/vc_row]<\/p>\n","protected":false},"excerpt":{"rendered":"<p>[vc_row full_width=\u00a0\u00bbstretch_row\u00a0\u00bb content_placement=\u00a0\u00bbmiddle\u00a0\u00bb el_class=\u00a0\u00bbintro-row\u00a0\u00bb][vc_column width=\u00a0\u00bb5\/12&Prime;][vc_column_text] Propositions de salle de bain pour des projets [\/vc_column_text][\/vc_column][vc_column width=\u00a0\u00bb7\/12&Prime;][vc_column_text el_class=\u00a0\u00bbabstract\u00a0\u00bb]Situation particuli\u00e8re qui comprend plusieurs environnements avec cabine de douche pour projets. Ici, des solutions sont propos\u00e9es qui allient praticit\u00e9 d&rsquo;utilisation et d&rsquo;installation avec un design simple mais \u00e9l\u00e9gant, adaptable \u00e0 diff\u00e9rentes situations. Toutes les solutions sont certifi\u00e9es T\u00dcV S\u00dcD.[\/vc_column_text][\/vc_column][\/vc_row][vc_row [&hellip;]<\/p>\n","protected":false},"author":3,"featured_media":6367,"parent":10984,"menu_order":0,"comment_status":"closed","ping_status":"closed","template":"","meta":[],"acf":[],"yoast_head":"<!-- This site is optimized with the Yoast SEO Premium plugin v18.4 (Yoast SEO v18.8) - https:\/\/yoast.com\/wordpress\/plugins\/seo\/ -->\n<title>Projets de cabine de douche - Relax srl<\/title>\n<meta name=\"description\" content=\"Si vous avez besoin qualit\u00e9 produites en Italie pour vos projets de cabine de douche, Relax a une large gamme de propositions.\" \/>\n<meta name=\"robots\" content=\"index, follow, max-snippet:-1, max-image-preview:large, max-video-preview:-1\" \/>\n<link rel=\"canonical\" href=\"https:\/\/relaxsrl.com\/fr\/espace-architectes\/espaces-bain\/projets-de-cabine-de-douche\/\" \/>\n<meta property=\"og:locale\" content=\"fr_FR\" \/>\n<meta property=\"og:type\" content=\"article\" \/>\n<meta property=\"og:title\" content=\"Projets de cabine de douche - Relax srl\" \/>\n<meta property=\"og:description\" content=\"Si vous avez besoin qualit\u00e9 produites en Italie pour vos projets de cabine de douche, Relax a une large gamme de propositions.\" \/>\n<meta property=\"og:url\" content=\"https:\/\/relaxsrl.com\/fr\/espace-architectes\/espaces-bain\/projets-de-cabine-de-douche\/\" \/>\n<meta property=\"og:site_name\" content=\"Relax srl\" \/>\n<meta property=\"article:modified_time\" content=\"2023-09-20T07:55:20+00:00\" \/>\n<meta property=\"og:image\" content=\"https:\/\/relaxsrl.com\/website\/wp-content\/uploads\/2021\/10\/CONTRACT.jpg\" \/>\n\t<meta property=\"og:image:width\" content=\"960\" \/>\n\t<meta property=\"og:image:height\" content=\"660\" \/>\n\t<meta property=\"og:image:type\" content=\"image\/jpeg\" \/>\n<meta name=\"twitter:card\" content=\"summary_large_image\" \/>\n<meta name=\"twitter:label1\" content=\"Dur\u00e9e de lecture estim\u00e9e\" \/>\n\t<meta name=\"twitter:data1\" content=\"3 minutes\" \/>\n<script type=\"application\/ld+json\" class=\"yoast-schema-graph\">{\"@context\":\"https:\/\/schema.org\",\"@graph\":[{\"@type\":\"WebSite\",\"@id\":\"https:\/\/relaxsrl.com\/#website\",\"url\":\"https:\/\/relaxsrl.com\/\",\"name\":\"Relax srl\",\"description\":\"\",\"potentialAction\":[{\"@type\":\"SearchAction\",\"target\":{\"@type\":\"EntryPoint\",\"urlTemplate\":\"https:\/\/relaxsrl.com\/?s={search_term_string}\"},\"query-input\":\"required name=search_term_string\"}],\"inLanguage\":\"fr-FR\"},{\"@type\":\"ImageObject\",\"inLanguage\":\"fr-FR\",\"@id\":\"https:\/\/relaxsrl.com\/fr\/espace-architectes\/espaces-bain\/projets-de-cabine-de-douche\/#primaryimage\",\"url\":\"https:\/\/relaxsrl.com\/website\/wp-content\/uploads\/2021\/10\/CONTRACT.jpg\",\"contentUrl\":\"https:\/\/relaxsrl.com\/website\/wp-content\/uploads\/2021\/10\/CONTRACT.jpg\",\"width\":960,\"height\":660,\"caption\":\"Box doccia ad ante scorrevoli in camera d'albergo\"},{\"@type\":\"WebPage\",\"@id\":\"https:\/\/relaxsrl.com\/fr\/espace-architectes\/espaces-bain\/projets-de-cabine-de-douche\/#webpage\",\"url\":\"https:\/\/relaxsrl.com\/fr\/espace-architectes\/espaces-bain\/projets-de-cabine-de-douche\/\",\"name\":\"Projets de cabine de douche - Relax srl\",\"isPartOf\":{\"@id\":\"https:\/\/relaxsrl.com\/#website\"},\"primaryImageOfPage\":{\"@id\":\"https:\/\/relaxsrl.com\/fr\/espace-architectes\/espaces-bain\/projets-de-cabine-de-douche\/#primaryimage\"},\"datePublished\":\"2021-11-16T13:44:36+00:00\",\"dateModified\":\"2023-09-20T07:55:20+00:00\",\"description\":\"Si vous avez besoin qualit\u00e9 produites en Italie pour vos projets de cabine de douche, Relax a une large gamme de propositions.\",\"breadcrumb\":{\"@id\":\"https:\/\/relaxsrl.com\/fr\/espace-architectes\/espaces-bain\/projets-de-cabine-de-douche\/#breadcrumb\"},\"inLanguage\":\"fr-FR\",\"potentialAction\":[{\"@type\":\"ReadAction\",\"target\":[\"https:\/\/relaxsrl.com\/fr\/espace-architectes\/espaces-bain\/projets-de-cabine-de-douche\/\"]}]},{\"@type\":\"BreadcrumbList\",\"@id\":\"https:\/\/relaxsrl.com\/fr\/espace-architectes\/espaces-bain\/projets-de-cabine-de-douche\/#breadcrumb\",\"itemListElement\":[{\"@type\":\"ListItem\",\"position\":1,\"name\":\"Espace Architectes\",\"item\":\"https:\/\/relaxsrl.com\/fr\/espace-architectes\/\"},{\"@type\":\"ListItem\",\"position\":2,\"name\":\"Cabine de douche pour diff\u00e9rents espaces de salle de bain\",\"item\":\"https:\/\/relaxsrl.com\/fr\/espace-architectes\/espaces-bain\/\"},{\"@type\":\"ListItem\",\"position\":3,\"name\":\"Projets de cabine de douche\"}]}]}<\/script>\n<!-- \/ Yoast SEO Premium plugin. -->","yoast_head_json":{"title":"Projets de cabine de douche - Relax srl","description":"Si vous avez besoin qualit\u00e9 produites en Italie pour vos projets de cabine de douche, Relax a une large gamme de propositions.","robots":{"index":"index","follow":"follow","max-snippet":"max-snippet:-1","max-image-preview":"max-image-preview:large","max-video-preview":"max-video-preview:-1"},"canonical":"https:\/\/relaxsrl.com\/fr\/espace-architectes\/espaces-bain\/projets-de-cabine-de-douche\/","og_locale":"fr_FR","og_type":"article","og_title":"Projets de cabine de douche - Relax srl","og_description":"Si vous avez besoin qualit\u00e9 produites en Italie pour vos projets de cabine de douche, Relax a une large gamme de propositions.","og_url":"https:\/\/relaxsrl.com\/fr\/espace-architectes\/espaces-bain\/projets-de-cabine-de-douche\/","og_site_name":"Relax srl","article_modified_time":"2023-09-20T07:55:20+00:00","og_image":[{"width":960,"height":660,"url":"https:\/\/relaxsrl.com\/website\/wp-content\/uploads\/2021\/10\/CONTRACT.jpg","type":"image\/jpeg"}],"twitter_card":"summary_large_image","twitter_misc":{"Dur\u00e9e de lecture estim\u00e9e":"3 minutes"},"schema":{"@context":"https:\/\/schema.org","@graph":[{"@type":"WebSite","@id":"https:\/\/relaxsrl.com\/#website","url":"https:\/\/relaxsrl.com\/","name":"Relax srl","description":"","potentialAction":[{"@type":"SearchAction","target":{"@type":"EntryPoint","urlTemplate":"https:\/\/relaxsrl.com\/?s={search_term_string}"},"query-input":"required name=search_term_string"}],"inLanguage":"fr-FR"},{"@type":"ImageObject","inLanguage":"fr-FR","@id":"https:\/\/relaxsrl.com\/fr\/espace-architectes\/espaces-bain\/projets-de-cabine-de-douche\/#primaryimage","url":"https:\/\/relaxsrl.com\/website\/wp-content\/uploads\/2021\/10\/CONTRACT.jpg","contentUrl":"https:\/\/relaxsrl.com\/website\/wp-content\/uploads\/2021\/10\/CONTRACT.jpg","width":960,"height":660,"caption":"Box doccia ad ante scorrevoli in camera d'albergo"},{"@type":"WebPage","@id":"https:\/\/relaxsrl.com\/fr\/espace-architectes\/espaces-bain\/projets-de-cabine-de-douche\/#webpage","url":"https:\/\/relaxsrl.com\/fr\/espace-architectes\/espaces-bain\/projets-de-cabine-de-douche\/","name":"Projets de cabine de douche - Relax srl","isPartOf":{"@id":"https:\/\/relaxsrl.com\/#website"},"primaryImageOfPage":{"@id":"https:\/\/relaxsrl.com\/fr\/espace-architectes\/espaces-bain\/projets-de-cabine-de-douche\/#primaryimage"},"datePublished":"2021-11-16T13:44:36+00:00","dateModified":"2023-09-20T07:55:20+00:00","description":"Si vous avez besoin qualit\u00e9 produites en Italie pour vos projets de cabine de douche, Relax a une large gamme de propositions.","breadcrumb":{"@id":"https:\/\/relaxsrl.com\/fr\/espace-architectes\/espaces-bain\/projets-de-cabine-de-douche\/#breadcrumb"},"inLanguage":"fr-FR","potentialAction":[{"@type":"ReadAction","target":["https:\/\/relaxsrl.com\/fr\/espace-architectes\/espaces-bain\/projets-de-cabine-de-douche\/"]}]},{"@type":"BreadcrumbList","@id":"https:\/\/relaxsrl.com\/fr\/espace-architectes\/espaces-bain\/projets-de-cabine-de-douche\/#breadcrumb","itemListElement":[{"@type":"ListItem","position":1,"name":"Espace Architectes","item":"https:\/\/relaxsrl.com\/fr\/espace-architectes\/"},{"@type":"ListItem","position":2,"name":"Cabine de douche pour diff\u00e9rents espaces de salle de bain","item":"https:\/\/relaxsrl.com\/fr\/espace-architectes\/espaces-bain\/"},{"@type":"ListItem","position":3,"name":"Projets de cabine de douche"}]}]}},"_links":{"self":[{"href":"https:\/\/relaxsrl.com\/fr\/wp-json\/wp\/v2\/pages\/11144"}],"collection":[{"href":"https:\/\/relaxsrl.com\/fr\/wp-json\/wp\/v2\/pages"}],"about":[{"href":"https:\/\/relaxsrl.com\/fr\/wp-json\/wp\/v2\/types\/page"}],"author":[{"embeddable":true,"href":"https:\/\/relaxsrl.com\/fr\/wp-json\/wp\/v2\/users\/3"}],"replies":[{"embeddable":true,"href":"https:\/\/relaxsrl.com\/fr\/wp-json\/wp\/v2\/comments?post=11144"}],"version-history":[{"count":7,"href":"https:\/\/relaxsrl.com\/fr\/wp-json\/wp\/v2\/pages\/11144\/revisions"}],"predecessor-version":[{"id":29183,"href":"https:\/\/relaxsrl.com\/fr\/wp-json\/wp\/v2\/pages\/11144\/revisions\/29183"}],"up":[{"embeddable":true,"href":"https:\/\/relaxsrl.com\/fr\/wp-json\/wp\/v2\/pages\/10984"}],"wp:featuredmedia":[{"embeddable":true,"href":"https:\/\/relaxsrl.com\/fr\/wp-json\/wp\/v2\/media\/6367"}],"wp:attachment":[{"href":"https:\/\/relaxsrl.com\/fr\/wp-json\/wp\/v2\/media?parent=11144"}],"curies":[{"name":"wp","href":"https:\/\/api.w.org\/{rel}","templated":true}]}}