{"id":11194,"date":"2021-11-16T15:18:57","date_gmt":"2021-11-16T14:18:57","guid":{"rendered":"http:\/\/relaxsrl.com\/espace-architectes-cabines-de-douche\/espaces-bain\/la-cabine-de-douche-dans-la-chambre\/"},"modified":"2022-07-21T09:15:43","modified_gmt":"2022-07-21T07:15:43","slug":"la-cabine-de-douche-dans-la-chambre","status":"publish","type":"page","link":"https:\/\/relaxsrl.com\/fr\/espace-architectes\/espaces-bain\/la-cabine-de-douche-dans-la-chambre\/","title":{"rendered":"La cabine de douche dans la chambre"},"content":{"rendered":"<p>[vc_row full_width=\u00a0\u00bbstretch_row\u00a0\u00bb content_placement=\u00a0\u00bbmiddle\u00a0\u00bb el_class=\u00a0\u00bbintro-row\u00a0\u00bb][vc_column width=\u00a0\u00bb5\/12&Prime;][vc_column_text]<\/p>\n<h1>Projets de chambre avec salle de bain<\/h1>\n<p>[\/vc_column_text][\/vc_column][vc_column width=\u00a0\u00bb7\/12&Prime;][vc_column_text el_class=\u00a0\u00bbabstract\u00a0\u00bb]La salle de bain dans la chambre peut donner des \u00e9motions indescriptibles. Le confort d\u2019un espace r\u00e9serv\u00e9 o\u00f9 se d\u00e9tende en toute intimit\u00e9 est un appel pour beaucoup. Si l\u2019espace de l\u2019habitation le permet, c\u2019est l\u2019un des choix qui valorise le plus les environnements.[\/vc_column_text][\/vc_column][\/vc_row][vc_row el_class=\u00a0\u00bbrow-path\u00a0\u00bb][vc_column][vc_column_text][\/vc_column_text][\/vc_column][\/vc_row][vc_row equal_height=\u00a0\u00bbyes\u00a0\u00bb content_placement=\u00a0\u00bbmiddle\u00a0\u00bb el_class=\u00a0\u00bbrow-prodotto-ambiente\u00a0\u00bb][vc_column width=\u00a0\u00bb7\/12&Prime;][vc_single_image image=\u00a0\u00bb6359&Prime; img_size=\u00a0\u00bbfull\u00a0\u00bb onclick=\u00a0\u00bbcustom_link\u00a0\u00bb link=\u00a0\u00bbhttp:\/\/relaxsrl.com\/fr\/produit\/puro-sf-puro-f\/\u00a0\u00bb][vc_column_text el_class=\u00a0\u00bbprodotto-ambiente-didascalia\u00a0\u00bb]<a href=\"http:\/\/relaxsrl.com\/fr\/produit\/puro-sf-puro-f\/\">Aller \u00e0 PURO SF+F<\/a>[\/vc_column_text][\/vc_column][vc_column width=\u00a0\u00bb4\/12&Prime;][vc_column_text el_class=\u00a0\u00bbprodotto-ambiente-text prodotto-ambiente-text-ml30&Prime;]<\/p>\n<h2>Comment marquer une salle de bain et une chambre en open space.<\/h2>\n<p>Le confort d\u2019un espace ouvert o\u00f9 pouvoir s\u2019abandonner au plaisir d\u2019une douche r\u00e9g\u00e9n\u00e9rante, le tout dans une zone d\u00e9di\u00e9e, \u00e0 l\u2019int\u00e9rieur de votre chambre \u00e0 coucher. Un espace o\u00f9 les g\u00e9om\u00e9tries d\u2019un mur en contraste, par rapport \u00e0 le reste de la chambre, peuvent d\u00e9limiter la zone de la cabine de douche, dans une danse continue entre la texture et les \u00e9l\u00e9ments.[\/vc_column_text][\/vc_column][\/vc_row][vc_row equal_height=\u00a0\u00bbyes\u00a0\u00bb content_placement=\u00a0\u00bbmiddle\u00a0\u00bb el_class=\u00a0\u00bbrow-prodotto-ambiente\u00a0\u00bb][vc_column width=\u00a0\u00bb4\/12&Prime;][vc_column_text el_class=\u00a0\u00bbprodotto-ambiente-text\u00a0\u00bb]<\/p>\n<h2>Jeux de contrastes entre les couleurs pour \u00e9clairer, diff\u00e9rencier, unir.<\/h2>\n<p>L\u2019ensemble des couleurs contrastantes en une seule entit\u00e9, r\u00e9ussit \u00e0 cr\u00e9er une vision d\u2019ensemble, capable de donner de la lumi\u00e8re a tous les \u00e9l\u00e9ments qui composent les environnements. Les profils noirs, en contraste avec un sol clair, sont capable de donner de la lumi\u00e8re et de l\u2019amplitude en m\u00eame temps, restant fid\u00e8le aux choix chromatiques de la zone nuit.[\/vc_column_text][\/vc_column][vc_column width=\u00a0\u00bb1\/12&Prime;][\/vc_column][vc_column width=\u00a0\u00bb7\/12&Prime;][vc_single_image image=\u00a0\u00bb6580&Prime; img_size=\u00a0\u00bbfull\u00a0\u00bb onclick=\u00a0\u00bbcustom_link\u00a0\u00bb link=\u00a0\u00bbhttp:\/\/relaxsrl.com\/fr\/produit\/axia-sc1\/\u00a0\u00bb][vc_column_text el_class=\u00a0\u00bbprodotto-ambiente-didascalia\u00a0\u00bb]<a href=\"http:\/\/relaxsrl.com\/fr\/produit\/axia-sc1\/\">Aller \u00e0 AXIA SC1<\/a>[\/vc_column_text][\/vc_column][\/vc_row][vc_row equal_height=\u00a0\u00bbyes\u00a0\u00bb content_placement=\u00a0\u00bbmiddle\u00a0\u00bb el_class=\u00a0\u00bbrow-prodotto-ambiente\u00a0\u00bb][vc_column width=\u00a0\u00bb7\/12&Prime;][vc_single_image image=\u00a0\u00bb6584&Prime; img_size=\u00a0\u00bbfull\u00a0\u00bb onclick=\u00a0\u00bbcustom_link\u00a0\u00bb link=\u00a0\u00bbhttp:\/\/relaxsrl.com\/fr\/produit\/cover-b1\/\u00a0\u00bb][vc_column_text el_class=\u00a0\u00bbprodotto-ambiente-didascalia\u00a0\u00bb]<a href=\"http:\/\/relaxsrl.com\/fr\/produit\/cover-b1\/\">Aller \u00e0 COVER B1<\/a>[\/vc_column_text][\/vc_column][vc_column width=\u00a0\u00bb4\/12&Prime;][vc_column_text el_class=\u00a0\u00bbprodotto-ambiente-text prodotto-ambiente-text-ml30&Prime;]<\/p>\n<h2>Chambre avec cabine de douche.<\/h2>\n<p>Un cadre priv\u00e9, dans un contexte public comme une chambre d&rsquo;h\u00f4tel, est l&rsquo;atelier cr\u00e9atif de tout architecte d&rsquo;int\u00e9rieur. La toile blanche sur laquelle peindre est d\u00e9clin\u00e9e dans toutes les couleurs possibles. La solution id\u00e9ale, pour conserver l&rsquo;harmonie d&rsquo;ensemble, est de choisir une cabine de douche avec des rev\u00eatements interchangeables, enti\u00e8rement personnalisables en couleur, selon les besoins.[\/vc_column_text][\/vc_column][vc_column width=\u00a0\u00bb1\/12&Prime;][\/vc_column][\/vc_row][vc_row equal_height=\u00a0\u00bbyes\u00a0\u00bb content_placement=\u00a0\u00bbmiddle\u00a0\u00bb el_class=\u00a0\u00bbrow-prodotto-ambiente\u00a0\u00bb][vc_column width=\u00a0\u00bb4\/12&Prime;][vc_column_text el_class=\u00a0\u00bbprodotto-ambiente-text prodotto-ambiente-text-ml30&Prime;]<\/p>\n<h2>Conception de la chambre avec salle de bain dans l&rsquo;hotel.<\/h2>\n<p>Dans le cas o\u00f9 la salle de bain est limit\u00e9e aux seuls services, il est n\u00e9cessaire de s\u00e9parer, id\u00e9alement est physiquement, la cabine de douche du reste de la chambre. Luxor 140A permet de avoir une paroie fixe directement dans la chambre \u00e0 coucher, en r\u00e9solvant les probl\u00e8mes des \u00e9claboussures d\u2019eau, gr\u00e2ce \u00e0 sa courbure particuli\u00e8re du verre, qui va \u00e0 cr\u00e9e une antichambre dans laquelle il est possible stationner.[\/vc_column_text][\/vc_column][vc_column width=\u00a0\u00bb1\/12&Prime;][\/vc_column][vc_column width=\u00a0\u00bb7\/12&Prime;][vc_single_image image=\u00a0\u00bb6592&Prime; img_size=\u00a0\u00bbfull\u00a0\u00bb onclick=\u00a0\u00bbcustom_link\u00a0\u00bb link=\u00a0\u00bbhttp:\/\/relaxsrl.com\/fr\/produit\/luxor-140a\/\u00a0\u00bb][vc_column_text el_class=\u00a0\u00bbprodotto-ambiente-didascalia\u00a0\u00bb]<a href=\"http:\/\/relaxsrl.com\/fr\/produit\/luxor-140a\/\">Aller \u00e0 LUXOR 140A<\/a>[\/vc_column_text][\/vc_column][\/vc_row][vc_row equal_height=\u00a0\u00bbyes\u00a0\u00bb content_placement=\u00a0\u00bbmiddle\u00a0\u00bb el_class=\u00a0\u00bbrow-prodotto-ambiente\u00a0\u00bb][vc_column width=\u00a0\u00bb7\/12&Prime;][vc_single_image image=\u00a0\u00bb6588&Prime; img_size=\u00a0\u00bbfull\u00a0\u00bb onclick=\u00a0\u00bbcustom_link\u00a0\u00bb link=\u00a0\u00bbhttp:\/\/relaxsrl.com\/fr\/produit\/cover-mpb\/\u00a0\u00bb][vc_column_text el_class=\u00a0\u00bbprodotto-ambiente-didascalia\u00a0\u00bb]<a href=\"http:\/\/relaxsrl.com\/fr\/produit\/cover-mpb\/\">Aller \u00e0 COVER MPB<\/a>[\/vc_column_text][\/vc_column][vc_column width=\u00a0\u00bb4\/12&Prime;][vc_column_text el_class=\u00a0\u00bbprodotto-ambiente-text prodotto-ambiente-text-ml30&Prime;]<\/p>\n<h2>Grande chambre avec salle de bain de style contemporain.<\/h2>\n<p>Un grand espace de nuit peut accueillir une salle de bain aux dimensions g\u00e9n\u00e9reuse. Il est important que l\u2019harmonie des environnements ne soit pas compromise. En \u00e9tant la salle de bain compl\u00e9mentaire \u00e0 la chambre, elle doit suivre ses traces, en suivant son style. Pour un style contemporain, design, un bac de douche au ras du sol est id\u00e9al, ainsi qu\u2019une cabine de douche sans profils, couverte seulement de sa transparence.[\/vc_column_text][\/vc_column][\/vc_row]<\/p>\n","protected":false},"excerpt":{"rendered":"<p>[vc_row full_width=\u00a0\u00bbstretch_row\u00a0\u00bb content_placement=\u00a0\u00bbmiddle\u00a0\u00bb el_class=\u00a0\u00bbintro-row\u00a0\u00bb][vc_column width=\u00a0\u00bb5\/12&Prime;][vc_column_text] Projets de chambre avec salle de bain [\/vc_column_text][\/vc_column][vc_column width=\u00a0\u00bb7\/12&Prime;][vc_column_text el_class=\u00a0\u00bbabstract\u00a0\u00bb]La salle de bain dans la chambre peut donner des \u00e9motions indescriptibles. Le confort d\u2019un espace r\u00e9serv\u00e9 o\u00f9 se d\u00e9tende en toute intimit\u00e9 est un appel pour beaucoup. Si l\u2019espace de l\u2019habitation le permet, c\u2019est l\u2019un des choix qui valorise le [&hellip;]<\/p>\n","protected":false},"author":3,"featured_media":6359,"parent":10984,"menu_order":0,"comment_status":"closed","ping_status":"closed","template":"","meta":[],"acf":[],"yoast_head":"<!-- This site is optimized with the Yoast SEO Premium plugin v18.4 (Yoast SEO v18.8) - https:\/\/yoast.com\/wordpress\/plugins\/seo\/ -->\n<title>La cabine de douche dans la chambre - Relax srl<\/title>\n<meta name=\"description\" content=\"Comment imaginer une cabine de douche dans une chambre ? Relax imagine quelques situations possibles r\u00e9alisables avec ses produits.\" \/>\n<meta name=\"robots\" content=\"index, follow, max-snippet:-1, max-image-preview:large, max-video-preview:-1\" \/>\n<link rel=\"canonical\" href=\"https:\/\/relaxsrl.com\/fr\/espace-architectes\/espaces-bain\/la-cabine-de-douche-dans-la-chambre\/\" \/>\n<meta property=\"og:locale\" content=\"fr_FR\" \/>\n<meta property=\"og:type\" content=\"article\" \/>\n<meta property=\"og:title\" content=\"La cabine de douche dans la chambre - Relax srl\" \/>\n<meta property=\"og:description\" content=\"Comment imaginer une cabine de douche dans une chambre ? Relax imagine quelques situations possibles r\u00e9alisables avec ses produits.\" \/>\n<meta property=\"og:url\" content=\"https:\/\/relaxsrl.com\/fr\/espace-architectes\/espaces-bain\/la-cabine-de-douche-dans-la-chambre\/\" \/>\n<meta property=\"og:site_name\" content=\"Relax srl\" \/>\n<meta property=\"article:modified_time\" content=\"2022-07-21T07:15:43+00:00\" \/>\n<meta name=\"twitter:card\" content=\"summary_large_image\" \/>\n<meta name=\"twitter:label1\" content=\"Dur\u00e9e de lecture estim\u00e9e\" \/>\n\t<meta name=\"twitter:data1\" content=\"3 minutes\" \/>\n<script type=\"application\/ld+json\" class=\"yoast-schema-graph\">{\"@context\":\"https:\/\/schema.org\",\"@graph\":[{\"@type\":\"WebSite\",\"@id\":\"https:\/\/relaxsrl.com\/#website\",\"url\":\"https:\/\/relaxsrl.com\/\",\"name\":\"Relax srl\",\"description\":\"\",\"potentialAction\":[{\"@type\":\"SearchAction\",\"target\":{\"@type\":\"EntryPoint\",\"urlTemplate\":\"https:\/\/relaxsrl.com\/?s={search_term_string}\"},\"query-input\":\"required name=search_term_string\"}],\"inLanguage\":\"fr-FR\"},{\"@type\":\"ImageObject\",\"inLanguage\":\"fr-FR\",\"@id\":\"https:\/\/relaxsrl.com\/fr\/espace-architectes\/espaces-bain\/la-cabine-de-douche-dans-la-chambre\/#primaryimage\",\"url\":\"https:\/\/relaxsrl.com\/website\/wp-content\/uploads\/2021\/10\/CAMERA.jpg\",\"contentUrl\":\"https:\/\/relaxsrl.com\/website\/wp-content\/uploads\/2021\/10\/CAMERA.jpg\",\"width\":960,\"height\":660,\"caption\":\"Box doccia con ante scorrevoli ad angolo in camera\"},{\"@type\":\"WebPage\",\"@id\":\"https:\/\/relaxsrl.com\/fr\/espace-architectes\/espaces-bain\/la-cabine-de-douche-dans-la-chambre\/#webpage\",\"url\":\"https:\/\/relaxsrl.com\/fr\/espace-architectes\/espaces-bain\/la-cabine-de-douche-dans-la-chambre\/\",\"name\":\"La cabine de douche dans la chambre - Relax srl\",\"isPartOf\":{\"@id\":\"https:\/\/relaxsrl.com\/#website\"},\"primaryImageOfPage\":{\"@id\":\"https:\/\/relaxsrl.com\/fr\/espace-architectes\/espaces-bain\/la-cabine-de-douche-dans-la-chambre\/#primaryimage\"},\"datePublished\":\"2021-11-16T14:18:57+00:00\",\"dateModified\":\"2022-07-21T07:15:43+00:00\",\"description\":\"Comment imaginer une cabine de douche dans une chambre ? Relax imagine quelques situations possibles r\u00e9alisables avec ses produits.\",\"breadcrumb\":{\"@id\":\"https:\/\/relaxsrl.com\/fr\/espace-architectes\/espaces-bain\/la-cabine-de-douche-dans-la-chambre\/#breadcrumb\"},\"inLanguage\":\"fr-FR\",\"potentialAction\":[{\"@type\":\"ReadAction\",\"target\":[\"https:\/\/relaxsrl.com\/fr\/espace-architectes\/espaces-bain\/la-cabine-de-douche-dans-la-chambre\/\"]}]},{\"@type\":\"BreadcrumbList\",\"@id\":\"https:\/\/relaxsrl.com\/fr\/espace-architectes\/espaces-bain\/la-cabine-de-douche-dans-la-chambre\/#breadcrumb\",\"itemListElement\":[{\"@type\":\"ListItem\",\"position\":1,\"name\":\"Espace Architectes\",\"item\":\"https:\/\/relaxsrl.com\/fr\/espace-architectes\/\"},{\"@type\":\"ListItem\",\"position\":2,\"name\":\"Cabine de douche pour diff\u00e9rents espaces de salle de bain\",\"item\":\"https:\/\/relaxsrl.com\/fr\/espace-architectes\/espaces-bain\/\"},{\"@type\":\"ListItem\",\"position\":3,\"name\":\"La cabine de douche dans la chambre\"}]}]}<\/script>\n<!-- \/ Yoast SEO Premium plugin. -->","yoast_head_json":{"title":"La cabine de douche dans la chambre - Relax srl","description":"Comment imaginer une cabine de douche dans une chambre ? Relax imagine quelques situations possibles r\u00e9alisables avec ses produits.","robots":{"index":"index","follow":"follow","max-snippet":"max-snippet:-1","max-image-preview":"max-image-preview:large","max-video-preview":"max-video-preview:-1"},"canonical":"https:\/\/relaxsrl.com\/fr\/espace-architectes\/espaces-bain\/la-cabine-de-douche-dans-la-chambre\/","og_locale":"fr_FR","og_type":"article","og_title":"La cabine de douche dans la chambre - Relax srl","og_description":"Comment imaginer une cabine de douche dans une chambre ? Relax imagine quelques situations possibles r\u00e9alisables avec ses produits.","og_url":"https:\/\/relaxsrl.com\/fr\/espace-architectes\/espaces-bain\/la-cabine-de-douche-dans-la-chambre\/","og_site_name":"Relax srl","article_modified_time":"2022-07-21T07:15:43+00:00","twitter_card":"summary_large_image","twitter_misc":{"Dur\u00e9e de lecture estim\u00e9e":"3 minutes"},"schema":{"@context":"https:\/\/schema.org","@graph":[{"@type":"WebSite","@id":"https:\/\/relaxsrl.com\/#website","url":"https:\/\/relaxsrl.com\/","name":"Relax srl","description":"","potentialAction":[{"@type":"SearchAction","target":{"@type":"EntryPoint","urlTemplate":"https:\/\/relaxsrl.com\/?s={search_term_string}"},"query-input":"required name=search_term_string"}],"inLanguage":"fr-FR"},{"@type":"ImageObject","inLanguage":"fr-FR","@id":"https:\/\/relaxsrl.com\/fr\/espace-architectes\/espaces-bain\/la-cabine-de-douche-dans-la-chambre\/#primaryimage","url":"https:\/\/relaxsrl.com\/website\/wp-content\/uploads\/2021\/10\/CAMERA.jpg","contentUrl":"https:\/\/relaxsrl.com\/website\/wp-content\/uploads\/2021\/10\/CAMERA.jpg","width":960,"height":660,"caption":"Box doccia con ante scorrevoli ad angolo in camera"},{"@type":"WebPage","@id":"https:\/\/relaxsrl.com\/fr\/espace-architectes\/espaces-bain\/la-cabine-de-douche-dans-la-chambre\/#webpage","url":"https:\/\/relaxsrl.com\/fr\/espace-architectes\/espaces-bain\/la-cabine-de-douche-dans-la-chambre\/","name":"La cabine de douche dans la chambre - Relax srl","isPartOf":{"@id":"https:\/\/relaxsrl.com\/#website"},"primaryImageOfPage":{"@id":"https:\/\/relaxsrl.com\/fr\/espace-architectes\/espaces-bain\/la-cabine-de-douche-dans-la-chambre\/#primaryimage"},"datePublished":"2021-11-16T14:18:57+00:00","dateModified":"2022-07-21T07:15:43+00:00","description":"Comment imaginer une cabine de douche dans une chambre ? Relax imagine quelques situations possibles r\u00e9alisables avec ses produits.","breadcrumb":{"@id":"https:\/\/relaxsrl.com\/fr\/espace-architectes\/espaces-bain\/la-cabine-de-douche-dans-la-chambre\/#breadcrumb"},"inLanguage":"fr-FR","potentialAction":[{"@type":"ReadAction","target":["https:\/\/relaxsrl.com\/fr\/espace-architectes\/espaces-bain\/la-cabine-de-douche-dans-la-chambre\/"]}]},{"@type":"BreadcrumbList","@id":"https:\/\/relaxsrl.com\/fr\/espace-architectes\/espaces-bain\/la-cabine-de-douche-dans-la-chambre\/#breadcrumb","itemListElement":[{"@type":"ListItem","position":1,"name":"Espace Architectes","item":"https:\/\/relaxsrl.com\/fr\/espace-architectes\/"},{"@type":"ListItem","position":2,"name":"Cabine de douche pour diff\u00e9rents espaces de salle de bain","item":"https:\/\/relaxsrl.com\/fr\/espace-architectes\/espaces-bain\/"},{"@type":"ListItem","position":3,"name":"La cabine de douche dans la chambre"}]}]}},"_links":{"self":[{"href":"https:\/\/relaxsrl.com\/fr\/wp-json\/wp\/v2\/pages\/11194"}],"collection":[{"href":"https:\/\/relaxsrl.com\/fr\/wp-json\/wp\/v2\/pages"}],"about":[{"href":"https:\/\/relaxsrl.com\/fr\/wp-json\/wp\/v2\/types\/page"}],"author":[{"embeddable":true,"href":"https:\/\/relaxsrl.com\/fr\/wp-json\/wp\/v2\/users\/3"}],"replies":[{"embeddable":true,"href":"https:\/\/relaxsrl.com\/fr\/wp-json\/wp\/v2\/comments?post=11194"}],"version-history":[{"count":5,"href":"https:\/\/relaxsrl.com\/fr\/wp-json\/wp\/v2\/pages\/11194\/revisions"}],"predecessor-version":[{"id":15189,"href":"https:\/\/relaxsrl.com\/fr\/wp-json\/wp\/v2\/pages\/11194\/revisions\/15189"}],"up":[{"embeddable":true,"href":"https:\/\/relaxsrl.com\/fr\/wp-json\/wp\/v2\/pages\/10984"}],"wp:featuredmedia":[{"embeddable":true,"href":"https:\/\/relaxsrl.com\/fr\/wp-json\/wp\/v2\/media\/6359"}],"wp:attachment":[{"href":"https:\/\/relaxsrl.com\/fr\/wp-json\/wp\/v2\/media?parent=11194"}],"curies":[{"name":"wp","href":"https:\/\/api.w.org\/{rel}","templated":true}]}}