{"id":11207,"date":"2021-11-16T15:48:40","date_gmt":"2021-11-16T14:48:40","guid":{"rendered":"http:\/\/relaxsrl.com\/espace-architectes-cabines-de-douche\/espaces-bain\/la-salle-de-bain-a-la-montagne\/"},"modified":"2023-09-12T15:29:12","modified_gmt":"2023-09-12T13:29:12","slug":"la-cabine-de-douche-a-la-montagne","status":"publish","type":"page","link":"https:\/\/relaxsrl.com\/fr\/espace-architectes\/espaces-bain\/la-cabine-de-douche-a-la-montagne\/","title":{"rendered":"La salle de bain \u00e0 la montagne"},"content":{"rendered":"<p>[vc_row full_width=\u00a0\u00bbstretch_row\u00a0\u00bb content_placement=\u00a0\u00bbmiddle\u00a0\u00bb el_class=\u00a0\u00bbintro-row\u00a0\u00bb][vc_column width=\u00a0\u00bb5\/12&Prime;][vc_column_text]<\/p>\n<h1>Espace de salle de bain de montagne<\/h1>\n<p>[\/vc_column_text][\/vc_column][vc_column width=\u00a0\u00bb7\/12&Prime;][vc_column_text el_class=\u00a0\u00bbabstract\u00a0\u00bb]Quand cela vient \u00e0 cabine de douche a la montagne, le b\u00e2timent en montagne cherche le dialogue avec la nature. Essaie d\u2019en faire partie discr\u00e8tement et se propose come une int\u00e9gration coh\u00e9rente avec l\u2019environnement qui l\u2019entoure. La salle de bain, de m\u00eame, doit refl\u00e9ter les valeurs intrins\u00e8ques et savoir s\u2019adapter avec \u00e9l\u00e9gance.[\/vc_column_text][\/vc_column][\/vc_row][vc_row el_class=\u00a0\u00bbrow-path\u00a0\u00bb][vc_column][vc_column_text][\/vc_column_text][\/vc_column][\/vc_row][vc_row equal_height=\u00a0\u00bbyes\u00a0\u00bb content_placement=\u00a0\u00bbmiddle\u00a0\u00bb el_class=\u00a0\u00bbrow-prodotto-ambiente\u00a0\u00bb][vc_column width=\u00a0\u00bb7\/12&Prime;][vc_single_image image=\u00a0\u00bb6375&Prime; img_size=\u00a0\u00bbfull\u00a0\u00bb onclick=\u00a0\u00bbcustom_link\u00a0\u00bb link=\u00a0\u00bbhttp:\/\/relaxsrl.com\/fr\/produit\/cover-af-cover-f\/\u00a0\u00bb][vc_column_text el_class=\u00a0\u00bbprodotto-ambiente-didascalia\u00a0\u00bb]<a href=\"http:\/\/relaxsrl.com\/fr\/produit\/cover-af-cover-f\/\">Aller \u00e0 COVER AF+F<\/a>[\/vc_column_text][\/vc_column][vc_column width=\u00a0\u00bb4\/12&Prime;][vc_column_text el_class=\u00a0\u00bbprodotto-ambiente-text prodotto-ambiente-text-ml30&Prime;]<\/p>\n<h2>Cabine de douche a la montagne: bois aussi dans la salle de bain<\/h2>\n<p>Quand on parle de maison \u00e0 la montagne, l\u2019attrait le plus fort est sans doute celui du bois. Que l\u2019on parle du bois de ch\u00e2taigner, de ch\u00eane ou de noyer, la chaleur caract\u00e9ristique qui peut donner ce mat\u00e9riau est incomparable. Quand alors il va s\u2019entrem\u00ealer avec les jeux de lumi\u00e8re venant de l\u2019ext\u00e9rieur, les combinaisons de couleurs peuvent \u00eatre infinies. Pourquoi ne pas profiter de la situation en combinant une cabine de douche avec poign\u00e9e et charni\u00e8res personnalisables dans la couleur ?[\/vc_column_text][\/vc_column][\/vc_row][vc_row equal_height=\u00a0\u00bbyes\u00a0\u00bb content_placement=\u00a0\u00bbmiddle\u00a0\u00bb el_class=\u00a0\u00bbrow-prodotto-ambiente\u00a0\u00bb][vc_column width=\u00a0\u00bb1\/12&Prime;][\/vc_column][vc_column width=\u00a0\u00bb4\/12&Prime;][vc_column_text el_class=\u00a0\u00bbprodotto-ambiente-text\u00a0\u00bb]<\/p>\n<h2>Intervenir dans la salle de bain, mais pas sur les murs: comment faire?<\/h2>\n<p>Lorsque le b\u00e2timent n&rsquo;est pas de construction r\u00e9cente et que vous ne voulez pas endommager les murs, la solution id\u00e9ale peut \u00eatre une boiserie qui couvre tout l&rsquo;espace douche. Une autre proposition fonctionnelle est de placer un receveur de douche au-dessus du sol, comme notre <a href=\"http:\/\/relaxsrl.com\/fr\/produit\/receveur-stone-angolare\/\">Stone Angolaire<\/a>, qui avec sa texture particuli\u00e8re \u00e9voque des sensations naturelles.[\/vc_column_text][\/vc_column][vc_column width=\u00a0\u00bb1\/12&Prime;][\/vc_column][vc_column width=\u00a0\u00bb5\/12&Prime;][vc_single_image image=\u00a0\u00bb6419&Prime; img_size=\u00a0\u00bbfull\u00a0\u00bb onclick=\u00a0\u00bbcustom_link\u00a0\u00bb link=\u00a0\u00bbhttp:\/\/relaxsrl.com\/fr\/produit\/light-pa-light-pa\/\u00a0\u00bb][vc_column_text el_class=\u00a0\u00bbprodotto-ambiente-didascalia\u00a0\u00bb]<a href=\"http:\/\/relaxsrl.com\/prodotto\/light-pa-light-pa\/\">Aller \u00e0 LIGHT PA+PA<\/a>[\/vc_column_text][\/vc_column][\/vc_row][vc_row equal_height=\u00a0\u00bbyes\u00a0\u00bb content_placement=\u00a0\u00bbmiddle\u00a0\u00bb el_class=\u00a0\u00bbrow-prodotto-ambiente\u00a0\u00bb][vc_column width=\u00a0\u00bb5\/12&Prime;][vc_single_image image=\u00a0\u00bb6475&Prime; img_size=\u00a0\u00bbfull\u00a0\u00bb onclick=\u00a0\u00bbcustom_link\u00a0\u00bb link=\u00a0\u00bbhttp:\/\/relaxsrl.com\/fr\/produit\/puro-sc2\/\u00a0\u00bb][vc_column_text el_class=\u00a0\u00bbprodotto-ambiente-didascalia\u00a0\u00bb]<a href=\"http:\/\/relaxsrl.com\/fr\/produit\/puro-sc2\/\">Aller \u00e0 PURO SC2<\/a>[\/vc_column_text][\/vc_column][vc_column width=\u00a0\u00bb1\/12&Prime;][\/vc_column][vc_column width=\u00a0\u00bb5\/12&Prime;][vc_column_text el_class=\u00a0\u00bbprodotto-ambiente-text\u00a0\u00bb]<\/p>\n<h2>\u00c9clairage efficace m\u00eame dans la salle de bain en bois.<\/h2>\n<p>L\u2019\u00e9quilibre subtil qui se cr\u00e9e dans la chambre, entre lumi\u00e8res naturelles et artificielles peut \u00eatre quelque chose d\u2019unique. Cependant, une salle de bain avec des poutres apparente au plafond n\u2019est pas toujours indiqu\u00e9e pour un \u00e9clairage efficace, ce qui comporte le risque de cr\u00e9er un environnement sombre, difficile \u00e0 utiliser. Pour r\u00e9soudre le probl\u00e8me, la solution id\u00e9ale reste d\u2019opter pour des meubles capables de capturer le plus de lumi\u00e8re possible, de couleur claire ou d\u2019un m\u00e9tal brillant. <a href=\"http:\/\/relaxsrl.com\/fr\/produit\/puro-sc2\/\">Puro SC2<\/a>.[\/vc_column_text][\/vc_column][\/vc_row][vc_row equal_height=\u00a0\u00bbyes\u00a0\u00bb content_placement=\u00a0\u00bbmiddle\u00a0\u00bb el_class=\u00a0\u00bbrow-prodotto-ambiente\u00a0\u00bb][vc_column width=\u00a0\u00bb4\/12&Prime;][vc_column_text el_class=\u00a0\u00bbprodotto-ambiente-text\u00a0\u00bb]<\/p>\n<h2>Une cabine de douche neutre, flexible et facile \u00e0 ins\u00e9rer.<\/h2>\n<p>Il y a aussi les salles de bain o\u00f9 la neutralit\u00e9 est importante, pour maintenir une coh\u00e9rence stylistique avec le reste de la maison. Cela implique un choix cibl\u00e9 vers produit qui n\u2019ont pas de personnalit\u00e9s pr\u00e9pond\u00e9rantes sur le reste de l\u2019environnement, mais qui sont capables de s\u2019int\u00e9grer et de valoriser les autres \u00e9l\u00e9ments d\u2019ameublement.[\/vc_column_text][\/vc_column][vc_column width=\u00a0\u00bb1\/12&Prime;][\/vc_column][vc_column width=\u00a0\u00bb7\/12&Prime;][vc_single_image image=\u00a0\u00bb6479&Prime; img_size=\u00a0\u00bbfull\u00a0\u00bb onclick=\u00a0\u00bbcustom_link\u00a0\u00bb link=\u00a0\u00bbhttp:\/\/relaxsrl.com\/fr\/produit\/flat-r2-s\/\u00a0\u00bb][vc_column_text el_class=\u00a0\u00bbprodotto-ambiente-didascalia\u00a0\u00bb]<a href=\"http:\/\/relaxsrl.com\/fr\/produit\/flat-r2-s\/\">Aller \u00e0 FLAT R2<\/a>[\/vc_column_text][\/vc_column][\/vc_row][vc_row equal_height=\u00a0\u00bbyes\u00a0\u00bb content_placement=\u00a0\u00bbmiddle\u00a0\u00bb el_class=\u00a0\u00bbrow-prodotto-ambiente\u00a0\u00bb][vc_column width=\u00a0\u00bb7\/12&Prime;][vc_single_image image=\u00a0\u00bb6487&Prime; img_size=\u00a0\u00bbfull\u00a0\u00bb onclick=\u00a0\u00bbcustom_link\u00a0\u00bb link=\u00a0\u00bbhttp:\/\/relaxsrl.com\/fr\/produit\/lyra-sc1-lyra-f\/\u00a0\u00bb][vc_column_text el_class=\u00a0\u00bbprodotto-ambiente-didascalia\u00a0\u00bb]<a href=\"http:\/\/relaxsrl.com\/fr\/produit\/lyra-sc1-lyra-f\/\">Aller \u00e0 LYRA SC1+F<\/a>[\/vc_column_text][\/vc_column][vc_column width=\u00a0\u00bb4\/12&Prime;][vc_column_text el_class=\u00a0\u00bbprodotto-ambiente-text prodotto-ambiente-text-ml30&Prime;]<\/p>\n<h2>Parois de douche respectueuses de l&rsquo;intimit\u00e9 avec verre \u00e0 plumes.<\/h2>\n<p>Pour un moment d\u2019intimit\u00e9, loin du chaos de la vie citadine, un verre qui sache offrir transparence et intimit\u00e9 est une valeur ajout\u00e9e. La <a href=\"http:\/\/relaxsrl.com\/fr\/produits\/collections\/lyra\/\">collection Lyra <\/a> est con\u00e7ue pour avoir parmi les possibilit\u00e9s de finition aussi les verres plum\u00e9s en version standard.[\/vc_column_text][\/vc_column][\/vc_row]<\/p>\n","protected":false},"excerpt":{"rendered":"<p>[vc_row full_width=\u00a0\u00bbstretch_row\u00a0\u00bb content_placement=\u00a0\u00bbmiddle\u00a0\u00bb el_class=\u00a0\u00bbintro-row\u00a0\u00bb][vc_column width=\u00a0\u00bb5\/12&Prime;][vc_column_text] Espace de salle de bain de montagne [\/vc_column_text][\/vc_column][vc_column width=\u00a0\u00bb7\/12&Prime;][vc_column_text el_class=\u00a0\u00bbabstract\u00a0\u00bb]Quand cela vient \u00e0 cabine de douche a la montagne, le b\u00e2timent en montagne cherche le dialogue avec la nature. Essaie d\u2019en faire partie discr\u00e8tement et se propose come une int\u00e9gration coh\u00e9rente avec l\u2019environnement qui l\u2019entoure. La salle de bain, de [&hellip;]<\/p>\n","protected":false},"author":3,"featured_media":6375,"parent":10984,"menu_order":0,"comment_status":"closed","ping_status":"closed","template":"","meta":[],"acf":[],"yoast_head":"<!-- This site is optimized with the Yoast SEO Premium plugin v18.4 (Yoast SEO v18.8) - https:\/\/yoast.com\/wordpress\/plugins\/seo\/ -->\n<title>La cabine de douche italienne \u00e0 la montagne - Relax srl<\/title>\n<meta name=\"description\" content=\"Relax vous propose une s\u00e9lection de cabine de douche \u00e0 la montagne pour prendre votre temps ou dormir. En savoir plus.\" \/>\n<meta name=\"robots\" content=\"index, follow, max-snippet:-1, max-image-preview:large, max-video-preview:-1\" \/>\n<link rel=\"canonical\" href=\"https:\/\/relaxsrl.com\/fr\/espace-architectes\/espaces-bain\/la-cabine-de-douche-a-la-montagne\/\" \/>\n<meta property=\"og:locale\" content=\"fr_FR\" \/>\n<meta property=\"og:type\" content=\"article\" \/>\n<meta property=\"og:title\" content=\"La cabine de douche italienne \u00e0 la montagne - Relax srl\" \/>\n<meta property=\"og:description\" content=\"Relax vous propose une s\u00e9lection de cabine de douche \u00e0 la montagne pour prendre votre temps ou dormir. En savoir plus.\" \/>\n<meta property=\"og:url\" content=\"https:\/\/relaxsrl.com\/fr\/espace-architectes\/espaces-bain\/la-cabine-de-douche-a-la-montagne\/\" \/>\n<meta property=\"og:site_name\" content=\"Relax srl\" \/>\n<meta property=\"article:modified_time\" content=\"2023-09-12T13:29:12+00:00\" \/>\n<meta property=\"og:image\" content=\"https:\/\/relaxsrl.com\/website\/wp-content\/uploads\/2021\/10\/MONTAGNA.jpg\" \/>\n\t<meta property=\"og:image:width\" content=\"961\" \/>\n\t<meta property=\"og:image:height\" content=\"660\" \/>\n\t<meta property=\"og:image:type\" content=\"image\/jpeg\" \/>\n<meta name=\"twitter:card\" content=\"summary_large_image\" \/>\n<meta name=\"twitter:label1\" content=\"Dur\u00e9e de lecture estim\u00e9e\" \/>\n\t<meta name=\"twitter:data1\" content=\"3 minutes\" \/>\n<script type=\"application\/ld+json\" class=\"yoast-schema-graph\">{\"@context\":\"https:\/\/schema.org\",\"@graph\":[{\"@type\":\"WebSite\",\"@id\":\"https:\/\/relaxsrl.com\/#website\",\"url\":\"https:\/\/relaxsrl.com\/\",\"name\":\"Relax srl\",\"description\":\"\",\"potentialAction\":[{\"@type\":\"SearchAction\",\"target\":{\"@type\":\"EntryPoint\",\"urlTemplate\":\"https:\/\/relaxsrl.com\/?s={search_term_string}\"},\"query-input\":\"required name=search_term_string\"}],\"inLanguage\":\"fr-FR\"},{\"@type\":\"ImageObject\",\"inLanguage\":\"fr-FR\",\"@id\":\"https:\/\/relaxsrl.com\/fr\/espace-architectes\/espaces-bain\/la-cabine-de-douche-a-la-montagne\/#primaryimage\",\"url\":\"https:\/\/relaxsrl.com\/website\/wp-content\/uploads\/2021\/10\/MONTAGNA.jpg\",\"contentUrl\":\"https:\/\/relaxsrl.com\/website\/wp-content\/uploads\/2021\/10\/MONTAGNA.jpg\",\"width\":961,\"height\":660,\"caption\":\"Ambiente bagno sottotetto in montagna\"},{\"@type\":\"WebPage\",\"@id\":\"https:\/\/relaxsrl.com\/fr\/espace-architectes\/espaces-bain\/la-cabine-de-douche-a-la-montagne\/#webpage\",\"url\":\"https:\/\/relaxsrl.com\/fr\/espace-architectes\/espaces-bain\/la-cabine-de-douche-a-la-montagne\/\",\"name\":\"La cabine de douche italienne \u00e0 la montagne - Relax srl\",\"isPartOf\":{\"@id\":\"https:\/\/relaxsrl.com\/#website\"},\"primaryImageOfPage\":{\"@id\":\"https:\/\/relaxsrl.com\/fr\/espace-architectes\/espaces-bain\/la-cabine-de-douche-a-la-montagne\/#primaryimage\"},\"datePublished\":\"2021-11-16T14:48:40+00:00\",\"dateModified\":\"2023-09-12T13:29:12+00:00\",\"description\":\"Relax vous propose une s\u00e9lection de cabine de douche \u00e0 la montagne pour prendre votre temps ou dormir. En savoir plus.\",\"breadcrumb\":{\"@id\":\"https:\/\/relaxsrl.com\/fr\/espace-architectes\/espaces-bain\/la-cabine-de-douche-a-la-montagne\/#breadcrumb\"},\"inLanguage\":\"fr-FR\",\"potentialAction\":[{\"@type\":\"ReadAction\",\"target\":[\"https:\/\/relaxsrl.com\/fr\/espace-architectes\/espaces-bain\/la-cabine-de-douche-a-la-montagne\/\"]}]},{\"@type\":\"BreadcrumbList\",\"@id\":\"https:\/\/relaxsrl.com\/fr\/espace-architectes\/espaces-bain\/la-cabine-de-douche-a-la-montagne\/#breadcrumb\",\"itemListElement\":[{\"@type\":\"ListItem\",\"position\":1,\"name\":\"Espace Architectes\",\"item\":\"https:\/\/relaxsrl.com\/fr\/espace-architectes\/\"},{\"@type\":\"ListItem\",\"position\":2,\"name\":\"Cabine de douche pour diff\u00e9rents espaces de salle de bain\",\"item\":\"https:\/\/relaxsrl.com\/fr\/espace-architectes\/espaces-bain\/\"},{\"@type\":\"ListItem\",\"position\":3,\"name\":\"La salle de bain \u00e0 la montagne\"}]}]}<\/script>\n<!-- \/ Yoast SEO Premium plugin. -->","yoast_head_json":{"title":"La cabine de douche italienne \u00e0 la montagne - Relax srl","description":"Relax vous propose une s\u00e9lection de cabine de douche \u00e0 la montagne pour prendre votre temps ou dormir. En savoir plus.","robots":{"index":"index","follow":"follow","max-snippet":"max-snippet:-1","max-image-preview":"max-image-preview:large","max-video-preview":"max-video-preview:-1"},"canonical":"https:\/\/relaxsrl.com\/fr\/espace-architectes\/espaces-bain\/la-cabine-de-douche-a-la-montagne\/","og_locale":"fr_FR","og_type":"article","og_title":"La cabine de douche italienne \u00e0 la montagne - Relax srl","og_description":"Relax vous propose une s\u00e9lection de cabine de douche \u00e0 la montagne pour prendre votre temps ou dormir. En savoir plus.","og_url":"https:\/\/relaxsrl.com\/fr\/espace-architectes\/espaces-bain\/la-cabine-de-douche-a-la-montagne\/","og_site_name":"Relax srl","article_modified_time":"2023-09-12T13:29:12+00:00","og_image":[{"width":961,"height":660,"url":"https:\/\/relaxsrl.com\/website\/wp-content\/uploads\/2021\/10\/MONTAGNA.jpg","type":"image\/jpeg"}],"twitter_card":"summary_large_image","twitter_misc":{"Dur\u00e9e de lecture estim\u00e9e":"3 minutes"},"schema":{"@context":"https:\/\/schema.org","@graph":[{"@type":"WebSite","@id":"https:\/\/relaxsrl.com\/#website","url":"https:\/\/relaxsrl.com\/","name":"Relax srl","description":"","potentialAction":[{"@type":"SearchAction","target":{"@type":"EntryPoint","urlTemplate":"https:\/\/relaxsrl.com\/?s={search_term_string}"},"query-input":"required name=search_term_string"}],"inLanguage":"fr-FR"},{"@type":"ImageObject","inLanguage":"fr-FR","@id":"https:\/\/relaxsrl.com\/fr\/espace-architectes\/espaces-bain\/la-cabine-de-douche-a-la-montagne\/#primaryimage","url":"https:\/\/relaxsrl.com\/website\/wp-content\/uploads\/2021\/10\/MONTAGNA.jpg","contentUrl":"https:\/\/relaxsrl.com\/website\/wp-content\/uploads\/2021\/10\/MONTAGNA.jpg","width":961,"height":660,"caption":"Ambiente bagno sottotetto in montagna"},{"@type":"WebPage","@id":"https:\/\/relaxsrl.com\/fr\/espace-architectes\/espaces-bain\/la-cabine-de-douche-a-la-montagne\/#webpage","url":"https:\/\/relaxsrl.com\/fr\/espace-architectes\/espaces-bain\/la-cabine-de-douche-a-la-montagne\/","name":"La cabine de douche italienne \u00e0 la montagne - Relax srl","isPartOf":{"@id":"https:\/\/relaxsrl.com\/#website"},"primaryImageOfPage":{"@id":"https:\/\/relaxsrl.com\/fr\/espace-architectes\/espaces-bain\/la-cabine-de-douche-a-la-montagne\/#primaryimage"},"datePublished":"2021-11-16T14:48:40+00:00","dateModified":"2023-09-12T13:29:12+00:00","description":"Relax vous propose une s\u00e9lection de cabine de douche \u00e0 la montagne pour prendre votre temps ou dormir. En savoir plus.","breadcrumb":{"@id":"https:\/\/relaxsrl.com\/fr\/espace-architectes\/espaces-bain\/la-cabine-de-douche-a-la-montagne\/#breadcrumb"},"inLanguage":"fr-FR","potentialAction":[{"@type":"ReadAction","target":["https:\/\/relaxsrl.com\/fr\/espace-architectes\/espaces-bain\/la-cabine-de-douche-a-la-montagne\/"]}]},{"@type":"BreadcrumbList","@id":"https:\/\/relaxsrl.com\/fr\/espace-architectes\/espaces-bain\/la-cabine-de-douche-a-la-montagne\/#breadcrumb","itemListElement":[{"@type":"ListItem","position":1,"name":"Espace Architectes","item":"https:\/\/relaxsrl.com\/fr\/espace-architectes\/"},{"@type":"ListItem","position":2,"name":"Cabine de douche pour diff\u00e9rents espaces de salle de bain","item":"https:\/\/relaxsrl.com\/fr\/espace-architectes\/espaces-bain\/"},{"@type":"ListItem","position":3,"name":"La salle de bain \u00e0 la montagne"}]}]}},"_links":{"self":[{"href":"https:\/\/relaxsrl.com\/fr\/wp-json\/wp\/v2\/pages\/11207"}],"collection":[{"href":"https:\/\/relaxsrl.com\/fr\/wp-json\/wp\/v2\/pages"}],"about":[{"href":"https:\/\/relaxsrl.com\/fr\/wp-json\/wp\/v2\/types\/page"}],"author":[{"embeddable":true,"href":"https:\/\/relaxsrl.com\/fr\/wp-json\/wp\/v2\/users\/3"}],"replies":[{"embeddable":true,"href":"https:\/\/relaxsrl.com\/fr\/wp-json\/wp\/v2\/comments?post=11207"}],"version-history":[{"count":7,"href":"https:\/\/relaxsrl.com\/fr\/wp-json\/wp\/v2\/pages\/11207\/revisions"}],"predecessor-version":[{"id":29163,"href":"https:\/\/relaxsrl.com\/fr\/wp-json\/wp\/v2\/pages\/11207\/revisions\/29163"}],"up":[{"embeddable":true,"href":"https:\/\/relaxsrl.com\/fr\/wp-json\/wp\/v2\/pages\/10984"}],"wp:featuredmedia":[{"embeddable":true,"href":"https:\/\/relaxsrl.com\/fr\/wp-json\/wp\/v2\/media\/6375"}],"wp:attachment":[{"href":"https:\/\/relaxsrl.com\/fr\/wp-json\/wp\/v2\/media?parent=11207"}],"curies":[{"name":"wp","href":"https:\/\/api.w.org\/{rel}","templated":true}]}}