{"id":11210,"date":"2021-11-16T16:15:03","date_gmt":"2021-11-16T15:15:03","guid":{"rendered":"http:\/\/relaxsrl.com\/espace-architectes-cabines-de-douche\/espaces-bain\/sur-mesure\/"},"modified":"2023-09-20T10:18:09","modified_gmt":"2023-09-20T08:18:09","slug":"cabine-de-douche-sur-mesure","status":"publish","type":"page","link":"https:\/\/relaxsrl.com\/fr\/espace-architectes\/espaces-bain\/cabine-de-douche-sur-mesure\/","title":{"rendered":"Cabine de douche sur mesure"},"content":{"rendered":"<p>[vc_row full_width=\u00a0\u00bbstretch_row\u00a0\u00bb content_placement=\u00a0\u00bbmiddle\u00a0\u00bb el_class=\u00a0\u00bbintro-row\u00a0\u00bb][vc_column width=\u00a0\u00bb5\/12&Prime;][vc_column_text]<\/p>\n<h1>Cabine de douche sur mesure<\/h1>\n<p>[\/vc_column_text][\/vc_column][vc_column width=\u00a0\u00bb7\/12&Prime;][vc_column_text el_class=\u00a0\u00bbabstract\u00a0\u00bb]Notre travail part de l\u2019analyse des demandes du client, afin de trouver la solution parfaite pour ses exigences. Toutes nos solutions de cabine de douche sur mesure sont \u00e9tudi\u00e9es et r\u00e9alis\u00e9e par notre bureau technique pour se positionner en parfaite harmonie dans la salle de bain qui les accueillera. Toutes les solutions sont certifi\u00e9es <a href=\"https:\/\/www.tuvsud.com\/fr-fr\">T\u00dcV S\u00dcD<\/a>.[\/vc_column_text][\/vc_column][\/vc_row][vc_row el_class=\u00a0\u00bbrow-path\u00a0\u00bb][vc_column][vc_column_text][\/vc_column_text][\/vc_column][\/vc_row][vc_row equal_height=\u00a0\u00bbyes\u00a0\u00bb content_placement=\u00a0\u00bbmiddle\u00a0\u00bb el_class=\u00a0\u00bbrow-prodotto-ambiente\u00a0\u00bb][vc_column width=\u00a0\u00bb5\/12&Prime;][vc_single_image image=\u00a0\u00bb15911&Prime; img_size=\u00a0\u00bbfull\u00a0\u00bb onclick=\u00a0\u00bbcustom_link\u00a0\u00bb link=\u00a0\u00bbhttp:%2F%2Frelaxsrl.com%2Fprodotto%2Fwall-pl%2F|\u00a0\u00bb][vc_column_text el_class=\u00a0\u00bbprodotto-ambiente-didascalia\u00a0\u00bb]<a href=\"http:\/\/relaxsrl.com\/fr\/?attachment_id=3224\">Aller \u00e0 WALL PL<\/a>[\/vc_column_text][\/vc_column][vc_column width=\u00a0\u00bb1\/12&Prime;][\/vc_column][vc_column width=\u00a0\u00bb5\/12&Prime;][vc_column_text el_class=\u00a0\u00bbprodotto-ambiente-text prodotto-ambiente-text-ml30&Prime;]<\/p>\n<h2>Cabine de douche sur mesure avec toit en pente<\/h2>\n<p>Une de nos solutions sur mesure les plus courantes est celle r\u00e9alis\u00e9 pour la salle de bain qui sur les c\u00f4t\u00e9s pr\u00e9sente un toit en pente. Le choix, le plus souvent, tombe sur un verre model\u00e9 qui, \u00e9l\u00e9gamment, sait tracer des formes \u00e0 la coupe toujours diff\u00e9rente.[\/vc_column_text][\/vc_column][\/vc_row][vc_row equal_height=\u00a0\u00bbyes\u00a0\u00bb content_placement=\u00a0\u00bbmiddle\u00a0\u00bb el_class=\u00a0\u00bbrow-prodotto-ambiente\u00a0\u00bb][vc_column width=\u00a0\u00bb4\/12&Prime;][vc_column_text el_class=\u00a0\u00bbprodotto-ambiente-text\u00a0\u00bb]<\/p>\n<h2>Optimisez l&rsquo;espace<\/h2>\n<p>Pour nous la possibilit\u00e9 de cr\u00e9e un produit sur mesure s\u2019\u00e9tend \u00e9galement aux receveurs de douche, partie fondamentale du mobilier de la salle de bain mais souvent sous-estim\u00e9e. Des conformations architecturales particuli\u00e8res n\u00e9cessitent des solutions personnalis\u00e9es, capables d\u2019exploiter pleinement l\u2019espace disponible. Un exemple? Notre <a href=\"https:\/\/relaxsrl.com\/fr\/produit\/receveur-slim-angulaire\/\">Slim<\/a>, \u00e9galement sur mesure.[\/vc_column_text][\/vc_column][vc_column width=\u00a0\u00bb1\/12&Prime;][\/vc_column][vc_column width=\u00a0\u00bb7\/12&Prime;][vc_single_image image=\u00a0\u00bb6503&Prime; img_size=\u00a0\u00bbfull\u00a0\u00bb onclick=\u00a0\u00bbcustom_link\u00a0\u00bb link=\u00a0\u00bbhttps:\/\/relaxsrl.com\/fr\/produit\/receveur-slim-angulaire\/\u00a0\u00bb][vc_column_text el_class=\u00a0\u00bbprodotto-ambiente-didascalia\u00a0\u00bb]<a href=\"https:\/\/relaxsrl.com\/fr\/produit\/receveur-slim-angulaire\/\">Aller \u00e0 SLIM<\/a>[\/vc_column_text][\/vc_column][\/vc_row][vc_row equal_height=\u00a0\u00bbyes\u00a0\u00bb content_placement=\u00a0\u00bbmiddle\u00a0\u00bb el_class=\u00a0\u00bbrow-prodotto-ambiente\u00a0\u00bb][vc_column width=\u00a0\u00bb7\/12&Prime;][vc_single_image image=\u00a0\u00bb9128&Prime; img_size=\u00a0\u00bbfull\u00a0\u00bb onclick=\u00a0\u00bbcustom_link\u00a0\u00bb link=\u00a0\u00bbhttp:%2F%2Frelaxsrl.com%2Fprodotto%2Funico-a-unico-a%2F|\u00a0\u00bb][vc_column_text el_class=\u00a0\u00bbprodotto-ambiente-didascalia\u00a0\u00bb]<a href=\"http:\/\/relaxsrl.com\/fr\/prodotto\/light-ab-light-ab\/\">Aller \u00e0 UNICO A+A<\/a>[\/vc_column_text][\/vc_column][vc_column width=\u00a0\u00bb4\/12&Prime;][vc_column_text el_class=\u00a0\u00bbprodotto-ambiente-text prodotto-ambiente-text-ml30&Prime;]<\/p>\n<h2>Mur au centre de la chambre: la cabine de douche s&rsquo;adapte.<\/h2>\n<p>Parmis les nombreuses possibilit\u00e9s architecturales, la pr\u00e9sence d\u2019un mur au milieu de la chambre n\u2019est pas inhabituelle. Il arrive donc que les espaces doivent \u00eatre redessin\u00e9s et pens\u00e9s pour faire place \u00e0 tous ces \u00e9l\u00e9ments de mobilier, parfois encombrants, qui sont jug\u00e9s n\u00e9cessaires. La solution parfaite est celle d\u2019un cristal qui s\u2019adapte parfaitement \u00e0 l\u2019espace environnant, devenant compl\u00e9mentaire.[\/vc_column_text][\/vc_column][\/vc_row][vc_row equal_height=\u00a0\u00bbyes\u00a0\u00bb content_placement=\u00a0\u00bbmiddle\u00a0\u00bb el_class=\u00a0\u00bbrow-prodotto-ambiente\u00a0\u00bb][vc_column width=\u00a0\u00bb1\/12&Prime;][\/vc_column][vc_column width=\u00a0\u00bb4\/12&Prime;][vc_column_text el_class=\u00a0\u00bbprodotto-ambiente-text\u00a0\u00bb]<\/p>\n<h2>Cabine de douche \u00e9quip\u00e9e d&rsquo;un si\u00e8ge ou d&rsquo;\u00e9tag\u00e8res ? Vous avez besoin d&rsquo;un cristal appropri\u00e9<\/h2>\n<p>La cabine de douche est un \u00e9l\u00e9ment qui peut avoir des besoins diff\u00e9rents dans la vie quotidienne de chacun. C&rsquo;est l&rsquo;un des cas dans lesquels il est n\u00e9cessaire de disposer d&rsquo;un si\u00e8ge confortable sur lequel s&rsquo;appuyer ou ranger nos objets de salle de bain. La n\u00e9cessit\u00e9, dans cette situation, de disposer d&rsquo;un verre capable de modeler parfaitement les parties immobiles de la salle de bain est \u00e9vidente.[\/vc_column_text][\/vc_column][vc_column width=\u00a0\u00bb1\/12&Prime;][\/vc_column][vc_column width=\u00a0\u00bb5\/12&Prime;][vc_single_image image=\u00a0\u00bb6567&Prime; img_size=\u00a0\u00bbfull\u00a0\u00bb onclick=\u00a0\u00bbcustom_link\u00a0\u00bb link=\u00a0\u00bbhttp:%2F%2Frelaxsrl.com%2Fprodotto%2Faxia-sc1%2F|\u00a0\u00bb][vc_column_text el_class=\u00a0\u00bbprodotto-ambiente-didascalia\u00a0\u00bb]<a href=\"http:\/\/relaxsrl.com\/fr\/?attachment_id=4608\">Aller \u00e0 AXIA SC1<\/a>[\/vc_column_text][\/vc_column][\/vc_row][vc_row equal_height=\u00a0\u00bbyes\u00a0\u00bb content_placement=\u00a0\u00bbmiddle\u00a0\u00bb el_class=\u00a0\u00bbrow-prodotto-ambiente\u00a0\u00bb][vc_column width=\u00a0\u00bb5\/12&Prime;][vc_single_image image=\u00a0\u00bb6572&Prime; img_size=\u00a0\u00bbfull\u00a0\u00bb onclick=\u00a0\u00bbcustom_link\u00a0\u00bb link=\u00a0\u00bbhttp:%2F%2Frelaxsrl.com%2Fprodotto%2Fpetrarca-af-petrarca-f%2F|\u00a0\u00bb][vc_column_text el_class=\u00a0\u00bbprodotto-ambiente-didascalia\u00a0\u00bb]<a href=\"http:\/\/relaxsrl.com\/prodotto\/petrarca-af-petrarca-f\/\">Aller \u00e0 PETRARCA AF+F<\/a>[\/vc_column_text][\/vc_column][vc_column width=\u00a0\u00bb1\/12&Prime;][\/vc_column][vc_column width=\u00a0\u00bb5\/12&Prime;][vc_column_text el_class=\u00a0\u00bbprodotto-ambiente-text\u00a0\u00bb]<\/p>\n<h2>Verre fa\u00e7onn\u00e9 et jeu de lumi\u00e8re<\/h2>\n<p>La transparence du verre model\u00e9, \u00e9clair\u00e9e par la lueur du soleil, sais exalter les formes inhabituelles d\u2019un toit en pente avec des jeux de lumi\u00e8res et ombres enviables.[\/vc_column_text][\/vc_column][\/vc_row]<\/p>\n","protected":false},"excerpt":{"rendered":"<p>[vc_row full_width=\u00a0\u00bbstretch_row\u00a0\u00bb content_placement=\u00a0\u00bbmiddle\u00a0\u00bb el_class=\u00a0\u00bbintro-row\u00a0\u00bb][vc_column width=\u00a0\u00bb5\/12&Prime;][vc_column_text] Cabine de douche sur mesure [\/vc_column_text][\/vc_column][vc_column width=\u00a0\u00bb7\/12&Prime;][vc_column_text el_class=\u00a0\u00bbabstract\u00a0\u00bb]Notre travail part de l\u2019analyse des demandes du client, afin de trouver la solution parfaite pour ses exigences. Toutes nos solutions de cabine de douche sur mesure sont \u00e9tudi\u00e9es et r\u00e9alis\u00e9e par notre bureau technique pour se positionner en parfaite harmonie dans la [&hellip;]<\/p>\n","protected":false},"author":3,"featured_media":15911,"parent":10984,"menu_order":0,"comment_status":"closed","ping_status":"closed","template":"","meta":[],"acf":[],"yoast_head":"<!-- This site is optimized with the Yoast SEO Premium plugin v18.4 (Yoast SEO v18.8) - https:\/\/yoast.com\/wordpress\/plugins\/seo\/ -->\n<title>Cabine de douche sur mesure fait en Italie - Relax srl<\/title>\n<meta name=\"description\" content=\"D\u00e9couvrez la cabine de douche sur mesure pour votre salle de bain. Relax r\u00e9sout les situations les plus complexes.\" \/>\n<meta name=\"robots\" content=\"index, follow, max-snippet:-1, max-image-preview:large, max-video-preview:-1\" \/>\n<link rel=\"canonical\" href=\"https:\/\/relaxsrl.com\/fr\/espace-architectes\/espaces-bain\/cabine-de-douche-sur-mesure\/\" \/>\n<meta property=\"og:locale\" content=\"fr_FR\" \/>\n<meta property=\"og:type\" content=\"article\" \/>\n<meta property=\"og:title\" content=\"Cabine de douche sur mesure fait en Italie - Relax srl\" \/>\n<meta property=\"og:description\" content=\"D\u00e9couvrez la cabine de douche sur mesure pour votre salle de bain. Relax r\u00e9sout les situations les plus complexes.\" \/>\n<meta property=\"og:url\" content=\"https:\/\/relaxsrl.com\/fr\/espace-architectes\/espaces-bain\/cabine-de-douche-sur-mesure\/\" \/>\n<meta property=\"og:site_name\" content=\"Relax srl\" \/>\n<meta property=\"article:modified_time\" content=\"2023-09-20T08:18:09+00:00\" \/>\n<meta property=\"og:image\" content=\"https:\/\/relaxsrl.com\/website\/wp-content\/uploads\/2022\/01\/Wall-PL-su-misura.jpg\" \/>\n\t<meta property=\"og:image:width\" content=\"520\" \/>\n\t<meta property=\"og:image:height\" content=\"720\" \/>\n\t<meta property=\"og:image:type\" content=\"image\/jpeg\" \/>\n<meta name=\"twitter:card\" content=\"summary_large_image\" \/>\n<meta name=\"twitter:label1\" content=\"Dur\u00e9e de lecture estim\u00e9e\" \/>\n\t<meta name=\"twitter:data1\" content=\"3 minutes\" \/>\n<script type=\"application\/ld+json\" class=\"yoast-schema-graph\">{\"@context\":\"https:\/\/schema.org\",\"@graph\":[{\"@type\":\"WebSite\",\"@id\":\"https:\/\/relaxsrl.com\/#website\",\"url\":\"https:\/\/relaxsrl.com\/\",\"name\":\"Relax srl\",\"description\":\"\",\"potentialAction\":[{\"@type\":\"SearchAction\",\"target\":{\"@type\":\"EntryPoint\",\"urlTemplate\":\"https:\/\/relaxsrl.com\/?s={search_term_string}\"},\"query-input\":\"required name=search_term_string\"}],\"inLanguage\":\"fr-FR\"},{\"@type\":\"ImageObject\",\"inLanguage\":\"fr-FR\",\"@id\":\"https:\/\/relaxsrl.com\/fr\/espace-architectes\/espaces-bain\/cabine-de-douche-sur-mesure\/#primaryimage\",\"url\":\"https:\/\/relaxsrl.com\/website\/wp-content\/uploads\/2022\/01\/Wall-PL-su-misura.jpg\",\"contentUrl\":\"https:\/\/relaxsrl.com\/website\/wp-content\/uploads\/2022\/01\/Wall-PL-su-misura.jpg\",\"width\":520,\"height\":720,\"caption\":\"Wall PL box doccia in nicchia su misura con vetro sagomato sottotetto\"},{\"@type\":\"WebPage\",\"@id\":\"https:\/\/relaxsrl.com\/fr\/espace-architectes\/espaces-bain\/cabine-de-douche-sur-mesure\/#webpage\",\"url\":\"https:\/\/relaxsrl.com\/fr\/espace-architectes\/espaces-bain\/cabine-de-douche-sur-mesure\/\",\"name\":\"Cabine de douche sur mesure fait en Italie - Relax srl\",\"isPartOf\":{\"@id\":\"https:\/\/relaxsrl.com\/#website\"},\"primaryImageOfPage\":{\"@id\":\"https:\/\/relaxsrl.com\/fr\/espace-architectes\/espaces-bain\/cabine-de-douche-sur-mesure\/#primaryimage\"},\"datePublished\":\"2021-11-16T15:15:03+00:00\",\"dateModified\":\"2023-09-20T08:18:09+00:00\",\"description\":\"D\u00e9couvrez la cabine de douche sur mesure pour votre salle de bain. Relax r\u00e9sout les situations les plus complexes.\",\"breadcrumb\":{\"@id\":\"https:\/\/relaxsrl.com\/fr\/espace-architectes\/espaces-bain\/cabine-de-douche-sur-mesure\/#breadcrumb\"},\"inLanguage\":\"fr-FR\",\"potentialAction\":[{\"@type\":\"ReadAction\",\"target\":[\"https:\/\/relaxsrl.com\/fr\/espace-architectes\/espaces-bain\/cabine-de-douche-sur-mesure\/\"]}]},{\"@type\":\"BreadcrumbList\",\"@id\":\"https:\/\/relaxsrl.com\/fr\/espace-architectes\/espaces-bain\/cabine-de-douche-sur-mesure\/#breadcrumb\",\"itemListElement\":[{\"@type\":\"ListItem\",\"position\":1,\"name\":\"Espace Architectes\",\"item\":\"https:\/\/relaxsrl.com\/fr\/espace-architectes\/\"},{\"@type\":\"ListItem\",\"position\":2,\"name\":\"Cabine de douche pour diff\u00e9rents espaces de salle de bain\",\"item\":\"https:\/\/relaxsrl.com\/fr\/espace-architectes\/espaces-bain\/\"},{\"@type\":\"ListItem\",\"position\":3,\"name\":\"Cabine de douche sur mesure\"}]}]}<\/script>\n<!-- \/ Yoast SEO Premium plugin. -->","yoast_head_json":{"title":"Cabine de douche sur mesure fait en Italie - Relax srl","description":"D\u00e9couvrez la cabine de douche sur mesure pour votre salle de bain. Relax r\u00e9sout les situations les plus complexes.","robots":{"index":"index","follow":"follow","max-snippet":"max-snippet:-1","max-image-preview":"max-image-preview:large","max-video-preview":"max-video-preview:-1"},"canonical":"https:\/\/relaxsrl.com\/fr\/espace-architectes\/espaces-bain\/cabine-de-douche-sur-mesure\/","og_locale":"fr_FR","og_type":"article","og_title":"Cabine de douche sur mesure fait en Italie - Relax srl","og_description":"D\u00e9couvrez la cabine de douche sur mesure pour votre salle de bain. Relax r\u00e9sout les situations les plus complexes.","og_url":"https:\/\/relaxsrl.com\/fr\/espace-architectes\/espaces-bain\/cabine-de-douche-sur-mesure\/","og_site_name":"Relax srl","article_modified_time":"2023-09-20T08:18:09+00:00","og_image":[{"width":520,"height":720,"url":"https:\/\/relaxsrl.com\/website\/wp-content\/uploads\/2022\/01\/Wall-PL-su-misura.jpg","type":"image\/jpeg"}],"twitter_card":"summary_large_image","twitter_misc":{"Dur\u00e9e de lecture estim\u00e9e":"3 minutes"},"schema":{"@context":"https:\/\/schema.org","@graph":[{"@type":"WebSite","@id":"https:\/\/relaxsrl.com\/#website","url":"https:\/\/relaxsrl.com\/","name":"Relax srl","description":"","potentialAction":[{"@type":"SearchAction","target":{"@type":"EntryPoint","urlTemplate":"https:\/\/relaxsrl.com\/?s={search_term_string}"},"query-input":"required name=search_term_string"}],"inLanguage":"fr-FR"},{"@type":"ImageObject","inLanguage":"fr-FR","@id":"https:\/\/relaxsrl.com\/fr\/espace-architectes\/espaces-bain\/cabine-de-douche-sur-mesure\/#primaryimage","url":"https:\/\/relaxsrl.com\/website\/wp-content\/uploads\/2022\/01\/Wall-PL-su-misura.jpg","contentUrl":"https:\/\/relaxsrl.com\/website\/wp-content\/uploads\/2022\/01\/Wall-PL-su-misura.jpg","width":520,"height":720,"caption":"Wall PL box doccia in nicchia su misura con vetro sagomato sottotetto"},{"@type":"WebPage","@id":"https:\/\/relaxsrl.com\/fr\/espace-architectes\/espaces-bain\/cabine-de-douche-sur-mesure\/#webpage","url":"https:\/\/relaxsrl.com\/fr\/espace-architectes\/espaces-bain\/cabine-de-douche-sur-mesure\/","name":"Cabine de douche sur mesure fait en Italie - Relax srl","isPartOf":{"@id":"https:\/\/relaxsrl.com\/#website"},"primaryImageOfPage":{"@id":"https:\/\/relaxsrl.com\/fr\/espace-architectes\/espaces-bain\/cabine-de-douche-sur-mesure\/#primaryimage"},"datePublished":"2021-11-16T15:15:03+00:00","dateModified":"2023-09-20T08:18:09+00:00","description":"D\u00e9couvrez la cabine de douche sur mesure pour votre salle de bain. Relax r\u00e9sout les situations les plus complexes.","breadcrumb":{"@id":"https:\/\/relaxsrl.com\/fr\/espace-architectes\/espaces-bain\/cabine-de-douche-sur-mesure\/#breadcrumb"},"inLanguage":"fr-FR","potentialAction":[{"@type":"ReadAction","target":["https:\/\/relaxsrl.com\/fr\/espace-architectes\/espaces-bain\/cabine-de-douche-sur-mesure\/"]}]},{"@type":"BreadcrumbList","@id":"https:\/\/relaxsrl.com\/fr\/espace-architectes\/espaces-bain\/cabine-de-douche-sur-mesure\/#breadcrumb","itemListElement":[{"@type":"ListItem","position":1,"name":"Espace Architectes","item":"https:\/\/relaxsrl.com\/fr\/espace-architectes\/"},{"@type":"ListItem","position":2,"name":"Cabine de douche pour diff\u00e9rents espaces de salle de bain","item":"https:\/\/relaxsrl.com\/fr\/espace-architectes\/espaces-bain\/"},{"@type":"ListItem","position":3,"name":"Cabine de douche sur mesure"}]}]}},"_links":{"self":[{"href":"https:\/\/relaxsrl.com\/fr\/wp-json\/wp\/v2\/pages\/11210"}],"collection":[{"href":"https:\/\/relaxsrl.com\/fr\/wp-json\/wp\/v2\/pages"}],"about":[{"href":"https:\/\/relaxsrl.com\/fr\/wp-json\/wp\/v2\/types\/page"}],"author":[{"embeddable":true,"href":"https:\/\/relaxsrl.com\/fr\/wp-json\/wp\/v2\/users\/3"}],"replies":[{"embeddable":true,"href":"https:\/\/relaxsrl.com\/fr\/wp-json\/wp\/v2\/comments?post=11210"}],"version-history":[{"count":13,"href":"https:\/\/relaxsrl.com\/fr\/wp-json\/wp\/v2\/pages\/11210\/revisions"}],"predecessor-version":[{"id":29184,"href":"https:\/\/relaxsrl.com\/fr\/wp-json\/wp\/v2\/pages\/11210\/revisions\/29184"}],"up":[{"embeddable":true,"href":"https:\/\/relaxsrl.com\/fr\/wp-json\/wp\/v2\/pages\/10984"}],"wp:featuredmedia":[{"embeddable":true,"href":"https:\/\/relaxsrl.com\/fr\/wp-json\/wp\/v2\/media\/15911"}],"wp:attachment":[{"href":"https:\/\/relaxsrl.com\/fr\/wp-json\/wp\/v2\/media?parent=11210"}],"curies":[{"name":"wp","href":"https:\/\/api.w.org\/{rel}","templated":true}]}}