{"id":11295,"date":"2021-11-17T16:38:04","date_gmt":"2021-11-17T15:38:04","guid":{"rendered":"http:\/\/relaxsrl.com\/espace-revendeur\/catalogues\/"},"modified":"2024-01-31T18:10:31","modified_gmt":"2024-01-31T17:10:31","slug":"catalogue","status":"publish","type":"page","link":"https:\/\/relaxsrl.com\/fr\/catalogue\/","title":{"rendered":"Catalogues"},"content":{"rendered":"<p>[vc_row full_width=\u00a0\u00bbstretch_row\u00a0\u00bb content_placement=\u00a0\u00bbmiddle\u00a0\u00bb el_class=\u00a0\u00bbintro-row\u00a0\u00bb][vc_column width=\u00a0\u00bb5\/12&Prime;][vc_column_text]<\/p>\n<h1>Catalogues<\/h1>\n<p>[\/vc_column_text][\/vc_column][vc_column width=\u00a0\u00bb7\/12&Prime;][\/vc_column][\/vc_row][vc_row el_class=\u00a0\u00bbrow-path\u00a0\u00bb][vc_column][vc_column_text][\/vc_column_text][\/vc_column][\/vc_row][vc_row][vc_column width=\u00a0\u00bb1\/4&Prime; el_class=\u00a0\u00bbcatalogo-item\u00a0\u00bb][vc_single_image image=\u00a0\u00bb29904&Prime; img_size=\u00a0\u00bbfull\u00a0\u00bb onclick=\u00a0\u00bbcustom_link\u00a0\u00bb img_link_target=\u00a0\u00bb_blank\u00a0\u00bb link=\u00a0\u00bbhttps:\/\/relaxsrl.com\/docs\/cataloghi\/catalogo_relax_price.pdf\u00a0\u00bb][vc_column_text]<\/p>\n<h3 style=\"text-align: center;\"><a title=\"\" href=\"https:\/\/relaxsrl.com\/docs\/cataloghi\/catalogo_relax_price.pdf\" target=\"_blank\" rel=\"noopener\">Catalogue 2021 (+12%)<\/a><\/h3>\n<p>[\/vc_column_text][vc_btn title=\u00a0\u00bbT\u00c9L\u00c9CHARGER\u00a0\u00bb style=\u00a0\u00bbclassic\u00a0\u00bb shape=\u00a0\u00bbsquare\u00a0\u00bb color=\u00a0\u00bbwhite\u00a0\u00bb align=\u00a0\u00bbcenter\u00a0\u00bb link=\u00a0\u00bburl:http%3A%2F%2Frelaxsrl.com%2Fdocs%2Fcataloghi%2Fcatalogo_relax_price.pdf|target:_blank|\u00a0\u00bb el_class=\u00a0\u00bbbtn-default\u00a0\u00bb][\/vc_column][vc_column width=\u00a0\u00bb1\/4&Prime; el_class=\u00a0\u00bbcatalogo-item\u00a0\u00bb][vc_single_image image=\u00a0\u00bb29898&Prime; img_size=\u00a0\u00bbfull\u00a0\u00bb onclick=\u00a0\u00bbcustom_link\u00a0\u00bb img_link_target=\u00a0\u00bb_blank\u00a0\u00bb link=\u00a0\u00bbhttps:\/\/relaxsrl.com\/docs\/cataloghi\/News_2023.pdf\u00a0\u00bb][vc_column_text]<\/p>\n<h3 style=\"text-align: center;\"><a title=\"\" href=\"https:\/\/relaxsrl.com\/docs\/cataloghi\/News_2024.pdf\" target=\"_blank\" rel=\"noopener\">News 2024<\/a><\/h3>\n<p>[\/vc_column_text][vc_btn title=\u00a0\u00bbT\u00c9L\u00c9CHARGER\u00a0\u00bb style=\u00a0\u00bbclassic\u00a0\u00bb shape=\u00a0\u00bbsquare\u00a0\u00bb color=\u00a0\u00bbwhite\u00a0\u00bb align=\u00a0\u00bbcenter\u00a0\u00bb link=\u00a0\u00bburl:https%3A%2F%2Frelaxsrl.com%2Fdocs%2Fcataloghi%2FNews_2024.pdf|target:_blank\u00a0\u00bb el_class=\u00a0\u00bbbtn-default\u00a0\u00bb][\/vc_column][\/vc_row][vc_row][vc_column][vc_empty_space height=\u00a0\u00bb100px\u00a0\u00bb][\/vc_column][\/vc_row]<\/p>\n","protected":false},"excerpt":{"rendered":"<p>[vc_row full_width=\u00a0\u00bbstretch_row\u00a0\u00bb content_placement=\u00a0\u00bbmiddle\u00a0\u00bb el_class=\u00a0\u00bbintro-row\u00a0\u00bb][vc_column width=\u00a0\u00bb5\/12&Prime;][vc_column_text] Catalogues [\/vc_column_text][\/vc_column][vc_column width=\u00a0\u00bb7\/12&Prime;][\/vc_column][\/vc_row][vc_row el_class=\u00a0\u00bbrow-path\u00a0\u00bb][vc_column][vc_column_text][\/vc_column_text][\/vc_column][\/vc_row][vc_row][vc_column width=\u00a0\u00bb1\/4&Prime; el_class=\u00a0\u00bbcatalogo-item\u00a0\u00bb][vc_single_image image=\u00a0\u00bb29904&Prime; img_size=\u00a0\u00bbfull\u00a0\u00bb onclick=\u00a0\u00bbcustom_link\u00a0\u00bb img_link_target=\u00a0\u00bb_blank\u00a0\u00bb link=\u00a0\u00bbhttps:\/\/relaxsrl.com\/docs\/cataloghi\/catalogo_relax_price.pdf\u00a0\u00bb][vc_column_text] Catalogue 2021 (+12%) [\/vc_column_text][vc_btn title=\u00a0\u00bbT\u00c9L\u00c9CHARGER\u00a0\u00bb style=\u00a0\u00bbclassic\u00a0\u00bb shape=\u00a0\u00bbsquare\u00a0\u00bb color=\u00a0\u00bbwhite\u00a0\u00bb align=\u00a0\u00bbcenter\u00a0\u00bb link=\u00a0\u00bburl:http%3A%2F%2Frelaxsrl.com%2Fdocs%2Fcataloghi%2Fcatalogo_relax_price.pdf|target:_blank|\u00a0\u00bb el_class=\u00a0\u00bbbtn-default\u00a0\u00bb][\/vc_column][vc_column width=\u00a0\u00bb1\/4&Prime; el_class=\u00a0\u00bbcatalogo-item\u00a0\u00bb][vc_single_image image=\u00a0\u00bb29898&Prime; img_size=\u00a0\u00bbfull\u00a0\u00bb onclick=\u00a0\u00bbcustom_link\u00a0\u00bb img_link_target=\u00a0\u00bb_blank\u00a0\u00bb link=\u00a0\u00bbhttps:\/\/relaxsrl.com\/docs\/cataloghi\/News_2023.pdf\u00a0\u00bb][vc_column_text] News 2024 [\/vc_column_text][vc_btn title=\u00a0\u00bbT\u00c9L\u00c9CHARGER\u00a0\u00bb style=\u00a0\u00bbclassic\u00a0\u00bb shape=\u00a0\u00bbsquare\u00a0\u00bb color=\u00a0\u00bbwhite\u00a0\u00bb align=\u00a0\u00bbcenter\u00a0\u00bb link=\u00a0\u00bburl:https%3A%2F%2Frelaxsrl.com%2Fdocs%2Fcataloghi%2FNews_2024.pdf|target:_blank\u00a0\u00bb el_class=\u00a0\u00bbbtn-default\u00a0\u00bb][\/vc_column][\/vc_row][vc_row][vc_column][vc_empty_space height=\u00a0\u00bb100px\u00a0\u00bb][\/vc_column][\/vc_row]<\/p>\n","protected":false},"author":3,"featured_media":1538,"parent":0,"menu_order":0,"comment_status":"closed","ping_status":"closed","template":"","meta":[],"acf":[],"yoast_head":"<!-- This site is optimized with the Yoast SEO Premium plugin v18.4 (Yoast SEO v18.8) - https:\/\/yoast.com\/wordpress\/plugins\/seo\/ -->\n<title>Catalogues - Relax srl<\/title>\n<meta name=\"description\" content=\"T\u00e9l\u00e9chargez nos catalogues au format PDF. D\u00e9couvrez les derni\u00e8res actualit\u00e9s Relax directement sur votre appareil.\" \/>\n<meta name=\"robots\" content=\"index, follow, max-snippet:-1, max-image-preview:large, max-video-preview:-1\" \/>\n<link rel=\"canonical\" href=\"https:\/\/relaxsrl.com\/fr\/catalogue\/\" \/>\n<meta property=\"og:locale\" content=\"fr_FR\" \/>\n<meta property=\"og:type\" content=\"article\" \/>\n<meta property=\"og:title\" content=\"Catalogues - Relax srl\" \/>\n<meta property=\"og:description\" content=\"T\u00e9l\u00e9chargez nos catalogues au format PDF. D\u00e9couvrez les derni\u00e8res actualit\u00e9s Relax directement sur votre appareil.\" \/>\n<meta property=\"og:url\" content=\"https:\/\/relaxsrl.com\/fr\/catalogue\/\" \/>\n<meta property=\"og:site_name\" content=\"Relax srl\" \/>\n<meta property=\"article:modified_time\" content=\"2024-01-31T17:10:31+00:00\" \/>\n<meta property=\"og:image\" content=\"https:\/\/relaxsrl.com\/website\/wp-content\/uploads\/2021\/09\/capannone-1.jpg\" \/>\n\t<meta property=\"og:image:width\" content=\"812\" \/>\n\t<meta property=\"og:image:height\" content=\"562\" \/>\n\t<meta property=\"og:image:type\" content=\"image\/jpeg\" \/>\n<meta name=\"twitter:card\" content=\"summary_large_image\" \/>\n<meta name=\"twitter:label1\" content=\"Dur\u00e9e de lecture estim\u00e9e\" \/>\n\t<meta name=\"twitter:data1\" content=\"1 minute\" \/>\n<script type=\"application\/ld+json\" class=\"yoast-schema-graph\">{\"@context\":\"https:\/\/schema.org\",\"@graph\":[{\"@type\":\"WebSite\",\"@id\":\"https:\/\/relaxsrl.com\/#website\",\"url\":\"https:\/\/relaxsrl.com\/\",\"name\":\"Relax srl\",\"description\":\"\",\"potentialAction\":[{\"@type\":\"SearchAction\",\"target\":{\"@type\":\"EntryPoint\",\"urlTemplate\":\"https:\/\/relaxsrl.com\/?s={search_term_string}\"},\"query-input\":\"required name=search_term_string\"}],\"inLanguage\":\"fr-FR\"},{\"@type\":\"ImageObject\",\"inLanguage\":\"fr-FR\",\"@id\":\"https:\/\/relaxsrl.com\/fr\/catalogue\/#primaryimage\",\"url\":\"https:\/\/relaxsrl.com\/website\/wp-content\/uploads\/2021\/09\/capannone-1.jpg\",\"contentUrl\":\"https:\/\/relaxsrl.com\/website\/wp-content\/uploads\/2021\/09\/capannone-1.jpg\",\"width\":812,\"height\":562},{\"@type\":\"WebPage\",\"@id\":\"https:\/\/relaxsrl.com\/fr\/catalogue\/#webpage\",\"url\":\"https:\/\/relaxsrl.com\/fr\/catalogue\/\",\"name\":\"Catalogues - Relax srl\",\"isPartOf\":{\"@id\":\"https:\/\/relaxsrl.com\/#website\"},\"primaryImageOfPage\":{\"@id\":\"https:\/\/relaxsrl.com\/fr\/catalogue\/#primaryimage\"},\"datePublished\":\"2021-11-17T15:38:04+00:00\",\"dateModified\":\"2024-01-31T17:10:31+00:00\",\"description\":\"T\u00e9l\u00e9chargez nos catalogues au format PDF. D\u00e9couvrez les derni\u00e8res actualit\u00e9s Relax directement sur votre appareil.\",\"breadcrumb\":{\"@id\":\"https:\/\/relaxsrl.com\/fr\/catalogue\/#breadcrumb\"},\"inLanguage\":\"fr-FR\",\"potentialAction\":[{\"@type\":\"ReadAction\",\"target\":[\"https:\/\/relaxsrl.com\/fr\/catalogue\/\"]}]},{\"@type\":\"BreadcrumbList\",\"@id\":\"https:\/\/relaxsrl.com\/fr\/catalogue\/#breadcrumb\",\"itemListElement\":[{\"@type\":\"ListItem\",\"position\":1,\"name\":\"Catalogues\"}]}]}<\/script>\n<!-- \/ Yoast SEO Premium plugin. -->","yoast_head_json":{"title":"Catalogues - Relax srl","description":"T\u00e9l\u00e9chargez nos catalogues au format PDF. D\u00e9couvrez les derni\u00e8res actualit\u00e9s Relax directement sur votre appareil.","robots":{"index":"index","follow":"follow","max-snippet":"max-snippet:-1","max-image-preview":"max-image-preview:large","max-video-preview":"max-video-preview:-1"},"canonical":"https:\/\/relaxsrl.com\/fr\/catalogue\/","og_locale":"fr_FR","og_type":"article","og_title":"Catalogues - Relax srl","og_description":"T\u00e9l\u00e9chargez nos catalogues au format PDF. D\u00e9couvrez les derni\u00e8res actualit\u00e9s Relax directement sur votre appareil.","og_url":"https:\/\/relaxsrl.com\/fr\/catalogue\/","og_site_name":"Relax srl","article_modified_time":"2024-01-31T17:10:31+00:00","og_image":[{"width":812,"height":562,"url":"https:\/\/relaxsrl.com\/website\/wp-content\/uploads\/2021\/09\/capannone-1.jpg","type":"image\/jpeg"}],"twitter_card":"summary_large_image","twitter_misc":{"Dur\u00e9e de lecture estim\u00e9e":"1 minute"},"schema":{"@context":"https:\/\/schema.org","@graph":[{"@type":"WebSite","@id":"https:\/\/relaxsrl.com\/#website","url":"https:\/\/relaxsrl.com\/","name":"Relax srl","description":"","potentialAction":[{"@type":"SearchAction","target":{"@type":"EntryPoint","urlTemplate":"https:\/\/relaxsrl.com\/?s={search_term_string}"},"query-input":"required name=search_term_string"}],"inLanguage":"fr-FR"},{"@type":"ImageObject","inLanguage":"fr-FR","@id":"https:\/\/relaxsrl.com\/fr\/catalogue\/#primaryimage","url":"https:\/\/relaxsrl.com\/website\/wp-content\/uploads\/2021\/09\/capannone-1.jpg","contentUrl":"https:\/\/relaxsrl.com\/website\/wp-content\/uploads\/2021\/09\/capannone-1.jpg","width":812,"height":562},{"@type":"WebPage","@id":"https:\/\/relaxsrl.com\/fr\/catalogue\/#webpage","url":"https:\/\/relaxsrl.com\/fr\/catalogue\/","name":"Catalogues - Relax srl","isPartOf":{"@id":"https:\/\/relaxsrl.com\/#website"},"primaryImageOfPage":{"@id":"https:\/\/relaxsrl.com\/fr\/catalogue\/#primaryimage"},"datePublished":"2021-11-17T15:38:04+00:00","dateModified":"2024-01-31T17:10:31+00:00","description":"T\u00e9l\u00e9chargez nos catalogues au format PDF. D\u00e9couvrez les derni\u00e8res actualit\u00e9s Relax directement sur votre appareil.","breadcrumb":{"@id":"https:\/\/relaxsrl.com\/fr\/catalogue\/#breadcrumb"},"inLanguage":"fr-FR","potentialAction":[{"@type":"ReadAction","target":["https:\/\/relaxsrl.com\/fr\/catalogue\/"]}]},{"@type":"BreadcrumbList","@id":"https:\/\/relaxsrl.com\/fr\/catalogue\/#breadcrumb","itemListElement":[{"@type":"ListItem","position":1,"name":"Catalogues"}]}]}},"_links":{"self":[{"href":"https:\/\/relaxsrl.com\/fr\/wp-json\/wp\/v2\/pages\/11295"}],"collection":[{"href":"https:\/\/relaxsrl.com\/fr\/wp-json\/wp\/v2\/pages"}],"about":[{"href":"https:\/\/relaxsrl.com\/fr\/wp-json\/wp\/v2\/types\/page"}],"author":[{"embeddable":true,"href":"https:\/\/relaxsrl.com\/fr\/wp-json\/wp\/v2\/users\/3"}],"replies":[{"embeddable":true,"href":"https:\/\/relaxsrl.com\/fr\/wp-json\/wp\/v2\/comments?post=11295"}],"version-history":[{"count":28,"href":"https:\/\/relaxsrl.com\/fr\/wp-json\/wp\/v2\/pages\/11295\/revisions"}],"predecessor-version":[{"id":29914,"href":"https:\/\/relaxsrl.com\/fr\/wp-json\/wp\/v2\/pages\/11295\/revisions\/29914"}],"wp:featuredmedia":[{"embeddable":true,"href":"https:\/\/relaxsrl.com\/fr\/wp-json\/wp\/v2\/media\/1538"}],"wp:attachment":[{"href":"https:\/\/relaxsrl.com\/fr\/wp-json\/wp\/v2\/media?parent=11295"}],"curies":[{"name":"wp","href":"https:\/\/api.w.org\/{rel}","templated":true}]}}