{"id":11318,"date":"2021-11-17T17:28:32","date_gmt":"2021-11-17T16:28:32","guid":{"rendered":"http:\/\/relaxsrl.com\/assistance-technique\/"},"modified":"2025-12-12T08:30:16","modified_gmt":"2025-12-12T07:30:16","slug":"assistance-technique","status":"publish","type":"page","link":"https:\/\/relaxsrl.com\/fr\/assistance-technique\/","title":{"rendered":"Assistance technique"},"content":{"rendered":"<p>[vc_row full_width=\u00a0\u00bbstretch_row\u00a0\u00bb content_placement=\u00a0\u00bbmiddle\u00a0\u00bb el_class=\u00a0\u00bbintro-row\u00a0\u00bb][vc_column width=\u00a0\u00bb5\/12&Prime;][vc_column_text]<\/p>\n<h1> Aide<br \/>\ntechnique et mesures de soulagement<\/h1>\n<p>[\/vc_column_text][\/vc_column][vc_column width=\u00a0\u00bb7\/12&Prime;][vc_column_text el_class=\u00a0\u00bbabstract\u00a0\u00bb]Nous sommes \u00e0 votre disposition par email avec l&rsquo;un de nos experts. Nous vous proposons \u00e9galement les r\u00e9ponses aux questions qui nous sont le plus souvent pos\u00e9es.[\/vc_column_text][\/vc_column][\/vc_row][vc_row el_class=\u00a0\u00bbrow-path\u00a0\u00bb][vc_column][vc_column_text][\/vc_column_text][\/vc_column][\/vc_row][vc_row equal_height=\u00a0\u00bbyes\u00a0\u00bb content_placement=\u00a0\u00bbmiddle\u00a0\u00bb el_class=\u00a0\u00bbrow-ambiente\u00a0\u00bb][vc_column width=\u00a0\u00bb7\/12&Prime;][vc_single_image image=\u00a0\u00bb3552&Prime; img_size=\u00a0\u00bbfull\u00a0\u00bb onclick=\u00a0\u00bbcustom_link\u00a0\u00bb link=\u00a0\u00bbhttp:%2F%2Frelaxsrl.com%2Fassistenza-tecnica%2Ffaq%2F|\u00a0\u00bb][\/vc_column][vc_column width=\u00a0\u00bb5\/12&Prime; css=\u00a0\u00bb.vc_custom_1633415004219{background-image: url(http:\/\/relaxsrl.com\/wp-content\/uploads\/2021\/10\/FAQ-opaco.jpg?id=3546) !important;background-position: center !important;background-repeat: no-repeat !important;background-size: cover !important;}\u00a0\u00bb el_class=\u00a0\u00bbcol-text\u00a0\u00bb][vc_column_text]<\/p>\n<h3 style=\"text-align: center;\">Avez-vous consult\u00e9 les questions fr\u00e9quemment pos\u00e9es ?<\/h3>\n<p style=\"text-align: center;\">Peut-\u00eatre que quelqu&rsquo;un a d\u00e9j\u00e0 eu le m\u00eame probl\u00e8me que vous et nous l&rsquo;avons r\u00e9solu. D\u00e9couvrez comment avec nos r\u00e9ponses.<\/p>\n<p>[\/vc_column_text][vc_btn title=\u00a0\u00bbALLER \u00c0 FAQ\u00a0\u00bb style=\u00a0\u00bbclassic\u00a0\u00bb shape=\u00a0\u00bbsquare\u00a0\u00bb color=\u00a0\u00bbwhite\u00a0\u00bb align=\u00a0\u00bbcenter\u00a0\u00bb link=\u00a0\u00bburl:https%3A%2F%2Frelaxsrl.com%2Ffr%2Fassistance-technique%2Ffaq%2F|title:Faq|\u00a0\u00bb el_class=\u00a0\u00bbbtn-default-white\u00a0\u00bb][\/vc_column][\/vc_row][vc_row equal_height=\u00a0\u00bbyes\u00a0\u00bb content_placement=\u00a0\u00bbmiddle\u00a0\u00bb el_class=\u00a0\u00bbrow-ambiente\u00a0\u00bb][vc_column width=\u00a0\u00bb5\/12&Prime; css=\u00a0\u00bb.vc_custom_1643635051038{background-image: url(http:\/\/relaxsrl.com\/wp-content\/uploads\/2022\/01\/centri-assistenza-blur-1.jpg?id=16371) !important;background-position: center !important;background-repeat: no-repeat !important;background-size: cover !important;}\u00a0\u00bb el_class=\u00a0\u00bbcol-text\u00a0\u00bb][vc_column_text]<\/p>\n<h3 style = \"text-align: center;\"> \u00c9crivez-nous un e-mail<\/h3>\n<p style = \"text-align: center;\"> Avez-vous une question sp\u00e9cifique \u00e0 laquelle vous ne pouvez pas r\u00e9pondre\u00a0? \u00c9crivez-nous maintenant et un de nos experts vous r\u00e9pondra.<\/p>\n<p>[\/vc_column_text][vc_btn title=\u00a0\u00bbNOUS CONTACTER\u00a0\u00bb style=\u00a0\u00bbclassic\u00a0\u00bb shape=\u00a0\u00bbsquare\u00a0\u00bb color=\u00a0\u00bbwhite\u00a0\u00bb align=\u00a0\u00bbcenter\u00a0\u00bb link=\u00a0\u00bburl:https%3A%2F%2Frelaxsrl.com%2Ffr%2Fcontacts%2F|title:Contacts|\u00a0\u00bb el_class=\u00a0\u00bbbtn-default-white\u00a0\u00bb][\/vc_column][vc_column width=\u00a0\u00bb7\/12&Prime;][vc_single_image image=\u00a0\u00bb3560&Prime; img_size=\u00a0\u00bbfull\u00a0\u00bb onclick=\u00a0\u00bbcustom_link\u00a0\u00bb link=\u00a0\u00bbhttp:%2F%2Frelaxsrl.com%2Fcontatti|\u00a0\u00bb][\/vc_column][\/vc_row][vc_row equal_height=\u00a0\u00bbyes\u00a0\u00bb content_placement=\u00a0\u00bbmiddle\u00a0\u00bb el_class=\u00a0\u00bbrow-ambiente\u00a0\u00bb][vc_column width=\u00a0\u00bb7\/12&Prime;][vc_single_image image=\u00a0\u00bb15531&Prime; img_size=\u00a0\u00bbfull\u00a0\u00bb onclick=\u00a0\u00bbcustom_link\u00a0\u00bb link=\u00a0\u00bbhttp:%2F%2Frelaxsrl.com%2Fprodotti%2Fdownload%2F|\u00a0\u00bb][\/vc_column][vc_column width=\u00a0\u00bb5\/12&Prime; css=\u00a0\u00bb.vc_custom_1633415044544{background-image: url(http:\/\/relaxsrl.com\/wp-content\/uploads\/2021\/10\/Scrivici-opaco.jpg?id=3554) !important;background-position: center !important;background-repeat: no-repeat !important;background-size: cover !important;}\u00a0\u00bb el_class=\u00a0\u00bbcol-text\u00a0\u00bb][vc_column_text]<\/p>\n<h3 style = \"text-align: center;\"> T\u00e9l\u00e9charger<\/h3>\n<p style = \"text-align: center;\"> Vous trouverez ici les instructions de montage et les fiches techniques.<\/p>\n<p>[\/vc_column_text][vc_btn title=\u00a0\u00bbACC\u00c9DER AUX T\u00c9L\u00c9CHARGEMENTS\u00a0\u00bb style=\u00a0\u00bbclassic\u00a0\u00bb shape=\u00a0\u00bbsquare\u00a0\u00bb color=\u00a0\u00bbwhite\u00a0\u00bb align=\u00a0\u00bbcenter\u00a0\u00bb link=\u00a0\u00bburl:https%3A%2F%2Frelaxsrl.com%2Ffr%2Fproduits%2Ftelecharger%2F|title:Rechercher%20un%20centre%20d%27assistance%20technique|\u00a0\u00bb el_class=\u00a0\u00bbbtn-default-white\u00a0\u00bb][\/vc_column][\/vc_row][vc_row][vc_column][vc_empty_space height=\u00a0\u00bb100px\u00a0\u00bb][\/vc_column][\/vc_row]<\/p>\n","protected":false},"excerpt":{"rendered":"<p>[vc_row full_width=\u00a0\u00bbstretch_row\u00a0\u00bb content_placement=\u00a0\u00bbmiddle\u00a0\u00bb el_class=\u00a0\u00bbintro-row\u00a0\u00bb][vc_column width=\u00a0\u00bb5\/12&Prime;][vc_column_text] Aide technique et mesures de soulagement [\/vc_column_text][\/vc_column][vc_column width=\u00a0\u00bb7\/12&Prime;][vc_column_text el_class=\u00a0\u00bbabstract\u00a0\u00bb]Nous sommes \u00e0 votre disposition par email avec l&rsquo;un de nos experts. Nous vous proposons \u00e9galement les r\u00e9ponses aux questions qui nous sont le plus souvent pos\u00e9es.[\/vc_column_text][\/vc_column][\/vc_row][vc_row el_class=\u00a0\u00bbrow-path\u00a0\u00bb][vc_column][vc_column_text][\/vc_column_text][\/vc_column][\/vc_row][vc_row equal_height=\u00a0\u00bbyes\u00a0\u00bb content_placement=\u00a0\u00bbmiddle\u00a0\u00bb el_class=\u00a0\u00bbrow-ambiente\u00a0\u00bb][vc_column width=\u00a0\u00bb7\/12&Prime;][vc_single_image image=\u00a0\u00bb3552&Prime; img_size=\u00a0\u00bbfull\u00a0\u00bb onclick=\u00a0\u00bbcustom_link\u00a0\u00bb link=\u00a0\u00bbhttp:%2F%2Frelaxsrl.com%2Fassistenza-tecnica%2Ffaq%2F|\u00a0\u00bb][\/vc_column][vc_column width=\u00a0\u00bb5\/12&Prime; css=\u00a0\u00bb.vc_custom_1633415004219{background-image: url(http:\/\/relaxsrl.com\/wp-content\/uploads\/2021\/10\/FAQ-opaco.jpg?id=3546) !important;background-position: center !important;background-repeat: [&hellip;]<\/p>\n","protected":false},"author":3,"featured_media":16350,"parent":0,"menu_order":0,"comment_status":"closed","ping_status":"closed","template":"","meta":[],"acf":[],"yoast_head":"<!-- This site is optimized with the Yoast SEO Premium plugin v18.4 (Yoast SEO v18.8) - https:\/\/yoast.com\/wordpress\/plugins\/seo\/ -->\n<title>Assistance technique - Relax srl<\/title>\n<meta name=\"description\" content=\"Avec notre assistance, nous sommes \u00e0 votre disposition par contact direct avec un revendeur ou par e-mail avec l&#039;un de nos experts.\" \/>\n<meta name=\"robots\" content=\"index, follow, max-snippet:-1, max-image-preview:large, max-video-preview:-1\" \/>\n<link rel=\"canonical\" href=\"https:\/\/relaxsrl.com\/fr\/assistance-technique\/\" \/>\n<meta property=\"og:locale\" content=\"fr_FR\" \/>\n<meta property=\"og:type\" content=\"article\" \/>\n<meta property=\"og:title\" content=\"Assistance technique - Relax srl\" \/>\n<meta property=\"og:description\" content=\"Avec notre assistance, nous sommes \u00e0 votre disposition par contact direct avec un revendeur ou par e-mail avec l&#039;un de nos experts.\" \/>\n<meta property=\"og:url\" content=\"https:\/\/relaxsrl.com\/fr\/assistance-technique\/\" \/>\n<meta property=\"og:site_name\" content=\"Relax srl\" \/>\n<meta property=\"article:modified_time\" content=\"2025-12-12T07:30:16+00:00\" \/>\n<meta property=\"og:image\" content=\"https:\/\/relaxsrl.com\/website\/wp-content\/uploads\/2022\/01\/centri-assistenza.jpg\" \/>\n\t<meta property=\"og:image:width\" content=\"960\" \/>\n\t<meta property=\"og:image:height\" content=\"660\" \/>\n\t<meta property=\"og:image:type\" content=\"image\/jpeg\" \/>\n<meta name=\"twitter:card\" content=\"summary_large_image\" \/>\n<meta name=\"twitter:label1\" content=\"Dur\u00e9e de lecture estim\u00e9e\" \/>\n\t<meta name=\"twitter:data1\" content=\"1 minute\" \/>\n<script type=\"application\/ld+json\" class=\"yoast-schema-graph\">{\"@context\":\"https:\/\/schema.org\",\"@graph\":[{\"@type\":\"WebSite\",\"@id\":\"https:\/\/relaxsrl.com\/#website\",\"url\":\"https:\/\/relaxsrl.com\/\",\"name\":\"Relax srl\",\"description\":\"\",\"potentialAction\":[{\"@type\":\"SearchAction\",\"target\":{\"@type\":\"EntryPoint\",\"urlTemplate\":\"https:\/\/relaxsrl.com\/?s={search_term_string}\"},\"query-input\":\"required name=search_term_string\"}],\"inLanguage\":\"fr-FR\"},{\"@type\":\"ImageObject\",\"inLanguage\":\"fr-FR\",\"@id\":\"https:\/\/relaxsrl.com\/fr\/assistance-technique\/#primaryimage\",\"url\":\"https:\/\/relaxsrl.com\/website\/wp-content\/uploads\/2022\/01\/centri-assistenza.jpg\",\"contentUrl\":\"https:\/\/relaxsrl.com\/website\/wp-content\/uploads\/2022\/01\/centri-assistenza.jpg\",\"width\":960,\"height\":660,\"caption\":\"area architetti ricerca centro assistenza su mappa con puntine rosse\"},{\"@type\":\"WebPage\",\"@id\":\"https:\/\/relaxsrl.com\/fr\/assistance-technique\/#webpage\",\"url\":\"https:\/\/relaxsrl.com\/fr\/assistance-technique\/\",\"name\":\"Assistance technique - Relax srl\",\"isPartOf\":{\"@id\":\"https:\/\/relaxsrl.com\/#website\"},\"primaryImageOfPage\":{\"@id\":\"https:\/\/relaxsrl.com\/fr\/assistance-technique\/#primaryimage\"},\"datePublished\":\"2021-11-17T16:28:32+00:00\",\"dateModified\":\"2025-12-12T07:30:16+00:00\",\"description\":\"Avec notre assistance, nous sommes \u00e0 votre disposition par contact direct avec un revendeur ou par e-mail avec l'un de nos experts.\",\"breadcrumb\":{\"@id\":\"https:\/\/relaxsrl.com\/fr\/assistance-technique\/#breadcrumb\"},\"inLanguage\":\"fr-FR\",\"potentialAction\":[{\"@type\":\"ReadAction\",\"target\":[\"https:\/\/relaxsrl.com\/fr\/assistance-technique\/\"]}]},{\"@type\":\"BreadcrumbList\",\"@id\":\"https:\/\/relaxsrl.com\/fr\/assistance-technique\/#breadcrumb\",\"itemListElement\":[{\"@type\":\"ListItem\",\"position\":1,\"name\":\"Assistance technique\"}]}]}<\/script>\n<!-- \/ Yoast SEO Premium plugin. -->","yoast_head_json":{"title":"Assistance technique - Relax srl","description":"Avec notre assistance, nous sommes \u00e0 votre disposition par contact direct avec un revendeur ou par e-mail avec l'un de nos experts.","robots":{"index":"index","follow":"follow","max-snippet":"max-snippet:-1","max-image-preview":"max-image-preview:large","max-video-preview":"max-video-preview:-1"},"canonical":"https:\/\/relaxsrl.com\/fr\/assistance-technique\/","og_locale":"fr_FR","og_type":"article","og_title":"Assistance technique - Relax srl","og_description":"Avec notre assistance, nous sommes \u00e0 votre disposition par contact direct avec un revendeur ou par e-mail avec l'un de nos experts.","og_url":"https:\/\/relaxsrl.com\/fr\/assistance-technique\/","og_site_name":"Relax srl","article_modified_time":"2025-12-12T07:30:16+00:00","og_image":[{"width":960,"height":660,"url":"https:\/\/relaxsrl.com\/website\/wp-content\/uploads\/2022\/01\/centri-assistenza.jpg","type":"image\/jpeg"}],"twitter_card":"summary_large_image","twitter_misc":{"Dur\u00e9e de lecture estim\u00e9e":"1 minute"},"schema":{"@context":"https:\/\/schema.org","@graph":[{"@type":"WebSite","@id":"https:\/\/relaxsrl.com\/#website","url":"https:\/\/relaxsrl.com\/","name":"Relax srl","description":"","potentialAction":[{"@type":"SearchAction","target":{"@type":"EntryPoint","urlTemplate":"https:\/\/relaxsrl.com\/?s={search_term_string}"},"query-input":"required name=search_term_string"}],"inLanguage":"fr-FR"},{"@type":"ImageObject","inLanguage":"fr-FR","@id":"https:\/\/relaxsrl.com\/fr\/assistance-technique\/#primaryimage","url":"https:\/\/relaxsrl.com\/website\/wp-content\/uploads\/2022\/01\/centri-assistenza.jpg","contentUrl":"https:\/\/relaxsrl.com\/website\/wp-content\/uploads\/2022\/01\/centri-assistenza.jpg","width":960,"height":660,"caption":"area architetti ricerca centro assistenza su mappa con puntine rosse"},{"@type":"WebPage","@id":"https:\/\/relaxsrl.com\/fr\/assistance-technique\/#webpage","url":"https:\/\/relaxsrl.com\/fr\/assistance-technique\/","name":"Assistance technique - Relax srl","isPartOf":{"@id":"https:\/\/relaxsrl.com\/#website"},"primaryImageOfPage":{"@id":"https:\/\/relaxsrl.com\/fr\/assistance-technique\/#primaryimage"},"datePublished":"2021-11-17T16:28:32+00:00","dateModified":"2025-12-12T07:30:16+00:00","description":"Avec notre assistance, nous sommes \u00e0 votre disposition par contact direct avec un revendeur ou par e-mail avec l'un de nos experts.","breadcrumb":{"@id":"https:\/\/relaxsrl.com\/fr\/assistance-technique\/#breadcrumb"},"inLanguage":"fr-FR","potentialAction":[{"@type":"ReadAction","target":["https:\/\/relaxsrl.com\/fr\/assistance-technique\/"]}]},{"@type":"BreadcrumbList","@id":"https:\/\/relaxsrl.com\/fr\/assistance-technique\/#breadcrumb","itemListElement":[{"@type":"ListItem","position":1,"name":"Assistance technique"}]}]}},"_links":{"self":[{"href":"https:\/\/relaxsrl.com\/fr\/wp-json\/wp\/v2\/pages\/11318"}],"collection":[{"href":"https:\/\/relaxsrl.com\/fr\/wp-json\/wp\/v2\/pages"}],"about":[{"href":"https:\/\/relaxsrl.com\/fr\/wp-json\/wp\/v2\/types\/page"}],"author":[{"embeddable":true,"href":"https:\/\/relaxsrl.com\/fr\/wp-json\/wp\/v2\/users\/3"}],"replies":[{"embeddable":true,"href":"https:\/\/relaxsrl.com\/fr\/wp-json\/wp\/v2\/comments?post=11318"}],"version-history":[{"count":12,"href":"https:\/\/relaxsrl.com\/fr\/wp-json\/wp\/v2\/pages\/11318\/revisions"}],"predecessor-version":[{"id":32027,"href":"https:\/\/relaxsrl.com\/fr\/wp-json\/wp\/v2\/pages\/11318\/revisions\/32027"}],"wp:featuredmedia":[{"embeddable":true,"href":"https:\/\/relaxsrl.com\/fr\/wp-json\/wp\/v2\/media\/16350"}],"wp:attachment":[{"href":"https:\/\/relaxsrl.com\/fr\/wp-json\/wp\/v2\/media?parent=11318"}],"curies":[{"name":"wp","href":"https:\/\/api.w.org\/{rel}","templated":true}]}}