{"id":11323,"date":"2021-11-17T17:55:09","date_gmt":"2021-11-17T16:55:09","guid":{"rendered":"http:\/\/relaxsrl.com\/assistance-technique\/faq\/"},"modified":"2021-11-17T17:55:10","modified_gmt":"2021-11-17T16:55:10","slug":"faq","status":"publish","type":"page","link":"https:\/\/relaxsrl.com\/fr\/assistance-technique\/faq\/","title":{"rendered":"FAQ"},"content":{"rendered":"<p>[vc_row full_width=\u00a0\u00bbstretch_row\u00a0\u00bb content_placement=\u00a0\u00bbmiddle\u00a0\u00bb el_class=\u00a0\u00bbintro-row intro-row-grey\u00a0\u00bb][vc_column width=\u00a0\u00bb5\/12&Prime;][vc_column_text]<\/p>\n<h1>FAQ<\/h1>\n<p>[\/vc_column_text][\/vc_column][vc_column width=\u00a0\u00bb7\/12&Prime;][vc_column_text el_class=\u00a0\u00bbabstract\u00a0\u00bb]Questions fr\u00e9quemment pos\u00e9es sur nos produits[\/vc_column_text][\/vc_column][\/vc_row][vc_row el_class=\u00a0\u00bbrow-path\u00a0\u00bb][vc_column][vc_column_text][\/vc_column_text][\/vc_column][\/vc_row][vc_row][vc_column width=\u00a0\u00bb1\/12&Prime;][\/vc_column][vc_column width=\u00a0\u00bb10\/12&Prime;][vc_column_text]<\/p>\n<h2>Faisons connaissance<\/h2>\n<p>[\/vc_column_text][vc_tta_accordion color=\u00a0\u00bbwhite\u00a0\u00bb active_section=\u00a0\u00bb0&Prime; collapsible_all=\u00a0\u00bbtrue\u00a0\u00bb el_class=\u00a0\u00bbfaq\u00a0\u00bb][vc_tta_section title=\u00a0\u00bbQu\u2019est-ce que Relax?\u00a0\u00bb tab_id=\u00a0\u00bbfaq-1&Prime;][vc_column_text]Relax est une entreprise v\u00e9nitienne fond\u00e9e en 2003. Son si\u00e8ge est un \u00e9tablissement de 10000 m\u00e8tres carr\u00e9s. La chaine d\u2019approvisionnement est totalement italienne.[\/vc_column_text][\/vc_tta_section][vc_tta_section title=\u00a0\u00bbQue-ce qu\u2019elle produit?\u00a0\u00bb tab_id=\u00a0\u00bbfaq-2&Prime;][vc_column_text]Nous fournissons solutions pour la salle de bain: cabines de douche, pare-baignoire, baignoires, receveurs et accessoires comme pommes de douche ou \u00e9tag\u00e8res.[\/vc_column_text][\/vc_tta_section][\/vc_tta_accordion][vc_empty_space height=\u00a0\u00bb50px\u00a0\u00bb][vc_column_text]<\/p>\n<h2>A savoir avant d&rsquo;acheter<\/h2>\n<p>[\/vc_column_text][vc_tta_accordion color=\u00a0\u00bbwhite\u00a0\u00bb active_section=\u00a0\u00bb0&Prime; collapsible_all=\u00a0\u00bbtrue\u00a0\u00bb el_class=\u00a0\u00bbfaq\u00a0\u00bb][vc_tta_section title=\u00a0\u00bbQuelles sont les mesures n\u00e9cessaires pour commander une cabine de douche?\u00a0\u00bb tab_id=\u00a0\u00bbfaq-3&Prime;][vc_column_text]Dans le cas de <u>niche<\/u> en ma\u00e7onnerie, il est recommand\u00e9 de relever les mesures en trois endroits: \u00e0 20 cm, \u00e0 un m\u00e8tre et \u00e0 180 cm environ en hauteur du receveur, pour pouvoir \u00e9valuer la verticalit\u00e9 des murs. Dans le cas de <u>receveurs en angle<\/u>, il est n\u00e9cessaire de relever la mesure ext\u00e9rieure du receveur, en la calculant entre les carreaux install\u00e9s et le bord ext\u00e9rieur du receveur lui-m\u00eame. Nous conseillons aussi de communiquer l\u2019\u00e9paisseur du bord du receveur et le rayon de courbure en cas de <u>receveurs arrondis<\/u>. Toute situation particuli\u00e8re doit \u00e9galement \u00eatre signal\u00e9e: d\u00e9corations en relief, receveurs avec des formes particuli\u00e8res, dimensions des robinetteries, si les parois ne sont pas strictement verticales etc.[\/vc_column_text][\/vc_tta_section][vc_tta_section title=\u00a0\u00bbQuelles sont les donn\u00e9es n\u00e9cessaires pour r\u00e9aliser une cabine de douche sur mesure?\u00a0\u00bb tab_id=\u00a0\u00bbfaq-4&Prime;][vc_column_text]<\/p>\n<ul>\n<li>Toutes les mesures en centim\u00e8tres<\/li>\n<li>Indications d\u2019ouverture des portes<\/li>\n<li>Finitions des profil\u00e9s d\u00e9sir\u00e9es<\/li>\n<li>Finition du verre d\u00e9sir\u00e9e<\/li>\n<\/ul>\n<p>[\/vc_column_text][\/vc_tta_section][vc_tta_section title=\u00a0\u00bbQuand faut-il relever les mesures pour commander la cabine de douche?\u00a0\u00bb tab_id=\u00a0\u00bbfaq-5&Prime;][vc_column_text]Il est toujours pr\u00e9f\u00e9rable de relever les mesures une fois que le receveur a \u00e9t\u00e9 install\u00e9 et toujours apr\u00e8s la pose des carreaux. Alternativement, il est n\u00e9cessaire de conna\u00eetre \u00e0 l\u2019avance l\u2019\u00e9paisseur des carreaux + colle, l\u2019encastrement du receveur et si les parois ne sont pas strictement verticales.[\/vc_column_text][\/vc_tta_section][vc_tta_section title=\u00a0\u00bbQu\u2019est-ce que le troisi\u00e8me c\u00f4t\u00e9 fixe?\u00a0\u00bb tab_id=\u00a0\u00bbfaq-6&Prime;][vc_column_text]Le troisi\u00e8me c\u00f4t\u00e9 fixe est le c\u00f4t\u00e9 de la cabine de douche (en verre) qui permet l\u2019installation au milieu de la paroi plut\u00f4t qu\u2019en angle entre deux murs. Nous avons indiqu\u00e9 quelles cabines de douche peuvent le monter dans leur description.[\/vc_column_text][\/vc_tta_section][vc_tta_section title=\u00a0\u00bbQu\u2019est-ce que le traitement anticalcaire?\u00a0\u00bb tab_id=\u00a0\u00bbfaq-7&Prime;][vc_column_text]Les verres de nombreux mod\u00e8les de cabines de douche sont \u00e9quip\u00e9s en s\u00e9rie de traitement anticalcaire. Le traitement consiste en l\u2019application d\u2019un produit nanotechnologique qui favorise le glissement des mol\u00e9cules d\u2019eau sur la surface du verre, en r\u00e9duisant la stagnation et l\u2019accumulation de calcaire sur les parois douche.[\/vc_column_text][\/vc_tta_section][vc_tta_section title=\u00a0\u00bbQu\u2019entend-on par \u201ccabine de douche sp\u00e9ciale\u201d?\u00a0\u00bb tab_id=\u00a0\u00bbfaq-8&Prime;][vc_column_text]Par ce terme on identifie deux types de cabines de douche.<br \/>\nLes cabines de douche sur mesure. Elles sont r\u00e9alis\u00e9es selon un dessin et des mesure sp\u00e9ciales par rapport aux standards pr\u00e9sents sur le march\u00e9. Les cabines de douche sp\u00e9ciales sont aussi con\u00e7ues pour des fonctions et des milieux non traditionnels comme: les cabines de douche pour les personnes handicap\u00e9es et les cabines de douche en batterie pour les communaut\u00e9s sportives.[\/vc_column_text][\/vc_tta_section][\/vc_tta_accordion][vc_empty_space height=\u00a0\u00bb50px\u00a0\u00bb][vc_column_text]<\/p>\n<h2>A savoir avant installation<\/h2>\n<p>[\/vc_column_text][vc_tta_accordion color=\u00a0\u00bbwhite\u00a0\u00bb active_section=\u00a0\u00bb0&Prime; collapsible_all=\u00a0\u00bbtrue\u00a0\u00bb el_class=\u00a0\u00bbfaq\u00a0\u00bb][vc_tta_section title=\u00a0\u00bbEst-ce que Relax effectue les installations?\u00a0\u00bb tab_id=\u00a0\u00bbfaq-9&Prime;][vc_column_text]Pour une correcte installation nous vous conseillons de vous adresser au Point de Vente o\u00f9 vous avez achet\u00e9 les produits.[\/vc_column_text][\/vc_tta_section][vc_tta_section title=\u00a0\u00bbEst-ce que les mat\u00e9riaux de fixation sont inclus dans la bo\u00eete?\u00a0\u00bb tab_id=\u00a0\u00bbfaq-10&Prime;][vc_column_text]Oui, tout mod\u00e8le est \u00e9quip\u00e9 de vis et chevilles dans la quantit\u00e9 n\u00e9cessaire, qui sont appropri\u00e9s pour la fixation \u00e0 parois en ma\u00e7onnerie en briques pleins ou perc\u00e9s. Dans le cas de fixation sur mat\u00e9riaux diff\u00e9rents (m\u00e9tal, placopl\u00e2tre, encadrements de portes de poche ou autre) il faut se procurer des vis et des chevilles appropri\u00e9es.[\/vc_column_text][\/vc_tta_section][vc_tta_section title=\u00a0\u00bbQuel type de silicone faut-il utiliser pour le scellement?\u00a0\u00bb tab_id=\u00a0\u00bbfaq-11&Prime;][vc_column_text]Nous recommandons d\u2019utiliser du mastic silicone transparent neutre avec base polym\u00e8re \u00e0 l\u2019ext\u00e9rieur de la cabine de douche. Nous vous rappelons que pour une adh\u00e9sion appropri\u00e9e du silicone les surfaces doivent \u00eatre s\u00e8ches et les parties ouvrables ne doivent pas \u00eatre d\u00e9plac\u00e9es pendant au moins 24 heures.[\/vc_column_text][\/vc_tta_section][\/vc_tta_accordion][vc_empty_space height=\u00a0\u00bb50px\u00a0\u00bb][vc_column_text]<\/p>\n<h2>Apr\u00e8s-vente et pi\u00e8ces de rechange<\/h2>\n<p>[\/vc_column_text][vc_tta_accordion color=\u00a0\u00bbwhite\u00a0\u00bb active_section=\u00a0\u00bb0&Prime; collapsible_all=\u00a0\u00bbtrue\u00a0\u00bb el_class=\u00a0\u00bbfaq\u00a0\u00bb][vc_tta_section title=\u00a0\u00bbEst-ce qu\u2019il y a un service apr\u00e8s-vente?\u00a0\u00bb tab_id=\u00a0\u00bbfaq-12&Prime;][vc_column_text]Pour les questions techniques et les probl\u00e8mes d\u2019installation Relax est \u00e0 votre disposition au num\u00e9ro 0421 1765124 et \u00e0 l\u2019adresse e-mail assistenza@relaxsrl.com.[\/vc_column_text][\/vc_tta_section][vc_tta_section title=\u00a0\u00bbA qui puis-je m\u2019adresser pour l\u2019achat et l\u2019installation d\u2019une pi\u00e8ce d\u00e9tach\u00e9e?\u00a0\u00bb tab_id=\u00a0\u00bbfaq-13&Prime;][vc_column_text]Pour l\u2019achat et l\u2019installation de pi\u00e8ces d\u00e9tach\u00e9es nous conseillons de contacter le point de vente le plus proche de vous[\/vc_column_text][\/vc_tta_section][\/vc_tta_accordion][vc_empty_space height=\u00a0\u00bb50px\u00a0\u00bb][vc_column_text]<\/p>\n<h2>Certifications et garanties<\/h2>\n<p>[\/vc_column_text][vc_tta_accordion color=\u00a0\u00bbwhite\u00a0\u00bb active_section=\u00a0\u00bb0&Prime; collapsible_all=\u00a0\u00bbtrue\u00a0\u00bb el_class=\u00a0\u00bbfaq\u00a0\u00bb][vc_tta_section title=\u00a0\u00bbLes produits Relax sont-ils couverts par une garantie?\u00a0\u00bb tab_id=\u00a0\u00bbfaq-14&Prime;][vc_column_text]Tous les produits Relax sont couverts par une garantie pendant 24 mois \u00e0 partir de la date de l\u2019achat, en la demandant \u00e0 votre revendeur. Pour acc\u00e9l\u00e9rer la proc\u00e9dure nous conseillons de transmettre aussi les images de la pr\u00e9sum\u00e9e difformit\u00e9 du produit. La garantie conventionnelle est r\u00e9put\u00e9e exclue dans les cas suivants:  installations qui ne sont pas effectu\u00e9es dans les r\u00e8gles de l\u2019art ou en partielle ou totale difformit\u00e9 par rapport aux instructions. D\u00e9fauts r\u00e9sultants de mauvais entretien et\/ou nettoyage. D\u00e9fauts ou difformit\u00e9s du produit Relax auquel on a apport\u00e9 des ajouts, changements, r\u00e9parations ou remplacements non autoris\u00e9es par le fabricant ou quand m\u00eame effectu\u00e9es par des personnes non autoris\u00e9es par ce dernier. Bris du verre tremp\u00e9. Usure des composants qu\u2019en sont sujets comme: roulements, garnitures, aimants, pommeaux, barrages et \u00e9l\u00e9ments de guidage. Les cabines de douche qui r\u00e9sultent endommag\u00e9es \u00e0 la r\u00e9ception ne doivent pas \u00eatre install\u00e9es, sous peine de perte de garantie.[\/vc_column_text][\/vc_tta_section][vc_tta_section title=\u00a0\u00bbLes cabines de douche Relax sont-elles dot\u00e9es de certification de qualit\u00e9?\u00a0\u00bb tab_id=\u00a0\u00bbfaq-15&Prime;][vc_column_text]Oui, toutes les cabines de douche Relax S.r.l. sont conformes \u00e0 la r\u00e8glementation EN14428, dot\u00e9es de label de qualit\u00e9 CE et de certification TUV. Ce document certifie les suivantes caract\u00e9ristiques. R\u00e9sistance \u00e0 la fatigue: toutes les portes d\u00e9passent 20.000 cycles d\u2019ouverture et fermeture. Stabilit\u00e9: la paroi douche r\u00e9siste \u00e0 l\u2019impact d\u2019un corps contondant, en simulant la chute d\u2019une personne \u00e0 l\u2019int\u00e9rieur de la cabine de douche (UNI EN14428). Etanch\u00e9it\u00e9 \u00e0 l\u2019eau: \u00e9tanch\u00e9it\u00e9 aux jets, avec normale utilisation de la cabine de douche (UNI EN 14428). Mat\u00e9riaux: tous les mat\u00e9riaux utilis\u00e9s ont r\u00e9ussi le test de nettoyage, durabilit\u00e9, fragmentation.<br \/>\n[\/vc_column_text][\/vc_tta_section][\/vc_tta_accordion][vc_empty_space height=\u00a0\u00bb50px\u00a0\u00bb][vc_column_text]<\/p>\n<h2>Nettoyage et entretien<\/h2>\n<p>[\/vc_column_text][vc_tta_accordion color=\u00a0\u00bbwhite\u00a0\u00bb active_section=\u00a0\u00bb0&Prime; collapsible_all=\u00a0\u00bbtrue\u00a0\u00bb el_class=\u00a0\u00bbfaq\u00a0\u00bb][vc_tta_section title=\u00a0\u00bbComment faut-il nettoyer la cabine de douche?\u00a0\u00bb tab_id=\u00a0\u00bbfaq-16&Prime;][vc_column_text]Essuyez toujours la cabine de douche apr\u00e8s l\u2019utilisation: cette simple op\u00e9ration \u00e9vitera la formation de taches de calcaire. Pour la nettoyer utilisez des d\u00e9tergents liquides et de l\u2019eau, avec un chiffon doux ou une \u00e9ponge. Evitez d\u2019utiliser des produits cr\u00e9meux ou abrasifs. Ne nettoyez-pas les parties en aluminium avec des produits agressifs. Evitez eau de javel, alcool, ac\u00e9tone, solvants, produits tr\u00e8s acides. Dans le cas de verre trait\u00e9 avec anticalcaire, le nettoyage est rendu plus facile: un chiffon et les produits naturels sont parfaits. \u00c9vitez toujours d\u2019utiliser produits trop agressifs qui contiennent du silicone, parce qu\u2019ils annulent l\u2019effet de l\u2019anticalcaire. N\u2019utilisez PAS de produits cr\u00e9meux ou agressifs. N\u2019utilisez PAS d\u2019eau de javel, alcool, ac\u00e9tone, solvants ou de produits tr\u00e8s acides. N\u2019utilisez PAS de produits qui contiennent du silicone.<br \/>\n[\/vc_column_text][\/vc_tta_section][vc_tta_section title=\u00a0\u00bbComment faut-il \u00e9liminer le calcaire ?\u00a0\u00bb tab_id=\u00a0\u00bbfaq-17&Prime;][vc_column_text]Nous vous conseillons d\u2019essuyer toujours les verres avec une raclette apr\u00e8s l\u2019utilisation de la cabine de douche. Si des petites incrustations de calcaire se sont form\u00e9es, vous pouvez essayer de les \u00e9liminer en utilisant du vinaigre, si possible ti\u00e8de, ou un solution d\u2019eau et citron; attendez quelques minutes que le produit agisse et puis enlevez-le avec un chiffon doux en exer\u00e7ant une bonne pression; enfin rincez. Il peut \u00eatre n\u00e9cessaire de r\u00e9p\u00e9ter l\u2019op\u00e9ration plusieurs fois. Les produits tr\u00e8s agressifs ne sont pas recommand\u00e9s parce qu\u2019ils pourraient g\u00e2cher la finition des profil\u00e9s en aluminium.[\/vc_column_text][\/vc_tta_section][\/vc_tta_accordion][vc_empty_space height=\u00a0\u00bb100px\u00a0\u00bb][\/vc_column][vc_column width=\u00a0\u00bb1\/12&Prime;][\/vc_column][\/vc_row]<\/p>\n","protected":false},"excerpt":{"rendered":"<p>[vc_row full_width=\u00a0\u00bbstretch_row\u00a0\u00bb content_placement=\u00a0\u00bbmiddle\u00a0\u00bb el_class=\u00a0\u00bbintro-row intro-row-grey\u00a0\u00bb][vc_column width=\u00a0\u00bb5\/12&Prime;][vc_column_text] FAQ [\/vc_column_text][\/vc_column][vc_column width=\u00a0\u00bb7\/12&Prime;][vc_column_text el_class=\u00a0\u00bbabstract\u00a0\u00bb]Questions fr\u00e9quemment pos\u00e9es sur nos produits[\/vc_column_text][\/vc_column][\/vc_row][vc_row el_class=\u00a0\u00bbrow-path\u00a0\u00bb][vc_column][vc_column_text][\/vc_column_text][\/vc_column][\/vc_row][vc_row][vc_column width=\u00a0\u00bb1\/12&Prime;][\/vc_column][vc_column width=\u00a0\u00bb10\/12&Prime;][vc_column_text] Faisons connaissance [\/vc_column_text][vc_tta_accordion color=\u00a0\u00bbwhite\u00a0\u00bb active_section=\u00a0\u00bb0&Prime; collapsible_all=\u00a0\u00bbtrue\u00a0\u00bb el_class=\u00a0\u00bbfaq\u00a0\u00bb][vc_tta_section title=\u00a0\u00bbQu\u2019est-ce que Relax?\u00a0\u00bb tab_id=\u00a0\u00bbfaq-1&Prime;][vc_column_text]Relax est une entreprise v\u00e9nitienne fond\u00e9e en 2003. Son si\u00e8ge est un \u00e9tablissement de 10000 m\u00e8tres carr\u00e9s. La chaine d\u2019approvisionnement est totalement italienne.[\/vc_column_text][\/vc_tta_section][vc_tta_section title=\u00a0\u00bbQue-ce qu\u2019elle produit?\u00a0\u00bb tab_id=\u00a0\u00bbfaq-2&Prime;][vc_column_text]Nous [&hellip;]<\/p>\n","protected":false},"author":3,"featured_media":16350,"parent":11318,"menu_order":0,"comment_status":"closed","ping_status":"closed","template":"","meta":[],"acf":[],"yoast_head":"<!-- This site is optimized with the Yoast SEO Premium plugin v18.4 (Yoast SEO v18.8) - https:\/\/yoast.com\/wordpress\/plugins\/seo\/ -->\n<title>FAQ - Relax srl<\/title>\n<meta name=\"robots\" content=\"index, follow, max-snippet:-1, max-image-preview:large, max-video-preview:-1\" \/>\n<link rel=\"canonical\" href=\"https:\/\/relaxsrl.com\/fr\/assistance-technique\/faq\/\" \/>\n<meta property=\"og:locale\" content=\"fr_FR\" \/>\n<meta property=\"og:type\" content=\"article\" \/>\n<meta property=\"og:title\" content=\"FAQ - Relax srl\" \/>\n<meta property=\"og:description\" content=\"[vc_row full_width=\u00a0\u00bbstretch_row\u00a0\u00bb content_placement=\u00a0\u00bbmiddle\u00a0\u00bb el_class=\u00a0\u00bbintro-row intro-row-grey\u00a0\u00bb][vc_column width=\u00a0\u00bb5\/12&Prime;][vc_column_text] FAQ [\/vc_column_text][\/vc_column][vc_column width=\u00a0\u00bb7\/12&Prime;][vc_column_text el_class=\u00a0\u00bbabstract\u00a0\u00bb]Questions fr\u00e9quemment pos\u00e9es sur nos produits[\/vc_column_text][\/vc_column][\/vc_row][vc_row el_class=\u00a0\u00bbrow-path\u00a0\u00bb][vc_column][vc_column_text][\/vc_column_text][\/vc_column][\/vc_row][vc_row][vc_column width=\u00a0\u00bb1\/12&Prime;][\/vc_column][vc_column width=\u00a0\u00bb10\/12&Prime;][vc_column_text] Faisons connaissance [\/vc_column_text][vc_tta_accordion color=\u00a0\u00bbwhite\u00a0\u00bb active_section=\u00a0\u00bb0&Prime; collapsible_all=\u00a0\u00bbtrue\u00a0\u00bb el_class=\u00a0\u00bbfaq\u00a0\u00bb][vc_tta_section title=\u00a0\u00bbQu\u2019est-ce que Relax?\u00a0\u00bb tab_id=\u00a0\u00bbfaq-1&Prime;][vc_column_text]Relax est une entreprise v\u00e9nitienne fond\u00e9e en 2003. Son si\u00e8ge est un \u00e9tablissement de 10000 m\u00e8tres carr\u00e9s. La chaine d\u2019approvisionnement est totalement italienne.[\/vc_column_text][\/vc_tta_section][vc_tta_section title=\u00a0\u00bbQue-ce qu\u2019elle produit?\u00a0\u00bb tab_id=\u00a0\u00bbfaq-2&Prime;][vc_column_text]Nous [&hellip;]\" \/>\n<meta property=\"og:url\" content=\"https:\/\/relaxsrl.com\/fr\/assistance-technique\/faq\/\" \/>\n<meta property=\"og:site_name\" content=\"Relax srl\" \/>\n<meta property=\"article:modified_time\" content=\"2021-11-17T16:55:10+00:00\" \/>\n<meta name=\"twitter:card\" content=\"summary_large_image\" \/>\n<meta name=\"twitter:label1\" content=\"Dur\u00e9e de lecture estim\u00e9e\" \/>\n\t<meta name=\"twitter:data1\" content=\"9 minutes\" \/>\n<script type=\"application\/ld+json\" class=\"yoast-schema-graph\">{\"@context\":\"https:\/\/schema.org\",\"@graph\":[{\"@type\":\"WebSite\",\"@id\":\"https:\/\/relaxsrl.com\/#website\",\"url\":\"https:\/\/relaxsrl.com\/\",\"name\":\"Relax srl\",\"description\":\"\",\"potentialAction\":[{\"@type\":\"SearchAction\",\"target\":{\"@type\":\"EntryPoint\",\"urlTemplate\":\"https:\/\/relaxsrl.com\/?s={search_term_string}\"},\"query-input\":\"required name=search_term_string\"}],\"inLanguage\":\"fr-FR\"},{\"@type\":\"ImageObject\",\"inLanguage\":\"fr-FR\",\"@id\":\"https:\/\/relaxsrl.com\/fr\/assistance-technique\/faq\/#primaryimage\",\"url\":\"https:\/\/relaxsrl.com\/website\/wp-content\/uploads\/2022\/01\/centri-assistenza.jpg\",\"contentUrl\":\"https:\/\/relaxsrl.com\/website\/wp-content\/uploads\/2022\/01\/centri-assistenza.jpg\",\"width\":960,\"height\":660,\"caption\":\"area architetti ricerca centro assistenza su mappa con puntine rosse\"},{\"@type\":\"WebPage\",\"@id\":\"https:\/\/relaxsrl.com\/fr\/assistance-technique\/faq\/#webpage\",\"url\":\"https:\/\/relaxsrl.com\/fr\/assistance-technique\/faq\/\",\"name\":\"FAQ - Relax srl\",\"isPartOf\":{\"@id\":\"https:\/\/relaxsrl.com\/#website\"},\"primaryImageOfPage\":{\"@id\":\"https:\/\/relaxsrl.com\/fr\/assistance-technique\/faq\/#primaryimage\"},\"datePublished\":\"2021-11-17T16:55:09+00:00\",\"dateModified\":\"2021-11-17T16:55:10+00:00\",\"breadcrumb\":{\"@id\":\"https:\/\/relaxsrl.com\/fr\/assistance-technique\/faq\/#breadcrumb\"},\"inLanguage\":\"fr-FR\",\"potentialAction\":[{\"@type\":\"ReadAction\",\"target\":[\"https:\/\/relaxsrl.com\/fr\/assistance-technique\/faq\/\"]}]},{\"@type\":\"BreadcrumbList\",\"@id\":\"https:\/\/relaxsrl.com\/fr\/assistance-technique\/faq\/#breadcrumb\",\"itemListElement\":[{\"@type\":\"ListItem\",\"position\":1,\"name\":\"Assistance technique\",\"item\":\"https:\/\/relaxsrl.com\/fr\/assistance-technique\/\"},{\"@type\":\"ListItem\",\"position\":2,\"name\":\"FAQ\"}]}]}<\/script>\n<!-- \/ Yoast SEO Premium plugin. -->","yoast_head_json":{"title":"FAQ - Relax srl","robots":{"index":"index","follow":"follow","max-snippet":"max-snippet:-1","max-image-preview":"max-image-preview:large","max-video-preview":"max-video-preview:-1"},"canonical":"https:\/\/relaxsrl.com\/fr\/assistance-technique\/faq\/","og_locale":"fr_FR","og_type":"article","og_title":"FAQ - Relax srl","og_description":"[vc_row full_width=\u00a0\u00bbstretch_row\u00a0\u00bb content_placement=\u00a0\u00bbmiddle\u00a0\u00bb el_class=\u00a0\u00bbintro-row intro-row-grey\u00a0\u00bb][vc_column width=\u00a0\u00bb5\/12&Prime;][vc_column_text] FAQ [\/vc_column_text][\/vc_column][vc_column width=\u00a0\u00bb7\/12&Prime;][vc_column_text el_class=\u00a0\u00bbabstract\u00a0\u00bb]Questions fr\u00e9quemment pos\u00e9es sur nos produits[\/vc_column_text][\/vc_column][\/vc_row][vc_row el_class=\u00a0\u00bbrow-path\u00a0\u00bb][vc_column][vc_column_text][\/vc_column_text][\/vc_column][\/vc_row][vc_row][vc_column width=\u00a0\u00bb1\/12&Prime;][\/vc_column][vc_column width=\u00a0\u00bb10\/12&Prime;][vc_column_text] Faisons connaissance [\/vc_column_text][vc_tta_accordion color=\u00a0\u00bbwhite\u00a0\u00bb active_section=\u00a0\u00bb0&Prime; collapsible_all=\u00a0\u00bbtrue\u00a0\u00bb el_class=\u00a0\u00bbfaq\u00a0\u00bb][vc_tta_section title=\u00a0\u00bbQu\u2019est-ce que Relax?\u00a0\u00bb tab_id=\u00a0\u00bbfaq-1&Prime;][vc_column_text]Relax est une entreprise v\u00e9nitienne fond\u00e9e en 2003. Son si\u00e8ge est un \u00e9tablissement de 10000 m\u00e8tres carr\u00e9s. La chaine d\u2019approvisionnement est totalement italienne.[\/vc_column_text][\/vc_tta_section][vc_tta_section title=\u00a0\u00bbQue-ce qu\u2019elle produit?\u00a0\u00bb tab_id=\u00a0\u00bbfaq-2&Prime;][vc_column_text]Nous [&hellip;]","og_url":"https:\/\/relaxsrl.com\/fr\/assistance-technique\/faq\/","og_site_name":"Relax srl","article_modified_time":"2021-11-17T16:55:10+00:00","twitter_card":"summary_large_image","twitter_misc":{"Dur\u00e9e de lecture estim\u00e9e":"9 minutes"},"schema":{"@context":"https:\/\/schema.org","@graph":[{"@type":"WebSite","@id":"https:\/\/relaxsrl.com\/#website","url":"https:\/\/relaxsrl.com\/","name":"Relax srl","description":"","potentialAction":[{"@type":"SearchAction","target":{"@type":"EntryPoint","urlTemplate":"https:\/\/relaxsrl.com\/?s={search_term_string}"},"query-input":"required name=search_term_string"}],"inLanguage":"fr-FR"},{"@type":"ImageObject","inLanguage":"fr-FR","@id":"https:\/\/relaxsrl.com\/fr\/assistance-technique\/faq\/#primaryimage","url":"https:\/\/relaxsrl.com\/website\/wp-content\/uploads\/2022\/01\/centri-assistenza.jpg","contentUrl":"https:\/\/relaxsrl.com\/website\/wp-content\/uploads\/2022\/01\/centri-assistenza.jpg","width":960,"height":660,"caption":"area architetti ricerca centro assistenza su mappa con puntine rosse"},{"@type":"WebPage","@id":"https:\/\/relaxsrl.com\/fr\/assistance-technique\/faq\/#webpage","url":"https:\/\/relaxsrl.com\/fr\/assistance-technique\/faq\/","name":"FAQ - Relax srl","isPartOf":{"@id":"https:\/\/relaxsrl.com\/#website"},"primaryImageOfPage":{"@id":"https:\/\/relaxsrl.com\/fr\/assistance-technique\/faq\/#primaryimage"},"datePublished":"2021-11-17T16:55:09+00:00","dateModified":"2021-11-17T16:55:10+00:00","breadcrumb":{"@id":"https:\/\/relaxsrl.com\/fr\/assistance-technique\/faq\/#breadcrumb"},"inLanguage":"fr-FR","potentialAction":[{"@type":"ReadAction","target":["https:\/\/relaxsrl.com\/fr\/assistance-technique\/faq\/"]}]},{"@type":"BreadcrumbList","@id":"https:\/\/relaxsrl.com\/fr\/assistance-technique\/faq\/#breadcrumb","itemListElement":[{"@type":"ListItem","position":1,"name":"Assistance technique","item":"https:\/\/relaxsrl.com\/fr\/assistance-technique\/"},{"@type":"ListItem","position":2,"name":"FAQ"}]}]}},"_links":{"self":[{"href":"https:\/\/relaxsrl.com\/fr\/wp-json\/wp\/v2\/pages\/11323"}],"collection":[{"href":"https:\/\/relaxsrl.com\/fr\/wp-json\/wp\/v2\/pages"}],"about":[{"href":"https:\/\/relaxsrl.com\/fr\/wp-json\/wp\/v2\/types\/page"}],"author":[{"embeddable":true,"href":"https:\/\/relaxsrl.com\/fr\/wp-json\/wp\/v2\/users\/3"}],"replies":[{"embeddable":true,"href":"https:\/\/relaxsrl.com\/fr\/wp-json\/wp\/v2\/comments?post=11323"}],"version-history":[{"count":2,"href":"https:\/\/relaxsrl.com\/fr\/wp-json\/wp\/v2\/pages\/11323\/revisions"}],"predecessor-version":[{"id":11325,"href":"https:\/\/relaxsrl.com\/fr\/wp-json\/wp\/v2\/pages\/11323\/revisions\/11325"}],"up":[{"embeddable":true,"href":"https:\/\/relaxsrl.com\/fr\/wp-json\/wp\/v2\/pages\/11318"}],"wp:featuredmedia":[{"embeddable":true,"href":"https:\/\/relaxsrl.com\/fr\/wp-json\/wp\/v2\/media\/16350"}],"wp:attachment":[{"href":"https:\/\/relaxsrl.com\/fr\/wp-json\/wp\/v2\/media?parent=11323"}],"curies":[{"name":"wp","href":"https:\/\/api.w.org\/{rel}","templated":true}]}}