{"id":11326,"date":"2021-11-17T18:05:15","date_gmt":"2021-11-17T17:05:15","guid":{"rendered":"http:\/\/relaxsrl.com\/societe\/"},"modified":"2025-04-30T14:51:53","modified_gmt":"2025-04-30T12:51:53","slug":"societe","status":"publish","type":"page","link":"https:\/\/relaxsrl.com\/fr\/societe\/","title":{"rendered":"Soci\u00e9t\u00e9"},"content":{"rendered":"<p>[vc_row full_width=\u00a0\u00bbstretch_row\u00a0\u00bb content_placement=\u00a0\u00bbmiddle\u00a0\u00bb el_class=\u00a0\u00bbintro-row intro-row-grey\u00a0\u00bb][vc_column][vc_column_text]<\/p>\n<h1>Relax, fabriqu\u00e9 en Italie<\/h1>\n<p>[\/vc_column_text][\/vc_column][\/vc_row][vc_row el_class=\u00a0\u00bbrow-path\u00a0\u00bb][vc_column][vc_column_text][\/vc_column_text][\/vc_column][\/vc_row][vc_row][vc_column][vc_single_image image=\u00a0\u00bb11088&Prime; img_size=\u00a0\u00bbfull\u00a0\u00bb][\/vc_column][\/vc_row][vc_row][vc_column width=\u00a0\u00bb1\/6&Prime;][\/vc_column][vc_column width=\u00a0\u00bb2\/3&Prime;][vc_empty_space height=\u00a0\u00bb40px\u00a0\u00bb][vc_column_text el_class=\u00a0\u00bbtxt-blue abstract weight500&Prime;]Relax est situ\u00e9e \u00e0 proximit\u00e9 imm\u00e9diate de Venise. Le chef-lieu v\u00e9nitien est en effet un exemple de parfaite fusion d\u2019art, culture et environnement qui inspire notre entreprise avec ses traditions de produits uniques r\u00e9alis\u00e9s avec une grande habilet\u00e9. Une ville aux mille visages qui continue \u00e0 nous inspirer. L&rsquo;amour de cette ville pour l\u2019eau, sa capacit\u00e9 d\u2019adaptation \u00e0 la modernit\u00e9 des temps font partie des valeurs que Relax partage avec elle dans son esprit d\u2019entreprise.[\/vc_column_text][vc_empty_space height=\u00a0\u00bb35px\u00a0\u00bb][\/vc_column][\/vc_row][vc_row][vc_column width=\u00a0\u00bb1\/6&Prime;][\/vc_column][vc_column width=\u00a0\u00bb2\/3&Prime;][vc_column_text]<\/p>\n<h2>Relax depuis 2003<\/h2>\n<p>C\u2019\u00e9tait en 2003 quand Dimitri Camolese et Adelino Conte se rencontr\u00e8rent pour fonder Relax, en marquant ainsi le d\u00e9but d\u2019une longue histoire. L\u2019engagement des deux entrepreneurs ainsi que le professionnalisme de leur jeune \u00e9quipe, assur\u00e8rent d\u00e8s le d\u00e9but le succ\u00e8s d\u2019une jeune entreprise. Au cours du temps Relax a consolid\u00e9 sa position sur le march\u00e9 des cabines de douche: l\u2019entreprise mise sur l\u2019innovation et, avec son D\u00e9partement de Recherche et D\u00e9veloppement, r\u00e9alise toujours des solutions nouvelles et sp\u00e9cifiques pour des cabines de douche de haute technologie.[\/vc_column_text][vc_empty_space height=\u00a0\u00bb40px\u00a0\u00bb][\/vc_column][\/vc_row][vc_row][vc_column width=\u00a0\u00bb1\/6&Prime;][\/vc_column][vc_column width=\u00a0\u00bb2\/3&Prime;][vc_column_text]<\/p>\n<h2>Un lien \u00e9troit avec le territoire<\/h2>\n<p>Relax est situ\u00e9e \u00e0 proximit\u00e9 imm\u00e9diate de Venise. Le chef-lieu v\u00e9nitien est en effet un exemple de parfaite fusion d\u2019art, culture et environnement qui inspire notre entreprise avec ses traditions de produits uniques r\u00e9alis\u00e9s avec une grande habilet\u00e9. Une ville aux mille visages qui continue \u00e0 nous inspirer. L&rsquo;amour de cette ville pour l\u2019eau, sa capacit\u00e9 d\u2019adaptation \u00e0 la modernit\u00e9 des temps font partie des valeurs que Relax partage avec elle dans son esprit d\u2019entreprise.[\/vc_column_text][vc_empty_space height=\u00a0\u00bb40px\u00a0\u00bb][\/vc_column][\/vc_row][vc_row][vc_column width=\u00a0\u00bb1\/6&Prime;][\/vc_column][vc_column width=\u00a0\u00bb2\/3&Prime;][vc_column_text]<\/p>\n<h2>Un succ\u00e8s non seulement italien en chiffres<\/h2>\n<p>Le chiffre d\u2019affaires, en croissance constante, a fait de Relax une certitude dans le paysage industriel italien. Mais, au-del\u00e0 des chiffres, il y a des personnes: 35 professionnels sont les r\u00e9els protagonistes de son succ\u00e8s. Un succ\u00e8s qui dure dans le temps et se d\u00e9veloppe sur le territoire parce que Relax est pr\u00e9sente non seulement dans tout le pays, mais a r\u00e9ussi \u00e0 faire son chemin aussi sur les march\u00e9s internationaux. Ses produits sont toujours le mieux de ce que le march\u00e9 offre et ils r\u00e9solvent les probl\u00e8mes simples, quotidiens ainsi que les plus complexes.[\/vc_column_text][vc_empty_space height=\u00a0\u00bb40px\u00a0\u00bb][\/vc_column][\/vc_row][vc_row][vc_column width=\u00a0\u00bb1\/6&Prime;][\/vc_column][vc_column width=\u00a0\u00bb2\/3&Prime;][vc_column_text]<\/p>\n<h2>La vraie force d\u2019un leadership<\/h2>\n<p>En 2014 Relax a re\u00e7u une prestigieuse reconnaissance qui est aussi la confirmation officielle de la validit\u00e9 de ses produits: la certification TUV Sud. Un prix au professionnalisme des personnes qui travaillent pour Relax, aux syst\u00e8mes avanc\u00e9s de conception et d\u00e9veloppement de produits nouveaux, \u00e0 un syst\u00e8me rationnel de production, \u00e0 un contr\u00f4le minutieux des marchandises, \u00e0 un service client qui n\u2019a pas d\u2019\u00e9gal.[\/vc_column_text][vc_empty_space height=\u00a0\u00bb40px\u00a0\u00bb][\/vc_column][\/vc_row][vc_row][vc_column width=\u00a0\u00bb1\/6&Prime;][\/vc_column][vc_column width=\u00a0\u00bb2\/3&Prime;][vc_column_text]<\/p>\n<h2>La technologie au service de la qualit\u00e9<\/h2>\n<p>Les composants essentiels d\u2019un produit Relax sont le verre et l\u2019aluminium, lesquels en d\u00e9terminent la flexibilit\u00e9 et la r\u00e9sistance. Cependant, ces mat\u00e9riaux \u00e0 l\u2019\u00e9tat pur ne sont que le point de d\u00e9part, un premier pas vers la qualit\u00e9 du produit final. D\u2019autres passages sont d\u00e9cisifs et c\u2019est gr\u00e2ce \u00e0 son laboratoire de recherche et son personnel qu\u2019il est possible de les r\u00e9aliser. En effet, pour chaque cabine de douche il faut identifier l\u2019aluminium et le verre qui garantissent les meilleures performances.<br \/>\nRelax met au point des pr\u00e9cis\u00e9s technologies de transformation du mat\u00e9riel, en v\u00e9rifiant constamment toutes les \u00e9tapes du processus de production.<br \/>\nLa cabine de douche est suivie et elle est soumise \u00e0 toute une gamme de tests.<br \/>\nLe contr\u00f4le Qualit\u00e9 est le garant de la qualit\u00e9 totale des produits Relax.<br \/>\n[\/vc_column_text][vc_empty_space height=\u00a0\u00bb40px\u00a0\u00bb][\/vc_column][\/vc_row][vc_row][vc_column width=\u00a0\u00bb1\/6&Prime;][\/vc_column][vc_column width=\u00a0\u00bb2\/3&Prime;][vc_column_text]<\/p>\n<h2>D\u00e9veloppement durable<\/h2>\n<p>Chaque jour nous nous engageons \u00e0 garantir un d\u00e9veloppement durable de notre entreprise. Nous utilisons des mat\u00e9riaux comme le verre et l\u2019aluminium qui sont 100% recyclables, ainsi que l\u2019emballage de nos produits, en carton, recyclable lui-m\u00eame. Pendant le 2021 nous avons choisi d\u2019imprimer notre nouveau catalogue avec du papier d\u2019origine Europ\u00e9enne, certifi\u00e9 et provenant d\u2019une fili\u00e8re contr\u00f4l\u00e9e et durable. En m\u00eame temps, la technologie d\u2019impression H-UV employ\u00e9e sur la couverture n\u2019utilise pas de peintures nocives pour l\u2019environnement.[\/vc_column_text][vc_empty_space height=\u00a0\u00bb40px\u00a0\u00bb][\/vc_column][\/vc_row][vc_row][vc_column width=\u00a0\u00bb1\/6&Prime;][\/vc_column][vc_column width=\u00a0\u00bb2\/3&Prime;][vc_column_text]<\/p>\n<h2>Le service total<\/h2>\n<p>Relax offre une gamme de produits diversifi\u00e9e et absolument compl\u00e8te, capable donc de satisfaire toute exigence du consommateur. Plus la gamme des cabines de douche est diversifi\u00e9e et riche, plus puissante l\u2019organisation qui les g\u00e8rent doit \u00eatre. Les livraisons sont rapides et ponctuelles. La force de vente assure un \u00e9ventail complet de services, comme l\u2019assistance commerciale et technique, la consultation sur tout projet personnalise et sur mesure.[\/vc_column_text][vc_empty_space height=\u00a0\u00bb100px\u00a0\u00bb][\/vc_column][\/vc_row][vc_row full_width=\u00a0\u00bbstretch_row_content_no_spaces\u00a0\u00bb equal_height=\u00a0\u00bbyes\u00a0\u00bb content_placement=\u00a0\u00bbmiddle\u00a0\u00bb el_class=\u00a0\u00bbrow-over-footer row-cta-over-footer\u00a0\u00bb][vc_column width=\u00a0\u00bb1\/2&Prime;][vc_single_image image=\u00a0\u00bb2224&Prime; img_size=\u00a0\u00bbfull\u00a0\u00bb][\/vc_column][vc_column width=\u00a0\u00bb1\/2&Prime; css=\u00a0\u00bb.vc_custom_1632996926557{background-image: url(http:\/\/relaxsrl.com\/wp-content\/uploads\/2021\/09\/cta-nicchia-opaco.jpg?id=2226) !important;background-position: center !important;background-repeat: no-repeat !important;background-size: cover !important;}\u00a0\u00bb el_class=\u00a0\u00bbrow-cta-over-footer-col-text\u00a0\u00bb][vc_row_inner][vc_column_inner width=\u00a0\u00bb1\/4&Prime;][\/vc_column_inner][vc_column_inner width=\u00a0\u00bb1\/2&Prime;][vc_column_text]<\/p>\n<h2 style=\"text-align: center;\">\u00catre inspir\u00e9!<\/h2>\n<p style=\"text-align: center;\">Voir des exemples de salles de bains dans des styles contemporains, modernes, rustiques et plus encore. Relax r\u00e9alise vos souhaits.<\/p>\n<p>[\/vc_column_text][vc_btn title=\u00a0\u00bbALLER AUX ESPACES\u00a0\u00bb style=\u00a0\u00bbclassic\u00a0\u00bb shape=\u00a0\u00bbsquare\u00a0\u00bb color=\u00a0\u00bbwhite\u00a0\u00bb align=\u00a0\u00bbcenter\u00a0\u00bb el_class=\u00a0\u00bbbtn-default-white\u00a0\u00bb link=\u00a0\u00bburl:http%3A%2F%2Frelaxsrl.com%2Ffr%2Fproduits%2Fenvironnements-de-salle-de-bain%2F|title:Configurateur\u00a0\u00bb][\/vc_column_inner][vc_column_inner width=\u00a0\u00bb1\/4&Prime;][\/vc_column_inner][\/vc_row_inner][\/vc_column][\/vc_row]<\/p>\n","protected":false},"excerpt":{"rendered":"<p>[vc_row full_width=\u00a0\u00bbstretch_row\u00a0\u00bb content_placement=\u00a0\u00bbmiddle\u00a0\u00bb el_class=\u00a0\u00bbintro-row intro-row-grey\u00a0\u00bb][vc_column][vc_column_text] Relax, fabriqu\u00e9 en Italie [\/vc_column_text][\/vc_column][\/vc_row][vc_row el_class=\u00a0\u00bbrow-path\u00a0\u00bb][vc_column][vc_column_text][\/vc_column_text][\/vc_column][\/vc_row][vc_row][vc_column][vc_single_image image=\u00a0\u00bb11088&Prime; img_size=\u00a0\u00bbfull\u00a0\u00bb][\/vc_column][\/vc_row][vc_row][vc_column width=\u00a0\u00bb1\/6&Prime;][\/vc_column][vc_column width=\u00a0\u00bb2\/3&Prime;][vc_empty_space height=\u00a0\u00bb40px\u00a0\u00bb][vc_column_text el_class=\u00a0\u00bbtxt-blue abstract weight500&Prime;]Relax est situ\u00e9e \u00e0 proximit\u00e9 imm\u00e9diate de Venise. Le chef-lieu v\u00e9nitien est en effet un exemple de parfaite fusion d\u2019art, culture et environnement qui inspire notre entreprise avec ses traditions de produits uniques r\u00e9alis\u00e9s avec une grande [&hellip;]<\/p>\n","protected":false},"author":3,"featured_media":11088,"parent":0,"menu_order":0,"comment_status":"closed","ping_status":"closed","template":"","meta":[],"acf":[],"yoast_head":"<!-- This site is optimized with the Yoast SEO Premium plugin v18.4 (Yoast SEO v18.8) - https:\/\/yoast.com\/wordpress\/plugins\/seo\/ -->\n<title>Soci\u00e9t\u00e9 - Relax srl<\/title>\n<meta name=\"robots\" content=\"index, follow, max-snippet:-1, max-image-preview:large, max-video-preview:-1\" \/>\n<link rel=\"canonical\" href=\"https:\/\/relaxsrl.com\/fr\/societe\/\" \/>\n<meta property=\"og:locale\" content=\"fr_FR\" \/>\n<meta property=\"og:type\" content=\"article\" \/>\n<meta property=\"og:title\" content=\"Soci\u00e9t\u00e9 - Relax srl\" \/>\n<meta property=\"og:description\" content=\"[vc_row full_width=\u00a0\u00bbstretch_row\u00a0\u00bb content_placement=\u00a0\u00bbmiddle\u00a0\u00bb el_class=\u00a0\u00bbintro-row intro-row-grey\u00a0\u00bb][vc_column][vc_column_text] Relax, fabriqu\u00e9 en Italie [\/vc_column_text][\/vc_column][\/vc_row][vc_row el_class=\u00a0\u00bbrow-path\u00a0\u00bb][vc_column][vc_column_text][\/vc_column_text][\/vc_column][\/vc_row][vc_row][vc_column][vc_single_image image=\u00a0\u00bb11088&Prime; img_size=\u00a0\u00bbfull\u00a0\u00bb][\/vc_column][\/vc_row][vc_row][vc_column width=\u00a0\u00bb1\/6&Prime;][\/vc_column][vc_column width=\u00a0\u00bb2\/3&Prime;][vc_empty_space height=\u00a0\u00bb40px\u00a0\u00bb][vc_column_text el_class=\u00a0\u00bbtxt-blue abstract weight500&Prime;]Relax est situ\u00e9e \u00e0 proximit\u00e9 imm\u00e9diate de Venise. Le chef-lieu v\u00e9nitien est en effet un exemple de parfaite fusion d\u2019art, culture et environnement qui inspire notre entreprise avec ses traditions de produits uniques r\u00e9alis\u00e9s avec une grande [&hellip;]\" \/>\n<meta property=\"og:url\" content=\"https:\/\/relaxsrl.com\/fr\/societe\/\" \/>\n<meta property=\"og:site_name\" content=\"Relax srl\" \/>\n<meta property=\"article:modified_time\" content=\"2025-04-30T12:51:53+00:00\" \/>\n<meta property=\"og:image\" content=\"https:\/\/relaxsrl.com\/website\/wp-content\/uploads\/2021\/11\/67A4458C_modificata.jpg\" \/>\n\t<meta property=\"og:image:width\" content=\"1920\" \/>\n\t<meta property=\"og:image:height\" content=\"1080\" \/>\n\t<meta property=\"og:image:type\" content=\"image\/jpeg\" \/>\n<meta name=\"twitter:card\" content=\"summary_large_image\" \/>\n<meta name=\"twitter:label1\" content=\"Dur\u00e9e de lecture estim\u00e9e\" \/>\n\t<meta name=\"twitter:data1\" content=\"5 minutes\" \/>\n<script type=\"application\/ld+json\" class=\"yoast-schema-graph\">{\"@context\":\"https:\/\/schema.org\",\"@graph\":[{\"@type\":\"WebSite\",\"@id\":\"https:\/\/relaxsrl.com\/#website\",\"url\":\"https:\/\/relaxsrl.com\/\",\"name\":\"Relax srl\",\"description\":\"\",\"potentialAction\":[{\"@type\":\"SearchAction\",\"target\":{\"@type\":\"EntryPoint\",\"urlTemplate\":\"https:\/\/relaxsrl.com\/?s={search_term_string}\"},\"query-input\":\"required name=search_term_string\"}],\"inLanguage\":\"fr-FR\"},{\"@type\":\"ImageObject\",\"inLanguage\":\"fr-FR\",\"@id\":\"https:\/\/relaxsrl.com\/fr\/societe\/#primaryimage\",\"url\":\"https:\/\/relaxsrl.com\/website\/wp-content\/uploads\/2021\/11\/67A4458C_modificata.jpg\",\"contentUrl\":\"https:\/\/relaxsrl.com\/website\/wp-content\/uploads\/2021\/11\/67A4458C_modificata.jpg\",\"width\":1920,\"height\":1080,\"caption\":\"Relax sede aziendale\"},{\"@type\":\"WebPage\",\"@id\":\"https:\/\/relaxsrl.com\/fr\/societe\/#webpage\",\"url\":\"https:\/\/relaxsrl.com\/fr\/societe\/\",\"name\":\"Soci\u00e9t\u00e9 - Relax srl\",\"isPartOf\":{\"@id\":\"https:\/\/relaxsrl.com\/#website\"},\"primaryImageOfPage\":{\"@id\":\"https:\/\/relaxsrl.com\/fr\/societe\/#primaryimage\"},\"datePublished\":\"2021-11-17T17:05:15+00:00\",\"dateModified\":\"2025-04-30T12:51:53+00:00\",\"breadcrumb\":{\"@id\":\"https:\/\/relaxsrl.com\/fr\/societe\/#breadcrumb\"},\"inLanguage\":\"fr-FR\",\"potentialAction\":[{\"@type\":\"ReadAction\",\"target\":[\"https:\/\/relaxsrl.com\/fr\/societe\/\"]}]},{\"@type\":\"BreadcrumbList\",\"@id\":\"https:\/\/relaxsrl.com\/fr\/societe\/#breadcrumb\",\"itemListElement\":[{\"@type\":\"ListItem\",\"position\":1,\"name\":\"Soci\u00e9t\u00e9\"}]}]}<\/script>\n<!-- \/ Yoast SEO Premium plugin. -->","yoast_head_json":{"title":"Soci\u00e9t\u00e9 - Relax srl","robots":{"index":"index","follow":"follow","max-snippet":"max-snippet:-1","max-image-preview":"max-image-preview:large","max-video-preview":"max-video-preview:-1"},"canonical":"https:\/\/relaxsrl.com\/fr\/societe\/","og_locale":"fr_FR","og_type":"article","og_title":"Soci\u00e9t\u00e9 - Relax srl","og_description":"[vc_row full_width=\u00a0\u00bbstretch_row\u00a0\u00bb content_placement=\u00a0\u00bbmiddle\u00a0\u00bb el_class=\u00a0\u00bbintro-row intro-row-grey\u00a0\u00bb][vc_column][vc_column_text] Relax, fabriqu\u00e9 en Italie [\/vc_column_text][\/vc_column][\/vc_row][vc_row el_class=\u00a0\u00bbrow-path\u00a0\u00bb][vc_column][vc_column_text][\/vc_column_text][\/vc_column][\/vc_row][vc_row][vc_column][vc_single_image image=\u00a0\u00bb11088&Prime; img_size=\u00a0\u00bbfull\u00a0\u00bb][\/vc_column][\/vc_row][vc_row][vc_column width=\u00a0\u00bb1\/6&Prime;][\/vc_column][vc_column width=\u00a0\u00bb2\/3&Prime;][vc_empty_space height=\u00a0\u00bb40px\u00a0\u00bb][vc_column_text el_class=\u00a0\u00bbtxt-blue abstract weight500&Prime;]Relax est situ\u00e9e \u00e0 proximit\u00e9 imm\u00e9diate de Venise. Le chef-lieu v\u00e9nitien est en effet un exemple de parfaite fusion d\u2019art, culture et environnement qui inspire notre entreprise avec ses traditions de produits uniques r\u00e9alis\u00e9s avec une grande [&hellip;]","og_url":"https:\/\/relaxsrl.com\/fr\/societe\/","og_site_name":"Relax srl","article_modified_time":"2025-04-30T12:51:53+00:00","og_image":[{"width":1920,"height":1080,"url":"https:\/\/relaxsrl.com\/website\/wp-content\/uploads\/2021\/11\/67A4458C_modificata.jpg","type":"image\/jpeg"}],"twitter_card":"summary_large_image","twitter_misc":{"Dur\u00e9e de lecture estim\u00e9e":"5 minutes"},"schema":{"@context":"https:\/\/schema.org","@graph":[{"@type":"WebSite","@id":"https:\/\/relaxsrl.com\/#website","url":"https:\/\/relaxsrl.com\/","name":"Relax srl","description":"","potentialAction":[{"@type":"SearchAction","target":{"@type":"EntryPoint","urlTemplate":"https:\/\/relaxsrl.com\/?s={search_term_string}"},"query-input":"required name=search_term_string"}],"inLanguage":"fr-FR"},{"@type":"ImageObject","inLanguage":"fr-FR","@id":"https:\/\/relaxsrl.com\/fr\/societe\/#primaryimage","url":"https:\/\/relaxsrl.com\/website\/wp-content\/uploads\/2021\/11\/67A4458C_modificata.jpg","contentUrl":"https:\/\/relaxsrl.com\/website\/wp-content\/uploads\/2021\/11\/67A4458C_modificata.jpg","width":1920,"height":1080,"caption":"Relax sede aziendale"},{"@type":"WebPage","@id":"https:\/\/relaxsrl.com\/fr\/societe\/#webpage","url":"https:\/\/relaxsrl.com\/fr\/societe\/","name":"Soci\u00e9t\u00e9 - Relax srl","isPartOf":{"@id":"https:\/\/relaxsrl.com\/#website"},"primaryImageOfPage":{"@id":"https:\/\/relaxsrl.com\/fr\/societe\/#primaryimage"},"datePublished":"2021-11-17T17:05:15+00:00","dateModified":"2025-04-30T12:51:53+00:00","breadcrumb":{"@id":"https:\/\/relaxsrl.com\/fr\/societe\/#breadcrumb"},"inLanguage":"fr-FR","potentialAction":[{"@type":"ReadAction","target":["https:\/\/relaxsrl.com\/fr\/societe\/"]}]},{"@type":"BreadcrumbList","@id":"https:\/\/relaxsrl.com\/fr\/societe\/#breadcrumb","itemListElement":[{"@type":"ListItem","position":1,"name":"Soci\u00e9t\u00e9"}]}]}},"_links":{"self":[{"href":"https:\/\/relaxsrl.com\/fr\/wp-json\/wp\/v2\/pages\/11326"}],"collection":[{"href":"https:\/\/relaxsrl.com\/fr\/wp-json\/wp\/v2\/pages"}],"about":[{"href":"https:\/\/relaxsrl.com\/fr\/wp-json\/wp\/v2\/types\/page"}],"author":[{"embeddable":true,"href":"https:\/\/relaxsrl.com\/fr\/wp-json\/wp\/v2\/users\/3"}],"replies":[{"embeddable":true,"href":"https:\/\/relaxsrl.com\/fr\/wp-json\/wp\/v2\/comments?post=11326"}],"version-history":[{"count":5,"href":"https:\/\/relaxsrl.com\/fr\/wp-json\/wp\/v2\/pages\/11326\/revisions"}],"predecessor-version":[{"id":31772,"href":"https:\/\/relaxsrl.com\/fr\/wp-json\/wp\/v2\/pages\/11326\/revisions\/31772"}],"wp:featuredmedia":[{"embeddable":true,"href":"https:\/\/relaxsrl.com\/fr\/wp-json\/wp\/v2\/media\/11088"}],"wp:attachment":[{"href":"https:\/\/relaxsrl.com\/fr\/wp-json\/wp\/v2\/media?parent=11326"}],"curies":[{"name":"wp","href":"https:\/\/api.w.org\/{rel}","templated":true}]}}