{"id":11333,"date":"2021-11-17T18:20:40","date_gmt":"2021-11-17T17:20:40","guid":{"rendered":"http:\/\/relaxsrl.com\/cabine-de-douche-etanche\/"},"modified":"2023-09-08T11:32:24","modified_gmt":"2023-09-08T09:32:24","slug":"cabine-de-douche-etanche","status":"publish","type":"page","link":"https:\/\/relaxsrl.com\/fr\/cabine-de-douche-etanche\/","title":{"rendered":"Cabine de douche \u00e9tanche"},"content":{"rendered":"<p>[vc_row full_width=\u00a0\u00bbstretch_row\u00a0\u00bb content_placement=\u00a0\u00bbmiddle\u00a0\u00bb el_class=\u00a0\u00bbintro-row\u00a0\u00bb][vc_column][vc_column_text]<\/p>\n<h1>Cabine de douche \u00e9tanche<\/h1>\n<p>[\/vc_column_text][\/vc_column][\/vc_row][vc_row el_class=\u00a0\u00bbrow-path\u00a0\u00bb][vc_column][vc_column_text][\/vc_column_text][\/vc_column][\/vc_row][vc_row][vc_column width=\u00a0\u00bb1\/6&Prime;][\/vc_column][vc_column width=\u00a0\u00bb2\/3&Prime;][vc_column_text el_class=\u00a0\u00bbtxt-blue abstract weight500&Prime;]La cabine de douche \u00e9tanche d\u00e9pend de la stabilit\u00e9 et de la fiabilit\u00e9 des joints qui la composent. Il est important de pr\u00e9ciser que l&rsquo;\u00e9tanch\u00e9it\u00e9 des joints doit \u00eatre test\u00e9e dans des conditions normales d&rsquo;utilisation. Malheureusement, il arrive souvent que la douchette soit point\u00e9e directement sur les joints. Ce mode n&rsquo;est pas consid\u00e9r\u00e9 comme un test valable. Toutes les solutions sont certifi\u00e9es <a href=\"https:\/\/www.tuvsud.com\/fr-fr\">T\u00dcV S\u00dcD<\/a>.[\/vc_column_text][vc_empty_space height=\u00a0\u00bb35px\u00a0\u00bb][\/vc_column][\/vc_row][vc_row][vc_column width=\u00a0\u00bb1\/6&Prime;][\/vc_column][vc_column width=\u00a0\u00bb2\/3&Prime;][vc_column_text]<\/p>\n<h2>L&rsquo;\u00e9tanch\u00e9it\u00e9 de la cabine de douche<\/h2>\n<p>L&rsquo;\u00e9tanch\u00e9it\u00e9 d&rsquo;une cabine de douche d\u00e9crit sa capacit\u00e9 \u00e0 \u00eatre <strong> \u00e9tanche en toute situation<\/strong>. Une bonne \u00e9tanch\u00e9it\u00e9 entre le mur, le receveur de douche et le mur de douche est garantie si l&rsquo;installation effectu\u00e9e par l&rsquo;installateur se fait en suivant les instructions de montage. Au lieu de cela, essayer d&#8217;emp\u00eacher l&rsquo;eau de s&rsquo;\u00e9chapper est de la responsabilit\u00e9 du fabricant.<br \/>\nAvec des mesures sophistiqu\u00e9es et n\u00e9cessaires, telles que des<strong> joints r\u00e9sistants, des profil\u00e9s am\u00e9lior\u00e9s et des petites pi\u00e8ces m\u00e9caniques<\/strong> qui perfectionnent et corrigent la circulation de l&rsquo;eau. Relax s&rsquo;assure que ses parois de douche correspondent le plus <a href=\"http: \/ \/relaxsrl.com\/certificazioni-relax\/\">normes de qualit\u00e9 \u00e9lev\u00e9es<\/a>.[\/vc_column_text][vc_empty_space height=\u00a0\u00bb20px\u00a0\u00bb][vc_single_image image=\u00a0\u00bb5717&Prime; img_size=\u00a0\u00bbfull\u00a0\u00bb][vc_empty_space height=\u00a0\u00bb35px\u00a0\u00bb][\/vc_column][\/vc_row][vc_row][vc_column width=\u00a0\u00bb1\/6&Prime;][\/vc_column][vc_column width=\u00a0\u00bb2\/3&Prime;][vc_column_text]<\/p>\n<h2>\u00c9tanch\u00e9it\u00e9 de la cabine de douche: comment positionner le pommeau de douche<\/h2>\n<p>Le positionnement de la pomme de douche est aussi important que critique, voyons ensemble pourquoi <strong>un bon positionnement peut faciliter l&rsquo;\u00e9coulement de l&rsquo;eau<\/strong>:<\/p>\n<p>&nbsp;<\/p>\n<ul>\n<li>Le positionnement le plus fonctionnel et le plus s\u00fbr se situe au-dessus de l&rsquo;\u00e9vacuation du receveur de douche: cela garantit un \u00e9coulement parfait de l&rsquo;eau vers son point de sortie<\/li>\n<li>La distance lat\u00e9rale minimale, si elle est d&rsquo;au moins 40 cm, permet une grande commodit\u00e9 pour exploiter le jet d&rsquo;eau \u00e0 l&rsquo;int\u00e9rieur de la cabine de douche<\/li>\n<\/ul>\n<p>[\/vc_column_text][vc_empty_space height=\u00a0\u00bb20px\u00a0\u00bb][vc_single_image image=\u00a0\u00bb23833&Prime; img_size=\u00a0\u00bbfull\u00a0\u00bb][vc_empty_space height=\u00a0\u00bb35px\u00a0\u00bb][\/vc_column][\/vc_row][vc_row][vc_column width=\u00a0\u00bb1\/6&Prime;][\/vc_column][vc_column width=\u00a0\u00bb2\/3&Prime;][vc_video link=\u00a0\u00bbhttp:\/\/vimeo.com\/642744368&Prime; align=\u00a0\u00bbcenter\u00a0\u00bb][\/vc_column][\/vc_row][vc_row][vc_column width=\u00a0\u00bb1\/6&Prime;][\/vc_column][vc_column width=\u00a0\u00bb2\/3&Prime;][vc_empty_space height=\u00a0\u00bb35px\u00a0\u00bb][\/vc_column][\/vc_row][vc_row][vc_column width=\u00a0\u00bb1\/6&Prime;][\/vc_column][vc_column width=\u00a0\u00bb2\/3&Prime;][vc_video link=\u00a0\u00bbhttp:\/\/vimeo.com\/642745078&Prime; align=\u00a0\u00bbcenter\u00a0\u00bb][\/vc_column][\/vc_row]<\/p>\n","protected":false},"excerpt":{"rendered":"<p>[vc_row full_width=\u00a0\u00bbstretch_row\u00a0\u00bb content_placement=\u00a0\u00bbmiddle\u00a0\u00bb el_class=\u00a0\u00bbintro-row\u00a0\u00bb][vc_column][vc_column_text] Cabine de douche \u00e9tanche [\/vc_column_text][\/vc_column][\/vc_row][vc_row el_class=\u00a0\u00bbrow-path\u00a0\u00bb][vc_column][vc_column_text][\/vc_column_text][\/vc_column][\/vc_row][vc_row][vc_column width=\u00a0\u00bb1\/6&Prime;][\/vc_column][vc_column width=\u00a0\u00bb2\/3&Prime;][vc_column_text el_class=\u00a0\u00bbtxt-blue abstract weight500&Prime;]La cabine de douche \u00e9tanche d\u00e9pend de la stabilit\u00e9 et de la fiabilit\u00e9 des joints qui la composent. Il est important de pr\u00e9ciser que l&rsquo;\u00e9tanch\u00e9it\u00e9 des joints doit \u00eatre test\u00e9e dans des conditions normales d&rsquo;utilisation. Malheureusement, il arrive souvent que la [&hellip;]<\/p>\n","protected":false},"author":3,"featured_media":23818,"parent":0,"menu_order":0,"comment_status":"closed","ping_status":"closed","template":"","meta":[],"acf":[],"yoast_head":"<!-- This site is optimized with the Yoast SEO Premium plugin v18.4 (Yoast SEO v18.8) - https:\/\/yoast.com\/wordpress\/plugins\/seo\/ -->\n<title>Cabine de douche \u00e9tanche - Relax srl<\/title>\n<meta name=\"description\" content=\"D\u00e9couvrez comment la cabine de douche \u00e9tanche Relax est certifi\u00e9e par T\u00dcV S\u00dcD et solide pour un usage quotidien.\" \/>\n<meta name=\"robots\" content=\"index, follow, max-snippet:-1, max-image-preview:large, max-video-preview:-1\" \/>\n<link rel=\"canonical\" href=\"https:\/\/relaxsrl.com\/fr\/cabine-de-douche-etanche\/\" \/>\n<meta property=\"og:locale\" content=\"fr_FR\" \/>\n<meta property=\"og:type\" content=\"article\" \/>\n<meta property=\"og:title\" content=\"Cabine de douche \u00e9tanche - Relax srl\" \/>\n<meta property=\"og:description\" content=\"D\u00e9couvrez comment la cabine de douche \u00e9tanche Relax est certifi\u00e9e par T\u00dcV S\u00dcD et solide pour un usage quotidien.\" \/>\n<meta property=\"og:url\" content=\"https:\/\/relaxsrl.com\/fr\/cabine-de-douche-etanche\/\" \/>\n<meta property=\"og:site_name\" content=\"Relax srl\" \/>\n<meta property=\"article:modified_time\" content=\"2023-09-08T09:32:24+00:00\" \/>\n<meta property=\"og:image\" content=\"https:\/\/relaxsrl.com\/website\/wp-content\/uploads\/2022\/09\/Articoli-Blog-2.jpg\" \/>\n\t<meta property=\"og:image:width\" content=\"1500\" \/>\n\t<meta property=\"og:image:height\" content=\"800\" \/>\n\t<meta property=\"og:image:type\" content=\"image\/jpeg\" \/>\n<meta name=\"twitter:card\" content=\"summary_large_image\" \/>\n<meta name=\"twitter:label1\" content=\"Dur\u00e9e de lecture estim\u00e9e\" \/>\n\t<meta name=\"twitter:data1\" content=\"2 minutes\" \/>\n<script type=\"application\/ld+json\" class=\"yoast-schema-graph\">{\"@context\":\"https:\/\/schema.org\",\"@graph\":[{\"@type\":\"WebSite\",\"@id\":\"https:\/\/relaxsrl.com\/#website\",\"url\":\"https:\/\/relaxsrl.com\/\",\"name\":\"Relax srl\",\"description\":\"\",\"potentialAction\":[{\"@type\":\"SearchAction\",\"target\":{\"@type\":\"EntryPoint\",\"urlTemplate\":\"https:\/\/relaxsrl.com\/?s={search_term_string}\"},\"query-input\":\"required name=search_term_string\"}],\"inLanguage\":\"fr-FR\"},{\"@type\":\"ImageObject\",\"inLanguage\":\"fr-FR\",\"@id\":\"https:\/\/relaxsrl.com\/fr\/cabine-de-douche-etanche\/#primaryimage\",\"url\":\"https:\/\/relaxsrl.com\/website\/wp-content\/uploads\/2022\/09\/Articoli-Blog-2.jpg\",\"contentUrl\":\"https:\/\/relaxsrl.com\/website\/wp-content\/uploads\/2022\/09\/Articoli-Blog-2.jpg\",\"width\":1500,\"height\":800},{\"@type\":\"WebPage\",\"@id\":\"https:\/\/relaxsrl.com\/fr\/cabine-de-douche-etanche\/#webpage\",\"url\":\"https:\/\/relaxsrl.com\/fr\/cabine-de-douche-etanche\/\",\"name\":\"Cabine de douche \u00e9tanche - Relax srl\",\"isPartOf\":{\"@id\":\"https:\/\/relaxsrl.com\/#website\"},\"primaryImageOfPage\":{\"@id\":\"https:\/\/relaxsrl.com\/fr\/cabine-de-douche-etanche\/#primaryimage\"},\"datePublished\":\"2021-11-17T17:20:40+00:00\",\"dateModified\":\"2023-09-08T09:32:24+00:00\",\"description\":\"D\u00e9couvrez comment la cabine de douche \u00e9tanche Relax est certifi\u00e9e par T\u00dcV S\u00dcD et solide pour un usage quotidien.\",\"breadcrumb\":{\"@id\":\"https:\/\/relaxsrl.com\/fr\/cabine-de-douche-etanche\/#breadcrumb\"},\"inLanguage\":\"fr-FR\",\"potentialAction\":[{\"@type\":\"ReadAction\",\"target\":[\"https:\/\/relaxsrl.com\/fr\/cabine-de-douche-etanche\/\"]}]},{\"@type\":\"BreadcrumbList\",\"@id\":\"https:\/\/relaxsrl.com\/fr\/cabine-de-douche-etanche\/#breadcrumb\",\"itemListElement\":[{\"@type\":\"ListItem\",\"position\":1,\"name\":\"Cabine de douche \u00e9tanche\"}]}]}<\/script>\n<!-- \/ Yoast SEO Premium plugin. -->","yoast_head_json":{"title":"Cabine de douche \u00e9tanche - Relax srl","description":"D\u00e9couvrez comment la cabine de douche \u00e9tanche Relax est certifi\u00e9e par T\u00dcV S\u00dcD et solide pour un usage quotidien.","robots":{"index":"index","follow":"follow","max-snippet":"max-snippet:-1","max-image-preview":"max-image-preview:large","max-video-preview":"max-video-preview:-1"},"canonical":"https:\/\/relaxsrl.com\/fr\/cabine-de-douche-etanche\/","og_locale":"fr_FR","og_type":"article","og_title":"Cabine de douche \u00e9tanche - Relax srl","og_description":"D\u00e9couvrez comment la cabine de douche \u00e9tanche Relax est certifi\u00e9e par T\u00dcV S\u00dcD et solide pour un usage quotidien.","og_url":"https:\/\/relaxsrl.com\/fr\/cabine-de-douche-etanche\/","og_site_name":"Relax srl","article_modified_time":"2023-09-08T09:32:24+00:00","og_image":[{"width":1500,"height":800,"url":"https:\/\/relaxsrl.com\/website\/wp-content\/uploads\/2022\/09\/Articoli-Blog-2.jpg","type":"image\/jpeg"}],"twitter_card":"summary_large_image","twitter_misc":{"Dur\u00e9e de lecture estim\u00e9e":"2 minutes"},"schema":{"@context":"https:\/\/schema.org","@graph":[{"@type":"WebSite","@id":"https:\/\/relaxsrl.com\/#website","url":"https:\/\/relaxsrl.com\/","name":"Relax srl","description":"","potentialAction":[{"@type":"SearchAction","target":{"@type":"EntryPoint","urlTemplate":"https:\/\/relaxsrl.com\/?s={search_term_string}"},"query-input":"required name=search_term_string"}],"inLanguage":"fr-FR"},{"@type":"ImageObject","inLanguage":"fr-FR","@id":"https:\/\/relaxsrl.com\/fr\/cabine-de-douche-etanche\/#primaryimage","url":"https:\/\/relaxsrl.com\/website\/wp-content\/uploads\/2022\/09\/Articoli-Blog-2.jpg","contentUrl":"https:\/\/relaxsrl.com\/website\/wp-content\/uploads\/2022\/09\/Articoli-Blog-2.jpg","width":1500,"height":800},{"@type":"WebPage","@id":"https:\/\/relaxsrl.com\/fr\/cabine-de-douche-etanche\/#webpage","url":"https:\/\/relaxsrl.com\/fr\/cabine-de-douche-etanche\/","name":"Cabine de douche \u00e9tanche - Relax srl","isPartOf":{"@id":"https:\/\/relaxsrl.com\/#website"},"primaryImageOfPage":{"@id":"https:\/\/relaxsrl.com\/fr\/cabine-de-douche-etanche\/#primaryimage"},"datePublished":"2021-11-17T17:20:40+00:00","dateModified":"2023-09-08T09:32:24+00:00","description":"D\u00e9couvrez comment la cabine de douche \u00e9tanche Relax est certifi\u00e9e par T\u00dcV S\u00dcD et solide pour un usage quotidien.","breadcrumb":{"@id":"https:\/\/relaxsrl.com\/fr\/cabine-de-douche-etanche\/#breadcrumb"},"inLanguage":"fr-FR","potentialAction":[{"@type":"ReadAction","target":["https:\/\/relaxsrl.com\/fr\/cabine-de-douche-etanche\/"]}]},{"@type":"BreadcrumbList","@id":"https:\/\/relaxsrl.com\/fr\/cabine-de-douche-etanche\/#breadcrumb","itemListElement":[{"@type":"ListItem","position":1,"name":"Cabine de douche \u00e9tanche"}]}]}},"_links":{"self":[{"href":"https:\/\/relaxsrl.com\/fr\/wp-json\/wp\/v2\/pages\/11333"}],"collection":[{"href":"https:\/\/relaxsrl.com\/fr\/wp-json\/wp\/v2\/pages"}],"about":[{"href":"https:\/\/relaxsrl.com\/fr\/wp-json\/wp\/v2\/types\/page"}],"author":[{"embeddable":true,"href":"https:\/\/relaxsrl.com\/fr\/wp-json\/wp\/v2\/users\/3"}],"replies":[{"embeddable":true,"href":"https:\/\/relaxsrl.com\/fr\/wp-json\/wp\/v2\/comments?post=11333"}],"version-history":[{"count":6,"href":"https:\/\/relaxsrl.com\/fr\/wp-json\/wp\/v2\/pages\/11333\/revisions"}],"predecessor-version":[{"id":29140,"href":"https:\/\/relaxsrl.com\/fr\/wp-json\/wp\/v2\/pages\/11333\/revisions\/29140"}],"wp:featuredmedia":[{"embeddable":true,"href":"https:\/\/relaxsrl.com\/fr\/wp-json\/wp\/v2\/media\/23818"}],"wp:attachment":[{"href":"https:\/\/relaxsrl.com\/fr\/wp-json\/wp\/v2\/media?parent=11333"}],"curies":[{"name":"wp","href":"https:\/\/api.w.org\/{rel}","templated":true}]}}