{"id":11347,"date":"2021-11-18T14:30:07","date_gmt":"2021-11-18T13:30:07","guid":{"rendered":"http:\/\/relaxsrl.com\/brevets-relax\/"},"modified":"2023-09-08T11:55:40","modified_gmt":"2023-09-08T09:55:40","slug":"brevets-relax","status":"publish","type":"page","link":"https:\/\/relaxsrl.com\/fr\/brevets-relax\/","title":{"rendered":"Brevets Relax"},"content":{"rendered":"<p>[vc_row full_width=\u00a0\u00bbstretch_row\u00a0\u00bb content_placement=\u00a0\u00bbmiddle\u00a0\u00bb el_class=\u00a0\u00bbintro-row\u00a0\u00bb][vc_column][vc_column_text]<\/p>\n<h1>Brevets Relax<\/h1>\n<p>[\/vc_column_text][\/vc_column][\/vc_row][vc_row el_class=\u00a0\u00bbrow-path\u00a0\u00bb][vc_column][vc_column_text][\/vc_column_text][\/vc_column][\/vc_row][vc_row][vc_column width=\u00a0\u00bb1\/6&Prime;][\/vc_column][vc_column width=\u00a0\u00bb2\/3&Prime;][vc_empty_space height=\u00a0\u00bb40px\u00a0\u00bb][vc_column_text el_class=\u00a0\u00bbtxt-blue abstract weight500&Prime;]Au fil des ann\u00e9es, les brevets Relax se sont multipli\u00e9s de plus en plus, dans la recherche de solutions esth\u00e9tiques et fonctionnelles. Fruit du travail et de l\u2019ing\u00e9niosit\u00e9 de son d\u00e9partement de recherche et d\u00e9veloppement. Notre d\u00e9sir de proposer des solutions (certifi\u00e9es <a href=\"https:\/\/www.tuvsud.com\/fr-fr\">T\u00dcV S\u00dcD<\/a>) nouvelles et originales s\u2019est concr\u00e9tis\u00e9 dans les suivants produits:[\/vc_column_text][vc_empty_space height=\u00a0\u00bb35px\u00a0\u00bb][\/vc_column][\/vc_row][vc_row][vc_column width=\u00a0\u00bb1\/6&Prime;][\/vc_column][vc_column width=\u00a0\u00bb2\/3&Prime;][vc_column_text]<\/p>\n<h2>Corbure du verre Bobox<\/h2>\n<p>La <a href=\"http:\/\/relaxsrl.com\/fr\/produits\/collections\/bobox\/\">collection Bobox<\/a>, de paroie fixe est caract\u00e9ris\u00e9e par une courbure du verre vers l\u2019int\u00e9rieur, \u00e9l\u00e9ment stylistique prot\u00e9g\u00e9 par un brevet ornemental qui le rend unique et incomparable. Particularit\u00e9 esth\u00e9tique qui en am\u00e9liore \u00e9galement ses fonctionnalit\u00e9s car elle aide \u00e0 contenir l\u2019eau. Une particularit\u00e9 absolue qui a valu \u00e0 Bobox la s\u00e9lection du jury pour le prix ADI Index annonc\u00e9 en 2018. Une reconnaissance du design au service de la fonctionnalit\u00e9.[\/vc_column_text][vc_empty_space height=\u00a0\u00bb40px\u00a0\u00bb][\/vc_column][\/vc_row][vc_row][vc_column width=\u00a0\u00bb1\/6&Prime;][\/vc_column][vc_column width=\u00a0\u00bb2\/3&Prime;][vc_column_text]<\/p>\n<h2>Profil de d\u00e9coration interchangeable<\/h2>\n<p>La <a href=\"http:\/\/relaxsrl.com\/fr\/produits\/collections\/puro\/\">collection Puro<\/a> de cabine de douche est caract\u00e9ris\u00e9e par un brevet ornemental. L\u2019\u00e9l\u00e9ment de grande nouveaut\u00e9 est l\u2019introduction d\u2019une finition du profil sup\u00e9rieure interchangeable et compl\u00e9t\u00e9 par un profil \u00e0 couverture des roulements de porte.[\/vc_column_text][vc_empty_space height=\u00a0\u00bb40px\u00a0\u00bb][\/vc_column][\/vc_row][vc_row][vc_column width=\u00a0\u00bb1\/6&Prime;][\/vc_column][vc_column width=\u00a0\u00bb2\/3&Prime;][vc_column_text]<\/p>\n<h2>Profil de d\u00e9coration interchangeable<\/h2>\n<p>La <a href=\"http:\/\/relaxsrl.com\/fr\/produits\/collections\/unico\/\">collection Unico<\/a> comme Puro, pr\u00e9sente une finition \u00e0 couverture du carter interne sup\u00e9rieur rempla\u00e7able, en diff\u00e9rente couleurs. Le brevet ornemental en d\u00e9finit l\u2019unicit\u00e9.[\/vc_column_text][vc_empty_space height=\u00a0\u00bb40px\u00a0\u00bb][\/vc_column][\/vc_row][vc_row][vc_column width=\u00a0\u00bb1\/6&Prime;][\/vc_column][vc_column width=\u00a0\u00bb2\/3&Prime;][vc_column_text]<\/p>\n<h2>Pomme de douche Byblos<\/h2>\n<p>La forme particuli\u00e8re de la <a href=\"http:\/\/relaxsrl.com\/fr\/produits\/collections\/byblos\/\">pomme de douche Byblos<\/a> est prot\u00e9g\u00e9 par un brevet Relax, ornemental. Ses rondeurs et ses angles \u00e9mouss\u00e9s sont une nouveaut\u00e9 absolue parmi les pommeaux de douche.[\/vc_column_text][vc_empty_space height=\u00a0\u00bb40px\u00a0\u00bb][\/vc_column][\/vc_row][vc_row][vc_column width=\u00a0\u00bb1\/6&Prime;][\/vc_column][vc_column width=\u00a0\u00bb2\/3&Prime;][vc_column_text]<\/p>\n<h2>L\u2019\u00e9tag\u00e8re stabilisatrice Oblique MV<\/h2>\n<p>Le dernier des brevets Relax. C\u2019est l\u2019\u00e9tag\u00e8re stabilisatrice qui conjugue design et fonctionnalit\u00e9 <a href=\"http:\/\/relaxsrl.com\/fr\/produit\/oblique-mv\/\">Oblique MV<\/a>. Esth\u00e9tiquement, il lib\u00e8re l&rsquo;espace sup\u00e9rieur de la paroi fixe tout en garantissant fonctionnellement le bon ajustement du verre dans le profil\u00e9. Oblique MV r\u00e9sout la situation o\u00f9 vous avez besoin d\u2019une barre de support, mais vous ne disposez pas dans la paroi oppos\u00e9e \u00e0 la vitre suffisamment d\u2019espace pour la placer.[\/vc_column_text][vc_empty_space height=\u00a0\u00bb100px\u00a0\u00bb][\/vc_column][\/vc_row]<\/p>\n","protected":false},"excerpt":{"rendered":"<p>[vc_row full_width=\u00a0\u00bbstretch_row\u00a0\u00bb content_placement=\u00a0\u00bbmiddle\u00a0\u00bb el_class=\u00a0\u00bbintro-row\u00a0\u00bb][vc_column][vc_column_text] Brevets Relax [\/vc_column_text][\/vc_column][\/vc_row][vc_row el_class=\u00a0\u00bbrow-path\u00a0\u00bb][vc_column][vc_column_text][\/vc_column_text][\/vc_column][\/vc_row][vc_row][vc_column width=\u00a0\u00bb1\/6&Prime;][\/vc_column][vc_column width=\u00a0\u00bb2\/3&Prime;][vc_empty_space height=\u00a0\u00bb40px\u00a0\u00bb][vc_column_text el_class=\u00a0\u00bbtxt-blue abstract weight500&Prime;]Au fil des ann\u00e9es, les brevets Relax se sont multipli\u00e9s de plus en plus, dans la recherche de solutions esth\u00e9tiques et fonctionnelles. Fruit du travail et de l\u2019ing\u00e9niosit\u00e9 de son d\u00e9partement de recherche et d\u00e9veloppement. Notre d\u00e9sir de proposer des solutions (certifi\u00e9es [&hellip;]<\/p>\n","protected":false},"author":3,"featured_media":25152,"parent":0,"menu_order":0,"comment_status":"closed","ping_status":"closed","template":"","meta":[],"acf":[],"yoast_head":"<!-- This site is optimized with the Yoast SEO Premium plugin v18.4 (Yoast SEO v18.8) - https:\/\/yoast.com\/wordpress\/plugins\/seo\/ -->\n<title>Brevets Relax - Relax srl<\/title>\n<meta name=\"description\" content=\"D\u00e9couvrez tous les brevets Relax. Nos produits sont garantis par une s\u00e9rie de brevets fonctionnels et esth\u00e9tiques. En savoir plus.\" \/>\n<meta name=\"robots\" content=\"index, follow, max-snippet:-1, max-image-preview:large, max-video-preview:-1\" \/>\n<link rel=\"canonical\" href=\"https:\/\/relaxsrl.com\/fr\/brevets-relax\/\" \/>\n<meta property=\"og:locale\" content=\"fr_FR\" \/>\n<meta property=\"og:type\" content=\"article\" \/>\n<meta property=\"og:title\" content=\"Brevets Relax - Relax srl\" \/>\n<meta property=\"og:description\" content=\"D\u00e9couvrez tous les brevets Relax. Nos produits sont garantis par une s\u00e9rie de brevets fonctionnels et esth\u00e9tiques. En savoir plus.\" \/>\n<meta property=\"og:url\" content=\"https:\/\/relaxsrl.com\/fr\/brevets-relax\/\" \/>\n<meta property=\"og:site_name\" content=\"Relax srl\" \/>\n<meta property=\"article:modified_time\" content=\"2023-09-08T09:55:40+00:00\" \/>\n<meta property=\"og:image\" content=\"https:\/\/relaxsrl.com\/website\/wp-content\/uploads\/2022\/12\/Articoli-Blog8.jpg\" \/>\n\t<meta property=\"og:image:width\" content=\"730\" \/>\n\t<meta property=\"og:image:height\" content=\"400\" \/>\n\t<meta property=\"og:image:type\" content=\"image\/jpeg\" \/>\n<meta name=\"twitter:card\" content=\"summary_large_image\" \/>\n<meta name=\"twitter:label1\" content=\"Dur\u00e9e de lecture estim\u00e9e\" \/>\n\t<meta name=\"twitter:data1\" content=\"2 minutes\" \/>\n<script type=\"application\/ld+json\" class=\"yoast-schema-graph\">{\"@context\":\"https:\/\/schema.org\",\"@graph\":[{\"@type\":\"WebSite\",\"@id\":\"https:\/\/relaxsrl.com\/#website\",\"url\":\"https:\/\/relaxsrl.com\/\",\"name\":\"Relax srl\",\"description\":\"\",\"potentialAction\":[{\"@type\":\"SearchAction\",\"target\":{\"@type\":\"EntryPoint\",\"urlTemplate\":\"https:\/\/relaxsrl.com\/?s={search_term_string}\"},\"query-input\":\"required name=search_term_string\"}],\"inLanguage\":\"fr-FR\"},{\"@type\":\"ImageObject\",\"inLanguage\":\"fr-FR\",\"@id\":\"https:\/\/relaxsrl.com\/fr\/brevets-relax\/#primaryimage\",\"url\":\"https:\/\/relaxsrl.com\/website\/wp-content\/uploads\/2022\/12\/Articoli-Blog8.jpg\",\"contentUrl\":\"https:\/\/relaxsrl.com\/website\/wp-content\/uploads\/2022\/12\/Articoli-Blog8.jpg\",\"width\":730,\"height\":400,\"caption\":\"Bobox box doccia curvato premiato ADI\"},{\"@type\":\"WebPage\",\"@id\":\"https:\/\/relaxsrl.com\/fr\/brevets-relax\/#webpage\",\"url\":\"https:\/\/relaxsrl.com\/fr\/brevets-relax\/\",\"name\":\"Brevets Relax - Relax srl\",\"isPartOf\":{\"@id\":\"https:\/\/relaxsrl.com\/#website\"},\"primaryImageOfPage\":{\"@id\":\"https:\/\/relaxsrl.com\/fr\/brevets-relax\/#primaryimage\"},\"datePublished\":\"2021-11-18T13:30:07+00:00\",\"dateModified\":\"2023-09-08T09:55:40+00:00\",\"description\":\"D\u00e9couvrez tous les brevets Relax. Nos produits sont garantis par une s\u00e9rie de brevets fonctionnels et esth\u00e9tiques. En savoir plus.\",\"breadcrumb\":{\"@id\":\"https:\/\/relaxsrl.com\/fr\/brevets-relax\/#breadcrumb\"},\"inLanguage\":\"fr-FR\",\"potentialAction\":[{\"@type\":\"ReadAction\",\"target\":[\"https:\/\/relaxsrl.com\/fr\/brevets-relax\/\"]}]},{\"@type\":\"BreadcrumbList\",\"@id\":\"https:\/\/relaxsrl.com\/fr\/brevets-relax\/#breadcrumb\",\"itemListElement\":[{\"@type\":\"ListItem\",\"position\":1,\"name\":\"Brevets Relax\"}]}]}<\/script>\n<!-- \/ Yoast SEO Premium plugin. -->","yoast_head_json":{"title":"Brevets Relax - Relax srl","description":"D\u00e9couvrez tous les brevets Relax. Nos produits sont garantis par une s\u00e9rie de brevets fonctionnels et esth\u00e9tiques. En savoir plus.","robots":{"index":"index","follow":"follow","max-snippet":"max-snippet:-1","max-image-preview":"max-image-preview:large","max-video-preview":"max-video-preview:-1"},"canonical":"https:\/\/relaxsrl.com\/fr\/brevets-relax\/","og_locale":"fr_FR","og_type":"article","og_title":"Brevets Relax - Relax srl","og_description":"D\u00e9couvrez tous les brevets Relax. Nos produits sont garantis par une s\u00e9rie de brevets fonctionnels et esth\u00e9tiques. En savoir plus.","og_url":"https:\/\/relaxsrl.com\/fr\/brevets-relax\/","og_site_name":"Relax srl","article_modified_time":"2023-09-08T09:55:40+00:00","og_image":[{"width":730,"height":400,"url":"https:\/\/relaxsrl.com\/website\/wp-content\/uploads\/2022\/12\/Articoli-Blog8.jpg","type":"image\/jpeg"}],"twitter_card":"summary_large_image","twitter_misc":{"Dur\u00e9e de lecture estim\u00e9e":"2 minutes"},"schema":{"@context":"https:\/\/schema.org","@graph":[{"@type":"WebSite","@id":"https:\/\/relaxsrl.com\/#website","url":"https:\/\/relaxsrl.com\/","name":"Relax srl","description":"","potentialAction":[{"@type":"SearchAction","target":{"@type":"EntryPoint","urlTemplate":"https:\/\/relaxsrl.com\/?s={search_term_string}"},"query-input":"required name=search_term_string"}],"inLanguage":"fr-FR"},{"@type":"ImageObject","inLanguage":"fr-FR","@id":"https:\/\/relaxsrl.com\/fr\/brevets-relax\/#primaryimage","url":"https:\/\/relaxsrl.com\/website\/wp-content\/uploads\/2022\/12\/Articoli-Blog8.jpg","contentUrl":"https:\/\/relaxsrl.com\/website\/wp-content\/uploads\/2022\/12\/Articoli-Blog8.jpg","width":730,"height":400,"caption":"Bobox box doccia curvato premiato ADI"},{"@type":"WebPage","@id":"https:\/\/relaxsrl.com\/fr\/brevets-relax\/#webpage","url":"https:\/\/relaxsrl.com\/fr\/brevets-relax\/","name":"Brevets Relax - Relax srl","isPartOf":{"@id":"https:\/\/relaxsrl.com\/#website"},"primaryImageOfPage":{"@id":"https:\/\/relaxsrl.com\/fr\/brevets-relax\/#primaryimage"},"datePublished":"2021-11-18T13:30:07+00:00","dateModified":"2023-09-08T09:55:40+00:00","description":"D\u00e9couvrez tous les brevets Relax. Nos produits sont garantis par une s\u00e9rie de brevets fonctionnels et esth\u00e9tiques. En savoir plus.","breadcrumb":{"@id":"https:\/\/relaxsrl.com\/fr\/brevets-relax\/#breadcrumb"},"inLanguage":"fr-FR","potentialAction":[{"@type":"ReadAction","target":["https:\/\/relaxsrl.com\/fr\/brevets-relax\/"]}]},{"@type":"BreadcrumbList","@id":"https:\/\/relaxsrl.com\/fr\/brevets-relax\/#breadcrumb","itemListElement":[{"@type":"ListItem","position":1,"name":"Brevets Relax"}]}]}},"_links":{"self":[{"href":"https:\/\/relaxsrl.com\/fr\/wp-json\/wp\/v2\/pages\/11347"}],"collection":[{"href":"https:\/\/relaxsrl.com\/fr\/wp-json\/wp\/v2\/pages"}],"about":[{"href":"https:\/\/relaxsrl.com\/fr\/wp-json\/wp\/v2\/types\/page"}],"author":[{"embeddable":true,"href":"https:\/\/relaxsrl.com\/fr\/wp-json\/wp\/v2\/users\/3"}],"replies":[{"embeddable":true,"href":"https:\/\/relaxsrl.com\/fr\/wp-json\/wp\/v2\/comments?post=11347"}],"version-history":[{"count":6,"href":"https:\/\/relaxsrl.com\/fr\/wp-json\/wp\/v2\/pages\/11347\/revisions"}],"predecessor-version":[{"id":29143,"href":"https:\/\/relaxsrl.com\/fr\/wp-json\/wp\/v2\/pages\/11347\/revisions\/29143"}],"wp:featuredmedia":[{"embeddable":true,"href":"https:\/\/relaxsrl.com\/fr\/wp-json\/wp\/v2\/media\/25152"}],"wp:attachment":[{"href":"https:\/\/relaxsrl.com\/fr\/wp-json\/wp\/v2\/media?parent=11347"}],"curies":[{"name":"wp","href":"https:\/\/api.w.org\/{rel}","templated":true}]}}