{"id":11350,"date":"2021-11-18T14:41:34","date_gmt":"2021-11-18T13:41:34","guid":{"rendered":"http:\/\/relaxsrl.com\/cas-limites\/"},"modified":"2023-09-08T11:24:53","modified_gmt":"2023-09-08T09:24:53","slug":"cabine-de-douche-situations-particulieres","status":"publish","type":"page","link":"https:\/\/relaxsrl.com\/fr\/cabine-de-douche-situations-particulieres\/","title":{"rendered":"Cabine de douche pour situations particuli\u00e8res"},"content":{"rendered":"<p>[vc_row full_width=\u00a0\u00bbstretch_row\u00a0\u00bb content_placement=\u00a0\u00bbmiddle\u00a0\u00bb el_class=\u00a0\u00bbintro-row\u00a0\u00bb][vc_column][vc_column_text]<\/p>\n<h1>Cabine de douche pour situations particuli\u00e8res<\/h1>\n<p>[\/vc_column_text][\/vc_column][\/vc_row][vc_row el_class=\u00a0\u00bbrow-path\u00a0\u00bb][vc_column][vc_column_text][\/vc_column_text][\/vc_column][\/vc_row][vc_row][vc_column width=\u00a0\u00bb1\/6&Prime;][\/vc_column][vc_column width=\u00a0\u00bb2\/3&Prime;][vc_column_text el_class=\u00a0\u00bbtxt-blue abstract weight500&Prime;]Il n\u2019y a rien de pire que d\u2019arriver au stade de l\u2019assemblage par le client et de d\u00e9couvrir que vous avez besoin d\u2019une cabine de douche pour des situations particuli\u00e8res. Mieux vaut donc revoir ensemble les cas limites pour \u00eatre reconnus \u00e0 temps. D\u00e9couvrez comment les produits Relax peuvent vous aider. Toutes les solutions sont certifi\u00e9es <a href=\"https:\/\/www.tuvsud.com\/fr-fr\">T\u00dcV S\u00dcD<\/a>.[\/vc_column_text][vc_empty_space height=\u00a0\u00bb35px\u00a0\u00bb][\/vc_column][\/vc_row][vc_row][vc_column width=\u00a0\u00bb1\/6&Prime;][\/vc_column][vc_column width=\u00a0\u00bb2\/3&Prime;][vc_column_text]<\/p>\n<h2>Espaces petits et hors bulles<\/h2>\n<p>Il arrive parfois de trouver des plats de douche peu profonds (70 cm ou moins), des pommeaux pr\u00e8s de la porte de douche ou la pr\u00e9sence d\u2019un plat de douche positionn\u00e9 \u00e0 bulle, dans ces cas nous recommandons une cabine de douche encadr\u00e9e, \u00e9ventuellement coulissante. <strong>La cabine de douche encadr\u00e9e (pour des situations particuli\u00e8res), avec la porte coulissante est une meilleur garantie en termes d\u2019\u00e9tanch\u00e9it\u00e9 \u00e0 l\u2019eau<\/strong>. Il est \u00e9galement conseill\u00e9 de placer le pommeau de douche de mani\u00e8re \u00e0 faciliter l\u2019\u00e9coulement de l\u2019eau, directement sur le plat de douche et pas contre les murs de la cabine de douche.[\/vc_column_text][vc_empty_space height=\u00a0\u00bb20px\u00a0\u00bb][vc_single_image image=\u00a0\u00bb5801&Prime; img_size=\u00a0\u00bbfull\u00a0\u00bb][vc_empty_space height=\u00a0\u00bb40px\u00a0\u00bb][\/vc_column][\/vc_row][vc_row][vc_column width=\u00a0\u00bb1\/6&Prime;][\/vc_column][vc_column width=\u00a0\u00bb2\/3&Prime;][vc_column_text]<\/p>\n<h2>Type de paroi de fixation<\/h2>\n<p>Dans le cas o\u00f9 la paroi d\u2019ancrage ne peut pas \u00eatre perc\u00e9e, nous recommandons l\u2019installation d\u2019une <strong>cabine de douche encadr\u00e9e pour des situations particuli\u00e8res<\/strong>, si possible autoportante, qui peut \u00eatre fix\u00e9e au mur avec des chevilles r\u00e9duites et du silicone pr\u00e9cis.[\/vc_column_text][vc_empty_space height=\u00a0\u00bb20px\u00a0\u00bb][vc_single_image image=\u00a0\u00bb5805&Prime; img_size=\u00a0\u00bbfull\u00a0\u00bb][vc_empty_space height=\u00a0\u00bb40px\u00a0\u00bb][\/vc_column][\/vc_row][vc_row][vc_column width=\u00a0\u00bb1\/6&Prime;][\/vc_column][vc_column width=\u00a0\u00bb2\/3&Prime;][vc_column_text]<\/p>\n<h2>Type de plancher de salle de bain<\/h2>\n<p>Selon le plancher de la salle de bain, les besoins d\u2019installation peuvent \u00e9galement changer. S\u2019il y a un plancher en bois, le plat de douche doit \u00eatre install\u00e9 sur le plat de douche et pas sur le sol, car il risquerait de se mouiller \u00e0 chaque utilisation. Nous recommandons une <strong>cabine de douche avec ouverture <\/strong>, car elle garantit un meilleur confinement.[\/vc_column_text][vc_empty_space height=\u00a0\u00bb20px\u00a0\u00bb][vc_single_image image=\u00a0\u00bb5809&Prime; img_size=\u00a0\u00bbfull\u00a0\u00bb][vc_empty_space height=\u00a0\u00bb40px\u00a0\u00bb][\/vc_column][\/vc_row][vc_row][vc_column width=\u00a0\u00bb1\/6&Prime;][\/vc_column][vc_column width=\u00a0\u00bb2\/3&Prime;][vc_column_text]<\/p>\n<h2>Pr\u00e9sence de fen\u00eatres ou d\u2019obstacles<\/h2>\n<p>Un probl\u00e8me commun lors de l\u2019installation d\u2019une cabine de douche dans situations particuli\u00e8res peut \u00eatre la pr\u00e9sence de fen\u00eatres ou d\u2019obstacles, qui risquent d\u2019emp\u00eacher le positionnement de la cabine dans la location pr\u00e9fix\u00e9e \u00e0 l\u2019int\u00e9rieur de la salle de bain. Pour nos produits, nous utilisons dans des conditions normales des barres de support qui se placent perpendiculairement au verre fixe de la cabine de douche. Quand un obstacle ne permet pas l\u2019ancrage de la barre de support, nous recommandons notre solution Oblique, une <strong>\u00e9tag\u00e8re avec fonction stabilisatrice qui remplace \u00e9l\u00e9gamment la barre de support<\/strong>. Sur la photo la solution <a href=\"https:\/\/relaxsrl.com\/fr\/produit\/wall-ob\/\"><strong>Wall OB<\/strong><\/a>.[\/vc_column_text][vc_empty_space height=\u00a0\u00bb20px\u00a0\u00bb][vc_single_image image=\u00a0\u00bb5813&Prime; img_size=\u00a0\u00bbfull\u00a0\u00bb][vc_empty_space height=\u00a0\u00bb40px\u00a0\u00bb][\/vc_column][\/vc_row][vc_row][vc_column width=\u00a0\u00bb1\/6&Prime;][\/vc_column][vc_column width=\u00a0\u00bb2\/3&Prime;][vc_column_text]<\/p>\n<h2>Perpendicularit\u00e9 des murs<\/h2>\n<p>Un autre facteur cl\u00e9 \u00e0 prendre en consid\u00e9ration est la perpendicularit\u00e9 des parois, qui \u00e0 premi\u00e8re vue peuvent sembler au plomb, et qui se r\u00e9v\u00e8lent par la suite l\u00e9g\u00e8rement inclin\u00e9es. Nous recommandons toujours une v\u00e9rification pr\u00e9alable, car l\u2019extensibilit\u00e9 d\u2019une cabine de douche peut ne pas \u00eatre suffisante pour compenser des inclinaisons importantes.[\/vc_column_text][vc_empty_space height=\u00a0\u00bb20px\u00a0\u00bb][vc_single_image image=\u00a0\u00bb5817&Prime; img_size=\u00a0\u00bbfull\u00a0\u00bb][vc_empty_space height=\u00a0\u00bb100px\u00a0\u00bb][\/vc_column][\/vc_row]<\/p>\n","protected":false},"excerpt":{"rendered":"<p>[vc_row full_width=\u00a0\u00bbstretch_row\u00a0\u00bb content_placement=\u00a0\u00bbmiddle\u00a0\u00bb el_class=\u00a0\u00bbintro-row\u00a0\u00bb][vc_column][vc_column_text] Cabine de douche pour situations particuli\u00e8res [\/vc_column_text][\/vc_column][\/vc_row][vc_row el_class=\u00a0\u00bbrow-path\u00a0\u00bb][vc_column][vc_column_text][\/vc_column_text][\/vc_column][\/vc_row][vc_row][vc_column width=\u00a0\u00bb1\/6&Prime;][\/vc_column][vc_column width=\u00a0\u00bb2\/3&Prime;][vc_column_text el_class=\u00a0\u00bbtxt-blue abstract weight500&Prime;]Il n\u2019y a rien de pire que d\u2019arriver au stade de l\u2019assemblage par le client et de d\u00e9couvrir que vous avez besoin d\u2019une cabine de douche pour des situations particuli\u00e8res. Mieux vaut donc revoir ensemble les cas limites pour [&hellip;]<\/p>\n","protected":false},"author":3,"featured_media":20729,"parent":0,"menu_order":0,"comment_status":"closed","ping_status":"closed","template":"","meta":[],"acf":[],"yoast_head":"<!-- This site is optimized with the Yoast SEO Premium plugin v18.4 (Yoast SEO v18.8) - https:\/\/yoast.com\/wordpress\/plugins\/seo\/ -->\n<title>Cabine de douche pour situations particuli\u00e8res - Relax srl<\/title>\n<meta name=\"description\" content=\"Un bref guide pour assembler la cabine de douche dans des situations particuli\u00e8res. D\u00e9couvrez les probl\u00e8mes les plus courants.\" \/>\n<meta name=\"robots\" content=\"index, follow, max-snippet:-1, max-image-preview:large, max-video-preview:-1\" \/>\n<link rel=\"canonical\" href=\"https:\/\/relaxsrl.com\/fr\/cabine-de-douche-situations-particulieres\/\" \/>\n<meta property=\"og:locale\" content=\"fr_FR\" \/>\n<meta property=\"og:type\" content=\"article\" \/>\n<meta property=\"og:title\" content=\"Cabine de douche pour situations particuli\u00e8res - Relax srl\" \/>\n<meta property=\"og:description\" content=\"Un bref guide pour assembler la cabine de douche dans des situations particuli\u00e8res. D\u00e9couvrez les probl\u00e8mes les plus courants.\" \/>\n<meta property=\"og:url\" content=\"https:\/\/relaxsrl.com\/fr\/cabine-de-douche-situations-particulieres\/\" \/>\n<meta property=\"og:site_name\" content=\"Relax srl\" \/>\n<meta property=\"article:modified_time\" content=\"2023-09-08T09:24:53+00:00\" \/>\n<meta property=\"og:image\" content=\"https:\/\/relaxsrl.com\/website\/wp-content\/uploads\/2022\/06\/Oblique3.jpg\" \/>\n\t<meta property=\"og:image:width\" content=\"730\" \/>\n\t<meta property=\"og:image:height\" content=\"600\" \/>\n\t<meta property=\"og:image:type\" content=\"image\/jpeg\" \/>\n<meta name=\"twitter:card\" content=\"summary_large_image\" \/>\n<meta name=\"twitter:label1\" content=\"Dur\u00e9e de lecture estim\u00e9e\" \/>\n\t<meta name=\"twitter:data1\" content=\"4 minutes\" \/>\n<script type=\"application\/ld+json\" class=\"yoast-schema-graph\">{\"@context\":\"https:\/\/schema.org\",\"@graph\":[{\"@type\":\"WebSite\",\"@id\":\"https:\/\/relaxsrl.com\/#website\",\"url\":\"https:\/\/relaxsrl.com\/\",\"name\":\"Relax srl\",\"description\":\"\",\"potentialAction\":[{\"@type\":\"SearchAction\",\"target\":{\"@type\":\"EntryPoint\",\"urlTemplate\":\"https:\/\/relaxsrl.com\/?s={search_term_string}\"},\"query-input\":\"required name=search_term_string\"}],\"inLanguage\":\"fr-FR\"},{\"@type\":\"ImageObject\",\"inLanguage\":\"fr-FR\",\"@id\":\"https:\/\/relaxsrl.com\/fr\/cabine-de-douche-situations-particulieres\/#primaryimage\",\"url\":\"https:\/\/relaxsrl.com\/website\/wp-content\/uploads\/2022\/06\/Oblique3.jpg\",\"contentUrl\":\"https:\/\/relaxsrl.com\/website\/wp-content\/uploads\/2022\/06\/Oblique3.jpg\",\"width\":730,\"height\":600,\"caption\":\"mensola funzionale\"},{\"@type\":\"WebPage\",\"@id\":\"https:\/\/relaxsrl.com\/fr\/cabine-de-douche-situations-particulieres\/#webpage\",\"url\":\"https:\/\/relaxsrl.com\/fr\/cabine-de-douche-situations-particulieres\/\",\"name\":\"Cabine de douche pour situations particuli\u00e8res - Relax srl\",\"isPartOf\":{\"@id\":\"https:\/\/relaxsrl.com\/#website\"},\"primaryImageOfPage\":{\"@id\":\"https:\/\/relaxsrl.com\/fr\/cabine-de-douche-situations-particulieres\/#primaryimage\"},\"datePublished\":\"2021-11-18T13:41:34+00:00\",\"dateModified\":\"2023-09-08T09:24:53+00:00\",\"description\":\"Un bref guide pour assembler la cabine de douche dans des situations particuli\u00e8res. D\u00e9couvrez les probl\u00e8mes les plus courants.\",\"breadcrumb\":{\"@id\":\"https:\/\/relaxsrl.com\/fr\/cabine-de-douche-situations-particulieres\/#breadcrumb\"},\"inLanguage\":\"fr-FR\",\"potentialAction\":[{\"@type\":\"ReadAction\",\"target\":[\"https:\/\/relaxsrl.com\/fr\/cabine-de-douche-situations-particulieres\/\"]}]},{\"@type\":\"BreadcrumbList\",\"@id\":\"https:\/\/relaxsrl.com\/fr\/cabine-de-douche-situations-particulieres\/#breadcrumb\",\"itemListElement\":[{\"@type\":\"ListItem\",\"position\":1,\"name\":\"Cabine de douche pour situations particuli\u00e8res\"}]}]}<\/script>\n<!-- \/ Yoast SEO Premium plugin. -->","yoast_head_json":{"title":"Cabine de douche pour situations particuli\u00e8res - Relax srl","description":"Un bref guide pour assembler la cabine de douche dans des situations particuli\u00e8res. D\u00e9couvrez les probl\u00e8mes les plus courants.","robots":{"index":"index","follow":"follow","max-snippet":"max-snippet:-1","max-image-preview":"max-image-preview:large","max-video-preview":"max-video-preview:-1"},"canonical":"https:\/\/relaxsrl.com\/fr\/cabine-de-douche-situations-particulieres\/","og_locale":"fr_FR","og_type":"article","og_title":"Cabine de douche pour situations particuli\u00e8res - Relax srl","og_description":"Un bref guide pour assembler la cabine de douche dans des situations particuli\u00e8res. D\u00e9couvrez les probl\u00e8mes les plus courants.","og_url":"https:\/\/relaxsrl.com\/fr\/cabine-de-douche-situations-particulieres\/","og_site_name":"Relax srl","article_modified_time":"2023-09-08T09:24:53+00:00","og_image":[{"width":730,"height":600,"url":"https:\/\/relaxsrl.com\/website\/wp-content\/uploads\/2022\/06\/Oblique3.jpg","type":"image\/jpeg"}],"twitter_card":"summary_large_image","twitter_misc":{"Dur\u00e9e de lecture estim\u00e9e":"4 minutes"},"schema":{"@context":"https:\/\/schema.org","@graph":[{"@type":"WebSite","@id":"https:\/\/relaxsrl.com\/#website","url":"https:\/\/relaxsrl.com\/","name":"Relax srl","description":"","potentialAction":[{"@type":"SearchAction","target":{"@type":"EntryPoint","urlTemplate":"https:\/\/relaxsrl.com\/?s={search_term_string}"},"query-input":"required name=search_term_string"}],"inLanguage":"fr-FR"},{"@type":"ImageObject","inLanguage":"fr-FR","@id":"https:\/\/relaxsrl.com\/fr\/cabine-de-douche-situations-particulieres\/#primaryimage","url":"https:\/\/relaxsrl.com\/website\/wp-content\/uploads\/2022\/06\/Oblique3.jpg","contentUrl":"https:\/\/relaxsrl.com\/website\/wp-content\/uploads\/2022\/06\/Oblique3.jpg","width":730,"height":600,"caption":"mensola funzionale"},{"@type":"WebPage","@id":"https:\/\/relaxsrl.com\/fr\/cabine-de-douche-situations-particulieres\/#webpage","url":"https:\/\/relaxsrl.com\/fr\/cabine-de-douche-situations-particulieres\/","name":"Cabine de douche pour situations particuli\u00e8res - Relax srl","isPartOf":{"@id":"https:\/\/relaxsrl.com\/#website"},"primaryImageOfPage":{"@id":"https:\/\/relaxsrl.com\/fr\/cabine-de-douche-situations-particulieres\/#primaryimage"},"datePublished":"2021-11-18T13:41:34+00:00","dateModified":"2023-09-08T09:24:53+00:00","description":"Un bref guide pour assembler la cabine de douche dans des situations particuli\u00e8res. D\u00e9couvrez les probl\u00e8mes les plus courants.","breadcrumb":{"@id":"https:\/\/relaxsrl.com\/fr\/cabine-de-douche-situations-particulieres\/#breadcrumb"},"inLanguage":"fr-FR","potentialAction":[{"@type":"ReadAction","target":["https:\/\/relaxsrl.com\/fr\/cabine-de-douche-situations-particulieres\/"]}]},{"@type":"BreadcrumbList","@id":"https:\/\/relaxsrl.com\/fr\/cabine-de-douche-situations-particulieres\/#breadcrumb","itemListElement":[{"@type":"ListItem","position":1,"name":"Cabine de douche pour situations particuli\u00e8res"}]}]}},"_links":{"self":[{"href":"https:\/\/relaxsrl.com\/fr\/wp-json\/wp\/v2\/pages\/11350"}],"collection":[{"href":"https:\/\/relaxsrl.com\/fr\/wp-json\/wp\/v2\/pages"}],"about":[{"href":"https:\/\/relaxsrl.com\/fr\/wp-json\/wp\/v2\/types\/page"}],"author":[{"embeddable":true,"href":"https:\/\/relaxsrl.com\/fr\/wp-json\/wp\/v2\/users\/3"}],"replies":[{"embeddable":true,"href":"https:\/\/relaxsrl.com\/fr\/wp-json\/wp\/v2\/comments?post=11350"}],"version-history":[{"count":5,"href":"https:\/\/relaxsrl.com\/fr\/wp-json\/wp\/v2\/pages\/11350\/revisions"}],"predecessor-version":[{"id":29136,"href":"https:\/\/relaxsrl.com\/fr\/wp-json\/wp\/v2\/pages\/11350\/revisions\/29136"}],"wp:featuredmedia":[{"embeddable":true,"href":"https:\/\/relaxsrl.com\/fr\/wp-json\/wp\/v2\/media\/20729"}],"wp:attachment":[{"href":"https:\/\/relaxsrl.com\/fr\/wp-json\/wp\/v2\/media?parent=11350"}],"curies":[{"name":"wp","href":"https:\/\/api.w.org\/{rel}","templated":true}]}}