{"id":11355,"date":"2021-11-18T14:47:30","date_gmt":"2021-11-18T13:47:30","guid":{"rendered":"http:\/\/relaxsrl.com\/certifications-relax\/"},"modified":"2023-09-12T10:40:45","modified_gmt":"2023-09-12T08:40:45","slug":"certifications-relax","status":"publish","type":"page","link":"https:\/\/relaxsrl.com\/fr\/certifications-relax\/","title":{"rendered":"Certifications Relax"},"content":{"rendered":"<p>[vc_row full_width=\u00a0\u00bbstretch_row\u00a0\u00bb content_placement=\u00a0\u00bbmiddle\u00a0\u00bb el_class=\u00a0\u00bbintro-row\u00a0\u00bb][vc_column][vc_column_text]<\/p>\n<h1>Certifications Relax<\/h1>\n<p>[\/vc_column_text][\/vc_column][\/vc_row][vc_row el_class=\u00a0\u00bbrow-path\u00a0\u00bb][vc_column][vc_column_text][\/vc_column_text][\/vc_column][\/vc_row][vc_row][vc_column width=\u00a0\u00bb1\/6&Prime;][\/vc_column][vc_column width=\u00a0\u00bb2\/3&Prime;][vc_column_text el_class=\u00a0\u00bbtxt-blue abstract weight500&Prime;]Les certifications Relax sont importantes. S\u00e9curit\u00e9 et fiabilit\u00e9 sont pour Relax des qualit\u00e9s imprescriptibles, pour cette raison nous comptons sur le plus important institut de certification Europ\u00e9enne pour soumettre <a href=\"https:\/\/relaxsrl.com\/prodotti\/tipologie\/box-doccia\/\">nos cabines de douche<\/a> aux tests les plus s\u00e9v\u00e8res.[\/vc_column_text][vc_empty_space height=\u00a0\u00bb35px\u00a0\u00bb][\/vc_column][\/vc_row][vc_row][vc_column width=\u00a0\u00bb1\/6&Prime;][\/vc_column][vc_column width=\u00a0\u00bb2\/3&Prime;][vc_column_text]<\/p>\n<h2>Certifications T\u00dcV S\u00dcD<\/h2>\n<p>Les certifications <a href=\"https:\/\/www.tuvsud.com\/fr-fr\">T\u00dcV S\u00dcD<\/a> nous permettent d\u2019am\u00e9liorer nos produits jours apr\u00e8s jours, en les rendant de plus en plus s\u00fbrs et durables.<br \/>\nEn particulier, les certificats obtenus d\u00e9montrent que nos cabine de douche sont excellentes dans:<\/p>\n<ul>\n<li>\n<h3>R\u00e9sistance et fatigue<\/h3>\n<p>Plus de 20.000 cycles d\u2019ouverture et fermeture de la porte. Une garantie de dur\u00e9e dans le temps pour ce qui est l\u2019action la plus fr\u00e9quente quand il s\u2019agit d\u2019une cabine de douche.<\/li>\n<li>\n<h3>Stabilit\u00e9<\/h3>\n<p>En cas de chute d\u2019une personne dans la cabine de douche, la paroi de la douche r\u00e9siste \u00e0 l\u2019impact. Dans ce cas la qualit\u00e9 garantit la s\u00e9curit\u00e9 de la personne.<\/li>\n<li>\n<h3>R\u00e9tention de l\u2019eau<\/h3>\n<p>La sortie de l\u2019eau de la cabine de douche est un probl\u00e8me pour beaucoup, nous nous sommes assur\u00e9s que nos cabines de douche respectent les plus hauts standards de qualit\u00e9 d\u2019\u00e9tanch\u00e9it\u00e9 \u00e0 l\u2019eau.<\/li>\n<li>\n<h3>Mat\u00e9riaux<\/h3>\n<p>Les mat\u00e9riaux que nous utilisons se sont distingu\u00e9s par leurs capacit\u00e9s telle que : facilit\u00e9 de nettoyage, durabilit\u00e9, sauvegarde de la s\u00e9curit\u00e9 des personnes.<\/li>\n<li><\/li>\n<\/ul>\n<p>[\/vc_column_text][vc_empty_space height=\u00a0\u00bb100px\u00a0\u00bb][\/vc_column][\/vc_row][vc_row][vc_column][vc_column_text]<\/p>\n<p>[\/vc_column_text][\/vc_column][\/vc_row]<\/p>\n","protected":false},"excerpt":{"rendered":"<p>[vc_row full_width=\u00a0\u00bbstretch_row\u00a0\u00bb content_placement=\u00a0\u00bbmiddle\u00a0\u00bb el_class=\u00a0\u00bbintro-row\u00a0\u00bb][vc_column][vc_column_text] Certifications Relax [\/vc_column_text][\/vc_column][\/vc_row][vc_row el_class=\u00a0\u00bbrow-path\u00a0\u00bb][vc_column][vc_column_text][\/vc_column_text][\/vc_column][\/vc_row][vc_row][vc_column width=\u00a0\u00bb1\/6&Prime;][\/vc_column][vc_column width=\u00a0\u00bb2\/3&Prime;][vc_column_text el_class=\u00a0\u00bbtxt-blue abstract weight500&Prime;]Les certifications Relax sont importantes. S\u00e9curit\u00e9 et fiabilit\u00e9 sont pour Relax des qualit\u00e9s imprescriptibles, pour cette raison nous comptons sur le plus important institut de certification Europ\u00e9enne pour soumettre nos cabines de douche aux tests les plus s\u00e9v\u00e8res.[\/vc_column_text][vc_empty_space height=\u00a0\u00bb35px\u00a0\u00bb][\/vc_column][\/vc_row][vc_row][vc_column width=\u00a0\u00bb1\/6&Prime;][\/vc_column][vc_column width=\u00a0\u00bb2\/3&Prime;][vc_column_text] Certifications T\u00dcV [&hellip;]<\/p>\n","protected":false},"author":3,"featured_media":22172,"parent":0,"menu_order":0,"comment_status":"closed","ping_status":"closed","template":"","meta":[],"acf":[],"yoast_head":"<!-- This site is optimized with the Yoast SEO Premium plugin v18.4 (Yoast SEO v18.8) - https:\/\/yoast.com\/wordpress\/plugins\/seo\/ -->\n<title>Certifications Relax - Relax srl<\/title>\n<meta name=\"description\" content=\"La s\u00e9curit\u00e9 et la fiabilit\u00e9 sont des qualit\u00e9s pour Relax. Avec les certifications, nous garantissons la qualit\u00e9 T\u00dcV S\u00dcD.\" \/>\n<meta name=\"robots\" content=\"index, follow, max-snippet:-1, max-image-preview:large, max-video-preview:-1\" \/>\n<link rel=\"canonical\" href=\"https:\/\/relaxsrl.com\/fr\/certifications-relax\/\" \/>\n<meta property=\"og:locale\" content=\"fr_FR\" \/>\n<meta property=\"og:type\" content=\"article\" \/>\n<meta property=\"og:title\" content=\"Certifications Relax - Relax srl\" \/>\n<meta property=\"og:description\" content=\"La s\u00e9curit\u00e9 et la fiabilit\u00e9 sont des qualit\u00e9s pour Relax. Avec les certifications, nous garantissons la qualit\u00e9 T\u00dcV S\u00dcD.\" \/>\n<meta property=\"og:url\" content=\"https:\/\/relaxsrl.com\/fr\/certifications-relax\/\" \/>\n<meta property=\"og:site_name\" content=\"Relax srl\" \/>\n<meta property=\"article:modified_time\" content=\"2023-09-12T08:40:45+00:00\" \/>\n<meta property=\"og:image\" content=\"https:\/\/relaxsrl.com\/website\/wp-content\/uploads\/2022\/07\/tuv-1.jpg\" \/>\n\t<meta property=\"og:image:width\" content=\"1500\" \/>\n\t<meta property=\"og:image:height\" content=\"800\" \/>\n\t<meta property=\"og:image:type\" content=\"image\/jpeg\" \/>\n<meta name=\"twitter:card\" content=\"summary_large_image\" \/>\n<meta name=\"twitter:label1\" content=\"Dur\u00e9e de lecture estim\u00e9e\" \/>\n\t<meta name=\"twitter:data1\" content=\"2 minutes\" \/>\n<script type=\"application\/ld+json\" class=\"yoast-schema-graph\">{\"@context\":\"https:\/\/schema.org\",\"@graph\":[{\"@type\":\"WebSite\",\"@id\":\"https:\/\/relaxsrl.com\/#website\",\"url\":\"https:\/\/relaxsrl.com\/\",\"name\":\"Relax srl\",\"description\":\"\",\"potentialAction\":[{\"@type\":\"SearchAction\",\"target\":{\"@type\":\"EntryPoint\",\"urlTemplate\":\"https:\/\/relaxsrl.com\/?s={search_term_string}\"},\"query-input\":\"required name=search_term_string\"}],\"inLanguage\":\"fr-FR\"},{\"@type\":\"ImageObject\",\"inLanguage\":\"fr-FR\",\"@id\":\"https:\/\/relaxsrl.com\/fr\/certifications-relax\/#primaryimage\",\"url\":\"https:\/\/relaxsrl.com\/website\/wp-content\/uploads\/2022\/07\/tuv-1.jpg\",\"contentUrl\":\"https:\/\/relaxsrl.com\/website\/wp-content\/uploads\/2022\/07\/tuv-1.jpg\",\"width\":1500,\"height\":800},{\"@type\":\"WebPage\",\"@id\":\"https:\/\/relaxsrl.com\/fr\/certifications-relax\/#webpage\",\"url\":\"https:\/\/relaxsrl.com\/fr\/certifications-relax\/\",\"name\":\"Certifications Relax - Relax srl\",\"isPartOf\":{\"@id\":\"https:\/\/relaxsrl.com\/#website\"},\"primaryImageOfPage\":{\"@id\":\"https:\/\/relaxsrl.com\/fr\/certifications-relax\/#primaryimage\"},\"datePublished\":\"2021-11-18T13:47:30+00:00\",\"dateModified\":\"2023-09-12T08:40:45+00:00\",\"description\":\"La s\u00e9curit\u00e9 et la fiabilit\u00e9 sont des qualit\u00e9s pour Relax. Avec les certifications, nous garantissons la qualit\u00e9 T\u00dcV S\u00dcD.\",\"breadcrumb\":{\"@id\":\"https:\/\/relaxsrl.com\/fr\/certifications-relax\/#breadcrumb\"},\"inLanguage\":\"fr-FR\",\"potentialAction\":[{\"@type\":\"ReadAction\",\"target\":[\"https:\/\/relaxsrl.com\/fr\/certifications-relax\/\"]}]},{\"@type\":\"BreadcrumbList\",\"@id\":\"https:\/\/relaxsrl.com\/fr\/certifications-relax\/#breadcrumb\",\"itemListElement\":[{\"@type\":\"ListItem\",\"position\":1,\"name\":\"Certifications Relax\"}]}]}<\/script>\n<!-- \/ Yoast SEO Premium plugin. -->","yoast_head_json":{"title":"Certifications Relax - Relax srl","description":"La s\u00e9curit\u00e9 et la fiabilit\u00e9 sont des qualit\u00e9s pour Relax. Avec les certifications, nous garantissons la qualit\u00e9 T\u00dcV S\u00dcD.","robots":{"index":"index","follow":"follow","max-snippet":"max-snippet:-1","max-image-preview":"max-image-preview:large","max-video-preview":"max-video-preview:-1"},"canonical":"https:\/\/relaxsrl.com\/fr\/certifications-relax\/","og_locale":"fr_FR","og_type":"article","og_title":"Certifications Relax - Relax srl","og_description":"La s\u00e9curit\u00e9 et la fiabilit\u00e9 sont des qualit\u00e9s pour Relax. Avec les certifications, nous garantissons la qualit\u00e9 T\u00dcV S\u00dcD.","og_url":"https:\/\/relaxsrl.com\/fr\/certifications-relax\/","og_site_name":"Relax srl","article_modified_time":"2023-09-12T08:40:45+00:00","og_image":[{"width":1500,"height":800,"url":"https:\/\/relaxsrl.com\/website\/wp-content\/uploads\/2022\/07\/tuv-1.jpg","type":"image\/jpeg"}],"twitter_card":"summary_large_image","twitter_misc":{"Dur\u00e9e de lecture estim\u00e9e":"2 minutes"},"schema":{"@context":"https:\/\/schema.org","@graph":[{"@type":"WebSite","@id":"https:\/\/relaxsrl.com\/#website","url":"https:\/\/relaxsrl.com\/","name":"Relax srl","description":"","potentialAction":[{"@type":"SearchAction","target":{"@type":"EntryPoint","urlTemplate":"https:\/\/relaxsrl.com\/?s={search_term_string}"},"query-input":"required name=search_term_string"}],"inLanguage":"fr-FR"},{"@type":"ImageObject","inLanguage":"fr-FR","@id":"https:\/\/relaxsrl.com\/fr\/certifications-relax\/#primaryimage","url":"https:\/\/relaxsrl.com\/website\/wp-content\/uploads\/2022\/07\/tuv-1.jpg","contentUrl":"https:\/\/relaxsrl.com\/website\/wp-content\/uploads\/2022\/07\/tuv-1.jpg","width":1500,"height":800},{"@type":"WebPage","@id":"https:\/\/relaxsrl.com\/fr\/certifications-relax\/#webpage","url":"https:\/\/relaxsrl.com\/fr\/certifications-relax\/","name":"Certifications Relax - Relax srl","isPartOf":{"@id":"https:\/\/relaxsrl.com\/#website"},"primaryImageOfPage":{"@id":"https:\/\/relaxsrl.com\/fr\/certifications-relax\/#primaryimage"},"datePublished":"2021-11-18T13:47:30+00:00","dateModified":"2023-09-12T08:40:45+00:00","description":"La s\u00e9curit\u00e9 et la fiabilit\u00e9 sont des qualit\u00e9s pour Relax. Avec les certifications, nous garantissons la qualit\u00e9 T\u00dcV S\u00dcD.","breadcrumb":{"@id":"https:\/\/relaxsrl.com\/fr\/certifications-relax\/#breadcrumb"},"inLanguage":"fr-FR","potentialAction":[{"@type":"ReadAction","target":["https:\/\/relaxsrl.com\/fr\/certifications-relax\/"]}]},{"@type":"BreadcrumbList","@id":"https:\/\/relaxsrl.com\/fr\/certifications-relax\/#breadcrumb","itemListElement":[{"@type":"ListItem","position":1,"name":"Certifications Relax"}]}]}},"_links":{"self":[{"href":"https:\/\/relaxsrl.com\/fr\/wp-json\/wp\/v2\/pages\/11355"}],"collection":[{"href":"https:\/\/relaxsrl.com\/fr\/wp-json\/wp\/v2\/pages"}],"about":[{"href":"https:\/\/relaxsrl.com\/fr\/wp-json\/wp\/v2\/types\/page"}],"author":[{"embeddable":true,"href":"https:\/\/relaxsrl.com\/fr\/wp-json\/wp\/v2\/users\/3"}],"replies":[{"embeddable":true,"href":"https:\/\/relaxsrl.com\/fr\/wp-json\/wp\/v2\/comments?post=11355"}],"version-history":[{"count":6,"href":"https:\/\/relaxsrl.com\/fr\/wp-json\/wp\/v2\/pages\/11355\/revisions"}],"predecessor-version":[{"id":29157,"href":"https:\/\/relaxsrl.com\/fr\/wp-json\/wp\/v2\/pages\/11355\/revisions\/29157"}],"wp:featuredmedia":[{"embeddable":true,"href":"https:\/\/relaxsrl.com\/fr\/wp-json\/wp\/v2\/media\/22172"}],"wp:attachment":[{"href":"https:\/\/relaxsrl.com\/fr\/wp-json\/wp\/v2\/media?parent=11355"}],"curies":[{"name":"wp","href":"https:\/\/api.w.org\/{rel}","templated":true}]}}