{"id":11357,"date":"2021-11-18T15:06:13","date_gmt":"2021-11-18T14:06:13","guid":{"rendered":"http:\/\/relaxsrl.com\/comment-nait-une-cabine-de-douche-de-qualite\/"},"modified":"2023-09-12T17:54:33","modified_gmt":"2023-09-12T15:54:33","slug":"comment-nait-une-cabine-de-douche-de-qualite","status":"publish","type":"page","link":"https:\/\/relaxsrl.com\/fr\/comment-nait-une-cabine-de-douche-de-qualite\/","title":{"rendered":"Comment na\u00eet une cabine de douche de qualit\u00e9"},"content":{"rendered":"<p>[vc_row full_width=\u00a0\u00bbstretch_row\u00a0\u00bb content_placement=\u00a0\u00bbmiddle\u00a0\u00bb el_class=\u00a0\u00bbintro-row\u00a0\u00bb][vc_column][vc_column_text]<\/p>\n<h1>Comment na\u00eet une cabine de douche de qualit\u00e9<\/h1>\n<p>[\/vc_column_text][\/vc_column][\/vc_row][vc_row el_class=\u00a0\u00bbrow-path\u00a0\u00bb][vc_column][vc_column_text][\/vc_column_text][\/vc_column][\/vc_row][vc_row][vc_column width=\u00a0\u00bb1\/6&Prime;][\/vc_column][vc_column width=\u00a0\u00bb2\/3&Prime;][vc_column_text el_class=\u00a0\u00bbtxt-blue abstract weight500&Prime;]La cabine de douche Relax est une cabine de douche de qualit\u00e9 car elle est n\u00e9e et se \u00e9voluent gr\u00e2ce \u00e0 un patrimoine incomparables d\u2019habilit\u00e9s et connaissances : de la forme la plus extr\u00eame du verre, \u00e0 la qualit\u00e9 de l\u2019usinage de composants en aluminium structur\u00e9s. Derri\u00e8re le r\u00e9sultat final se cachent des comp\u00e9tences d\u2019op\u00e9rateurs qui, chaque jour, prennent part au processus de production et le supervisent dans toutes ses parties. Toutes <a href=\"https:\/\/relaxsrl.com\/fr\/produits\/typologie\/cabine-de-douche\/\">les solutions<\/a> sont certifi\u00e9es <a href=\"https:\/\/www.tuvsud.com\/fr-fr\">T\u00dcV S\u00dcD<\/a>.[\/vc_column_text][vc_empty_space height=\u00a0\u00bb35px\u00a0\u00bb][\/vc_column][\/vc_row][vc_row][vc_column width=\u00a0\u00bb1\/6&Prime;][\/vc_column][vc_column width=\u00a0\u00bb2\/3&Prime;][vc_column_text]<\/p>\n<h2>Contr\u00f4le des mati\u00e8res premi\u00e8res<\/h2>\n<p>Le processus productif Relax commence par l\u2019\u00e9valuation des mati\u00e8res premi\u00e8res entrantes qui con facilement inspect\u00e9es au niveau quantitatif et qualitatif. En particulier, des contr\u00f4les dimensionnels de verre et des mat\u00e9riaux compl\u00e9mentaires tels que vis et accessoires sont effectu\u00e9s.<br \/>\nNous s\u00e9lectionnons les <strong> premi\u00e8res les plus pr\u00e9cieux, de fournisseurs locaux<\/strong> qui, comme nous, d\u00e9sirent faire conna\u00eetre le made in Italy dans le monde entier. C\u2019est le secret que Relax garde depuis des nombreuses ann\u00e9es, un facteur cl\u00e9 pour comprendre la qualit\u00e9 de nos produits, fait de l\u2019innovation continue et de la conscience d\u2019avoir toujours les meilleures mati\u00e8res premi\u00e8res.[\/vc_column_text][vc_empty_space height=\u00a0\u00bb40px\u00a0\u00bb][\/vc_column][\/vc_row][vc_row][vc_column width=\u00a0\u00bb1\/6&Prime;][\/vc_column][vc_column width=\u00a0\u00bb2\/3&Prime;][vc_column_text]<\/p>\n<h2>Essais du mat\u00e9riau<\/h2>\n<p>Nous nous assurons que le mat\u00e9riau utilis\u00e9 pour vos cabines de douche est <strong>conforme aux sp\u00e9cifications et r\u00e9glementations en vigueur<\/strong>. Des contr\u00f4les constants effectu\u00e9s tout au long du processus de production garantissent des produits toujours s\u00fbrs et fiables dans chaque leur parties. Un processus manuel, chartreux, confi\u00e9 aux mains les plus exp\u00e9riment\u00e9es.[\/vc_column_text][vc_empty_space height=\u00a0\u00bb40px\u00a0\u00bb][\/vc_column][\/vc_row][vc_row][vc_column width=\u00a0\u00bb1\/6&Prime;][\/vc_column][vc_column width=\u00a0\u00bb2\/3&Prime;][vc_column_text]<\/p>\n<h2>D\u00e9coupe et usinage de l\u2019aluminium<\/h2>\n<p>Nous employons des <strong>centres de travail<\/strong> pour la coupe de l\u2019aluminium et pour les usinages que nous effectuons sur ce dernier, en liaison avec un <strong>op\u00e9rateur qui surveille l\u2019ensemble du processus<\/strong>. Le fraisage et le per\u00e7age sont des processus pivots de nos op\u00e9rations, nous les effectuons en toute autonomie gr\u00e2ce \u00e0 un parc de machines en constante mise \u00e0 jour. Nous comme s\u00fbrs que lorsque la technologie et les comp\u00e9tences travaillent en synergie, ils donnent vie \u00e0 des produits de haute qualit\u00e9.[\/vc_column_text][vc_empty_space height=\u00a0\u00bb40px\u00a0\u00bb][\/vc_column][\/vc_row][vc_row][vc_column width=\u00a0\u00bb1\/6&Prime;][\/vc_column][vc_column width=\u00a0\u00bb2\/3&Prime;][vc_column_text]<\/p>\n<h2>Encollage<\/h2>\n<p>Nous \u00e9talons de fa\u00e7on manuelle et artisanale le silicone \u00e0 l\u2019int\u00e9rieur des carri\u00e8res d\u2019aluminium o\u00f9 le verre est accueilli. Ensuite, nous allons coller le tout. Nous pensons que le moyen le plus s\u00fbr et le plus efficace de proc\u00e9der est de le faire manuellement, pour avoir la certitude de maintenir les standards qualitatifs qui nous distinguent.[\/vc_column_text][vc_empty_space height=\u00a0\u00bb40px\u00a0\u00bb][\/vc_column][\/vc_row][vc_row][vc_column width=\u00a0\u00bb1\/6&Prime;][\/vc_column][vc_column width=\u00a0\u00bb2\/3&Prime;][vc_column_text]<\/p>\n<h2>Assemblage<\/h2>\n<p>Dernier point, mais non des moindres, l\u2019assemblage. Celui-ci assure qu\u2019une cabine de douche est compl\u00e8te, s\u00fbre et fiable. C\u2019est le moment o\u00f9 sont termin\u00e9es les derni\u00e8res mesures qui transforment une excellente cabine de douche en un produit Relax.[\/vc_column_text][vc_empty_space height=\u00a0\u00bb40px\u00a0\u00bb][\/vc_column][\/vc_row][vc_row][vc_column width=\u00a0\u00bb1\/6&Prime;][\/vc_column][vc_column width=\u00a0\u00bb2\/3&Prime;][vc_column_text]<\/p>\n<h2>Packaging<\/h2>\n<p>Nous pr\u00e9parons nos cabines de douche en pensant toujours au client final. Nous mettons \u00e0 l\u2019int\u00e9rieur de chaque emballage des r\u00e9cipients color\u00e9s pour <strong>faciliter l\u2019identification des \u00e9l\u00e9ments en cours de montage<\/strong>. La phase d\u2019emballage pour l\u2019exp\u00e9dition est l\u2019une des plus d\u00e9licates : nous prenons touts les pr\u00e9cautions pour que chaque cabine de douche arrive \u00e0 destination intacte. Nous utilisons polystyr\u00e8ne protecteur pour nous assurer que le verre est prot\u00e9g\u00e9 de toute chute possible.[\/vc_column_text][vc_empty_space height=\u00a0\u00bb40px\u00a0\u00bb][\/vc_column][\/vc_row][vc_row][vc_column width=\u00a0\u00bb1\/6&Prime;][\/vc_column][vc_column width=\u00a0\u00bb2\/3&Prime;][vc_column_text]<\/p>\n<h2>Le rangement d&rsquo;une cabine de douche de qualit\u00e9<\/h2>\n<p>Nous pr\u00e9parons enfin chaque cabine de douche en stock, en attente d\u2019\u00eatre exp\u00e9di\u00e9. Parmi les nombreuses solutions offertes, nous nous assurons de proposer quelques <strong>cabines de douche en livraison rapide<\/strong>, signal\u00e9es \u00e0 catalogue.[\/vc_column_text][vc_empty_space height=\u00a0\u00bb100px\u00a0\u00bb][\/vc_column][\/vc_row]<\/p>\n","protected":false},"excerpt":{"rendered":"<p>[vc_row full_width=\u00a0\u00bbstretch_row\u00a0\u00bb content_placement=\u00a0\u00bbmiddle\u00a0\u00bb el_class=\u00a0\u00bbintro-row\u00a0\u00bb][vc_column][vc_column_text] Comment na\u00eet une cabine de douche de qualit\u00e9 [\/vc_column_text][\/vc_column][\/vc_row][vc_row el_class=\u00a0\u00bbrow-path\u00a0\u00bb][vc_column][vc_column_text][\/vc_column_text][\/vc_column][\/vc_row][vc_row][vc_column width=\u00a0\u00bb1\/6&Prime;][\/vc_column][vc_column width=\u00a0\u00bb2\/3&Prime;][vc_column_text el_class=\u00a0\u00bbtxt-blue abstract weight500&Prime;]La cabine de douche Relax est une cabine de douche de qualit\u00e9 car elle est n\u00e9e et se \u00e9voluent gr\u00e2ce \u00e0 un patrimoine incomparables d\u2019habilit\u00e9s et connaissances : de la forme la plus extr\u00eame du verre, \u00e0 [&hellip;]<\/p>\n","protected":false},"author":3,"featured_media":23842,"parent":0,"menu_order":0,"comment_status":"closed","ping_status":"closed","template":"","meta":[],"acf":[],"yoast_head":"<!-- This site is optimized with the Yoast SEO Premium plugin v18.4 (Yoast SEO v18.8) - https:\/\/yoast.com\/wordpress\/plugins\/seo\/ -->\n<title>Comment na\u00eet une cabine de douche de qualit\u00e9 - Relax srl<\/title>\n<meta name=\"description\" content=\"Comment cr\u00e9er une cabine de douche de qualit\u00e9 ? Les produits Relax sont soumis \u00e0 toutes sortes de contr\u00f4les. Vous d\u00e9couvrez.\" \/>\n<meta name=\"robots\" content=\"index, follow, max-snippet:-1, max-image-preview:large, max-video-preview:-1\" \/>\n<link rel=\"canonical\" href=\"https:\/\/relaxsrl.com\/fr\/comment-nait-une-cabine-de-douche-de-qualite\/\" \/>\n<meta property=\"og:locale\" content=\"fr_FR\" \/>\n<meta property=\"og:type\" content=\"article\" \/>\n<meta property=\"og:title\" content=\"Comment na\u00eet une cabine de douche de qualit\u00e9 - Relax srl\" \/>\n<meta property=\"og:description\" content=\"Comment cr\u00e9er une cabine de douche de qualit\u00e9 ? Les produits Relax sont soumis \u00e0 toutes sortes de contr\u00f4les. Vous d\u00e9couvrez.\" \/>\n<meta property=\"og:url\" content=\"https:\/\/relaxsrl.com\/fr\/comment-nait-une-cabine-de-douche-de-qualite\/\" \/>\n<meta property=\"og:site_name\" content=\"Relax srl\" \/>\n<meta property=\"article:modified_time\" content=\"2023-09-12T15:54:33+00:00\" \/>\n<meta property=\"og:image\" content=\"https:\/\/relaxsrl.com\/website\/wp-content\/uploads\/2022\/09\/Articoli-Blog-3.jpg\" \/>\n\t<meta property=\"og:image:width\" content=\"1500\" \/>\n\t<meta property=\"og:image:height\" content=\"800\" \/>\n\t<meta property=\"og:image:type\" content=\"image\/jpeg\" \/>\n<meta name=\"twitter:card\" content=\"summary_large_image\" \/>\n<meta name=\"twitter:label1\" content=\"Dur\u00e9e de lecture estim\u00e9e\" \/>\n\t<meta name=\"twitter:data1\" content=\"4 minutes\" \/>\n<script type=\"application\/ld+json\" class=\"yoast-schema-graph\">{\"@context\":\"https:\/\/schema.org\",\"@graph\":[{\"@type\":\"WebSite\",\"@id\":\"https:\/\/relaxsrl.com\/#website\",\"url\":\"https:\/\/relaxsrl.com\/\",\"name\":\"Relax srl\",\"description\":\"\",\"potentialAction\":[{\"@type\":\"SearchAction\",\"target\":{\"@type\":\"EntryPoint\",\"urlTemplate\":\"https:\/\/relaxsrl.com\/?s={search_term_string}\"},\"query-input\":\"required name=search_term_string\"}],\"inLanguage\":\"fr-FR\"},{\"@type\":\"ImageObject\",\"inLanguage\":\"fr-FR\",\"@id\":\"https:\/\/relaxsrl.com\/fr\/comment-nait-une-cabine-de-douche-de-qualite\/#primaryimage\",\"url\":\"https:\/\/relaxsrl.com\/website\/wp-content\/uploads\/2022\/09\/Articoli-Blog-3.jpg\",\"contentUrl\":\"https:\/\/relaxsrl.com\/website\/wp-content\/uploads\/2022\/09\/Articoli-Blog-3.jpg\",\"width\":1500,\"height\":800,\"caption\":\"Cabina doccia 80x80 angolare con ante scorrevoli vista dall'alto\"},{\"@type\":\"WebPage\",\"@id\":\"https:\/\/relaxsrl.com\/fr\/comment-nait-une-cabine-de-douche-de-qualite\/#webpage\",\"url\":\"https:\/\/relaxsrl.com\/fr\/comment-nait-une-cabine-de-douche-de-qualite\/\",\"name\":\"Comment na\u00eet une cabine de douche de qualit\u00e9 - Relax srl\",\"isPartOf\":{\"@id\":\"https:\/\/relaxsrl.com\/#website\"},\"primaryImageOfPage\":{\"@id\":\"https:\/\/relaxsrl.com\/fr\/comment-nait-une-cabine-de-douche-de-qualite\/#primaryimage\"},\"datePublished\":\"2021-11-18T14:06:13+00:00\",\"dateModified\":\"2023-09-12T15:54:33+00:00\",\"description\":\"Comment cr\u00e9er une cabine de douche de qualit\u00e9 ? Les produits Relax sont soumis \u00e0 toutes sortes de contr\u00f4les. Vous d\u00e9couvrez.\",\"breadcrumb\":{\"@id\":\"https:\/\/relaxsrl.com\/fr\/comment-nait-une-cabine-de-douche-de-qualite\/#breadcrumb\"},\"inLanguage\":\"fr-FR\",\"potentialAction\":[{\"@type\":\"ReadAction\",\"target\":[\"https:\/\/relaxsrl.com\/fr\/comment-nait-une-cabine-de-douche-de-qualite\/\"]}]},{\"@type\":\"BreadcrumbList\",\"@id\":\"https:\/\/relaxsrl.com\/fr\/comment-nait-une-cabine-de-douche-de-qualite\/#breadcrumb\",\"itemListElement\":[{\"@type\":\"ListItem\",\"position\":1,\"name\":\"Comment na\u00eet une cabine de douche de qualit\u00e9\"}]}]}<\/script>\n<!-- \/ Yoast SEO Premium plugin. -->","yoast_head_json":{"title":"Comment na\u00eet une cabine de douche de qualit\u00e9 - Relax srl","description":"Comment cr\u00e9er une cabine de douche de qualit\u00e9 ? Les produits Relax sont soumis \u00e0 toutes sortes de contr\u00f4les. Vous d\u00e9couvrez.","robots":{"index":"index","follow":"follow","max-snippet":"max-snippet:-1","max-image-preview":"max-image-preview:large","max-video-preview":"max-video-preview:-1"},"canonical":"https:\/\/relaxsrl.com\/fr\/comment-nait-une-cabine-de-douche-de-qualite\/","og_locale":"fr_FR","og_type":"article","og_title":"Comment na\u00eet une cabine de douche de qualit\u00e9 - Relax srl","og_description":"Comment cr\u00e9er une cabine de douche de qualit\u00e9 ? Les produits Relax sont soumis \u00e0 toutes sortes de contr\u00f4les. Vous d\u00e9couvrez.","og_url":"https:\/\/relaxsrl.com\/fr\/comment-nait-une-cabine-de-douche-de-qualite\/","og_site_name":"Relax srl","article_modified_time":"2023-09-12T15:54:33+00:00","og_image":[{"width":1500,"height":800,"url":"https:\/\/relaxsrl.com\/website\/wp-content\/uploads\/2022\/09\/Articoli-Blog-3.jpg","type":"image\/jpeg"}],"twitter_card":"summary_large_image","twitter_misc":{"Dur\u00e9e de lecture estim\u00e9e":"4 minutes"},"schema":{"@context":"https:\/\/schema.org","@graph":[{"@type":"WebSite","@id":"https:\/\/relaxsrl.com\/#website","url":"https:\/\/relaxsrl.com\/","name":"Relax srl","description":"","potentialAction":[{"@type":"SearchAction","target":{"@type":"EntryPoint","urlTemplate":"https:\/\/relaxsrl.com\/?s={search_term_string}"},"query-input":"required name=search_term_string"}],"inLanguage":"fr-FR"},{"@type":"ImageObject","inLanguage":"fr-FR","@id":"https:\/\/relaxsrl.com\/fr\/comment-nait-une-cabine-de-douche-de-qualite\/#primaryimage","url":"https:\/\/relaxsrl.com\/website\/wp-content\/uploads\/2022\/09\/Articoli-Blog-3.jpg","contentUrl":"https:\/\/relaxsrl.com\/website\/wp-content\/uploads\/2022\/09\/Articoli-Blog-3.jpg","width":1500,"height":800,"caption":"Cabina doccia 80x80 angolare con ante scorrevoli vista dall'alto"},{"@type":"WebPage","@id":"https:\/\/relaxsrl.com\/fr\/comment-nait-une-cabine-de-douche-de-qualite\/#webpage","url":"https:\/\/relaxsrl.com\/fr\/comment-nait-une-cabine-de-douche-de-qualite\/","name":"Comment na\u00eet une cabine de douche de qualit\u00e9 - Relax srl","isPartOf":{"@id":"https:\/\/relaxsrl.com\/#website"},"primaryImageOfPage":{"@id":"https:\/\/relaxsrl.com\/fr\/comment-nait-une-cabine-de-douche-de-qualite\/#primaryimage"},"datePublished":"2021-11-18T14:06:13+00:00","dateModified":"2023-09-12T15:54:33+00:00","description":"Comment cr\u00e9er une cabine de douche de qualit\u00e9 ? Les produits Relax sont soumis \u00e0 toutes sortes de contr\u00f4les. Vous d\u00e9couvrez.","breadcrumb":{"@id":"https:\/\/relaxsrl.com\/fr\/comment-nait-une-cabine-de-douche-de-qualite\/#breadcrumb"},"inLanguage":"fr-FR","potentialAction":[{"@type":"ReadAction","target":["https:\/\/relaxsrl.com\/fr\/comment-nait-une-cabine-de-douche-de-qualite\/"]}]},{"@type":"BreadcrumbList","@id":"https:\/\/relaxsrl.com\/fr\/comment-nait-une-cabine-de-douche-de-qualite\/#breadcrumb","itemListElement":[{"@type":"ListItem","position":1,"name":"Comment na\u00eet une cabine de douche de qualit\u00e9"}]}]}},"_links":{"self":[{"href":"https:\/\/relaxsrl.com\/fr\/wp-json\/wp\/v2\/pages\/11357"}],"collection":[{"href":"https:\/\/relaxsrl.com\/fr\/wp-json\/wp\/v2\/pages"}],"about":[{"href":"https:\/\/relaxsrl.com\/fr\/wp-json\/wp\/v2\/types\/page"}],"author":[{"embeddable":true,"href":"https:\/\/relaxsrl.com\/fr\/wp-json\/wp\/v2\/users\/3"}],"replies":[{"embeddable":true,"href":"https:\/\/relaxsrl.com\/fr\/wp-json\/wp\/v2\/comments?post=11357"}],"version-history":[{"count":4,"href":"https:\/\/relaxsrl.com\/fr\/wp-json\/wp\/v2\/pages\/11357\/revisions"}],"predecessor-version":[{"id":29165,"href":"https:\/\/relaxsrl.com\/fr\/wp-json\/wp\/v2\/pages\/11357\/revisions\/29165"}],"wp:featuredmedia":[{"embeddable":true,"href":"https:\/\/relaxsrl.com\/fr\/wp-json\/wp\/v2\/media\/23842"}],"wp:attachment":[{"href":"https:\/\/relaxsrl.com\/fr\/wp-json\/wp\/v2\/media?parent=11357"}],"curies":[{"name":"wp","href":"https:\/\/api.w.org\/{rel}","templated":true}]}}