{"id":11360,"date":"2021-11-18T15:45:06","date_gmt":"2021-11-18T14:45:06","guid":{"rendered":"http:\/\/relaxsrl.com\/comment-choisir-la-cabine-de-douche\/"},"modified":"2023-09-12T12:06:16","modified_gmt":"2023-09-12T10:06:16","slug":"comment-choisir-la-cabine-de-douche","status":"publish","type":"page","link":"https:\/\/relaxsrl.com\/fr\/comment-choisir-la-cabine-de-douche\/","title":{"rendered":"Comment choisir la cabine de douche"},"content":{"rendered":"<p>[vc_row full_width=\u00a0\u00bbstretch_row\u00a0\u00bb content_placement=\u00a0\u00bbmiddle\u00a0\u00bb el_class=\u00a0\u00bbintro-row\u00a0\u00bb][vc_column][vc_column_text]<\/p>\n<h1>Comment choisir la cabine de douche<\/h1>\n<p>[\/vc_column_text][\/vc_column][\/vc_row][vc_row el_class=\u00a0\u00bbrow-path\u00a0\u00bb][vc_column][vc_column_text][\/vc_column_text][\/vc_column][\/vc_row][vc_row][vc_column width=\u00a0\u00bb1\/6&Prime;][\/vc_column][vc_column width=\u00a0\u00bb2\/3&Prime;][vc_column_text el_class=\u00a0\u00bbtxt-blue abstract weight500&Prime;]Pour choisir la <strong>cabine de douche<\/strong> appropri\u00e9e \u00e0 des exigences pr\u00e9cises il es bien d\u2019\u00e9valuer une s\u00e9rie de facteurs tels que: design, typologies d\u2019ouverture, mat\u00e9riaux \u00e0 utiliser. La convergence de ces trois \u00e9l\u00e9ments peut cr\u00e9er combinaisons infinies. Design, typologies d\u2019ouverture et mat\u00e9riaux sono strictement li\u00e9s les un aux autres, il y a des mat\u00e9riaux, par exemple, qui se pr\u00eatent plus pour des produits de design (comme la finition de verre Gris Europe) ou des typologies d\u2019ouverture qui pr\u00e9f\u00e8rent un style simple, ax\u00e9e sur la durabilit\u00e9 et la facilit\u00e9 d\u2019utilisation. Toutes les solutions sont certifi\u00e9es <a href=\"https:\/\/www.tuvsud.com\/fr-fr\">T\u00dcV S\u00dcD<\/a>.<\/p>\n<p>Les deux macrozones dans lesquelles Relax subdivise ses propres cabines de douche sont:[\/vc_column_text][vc_empty_space height=\u00a0\u00bb35px\u00a0\u00bb][\/vc_column][\/vc_row][vc_row el_id=\u00a0\u00bbparagraphe-1&Prime;][vc_column width=\u00a0\u00bb1\/6&Prime;][\/vc_column][vc_column width=\u00a0\u00bb2\/3&Prime;][vc_column_text]<\/p>\n<h2>Cabine de douche avec cadre<\/h2>\n<p>Il compte parmi ses principaux avantages:<\/p>\n<ul>\n<li>La facilit\u00e9 d\u2019installation<\/li>\n<li>Une plus grande robustesse et protection contre les dommages accidentels<\/li>\n<li>Une plus grande \u00e9tanch\u00e9it\u00e9 \u00e0 l\u2019eau<\/li>\n<\/ul>\n<p>Alors que parmi les inconv\u00e9nients, nous pouvons trouver seulement un nettoyage plus long et plus complexe.[\/vc_column_text][vc_empty_space height=\u00a0\u00bb20px\u00a0\u00bb][vc_single_image image=\u00a0\u00bb5734&Prime; img_size=\u00a0\u00bbfull\u00a0\u00bb][vc_empty_space height=\u00a0\u00bb40px\u00a0\u00bb][\/vc_column][\/vc_row][vc_row el_id=\u00a0\u00bbparagraphe-2&Prime;][vc_column width=\u00a0\u00bb1\/6&Prime;][\/vc_column][vc_column width=\u00a0\u00bb2\/3&Prime;][vc_column_text]<\/p>\n<h2>Cabine de douche sans cadre<\/h2>\n<p>Les avantages d\u2019une cabine de douche sans cadre sont en revanche:<\/p>\n<ul>\n<li>Une plus grande pr\u00e9sence sc\u00e9nique \u00e0 l\u2019int\u00e9rieur de la salle de bain<\/li>\n<li>L\u2019extr\u00eame facilit\u00e9 dans les op\u00e9rations de nettoyage<\/li>\n<\/ul>\n<p>Enfin, deux situations que l\u2019on doit tenir en consid\u00e9ration lorsque l\u2019on choisi une cabine de douche sans cadre<\/p>\n<ul>\n<li>L\u2019\u00e9tanch\u00e9it\u00e9 \u00e0 l\u2019eau est plus d\u00e9licate quand la cabine de douche est petite<\/li>\n<li>Il est n\u00e9cessaire de faire plus attention lors de l\u2019installation pour \u00e9viter les ruptures de la manutention imprudente<\/li>\n<\/ul>\n<p>[\/vc_column_text][vc_empty_space height=\u00a0\u00bb20px\u00a0\u00bb][vc_single_image image=\u00a0\u00bb5738&Prime; img_size=\u00a0\u00bbfull\u00a0\u00bb][\/vc_column][\/vc_row][vc_row el_id=\u00a0\u00bbparagraphe-3&Prime;][vc_column width=\u00a0\u00bb1\/6&Prime;][\/vc_column][vc_column width=\u00a0\u00bb2\/3&Prime;][vc_empty_space height=\u00a0\u00bb40px\u00a0\u00bb][vc_column_text]<\/p>\n<h2>Typologies d\u2019ouverture<\/h2>\n<p>Le choix de la typologie d\u2019ouverture est l\u2019un des moments les plus d\u00e9licats dans le choix d\u2019une cabine de douche, \u00e7a peut changer radicalement les espaces qui entourent la cabine de douche et qui composent l\u2019espace de la salle de bain. Quelles typologies d\u2019ouverture sont pr\u00e9sents parmi les produits Relax ?[\/vc_column_text][vc_empty_space height=\u00a0\u00bb20px\u00a0\u00bb][\/vc_column][\/vc_row][vc_row][vc_column width=\u00a0\u00bb1\/6&Prime;][\/vc_column][vc_column width=\u00a0\u00bb2\/3&Prime;][vc_row_inner equal_height=\u00a0\u00bbyes\u00a0\u00bb content_placement=\u00a0\u00bbmiddle\u00a0\u00bb][vc_column_inner width=\u00a0\u00bb1\/2&Prime;][vc_single_image image=\u00a0\u00bb5743&Prime; img_size=\u00a0\u00bbfull\u00a0\u00bb onclick=\u00a0\u00bbcustom_link\u00a0\u00bb link=\u00a0\u00bbhttps:\/\/relaxsrl.com\/prodotti\/tipologie\/box-doccia\/walk-in\/\u00a0\u00bb][vc_empty_space height=\u00a0\u00bb20px\u00a0\u00bb][\/vc_column_inner][vc_column_inner width=\u00a0\u00bb1\/2&Prime;][vc_empty_space height=\u00a0\u00bb20px\u00a0\u00bb][vc_column_text]<\/p>\n<h3><a href=\"https:\/\/relaxsrl.com\/prodotti\/tipologie\/box-doccia\/walk-in\/\">Paroie fixe<\/a><\/h3>\n<p>Ce n\u2019est pas une vraie ouverture, parce que la porte n\u2019est pas pr\u00e9sente, mais c\u2019est une possibilit\u00e9 gr\u00e2ce la modularit\u00e9 de nos produits.[\/vc_column_text][vc_empty_space height=\u00a0\u00bb20px\u00a0\u00bb][\/vc_column_inner][\/vc_row_inner][\/vc_column][\/vc_row][vc_row][vc_column][vc_empty_space height=\u00a0\u00bb40px\u00a0\u00bb][\/vc_column][\/vc_row][vc_row][vc_column width=\u00a0\u00bb1\/6&Prime;][\/vc_column][vc_column width=\u00a0\u00bb2\/3&Prime;][vc_row_inner equal_height=\u00a0\u00bbyes\u00a0\u00bb content_placement=\u00a0\u00bbmiddle\u00a0\u00bb][vc_column_inner width=\u00a0\u00bb1\/2&Prime;][vc_empty_space height=\u00a0\u00bb20px\u00a0\u00bb][vc_column_text]<\/p>\n<h3>Battante<\/h3>\n<p>Classique, \u00e9l\u00e9gante, intemporel. La fermeture \u00e0 porte battante se diff\u00e9rencie des autres par la possibilit\u00e9 d\u2019ouverture interne et externe.[\/vc_column_text][vc_empty_space height=\u00a0\u00bb20px\u00a0\u00bb][\/vc_column_inner][vc_column_inner width=\u00a0\u00bb1\/2&Prime;][vc_single_image image=\u00a0\u00bb5749&Prime; img_size=\u00a0\u00bbfull\u00a0\u00bb][vc_empty_space height=\u00a0\u00bb20px\u00a0\u00bb][\/vc_column_inner][\/vc_row_inner][\/vc_column][\/vc_row][vc_row][vc_column][vc_empty_space height=\u00a0\u00bb40px\u00a0\u00bb][\/vc_column][\/vc_row][vc_row][vc_column width=\u00a0\u00bb1\/6&Prime;][\/vc_column][vc_column width=\u00a0\u00bb2\/3&Prime;][vc_row_inner equal_height=\u00a0\u00bbyes\u00a0\u00bb content_placement=\u00a0\u00bbmiddle\u00a0\u00bb][vc_column_inner][vc_column_text]<\/p>\n<h3>Coulissante<\/h3>\n<p>Particuli\u00e8rement adapt\u00e9e aux petites salles de bain, elle permet de g\u00e9rer les espaces de mani\u00e8re intelligente, en \u00e9vitant l\u2019encombrement de la porte, qui s\u2019ouvre parall\u00e8lement au c\u00f4t\u00e9 fixe.[\/vc_column_text][vc_empty_space height=\u00a0\u00bb20px\u00a0\u00bb][vc_single_image image=\u00a0\u00bb5756&Prime; img_size=\u00a0\u00bbfull\u00a0\u00bb][vc_empty_space height=\u00a0\u00bb20px\u00a0\u00bb][\/vc_column_inner][\/vc_row_inner][\/vc_column][\/vc_row][vc_row][vc_column][vc_empty_space height=\u00a0\u00bb40px\u00a0\u00bb][\/vc_column][\/vc_row][vc_row][vc_column width=\u00a0\u00bb1\/6&Prime;][\/vc_column][vc_column width=\u00a0\u00bb2\/3&Prime;][vc_row_inner equal_height=\u00a0\u00bbyes\u00a0\u00bb content_placement=\u00a0\u00bbmiddle\u00a0\u00bb][vc_column_inner width=\u00a0\u00bb1\/2&Prime;][vc_empty_space height=\u00a0\u00bb20px\u00a0\u00bb][vc_column_text]<\/p>\n<h3>Pivot<\/h3>\n<p>Mod\u00e8le de porte avec le pivot positionn\u00e9 \u00e0 18 cm du mur : permet la pleine utilisation de la paroi adjacente \u00e0 la porte.[\/vc_column_text][vc_empty_space height=\u00a0\u00bb20px\u00a0\u00bb][\/vc_column_inner][vc_column_inner width=\u00a0\u00bb1\/2&Prime;][vc_single_image image=\u00a0\u00bb5760&Prime; img_size=\u00a0\u00bbfull\u00a0\u00bb][vc_empty_space height=\u00a0\u00bb20px\u00a0\u00bb][\/vc_column_inner][\/vc_row_inner][\/vc_column][\/vc_row][vc_row][vc_column][vc_empty_space height=\u00a0\u00bb40px\u00a0\u00bb][\/vc_column][\/vc_row][vc_row][vc_column width=\u00a0\u00bb1\/6&Prime;][\/vc_column][vc_column width=\u00a0\u00bb2\/3&Prime;][vc_row_inner equal_height=\u00a0\u00bbyes\u00a0\u00bb content_placement=\u00a0\u00bbmiddle\u00a0\u00bb][vc_column_inner width=\u00a0\u00bb1\/2&Prime;][vc_single_image image=\u00a0\u00bb5764&Prime; img_size=\u00a0\u00bbfull\u00a0\u00bb][vc_empty_space height=\u00a0\u00bb20px\u00a0\u00bb][\/vc_column_inner][vc_column_inner width=\u00a0\u00bb1\/2&Prime;][vc_empty_space height=\u00a0\u00bb20px\u00a0\u00bb][vc_column_text]<\/p>\n<h3>Pliable<\/h3>\n<p>Porte \u00e9galement appel\u00e9e \u2018\u2019 \u00e0 soufflet \u2019\u2019 ou \u2018\u2019 \u00e0 livre \u2018\u2019. C\u2019est un type d\u2019entr\u00e9e peu encombrante, il permet de replier la porte sur elle-m\u00eame, en r\u00e9duisant consid\u00e9rablement l\u2019encombrement.[\/vc_column_text][vc_empty_space height=\u00a0\u00bb20px\u00a0\u00bb][\/vc_column_inner][\/vc_row_inner][\/vc_column][\/vc_row][vc_row][vc_column][vc_empty_space height=\u00a0\u00bb40px\u00a0\u00bb][\/vc_column][\/vc_row][vc_row][vc_column width=\u00a0\u00bb1\/6&Prime;][\/vc_column][vc_column width=\u00a0\u00bb2\/3&Prime;][vc_row_inner equal_height=\u00a0\u00bbyes\u00a0\u00bb content_placement=\u00a0\u00bbmiddle\u00a0\u00bb][vc_column_inner width=\u00a0\u00bb1\/2&Prime;][vc_empty_space height=\u00a0\u00bb20px\u00a0\u00bb][vc_column_text]<\/p>\n<h3>Saloon<\/h3>\n<p>Double porte ouvrable vers l\u2019int\u00e9rieur et ext\u00e9rieur, se pr\u00eate \u00e0 une utilisation plus fonctionnelle qu\u2019esth\u00e9tique. Parfait pour les solutions de niche.[\/vc_column_text][vc_empty_space height=\u00a0\u00bb20px\u00a0\u00bb][\/vc_column_inner][vc_column_inner width=\u00a0\u00bb1\/2&Prime;][vc_single_image image=\u00a0\u00bb5768&Prime; img_size=\u00a0\u00bbfull\u00a0\u00bb][vc_empty_space height=\u00a0\u00bb20px\u00a0\u00bb][\/vc_column_inner][\/vc_row_inner][\/vc_column][\/vc_row][vc_row][vc_column][vc_empty_space height=\u00a0\u00bb100px\u00a0\u00bb][\/vc_column][\/vc_row][vc_row][vc_column][vc_column_text].[\/vc_column_text][\/vc_column][\/vc_row]<\/p>\n","protected":false},"excerpt":{"rendered":"<p>[vc_row full_width=\u00a0\u00bbstretch_row\u00a0\u00bb content_placement=\u00a0\u00bbmiddle\u00a0\u00bb el_class=\u00a0\u00bbintro-row\u00a0\u00bb][vc_column][vc_column_text] Comment choisir la cabine de douche [\/vc_column_text][\/vc_column][\/vc_row][vc_row el_class=\u00a0\u00bbrow-path\u00a0\u00bb][vc_column][vc_column_text][\/vc_column_text][\/vc_column][\/vc_row][vc_row][vc_column width=\u00a0\u00bb1\/6&Prime;][\/vc_column][vc_column width=\u00a0\u00bb2\/3&Prime;][vc_column_text el_class=\u00a0\u00bbtxt-blue abstract weight500&Prime;]Pour choisir la cabine de douche appropri\u00e9e \u00e0 des exigences pr\u00e9cises il es bien d\u2019\u00e9valuer une s\u00e9rie de facteurs tels que: design, typologies d\u2019ouverture, mat\u00e9riaux \u00e0 utiliser. La convergence de ces trois \u00e9l\u00e9ments peut cr\u00e9er combinaisons infinies. Design, typologies [&hellip;]<\/p>\n","protected":false},"author":3,"featured_media":5734,"parent":0,"menu_order":0,"comment_status":"closed","ping_status":"closed","template":"","meta":[],"acf":[],"yoast_head":"<!-- This site is optimized with the Yoast SEO Premium plugin v18.4 (Yoast SEO v18.8) - https:\/\/yoast.com\/wordpress\/plugins\/seo\/ -->\n<title>Comment choisir la cabine de douche - Relax srl<\/title>\n<meta name=\"description\" content=\"Choisir une cabine de douche n\u2019est jamais un choix simple. Nous vous aiderons \u00e0 vous orienter et \u00e0 choisir celui qui vous convient.\" \/>\n<meta name=\"robots\" content=\"index, follow, max-snippet:-1, max-image-preview:large, max-video-preview:-1\" \/>\n<link rel=\"canonical\" href=\"https:\/\/relaxsrl.com\/fr\/comment-choisir-la-cabine-de-douche\/\" \/>\n<meta property=\"og:locale\" content=\"fr_FR\" \/>\n<meta property=\"og:type\" content=\"article\" \/>\n<meta property=\"og:title\" content=\"Comment choisir la cabine de douche - Relax srl\" \/>\n<meta property=\"og:description\" content=\"Choisir une cabine de douche n\u2019est jamais un choix simple. Nous vous aiderons \u00e0 vous orienter et \u00e0 choisir celui qui vous convient.\" \/>\n<meta property=\"og:url\" content=\"https:\/\/relaxsrl.com\/fr\/comment-choisir-la-cabine-de-douche\/\" \/>\n<meta property=\"og:site_name\" content=\"Relax srl\" \/>\n<meta property=\"article:modified_time\" content=\"2023-09-12T10:06:16+00:00\" \/>\n<meta property=\"og:image\" content=\"https:\/\/relaxsrl.com\/website\/wp-content\/uploads\/2021\/10\/FOTO10.jpg\" \/>\n\t<meta property=\"og:image:width\" content=\"1000\" \/>\n\t<meta property=\"og:image:height\" content=\"667\" \/>\n\t<meta property=\"og:image:type\" content=\"image\/jpeg\" \/>\n<meta name=\"twitter:card\" content=\"summary_large_image\" \/>\n<meta name=\"twitter:label1\" content=\"Dur\u00e9e de lecture estim\u00e9e\" \/>\n\t<meta name=\"twitter:data1\" content=\"3 minutes\" \/>\n<script type=\"application\/ld+json\" class=\"yoast-schema-graph\">{\"@context\":\"https:\/\/schema.org\",\"@graph\":[{\"@type\":\"WebSite\",\"@id\":\"https:\/\/relaxsrl.com\/#website\",\"url\":\"https:\/\/relaxsrl.com\/\",\"name\":\"Relax srl\",\"description\":\"\",\"potentialAction\":[{\"@type\":\"SearchAction\",\"target\":{\"@type\":\"EntryPoint\",\"urlTemplate\":\"https:\/\/relaxsrl.com\/?s={search_term_string}\"},\"query-input\":\"required name=search_term_string\"}],\"inLanguage\":\"fr-FR\"},{\"@type\":\"ImageObject\",\"inLanguage\":\"fr-FR\",\"@id\":\"https:\/\/relaxsrl.com\/fr\/comment-choisir-la-cabine-de-douche\/#primaryimage\",\"url\":\"https:\/\/relaxsrl.com\/website\/wp-content\/uploads\/2021\/10\/FOTO10.jpg\",\"contentUrl\":\"https:\/\/relaxsrl.com\/website\/wp-content\/uploads\/2021\/10\/FOTO10.jpg\",\"width\":1000,\"height\":667,\"caption\":\"Box doccia tondo con ante scorrevoli\"},{\"@type\":\"WebPage\",\"@id\":\"https:\/\/relaxsrl.com\/fr\/comment-choisir-la-cabine-de-douche\/#webpage\",\"url\":\"https:\/\/relaxsrl.com\/fr\/comment-choisir-la-cabine-de-douche\/\",\"name\":\"Comment choisir la cabine de douche - Relax srl\",\"isPartOf\":{\"@id\":\"https:\/\/relaxsrl.com\/#website\"},\"primaryImageOfPage\":{\"@id\":\"https:\/\/relaxsrl.com\/fr\/comment-choisir-la-cabine-de-douche\/#primaryimage\"},\"datePublished\":\"2021-11-18T14:45:06+00:00\",\"dateModified\":\"2023-09-12T10:06:16+00:00\",\"description\":\"Choisir une cabine de douche n\u2019est jamais un choix simple. Nous vous aiderons \u00e0 vous orienter et \u00e0 choisir celui qui vous convient.\",\"breadcrumb\":{\"@id\":\"https:\/\/relaxsrl.com\/fr\/comment-choisir-la-cabine-de-douche\/#breadcrumb\"},\"inLanguage\":\"fr-FR\",\"potentialAction\":[{\"@type\":\"ReadAction\",\"target\":[\"https:\/\/relaxsrl.com\/fr\/comment-choisir-la-cabine-de-douche\/\"]}]},{\"@type\":\"BreadcrumbList\",\"@id\":\"https:\/\/relaxsrl.com\/fr\/comment-choisir-la-cabine-de-douche\/#breadcrumb\",\"itemListElement\":[{\"@type\":\"ListItem\",\"position\":1,\"name\":\"Comment choisir la cabine de douche\"}]}]}<\/script>\n<!-- \/ Yoast SEO Premium plugin. -->","yoast_head_json":{"title":"Comment choisir la cabine de douche - Relax srl","description":"Choisir une cabine de douche n\u2019est jamais un choix simple. Nous vous aiderons \u00e0 vous orienter et \u00e0 choisir celui qui vous convient.","robots":{"index":"index","follow":"follow","max-snippet":"max-snippet:-1","max-image-preview":"max-image-preview:large","max-video-preview":"max-video-preview:-1"},"canonical":"https:\/\/relaxsrl.com\/fr\/comment-choisir-la-cabine-de-douche\/","og_locale":"fr_FR","og_type":"article","og_title":"Comment choisir la cabine de douche - Relax srl","og_description":"Choisir une cabine de douche n\u2019est jamais un choix simple. Nous vous aiderons \u00e0 vous orienter et \u00e0 choisir celui qui vous convient.","og_url":"https:\/\/relaxsrl.com\/fr\/comment-choisir-la-cabine-de-douche\/","og_site_name":"Relax srl","article_modified_time":"2023-09-12T10:06:16+00:00","og_image":[{"width":1000,"height":667,"url":"https:\/\/relaxsrl.com\/website\/wp-content\/uploads\/2021\/10\/FOTO10.jpg","type":"image\/jpeg"}],"twitter_card":"summary_large_image","twitter_misc":{"Dur\u00e9e de lecture estim\u00e9e":"3 minutes"},"schema":{"@context":"https:\/\/schema.org","@graph":[{"@type":"WebSite","@id":"https:\/\/relaxsrl.com\/#website","url":"https:\/\/relaxsrl.com\/","name":"Relax srl","description":"","potentialAction":[{"@type":"SearchAction","target":{"@type":"EntryPoint","urlTemplate":"https:\/\/relaxsrl.com\/?s={search_term_string}"},"query-input":"required name=search_term_string"}],"inLanguage":"fr-FR"},{"@type":"ImageObject","inLanguage":"fr-FR","@id":"https:\/\/relaxsrl.com\/fr\/comment-choisir-la-cabine-de-douche\/#primaryimage","url":"https:\/\/relaxsrl.com\/website\/wp-content\/uploads\/2021\/10\/FOTO10.jpg","contentUrl":"https:\/\/relaxsrl.com\/website\/wp-content\/uploads\/2021\/10\/FOTO10.jpg","width":1000,"height":667,"caption":"Box doccia tondo con ante scorrevoli"},{"@type":"WebPage","@id":"https:\/\/relaxsrl.com\/fr\/comment-choisir-la-cabine-de-douche\/#webpage","url":"https:\/\/relaxsrl.com\/fr\/comment-choisir-la-cabine-de-douche\/","name":"Comment choisir la cabine de douche - Relax srl","isPartOf":{"@id":"https:\/\/relaxsrl.com\/#website"},"primaryImageOfPage":{"@id":"https:\/\/relaxsrl.com\/fr\/comment-choisir-la-cabine-de-douche\/#primaryimage"},"datePublished":"2021-11-18T14:45:06+00:00","dateModified":"2023-09-12T10:06:16+00:00","description":"Choisir une cabine de douche n\u2019est jamais un choix simple. Nous vous aiderons \u00e0 vous orienter et \u00e0 choisir celui qui vous convient.","breadcrumb":{"@id":"https:\/\/relaxsrl.com\/fr\/comment-choisir-la-cabine-de-douche\/#breadcrumb"},"inLanguage":"fr-FR","potentialAction":[{"@type":"ReadAction","target":["https:\/\/relaxsrl.com\/fr\/comment-choisir-la-cabine-de-douche\/"]}]},{"@type":"BreadcrumbList","@id":"https:\/\/relaxsrl.com\/fr\/comment-choisir-la-cabine-de-douche\/#breadcrumb","itemListElement":[{"@type":"ListItem","position":1,"name":"Comment choisir la cabine de douche"}]}]}},"_links":{"self":[{"href":"https:\/\/relaxsrl.com\/fr\/wp-json\/wp\/v2\/pages\/11360"}],"collection":[{"href":"https:\/\/relaxsrl.com\/fr\/wp-json\/wp\/v2\/pages"}],"about":[{"href":"https:\/\/relaxsrl.com\/fr\/wp-json\/wp\/v2\/types\/page"}],"author":[{"embeddable":true,"href":"https:\/\/relaxsrl.com\/fr\/wp-json\/wp\/v2\/users\/3"}],"replies":[{"embeddable":true,"href":"https:\/\/relaxsrl.com\/fr\/wp-json\/wp\/v2\/comments?post=11360"}],"version-history":[{"count":7,"href":"https:\/\/relaxsrl.com\/fr\/wp-json\/wp\/v2\/pages\/11360\/revisions"}],"predecessor-version":[{"id":29161,"href":"https:\/\/relaxsrl.com\/fr\/wp-json\/wp\/v2\/pages\/11360\/revisions\/29161"}],"wp:featuredmedia":[{"embeddable":true,"href":"https:\/\/relaxsrl.com\/fr\/wp-json\/wp\/v2\/media\/5734"}],"wp:attachment":[{"href":"https:\/\/relaxsrl.com\/fr\/wp-json\/wp\/v2\/media?parent=11360"}],"curies":[{"name":"wp","href":"https:\/\/api.w.org\/{rel}","templated":true}]}}