{"id":11374,"date":"2021-11-18T16:19:33","date_gmt":"2021-11-18T15:19:33","guid":{"rendered":"http:\/\/relaxsrl.com\/politique-de-cookies\/"},"modified":"2023-06-14T17:35:59","modified_gmt":"2023-06-14T15:35:59","slug":"politique-de-cookies","status":"publish","type":"page","link":"https:\/\/relaxsrl.com\/fr\/politique-de-cookies\/","title":{"rendered":"Politique de cookies"},"content":{"rendered":"<p>[vc_row][vc_column][vc_empty_space height=\u00a0\u00bb50px\u00a0\u00bb][vc_column_text]<\/p>\n<h1><strong> INFORMATIONS SUR LES COOKIES <\/strong><\/h1>\n<p>&nbsp;<\/p>\n<p><strong>Que sont les cookies\u00a0? <\/strong><\/p>\n<p>Les cookies sont de petites cha\u00eenes de texte qui sont stock\u00e9es sur votre ordinateur lorsque vous visitez certaines pages d&rsquo;Internet. Les cookies peuvent remplir diverses fonctions, telles que vous permettre de naviguer efficacement entre les diff\u00e9rentes pages, m\u00e9moriser vos pr\u00e9f\u00e9rences et, en g\u00e9n\u00e9ral, ils peuvent am\u00e9liorer le s\u00e9jour de l&rsquo;utilisateur sur le site.<\/p>\n<p>Certains cookies sont utilis\u00e9s pour effectuer l&rsquo;authentification de l&rsquo;ordinateur, la surveillance de session et le stockage d&rsquo;informations sp\u00e9cifiques sur les utilisateurs qui acc\u00e8dent \u00e0 une page Web. Ces cookies, dits techniques, sont souvent utiles, car ils peuvent rendre la navigation et l&rsquo;utilisation du web de plus en plus rapides, car ils interviennent par exemple pour faciliter certaines proc\u00e9dures lorsque vous effectuez des achats en ligne, lorsque vous vous connectez \u00e0 des zones d&rsquo;acc\u00e8s restreint ou lorsque un site Web reconna\u00eet automatiquement la langue que vous utilisez habituellement.<\/p>\n<p>Un type particulier de cookie, appel\u00e9 analytique ou de surveillance, est utilis\u00e9 par les gestionnaires de sites Web pour collecter des informations, sous forme agr\u00e9g\u00e9e, sur le nombre d&rsquo;utilisateurs et la fa\u00e7on dont ils visitent le site, puis traiter des statistiques g\u00e9n\u00e9rales sur le service et son utilisation.<\/p>\n<p>D&rsquo;autres cookies peuvent \u00e0 la place \u00eatre utilis\u00e9s pour surveiller et profiler les utilisateurs pendant la navigation, \u00e9tudier leurs mouvements et leurs habitudes de consultation ou de consommation du Web, \u00e9galement dans le but d&rsquo;envoyer de la publicit\u00e9 pour des services cibl\u00e9s et personnalis\u00e9s. Dans ce cas, nous parlons de cookies de profilage ou de marketing.<\/p>\n<p>Il peut \u00e9galement arriver qu&rsquo;une page Web contienne des cookies provenant d&rsquo;autres sites et contenus dans divers \u00e9l\u00e9ments h\u00e9berg\u00e9s sur la page elle-m\u00eame, tels que des banni\u00e8res publicitaires, des images, des vid\u00e9os, etc. -les cookies de partie, lesquels sont g\u00e9n\u00e9ralement utilis\u00e9s \u00e0 des fins de profilage. Ainsi, les cookies que vous t\u00e9l\u00e9chargez sur votre PC, smartphone et tablette peuvent \u00e9galement \u00eatre lus par d&rsquo;autres sujets, autres que ceux qui g\u00e8rent les pages Web que vous visitez.<\/p>\n<p>Si vous voulez en savoir plus, visitez les sites Web suivants :<\/p>\n<p>www.allaboutcookies.org<\/p>\n<p>www.youronlinechoices.eu<\/p>\n<p>www.garanteprivacy.it\/cookie<\/p>\n<p>&nbsp;<\/p>\n<p><strong> Comment puis-je d\u00e9sactiver les cookies\u00a0? <\/strong><\/p>\n<p>La plupart des navigateurs acceptent automatiquement les cookies, mais vous pouvez emp\u00eacher votre navigateur de les accepter en modifiant ses param\u00e8tres de s\u00e9curit\u00e9 (Microsoft Edge, Google Chrome, Mozilla Firefox, Safari, etc.).<\/p>\n<p>&nbsp;<\/p>\n<p>Microsoft Edge<\/p>\n<p>Cliquez sur l&rsquo;ic\u00f4ne \u00e0 trois points plac\u00e9e horizontalement dans le coin sup\u00e9rieur droit et s\u00e9lectionnez \u00ab\u00a0Param\u00e8tres\u00a0\u00bb. S\u00e9lectionnez le menu \u00ab\u00a0Confidentialit\u00e9, recherche et services\u00a0\u00bb et \u00ab\u00a0Cookies et autorisations du site\u00a0\u00bb. Ici, vous pouvez ajuster les param\u00e8tres de vos cookies.<\/p>\n<p>&nbsp;<\/p>\n<p>Google Chrome<\/p>\n<p>Cliquez sur l&rsquo;ic\u00f4ne \u00e0 trois points plac\u00e9e verticalement dans le coin sup\u00e9rieur droit et s\u00e9lectionnez \u00ab\u00a0Confidentialit\u00e9 et s\u00e9curit\u00e9\u00a0\u00bb. Ici, vous pouvez ajuster les param\u00e8tres de vos cookies.<\/p>\n<p>&nbsp;<\/p>\n<p>Mozilla Firefox<\/p>\n<p>Dans le menu d\u00e9roulant (trois barres horizontales qui se chevauchent) dans le coin sup\u00e9rieur droit, s\u00e9lectionnez \u00ab\u00a0Param\u00e8tres\u00a0\u00bb et \u00ab\u00a0Confidentialit\u00e9 et s\u00e9curit\u00e9\u00a0\u00bb. Ici, vous pouvez ajuster les param\u00e8tres de vos cookies.<\/p>\n<p>&nbsp;<\/p>\n<p>Safari<\/p>\n<p>Dans le menu de configuration, choisissez \u00ab\u00a0Pr\u00e9f\u00e9rences\u00a0\u00bb et cliquez sur Confidentialit\u00e9. Ici, vous pouvez ajuster les param\u00e8tres de vos cookies.<\/p>\n<p>&nbsp;<\/p>\n<p><strong> Cookies utilis\u00e9s par le site www.relaxsrl.com <\/strong><\/p>\n<p>Ces informations sont pr\u00e9par\u00e9es en ex\u00e9cution des obligations en vertu de l&rsquo;art. 13 GDPR 2016\/679, ainsi que les dispositions de la Directive 2002\/58\/CE, telle que mise \u00e0 jour par la Directive 2009\/136\/CE, en mati\u00e8re de Cookies, et concerne exclusivement ce site Internet.<\/p>\n<p><strong> Cookies techniques, y compris les cookies de session (indispensables \u00e0 la gestion du site)\u00a0: <\/strong><\/p>\n<p>Les cookies techniques utilis\u00e9s par ce site sont strictement n\u00e9cessaires au fonctionnement du site lui-m\u00eame, \u00e0 la fourniture des services associ\u00e9s et \u00e0 assurer \u00e0 l&rsquo;utilisateur une navigation et une utilisation normales du site.<\/p>\n<p><strong> Cookies techniques, y compris les cookies de session (indispensables \u00e0 la gestion du site)\u00a0: <\/strong><\/p>\n<p>Les cookies techniques utilis\u00e9s par ce site sont strictement n\u00e9cessaires au fonctionnement du site lui-m\u00eame, \u00e0 la fourniture des services associ\u00e9s et \u00e0 assurer \u00e0 l&rsquo;utilisateur une navigation et une utilisation normales du site.<\/p>\n<p><strong> Nom <\/strong><strong> Fournisseur <\/strong><strong> Objectif <\/strong><strong> Expiration <\/strong><strong> Tapez <\/strong><\/p>\n<p>PHPSESSIDrelaxsrl.comCe cookie permet aux sites Web de stocker des donn\u00e9es d&rsquo;\u00e9tat de s\u00e9rialisation. Sur le site Web, il est utilis\u00e9 pour \u00e9tablir une session utilisateur et pour communiquer des donn\u00e9es d&rsquo;\u00e9tat via un cookie temporaire, commun\u00e9ment appel\u00e9 cookie de session.Session. Se termine par la fermeture du navigateurCookie technique PHP natifwordpress_relaxsrl.comLorsqu&rsquo;un utilisateur se connecte \u00e0 la zone administrative du site, ce cookie est utilis\u00e9 pour stocker des donn\u00e9es d&rsquo;authentification. Son utilisation est limit\u00e9e \u00e0 la zone du panneau d&rsquo;administration.Session. Il se termine \u00e0 la fermeture du navigateur.Cookie technique WordPresswordpress_logged_in_ {hash}relaxsrl.comApr\u00e8s s&rsquo;\u00eatre connect\u00e9 \u00e0 la zone administrative, WordPress place ce cookie, qui indique quand vous \u00eates connect\u00e9, et qui vous \u00eates, pour une meilleure utilisation de l&rsquo;interface.Session. Il se termine \u00e0 la fermeture du navigateur.Cookie technique WordPresswp-wpml_current_languagerelaxsrl.comCe cookie est utilis\u00e9 pour suivre la pr\u00e9f\u00e9rence linguistique de l&rsquo;utilisateur visiteur1 jourCookie technique du plugin WordPress WPMLwp-wpml_current_admin_language_ {hash}relaxsrl.comCe cookie est utilis\u00e9 pour suivre les pr\u00e9f\u00e9rences linguistiques de l&rsquo;utilisateur apr\u00e8s s&rsquo;\u00eatre connect\u00e9 en tant qu&rsquo;utilisateur enregistr\u00e9.1 jourCookie technique du plugin WordPress WPMLwc_cart_hash_<br \/>\nLe cookie contient des informations sur le panier dans son ensemble et aide WooCommerce \u00e0 savoir quand les donn\u00e9es du panier changent.PersistantCookie technique WordPresswc_fragments_<br \/>\nLe cookie contient des informations sur le panier dans son ensemble et aide WooCommerce \u00e0 savoir quand les donn\u00e9es du panier changent.Session. Il se termine \u00e0 la fermeture du navigateur.Cookie technique WordPressCookieConsent<a href=\"http:\/\/www.cookiebot.com\/goto\/privacy-policy\/\"> Cookiebot <\/a>Ce cookie stocke le statut de consentement de l&rsquo;utilisateur pour le domaine actuel1 anCookie technique Cookiebot<\/p>\n<p><strong> Cookies de marketing\/profilage, contenus int\u00e9gr\u00e9s et plugins sociaux <\/strong><\/p>\n<p>Les cookies marketing sont utilis\u00e9s pour suivre les visiteurs sur les sites Web. L&rsquo;intention est d&rsquo;afficher des publicit\u00e9s pertinentes et attrayantes pour l&rsquo;utilisateur individuel et donc celles qui ont le plus de valeur pour les \u00e9diteurs et les annonceurs tiers. Il s&rsquo;agit g\u00e9n\u00e9ralement de cookies tiers. Ces cookies peuvent \u00eatre d\u00e9sactiv\u00e9s, cependant certains services du site peuvent ne pas \u00eatre utilisables.<\/p>\n<p>Ce site utilise \u00e9galement des plugins sociaux pour le partage et le contenu int\u00e9gr\u00e9 de Facebook, Linkedin, Instagram, Pinterest et en g\u00e9n\u00e9ral, si n\u00e9cessaire, le contenu int\u00e9grable d&rsquo;autres plateformes.<\/p>\n<p>Voici quelques liens utiles vers les politiques de cookies tiers mentionn\u00e9es\u00a0:<br \/>\nLinkedin http:\/\/www.linkedin.com\/legal\/cookie-policy?trk=hb_ft_cookie<\/p>\n<p>Facebook http:\/\/www.facebook.com\/help\/cookies\/<\/p>\n<p>Instagram http:\/\/instagram.com\/about\/legal\/privacy\/<\/p>\n<p>Pinterest http:\/\/about.pinterest.com\/it\/privacy-policy<\/p>\n<p>&nbsp;<\/p>\n<p><strong> Nom <\/strong><strong> Fournisseur <\/strong><strong> Objectif <\/strong><strong> Expiration <\/strong><strong> Tapez <\/strong>ga<a href=\"http:\/\/policies.google.com\/privacy\"> Google <\/a>Ce cookie enregistre un identifiant unique utilis\u00e9 pour g\u00e9n\u00e9rer des donn\u00e9es statistiques sur la fa\u00e7on dont le visiteur utilise le site Web.2 ansCookie tiers (Google Analytics)_ gat<a href=\"http:\/\/policies.google.com\/privacy\"> Google <\/a>Ce cookie est utilis\u00e9 par Google Analytics pour limiter la fr\u00e9quence des requ\u00eates1 jourCookie tiers (Google Analytics)_ gid<a href=\"http:\/\/policies.google.com\/privacy\"> Google <\/a>Ce cookie enregistre un identifiant unique utilis\u00e9 pour g\u00e9n\u00e9rer des donn\u00e9es statistiques sur la fa\u00e7on dont le visiteur utilise le site Web.1 jourCookie tiers (Google Analytics)annonces \/ ga-audiences<a href=\"http:\/\/policies.google.com\/privacy\"> Google <\/a>Le cookie est utilis\u00e9 par Google AdWords pour recibler les utilisateurs en fonction de leur comportement de navigationSession. Il se termine \u00e0 la fermeture du navigateur.Cookie tiers (Google Analytics)_ fbp<a href=\"http:\/\/www.facebook.com\/policy.php\"> Facebook <\/a>Ce cookie est utilis\u00e9 par Facebook pour proposer une s\u00e9rie de produits publicitaires sous forme d&rsquo;offres en temps r\u00e9el d&rsquo;annonceurs tiers.3 moisCookie tiers (Facebook)tr<a href=\"http:\/\/www.facebook.com\/policy.php\"> Facebook <\/a>Utilis\u00e9 par Facebook pour proposer une s\u00e9rie de produits publicitaires sous forme d&rsquo;offres en temps r\u00e9el d&rsquo;annonceurs tiers.Session. Il se termine \u00e0 la fermeture du navigateur.Cookie tiers (Facebook)<\/p>\n<p>&nbsp;<\/p>\n<p><strong> Dur\u00e9e des cookies <\/strong><\/p>\n<p>Les cookies utilis\u00e9s par le site www.relaxsrl.com terminent leur validit\u00e9 selon les d\u00e9lais indiqu\u00e9s dans les tableaux ci-dessus.<\/p>\n<p><strong> Politique de confidentialit\u00e9 du site www.relaxsrl.com <\/strong><\/p>\n<p>Pour plus d&rsquo;informations et une politique de confidentialit\u00e9 compl\u00e8te du site www.relaxsrl.com cliquez <a href=\"http:\/\/relaxsrl.com\/privacy-policy\/\"> ici <\/a>.<\/p>\n<p>Pour modifier vos pr\u00e9f\u00e9rences sur les cookies install\u00e9s par le site www.relaxsrl.com, cliquez <a href=\"http:\/\/relaxsrl.com\/dichiarazione-dei-cookie\/\"> <u> ici <\/u> <\/a> .<\/p>\n<p>&nbsp;<\/p>\n<p><strong> Pour plus d&rsquo;informations, vous pouvez contacter le responsable du traitement\u00a0: <\/strong><\/p>\n<p><strong> RELAX SRL <\/strong><\/p>\n<p>Via Leonardo da Vinci, 2A &#8211; 30020 Torre di Mosto (VE) <strong> &#8211; <\/strong> Italie<\/p>\n<p><strong> T\u00e9l. <\/strong> +39 0421 1765124 &#8211; Fax +39 0421 466654<\/p>\n<p><strong> e-mail <\/strong> info@relaxsrl.com<\/p>\n<p>&nbsp;<\/p>\n<p>Derni\u00e8re modification\u00a0: 15\/11\/2021[\/vc_column_text][vc_empty_space height=\u00a0\u00bb100px\u00a0\u00bb][\/vc_column][\/vc_row]<\/p>\n","protected":false},"excerpt":{"rendered":"<p>[vc_row][vc_column][vc_empty_space height=\u00a0\u00bb50px\u00a0\u00bb][vc_column_text] INFORMATIONS SUR LES COOKIES &nbsp; Que sont les cookies\u00a0? Les cookies sont de petites cha\u00eenes de texte qui sont stock\u00e9es sur votre ordinateur lorsque vous visitez certaines pages d&rsquo;Internet. Les cookies peuvent remplir diverses fonctions, telles que vous permettre de naviguer efficacement entre les diff\u00e9rentes pages, m\u00e9moriser vos pr\u00e9f\u00e9rences et, en g\u00e9n\u00e9ral, ils [&hellip;]<\/p>\n","protected":false},"author":3,"featured_media":25661,"parent":0,"menu_order":0,"comment_status":"closed","ping_status":"closed","template":"","meta":[],"acf":[],"yoast_head":"<!-- This site is optimized with the Yoast SEO Premium plugin v18.4 (Yoast SEO v18.8) - https:\/\/yoast.com\/wordpress\/plugins\/seo\/ -->\n<title>Politique de cookies - Relax srl<\/title>\n<meta name=\"robots\" content=\"noindex, follow\" \/>\n<meta property=\"og:locale\" content=\"fr_FR\" \/>\n<meta property=\"og:type\" content=\"article\" \/>\n<meta property=\"og:title\" content=\"Politique de cookies - Relax srl\" \/>\n<meta property=\"og:description\" content=\"[vc_row][vc_column][vc_empty_space height=\u00a0\u00bb50px\u00a0\u00bb][vc_column_text] INFORMATIONS SUR LES COOKIES &nbsp; Que sont les cookies\u00a0? Les cookies sont de petites cha\u00eenes de texte qui sont stock\u00e9es sur votre ordinateur lorsque vous visitez certaines pages d&rsquo;Internet. Les cookies peuvent remplir diverses fonctions, telles que vous permettre de naviguer efficacement entre les diff\u00e9rentes pages, m\u00e9moriser vos pr\u00e9f\u00e9rences et, en g\u00e9n\u00e9ral, ils [&hellip;]\" \/>\n<meta property=\"og:url\" content=\"https:\/\/relaxsrl.com\/fr\/politique-de-cookies\/\" \/>\n<meta property=\"og:site_name\" content=\"Relax srl\" \/>\n<meta property=\"article:modified_time\" content=\"2023-06-14T15:35:59+00:00\" \/>\n<meta property=\"og:image\" content=\"https:\/\/relaxsrl.com\/website\/wp-content\/uploads\/2023\/02\/X_NEUTRA_RELAX.jpg\" \/>\n\t<meta property=\"og:image:width\" content=\"500\" \/>\n\t<meta property=\"og:image:height\" content=\"500\" \/>\n\t<meta property=\"og:image:type\" content=\"image\/jpeg\" \/>\n<meta name=\"twitter:card\" content=\"summary_large_image\" \/>\n<meta name=\"twitter:label1\" content=\"Dur\u00e9e de lecture estim\u00e9e\" \/>\n\t<meta name=\"twitter:data1\" content=\"7 minutes\" \/>\n<script type=\"application\/ld+json\" class=\"yoast-schema-graph\">{\"@context\":\"https:\/\/schema.org\",\"@graph\":[{\"@type\":\"WebSite\",\"@id\":\"https:\/\/relaxsrl.com\/#website\",\"url\":\"https:\/\/relaxsrl.com\/\",\"name\":\"Relax srl\",\"description\":\"\",\"potentialAction\":[{\"@type\":\"SearchAction\",\"target\":{\"@type\":\"EntryPoint\",\"urlTemplate\":\"https:\/\/relaxsrl.com\/?s={search_term_string}\"},\"query-input\":\"required name=search_term_string\"}],\"inLanguage\":\"fr-FR\"},{\"@type\":\"ImageObject\",\"inLanguage\":\"fr-FR\",\"@id\":\"https:\/\/relaxsrl.com\/fr\/politique-de-cookies\/#primaryimage\",\"url\":\"https:\/\/relaxsrl.com\/website\/wp-content\/uploads\/2023\/02\/X_NEUTRA_RELAX.jpg\",\"contentUrl\":\"https:\/\/relaxsrl.com\/website\/wp-content\/uploads\/2023\/02\/X_NEUTRA_RELAX.jpg\",\"width\":500,\"height\":500},{\"@type\":\"WebPage\",\"@id\":\"https:\/\/relaxsrl.com\/fr\/politique-de-cookies\/#webpage\",\"url\":\"https:\/\/relaxsrl.com\/fr\/politique-de-cookies\/\",\"name\":\"Politique de cookies - Relax srl\",\"isPartOf\":{\"@id\":\"https:\/\/relaxsrl.com\/#website\"},\"primaryImageOfPage\":{\"@id\":\"https:\/\/relaxsrl.com\/fr\/politique-de-cookies\/#primaryimage\"},\"datePublished\":\"2021-11-18T15:19:33+00:00\",\"dateModified\":\"2023-06-14T15:35:59+00:00\",\"breadcrumb\":{\"@id\":\"https:\/\/relaxsrl.com\/fr\/politique-de-cookies\/#breadcrumb\"},\"inLanguage\":\"fr-FR\",\"potentialAction\":[{\"@type\":\"ReadAction\",\"target\":[\"https:\/\/relaxsrl.com\/fr\/politique-de-cookies\/\"]}]},{\"@type\":\"BreadcrumbList\",\"@id\":\"https:\/\/relaxsrl.com\/fr\/politique-de-cookies\/#breadcrumb\",\"itemListElement\":[{\"@type\":\"ListItem\",\"position\":1,\"name\":\"Politique de cookies\"}]}]}<\/script>\n<!-- \/ Yoast SEO Premium plugin. -->","yoast_head_json":{"title":"Politique de cookies - Relax srl","robots":{"index":"noindex","follow":"follow"},"og_locale":"fr_FR","og_type":"article","og_title":"Politique de cookies - Relax srl","og_description":"[vc_row][vc_column][vc_empty_space height=\u00a0\u00bb50px\u00a0\u00bb][vc_column_text] INFORMATIONS SUR LES COOKIES &nbsp; Que sont les cookies\u00a0? Les cookies sont de petites cha\u00eenes de texte qui sont stock\u00e9es sur votre ordinateur lorsque vous visitez certaines pages d&rsquo;Internet. Les cookies peuvent remplir diverses fonctions, telles que vous permettre de naviguer efficacement entre les diff\u00e9rentes pages, m\u00e9moriser vos pr\u00e9f\u00e9rences et, en g\u00e9n\u00e9ral, ils [&hellip;]","og_url":"https:\/\/relaxsrl.com\/fr\/politique-de-cookies\/","og_site_name":"Relax srl","article_modified_time":"2023-06-14T15:35:59+00:00","og_image":[{"width":500,"height":500,"url":"https:\/\/relaxsrl.com\/website\/wp-content\/uploads\/2023\/02\/X_NEUTRA_RELAX.jpg","type":"image\/jpeg"}],"twitter_card":"summary_large_image","twitter_misc":{"Dur\u00e9e de lecture estim\u00e9e":"7 minutes"},"schema":{"@context":"https:\/\/schema.org","@graph":[{"@type":"WebSite","@id":"https:\/\/relaxsrl.com\/#website","url":"https:\/\/relaxsrl.com\/","name":"Relax srl","description":"","potentialAction":[{"@type":"SearchAction","target":{"@type":"EntryPoint","urlTemplate":"https:\/\/relaxsrl.com\/?s={search_term_string}"},"query-input":"required name=search_term_string"}],"inLanguage":"fr-FR"},{"@type":"ImageObject","inLanguage":"fr-FR","@id":"https:\/\/relaxsrl.com\/fr\/politique-de-cookies\/#primaryimage","url":"https:\/\/relaxsrl.com\/website\/wp-content\/uploads\/2023\/02\/X_NEUTRA_RELAX.jpg","contentUrl":"https:\/\/relaxsrl.com\/website\/wp-content\/uploads\/2023\/02\/X_NEUTRA_RELAX.jpg","width":500,"height":500},{"@type":"WebPage","@id":"https:\/\/relaxsrl.com\/fr\/politique-de-cookies\/#webpage","url":"https:\/\/relaxsrl.com\/fr\/politique-de-cookies\/","name":"Politique de cookies - Relax srl","isPartOf":{"@id":"https:\/\/relaxsrl.com\/#website"},"primaryImageOfPage":{"@id":"https:\/\/relaxsrl.com\/fr\/politique-de-cookies\/#primaryimage"},"datePublished":"2021-11-18T15:19:33+00:00","dateModified":"2023-06-14T15:35:59+00:00","breadcrumb":{"@id":"https:\/\/relaxsrl.com\/fr\/politique-de-cookies\/#breadcrumb"},"inLanguage":"fr-FR","potentialAction":[{"@type":"ReadAction","target":["https:\/\/relaxsrl.com\/fr\/politique-de-cookies\/"]}]},{"@type":"BreadcrumbList","@id":"https:\/\/relaxsrl.com\/fr\/politique-de-cookies\/#breadcrumb","itemListElement":[{"@type":"ListItem","position":1,"name":"Politique de cookies"}]}]}},"_links":{"self":[{"href":"https:\/\/relaxsrl.com\/fr\/wp-json\/wp\/v2\/pages\/11374"}],"collection":[{"href":"https:\/\/relaxsrl.com\/fr\/wp-json\/wp\/v2\/pages"}],"about":[{"href":"https:\/\/relaxsrl.com\/fr\/wp-json\/wp\/v2\/types\/page"}],"author":[{"embeddable":true,"href":"https:\/\/relaxsrl.com\/fr\/wp-json\/wp\/v2\/users\/3"}],"replies":[{"embeddable":true,"href":"https:\/\/relaxsrl.com\/fr\/wp-json\/wp\/v2\/comments?post=11374"}],"version-history":[{"count":5,"href":"https:\/\/relaxsrl.com\/fr\/wp-json\/wp\/v2\/pages\/11374\/revisions"}],"predecessor-version":[{"id":28925,"href":"https:\/\/relaxsrl.com\/fr\/wp-json\/wp\/v2\/pages\/11374\/revisions\/28925"}],"wp:featuredmedia":[{"embeddable":true,"href":"https:\/\/relaxsrl.com\/fr\/wp-json\/wp\/v2\/media\/25661"}],"wp:attachment":[{"href":"https:\/\/relaxsrl.com\/fr\/wp-json\/wp\/v2\/media?parent=11374"}],"curies":[{"name":"wp","href":"https:\/\/api.w.org\/{rel}","templated":true}]}}