{"id":11385,"date":"2021-11-18T16:41:22","date_gmt":"2021-11-18T15:41:22","guid":{"rendered":"http:\/\/relaxsrl.com\/finitions\/"},"modified":"2025-09-09T14:38:09","modified_gmt":"2025-09-09T12:38:09","slug":"finitions-des-cabines-de-douche","status":"publish","type":"page","link":"https:\/\/relaxsrl.com\/fr\/finitions-des-cabines-de-douche\/","title":{"rendered":"Finitions des cabines de douche"},"content":{"rendered":"<p>[vc_row full_width=\u00a0\u00bbstretch_row\u00a0\u00bb content_placement=\u00a0\u00bbmiddle\u00a0\u00bb el_class=\u00a0\u00bbintro-row\u00a0\u00bb][vc_column][vc_column_text]<\/p>\n<h1>Finitions des cabines de douche<\/h1>\n<p>[\/vc_column_text][\/vc_column][\/vc_row][vc_row el_class=\u00a0\u00bbrow-path\u00a0\u00bb][vc_column][vc_column_text][\/vc_column_text][\/vc_column][\/vc_row][vc_row][vc_column width=\u00a0\u00bb1\/6&Prime;][\/vc_column][vc_column width=\u00a0\u00bb2\/3&Prime;][vc_column_text el_class=\u00a0\u00bbtxt-blue abstract weight500&Prime;]Relax propose un nombre important de finitions tant pour le verre que pour les profil\u00e9s en aluminium des parois de douche, avec diff\u00e9rents traitements de surface, afin d&rsquo;offrir des produits adapt\u00e9s aux styles les plus divers. Toutes les solutions et finitions des <a href=\"https:\/\/relaxsrl.com\/fr\/produits\/typologie\/cabine-de-douche\/\">cabines de douche<\/a> Relax sont certifi\u00e9es <a href=\"https:\/\/www.tuvsud.com\/fr-fr\">T\u00dcV S\u00dcD<\/a>.[\/vc_column_text][vc_empty_space height=\u00a0\u00bb35px\u00a0\u00bb][\/vc_column][\/vc_row][vc_row][vc_column width=\u00a0\u00bb1\/6&Prime;][\/vc_column][vc_column width=\u00a0\u00bb2\/3&Prime;][vc_column_text]<\/p>\n<h2>Finitions des cabines de douche pour le verre<\/h2>\n<p>Transparent, compact, \u00e9tanche, \u00e9cologique. Le verre est l&rsquo;un des mat\u00e9riaux que nous appr\u00e9cions le plus, gr\u00e2ce \u00e0 ses innombrables qualit\u00e9s. Nous donnons la possibilit\u00e9 de le personnaliser en plus des nombreuses propositions standards. Vous trouverez ci-dessous les couleurs, types de verres et s\u00e9rigraphies disponibles dans le catalogue.[\/vc_column_text][vc_empty_space height=\u00a0\u00bb40px\u00a0\u00bb][vc_row_inner][vc_column_inner width=\u00a0\u00bb1\/3&Prime;][vc_single_image image=\u00a0\u00bb30447&Prime; img_size=\u00a0\u00bbfull\u00a0\u00bb onclick=\u00a0\u00bblink_image\u00a0\u00bb][vc_column_text]<\/p>\n<p style=\"text-align: center;\">Transparent<\/p>\n<p>[\/vc_column_text][vc_empty_space height=\u00a0\u00bb20px\u00a0\u00bb][\/vc_column_inner][vc_column_inner width=\u00a0\u00bb1\/3&Prime;][vc_single_image image=\u00a0\u00bb30432&Prime; img_size=\u00a0\u00bbfull\u00a0\u00bb onclick=\u00a0\u00bblink_image\u00a0\u00bb][vc_column_text]<\/p>\n<p style=\"text-align: center;\">Satin<\/p>\n<p>[\/vc_column_text][vc_empty_space height=\u00a0\u00bb20px\u00a0\u00bb][\/vc_column_inner][vc_column_inner width=\u00a0\u00bb1\/3&Prime;][vc_single_image image=\u00a0\u00bb30417&Prime; img_size=\u00a0\u00bbfull\u00a0\u00bb onclick=\u00a0\u00bblink_image\u00a0\u00bb][vc_column_text]<\/p>\n<p style=\"text-align: center;\">Gris Europe<\/p>\n<p>[\/vc_column_text][vc_empty_space height=\u00a0\u00bb20px\u00a0\u00bb][\/vc_column_inner][\/vc_row_inner][vc_row_inner][vc_column_inner width=\u00a0\u00bb1\/3&Prime;][vc_single_image image=\u00a0\u00bb30457&Prime; img_size=\u00a0\u00bbfull\u00a0\u00bb onclick=\u00a0\u00bblink_image\u00a0\u00bb][vc_column_text]<\/p>\n<p style=\"text-align: center;\">Bronze<\/p>\n<p>[\/vc_column_text][vc_empty_space height=\u00a0\u00bb20px\u00a0\u00bb][\/vc_column_inner][vc_column_inner width=\u00a0\u00bb1\/3&Prime;][vc_single_image image=\u00a0\u00bb30427&Prime; img_size=\u00a0\u00bbfull\u00a0\u00bb onclick=\u00a0\u00bblink_image\u00a0\u00bb][vc_column_text]<\/p>\n<p style=\"text-align: center;\">\u00c0 plumes<\/p>\n<p>[\/vc_column_text][vc_empty_space height=\u00a0\u00bb20px\u00a0\u00bb][\/vc_column_inner][vc_column_inner width=\u00a0\u00bb1\/3&Prime;][vc_single_image image=\u00a0\u00bb30452&Prime; img_size=\u00a0\u00bbfull\u00a0\u00bb onclick=\u00a0\u00bblink_image\u00a0\u00bb][vc_column_text]<\/p>\n<p style=\"text-align: center;\">Acrylic<\/p>\n<p>[\/vc_column_text][vc_empty_space height=\u00a0\u00bb20px\u00a0\u00bb][\/vc_column_inner][\/vc_row_inner][vc_row_inner][vc_column_inner width=\u00a0\u00bb1\/3&Prime;][vc_single_image image=\u00a0\u00bb30442&Prime; img_size=\u00a0\u00bbfull\u00a0\u00bb onclick=\u00a0\u00bblink_image\u00a0\u00bb][vc_column_text]<\/p>\n<p style=\"text-align: center;\">Imprim\u00e9<\/p>\n<p>[\/vc_column_text][vc_empty_space height=\u00a0\u00bb20px\u00a0\u00bb][\/vc_column_inner][vc_column_inner width=\u00a0\u00bb1\/3&Prime;][vc_single_image image=\u00a0\u00bb30673&Prime; img_size=\u00a0\u00bbfull\u00a0\u00bb onclick=\u00a0\u00bblink_image\u00a0\u00bb][vc_column_text]<\/p>\n<p style=\"text-align: center;\">Nuageux<\/p>\n<p>[\/vc_column_text][vc_empty_space height=\u00a0\u00bb20px\u00a0\u00bb][\/vc_column_inner][vc_column_inner width=\u00a0\u00bb1\/3&Prime;][vc_single_image image=\u00a0\u00bb30412&Prime; img_size=\u00a0\u00bbfull\u00a0\u00bb onclick=\u00a0\u00bblink_image\u00a0\u00bb][vc_column_text]<\/p>\n<p style=\"text-align: center;\">S\u00e9rigraphie 08<\/p>\n<p>[\/vc_column_text][vc_empty_space height=\u00a0\u00bb20px\u00a0\u00bb][\/vc_column_inner][\/vc_row_inner][vc_row_inner][vc_column_inner width=\u00a0\u00bb1\/3&Prime;][vc_single_image image=\u00a0\u00bb30462&Prime; img_size=\u00a0\u00bbfull\u00a0\u00bb onclick=\u00a0\u00bblink_image\u00a0\u00bb][vc_column_text]<\/p>\n<p style=\"text-align: center;\">Canneto<\/p>\n<p>[\/vc_column_text][vc_empty_space height=\u00a0\u00bb20px\u00a0\u00bb][\/vc_column_inner][vc_column_inner width=\u00a0\u00bb1\/3&Prime;][vc_single_image image=\u00a0\u00bb30437&Prime; img_size=\u00a0\u00bbfull\u00a0\u00bb onclick=\u00a0\u00bblink_image\u00a0\u00bb][vc_column_text]<\/p>\n<p style=\"text-align: center;\">Segmenti<\/p>\n<p>[\/vc_column_text][vc_empty_space height=\u00a0\u00bb20px\u00a0\u00bb][\/vc_column_inner][vc_column_inner width=\u00a0\u00bb1\/3&Prime;][\/vc_column_inner][\/vc_row_inner][vc_empty_space height=\u00a0\u00bb40px\u00a0\u00bb][\/vc_column][\/vc_row][vc_row][vc_column width=\u00a0\u00bb1\/6&Prime;][\/vc_column][vc_column width=\u00a0\u00bb2\/3&Prime;][vc_column_text]<\/p>\n<h2>Finitions des cabines de douche pour l&rsquo;aluminium<\/h2>\n<p>L&rsquo;aluminium est le seul mat\u00e9riau que nous utilisons pour nos profil\u00e9s. Un mat\u00e9riau 100% recyclable, l\u00e9ger comme une plume et tr\u00e8s r\u00e9sistant dans le temps. Comme le verre, il est disponible en diff\u00e9rents coloris. Les finitions que nous appliquons \u00e0 nos profil\u00e9s en aluminium sont divis\u00e9es en deux macro cat\u00e9gories: l&rsquo;aluminium oxyd\u00e9 et l&rsquo;aluminium peint.[\/vc_column_text][vc_empty_space height=\u00a0\u00bb20px\u00a0\u00bb][\/vc_column][\/vc_row][vc_row][vc_column width=\u00a0\u00bb1\/6&Prime;][\/vc_column][vc_column width=\u00a0\u00bb2\/3&Prime;][vc_column_text]<\/p>\n<h3>Finitions en aluminium oxyd\u00e9<\/h3>\n<p>L&rsquo;aluminium oxyd\u00e9 (ou anodis\u00e9) est le r\u00e9sultat d&rsquo;un processus \u00e9lectrochimique par lequel une couche d&rsquo;oxyde protectrice est form\u00e9e \u00e0 la surface du m\u00e9tal. La couleur n&rsquo;est donc pas appliqu\u00e9e, mais le m\u00e9tal lui-m\u00eame change de couleur en fonction des composants utilis\u00e9s dans le processus chimique.[\/vc_column_text][vc_empty_space height=\u00a0\u00bb20px\u00a0\u00bb][vc_row_inner][vc_column_inner width=\u00a0\u00bb1\/4&Prime;][vc_single_image image=\u00a0\u00bb5964&Prime; img_size=\u00a0\u00bbfull\u00a0\u00bb onclick=\u00a0\u00bblink_image\u00a0\u00bb][vc_column_text]<\/p>\n<p style=\"text-align: center;\">Brillant<\/p>\n<p>[\/vc_column_text][vc_empty_space height=\u00a0\u00bb20px\u00a0\u00bb][\/vc_column_inner][vc_column_inner width=\u00a0\u00bb1\/4&Prime;][vc_single_image image=\u00a0\u00bb5952&Prime; img_size=\u00a0\u00bbfull\u00a0\u00bb onclick=\u00a0\u00bblink_image\u00a0\u00bb][vc_column_text]<\/p>\n<p style=\"text-align: center;\">Argent brillant<\/p>\n<p>[\/vc_column_text][vc_empty_space height=\u00a0\u00bb20px\u00a0\u00bb][\/vc_column_inner][vc_column_inner width=\u00a0\u00bb1\/4&Prime;][vc_single_image image=\u00a0\u00bb6004&Prime; img_size=\u00a0\u00bbfull\u00a0\u00bb onclick=\u00a0\u00bblink_image\u00a0\u00bb][vc_column_text]<\/p>\n<p style=\"text-align: center;\">Or Bross\u00e9<\/p>\n<p>[\/vc_column_text][vc_empty_space height=\u00a0\u00bb20px\u00a0\u00bb][\/vc_column_inner][vc_column_inner width=\u00a0\u00bb1\/4&Prime;][vc_single_image image=\u00a0\u00bb6000&Prime; img_size=\u00a0\u00bbfull\u00a0\u00bb onclick=\u00a0\u00bblink_image\u00a0\u00bb][vc_column_text]<\/p>\n<p style=\"text-align: center;\">Or Rose Bross\u00e9<\/p>\n<p>[\/vc_column_text][vc_empty_space height=\u00a0\u00bb20px\u00a0\u00bb][\/vc_column_inner][\/vc_row_inner][vc_row_inner][vc_column_inner width=\u00a0\u00bb1\/4&Prime;][vc_single_image image=\u00a0\u00bb5944&Prime; img_size=\u00a0\u00bbfull\u00a0\u00bb onclick=\u00a0\u00bblink_image\u00a0\u00bb][vc_column_text]<\/p>\n<p style=\"text-align: center;\">Acier<\/p>\n<p>[\/vc_column_text][vc_empty_space height=\u00a0\u00bb20px\u00a0\u00bb][\/vc_column_inner][vc_column_inner width=\u00a0\u00bb1\/4&Prime;][vc_single_image image=\u00a0\u00bb5956&Prime; img_size=\u00a0\u00bbfull\u00a0\u00bb onclick=\u00a0\u00bblink_image\u00a0\u00bb][vc_column_text]<\/p>\n<p style=\"text-align: center;\">Argent satin\u00e9<\/p>\n<p>[\/vc_column_text][vc_empty_space height=\u00a0\u00bb20px\u00a0\u00bb][\/vc_column_inner][vc_column_inner width=\u00a0\u00bb1\/4&Prime;][vc_single_image image=\u00a0\u00bb5972&Prime; img_size=\u00a0\u00bbfull\u00a0\u00bb onclick=\u00a0\u00bblink_image\u00a0\u00bb][vc_column_text]<\/p>\n<p style=\"text-align: center;\">Bronze<\/p>\n<p>[\/vc_column_text][vc_empty_space height=\u00a0\u00bb20px\u00a0\u00bb][\/vc_column_inner][vc_column_inner width=\u00a0\u00bb1\/4&Prime;][vc_single_image image=\u00a0\u00bb5996&Prime; img_size=\u00a0\u00bbfull\u00a0\u00bb onclick=\u00a0\u00bblink_image\u00a0\u00bb][vc_column_text]<\/p>\n<p style=\"text-align: center;\">Noir<\/p>\n<p>[\/vc_column_text][vc_empty_space height=\u00a0\u00bb20px\u00a0\u00bb][\/vc_column_inner][\/vc_row_inner][vc_row_inner][vc_column_inner width=\u00a0\u00bb1\/4&Prime;][vc_single_image image=\u00a0\u00bb5936&Prime; img_size=\u00a0\u00bbfull\u00a0\u00bb onclick=\u00a0\u00bblink_image\u00a0\u00bb][vc_column_text]<\/p>\n<p style=\"text-align: center;\">Acier brillant<\/p>\n<p>[\/vc_column_text][vc_empty_space height=\u00a0\u00bb20px\u00a0\u00bb][\/vc_column_inner][vc_column_inner width=\u00a0\u00bb1\/4&Prime;][vc_single_image image=\u00a0\u00bb5940&Prime; img_size=\u00a0\u00bbfull\u00a0\u00bb onclick=\u00a0\u00bblink_image\u00a0\u00bb][vc_column_text]<\/p>\n<p style=\"text-align: center;\">Acier satin\u00e9<\/p>\n<p>[\/vc_column_text][vc_empty_space height=\u00a0\u00bb20px\u00a0\u00bb][\/vc_column_inner][vc_column_inner width=\u00a0\u00bb1\/4&Prime;][vc_single_image image=\u00a0\u00bb5940&Prime; img_size=\u00a0\u00bbfull\u00a0\u00bb onclick=\u00a0\u00bblink_image\u00a0\u00bb][vc_column_text]<\/p>\n<p style=\"text-align: center;\">M\u00e8tal \u00e0 Canon Poli<\/p>\n<p>[\/vc_column_text][vc_empty_space height=\u00a0\u00bb20px\u00a0\u00bb][\/vc_column_inner][vc_column_inner width=\u00a0\u00bb1\/4&Prime;][vc_single_image image=\u00a0\u00bb31969&Prime; img_size=\u00a0\u00bbfull\u00a0\u00bb onclick=\u00a0\u00bblink_image\u00a0\u00bb][vc_column_text]<\/p>\n<p style=\"text-align: center;\">M\u00e8tal \u00e0 Canon Bross\u00e9<\/p>\n<p>[\/vc_column_text][vc_empty_space height=\u00a0\u00bb20px\u00a0\u00bb][\/vc_column_inner][\/vc_row_inner][vc_empty_space height=\u00a0\u00bb40px\u00a0\u00bb][\/vc_column][\/vc_row][vc_row][vc_column width=\u00a0\u00bb1\/6&Prime;][\/vc_column][vc_column width=\u00a0\u00bb2\/3&Prime;][vc_column_text]<\/p>\n<h3>Finitions en aluminium peint<\/h3>\n<p>L&rsquo;aluminium peint, contrairement \u00e0 l&rsquo;aluminium oxyd\u00e9, a une couche externe de peinture. La couleur est appliqu\u00e9e par un processus appel\u00e9 phosphochromatation, qui implique l&rsquo;utilisation de machines sp\u00e9ciales pour recouvrir le m\u00e9tal de la couleur souhait\u00e9e. L&rsquo;aluminium peint est garanti 7 ans.<br \/>\n[\/vc_column_text][vc_empty_space height=\u00a0\u00bb20px\u00a0\u00bb][vc_row_inner][vc_column_inner width=\u00a0\u00bb1\/4&Prime;][vc_single_image image=\u00a0\u00bb5960&Prime; img_size=\u00a0\u00bbfull\u00a0\u00bb onclick=\u00a0\u00bblink_image\u00a0\u00bb][vc_column_text]<\/p>\n<p style=\"text-align: center;\">Blanc mat<\/p>\n<p>[\/vc_column_text][vc_empty_space height=\u00a0\u00bb20px\u00a0\u00bb][\/vc_column_inner][vc_column_inner width=\u00a0\u00bb1\/4&Prime;][vc_single_image image=\u00a0\u00bb5980&Prime; img_size=\u00a0\u00bbfull\u00a0\u00bb onclick=\u00a0\u00bblink_image\u00a0\u00bb][vc_column_text]<\/p>\n<p style=\"text-align: center;\">Creme<\/p>\n<p>[\/vc_column_text][vc_empty_space height=\u00a0\u00bb20px\u00a0\u00bb][\/vc_column_inner][vc_column_inner width=\u00a0\u00bb1\/4&Prime;][vc_single_image image=\u00a0\u00bb6028&Prime; img_size=\u00a0\u00bbfull\u00a0\u00bb onclick=\u00a0\u00bblink_image\u00a0\u00bb][vc_column_text]<\/p>\n<p style=\"text-align: center;\">Gris tourterelle<\/p>\n<p>[\/vc_column_text][vc_empty_space height=\u00a0\u00bb20px\u00a0\u00bb][\/vc_column_inner][vc_column_inner width=\u00a0\u00bb1\/4&Prime;][vc_single_image image=\u00a0\u00bb5992&Prime; img_size=\u00a0\u00bbfull\u00a0\u00bb onclick=\u00a0\u00bblink_image\u00a0\u00bb][vc_column_text]<\/p>\n<p style=\"text-align: center;\">Gris<\/p>\n<p>[\/vc_column_text][vc_empty_space height=\u00a0\u00bb20px\u00a0\u00bb][\/vc_column_inner][\/vc_row_inner][vc_empty_space height=\u00a0\u00bb100px\u00a0\u00bb][\/vc_column][\/vc_row]<\/p>\n","protected":false},"excerpt":{"rendered":"<p>[vc_row full_width=\u00a0\u00bbstretch_row\u00a0\u00bb content_placement=\u00a0\u00bbmiddle\u00a0\u00bb el_class=\u00a0\u00bbintro-row\u00a0\u00bb][vc_column][vc_column_text] Finitions des cabines de douche [\/vc_column_text][\/vc_column][\/vc_row][vc_row el_class=\u00a0\u00bbrow-path\u00a0\u00bb][vc_column][vc_column_text][\/vc_column_text][\/vc_column][\/vc_row][vc_row][vc_column width=\u00a0\u00bb1\/6&Prime;][\/vc_column][vc_column width=\u00a0\u00bb2\/3&Prime;][vc_column_text el_class=\u00a0\u00bbtxt-blue abstract weight500&Prime;]Relax propose un nombre important de finitions tant pour le verre que pour les profil\u00e9s en aluminium des parois de douche, avec diff\u00e9rents traitements de surface, afin d&rsquo;offrir des produits adapt\u00e9s aux styles les plus divers. Toutes les solutions et [&hellip;]<\/p>\n","protected":false},"author":3,"featured_media":18545,"parent":0,"menu_order":0,"comment_status":"closed","ping_status":"closed","template":"","meta":[],"acf":[],"yoast_head":"<!-- This site is optimized with the Yoast SEO Premium plugin v18.4 (Yoast SEO v18.8) - https:\/\/yoast.com\/wordpress\/plugins\/seo\/ -->\n<title>Finitions des cabines de douche - Relax srl<\/title>\n<meta name=\"description\" content=\"D\u00e9couvrez les finitions des cabines de douche id\u00e9ales pour votre salle de bain. Ils peuvent correspondre \u00e0 de nombreux styles diff\u00e9rents.\" \/>\n<meta name=\"robots\" content=\"index, follow, max-snippet:-1, max-image-preview:large, max-video-preview:-1\" \/>\n<link rel=\"canonical\" href=\"https:\/\/relaxsrl.com\/fr\/finitions-des-cabines-de-douche\/\" \/>\n<meta property=\"og:locale\" content=\"fr_FR\" \/>\n<meta property=\"og:type\" content=\"article\" \/>\n<meta property=\"og:title\" content=\"Finitions des cabines de douche - Relax srl\" \/>\n<meta property=\"og:description\" content=\"D\u00e9couvrez les finitions des cabines de douche id\u00e9ales pour votre salle de bain. Ils peuvent correspondre \u00e0 de nombreux styles diff\u00e9rents.\" \/>\n<meta property=\"og:url\" content=\"https:\/\/relaxsrl.com\/fr\/finitions-des-cabines-de-douche\/\" \/>\n<meta property=\"og:site_name\" content=\"Relax srl\" \/>\n<meta property=\"article:modified_time\" content=\"2025-09-09T12:38:09+00:00\" \/>\n<meta property=\"og:image\" content=\"https:\/\/relaxsrl.com\/website\/wp-content\/uploads\/2022\/02\/Brillantato.jpg\" \/>\n\t<meta property=\"og:image:width\" content=\"800\" \/>\n\t<meta property=\"og:image:height\" content=\"800\" \/>\n\t<meta property=\"og:image:type\" content=\"image\/jpeg\" \/>\n<meta name=\"twitter:card\" content=\"summary_large_image\" \/>\n<meta name=\"twitter:label1\" content=\"Dur\u00e9e de lecture estim\u00e9e\" \/>\n\t<meta name=\"twitter:data1\" content=\"3 minutes\" \/>\n<script type=\"application\/ld+json\" class=\"yoast-schema-graph\">{\"@context\":\"https:\/\/schema.org\",\"@graph\":[{\"@type\":\"WebSite\",\"@id\":\"https:\/\/relaxsrl.com\/#website\",\"url\":\"https:\/\/relaxsrl.com\/\",\"name\":\"Relax srl\",\"description\":\"\",\"potentialAction\":[{\"@type\":\"SearchAction\",\"target\":{\"@type\":\"EntryPoint\",\"urlTemplate\":\"https:\/\/relaxsrl.com\/?s={search_term_string}\"},\"query-input\":\"required name=search_term_string\"}],\"inLanguage\":\"fr-FR\"},{\"@type\":\"ImageObject\",\"inLanguage\":\"fr-FR\",\"@id\":\"https:\/\/relaxsrl.com\/fr\/finitions-des-cabines-de-douche\/#primaryimage\",\"url\":\"https:\/\/relaxsrl.com\/website\/wp-content\/uploads\/2022\/02\/Brillantato.jpg\",\"contentUrl\":\"https:\/\/relaxsrl.com\/website\/wp-content\/uploads\/2022\/02\/Brillantato.jpg\",\"width\":800,\"height\":800,\"caption\":\"Finitura alluminio colore cromato brillantato\"},{\"@type\":\"WebPage\",\"@id\":\"https:\/\/relaxsrl.com\/fr\/finitions-des-cabines-de-douche\/#webpage\",\"url\":\"https:\/\/relaxsrl.com\/fr\/finitions-des-cabines-de-douche\/\",\"name\":\"Finitions des cabines de douche - Relax srl\",\"isPartOf\":{\"@id\":\"https:\/\/relaxsrl.com\/#website\"},\"primaryImageOfPage\":{\"@id\":\"https:\/\/relaxsrl.com\/fr\/finitions-des-cabines-de-douche\/#primaryimage\"},\"datePublished\":\"2021-11-18T15:41:22+00:00\",\"dateModified\":\"2025-09-09T12:38:09+00:00\",\"description\":\"D\u00e9couvrez les finitions des cabines de douche id\u00e9ales pour votre salle de bain. Ils peuvent correspondre \u00e0 de nombreux styles diff\u00e9rents.\",\"breadcrumb\":{\"@id\":\"https:\/\/relaxsrl.com\/fr\/finitions-des-cabines-de-douche\/#breadcrumb\"},\"inLanguage\":\"fr-FR\",\"potentialAction\":[{\"@type\":\"ReadAction\",\"target\":[\"https:\/\/relaxsrl.com\/fr\/finitions-des-cabines-de-douche\/\"]}]},{\"@type\":\"BreadcrumbList\",\"@id\":\"https:\/\/relaxsrl.com\/fr\/finitions-des-cabines-de-douche\/#breadcrumb\",\"itemListElement\":[{\"@type\":\"ListItem\",\"position\":1,\"name\":\"Finitions des cabines de douche\"}]}]}<\/script>\n<!-- \/ Yoast SEO Premium plugin. -->","yoast_head_json":{"title":"Finitions des cabines de douche - Relax srl","description":"D\u00e9couvrez les finitions des cabines de douche id\u00e9ales pour votre salle de bain. Ils peuvent correspondre \u00e0 de nombreux styles diff\u00e9rents.","robots":{"index":"index","follow":"follow","max-snippet":"max-snippet:-1","max-image-preview":"max-image-preview:large","max-video-preview":"max-video-preview:-1"},"canonical":"https:\/\/relaxsrl.com\/fr\/finitions-des-cabines-de-douche\/","og_locale":"fr_FR","og_type":"article","og_title":"Finitions des cabines de douche - Relax srl","og_description":"D\u00e9couvrez les finitions des cabines de douche id\u00e9ales pour votre salle de bain. Ils peuvent correspondre \u00e0 de nombreux styles diff\u00e9rents.","og_url":"https:\/\/relaxsrl.com\/fr\/finitions-des-cabines-de-douche\/","og_site_name":"Relax srl","article_modified_time":"2025-09-09T12:38:09+00:00","og_image":[{"width":800,"height":800,"url":"https:\/\/relaxsrl.com\/website\/wp-content\/uploads\/2022\/02\/Brillantato.jpg","type":"image\/jpeg"}],"twitter_card":"summary_large_image","twitter_misc":{"Dur\u00e9e de lecture estim\u00e9e":"3 minutes"},"schema":{"@context":"https:\/\/schema.org","@graph":[{"@type":"WebSite","@id":"https:\/\/relaxsrl.com\/#website","url":"https:\/\/relaxsrl.com\/","name":"Relax srl","description":"","potentialAction":[{"@type":"SearchAction","target":{"@type":"EntryPoint","urlTemplate":"https:\/\/relaxsrl.com\/?s={search_term_string}"},"query-input":"required name=search_term_string"}],"inLanguage":"fr-FR"},{"@type":"ImageObject","inLanguage":"fr-FR","@id":"https:\/\/relaxsrl.com\/fr\/finitions-des-cabines-de-douche\/#primaryimage","url":"https:\/\/relaxsrl.com\/website\/wp-content\/uploads\/2022\/02\/Brillantato.jpg","contentUrl":"https:\/\/relaxsrl.com\/website\/wp-content\/uploads\/2022\/02\/Brillantato.jpg","width":800,"height":800,"caption":"Finitura alluminio colore cromato brillantato"},{"@type":"WebPage","@id":"https:\/\/relaxsrl.com\/fr\/finitions-des-cabines-de-douche\/#webpage","url":"https:\/\/relaxsrl.com\/fr\/finitions-des-cabines-de-douche\/","name":"Finitions des cabines de douche - Relax srl","isPartOf":{"@id":"https:\/\/relaxsrl.com\/#website"},"primaryImageOfPage":{"@id":"https:\/\/relaxsrl.com\/fr\/finitions-des-cabines-de-douche\/#primaryimage"},"datePublished":"2021-11-18T15:41:22+00:00","dateModified":"2025-09-09T12:38:09+00:00","description":"D\u00e9couvrez les finitions des cabines de douche id\u00e9ales pour votre salle de bain. Ils peuvent correspondre \u00e0 de nombreux styles diff\u00e9rents.","breadcrumb":{"@id":"https:\/\/relaxsrl.com\/fr\/finitions-des-cabines-de-douche\/#breadcrumb"},"inLanguage":"fr-FR","potentialAction":[{"@type":"ReadAction","target":["https:\/\/relaxsrl.com\/fr\/finitions-des-cabines-de-douche\/"]}]},{"@type":"BreadcrumbList","@id":"https:\/\/relaxsrl.com\/fr\/finitions-des-cabines-de-douche\/#breadcrumb","itemListElement":[{"@type":"ListItem","position":1,"name":"Finitions des cabines de douche"}]}]}},"_links":{"self":[{"href":"https:\/\/relaxsrl.com\/fr\/wp-json\/wp\/v2\/pages\/11385"}],"collection":[{"href":"https:\/\/relaxsrl.com\/fr\/wp-json\/wp\/v2\/pages"}],"about":[{"href":"https:\/\/relaxsrl.com\/fr\/wp-json\/wp\/v2\/types\/page"}],"author":[{"embeddable":true,"href":"https:\/\/relaxsrl.com\/fr\/wp-json\/wp\/v2\/users\/3"}],"replies":[{"embeddable":true,"href":"https:\/\/relaxsrl.com\/fr\/wp-json\/wp\/v2\/comments?post=11385"}],"version-history":[{"count":11,"href":"https:\/\/relaxsrl.com\/fr\/wp-json\/wp\/v2\/pages\/11385\/revisions"}],"predecessor-version":[{"id":31974,"href":"https:\/\/relaxsrl.com\/fr\/wp-json\/wp\/v2\/pages\/11385\/revisions\/31974"}],"wp:featuredmedia":[{"embeddable":true,"href":"https:\/\/relaxsrl.com\/fr\/wp-json\/wp\/v2\/media\/18545"}],"wp:attachment":[{"href":"https:\/\/relaxsrl.com\/fr\/wp-json\/wp\/v2\/media?parent=11385"}],"curies":[{"name":"wp","href":"https:\/\/api.w.org\/{rel}","templated":true}]}}