{"id":11389,"date":"2021-11-18T17:03:31","date_gmt":"2021-11-18T16:03:31","guid":{"rendered":"http:\/\/relaxsrl.com\/sur-mesure\/"},"modified":"2023-10-23T16:04:54","modified_gmt":"2023-10-23T14:04:54","slug":"sur-mesure","status":"publish","type":"page","link":"https:\/\/relaxsrl.com\/fr\/sur-mesure\/","title":{"rendered":"Sur mesure"},"content":{"rendered":"<p>[vc_row full_width=\u00a0\u00bbstretch_row\u00a0\u00bb content_placement=\u00a0\u00bbmiddle\u00a0\u00bb el_class=\u00a0\u00bbintro-row\u00a0\u00bb][vc_column][vc_column_text]<\/p>\n<h1>Sur mesure<\/h1>\n<p>[\/vc_column_text][\/vc_column][\/vc_row][vc_row el_class=\u00a0\u00bbrow-path\u00a0\u00bb][vc_column][vc_column_text][\/vc_column_text][\/vc_column][\/vc_row][vc_row][vc_column width=\u00a0\u00bb1\/6&Prime;][\/vc_column][vc_column width=\u00a0\u00bb2\/3&Prime;][vc_column_text el_class=\u00a0\u00bbtxt-blue abstract weight500&Prime;]Les cabines de douche Relax peuvent \u00eatre r\u00e9alis\u00e9es sur mesure en hauteur, largeur et profondeur. Nous r\u00e9solvons des situations typiques telles que le grenier, les fen\u00eatres, les murs ou d&rsquo;autres situations particuli\u00e8res. Nous pouvons \u00e9galement proposer des solutions avec des profils sp\u00e9ciaux pour \u00e9viter le sur-mesure, afin de gagner du temps et de l&rsquo;argent.[\/vc_column_text][vc_empty_space height=\u00a0\u00bb35px\u00a0\u00bb][\/vc_column][\/vc_row][vc_row][vc_column width=\u00a0\u00bb1\/6&Prime;][\/vc_column][vc_column width=\u00a0\u00bb2\/3&Prime;][vc_column_text]<\/p>\n<h2>Personnalisation totale<\/h2>\n<p>Une solution sur mesure doit \u00eatre capable de r\u00e9soudre des situations complexes, en mettant en valeur la salle de bain et les espaces environnants. Pour cette raison, nous donnons \u00e0 nos clients la possibilit\u00e9 d&rsquo;utiliser des <strong> coupes de verre sp\u00e9ciales <\/strong> afin qu&rsquo;elles s&rsquo;int\u00e8grent parfaitement dans le contexte d&rsquo;ameublement choisi.[\/vc_column_text][vc_empty_space height=\u00a0\u00bb40px\u00a0\u00bb][\/vc_column][\/vc_row][vc_row][vc_column width=\u00a0\u00bb1\/6&Prime;][\/vc_column][vc_column width=\u00a0\u00bb2\/3&Prime;][vc_column_text]<\/p>\n<h2>Trouver la solution<\/h2>\n<p>Pendant des ann\u00e9es, nous avons analys\u00e9 diff\u00e9rents types de salle de bain, proposant rapidement une solution adapt\u00e9e \u00e0 chacun d&rsquo;eux avec nos produits. Et pour les situations les plus difficiles, nous avons invent\u00e9 une solution : c&rsquo;est le cas de <a href=\"http:\/\/relaxsrl.com\/fr\/produit\/oblique-mv\/\"> Oblique MV<\/a>, l&rsquo;\u00e9tag\u00e8re qui supporte la box douche sans l&rsquo;utilisation d&rsquo;une barre de support, optimale quand j&rsquo;ai la fen\u00eatre qui m&#8217;emp\u00eache de la fixer.[\/vc_column_text][vc_empty_space height=\u00a0\u00bb100px\u00a0\u00bb][\/vc_column][\/vc_row]<\/p>\n","protected":false},"excerpt":{"rendered":"<p>[vc_row full_width=\u00a0\u00bbstretch_row\u00a0\u00bb content_placement=\u00a0\u00bbmiddle\u00a0\u00bb el_class=\u00a0\u00bbintro-row\u00a0\u00bb][vc_column][vc_column_text] Sur mesure [\/vc_column_text][\/vc_column][\/vc_row][vc_row el_class=\u00a0\u00bbrow-path\u00a0\u00bb][vc_column][vc_column_text][\/vc_column_text][\/vc_column][\/vc_row][vc_row][vc_column width=\u00a0\u00bb1\/6&Prime;][\/vc_column][vc_column width=\u00a0\u00bb2\/3&Prime;][vc_column_text el_class=\u00a0\u00bbtxt-blue abstract weight500&Prime;]Les cabines de douche Relax peuvent \u00eatre r\u00e9alis\u00e9es sur mesure en hauteur, largeur et profondeur. Nous r\u00e9solvons des situations typiques telles que le grenier, les fen\u00eatres, les murs ou d&rsquo;autres situations particuli\u00e8res. Nous pouvons \u00e9galement proposer des solutions avec des profils sp\u00e9ciaux pour [&hellip;]<\/p>\n","protected":false},"author":3,"featured_media":9128,"parent":0,"menu_order":0,"comment_status":"closed","ping_status":"closed","template":"","meta":[],"acf":[],"yoast_head":"<!-- This site is optimized with the Yoast SEO Premium plugin v18.4 (Yoast SEO v18.8) - https:\/\/yoast.com\/wordpress\/plugins\/seo\/ -->\n<title>Sur mesure - Relax srl<\/title>\n<meta name=\"description\" content=\"D\u00e9couvrez les solutions Relax personnalis\u00e9es con\u00e7ues sp\u00e9cifiquement pour votre salle de bain. En savoir plus.\" \/>\n<meta name=\"robots\" content=\"index, follow, max-snippet:-1, max-image-preview:large, max-video-preview:-1\" \/>\n<link rel=\"canonical\" href=\"https:\/\/relaxsrl.com\/fr\/sur-mesure\/\" \/>\n<meta property=\"og:locale\" content=\"fr_FR\" \/>\n<meta property=\"og:type\" content=\"article\" \/>\n<meta property=\"og:title\" content=\"Sur mesure - Relax srl\" \/>\n<meta property=\"og:description\" content=\"D\u00e9couvrez les solutions Relax personnalis\u00e9es con\u00e7ues sp\u00e9cifiquement pour votre salle de bain. En savoir plus.\" \/>\n<meta property=\"og:url\" content=\"https:\/\/relaxsrl.com\/fr\/sur-mesure\/\" \/>\n<meta property=\"og:site_name\" content=\"Relax srl\" \/>\n<meta property=\"article:modified_time\" content=\"2023-10-23T14:04:54+00:00\" \/>\n<meta property=\"og:image\" content=\"https:\/\/relaxsrl.com\/website\/wp-content\/uploads\/2021\/10\/Senza-titolo-2.jpg\" \/>\n\t<meta property=\"og:image:width\" content=\"961\" \/>\n\t<meta property=\"og:image:height\" content=\"660\" \/>\n\t<meta property=\"og:image:type\" content=\"image\/jpeg\" \/>\n<meta name=\"twitter:card\" content=\"summary_large_image\" \/>\n<meta name=\"twitter:label1\" content=\"Dur\u00e9e de lecture estim\u00e9e\" \/>\n\t<meta name=\"twitter:data1\" content=\"2 minutes\" \/>\n<script type=\"application\/ld+json\" class=\"yoast-schema-graph\">{\"@context\":\"https:\/\/schema.org\",\"@graph\":[{\"@type\":\"WebSite\",\"@id\":\"https:\/\/relaxsrl.com\/#website\",\"url\":\"https:\/\/relaxsrl.com\/\",\"name\":\"Relax srl\",\"description\":\"\",\"potentialAction\":[{\"@type\":\"SearchAction\",\"target\":{\"@type\":\"EntryPoint\",\"urlTemplate\":\"https:\/\/relaxsrl.com\/?s={search_term_string}\"},\"query-input\":\"required name=search_term_string\"}],\"inLanguage\":\"fr-FR\"},{\"@type\":\"ImageObject\",\"inLanguage\":\"fr-FR\",\"@id\":\"https:\/\/relaxsrl.com\/fr\/sur-mesure\/#primaryimage\",\"url\":\"https:\/\/relaxsrl.com\/website\/wp-content\/uploads\/2021\/10\/Senza-titolo-2.jpg\",\"contentUrl\":\"https:\/\/relaxsrl.com\/website\/wp-content\/uploads\/2021\/10\/Senza-titolo-2.jpg\",\"width\":961,\"height\":660,\"caption\":\"Cabine de douche sur mesure au-dessus d'un muret\"},{\"@type\":\"WebPage\",\"@id\":\"https:\/\/relaxsrl.com\/fr\/sur-mesure\/#webpage\",\"url\":\"https:\/\/relaxsrl.com\/fr\/sur-mesure\/\",\"name\":\"Sur mesure - Relax srl\",\"isPartOf\":{\"@id\":\"https:\/\/relaxsrl.com\/#website\"},\"primaryImageOfPage\":{\"@id\":\"https:\/\/relaxsrl.com\/fr\/sur-mesure\/#primaryimage\"},\"datePublished\":\"2021-11-18T16:03:31+00:00\",\"dateModified\":\"2023-10-23T14:04:54+00:00\",\"description\":\"D\u00e9couvrez les solutions Relax personnalis\u00e9es con\u00e7ues sp\u00e9cifiquement pour votre salle de bain. En savoir plus.\",\"breadcrumb\":{\"@id\":\"https:\/\/relaxsrl.com\/fr\/sur-mesure\/#breadcrumb\"},\"inLanguage\":\"fr-FR\",\"potentialAction\":[{\"@type\":\"ReadAction\",\"target\":[\"https:\/\/relaxsrl.com\/fr\/sur-mesure\/\"]}]},{\"@type\":\"BreadcrumbList\",\"@id\":\"https:\/\/relaxsrl.com\/fr\/sur-mesure\/#breadcrumb\",\"itemListElement\":[{\"@type\":\"ListItem\",\"position\":1,\"name\":\"Sur mesure\"}]}]}<\/script>\n<!-- \/ Yoast SEO Premium plugin. -->","yoast_head_json":{"title":"Sur mesure - Relax srl","description":"D\u00e9couvrez les solutions Relax personnalis\u00e9es con\u00e7ues sp\u00e9cifiquement pour votre salle de bain. En savoir plus.","robots":{"index":"index","follow":"follow","max-snippet":"max-snippet:-1","max-image-preview":"max-image-preview:large","max-video-preview":"max-video-preview:-1"},"canonical":"https:\/\/relaxsrl.com\/fr\/sur-mesure\/","og_locale":"fr_FR","og_type":"article","og_title":"Sur mesure - Relax srl","og_description":"D\u00e9couvrez les solutions Relax personnalis\u00e9es con\u00e7ues sp\u00e9cifiquement pour votre salle de bain. En savoir plus.","og_url":"https:\/\/relaxsrl.com\/fr\/sur-mesure\/","og_site_name":"Relax srl","article_modified_time":"2023-10-23T14:04:54+00:00","og_image":[{"width":961,"height":660,"url":"https:\/\/relaxsrl.com\/website\/wp-content\/uploads\/2021\/10\/Senza-titolo-2.jpg","type":"image\/jpeg"}],"twitter_card":"summary_large_image","twitter_misc":{"Dur\u00e9e de lecture estim\u00e9e":"2 minutes"},"schema":{"@context":"https:\/\/schema.org","@graph":[{"@type":"WebSite","@id":"https:\/\/relaxsrl.com\/#website","url":"https:\/\/relaxsrl.com\/","name":"Relax srl","description":"","potentialAction":[{"@type":"SearchAction","target":{"@type":"EntryPoint","urlTemplate":"https:\/\/relaxsrl.com\/?s={search_term_string}"},"query-input":"required name=search_term_string"}],"inLanguage":"fr-FR"},{"@type":"ImageObject","inLanguage":"fr-FR","@id":"https:\/\/relaxsrl.com\/fr\/sur-mesure\/#primaryimage","url":"https:\/\/relaxsrl.com\/website\/wp-content\/uploads\/2021\/10\/Senza-titolo-2.jpg","contentUrl":"https:\/\/relaxsrl.com\/website\/wp-content\/uploads\/2021\/10\/Senza-titolo-2.jpg","width":961,"height":660,"caption":"Cabine de douche sur mesure au-dessus d'un muret"},{"@type":"WebPage","@id":"https:\/\/relaxsrl.com\/fr\/sur-mesure\/#webpage","url":"https:\/\/relaxsrl.com\/fr\/sur-mesure\/","name":"Sur mesure - Relax srl","isPartOf":{"@id":"https:\/\/relaxsrl.com\/#website"},"primaryImageOfPage":{"@id":"https:\/\/relaxsrl.com\/fr\/sur-mesure\/#primaryimage"},"datePublished":"2021-11-18T16:03:31+00:00","dateModified":"2023-10-23T14:04:54+00:00","description":"D\u00e9couvrez les solutions Relax personnalis\u00e9es con\u00e7ues sp\u00e9cifiquement pour votre salle de bain. En savoir plus.","breadcrumb":{"@id":"https:\/\/relaxsrl.com\/fr\/sur-mesure\/#breadcrumb"},"inLanguage":"fr-FR","potentialAction":[{"@type":"ReadAction","target":["https:\/\/relaxsrl.com\/fr\/sur-mesure\/"]}]},{"@type":"BreadcrumbList","@id":"https:\/\/relaxsrl.com\/fr\/sur-mesure\/#breadcrumb","itemListElement":[{"@type":"ListItem","position":1,"name":"Sur mesure"}]}]}},"_links":{"self":[{"href":"https:\/\/relaxsrl.com\/fr\/wp-json\/wp\/v2\/pages\/11389"}],"collection":[{"href":"https:\/\/relaxsrl.com\/fr\/wp-json\/wp\/v2\/pages"}],"about":[{"href":"https:\/\/relaxsrl.com\/fr\/wp-json\/wp\/v2\/types\/page"}],"author":[{"embeddable":true,"href":"https:\/\/relaxsrl.com\/fr\/wp-json\/wp\/v2\/users\/3"}],"replies":[{"embeddable":true,"href":"https:\/\/relaxsrl.com\/fr\/wp-json\/wp\/v2\/comments?post=11389"}],"version-history":[{"count":5,"href":"https:\/\/relaxsrl.com\/fr\/wp-json\/wp\/v2\/pages\/11389\/revisions"}],"predecessor-version":[{"id":24054,"href":"https:\/\/relaxsrl.com\/fr\/wp-json\/wp\/v2\/pages\/11389\/revisions\/24054"}],"wp:featuredmedia":[{"embeddable":true,"href":"https:\/\/relaxsrl.com\/fr\/wp-json\/wp\/v2\/media\/9128"}],"wp:attachment":[{"href":"https:\/\/relaxsrl.com\/fr\/wp-json\/wp\/v2\/media?parent=11389"}],"curies":[{"name":"wp","href":"https:\/\/api.w.org\/{rel}","templated":true}]}}