{"id":11392,"date":"2021-11-18T17:49:31","date_gmt":"2021-11-18T16:49:31","guid":{"rendered":"http:\/\/relaxsrl.com\/aide-au-choix\/"},"modified":"2024-11-18T11:23:52","modified_gmt":"2024-11-18T10:23:52","slug":"aide-au-choix","status":"publish","type":"page","link":"https:\/\/relaxsrl.com\/fr\/aide-au-choix\/","title":{"rendered":"Aide au choix"},"content":{"rendered":"<p>[vc_row full_width=\u00a0\u00bbstretch_row\u00a0\u00bb content_placement=\u00a0\u00bbmiddle\u00a0\u00bb el_class=\u00a0\u00bbintro-row intro-row-grey\u00a0\u00bb][vc_column width=\u00a0\u00bb5\/12&Prime;][vc_column_text]<\/p>\n<h1>Aide au choix de la cabine de douche<\/h1>\n<p>[\/vc_column_text][\/vc_column][vc_column width=\u00a0\u00bb7\/12&Prime;][vc_column_text el_class=\u00a0\u00bbabstract\u00a0\u00bb]Avec cette section pour aide au choix des cabines de douche, nous vous donnons les informations les plus utiles pour faire un choix \u00e9clair\u00e9, \u00e9viter les erreurs et s\u00e9lectionner la paroi de douche qui correspond \u00e0 vos besoins.[\/vc_column_text][\/vc_column][\/vc_row][vc_row el_class=\u00a0\u00bbrow-path\u00a0\u00bb][vc_column][vc_column_text][\/vc_column_text][\/vc_column][\/vc_row][vc_row][vc_column width=\u00a0\u00bb1\/3&Prime; css=\u00a0\u00bb.vc_custom_1629963014738{padding-right: 40px !important;}\u00a0\u00bb el_class=\u00a0\u00bbguida-alla-scelta-col\u00a0\u00bb][vc_column_text]<\/p>\n<h3>Types de cabines de douche<\/h3>\n<div class=\"divider-blue\"><\/div>\n<p>Le aide au choix des cabines de douche est esth\u00e9tique et pratique, en se rappelant que diff\u00e9rents types sont adapt\u00e9s \u00e0 des besoins et des espaces diff\u00e9rents.<\/p>\n<ul>\n<li><a href=\"http:\/\/relaxsrl.com\/fr\/aide-au-choix\/cabine-de-douche-paroi-fixe\/\">Paroie fixe<\/a><\/li>\n<li><a href=\"http:\/\/relaxsrl.com\/fr\/aide-au-choix\/cabine-de-douche-dangle\/\">Angulaire<\/a><\/li>\n<li><a href=\"http:\/\/relaxsrl.com\/fr\/aide-au-choix\/cabine-de-douche-en-niche\/\">Niche<\/a><\/li>\n<li><a href=\"http:\/\/relaxsrl.com\/fr\/aide-au-choix\/cabine-de-douche-semi-circulaire\/\">Semi-circulaire<\/a><\/li>\n<li><a href=\"http:\/\/relaxsrl.com\/fr\/aide-au-choix\/cabine-de-douche-trois-cotes\/\">3 c\u00f4t\u00e9s<\/a><\/li>\n<li><a href=\"http:\/\/relaxsrl.com\/fr\/aide-au-choix\/au-dessus-de-la-baignoire\/\">Au dessus de la baignoire<\/a><\/li>\n<li><a href=\"http:\/\/relaxsrl.com\/fr\/aide-au-choix\/pour-les-personnes-handicapees-ou-agees\/\">Pour les personnes handicap\u00e9es ou \u00e2g\u00e9es <\/a><\/li>\n<li><a href=\"http:\/\/relaxsrl.com\/fr\/aide-au-choix\/cabine-de-douche-sur-mesure\/\">Sur Mesure<\/a><\/li>\n<li><a href=\"http:\/\/relaxsrl.com\/fr\/aide-au-choix\/cabine-de-douche-a-quatre-cotes\/\">4 c\u00f4t\u00e9s<\/a><\/li>\n<\/ul>\n<p>[\/vc_column_text][\/vc_column][vc_column width=\u00a0\u00bb1\/3&Prime; css=\u00a0\u00bb.vc_custom_1629963085231{padding-right: 40px !important;}\u00a0\u00bb el_class=\u00a0\u00bbguida-alla-scelta-col\u00a0\u00bb][vc_column_text el_class=\u00a0\u00bbguida-alla-scelta-txt\u00a0\u00bb]<\/p>\n<h3>Ouverture de la cabine de douche<\/h3>\n<div class=\"divider-blue\"><\/div>\n<p>Les portes des cabines de douche sont au nombre de cinq, certaines connues sous diff\u00e9rents noms. La douche \u00e0 l\u2019italienne ne n\u00e9cessite pas d\u2019ouverture.<\/p>\n<ul>\n<li><a href=\"http:\/\/relaxsrl.com\/guida-alla-scelta\/box-doccia-con-anta-a-battente\/\">Battante<\/a><\/li>\n<li><a href=\"http:\/\/relaxsrl.com\/fr\/aide-au-choix\/cabine-de-douche-avec-porte-pivotante\/\">Pivotante<\/a><\/li>\n<li><a href=\"http:\/\/relaxsrl.com\/fr\/aide-au-choix\/cabine-de-douche-avec-porte-saloon\/\">Saloon<\/a><\/li>\n<li><a href=\"http:\/\/relaxsrl.com\/fr\/aide-au-choix\/cabine-de-douche-avec-porte-coulissante\/\">Coulissante<\/a><\/li>\n<li><a href=\"http:\/\/relaxsrl.com\/fr\/aide-au-choix\/cabine-de-douche-avec-porte-pliable\/\">Pliable<\/a><\/li>\n<\/ul>\n<p>[\/vc_column_text][\/vc_column][vc_column width=\u00a0\u00bb1\/3&Prime; css=\u00a0\u00bb.vc_custom_1629963103728{padding-right: 40px !important;}\u00a0\u00bb el_class=\u00a0\u00bbguida-alla-scelta-col\u00a0\u00bb][vc_column_text el_class=\u00a0\u00bbguida-alla-scelta-txt\u00a0\u00bb]<\/p>\n<h3>Mat\u00e9riaux et finitions pour cabine de douche<\/h3>\n<div class=\"divider-blue\"><\/div>\n<p>Les cabines de douche de qualit\u00e9 ont des murs en verre, dans plusieurs finitions, et sont compl\u00e9t\u00e9es par des profils en diff\u00e9rents mat\u00e9riaux.<\/p>\n<ul>\n<li><a href=\"http:\/\/relaxsrl.com\/fr\/aide-au-choix\/cabine-de-douche-en-verre\/\">Verre<\/a><\/li>\n<li><a href=\"http:\/\/relaxsrl.com\/fr\/aide-au-choix\/finitions-en-verre-pour-parois-de-douche\/\">Finitions verre<\/a><\/li>\n<li><a href=\"http:\/\/relaxsrl.com\/fr\/aide-au-choix\/profils-pour-cabine-de-douche\/\">Profils<\/a><\/li>\n<li><a href=\"http:\/\/relaxsrl.com\/fr\/aide-au-choix\/finitions-de-profiles-pour-parois-de-douche\/\">Finitions profils<\/a><\/li>\n<\/ul>\n<p>[\/vc_column_text][\/vc_column][\/vc_row][vc_row][vc_column width=\u00a0\u00bb1\/3&Prime; css=\u00a0\u00bb.vc_custom_1629963201496{padding-right: 40px !important;}\u00a0\u00bb el_class=\u00a0\u00bbguida-alla-scelta-col\u00a0\u00bb][vc_column_text el_class=\u00a0\u00bbguida-alla-scelta-txt\u00a0\u00bb]<\/p>\n<h3>Styles et cabine de douche<\/h3>\n<div class=\"divider-blue\"><\/div>\n<p>Comment ins\u00e9rer une cabine de douche dans une salle de bain qui a d\u00e9j\u00e0 son propre style? Quelques suggestions pour personnaliser le v\u00f4tre avec notre aide au choix.<\/p>\n<ul>\n<li><a href=\"http:\/\/relaxsrl.com\/fr\/aide-au-choix\/cabine-de-douche-design\/\">Cabine de douche de Design <\/a><\/li>\n<li><a href=\"http:\/\/relaxsrl.com\/guida-alla-scelta\/box-doccia-eleganti\/\">Cabine de douche El\u00e9gante <\/a><\/li>\n<li><a href=\"http:\/\/relaxsrl.com\/guida-alla-scelta\/box-doccia-lineare\/\">Cabine de douche lin\u00e9aire <\/a><\/li>\n<li><a href=\"http:\/\/relaxsrl.com\/fr\/aide-au-choix\/cabine-de-douche-industrielle\/\">Cabine de douche industrielle <\/a><\/li>\n<\/ul>\n<p>[\/vc_column_text][\/vc_column][vc_column width=\u00a0\u00bb1\/3&Prime; css=\u00a0\u00bb.vc_custom_1629963238798{padding-right: 40px !important;}\u00a0\u00bb el_class=\u00a0\u00bbguida-alla-scelta-col\u00a0\u00bb][vc_column_text el_class=\u00a0\u00bbguida-alla-scelta-txt\u00a0\u00bb]<\/p>\n<h3>Dimensions<\/h3>\n<div class=\"divider-blue\"><\/div>\n<p>Les cabines de douche sont pour la plupart personnalisables dans les dimensions et les finitions. Les solutions standards permettent d\u00e9j\u00e0 diff\u00e9rentes solutions.<\/p>\n<ul>\n<li><a href=\"http:\/\/relaxsrl.com\/fr\/aide-au-choix\/grande-cabine-de-douche\/\">Grande cabine de douche<\/a><\/li>\n<li><a href=\"http:\/\/relaxsrl.com\/fr\/aide-au-choix\/cabine-de-douche-x-2\/\">Cabine de douche pour 2<\/a><\/li>\n<li><a href=\"http:\/\/relaxsrl.com\/guida-alla-scelta\/cabina-doccia-piccola\/\">Cabine de douche petite<\/a><\/li>\n<li><a href=\"http:\/\/relaxsrl.com\/fr\/aide-au-choix\/cabine-de-douche-peu-encombrante\/\">Cabine de douche \u00c9conomie d\u2019espace<\/a><\/li>\n<\/ul>\n<p>[\/vc_column_text][\/vc_column][vc_column width=\u00a0\u00bb1\/3&Prime; css=\u00a0\u00bb.vc_custom_1629963244261{padding-right: 40px !important;}\u00a0\u00bb el_class=\u00a0\u00bbguida-alla-scelta-col\u00a0\u00bb][vc_column_text el_class=\u00a0\u00bbguida-alla-scelta-txt\u00a0\u00bb]<\/p>\n<h3>Aide au choix des cabines de douche: \u00c0 SAVOIR<\/h3>\n<div class=\"divider-blue\"><\/div>\n<ul style=\"margin-top: 25px;\">\n<li><a href=\"http:\/\/relaxsrl.com\/fr\/assistance-technique\/faq\/#faq-3\">Quelles sont les mesures n\u00e9cessaires pour commander une cabine de douche?<\/a><\/li>\n<li><a href=\"http:\/\/relaxsrl.com\/fr\/assistance-technique\/faq\/#faq-5\">Quand dois-je prendre les mesures pour commander la cabine de douche ?<\/a><\/li>\n<li><a href=\"http:\/\/relaxsrl.com\/fr\/assistance-technique\/faq\/#faq-6\">Quel est le troisi\u00e8me c\u00f4t\u00e9 fixe ?<\/a><\/li>\n<li><a href=\"http:\/\/relaxsrl.com\/fr\/assistance-technique\/faq\/#faq-7\">Qu&rsquo;est-ce que le traitement anti-calcaire?<\/a><\/li>\n<li><a href=\"http:\/\/relaxsrl.com\/fr\/assistance-technique\/faq\/#faq-8\">Que signifie \u00ab douche sp\u00e9ciale \u00bb ?<\/a><\/li>\n<li><a href=\"http:\/\/relaxsrl.com\/fr\/assistance-technique\/faq\/\">D&rsquo;autres questions?<\/a><\/li>\n<\/ul>\n<p>[\/vc_column_text][\/vc_column][\/vc_row]<\/p>\n","protected":false},"excerpt":{"rendered":"<p>[vc_row full_width=\u00a0\u00bbstretch_row\u00a0\u00bb content_placement=\u00a0\u00bbmiddle\u00a0\u00bb el_class=\u00a0\u00bbintro-row intro-row-grey\u00a0\u00bb][vc_column width=\u00a0\u00bb5\/12&Prime;][vc_column_text] Aide au choix de la cabine de douche [\/vc_column_text][\/vc_column][vc_column width=\u00a0\u00bb7\/12&Prime;][vc_column_text el_class=\u00a0\u00bbabstract\u00a0\u00bb]Avec cette section pour aide au choix des cabines de douche, nous vous donnons les informations les plus utiles pour faire un choix \u00e9clair\u00e9, \u00e9viter les erreurs et s\u00e9lectionner la paroi de douche qui correspond \u00e0 vos besoins.[\/vc_column_text][\/vc_column][\/vc_row][vc_row el_class=\u00a0\u00bbrow-path\u00a0\u00bb][vc_column][vc_column_text][\/vc_column_text][\/vc_column][\/vc_row][vc_row][vc_column [&hellip;]<\/p>\n","protected":false},"author":3,"featured_media":24756,"parent":0,"menu_order":0,"comment_status":"closed","ping_status":"closed","template":"","meta":[],"acf":[],"yoast_head":"<!-- This site is optimized with the Yoast SEO Premium plugin v18.4 (Yoast SEO v18.8) - https:\/\/yoast.com\/wordpress\/plugins\/seo\/ -->\n<title>Aide au choix - Relax srl<\/title>\n<meta name=\"description\" content=\"Le aide au choix des cabines de douche vous aide \u00e0 s\u00e9lectionner la cabine de douche design et de qualit\u00e9 qui correspond \u00e0 vos besoins.\" \/>\n<meta name=\"robots\" content=\"index, follow, max-snippet:-1, max-image-preview:large, max-video-preview:-1\" \/>\n<link rel=\"canonical\" href=\"https:\/\/relaxsrl.com\/fr\/aide-au-choix\/\" \/>\n<meta property=\"og:locale\" content=\"fr_FR\" \/>\n<meta property=\"og:type\" content=\"article\" \/>\n<meta property=\"og:title\" content=\"Aide au choix - Relax srl\" \/>\n<meta property=\"og:description\" content=\"Le aide au choix des cabines de douche vous aide \u00e0 s\u00e9lectionner la cabine de douche design et de qualit\u00e9 qui correspond \u00e0 vos besoins.\" \/>\n<meta property=\"og:url\" content=\"https:\/\/relaxsrl.com\/fr\/aide-au-choix\/\" \/>\n<meta property=\"og:site_name\" content=\"Relax srl\" \/>\n<meta property=\"article:modified_time\" content=\"2024-11-18T10:23:52+00:00\" \/>\n<meta property=\"og:image\" content=\"https:\/\/relaxsrl.com\/website\/wp-content\/uploads\/2022\/11\/Articoli-Blog3-2.jpg\" \/>\n\t<meta property=\"og:image:width\" content=\"730\" \/>\n\t<meta property=\"og:image:height\" content=\"600\" \/>\n\t<meta property=\"og:image:type\" content=\"image\/jpeg\" \/>\n<meta name=\"twitter:card\" content=\"summary_large_image\" \/>\n<meta name=\"twitter:label1\" content=\"Dur\u00e9e de lecture estim\u00e9e\" \/>\n\t<meta name=\"twitter:data1\" content=\"2 minutes\" \/>\n<script type=\"application\/ld+json\" class=\"yoast-schema-graph\">{\"@context\":\"https:\/\/schema.org\",\"@graph\":[{\"@type\":\"WebSite\",\"@id\":\"https:\/\/relaxsrl.com\/#website\",\"url\":\"https:\/\/relaxsrl.com\/\",\"name\":\"Relax srl\",\"description\":\"\",\"potentialAction\":[{\"@type\":\"SearchAction\",\"target\":{\"@type\":\"EntryPoint\",\"urlTemplate\":\"https:\/\/relaxsrl.com\/?s={search_term_string}\"},\"query-input\":\"required name=search_term_string\"}],\"inLanguage\":\"fr-FR\"},{\"@type\":\"ImageObject\",\"inLanguage\":\"fr-FR\",\"@id\":\"https:\/\/relaxsrl.com\/fr\/aide-au-choix\/#primaryimage\",\"url\":\"https:\/\/relaxsrl.com\/website\/wp-content\/uploads\/2022\/11\/Articoli-Blog3-2.jpg\",\"contentUrl\":\"https:\/\/relaxsrl.com\/website\/wp-content\/uploads\/2022\/11\/Articoli-Blog3-2.jpg\",\"width\":730,\"height\":600,\"caption\":\"Scorrimento box doccia anta a soffietto\"},{\"@type\":\"WebPage\",\"@id\":\"https:\/\/relaxsrl.com\/fr\/aide-au-choix\/#webpage\",\"url\":\"https:\/\/relaxsrl.com\/fr\/aide-au-choix\/\",\"name\":\"Aide au choix - Relax srl\",\"isPartOf\":{\"@id\":\"https:\/\/relaxsrl.com\/#website\"},\"primaryImageOfPage\":{\"@id\":\"https:\/\/relaxsrl.com\/fr\/aide-au-choix\/#primaryimage\"},\"datePublished\":\"2021-11-18T16:49:31+00:00\",\"dateModified\":\"2024-11-18T10:23:52+00:00\",\"description\":\"Le aide au choix des cabines de douche vous aide \u00e0 s\u00e9lectionner la cabine de douche design et de qualit\u00e9 qui correspond \u00e0 vos besoins.\",\"breadcrumb\":{\"@id\":\"https:\/\/relaxsrl.com\/fr\/aide-au-choix\/#breadcrumb\"},\"inLanguage\":\"fr-FR\",\"potentialAction\":[{\"@type\":\"ReadAction\",\"target\":[\"https:\/\/relaxsrl.com\/fr\/aide-au-choix\/\"]}]},{\"@type\":\"BreadcrumbList\",\"@id\":\"https:\/\/relaxsrl.com\/fr\/aide-au-choix\/#breadcrumb\",\"itemListElement\":[{\"@type\":\"ListItem\",\"position\":1,\"name\":\"Aide au choix\"}]}]}<\/script>\n<!-- \/ Yoast SEO Premium plugin. -->","yoast_head_json":{"title":"Aide au choix - Relax srl","description":"Le aide au choix des cabines de douche vous aide \u00e0 s\u00e9lectionner la cabine de douche design et de qualit\u00e9 qui correspond \u00e0 vos besoins.","robots":{"index":"index","follow":"follow","max-snippet":"max-snippet:-1","max-image-preview":"max-image-preview:large","max-video-preview":"max-video-preview:-1"},"canonical":"https:\/\/relaxsrl.com\/fr\/aide-au-choix\/","og_locale":"fr_FR","og_type":"article","og_title":"Aide au choix - Relax srl","og_description":"Le aide au choix des cabines de douche vous aide \u00e0 s\u00e9lectionner la cabine de douche design et de qualit\u00e9 qui correspond \u00e0 vos besoins.","og_url":"https:\/\/relaxsrl.com\/fr\/aide-au-choix\/","og_site_name":"Relax srl","article_modified_time":"2024-11-18T10:23:52+00:00","og_image":[{"width":730,"height":600,"url":"https:\/\/relaxsrl.com\/website\/wp-content\/uploads\/2022\/11\/Articoli-Blog3-2.jpg","type":"image\/jpeg"}],"twitter_card":"summary_large_image","twitter_misc":{"Dur\u00e9e de lecture estim\u00e9e":"2 minutes"},"schema":{"@context":"https:\/\/schema.org","@graph":[{"@type":"WebSite","@id":"https:\/\/relaxsrl.com\/#website","url":"https:\/\/relaxsrl.com\/","name":"Relax srl","description":"","potentialAction":[{"@type":"SearchAction","target":{"@type":"EntryPoint","urlTemplate":"https:\/\/relaxsrl.com\/?s={search_term_string}"},"query-input":"required name=search_term_string"}],"inLanguage":"fr-FR"},{"@type":"ImageObject","inLanguage":"fr-FR","@id":"https:\/\/relaxsrl.com\/fr\/aide-au-choix\/#primaryimage","url":"https:\/\/relaxsrl.com\/website\/wp-content\/uploads\/2022\/11\/Articoli-Blog3-2.jpg","contentUrl":"https:\/\/relaxsrl.com\/website\/wp-content\/uploads\/2022\/11\/Articoli-Blog3-2.jpg","width":730,"height":600,"caption":"Scorrimento box doccia anta a soffietto"},{"@type":"WebPage","@id":"https:\/\/relaxsrl.com\/fr\/aide-au-choix\/#webpage","url":"https:\/\/relaxsrl.com\/fr\/aide-au-choix\/","name":"Aide au choix - Relax srl","isPartOf":{"@id":"https:\/\/relaxsrl.com\/#website"},"primaryImageOfPage":{"@id":"https:\/\/relaxsrl.com\/fr\/aide-au-choix\/#primaryimage"},"datePublished":"2021-11-18T16:49:31+00:00","dateModified":"2024-11-18T10:23:52+00:00","description":"Le aide au choix des cabines de douche vous aide \u00e0 s\u00e9lectionner la cabine de douche design et de qualit\u00e9 qui correspond \u00e0 vos besoins.","breadcrumb":{"@id":"https:\/\/relaxsrl.com\/fr\/aide-au-choix\/#breadcrumb"},"inLanguage":"fr-FR","potentialAction":[{"@type":"ReadAction","target":["https:\/\/relaxsrl.com\/fr\/aide-au-choix\/"]}]},{"@type":"BreadcrumbList","@id":"https:\/\/relaxsrl.com\/fr\/aide-au-choix\/#breadcrumb","itemListElement":[{"@type":"ListItem","position":1,"name":"Aide au choix"}]}]}},"_links":{"self":[{"href":"https:\/\/relaxsrl.com\/fr\/wp-json\/wp\/v2\/pages\/11392"}],"collection":[{"href":"https:\/\/relaxsrl.com\/fr\/wp-json\/wp\/v2\/pages"}],"about":[{"href":"https:\/\/relaxsrl.com\/fr\/wp-json\/wp\/v2\/types\/page"}],"author":[{"embeddable":true,"href":"https:\/\/relaxsrl.com\/fr\/wp-json\/wp\/v2\/users\/3"}],"replies":[{"embeddable":true,"href":"https:\/\/relaxsrl.com\/fr\/wp-json\/wp\/v2\/comments?post=11392"}],"version-history":[{"count":7,"href":"https:\/\/relaxsrl.com\/fr\/wp-json\/wp\/v2\/pages\/11392\/revisions"}],"predecessor-version":[{"id":31321,"href":"https:\/\/relaxsrl.com\/fr\/wp-json\/wp\/v2\/pages\/11392\/revisions\/31321"}],"wp:featuredmedia":[{"embeddable":true,"href":"https:\/\/relaxsrl.com\/fr\/wp-json\/wp\/v2\/media\/24756"}],"wp:attachment":[{"href":"https:\/\/relaxsrl.com\/fr\/wp-json\/wp\/v2\/media?parent=11392"}],"curies":[{"name":"wp","href":"https:\/\/api.w.org\/{rel}","templated":true}]}}